{"id":85170,"date":"2026-04-21T18:32:24","date_gmt":"2026-04-21T16:32:24","guid":{"rendered":"https:\/\/www.koonings.com\/product\/sonia-pena-11250028\/"},"modified":"2025-06-05T13:59:29","modified_gmt":"2025-06-05T11:59:29","slug":"sonia-pena-11250028","status":"publish","type":"product","link":"https:\/\/www.koonings.com\/fr\/product\/sonia-pena-11250028\/","title":{"rendered":"Sonia Pena 11250028"},"content":{"rendered":"<p>La robe de cocktail de Sonia Pe\u00f1a est un mod\u00e8le \u00e0 couper le souffle dans une magnifique combinaison de couleurs violet-or-rose. Cette robe longue pr\u00e9sente un d\u00e9collet\u00e9 en V profond et de larges bretelles qui soulignent \u00e9l\u00e9gamment le d\u00e9collet\u00e9. La d\u00e9coration florale frappante sur l&#8217;\u00e9paule gauche, dans les couleurs de la robe, ajoute un \u00e9l\u00e9ment dramatique et romantique \u00e0 l&#8217;ensemble. Cette robe est parfaite pour une occasion chic, o\u00f9 celle qui la porte sera ind\u00e9niablement au centre de l&#8217;attention, gr\u00e2ce \u00e0 sa combinaison de luxe, de sophistication et de design audacieux.   <\/p>\n","protected":false},"featured_media":83387,"template":"","meta":{"_acf_changed":false,"ghostkit_customizer_options":"","ghostkit_custom_css":"","ghostkit_custom_js_head":"","ghostkit_custom_js_foot":"","ghostkit_typography":""},"productdetails":[378],"productneck":[356],"productcolor":[394],"maat":[],"productsupplier":[493],"productsleeve":[359],"productcategory":[259],"productsilhouette":[384],"productstyle":[366,370],"class_list":["post-85170","product","type-product","status-publish","has-post-thumbnail","hentry","productdetails-378","productneck-356","productcolor-394","productsupplier-sonia-pena","productsleeve-359","productcategory-avondkleding","productsilhouette-384","productstyle-366","productstyle-370"],"acf":[],"yoast_head":"<!-- This site is optimized with the Yoast SEO plugin v27.3 - https:\/\/yoast.com\/product\/yoast-seo-wordpress\/ -->\n<title>Sonia Pena 11250028 | Koonings<\/title>\n<meta name=\"description\" content=\"La robe de cocktail de Sonia Pe\u00f1a est un mod\u00e8le \u00e0 couper le souffle dans une magnifique combinaison de couleurs violet-or-rose. Cette robe longue pr\u00e9sente un d\u00e9collet\u00e9 en V profond et de larges bretelles qui soulignent \u00e9l\u00e9gamment le d\u00e9collet\u00e9. La d\u00e9coration florale frappante sur l&#039;\u00e9paule gauche, dans les couleurs de la robe, ajoute un \u00e9l\u00e9ment dramatique et romantique \u00e0 l&#039;ensemble. Cette robe est parfaite pour une occasion chic, o\u00f9 celle qui la porte sera ind\u00e9niablement au centre de l&#039;attention, gr\u00e2ce \u00e0 sa combinaison de luxe, de sophistication et de design audacieux.\" \/>\n<meta name=\"robots\" content=\"index, follow, max-snippet:-1, max-image-preview:large, max-video-preview:-1\" \/>\n<link rel=\"canonical\" href=\"https:\/\/www.koonings.com\/fr\/product\/sonia-pena-11250028\/\" \/>\n<meta property=\"og:locale\" content=\"fr_FR\" \/>\n<meta property=\"og:type\" content=\"article\" \/>\n<meta property=\"og:title\" content=\"Sonia Pena 11250028 | Koonings\" \/>\n<meta property=\"og:description\" content=\"La robe de cocktail de Sonia Pe\u00f1a est un mod\u00e8le \u00e0 couper le souffle dans une magnifique combinaison de couleurs violet-or-rose. Cette robe longue pr\u00e9sente un d\u00e9collet\u00e9 en V profond et de larges bretelles qui soulignent \u00e9l\u00e9gamment le d\u00e9collet\u00e9. La d\u00e9coration florale frappante sur l&#039;\u00e9paule gauche, dans les couleurs de la robe, ajoute un \u00e9l\u00e9ment dramatique et romantique \u00e0 l&#039;ensemble. Cette robe est parfaite pour une occasion chic, o\u00f9 celle qui la porte sera ind\u00e9niablement au centre de l&#039;attention, gr\u00e2ce \u00e0 sa combinaison de luxe, de sophistication et de design audacieux.\" \/>\n<meta property=\"og:url\" content=\"https:\/\/www.koonings.com\/fr\/product\/sonia-pena-11250028\/\" \/>\n<meta property=\"og:site_name\" content=\"Koonings\" \/>\n<meta property=\"article:publisher\" content=\"https:\/\/www.facebook.com\/kooningstheweddingpalace\" \/>\n<meta property=\"og:image\" content=\"https:\/\/www.koonings.com\/wp-content\/uploads\/2025\/04\/49870_742ba840d52f408cfbc43ec892292b9a14da3a5be71dfe9463495ff9f8f2c2fde1377fa4-819x1024.png\" \/>\n\t<meta property=\"og:image:width\" content=\"819\" \/>\n\t<meta property=\"og:image:height\" content=\"1024\" \/>\n\t<meta property=\"og:image:type\" content=\"image\/png\" \/>\n<meta name=\"twitter:card\" content=\"summary_large_image\" \/>\n<script type=\"application\/ld+json\" class=\"yoast-schema-graph\">{\"@context\":\"https:\\\/\\\/schema.org\",\"@graph\":[{\"@type\":\"WebPage\",\"@id\":\"https:\\\/\\\/www.koonings.com\\\/fr\\\/product\\\/sonia-pena-11250028\\\/\",\"url\":\"https:\\\/\\\/www.koonings.com\\\/fr\\\/product\\\/sonia-pena-11250028\\\/\",\"name\":\"Sonia Pena 11250028 | Koonings\",\"isPartOf\":{\"@id\":\"https:\\\/\\\/www.koonings.com\\\/fr\\\/#website\"},\"primaryImageOfPage\":{\"@id\":\"https:\\\/\\\/www.koonings.com\\\/fr\\\/product\\\/sonia-pena-11250028\\\/#primaryimage\"},\"image\":{\"@id\":\"https:\\\/\\\/www.koonings.com\\\/fr\\\/product\\\/sonia-pena-11250028\\\/#primaryimage\"},\"thumbnailUrl\":\"https:\\\/\\\/www.koonings.com\\\/wp-content\\\/uploads\\\/2025\\\/04\\\/49870_742ba840d52f408cfbc43ec892292b9a14da3a5be71dfe9463495ff9f8f2c2fde1377fa4.png\",\"datePublished\":\"2026-04-21T16:32:24+00:00\",\"description\":\"La robe de cocktail de Sonia Pe\u00f1a est un mod\u00e8le \u00e0 couper le souffle dans une magnifique combinaison de couleurs violet-or-rose. Cette robe longue pr\u00e9sente un d\u00e9collet\u00e9 en V profond et de larges bretelles qui soulignent \u00e9l\u00e9gamment le d\u00e9collet\u00e9. La d\u00e9coration florale frappante sur l'\u00e9paule gauche, dans les couleurs de la robe, ajoute un \u00e9l\u00e9ment dramatique et romantique \u00e0 l'ensemble. Cette robe est parfaite pour une occasion chic, o\u00f9 celle qui la porte sera ind\u00e9niablement au centre de l'attention, gr\u00e2ce \u00e0 sa combinaison de luxe, de sophistication et de design audacieux.\",\"breadcrumb\":{\"@id\":\"https:\\\/\\\/www.koonings.com\\\/fr\\\/product\\\/sonia-pena-11250028\\\/#breadcrumb\"},\"inLanguage\":\"fr-FR\",\"potentialAction\":[{\"@type\":\"ReadAction\",\"target\":[\"https:\\\/\\\/www.koonings.com\\\/fr\\\/product\\\/sonia-pena-11250028\\\/\"]}]},{\"@type\":\"ImageObject\",\"inLanguage\":\"fr-FR\",\"@id\":\"https:\\\/\\\/www.koonings.com\\\/fr\\\/product\\\/sonia-pena-11250028\\\/#primaryimage\",\"url\":\"https:\\\/\\\/www.koonings.com\\\/wp-content\\\/uploads\\\/2025\\\/04\\\/49870_742ba840d52f408cfbc43ec892292b9a14da3a5be71dfe9463495ff9f8f2c2fde1377fa4.png\",\"contentUrl\":\"https:\\\/\\\/www.koonings.com\\\/wp-content\\\/uploads\\\/2025\\\/04\\\/49870_742ba840d52f408cfbc43ec892292b9a14da3a5be71dfe9463495ff9f8f2c2fde1377fa4.png\",\"width\":864,\"height\":1080},{\"@type\":\"BreadcrumbList\",\"@id\":\"https:\\\/\\\/www.koonings.com\\\/fr\\\/product\\\/sonia-pena-11250028\\\/#breadcrumb\",\"itemListElement\":[{\"@type\":\"ListItem\",\"position\":1,\"name\":\"Home\",\"item\":\"https:\\\/\\\/www.koonings.com\\\/fr\\\/\"},{\"@type\":\"ListItem\",\"position\":2,\"name\":\"Sonia Pena 11250028\"}]},{\"@type\":\"WebSite\",\"@id\":\"https:\\\/\\\/www.koonings.com\\\/fr\\\/#website\",\"url\":\"https:\\\/\\\/www.koonings.com\\\/fr\\\/\",\"name\":\"Koonings\",\"description\":\"De grootste bruidsmodewinkel ter wereld\",\"publisher\":{\"@id\":\"https:\\\/\\\/www.koonings.com\\\/fr\\\/#organization\"},\"potentialAction\":[{\"@type\":\"SearchAction\",\"target\":{\"@type\":\"EntryPoint\",\"urlTemplate\":\"https:\\\/\\\/www.koonings.com\\\/fr\\\/?s={search_term_string}\"},\"query-input\":{\"@type\":\"PropertyValueSpecification\",\"valueRequired\":true,\"valueName\":\"search_term_string\"}}],\"inLanguage\":\"fr-FR\"},{\"@type\":\"Organization\",\"@id\":\"https:\\\/\\\/www.koonings.com\\\/fr\\\/#organization\",\"name\":\"Koonings\",\"url\":\"https:\\\/\\\/www.koonings.com\\\/fr\\\/\",\"logo\":{\"@type\":\"ImageObject\",\"inLanguage\":\"fr-FR\",\"@id\":\"https:\\\/\\\/www.koonings.com\\\/fr\\\/#\\\/schema\\\/logo\\\/image\\\/\",\"url\":\"https:\\\/\\\/www.koonings.com\\\/wp-content\\\/uploads\\\/2024\\\/07\\\/logo.png\",\"contentUrl\":\"https:\\\/\\\/www.koonings.com\\\/wp-content\\\/uploads\\\/2024\\\/07\\\/logo.png\",\"width\":600,\"height\":428,\"caption\":\"Koonings\"},\"image\":{\"@id\":\"https:\\\/\\\/www.koonings.com\\\/fr\\\/#\\\/schema\\\/logo\\\/image\\\/\"},\"sameAs\":[\"https:\\\/\\\/www.facebook.com\\\/kooningstheweddingpalace\",\"https:\\\/\\\/www.instagram.com\\\/kooningstheweddingpalace\",\"https:\\\/\\\/www.pinterest.com\\\/koonings\",\"https:\\\/\\\/www.youtube.com\\\/kooningstheweddingpalace\"]}]}<\/script>\n<!-- \/ Yoast SEO plugin. -->","yoast_head_json":{"title":"Sonia Pena 11250028 | Koonings","description":"La robe de cocktail de Sonia Pe\u00f1a est un mod\u00e8le \u00e0 couper le souffle dans une magnifique combinaison de couleurs violet-or-rose. Cette robe longue pr\u00e9sente un d\u00e9collet\u00e9 en V profond et de larges bretelles qui soulignent \u00e9l\u00e9gamment le d\u00e9collet\u00e9. La d\u00e9coration florale frappante sur l'\u00e9paule gauche, dans les couleurs de la robe, ajoute un \u00e9l\u00e9ment dramatique et romantique \u00e0 l'ensemble. Cette robe est parfaite pour une occasion chic, o\u00f9 celle qui la porte sera ind\u00e9niablement au centre de l'attention, gr\u00e2ce \u00e0 sa combinaison de luxe, de sophistication et de design audacieux.","robots":{"index":"index","follow":"follow","max-snippet":"max-snippet:-1","max-image-preview":"max-image-preview:large","max-video-preview":"max-video-preview:-1"},"canonical":"https:\/\/www.koonings.com\/fr\/product\/sonia-pena-11250028\/","og_locale":"fr_FR","og_type":"article","og_title":"Sonia Pena 11250028 | Koonings","og_description":"La robe de cocktail de Sonia Pe\u00f1a est un mod\u00e8le \u00e0 couper le souffle dans une magnifique combinaison de couleurs violet-or-rose. Cette robe longue pr\u00e9sente un d\u00e9collet\u00e9 en V profond et de larges bretelles qui soulignent \u00e9l\u00e9gamment le d\u00e9collet\u00e9. La d\u00e9coration florale frappante sur l'\u00e9paule gauche, dans les couleurs de la robe, ajoute un \u00e9l\u00e9ment dramatique et romantique \u00e0 l'ensemble. Cette robe est parfaite pour une occasion chic, o\u00f9 celle qui la porte sera ind\u00e9niablement au centre de l'attention, gr\u00e2ce \u00e0 sa combinaison de luxe, de sophistication et de design audacieux.","og_url":"https:\/\/www.koonings.com\/fr\/product\/sonia-pena-11250028\/","og_site_name":"Koonings","article_publisher":"https:\/\/www.facebook.com\/kooningstheweddingpalace","og_image":[{"width":819,"height":1024,"url":"https:\/\/www.koonings.com\/wp-content\/uploads\/2025\/04\/49870_742ba840d52f408cfbc43ec892292b9a14da3a5be71dfe9463495ff9f8f2c2fde1377fa4-819x1024.png","type":"image\/png"}],"twitter_card":"summary_large_image","schema":{"@context":"https:\/\/schema.org","@graph":[{"@type":"WebPage","@id":"https:\/\/www.koonings.com\/fr\/product\/sonia-pena-11250028\/","url":"https:\/\/www.koonings.com\/fr\/product\/sonia-pena-11250028\/","name":"Sonia Pena 11250028 | Koonings","isPartOf":{"@id":"https:\/\/www.koonings.com\/fr\/#website"},"primaryImageOfPage":{"@id":"https:\/\/www.koonings.com\/fr\/product\/sonia-pena-11250028\/#primaryimage"},"image":{"@id":"https:\/\/www.koonings.com\/fr\/product\/sonia-pena-11250028\/#primaryimage"},"thumbnailUrl":"https:\/\/www.koonings.com\/wp-content\/uploads\/2025\/04\/49870_742ba840d52f408cfbc43ec892292b9a14da3a5be71dfe9463495ff9f8f2c2fde1377fa4.png","datePublished":"2026-04-21T16:32:24+00:00","description":"La robe de cocktail de Sonia Pe\u00f1a est un mod\u00e8le \u00e0 couper le souffle dans une magnifique combinaison de couleurs violet-or-rose. Cette robe longue pr\u00e9sente un d\u00e9collet\u00e9 en V profond et de larges bretelles qui soulignent \u00e9l\u00e9gamment le d\u00e9collet\u00e9. La d\u00e9coration florale frappante sur l'\u00e9paule gauche, dans les couleurs de la robe, ajoute un \u00e9l\u00e9ment dramatique et romantique \u00e0 l'ensemble. Cette robe est parfaite pour une occasion chic, o\u00f9 celle qui la porte sera ind\u00e9niablement au centre de l'attention, gr\u00e2ce \u00e0 sa combinaison de luxe, de sophistication et de design audacieux.","breadcrumb":{"@id":"https:\/\/www.koonings.com\/fr\/product\/sonia-pena-11250028\/#breadcrumb"},"inLanguage":"fr-FR","potentialAction":[{"@type":"ReadAction","target":["https:\/\/www.koonings.com\/fr\/product\/sonia-pena-11250028\/"]}]},{"@type":"ImageObject","inLanguage":"fr-FR","@id":"https:\/\/www.koonings.com\/fr\/product\/sonia-pena-11250028\/#primaryimage","url":"https:\/\/www.koonings.com\/wp-content\/uploads\/2025\/04\/49870_742ba840d52f408cfbc43ec892292b9a14da3a5be71dfe9463495ff9f8f2c2fde1377fa4.png","contentUrl":"https:\/\/www.koonings.com\/wp-content\/uploads\/2025\/04\/49870_742ba840d52f408cfbc43ec892292b9a14da3a5be71dfe9463495ff9f8f2c2fde1377fa4.png","width":864,"height":1080},{"@type":"BreadcrumbList","@id":"https:\/\/www.koonings.com\/fr\/product\/sonia-pena-11250028\/#breadcrumb","itemListElement":[{"@type":"ListItem","position":1,"name":"Home","item":"https:\/\/www.koonings.com\/fr\/"},{"@type":"ListItem","position":2,"name":"Sonia Pena 11250028"}]},{"@type":"WebSite","@id":"https:\/\/www.koonings.com\/fr\/#website","url":"https:\/\/www.koonings.com\/fr\/","name":"Koonings","description":"De grootste bruidsmodewinkel ter wereld","publisher":{"@id":"https:\/\/www.koonings.com\/fr\/#organization"},"potentialAction":[{"@type":"SearchAction","target":{"@type":"EntryPoint","urlTemplate":"https:\/\/www.koonings.com\/fr\/?s={search_term_string}"},"query-input":{"@type":"PropertyValueSpecification","valueRequired":true,"valueName":"search_term_string"}}],"inLanguage":"fr-FR"},{"@type":"Organization","@id":"https:\/\/www.koonings.com\/fr\/#organization","name":"Koonings","url":"https:\/\/www.koonings.com\/fr\/","logo":{"@type":"ImageObject","inLanguage":"fr-FR","@id":"https:\/\/www.koonings.com\/fr\/#\/schema\/logo\/image\/","url":"https:\/\/www.koonings.com\/wp-content\/uploads\/2024\/07\/logo.png","contentUrl":"https:\/\/www.koonings.com\/wp-content\/uploads\/2024\/07\/logo.png","width":600,"height":428,"caption":"Koonings"},"image":{"@id":"https:\/\/www.koonings.com\/fr\/#\/schema\/logo\/image\/"},"sameAs":["https:\/\/www.facebook.com\/kooningstheweddingpalace","https:\/\/www.instagram.com\/kooningstheweddingpalace","https:\/\/www.pinterest.com\/koonings","https:\/\/www.youtube.com\/kooningstheweddingpalace"]}]}},"_links":{"self":[{"href":"https:\/\/www.koonings.com\/fr\/wp-json\/wp\/v2\/product\/85170","targetHints":{"allow":["GET"]}}],"collection":[{"href":"https:\/\/www.koonings.com\/fr\/wp-json\/wp\/v2\/product"}],"about":[{"href":"https:\/\/www.koonings.com\/fr\/wp-json\/wp\/v2\/types\/product"}],"wp:featuredmedia":[{"embeddable":true,"href":"https:\/\/www.koonings.com\/fr\/wp-json\/wp\/v2\/media\/83387"}],"wp:attachment":[{"href":"https:\/\/www.koonings.com\/fr\/wp-json\/wp\/v2\/media?parent=85170"}],"wp:term":[{"taxonomy":"productdetails","embeddable":true,"href":"https:\/\/www.koonings.com\/fr\/wp-json\/wp\/v2\/productdetails?post=85170"},{"taxonomy":"productneck","embeddable":true,"href":"https:\/\/www.koonings.com\/fr\/wp-json\/wp\/v2\/productneck?post=85170"},{"taxonomy":"productcolor","embeddable":true,"href":"https:\/\/www.koonings.com\/fr\/wp-json\/wp\/v2\/productcolor?post=85170"},{"taxonomy":"maat","embeddable":true,"href":"https:\/\/www.koonings.com\/fr\/wp-json\/wp\/v2\/maat?post=85170"},{"taxonomy":"productsupplier","embeddable":true,"href":"https:\/\/www.koonings.com\/fr\/wp-json\/wp\/v2\/productsupplier?post=85170"},{"taxonomy":"productsleeve","embeddable":true,"href":"https:\/\/www.koonings.com\/fr\/wp-json\/wp\/v2\/productsleeve?post=85170"},{"taxonomy":"productcategory","embeddable":true,"href":"https:\/\/www.koonings.com\/fr\/wp-json\/wp\/v2\/productcategory?post=85170"},{"taxonomy":"productsilhouette","embeddable":true,"href":"https:\/\/www.koonings.com\/fr\/wp-json\/wp\/v2\/productsilhouette?post=85170"},{"taxonomy":"productstyle","embeddable":true,"href":"https:\/\/www.koonings.com\/fr\/wp-json\/wp\/v2\/productstyle?post=85170"}],"curies":[{"name":"wp","href":"https:\/\/api.w.org\/{rel}","templated":true}]}}