{"id":85169,"date":"2026-05-06T15:30:48","date_gmt":"2026-05-06T13:30:48","guid":{"rendered":"https:\/\/www.koonings.com\/product\/sonia-pena-21250065\/"},"modified":"2025-06-05T13:59:21","modified_gmt":"2025-06-05T11:59:21","slug":"sonia-pena-21250065","status":"publish","type":"product","link":"https:\/\/www.koonings.com\/fr\/product\/sonia-pena-21250065\/","title":{"rendered":"Sonia Pena 21250065"},"content":{"rendered":"<p>Le tailleur pantalon de Sonia Pe\u00f1a, d&#8217;un rose \u00e9clatant, respire l&#8217;\u00e9l\u00e9gance et l&#8217;assurance. La veste \u00e9l\u00e9gante, dot\u00e9e d&#8217;un d\u00e9collet\u00e9 en V flatteur et de manches trois-quarts, se ferme \u00e0 l&#8217;aide d&#8217;un seul bouton, cr\u00e9ant ainsi une allure sophistiqu\u00e9e et f\u00e9minine. Le pantalon parfaitement coup\u00e9 apporte une touche moderne et chic, id\u00e9ale pour un cocktail \u00e9l\u00e9gant ou une occasion sp\u00e9ciale. Ce tailleur pantalon allie le classique et le contemporain, donnant sans effort \u00e0 celle qui le porte une allure \u00e0 la fois puissante et \u00e9l\u00e9gante.   <\/p>\n","protected":false},"featured_media":83377,"template":"","meta":{"_acf_changed":false,"ghostkit_customizer_options":"","ghostkit_custom_css":"","ghostkit_custom_js_head":"","ghostkit_custom_js_foot":"","ghostkit_typography":""},"productdetails":[],"productneck":[356],"productcolor":[394],"maat":[],"productsupplier":[493],"productsleeve":[362],"productcategory":[259],"productsilhouette":[391],"productstyle":[369,371],"class_list":["post-85169","product","type-product","status-publish","has-post-thumbnail","hentry","productneck-356","productcolor-394","productsupplier-sonia-pena","productsleeve-362","productcategory-avondkleding","productsilhouette-391","productstyle-369","productstyle-371"],"acf":[],"yoast_head":"<!-- This site is optimized with the Yoast SEO plugin v27.3 - https:\/\/yoast.com\/product\/yoast-seo-wordpress\/ -->\n<title>Sonia Pena 21250065 | Koonings<\/title>\n<meta name=\"description\" content=\"Le tailleur pantalon de Sonia Pe\u00f1a, d&#039;un rose \u00e9clatant, respire l&#039;\u00e9l\u00e9gance et l&#039;assurance. La veste \u00e9l\u00e9gante, dot\u00e9e d&#039;un d\u00e9collet\u00e9 en V flatteur et de manches trois-quarts, se ferme \u00e0 l&#039;aide d&#039;un seul bouton, cr\u00e9ant ainsi une allure sophistiqu\u00e9e et f\u00e9minine. Le pantalon parfaitement coup\u00e9 apporte une touche moderne et chic, id\u00e9ale pour un cocktail \u00e9l\u00e9gant ou une occasion sp\u00e9ciale. Ce tailleur pantalon allie le classique et le contemporain, donnant sans effort \u00e0 celle qui le porte une allure \u00e0 la fois puissante et \u00e9l\u00e9gante.\" \/>\n<meta name=\"robots\" content=\"index, follow, max-snippet:-1, max-image-preview:large, max-video-preview:-1\" \/>\n<link rel=\"canonical\" href=\"https:\/\/www.koonings.com\/fr\/product\/sonia-pena-21250065\/\" \/>\n<meta property=\"og:locale\" content=\"fr_FR\" \/>\n<meta property=\"og:type\" content=\"article\" \/>\n<meta property=\"og:title\" content=\"Sonia Pena 21250065 | Koonings\" \/>\n<meta property=\"og:description\" content=\"Le tailleur pantalon de Sonia Pe\u00f1a, d&#039;un rose \u00e9clatant, respire l&#039;\u00e9l\u00e9gance et l&#039;assurance. La veste \u00e9l\u00e9gante, dot\u00e9e d&#039;un d\u00e9collet\u00e9 en V flatteur et de manches trois-quarts, se ferme \u00e0 l&#039;aide d&#039;un seul bouton, cr\u00e9ant ainsi une allure sophistiqu\u00e9e et f\u00e9minine. Le pantalon parfaitement coup\u00e9 apporte une touche moderne et chic, id\u00e9ale pour un cocktail \u00e9l\u00e9gant ou une occasion sp\u00e9ciale. Ce tailleur pantalon allie le classique et le contemporain, donnant sans effort \u00e0 celle qui le porte une allure \u00e0 la fois puissante et \u00e9l\u00e9gante.\" \/>\n<meta property=\"og:url\" content=\"https:\/\/www.koonings.com\/fr\/product\/sonia-pena-21250065\/\" \/>\n<meta property=\"og:site_name\" content=\"Koonings\" \/>\n<meta property=\"article:publisher\" content=\"https:\/\/www.facebook.com\/kooningstheweddingpalace\" \/>\n<meta property=\"og:image\" content=\"https:\/\/www.koonings.com\/wp-content\/uploads\/2025\/04\/49868_9c5342722abed9ac9e875f7ee5ec6196e3d2d48ee899228d4cda5e53c303c3802269079b.png\" \/>\n\t<meta property=\"og:image:width\" content=\"864\" \/>\n\t<meta property=\"og:image:height\" content=\"1080\" \/>\n\t<meta property=\"og:image:type\" content=\"image\/png\" \/>\n<meta name=\"twitter:card\" content=\"summary_large_image\" \/>\n<script type=\"application\/ld+json\" class=\"yoast-schema-graph\">{\"@context\":\"https:\\\/\\\/schema.org\",\"@graph\":[{\"@type\":\"WebPage\",\"@id\":\"https:\\\/\\\/www.koonings.com\\\/fr\\\/product\\\/sonia-pena-21250065\\\/\",\"url\":\"https:\\\/\\\/www.koonings.com\\\/fr\\\/product\\\/sonia-pena-21250065\\\/\",\"name\":\"Sonia Pena 21250065 | Koonings\",\"isPartOf\":{\"@id\":\"https:\\\/\\\/www.koonings.com\\\/fr\\\/#website\"},\"primaryImageOfPage\":{\"@id\":\"https:\\\/\\\/www.koonings.com\\\/fr\\\/product\\\/sonia-pena-21250065\\\/#primaryimage\"},\"image\":{\"@id\":\"https:\\\/\\\/www.koonings.com\\\/fr\\\/product\\\/sonia-pena-21250065\\\/#primaryimage\"},\"thumbnailUrl\":\"https:\\\/\\\/www.koonings.com\\\/wp-content\\\/uploads\\\/2025\\\/04\\\/49868_9c5342722abed9ac9e875f7ee5ec6196e3d2d48ee899228d4cda5e53c303c3802269079b.png\",\"datePublished\":\"2026-05-06T13:30:48+00:00\",\"description\":\"Le tailleur pantalon de Sonia Pe\u00f1a, d'un rose \u00e9clatant, respire l'\u00e9l\u00e9gance et l'assurance. La veste \u00e9l\u00e9gante, dot\u00e9e d'un d\u00e9collet\u00e9 en V flatteur et de manches trois-quarts, se ferme \u00e0 l'aide d'un seul bouton, cr\u00e9ant ainsi une allure sophistiqu\u00e9e et f\u00e9minine. Le pantalon parfaitement coup\u00e9 apporte une touche moderne et chic, id\u00e9ale pour un cocktail \u00e9l\u00e9gant ou une occasion sp\u00e9ciale. Ce tailleur pantalon allie le classique et le contemporain, donnant sans effort \u00e0 celle qui le porte une allure \u00e0 la fois puissante et \u00e9l\u00e9gante.\",\"breadcrumb\":{\"@id\":\"https:\\\/\\\/www.koonings.com\\\/fr\\\/product\\\/sonia-pena-21250065\\\/#breadcrumb\"},\"inLanguage\":\"fr-FR\",\"potentialAction\":[{\"@type\":\"ReadAction\",\"target\":[\"https:\\\/\\\/www.koonings.com\\\/fr\\\/product\\\/sonia-pena-21250065\\\/\"]}]},{\"@type\":\"ImageObject\",\"inLanguage\":\"fr-FR\",\"@id\":\"https:\\\/\\\/www.koonings.com\\\/fr\\\/product\\\/sonia-pena-21250065\\\/#primaryimage\",\"url\":\"https:\\\/\\\/www.koonings.com\\\/wp-content\\\/uploads\\\/2025\\\/04\\\/49868_9c5342722abed9ac9e875f7ee5ec6196e3d2d48ee899228d4cda5e53c303c3802269079b.png\",\"contentUrl\":\"https:\\\/\\\/www.koonings.com\\\/wp-content\\\/uploads\\\/2025\\\/04\\\/49868_9c5342722abed9ac9e875f7ee5ec6196e3d2d48ee899228d4cda5e53c303c3802269079b.png\",\"width\":864,\"height\":1080},{\"@type\":\"BreadcrumbList\",\"@id\":\"https:\\\/\\\/www.koonings.com\\\/fr\\\/product\\\/sonia-pena-21250065\\\/#breadcrumb\",\"itemListElement\":[{\"@type\":\"ListItem\",\"position\":1,\"name\":\"Home\",\"item\":\"https:\\\/\\\/www.koonings.com\\\/fr\\\/\"},{\"@type\":\"ListItem\",\"position\":2,\"name\":\"Sonia Pena 21250065\"}]},{\"@type\":\"WebSite\",\"@id\":\"https:\\\/\\\/www.koonings.com\\\/fr\\\/#website\",\"url\":\"https:\\\/\\\/www.koonings.com\\\/fr\\\/\",\"name\":\"Koonings\",\"description\":\"De grootste bruidsmodewinkel ter wereld\",\"publisher\":{\"@id\":\"https:\\\/\\\/www.koonings.com\\\/fr\\\/#organization\"},\"potentialAction\":[{\"@type\":\"SearchAction\",\"target\":{\"@type\":\"EntryPoint\",\"urlTemplate\":\"https:\\\/\\\/www.koonings.com\\\/fr\\\/?s={search_term_string}\"},\"query-input\":{\"@type\":\"PropertyValueSpecification\",\"valueRequired\":true,\"valueName\":\"search_term_string\"}}],\"inLanguage\":\"fr-FR\"},{\"@type\":\"Organization\",\"@id\":\"https:\\\/\\\/www.koonings.com\\\/fr\\\/#organization\",\"name\":\"Koonings\",\"url\":\"https:\\\/\\\/www.koonings.com\\\/fr\\\/\",\"logo\":{\"@type\":\"ImageObject\",\"inLanguage\":\"fr-FR\",\"@id\":\"https:\\\/\\\/www.koonings.com\\\/fr\\\/#\\\/schema\\\/logo\\\/image\\\/\",\"url\":\"https:\\\/\\\/www.koonings.com\\\/wp-content\\\/uploads\\\/2024\\\/07\\\/logo.png\",\"contentUrl\":\"https:\\\/\\\/www.koonings.com\\\/wp-content\\\/uploads\\\/2024\\\/07\\\/logo.png\",\"width\":600,\"height\":428,\"caption\":\"Koonings\"},\"image\":{\"@id\":\"https:\\\/\\\/www.koonings.com\\\/fr\\\/#\\\/schema\\\/logo\\\/image\\\/\"},\"sameAs\":[\"https:\\\/\\\/www.facebook.com\\\/kooningstheweddingpalace\",\"https:\\\/\\\/www.instagram.com\\\/kooningstheweddingpalace\",\"https:\\\/\\\/www.pinterest.com\\\/koonings\",\"https:\\\/\\\/www.youtube.com\\\/kooningstheweddingpalace\"]}]}<\/script>\n<!-- \/ Yoast SEO plugin. -->","yoast_head_json":{"title":"Sonia Pena 21250065 | Koonings","description":"Le tailleur pantalon de Sonia Pe\u00f1a, d'un rose \u00e9clatant, respire l'\u00e9l\u00e9gance et l'assurance. La veste \u00e9l\u00e9gante, dot\u00e9e d'un d\u00e9collet\u00e9 en V flatteur et de manches trois-quarts, se ferme \u00e0 l'aide d'un seul bouton, cr\u00e9ant ainsi une allure sophistiqu\u00e9e et f\u00e9minine. Le pantalon parfaitement coup\u00e9 apporte une touche moderne et chic, id\u00e9ale pour un cocktail \u00e9l\u00e9gant ou une occasion sp\u00e9ciale. Ce tailleur pantalon allie le classique et le contemporain, donnant sans effort \u00e0 celle qui le porte une allure \u00e0 la fois puissante et \u00e9l\u00e9gante.","robots":{"index":"index","follow":"follow","max-snippet":"max-snippet:-1","max-image-preview":"max-image-preview:large","max-video-preview":"max-video-preview:-1"},"canonical":"https:\/\/www.koonings.com\/fr\/product\/sonia-pena-21250065\/","og_locale":"fr_FR","og_type":"article","og_title":"Sonia Pena 21250065 | Koonings","og_description":"Le tailleur pantalon de Sonia Pe\u00f1a, d'un rose \u00e9clatant, respire l'\u00e9l\u00e9gance et l'assurance. La veste \u00e9l\u00e9gante, dot\u00e9e d'un d\u00e9collet\u00e9 en V flatteur et de manches trois-quarts, se ferme \u00e0 l'aide d'un seul bouton, cr\u00e9ant ainsi une allure sophistiqu\u00e9e et f\u00e9minine. Le pantalon parfaitement coup\u00e9 apporte une touche moderne et chic, id\u00e9ale pour un cocktail \u00e9l\u00e9gant ou une occasion sp\u00e9ciale. Ce tailleur pantalon allie le classique et le contemporain, donnant sans effort \u00e0 celle qui le porte une allure \u00e0 la fois puissante et \u00e9l\u00e9gante.","og_url":"https:\/\/www.koonings.com\/fr\/product\/sonia-pena-21250065\/","og_site_name":"Koonings","article_publisher":"https:\/\/www.facebook.com\/kooningstheweddingpalace","og_image":[{"width":864,"height":1080,"url":"https:\/\/www.koonings.com\/wp-content\/uploads\/2025\/04\/49868_9c5342722abed9ac9e875f7ee5ec6196e3d2d48ee899228d4cda5e53c303c3802269079b.png","type":"image\/png"}],"twitter_card":"summary_large_image","schema":{"@context":"https:\/\/schema.org","@graph":[{"@type":"WebPage","@id":"https:\/\/www.koonings.com\/fr\/product\/sonia-pena-21250065\/","url":"https:\/\/www.koonings.com\/fr\/product\/sonia-pena-21250065\/","name":"Sonia Pena 21250065 | Koonings","isPartOf":{"@id":"https:\/\/www.koonings.com\/fr\/#website"},"primaryImageOfPage":{"@id":"https:\/\/www.koonings.com\/fr\/product\/sonia-pena-21250065\/#primaryimage"},"image":{"@id":"https:\/\/www.koonings.com\/fr\/product\/sonia-pena-21250065\/#primaryimage"},"thumbnailUrl":"https:\/\/www.koonings.com\/wp-content\/uploads\/2025\/04\/49868_9c5342722abed9ac9e875f7ee5ec6196e3d2d48ee899228d4cda5e53c303c3802269079b.png","datePublished":"2026-05-06T13:30:48+00:00","description":"Le tailleur pantalon de Sonia Pe\u00f1a, d'un rose \u00e9clatant, respire l'\u00e9l\u00e9gance et l'assurance. La veste \u00e9l\u00e9gante, dot\u00e9e d'un d\u00e9collet\u00e9 en V flatteur et de manches trois-quarts, se ferme \u00e0 l'aide d'un seul bouton, cr\u00e9ant ainsi une allure sophistiqu\u00e9e et f\u00e9minine. Le pantalon parfaitement coup\u00e9 apporte une touche moderne et chic, id\u00e9ale pour un cocktail \u00e9l\u00e9gant ou une occasion sp\u00e9ciale. Ce tailleur pantalon allie le classique et le contemporain, donnant sans effort \u00e0 celle qui le porte une allure \u00e0 la fois puissante et \u00e9l\u00e9gante.","breadcrumb":{"@id":"https:\/\/www.koonings.com\/fr\/product\/sonia-pena-21250065\/#breadcrumb"},"inLanguage":"fr-FR","potentialAction":[{"@type":"ReadAction","target":["https:\/\/www.koonings.com\/fr\/product\/sonia-pena-21250065\/"]}]},{"@type":"ImageObject","inLanguage":"fr-FR","@id":"https:\/\/www.koonings.com\/fr\/product\/sonia-pena-21250065\/#primaryimage","url":"https:\/\/www.koonings.com\/wp-content\/uploads\/2025\/04\/49868_9c5342722abed9ac9e875f7ee5ec6196e3d2d48ee899228d4cda5e53c303c3802269079b.png","contentUrl":"https:\/\/www.koonings.com\/wp-content\/uploads\/2025\/04\/49868_9c5342722abed9ac9e875f7ee5ec6196e3d2d48ee899228d4cda5e53c303c3802269079b.png","width":864,"height":1080},{"@type":"BreadcrumbList","@id":"https:\/\/www.koonings.com\/fr\/product\/sonia-pena-21250065\/#breadcrumb","itemListElement":[{"@type":"ListItem","position":1,"name":"Home","item":"https:\/\/www.koonings.com\/fr\/"},{"@type":"ListItem","position":2,"name":"Sonia Pena 21250065"}]},{"@type":"WebSite","@id":"https:\/\/www.koonings.com\/fr\/#website","url":"https:\/\/www.koonings.com\/fr\/","name":"Koonings","description":"De grootste bruidsmodewinkel ter wereld","publisher":{"@id":"https:\/\/www.koonings.com\/fr\/#organization"},"potentialAction":[{"@type":"SearchAction","target":{"@type":"EntryPoint","urlTemplate":"https:\/\/www.koonings.com\/fr\/?s={search_term_string}"},"query-input":{"@type":"PropertyValueSpecification","valueRequired":true,"valueName":"search_term_string"}}],"inLanguage":"fr-FR"},{"@type":"Organization","@id":"https:\/\/www.koonings.com\/fr\/#organization","name":"Koonings","url":"https:\/\/www.koonings.com\/fr\/","logo":{"@type":"ImageObject","inLanguage":"fr-FR","@id":"https:\/\/www.koonings.com\/fr\/#\/schema\/logo\/image\/","url":"https:\/\/www.koonings.com\/wp-content\/uploads\/2024\/07\/logo.png","contentUrl":"https:\/\/www.koonings.com\/wp-content\/uploads\/2024\/07\/logo.png","width":600,"height":428,"caption":"Koonings"},"image":{"@id":"https:\/\/www.koonings.com\/fr\/#\/schema\/logo\/image\/"},"sameAs":["https:\/\/www.facebook.com\/kooningstheweddingpalace","https:\/\/www.instagram.com\/kooningstheweddingpalace","https:\/\/www.pinterest.com\/koonings","https:\/\/www.youtube.com\/kooningstheweddingpalace"]}]}},"_links":{"self":[{"href":"https:\/\/www.koonings.com\/fr\/wp-json\/wp\/v2\/product\/85169","targetHints":{"allow":["GET"]}}],"collection":[{"href":"https:\/\/www.koonings.com\/fr\/wp-json\/wp\/v2\/product"}],"about":[{"href":"https:\/\/www.koonings.com\/fr\/wp-json\/wp\/v2\/types\/product"}],"wp:featuredmedia":[{"embeddable":true,"href":"https:\/\/www.koonings.com\/fr\/wp-json\/wp\/v2\/media\/83377"}],"wp:attachment":[{"href":"https:\/\/www.koonings.com\/fr\/wp-json\/wp\/v2\/media?parent=85169"}],"wp:term":[{"taxonomy":"productdetails","embeddable":true,"href":"https:\/\/www.koonings.com\/fr\/wp-json\/wp\/v2\/productdetails?post=85169"},{"taxonomy":"productneck","embeddable":true,"href":"https:\/\/www.koonings.com\/fr\/wp-json\/wp\/v2\/productneck?post=85169"},{"taxonomy":"productcolor","embeddable":true,"href":"https:\/\/www.koonings.com\/fr\/wp-json\/wp\/v2\/productcolor?post=85169"},{"taxonomy":"maat","embeddable":true,"href":"https:\/\/www.koonings.com\/fr\/wp-json\/wp\/v2\/maat?post=85169"},{"taxonomy":"productsupplier","embeddable":true,"href":"https:\/\/www.koonings.com\/fr\/wp-json\/wp\/v2\/productsupplier?post=85169"},{"taxonomy":"productsleeve","embeddable":true,"href":"https:\/\/www.koonings.com\/fr\/wp-json\/wp\/v2\/productsleeve?post=85169"},{"taxonomy":"productcategory","embeddable":true,"href":"https:\/\/www.koonings.com\/fr\/wp-json\/wp\/v2\/productcategory?post=85169"},{"taxonomy":"productsilhouette","embeddable":true,"href":"https:\/\/www.koonings.com\/fr\/wp-json\/wp\/v2\/productsilhouette?post=85169"},{"taxonomy":"productstyle","embeddable":true,"href":"https:\/\/www.koonings.com\/fr\/wp-json\/wp\/v2\/productstyle?post=85169"}],"curies":[{"name":"wp","href":"https:\/\/api.w.org\/{rel}","templated":true}]}}