{"id":85165,"date":"2026-04-21T18:32:24","date_gmt":"2026-04-21T16:32:24","guid":{"rendered":"https:\/\/www.koonings.com\/product\/sonia-pena-11251004\/"},"modified":"2025-06-05T13:59:31","modified_gmt":"2025-06-05T11:59:31","slug":"sonia-pena-11251004","status":"publish","type":"product","link":"https:\/\/www.koonings.com\/fr\/product\/sonia-pena-11251004\/","title":{"rendered":"Sonia Pena 11251004"},"content":{"rendered":"<p>La robe de cocktail de Sonia Pe\u00f1a est un manteau sophistiqu\u00e9 d&#8217;un bleu profond qui tombe juste au-dessus du genou, parfait pour une occasion chic. La robe est orn\u00e9e d&#8217;une \u00e9l\u00e9gante d\u00e9coration florale sur l&#8217;\u00e9paule gauche, qui lui conf\u00e8re un luxe subtil. La ceinture assortie, dans le m\u00eame ton de bleu que la robe, souligne la taille de fa\u00e7on f\u00e9minine. Les manches trois-quarts conf\u00e8rent \u00e0 la robe une allure sophistiqu\u00e9e, tandis que le tailleur d\u00e9gage une \u00e9l\u00e9gance intemporelle. Un choix parfait pour celles qui recherchent un look \u00e0 la fois classique et moderne.    <\/p>\n","protected":false},"featured_media":83382,"template":"","meta":{"_acf_changed":false,"ghostkit_customizer_options":"","ghostkit_custom_css":"","ghostkit_custom_js_head":"","ghostkit_custom_js_foot":"","ghostkit_typography":""},"productdetails":[],"productneck":[356],"productcolor":[394],"maat":[],"productsupplier":[493],"productsleeve":[361,362],"productcategory":[259],"productsilhouette":[],"productstyle":[369],"class_list":["post-85165","product","type-product","status-publish","has-post-thumbnail","hentry","productneck-356","productcolor-394","productsupplier-sonia-pena","productsleeve-361","productsleeve-362","productcategory-avondkleding","productstyle-369"],"acf":[],"yoast_head":"<!-- This site is optimized with the Yoast SEO plugin v27.3 - https:\/\/yoast.com\/product\/yoast-seo-wordpress\/ -->\n<title>Sonia Pena 11251004 | Koonings<\/title>\n<meta name=\"description\" content=\"La robe de cocktail de Sonia Pe\u00f1a est un manteau sophistiqu\u00e9 d&#039;un bleu profond qui tombe juste au-dessus du genou, parfait pour une occasion chic. La robe est orn\u00e9e d&#039;une \u00e9l\u00e9gante d\u00e9coration florale sur l&#039;\u00e9paule gauche, qui lui conf\u00e8re un luxe subtil. La ceinture assortie, dans le m\u00eame ton de bleu que la robe, souligne la taille de fa\u00e7on f\u00e9minine. Les manches trois-quarts conf\u00e8rent \u00e0 la robe une allure sophistiqu\u00e9e, tandis que le tailleur d\u00e9gage une \u00e9l\u00e9gance intemporelle. Un choix parfait pour celles qui recherchent un look \u00e0 la fois classique et moderne.\" \/>\n<meta name=\"robots\" content=\"index, follow, max-snippet:-1, max-image-preview:large, max-video-preview:-1\" \/>\n<link rel=\"canonical\" href=\"https:\/\/www.koonings.com\/fr\/product\/sonia-pena-11251004\/\" \/>\n<meta property=\"og:locale\" content=\"fr_FR\" \/>\n<meta property=\"og:type\" content=\"article\" \/>\n<meta property=\"og:title\" content=\"Sonia Pena 11251004 | Koonings\" \/>\n<meta property=\"og:description\" content=\"La robe de cocktail de Sonia Pe\u00f1a est un manteau sophistiqu\u00e9 d&#039;un bleu profond qui tombe juste au-dessus du genou, parfait pour une occasion chic. La robe est orn\u00e9e d&#039;une \u00e9l\u00e9gante d\u00e9coration florale sur l&#039;\u00e9paule gauche, qui lui conf\u00e8re un luxe subtil. La ceinture assortie, dans le m\u00eame ton de bleu que la robe, souligne la taille de fa\u00e7on f\u00e9minine. Les manches trois-quarts conf\u00e8rent \u00e0 la robe une allure sophistiqu\u00e9e, tandis que le tailleur d\u00e9gage une \u00e9l\u00e9gance intemporelle. Un choix parfait pour celles qui recherchent un look \u00e0 la fois classique et moderne.\" \/>\n<meta property=\"og:url\" content=\"https:\/\/www.koonings.com\/fr\/product\/sonia-pena-11251004\/\" \/>\n<meta property=\"og:site_name\" content=\"Koonings\" \/>\n<meta property=\"article:publisher\" content=\"https:\/\/www.facebook.com\/kooningstheweddingpalace\" \/>\n<meta property=\"og:image\" content=\"https:\/\/www.koonings.com\/wp-content\/uploads\/2025\/04\/49869_a619843ff5957acaf3bb4710f5c5f84108d3f4bb8a0f3731d728ee78f06d7a93313b982e-819x1024.png\" \/>\n\t<meta property=\"og:image:width\" content=\"819\" \/>\n\t<meta property=\"og:image:height\" content=\"1024\" \/>\n\t<meta property=\"og:image:type\" content=\"image\/png\" \/>\n<meta name=\"twitter:card\" content=\"summary_large_image\" \/>\n<meta name=\"twitter:label1\" content=\"Dur\u00e9e de lecture estim\u00e9e\" \/>\n\t<meta name=\"twitter:data1\" content=\"1 minute\" \/>\n<script type=\"application\/ld+json\" class=\"yoast-schema-graph\">{\"@context\":\"https:\\\/\\\/schema.org\",\"@graph\":[{\"@type\":\"WebPage\",\"@id\":\"https:\\\/\\\/www.koonings.com\\\/fr\\\/product\\\/sonia-pena-11251004\\\/\",\"url\":\"https:\\\/\\\/www.koonings.com\\\/fr\\\/product\\\/sonia-pena-11251004\\\/\",\"name\":\"Sonia Pena 11251004 | Koonings\",\"isPartOf\":{\"@id\":\"https:\\\/\\\/www.koonings.com\\\/fr\\\/#website\"},\"primaryImageOfPage\":{\"@id\":\"https:\\\/\\\/www.koonings.com\\\/fr\\\/product\\\/sonia-pena-11251004\\\/#primaryimage\"},\"image\":{\"@id\":\"https:\\\/\\\/www.koonings.com\\\/fr\\\/product\\\/sonia-pena-11251004\\\/#primaryimage\"},\"thumbnailUrl\":\"https:\\\/\\\/www.koonings.com\\\/wp-content\\\/uploads\\\/2025\\\/04\\\/49869_a619843ff5957acaf3bb4710f5c5f84108d3f4bb8a0f3731d728ee78f06d7a93313b982e.png\",\"datePublished\":\"2026-04-21T16:32:24+00:00\",\"description\":\"La robe de cocktail de Sonia Pe\u00f1a est un manteau sophistiqu\u00e9 d'un bleu profond qui tombe juste au-dessus du genou, parfait pour une occasion chic. La robe est orn\u00e9e d'une \u00e9l\u00e9gante d\u00e9coration florale sur l'\u00e9paule gauche, qui lui conf\u00e8re un luxe subtil. La ceinture assortie, dans le m\u00eame ton de bleu que la robe, souligne la taille de fa\u00e7on f\u00e9minine. Les manches trois-quarts conf\u00e8rent \u00e0 la robe une allure sophistiqu\u00e9e, tandis que le tailleur d\u00e9gage une \u00e9l\u00e9gance intemporelle. Un choix parfait pour celles qui recherchent un look \u00e0 la fois classique et moderne.\",\"breadcrumb\":{\"@id\":\"https:\\\/\\\/www.koonings.com\\\/fr\\\/product\\\/sonia-pena-11251004\\\/#breadcrumb\"},\"inLanguage\":\"fr-FR\",\"potentialAction\":[{\"@type\":\"ReadAction\",\"target\":[\"https:\\\/\\\/www.koonings.com\\\/fr\\\/product\\\/sonia-pena-11251004\\\/\"]}]},{\"@type\":\"ImageObject\",\"inLanguage\":\"fr-FR\",\"@id\":\"https:\\\/\\\/www.koonings.com\\\/fr\\\/product\\\/sonia-pena-11251004\\\/#primaryimage\",\"url\":\"https:\\\/\\\/www.koonings.com\\\/wp-content\\\/uploads\\\/2025\\\/04\\\/49869_a619843ff5957acaf3bb4710f5c5f84108d3f4bb8a0f3731d728ee78f06d7a93313b982e.png\",\"contentUrl\":\"https:\\\/\\\/www.koonings.com\\\/wp-content\\\/uploads\\\/2025\\\/04\\\/49869_a619843ff5957acaf3bb4710f5c5f84108d3f4bb8a0f3731d728ee78f06d7a93313b982e.png\",\"width\":864,\"height\":1080},{\"@type\":\"BreadcrumbList\",\"@id\":\"https:\\\/\\\/www.koonings.com\\\/fr\\\/product\\\/sonia-pena-11251004\\\/#breadcrumb\",\"itemListElement\":[{\"@type\":\"ListItem\",\"position\":1,\"name\":\"Home\",\"item\":\"https:\\\/\\\/www.koonings.com\\\/fr\\\/\"},{\"@type\":\"ListItem\",\"position\":2,\"name\":\"Sonia Pena 11251004\"}]},{\"@type\":\"WebSite\",\"@id\":\"https:\\\/\\\/www.koonings.com\\\/fr\\\/#website\",\"url\":\"https:\\\/\\\/www.koonings.com\\\/fr\\\/\",\"name\":\"Koonings\",\"description\":\"De grootste bruidsmodewinkel ter wereld\",\"publisher\":{\"@id\":\"https:\\\/\\\/www.koonings.com\\\/fr\\\/#organization\"},\"potentialAction\":[{\"@type\":\"SearchAction\",\"target\":{\"@type\":\"EntryPoint\",\"urlTemplate\":\"https:\\\/\\\/www.koonings.com\\\/fr\\\/?s={search_term_string}\"},\"query-input\":{\"@type\":\"PropertyValueSpecification\",\"valueRequired\":true,\"valueName\":\"search_term_string\"}}],\"inLanguage\":\"fr-FR\"},{\"@type\":\"Organization\",\"@id\":\"https:\\\/\\\/www.koonings.com\\\/fr\\\/#organization\",\"name\":\"Koonings\",\"url\":\"https:\\\/\\\/www.koonings.com\\\/fr\\\/\",\"logo\":{\"@type\":\"ImageObject\",\"inLanguage\":\"fr-FR\",\"@id\":\"https:\\\/\\\/www.koonings.com\\\/fr\\\/#\\\/schema\\\/logo\\\/image\\\/\",\"url\":\"https:\\\/\\\/www.koonings.com\\\/wp-content\\\/uploads\\\/2024\\\/07\\\/logo.png\",\"contentUrl\":\"https:\\\/\\\/www.koonings.com\\\/wp-content\\\/uploads\\\/2024\\\/07\\\/logo.png\",\"width\":600,\"height\":428,\"caption\":\"Koonings\"},\"image\":{\"@id\":\"https:\\\/\\\/www.koonings.com\\\/fr\\\/#\\\/schema\\\/logo\\\/image\\\/\"},\"sameAs\":[\"https:\\\/\\\/www.facebook.com\\\/kooningstheweddingpalace\",\"https:\\\/\\\/www.instagram.com\\\/kooningstheweddingpalace\",\"https:\\\/\\\/www.pinterest.com\\\/koonings\",\"https:\\\/\\\/www.youtube.com\\\/kooningstheweddingpalace\"]}]}<\/script>\n<!-- \/ Yoast SEO plugin. -->","yoast_head_json":{"title":"Sonia Pena 11251004 | Koonings","description":"La robe de cocktail de Sonia Pe\u00f1a est un manteau sophistiqu\u00e9 d'un bleu profond qui tombe juste au-dessus du genou, parfait pour une occasion chic. La robe est orn\u00e9e d'une \u00e9l\u00e9gante d\u00e9coration florale sur l'\u00e9paule gauche, qui lui conf\u00e8re un luxe subtil. La ceinture assortie, dans le m\u00eame ton de bleu que la robe, souligne la taille de fa\u00e7on f\u00e9minine. Les manches trois-quarts conf\u00e8rent \u00e0 la robe une allure sophistiqu\u00e9e, tandis que le tailleur d\u00e9gage une \u00e9l\u00e9gance intemporelle. Un choix parfait pour celles qui recherchent un look \u00e0 la fois classique et moderne.","robots":{"index":"index","follow":"follow","max-snippet":"max-snippet:-1","max-image-preview":"max-image-preview:large","max-video-preview":"max-video-preview:-1"},"canonical":"https:\/\/www.koonings.com\/fr\/product\/sonia-pena-11251004\/","og_locale":"fr_FR","og_type":"article","og_title":"Sonia Pena 11251004 | Koonings","og_description":"La robe de cocktail de Sonia Pe\u00f1a est un manteau sophistiqu\u00e9 d'un bleu profond qui tombe juste au-dessus du genou, parfait pour une occasion chic. La robe est orn\u00e9e d'une \u00e9l\u00e9gante d\u00e9coration florale sur l'\u00e9paule gauche, qui lui conf\u00e8re un luxe subtil. La ceinture assortie, dans le m\u00eame ton de bleu que la robe, souligne la taille de fa\u00e7on f\u00e9minine. Les manches trois-quarts conf\u00e8rent \u00e0 la robe une allure sophistiqu\u00e9e, tandis que le tailleur d\u00e9gage une \u00e9l\u00e9gance intemporelle. Un choix parfait pour celles qui recherchent un look \u00e0 la fois classique et moderne.","og_url":"https:\/\/www.koonings.com\/fr\/product\/sonia-pena-11251004\/","og_site_name":"Koonings","article_publisher":"https:\/\/www.facebook.com\/kooningstheweddingpalace","og_image":[{"width":819,"height":1024,"url":"https:\/\/www.koonings.com\/wp-content\/uploads\/2025\/04\/49869_a619843ff5957acaf3bb4710f5c5f84108d3f4bb8a0f3731d728ee78f06d7a93313b982e-819x1024.png","type":"image\/png"}],"twitter_card":"summary_large_image","twitter_misc":{"Dur\u00e9e de lecture estim\u00e9e":"1 minute"},"schema":{"@context":"https:\/\/schema.org","@graph":[{"@type":"WebPage","@id":"https:\/\/www.koonings.com\/fr\/product\/sonia-pena-11251004\/","url":"https:\/\/www.koonings.com\/fr\/product\/sonia-pena-11251004\/","name":"Sonia Pena 11251004 | Koonings","isPartOf":{"@id":"https:\/\/www.koonings.com\/fr\/#website"},"primaryImageOfPage":{"@id":"https:\/\/www.koonings.com\/fr\/product\/sonia-pena-11251004\/#primaryimage"},"image":{"@id":"https:\/\/www.koonings.com\/fr\/product\/sonia-pena-11251004\/#primaryimage"},"thumbnailUrl":"https:\/\/www.koonings.com\/wp-content\/uploads\/2025\/04\/49869_a619843ff5957acaf3bb4710f5c5f84108d3f4bb8a0f3731d728ee78f06d7a93313b982e.png","datePublished":"2026-04-21T16:32:24+00:00","description":"La robe de cocktail de Sonia Pe\u00f1a est un manteau sophistiqu\u00e9 d'un bleu profond qui tombe juste au-dessus du genou, parfait pour une occasion chic. La robe est orn\u00e9e d'une \u00e9l\u00e9gante d\u00e9coration florale sur l'\u00e9paule gauche, qui lui conf\u00e8re un luxe subtil. La ceinture assortie, dans le m\u00eame ton de bleu que la robe, souligne la taille de fa\u00e7on f\u00e9minine. Les manches trois-quarts conf\u00e8rent \u00e0 la robe une allure sophistiqu\u00e9e, tandis que le tailleur d\u00e9gage une \u00e9l\u00e9gance intemporelle. Un choix parfait pour celles qui recherchent un look \u00e0 la fois classique et moderne.","breadcrumb":{"@id":"https:\/\/www.koonings.com\/fr\/product\/sonia-pena-11251004\/#breadcrumb"},"inLanguage":"fr-FR","potentialAction":[{"@type":"ReadAction","target":["https:\/\/www.koonings.com\/fr\/product\/sonia-pena-11251004\/"]}]},{"@type":"ImageObject","inLanguage":"fr-FR","@id":"https:\/\/www.koonings.com\/fr\/product\/sonia-pena-11251004\/#primaryimage","url":"https:\/\/www.koonings.com\/wp-content\/uploads\/2025\/04\/49869_a619843ff5957acaf3bb4710f5c5f84108d3f4bb8a0f3731d728ee78f06d7a93313b982e.png","contentUrl":"https:\/\/www.koonings.com\/wp-content\/uploads\/2025\/04\/49869_a619843ff5957acaf3bb4710f5c5f84108d3f4bb8a0f3731d728ee78f06d7a93313b982e.png","width":864,"height":1080},{"@type":"BreadcrumbList","@id":"https:\/\/www.koonings.com\/fr\/product\/sonia-pena-11251004\/#breadcrumb","itemListElement":[{"@type":"ListItem","position":1,"name":"Home","item":"https:\/\/www.koonings.com\/fr\/"},{"@type":"ListItem","position":2,"name":"Sonia Pena 11251004"}]},{"@type":"WebSite","@id":"https:\/\/www.koonings.com\/fr\/#website","url":"https:\/\/www.koonings.com\/fr\/","name":"Koonings","description":"De grootste bruidsmodewinkel ter wereld","publisher":{"@id":"https:\/\/www.koonings.com\/fr\/#organization"},"potentialAction":[{"@type":"SearchAction","target":{"@type":"EntryPoint","urlTemplate":"https:\/\/www.koonings.com\/fr\/?s={search_term_string}"},"query-input":{"@type":"PropertyValueSpecification","valueRequired":true,"valueName":"search_term_string"}}],"inLanguage":"fr-FR"},{"@type":"Organization","@id":"https:\/\/www.koonings.com\/fr\/#organization","name":"Koonings","url":"https:\/\/www.koonings.com\/fr\/","logo":{"@type":"ImageObject","inLanguage":"fr-FR","@id":"https:\/\/www.koonings.com\/fr\/#\/schema\/logo\/image\/","url":"https:\/\/www.koonings.com\/wp-content\/uploads\/2024\/07\/logo.png","contentUrl":"https:\/\/www.koonings.com\/wp-content\/uploads\/2024\/07\/logo.png","width":600,"height":428,"caption":"Koonings"},"image":{"@id":"https:\/\/www.koonings.com\/fr\/#\/schema\/logo\/image\/"},"sameAs":["https:\/\/www.facebook.com\/kooningstheweddingpalace","https:\/\/www.instagram.com\/kooningstheweddingpalace","https:\/\/www.pinterest.com\/koonings","https:\/\/www.youtube.com\/kooningstheweddingpalace"]}]}},"_links":{"self":[{"href":"https:\/\/www.koonings.com\/fr\/wp-json\/wp\/v2\/product\/85165","targetHints":{"allow":["GET"]}}],"collection":[{"href":"https:\/\/www.koonings.com\/fr\/wp-json\/wp\/v2\/product"}],"about":[{"href":"https:\/\/www.koonings.com\/fr\/wp-json\/wp\/v2\/types\/product"}],"wp:featuredmedia":[{"embeddable":true,"href":"https:\/\/www.koonings.com\/fr\/wp-json\/wp\/v2\/media\/83382"}],"wp:attachment":[{"href":"https:\/\/www.koonings.com\/fr\/wp-json\/wp\/v2\/media?parent=85165"}],"wp:term":[{"taxonomy":"productdetails","embeddable":true,"href":"https:\/\/www.koonings.com\/fr\/wp-json\/wp\/v2\/productdetails?post=85165"},{"taxonomy":"productneck","embeddable":true,"href":"https:\/\/www.koonings.com\/fr\/wp-json\/wp\/v2\/productneck?post=85165"},{"taxonomy":"productcolor","embeddable":true,"href":"https:\/\/www.koonings.com\/fr\/wp-json\/wp\/v2\/productcolor?post=85165"},{"taxonomy":"maat","embeddable":true,"href":"https:\/\/www.koonings.com\/fr\/wp-json\/wp\/v2\/maat?post=85165"},{"taxonomy":"productsupplier","embeddable":true,"href":"https:\/\/www.koonings.com\/fr\/wp-json\/wp\/v2\/productsupplier?post=85165"},{"taxonomy":"productsleeve","embeddable":true,"href":"https:\/\/www.koonings.com\/fr\/wp-json\/wp\/v2\/productsleeve?post=85165"},{"taxonomy":"productcategory","embeddable":true,"href":"https:\/\/www.koonings.com\/fr\/wp-json\/wp\/v2\/productcategory?post=85165"},{"taxonomy":"productsilhouette","embeddable":true,"href":"https:\/\/www.koonings.com\/fr\/wp-json\/wp\/v2\/productsilhouette?post=85165"},{"taxonomy":"productstyle","embeddable":true,"href":"https:\/\/www.koonings.com\/fr\/wp-json\/wp\/v2\/productstyle?post=85165"}],"curies":[{"name":"wp","href":"https:\/\/api.w.org\/{rel}","templated":true}]}}