{"id":85151,"date":"2026-05-06T15:30:55","date_gmt":"2026-05-06T13:30:55","guid":{"rendered":"https:\/\/www.koonings.com\/product\/milla-nova-harriet\/"},"modified":"2026-02-16T15:14:22","modified_gmt":"2026-02-16T14:14:22","slug":"milla-nova-harriet","status":"publish","type":"product","link":"https:\/\/www.koonings.com\/fr\/product\/milla-nova-harriet\/","title":{"rendered":"Milla Nova Harriet"},"content":{"rendered":"<p>La Milla Nova Harriet est une robe de mari\u00e9e majestueuse qui allie \u00e9l\u00e9gance classique et sophistication moderne. Cette robe de bal de la collection &#8220;Sounds of Couture&#8221; est fabriqu\u00e9e \u00e0 partir de plusieurs couches de dentelle richement embellie, ce qui lui conf\u00e8re un aspect luxueux. Elle pr\u00e9sente un d\u00e9collet\u00e9 en V profond avec effet d&#8217;illusion, un corset ajust\u00e9 avec des manches longues et une ligne d&#8217;\u00e9paule carr\u00e9e. La jupe volumineuse s&#8217;\u00e9vase en une longue tra\u00eene impressionnante, ce qui en fait la robe id\u00e9ale pour un grand mariage. La Harriet est disponible en ivoire et se trouve exclusivement chez Koonings The Wedding Palace \u00e0 Deurne, o\u00f9 vous pouvez prendre rendez-vous pour essayer cette robe de r\u00eave. <\/p>\n","protected":false},"featured_media":83766,"template":"","meta":{"_acf_changed":false,"ghostkit_customizer_options":"","ghostkit_custom_css":"","ghostkit_custom_js_head":"","ghostkit_custom_js_foot":"","ghostkit_typography":""},"productdetails":[377,383],"productneck":[356],"productcolor":[393,392],"maat":[],"productsupplier":[446],"productsleeve":[362],"productcategory":[18],"productsilhouette":[388],"productstyle":[367,372,366],"class_list":["post-85151","product","type-product","status-publish","has-post-thumbnail","hentry","productdetails-377","productdetails-383","productneck-356","productcolor-393","productcolor-392","productsupplier-milla-nova","productsleeve-362","productcategory-trouwjurken","productsilhouette-388","productstyle-367","productstyle-372","productstyle-366"],"acf":[],"yoast_head":"<!-- This site is optimized with the Yoast SEO plugin v27.3 - https:\/\/yoast.com\/product\/yoast-seo-wordpress\/ -->\n<title>Milla Nova Harriet | Koonings<\/title>\n<meta name=\"description\" content=\"La Milla Nova Harriet est une robe de mari\u00e9e majestueuse qui allie \u00e9l\u00e9gance classique et sophistication moderne. Cette robe de bal de la collection &quot;Sounds of Couture&quot; est fabriqu\u00e9e \u00e0 partir de plusieurs couches de dentelle richement embellie, ce qui lui conf\u00e8re un aspect luxueux. Elle pr\u00e9sente un d\u00e9collet\u00e9 en V profond avec effet d&#039;illusion, un corset ajust\u00e9 avec des manches longues et une ligne d&#039;\u00e9paule carr\u00e9e. La jupe volumineuse s&#039;\u00e9vase en une longue tra\u00eene impressionnante, ce qui en fait la robe id\u00e9ale pour un grand mariage. La Harriet est disponible en ivoire et se trouve exclusivement chez Koonings The Wedding Palace \u00e0 Deurne, o\u00f9 vous pouvez prendre rendez-vous pour essayer cette robe de r\u00eave.\" \/>\n<meta name=\"robots\" content=\"index, follow, max-snippet:-1, max-image-preview:large, max-video-preview:-1\" \/>\n<link rel=\"canonical\" href=\"https:\/\/www.koonings.com\/fr\/product\/milla-nova-harriet\/\" \/>\n<meta property=\"og:locale\" content=\"fr_FR\" \/>\n<meta property=\"og:type\" content=\"article\" \/>\n<meta property=\"og:title\" content=\"Milla Nova Harriet | Koonings\" \/>\n<meta property=\"og:description\" content=\"La Milla Nova Harriet est une robe de mari\u00e9e majestueuse qui allie \u00e9l\u00e9gance classique et sophistication moderne. Cette robe de bal de la collection &quot;Sounds of Couture&quot; est fabriqu\u00e9e \u00e0 partir de plusieurs couches de dentelle richement embellie, ce qui lui conf\u00e8re un aspect luxueux. Elle pr\u00e9sente un d\u00e9collet\u00e9 en V profond avec effet d&#039;illusion, un corset ajust\u00e9 avec des manches longues et une ligne d&#039;\u00e9paule carr\u00e9e. La jupe volumineuse s&#039;\u00e9vase en une longue tra\u00eene impressionnante, ce qui en fait la robe id\u00e9ale pour un grand mariage. La Harriet est disponible en ivoire et se trouve exclusivement chez Koonings The Wedding Palace \u00e0 Deurne, o\u00f9 vous pouvez prendre rendez-vous pour essayer cette robe de r\u00eave.\" \/>\n<meta property=\"og:url\" content=\"https:\/\/www.koonings.com\/fr\/product\/milla-nova-harriet\/\" \/>\n<meta property=\"og:site_name\" content=\"Koonings\" \/>\n<meta property=\"article:publisher\" content=\"https:\/\/www.facebook.com\/kooningstheweddingpalace\" \/>\n<meta property=\"og:image\" content=\"https:\/\/www.koonings.com\/wp-content\/uploads\/2025\/04\/49891_3beb7b79956e630eaaec56dba0590a2ab882a101af4cca55ed31c8d8a9c0ea58ab8a5cc4-scaled.jpeg\" \/>\n\t<meta property=\"og:image:width\" content=\"1810\" \/>\n\t<meta property=\"og:image:height\" content=\"2560\" \/>\n\t<meta property=\"og:image:type\" content=\"image\/jpeg\" \/>\n<meta name=\"twitter:card\" content=\"summary_large_image\" \/>\n<meta name=\"twitter:label1\" content=\"Dur\u00e9e de lecture estim\u00e9e\" \/>\n\t<meta name=\"twitter:data1\" content=\"1 minute\" \/>\n<script type=\"application\/ld+json\" class=\"yoast-schema-graph\">{\"@context\":\"https:\\\/\\\/schema.org\",\"@graph\":[{\"@type\":\"WebPage\",\"@id\":\"https:\\\/\\\/www.koonings.com\\\/fr\\\/product\\\/milla-nova-harriet\\\/\",\"url\":\"https:\\\/\\\/www.koonings.com\\\/fr\\\/product\\\/milla-nova-harriet\\\/\",\"name\":\"Milla Nova Harriet | Koonings\",\"isPartOf\":{\"@id\":\"https:\\\/\\\/www.koonings.com\\\/fr\\\/#website\"},\"primaryImageOfPage\":{\"@id\":\"https:\\\/\\\/www.koonings.com\\\/fr\\\/product\\\/milla-nova-harriet\\\/#primaryimage\"},\"image\":{\"@id\":\"https:\\\/\\\/www.koonings.com\\\/fr\\\/product\\\/milla-nova-harriet\\\/#primaryimage\"},\"thumbnailUrl\":\"https:\\\/\\\/www.koonings.com\\\/wp-content\\\/uploads\\\/2025\\\/04\\\/49891_3beb7b79956e630eaaec56dba0590a2ab882a101af4cca55ed31c8d8a9c0ea58ab8a5cc4-scaled.jpeg\",\"datePublished\":\"2026-05-06T13:30:55+00:00\",\"description\":\"La Milla Nova Harriet est une robe de mari\u00e9e majestueuse qui allie \u00e9l\u00e9gance classique et sophistication moderne. Cette robe de bal de la collection \\\"Sounds of Couture\\\" est fabriqu\u00e9e \u00e0 partir de plusieurs couches de dentelle richement embellie, ce qui lui conf\u00e8re un aspect luxueux. Elle pr\u00e9sente un d\u00e9collet\u00e9 en V profond avec effet d'illusion, un corset ajust\u00e9 avec des manches longues et une ligne d'\u00e9paule carr\u00e9e. La jupe volumineuse s'\u00e9vase en une longue tra\u00eene impressionnante, ce qui en fait la robe id\u00e9ale pour un grand mariage. La Harriet est disponible en ivoire et se trouve exclusivement chez Koonings The Wedding Palace \u00e0 Deurne, o\u00f9 vous pouvez prendre rendez-vous pour essayer cette robe de r\u00eave.\",\"breadcrumb\":{\"@id\":\"https:\\\/\\\/www.koonings.com\\\/fr\\\/product\\\/milla-nova-harriet\\\/#breadcrumb\"},\"inLanguage\":\"fr-FR\",\"potentialAction\":[{\"@type\":\"ReadAction\",\"target\":[\"https:\\\/\\\/www.koonings.com\\\/fr\\\/product\\\/milla-nova-harriet\\\/\"]}]},{\"@type\":\"ImageObject\",\"inLanguage\":\"fr-FR\",\"@id\":\"https:\\\/\\\/www.koonings.com\\\/fr\\\/product\\\/milla-nova-harriet\\\/#primaryimage\",\"url\":\"https:\\\/\\\/www.koonings.com\\\/wp-content\\\/uploads\\\/2025\\\/04\\\/49891_3beb7b79956e630eaaec56dba0590a2ab882a101af4cca55ed31c8d8a9c0ea58ab8a5cc4-scaled.jpeg\",\"contentUrl\":\"https:\\\/\\\/www.koonings.com\\\/wp-content\\\/uploads\\\/2025\\\/04\\\/49891_3beb7b79956e630eaaec56dba0590a2ab882a101af4cca55ed31c8d8a9c0ea58ab8a5cc4-scaled.jpeg\",\"width\":1810,\"height\":2560},{\"@type\":\"BreadcrumbList\",\"@id\":\"https:\\\/\\\/www.koonings.com\\\/fr\\\/product\\\/milla-nova-harriet\\\/#breadcrumb\",\"itemListElement\":[{\"@type\":\"ListItem\",\"position\":1,\"name\":\"Home\",\"item\":\"https:\\\/\\\/www.koonings.com\\\/fr\\\/\"},{\"@type\":\"ListItem\",\"position\":2,\"name\":\"Milla Nova Harriet\"}]},{\"@type\":\"WebSite\",\"@id\":\"https:\\\/\\\/www.koonings.com\\\/fr\\\/#website\",\"url\":\"https:\\\/\\\/www.koonings.com\\\/fr\\\/\",\"name\":\"Koonings\",\"description\":\"De grootste bruidsmodewinkel ter wereld\",\"publisher\":{\"@id\":\"https:\\\/\\\/www.koonings.com\\\/fr\\\/#organization\"},\"potentialAction\":[{\"@type\":\"SearchAction\",\"target\":{\"@type\":\"EntryPoint\",\"urlTemplate\":\"https:\\\/\\\/www.koonings.com\\\/fr\\\/?s={search_term_string}\"},\"query-input\":{\"@type\":\"PropertyValueSpecification\",\"valueRequired\":true,\"valueName\":\"search_term_string\"}}],\"inLanguage\":\"fr-FR\"},{\"@type\":\"Organization\",\"@id\":\"https:\\\/\\\/www.koonings.com\\\/fr\\\/#organization\",\"name\":\"Koonings\",\"url\":\"https:\\\/\\\/www.koonings.com\\\/fr\\\/\",\"logo\":{\"@type\":\"ImageObject\",\"inLanguage\":\"fr-FR\",\"@id\":\"https:\\\/\\\/www.koonings.com\\\/fr\\\/#\\\/schema\\\/logo\\\/image\\\/\",\"url\":\"https:\\\/\\\/www.koonings.com\\\/wp-content\\\/uploads\\\/2024\\\/07\\\/logo.png\",\"contentUrl\":\"https:\\\/\\\/www.koonings.com\\\/wp-content\\\/uploads\\\/2024\\\/07\\\/logo.png\",\"width\":600,\"height\":428,\"caption\":\"Koonings\"},\"image\":{\"@id\":\"https:\\\/\\\/www.koonings.com\\\/fr\\\/#\\\/schema\\\/logo\\\/image\\\/\"},\"sameAs\":[\"https:\\\/\\\/www.facebook.com\\\/kooningstheweddingpalace\",\"https:\\\/\\\/www.instagram.com\\\/kooningstheweddingpalace\",\"https:\\\/\\\/www.pinterest.com\\\/koonings\",\"https:\\\/\\\/www.youtube.com\\\/kooningstheweddingpalace\"]}]}<\/script>\n<!-- \/ Yoast SEO plugin. -->","yoast_head_json":{"title":"Milla Nova Harriet | Koonings","description":"La Milla Nova Harriet est une robe de mari\u00e9e majestueuse qui allie \u00e9l\u00e9gance classique et sophistication moderne. Cette robe de bal de la collection \"Sounds of Couture\" est fabriqu\u00e9e \u00e0 partir de plusieurs couches de dentelle richement embellie, ce qui lui conf\u00e8re un aspect luxueux. Elle pr\u00e9sente un d\u00e9collet\u00e9 en V profond avec effet d'illusion, un corset ajust\u00e9 avec des manches longues et une ligne d'\u00e9paule carr\u00e9e. La jupe volumineuse s'\u00e9vase en une longue tra\u00eene impressionnante, ce qui en fait la robe id\u00e9ale pour un grand mariage. La Harriet est disponible en ivoire et se trouve exclusivement chez Koonings The Wedding Palace \u00e0 Deurne, o\u00f9 vous pouvez prendre rendez-vous pour essayer cette robe de r\u00eave.","robots":{"index":"index","follow":"follow","max-snippet":"max-snippet:-1","max-image-preview":"max-image-preview:large","max-video-preview":"max-video-preview:-1"},"canonical":"https:\/\/www.koonings.com\/fr\/product\/milla-nova-harriet\/","og_locale":"fr_FR","og_type":"article","og_title":"Milla Nova Harriet | Koonings","og_description":"La Milla Nova Harriet est une robe de mari\u00e9e majestueuse qui allie \u00e9l\u00e9gance classique et sophistication moderne. Cette robe de bal de la collection \"Sounds of Couture\" est fabriqu\u00e9e \u00e0 partir de plusieurs couches de dentelle richement embellie, ce qui lui conf\u00e8re un aspect luxueux. Elle pr\u00e9sente un d\u00e9collet\u00e9 en V profond avec effet d'illusion, un corset ajust\u00e9 avec des manches longues et une ligne d'\u00e9paule carr\u00e9e. La jupe volumineuse s'\u00e9vase en une longue tra\u00eene impressionnante, ce qui en fait la robe id\u00e9ale pour un grand mariage. La Harriet est disponible en ivoire et se trouve exclusivement chez Koonings The Wedding Palace \u00e0 Deurne, o\u00f9 vous pouvez prendre rendez-vous pour essayer cette robe de r\u00eave.","og_url":"https:\/\/www.koonings.com\/fr\/product\/milla-nova-harriet\/","og_site_name":"Koonings","article_publisher":"https:\/\/www.facebook.com\/kooningstheweddingpalace","og_image":[{"width":1810,"height":2560,"url":"https:\/\/www.koonings.com\/wp-content\/uploads\/2025\/04\/49891_3beb7b79956e630eaaec56dba0590a2ab882a101af4cca55ed31c8d8a9c0ea58ab8a5cc4-scaled.jpeg","type":"image\/jpeg"}],"twitter_card":"summary_large_image","twitter_misc":{"Dur\u00e9e de lecture estim\u00e9e":"1 minute"},"schema":{"@context":"https:\/\/schema.org","@graph":[{"@type":"WebPage","@id":"https:\/\/www.koonings.com\/fr\/product\/milla-nova-harriet\/","url":"https:\/\/www.koonings.com\/fr\/product\/milla-nova-harriet\/","name":"Milla Nova Harriet | Koonings","isPartOf":{"@id":"https:\/\/www.koonings.com\/fr\/#website"},"primaryImageOfPage":{"@id":"https:\/\/www.koonings.com\/fr\/product\/milla-nova-harriet\/#primaryimage"},"image":{"@id":"https:\/\/www.koonings.com\/fr\/product\/milla-nova-harriet\/#primaryimage"},"thumbnailUrl":"https:\/\/www.koonings.com\/wp-content\/uploads\/2025\/04\/49891_3beb7b79956e630eaaec56dba0590a2ab882a101af4cca55ed31c8d8a9c0ea58ab8a5cc4-scaled.jpeg","datePublished":"2026-05-06T13:30:55+00:00","description":"La Milla Nova Harriet est une robe de mari\u00e9e majestueuse qui allie \u00e9l\u00e9gance classique et sophistication moderne. Cette robe de bal de la collection \"Sounds of Couture\" est fabriqu\u00e9e \u00e0 partir de plusieurs couches de dentelle richement embellie, ce qui lui conf\u00e8re un aspect luxueux. Elle pr\u00e9sente un d\u00e9collet\u00e9 en V profond avec effet d'illusion, un corset ajust\u00e9 avec des manches longues et une ligne d'\u00e9paule carr\u00e9e. La jupe volumineuse s'\u00e9vase en une longue tra\u00eene impressionnante, ce qui en fait la robe id\u00e9ale pour un grand mariage. La Harriet est disponible en ivoire et se trouve exclusivement chez Koonings The Wedding Palace \u00e0 Deurne, o\u00f9 vous pouvez prendre rendez-vous pour essayer cette robe de r\u00eave.","breadcrumb":{"@id":"https:\/\/www.koonings.com\/fr\/product\/milla-nova-harriet\/#breadcrumb"},"inLanguage":"fr-FR","potentialAction":[{"@type":"ReadAction","target":["https:\/\/www.koonings.com\/fr\/product\/milla-nova-harriet\/"]}]},{"@type":"ImageObject","inLanguage":"fr-FR","@id":"https:\/\/www.koonings.com\/fr\/product\/milla-nova-harriet\/#primaryimage","url":"https:\/\/www.koonings.com\/wp-content\/uploads\/2025\/04\/49891_3beb7b79956e630eaaec56dba0590a2ab882a101af4cca55ed31c8d8a9c0ea58ab8a5cc4-scaled.jpeg","contentUrl":"https:\/\/www.koonings.com\/wp-content\/uploads\/2025\/04\/49891_3beb7b79956e630eaaec56dba0590a2ab882a101af4cca55ed31c8d8a9c0ea58ab8a5cc4-scaled.jpeg","width":1810,"height":2560},{"@type":"BreadcrumbList","@id":"https:\/\/www.koonings.com\/fr\/product\/milla-nova-harriet\/#breadcrumb","itemListElement":[{"@type":"ListItem","position":1,"name":"Home","item":"https:\/\/www.koonings.com\/fr\/"},{"@type":"ListItem","position":2,"name":"Milla Nova Harriet"}]},{"@type":"WebSite","@id":"https:\/\/www.koonings.com\/fr\/#website","url":"https:\/\/www.koonings.com\/fr\/","name":"Koonings","description":"De grootste bruidsmodewinkel ter wereld","publisher":{"@id":"https:\/\/www.koonings.com\/fr\/#organization"},"potentialAction":[{"@type":"SearchAction","target":{"@type":"EntryPoint","urlTemplate":"https:\/\/www.koonings.com\/fr\/?s={search_term_string}"},"query-input":{"@type":"PropertyValueSpecification","valueRequired":true,"valueName":"search_term_string"}}],"inLanguage":"fr-FR"},{"@type":"Organization","@id":"https:\/\/www.koonings.com\/fr\/#organization","name":"Koonings","url":"https:\/\/www.koonings.com\/fr\/","logo":{"@type":"ImageObject","inLanguage":"fr-FR","@id":"https:\/\/www.koonings.com\/fr\/#\/schema\/logo\/image\/","url":"https:\/\/www.koonings.com\/wp-content\/uploads\/2024\/07\/logo.png","contentUrl":"https:\/\/www.koonings.com\/wp-content\/uploads\/2024\/07\/logo.png","width":600,"height":428,"caption":"Koonings"},"image":{"@id":"https:\/\/www.koonings.com\/fr\/#\/schema\/logo\/image\/"},"sameAs":["https:\/\/www.facebook.com\/kooningstheweddingpalace","https:\/\/www.instagram.com\/kooningstheweddingpalace","https:\/\/www.pinterest.com\/koonings","https:\/\/www.youtube.com\/kooningstheweddingpalace"]}]}},"_links":{"self":[{"href":"https:\/\/www.koonings.com\/fr\/wp-json\/wp\/v2\/product\/85151","targetHints":{"allow":["GET"]}}],"collection":[{"href":"https:\/\/www.koonings.com\/fr\/wp-json\/wp\/v2\/product"}],"about":[{"href":"https:\/\/www.koonings.com\/fr\/wp-json\/wp\/v2\/types\/product"}],"wp:featuredmedia":[{"embeddable":true,"href":"https:\/\/www.koonings.com\/fr\/wp-json\/wp\/v2\/media\/83766"}],"wp:attachment":[{"href":"https:\/\/www.koonings.com\/fr\/wp-json\/wp\/v2\/media?parent=85151"}],"wp:term":[{"taxonomy":"productdetails","embeddable":true,"href":"https:\/\/www.koonings.com\/fr\/wp-json\/wp\/v2\/productdetails?post=85151"},{"taxonomy":"productneck","embeddable":true,"href":"https:\/\/www.koonings.com\/fr\/wp-json\/wp\/v2\/productneck?post=85151"},{"taxonomy":"productcolor","embeddable":true,"href":"https:\/\/www.koonings.com\/fr\/wp-json\/wp\/v2\/productcolor?post=85151"},{"taxonomy":"maat","embeddable":true,"href":"https:\/\/www.koonings.com\/fr\/wp-json\/wp\/v2\/maat?post=85151"},{"taxonomy":"productsupplier","embeddable":true,"href":"https:\/\/www.koonings.com\/fr\/wp-json\/wp\/v2\/productsupplier?post=85151"},{"taxonomy":"productsleeve","embeddable":true,"href":"https:\/\/www.koonings.com\/fr\/wp-json\/wp\/v2\/productsleeve?post=85151"},{"taxonomy":"productcategory","embeddable":true,"href":"https:\/\/www.koonings.com\/fr\/wp-json\/wp\/v2\/productcategory?post=85151"},{"taxonomy":"productsilhouette","embeddable":true,"href":"https:\/\/www.koonings.com\/fr\/wp-json\/wp\/v2\/productsilhouette?post=85151"},{"taxonomy":"productstyle","embeddable":true,"href":"https:\/\/www.koonings.com\/fr\/wp-json\/wp\/v2\/productstyle?post=85151"}],"curies":[{"name":"wp","href":"https:\/\/api.w.org\/{rel}","templated":true}]}}