{"id":85142,"date":"2026-04-28T18:30:42","date_gmt":"2026-04-28T16:30:42","guid":{"rendered":"https:\/\/www.koonings.com\/product\/berta-bridal-22-p106\/"},"modified":"2026-02-16T15:14:31","modified_gmt":"2026-02-16T14:14:31","slug":"berta-bridal-22-p106","status":"publish","type":"product","link":"https:\/\/www.koonings.com\/fr\/product\/berta-bridal-22-p106\/","title":{"rendered":"Berta Bridal 22-P107"},"content":{"rendered":"<p>La Berta Bridal 22-P106 est une robe de mari\u00e9e \u00e9poustouflante de la collection Berta Priv\u00e9e, con\u00e7ue pour la mari\u00e9e qui recherche une combinaison d&#8217;\u00e9l\u00e9gance classique et d&#8217;allure moderne. Cette robe pr\u00e9sente une silhouette sir\u00e8ne pr\u00e8s du corps qui met merveilleusement en valeur les courbes f\u00e9minines. Le d\u00e9collet\u00e9 en c\u0153ur sans bretelles et le corset transparent cr\u00e9ent une allure sensuelle, tandis que la dentelle et les broderies d\u00e9licates conf\u00e8rent \u00e0 la robe une touche romantique. La longue tra\u00eene fluide ajoute un effet dramatique, parfait pour une entr\u00e9e inoubliable.<br \/>\nCette robe exclusive est disponible chez Koonings The Wedding Palace \u00e0 Deurne, o\u00f9 vous pouvez cr\u00e9er le look de mari\u00e9e parfait sous la direction de stylistes exp\u00e9riment\u00e9s. Prenez rendez-vous pour essayer la Berta Bridal 22-P106 et d\u00e9couvrez par vous-m\u00eame le luxe et l&#8217;\u00e9l\u00e9gance de ce chef-d&#8217;\u0153uvre.    <\/p>\n","protected":false},"featured_media":83824,"template":"","meta":{"_acf_changed":false,"ghostkit_customizer_options":"","ghostkit_custom_css":"","ghostkit_custom_js_head":"","ghostkit_custom_js_foot":"","ghostkit_typography":""},"productdetails":[379],"productneck":[354,355],"productcolor":[393,392],"maat":[],"productsupplier":[463],"productsleeve":[],"productcategory":[18],"productsilhouette":[387],"productstyle":[367,366],"class_list":["post-85142","product","type-product","status-publish","has-post-thumbnail","hentry","productdetails-379","productneck-354","productneck-355","productcolor-393","productcolor-392","productsupplier-berta-bridal","productcategory-trouwjurken","productsilhouette-387","productstyle-367","productstyle-366"],"acf":[],"yoast_head":"<!-- This site is optimized with the Yoast SEO plugin v27.3 - https:\/\/yoast.com\/product\/yoast-seo-wordpress\/ -->\n<title>Berta Bridal 22-P107 | Koonings<\/title>\n<meta name=\"description\" content=\"La Berta Bridal 22-P106 est une robe de mari\u00e9e \u00e9poustouflante de la collection Berta Priv\u00e9e, con\u00e7ue pour la mari\u00e9e qui recherche une combinaison d&#039;\u00e9l\u00e9gance classique et d&#039;allure moderne. Cette robe pr\u00e9sente une silhouette sir\u00e8ne pr\u00e8s du corps qui met merveilleusement en valeur les courbes f\u00e9minines. Le d\u00e9collet\u00e9 en c\u0153ur sans bretelles et le corset transparent cr\u00e9ent une allure sensuelle, tandis que la dentelle et les broderies d\u00e9licates conf\u00e8rent \u00e0 la robe une touche romantique. La longue tra\u00eene fluide ajoute un effet dramatique, parfait pour une entr\u00e9e inoubliable. Cette robe exclusive est disponible chez Koonings The Wedding Palace \u00e0 Deurne, o\u00f9 vous pouvez cr\u00e9er le look de mari\u00e9e parfait sous la direction de stylistes exp\u00e9riment\u00e9s. Prenez rendez-vous pour essayer la Berta Bridal 22-P106 et d\u00e9couvrez par vous-m\u00eame le luxe et l&#039;\u00e9l\u00e9gance de ce chef-d&#039;\u0153uvre.\" \/>\n<meta name=\"robots\" content=\"index, follow, max-snippet:-1, max-image-preview:large, max-video-preview:-1\" \/>\n<link rel=\"canonical\" href=\"https:\/\/www.koonings.com\/fr\/product\/berta-bridal-22-p106\/\" \/>\n<meta property=\"og:locale\" content=\"fr_FR\" \/>\n<meta property=\"og:type\" content=\"article\" \/>\n<meta property=\"og:title\" content=\"Berta Bridal 22-P107 | Koonings\" \/>\n<meta property=\"og:description\" content=\"La Berta Bridal 22-P106 est une robe de mari\u00e9e \u00e9poustouflante de la collection Berta Priv\u00e9e, con\u00e7ue pour la mari\u00e9e qui recherche une combinaison d&#039;\u00e9l\u00e9gance classique et d&#039;allure moderne. Cette robe pr\u00e9sente une silhouette sir\u00e8ne pr\u00e8s du corps qui met merveilleusement en valeur les courbes f\u00e9minines. Le d\u00e9collet\u00e9 en c\u0153ur sans bretelles et le corset transparent cr\u00e9ent une allure sensuelle, tandis que la dentelle et les broderies d\u00e9licates conf\u00e8rent \u00e0 la robe une touche romantique. La longue tra\u00eene fluide ajoute un effet dramatique, parfait pour une entr\u00e9e inoubliable. Cette robe exclusive est disponible chez Koonings The Wedding Palace \u00e0 Deurne, o\u00f9 vous pouvez cr\u00e9er le look de mari\u00e9e parfait sous la direction de stylistes exp\u00e9riment\u00e9s. Prenez rendez-vous pour essayer la Berta Bridal 22-P106 et d\u00e9couvrez par vous-m\u00eame le luxe et l&#039;\u00e9l\u00e9gance de ce chef-d&#039;\u0153uvre.\" \/>\n<meta property=\"og:url\" content=\"https:\/\/www.koonings.com\/fr\/product\/berta-bridal-22-p106\/\" \/>\n<meta property=\"og:site_name\" content=\"Koonings\" \/>\n<meta property=\"article:publisher\" content=\"https:\/\/www.facebook.com\/kooningstheweddingpalace\" \/>\n<meta property=\"og:image\" content=\"https:\/\/www.koonings.com\/wp-content\/uploads\/2025\/04\/49882_083b701d66c05291084c76d91249d73f8107f243801cb6864e862b907bde5099a9278585.jpeg\" \/>\n\t<meta property=\"og:image:width\" content=\"1293\" \/>\n\t<meta property=\"og:image:height\" content=\"1831\" \/>\n\t<meta property=\"og:image:type\" content=\"image\/jpeg\" \/>\n<meta name=\"twitter:card\" content=\"summary_large_image\" \/>\n<meta name=\"twitter:label1\" content=\"Dur\u00e9e de lecture estim\u00e9e\" \/>\n\t<meta name=\"twitter:data1\" content=\"1 minute\" \/>\n<script type=\"application\/ld+json\" class=\"yoast-schema-graph\">{\"@context\":\"https:\\\/\\\/schema.org\",\"@graph\":[{\"@type\":\"WebPage\",\"@id\":\"https:\\\/\\\/www.koonings.com\\\/fr\\\/product\\\/berta-bridal-22-p106\\\/\",\"url\":\"https:\\\/\\\/www.koonings.com\\\/fr\\\/product\\\/berta-bridal-22-p106\\\/\",\"name\":\"Berta Bridal 22-P107 | Koonings\",\"isPartOf\":{\"@id\":\"https:\\\/\\\/www.koonings.com\\\/fr\\\/#website\"},\"primaryImageOfPage\":{\"@id\":\"https:\\\/\\\/www.koonings.com\\\/fr\\\/product\\\/berta-bridal-22-p106\\\/#primaryimage\"},\"image\":{\"@id\":\"https:\\\/\\\/www.koonings.com\\\/fr\\\/product\\\/berta-bridal-22-p106\\\/#primaryimage\"},\"thumbnailUrl\":\"https:\\\/\\\/www.koonings.com\\\/wp-content\\\/uploads\\\/2025\\\/04\\\/49882_083b701d66c05291084c76d91249d73f8107f243801cb6864e862b907bde5099a9278585.jpeg\",\"datePublished\":\"2026-04-28T16:30:42+00:00\",\"description\":\"La Berta Bridal 22-P106 est une robe de mari\u00e9e \u00e9poustouflante de la collection Berta Priv\u00e9e, con\u00e7ue pour la mari\u00e9e qui recherche une combinaison d'\u00e9l\u00e9gance classique et d'allure moderne. Cette robe pr\u00e9sente une silhouette sir\u00e8ne pr\u00e8s du corps qui met merveilleusement en valeur les courbes f\u00e9minines. Le d\u00e9collet\u00e9 en c\u0153ur sans bretelles et le corset transparent cr\u00e9ent une allure sensuelle, tandis que la dentelle et les broderies d\u00e9licates conf\u00e8rent \u00e0 la robe une touche romantique. La longue tra\u00eene fluide ajoute un effet dramatique, parfait pour une entr\u00e9e inoubliable. Cette robe exclusive est disponible chez Koonings The Wedding Palace \u00e0 Deurne, o\u00f9 vous pouvez cr\u00e9er le look de mari\u00e9e parfait sous la direction de stylistes exp\u00e9riment\u00e9s. Prenez rendez-vous pour essayer la Berta Bridal 22-P106 et d\u00e9couvrez par vous-m\u00eame le luxe et l'\u00e9l\u00e9gance de ce chef-d'\u0153uvre.\",\"breadcrumb\":{\"@id\":\"https:\\\/\\\/www.koonings.com\\\/fr\\\/product\\\/berta-bridal-22-p106\\\/#breadcrumb\"},\"inLanguage\":\"fr-FR\",\"potentialAction\":[{\"@type\":\"ReadAction\",\"target\":[\"https:\\\/\\\/www.koonings.com\\\/fr\\\/product\\\/berta-bridal-22-p106\\\/\"]}]},{\"@type\":\"ImageObject\",\"inLanguage\":\"fr-FR\",\"@id\":\"https:\\\/\\\/www.koonings.com\\\/fr\\\/product\\\/berta-bridal-22-p106\\\/#primaryimage\",\"url\":\"https:\\\/\\\/www.koonings.com\\\/wp-content\\\/uploads\\\/2025\\\/04\\\/49882_083b701d66c05291084c76d91249d73f8107f243801cb6864e862b907bde5099a9278585.jpeg\",\"contentUrl\":\"https:\\\/\\\/www.koonings.com\\\/wp-content\\\/uploads\\\/2025\\\/04\\\/49882_083b701d66c05291084c76d91249d73f8107f243801cb6864e862b907bde5099a9278585.jpeg\",\"width\":1293,\"height\":1831},{\"@type\":\"BreadcrumbList\",\"@id\":\"https:\\\/\\\/www.koonings.com\\\/fr\\\/product\\\/berta-bridal-22-p106\\\/#breadcrumb\",\"itemListElement\":[{\"@type\":\"ListItem\",\"position\":1,\"name\":\"Home\",\"item\":\"https:\\\/\\\/www.koonings.com\\\/fr\\\/\"},{\"@type\":\"ListItem\",\"position\":2,\"name\":\"Berta Bridal 22-P107\"}]},{\"@type\":\"WebSite\",\"@id\":\"https:\\\/\\\/www.koonings.com\\\/fr\\\/#website\",\"url\":\"https:\\\/\\\/www.koonings.com\\\/fr\\\/\",\"name\":\"Koonings\",\"description\":\"De grootste bruidsmodewinkel ter wereld\",\"publisher\":{\"@id\":\"https:\\\/\\\/www.koonings.com\\\/fr\\\/#organization\"},\"potentialAction\":[{\"@type\":\"SearchAction\",\"target\":{\"@type\":\"EntryPoint\",\"urlTemplate\":\"https:\\\/\\\/www.koonings.com\\\/fr\\\/?s={search_term_string}\"},\"query-input\":{\"@type\":\"PropertyValueSpecification\",\"valueRequired\":true,\"valueName\":\"search_term_string\"}}],\"inLanguage\":\"fr-FR\"},{\"@type\":\"Organization\",\"@id\":\"https:\\\/\\\/www.koonings.com\\\/fr\\\/#organization\",\"name\":\"Koonings\",\"url\":\"https:\\\/\\\/www.koonings.com\\\/fr\\\/\",\"logo\":{\"@type\":\"ImageObject\",\"inLanguage\":\"fr-FR\",\"@id\":\"https:\\\/\\\/www.koonings.com\\\/fr\\\/#\\\/schema\\\/logo\\\/image\\\/\",\"url\":\"https:\\\/\\\/www.koonings.com\\\/wp-content\\\/uploads\\\/2024\\\/07\\\/logo.png\",\"contentUrl\":\"https:\\\/\\\/www.koonings.com\\\/wp-content\\\/uploads\\\/2024\\\/07\\\/logo.png\",\"width\":600,\"height\":428,\"caption\":\"Koonings\"},\"image\":{\"@id\":\"https:\\\/\\\/www.koonings.com\\\/fr\\\/#\\\/schema\\\/logo\\\/image\\\/\"},\"sameAs\":[\"https:\\\/\\\/www.facebook.com\\\/kooningstheweddingpalace\",\"https:\\\/\\\/www.instagram.com\\\/kooningstheweddingpalace\",\"https:\\\/\\\/www.pinterest.com\\\/koonings\",\"https:\\\/\\\/www.youtube.com\\\/kooningstheweddingpalace\"]}]}<\/script>\n<!-- \/ Yoast SEO plugin. -->","yoast_head_json":{"title":"Berta Bridal 22-P107 | Koonings","description":"La Berta Bridal 22-P106 est une robe de mari\u00e9e \u00e9poustouflante de la collection Berta Priv\u00e9e, con\u00e7ue pour la mari\u00e9e qui recherche une combinaison d'\u00e9l\u00e9gance classique et d'allure moderne. Cette robe pr\u00e9sente une silhouette sir\u00e8ne pr\u00e8s du corps qui met merveilleusement en valeur les courbes f\u00e9minines. Le d\u00e9collet\u00e9 en c\u0153ur sans bretelles et le corset transparent cr\u00e9ent une allure sensuelle, tandis que la dentelle et les broderies d\u00e9licates conf\u00e8rent \u00e0 la robe une touche romantique. La longue tra\u00eene fluide ajoute un effet dramatique, parfait pour une entr\u00e9e inoubliable. Cette robe exclusive est disponible chez Koonings The Wedding Palace \u00e0 Deurne, o\u00f9 vous pouvez cr\u00e9er le look de mari\u00e9e parfait sous la direction de stylistes exp\u00e9riment\u00e9s. Prenez rendez-vous pour essayer la Berta Bridal 22-P106 et d\u00e9couvrez par vous-m\u00eame le luxe et l'\u00e9l\u00e9gance de ce chef-d'\u0153uvre.","robots":{"index":"index","follow":"follow","max-snippet":"max-snippet:-1","max-image-preview":"max-image-preview:large","max-video-preview":"max-video-preview:-1"},"canonical":"https:\/\/www.koonings.com\/fr\/product\/berta-bridal-22-p106\/","og_locale":"fr_FR","og_type":"article","og_title":"Berta Bridal 22-P107 | Koonings","og_description":"La Berta Bridal 22-P106 est une robe de mari\u00e9e \u00e9poustouflante de la collection Berta Priv\u00e9e, con\u00e7ue pour la mari\u00e9e qui recherche une combinaison d'\u00e9l\u00e9gance classique et d'allure moderne. Cette robe pr\u00e9sente une silhouette sir\u00e8ne pr\u00e8s du corps qui met merveilleusement en valeur les courbes f\u00e9minines. Le d\u00e9collet\u00e9 en c\u0153ur sans bretelles et le corset transparent cr\u00e9ent une allure sensuelle, tandis que la dentelle et les broderies d\u00e9licates conf\u00e8rent \u00e0 la robe une touche romantique. La longue tra\u00eene fluide ajoute un effet dramatique, parfait pour une entr\u00e9e inoubliable. Cette robe exclusive est disponible chez Koonings The Wedding Palace \u00e0 Deurne, o\u00f9 vous pouvez cr\u00e9er le look de mari\u00e9e parfait sous la direction de stylistes exp\u00e9riment\u00e9s. Prenez rendez-vous pour essayer la Berta Bridal 22-P106 et d\u00e9couvrez par vous-m\u00eame le luxe et l'\u00e9l\u00e9gance de ce chef-d'\u0153uvre.","og_url":"https:\/\/www.koonings.com\/fr\/product\/berta-bridal-22-p106\/","og_site_name":"Koonings","article_publisher":"https:\/\/www.facebook.com\/kooningstheweddingpalace","og_image":[{"width":1293,"height":1831,"url":"https:\/\/www.koonings.com\/wp-content\/uploads\/2025\/04\/49882_083b701d66c05291084c76d91249d73f8107f243801cb6864e862b907bde5099a9278585.jpeg","type":"image\/jpeg"}],"twitter_card":"summary_large_image","twitter_misc":{"Dur\u00e9e de lecture estim\u00e9e":"1 minute"},"schema":{"@context":"https:\/\/schema.org","@graph":[{"@type":"WebPage","@id":"https:\/\/www.koonings.com\/fr\/product\/berta-bridal-22-p106\/","url":"https:\/\/www.koonings.com\/fr\/product\/berta-bridal-22-p106\/","name":"Berta Bridal 22-P107 | Koonings","isPartOf":{"@id":"https:\/\/www.koonings.com\/fr\/#website"},"primaryImageOfPage":{"@id":"https:\/\/www.koonings.com\/fr\/product\/berta-bridal-22-p106\/#primaryimage"},"image":{"@id":"https:\/\/www.koonings.com\/fr\/product\/berta-bridal-22-p106\/#primaryimage"},"thumbnailUrl":"https:\/\/www.koonings.com\/wp-content\/uploads\/2025\/04\/49882_083b701d66c05291084c76d91249d73f8107f243801cb6864e862b907bde5099a9278585.jpeg","datePublished":"2026-04-28T16:30:42+00:00","description":"La Berta Bridal 22-P106 est une robe de mari\u00e9e \u00e9poustouflante de la collection Berta Priv\u00e9e, con\u00e7ue pour la mari\u00e9e qui recherche une combinaison d'\u00e9l\u00e9gance classique et d'allure moderne. Cette robe pr\u00e9sente une silhouette sir\u00e8ne pr\u00e8s du corps qui met merveilleusement en valeur les courbes f\u00e9minines. Le d\u00e9collet\u00e9 en c\u0153ur sans bretelles et le corset transparent cr\u00e9ent une allure sensuelle, tandis que la dentelle et les broderies d\u00e9licates conf\u00e8rent \u00e0 la robe une touche romantique. La longue tra\u00eene fluide ajoute un effet dramatique, parfait pour une entr\u00e9e inoubliable. Cette robe exclusive est disponible chez Koonings The Wedding Palace \u00e0 Deurne, o\u00f9 vous pouvez cr\u00e9er le look de mari\u00e9e parfait sous la direction de stylistes exp\u00e9riment\u00e9s. Prenez rendez-vous pour essayer la Berta Bridal 22-P106 et d\u00e9couvrez par vous-m\u00eame le luxe et l'\u00e9l\u00e9gance de ce chef-d'\u0153uvre.","breadcrumb":{"@id":"https:\/\/www.koonings.com\/fr\/product\/berta-bridal-22-p106\/#breadcrumb"},"inLanguage":"fr-FR","potentialAction":[{"@type":"ReadAction","target":["https:\/\/www.koonings.com\/fr\/product\/berta-bridal-22-p106\/"]}]},{"@type":"ImageObject","inLanguage":"fr-FR","@id":"https:\/\/www.koonings.com\/fr\/product\/berta-bridal-22-p106\/#primaryimage","url":"https:\/\/www.koonings.com\/wp-content\/uploads\/2025\/04\/49882_083b701d66c05291084c76d91249d73f8107f243801cb6864e862b907bde5099a9278585.jpeg","contentUrl":"https:\/\/www.koonings.com\/wp-content\/uploads\/2025\/04\/49882_083b701d66c05291084c76d91249d73f8107f243801cb6864e862b907bde5099a9278585.jpeg","width":1293,"height":1831},{"@type":"BreadcrumbList","@id":"https:\/\/www.koonings.com\/fr\/product\/berta-bridal-22-p106\/#breadcrumb","itemListElement":[{"@type":"ListItem","position":1,"name":"Home","item":"https:\/\/www.koonings.com\/fr\/"},{"@type":"ListItem","position":2,"name":"Berta Bridal 22-P107"}]},{"@type":"WebSite","@id":"https:\/\/www.koonings.com\/fr\/#website","url":"https:\/\/www.koonings.com\/fr\/","name":"Koonings","description":"De grootste bruidsmodewinkel ter wereld","publisher":{"@id":"https:\/\/www.koonings.com\/fr\/#organization"},"potentialAction":[{"@type":"SearchAction","target":{"@type":"EntryPoint","urlTemplate":"https:\/\/www.koonings.com\/fr\/?s={search_term_string}"},"query-input":{"@type":"PropertyValueSpecification","valueRequired":true,"valueName":"search_term_string"}}],"inLanguage":"fr-FR"},{"@type":"Organization","@id":"https:\/\/www.koonings.com\/fr\/#organization","name":"Koonings","url":"https:\/\/www.koonings.com\/fr\/","logo":{"@type":"ImageObject","inLanguage":"fr-FR","@id":"https:\/\/www.koonings.com\/fr\/#\/schema\/logo\/image\/","url":"https:\/\/www.koonings.com\/wp-content\/uploads\/2024\/07\/logo.png","contentUrl":"https:\/\/www.koonings.com\/wp-content\/uploads\/2024\/07\/logo.png","width":600,"height":428,"caption":"Koonings"},"image":{"@id":"https:\/\/www.koonings.com\/fr\/#\/schema\/logo\/image\/"},"sameAs":["https:\/\/www.facebook.com\/kooningstheweddingpalace","https:\/\/www.instagram.com\/kooningstheweddingpalace","https:\/\/www.pinterest.com\/koonings","https:\/\/www.youtube.com\/kooningstheweddingpalace"]}]}},"_links":{"self":[{"href":"https:\/\/www.koonings.com\/fr\/wp-json\/wp\/v2\/product\/85142","targetHints":{"allow":["GET"]}}],"collection":[{"href":"https:\/\/www.koonings.com\/fr\/wp-json\/wp\/v2\/product"}],"about":[{"href":"https:\/\/www.koonings.com\/fr\/wp-json\/wp\/v2\/types\/product"}],"wp:featuredmedia":[{"embeddable":true,"href":"https:\/\/www.koonings.com\/fr\/wp-json\/wp\/v2\/media\/83824"}],"wp:attachment":[{"href":"https:\/\/www.koonings.com\/fr\/wp-json\/wp\/v2\/media?parent=85142"}],"wp:term":[{"taxonomy":"productdetails","embeddable":true,"href":"https:\/\/www.koonings.com\/fr\/wp-json\/wp\/v2\/productdetails?post=85142"},{"taxonomy":"productneck","embeddable":true,"href":"https:\/\/www.koonings.com\/fr\/wp-json\/wp\/v2\/productneck?post=85142"},{"taxonomy":"productcolor","embeddable":true,"href":"https:\/\/www.koonings.com\/fr\/wp-json\/wp\/v2\/productcolor?post=85142"},{"taxonomy":"maat","embeddable":true,"href":"https:\/\/www.koonings.com\/fr\/wp-json\/wp\/v2\/maat?post=85142"},{"taxonomy":"productsupplier","embeddable":true,"href":"https:\/\/www.koonings.com\/fr\/wp-json\/wp\/v2\/productsupplier?post=85142"},{"taxonomy":"productsleeve","embeddable":true,"href":"https:\/\/www.koonings.com\/fr\/wp-json\/wp\/v2\/productsleeve?post=85142"},{"taxonomy":"productcategory","embeddable":true,"href":"https:\/\/www.koonings.com\/fr\/wp-json\/wp\/v2\/productcategory?post=85142"},{"taxonomy":"productsilhouette","embeddable":true,"href":"https:\/\/www.koonings.com\/fr\/wp-json\/wp\/v2\/productsilhouette?post=85142"},{"taxonomy":"productstyle","embeddable":true,"href":"https:\/\/www.koonings.com\/fr\/wp-json\/wp\/v2\/productstyle?post=85142"}],"curies":[{"name":"wp","href":"https:\/\/api.w.org\/{rel}","templated":true}]}}