{"id":85129,"date":"2026-04-14T16:32:11","date_gmt":"2026-04-14T14:32:11","guid":{"rendered":"https:\/\/www.koonings.com\/product\/abrazi-o7-kbl-amaya\/"},"modified":"2025-06-05T13:59:52","modified_gmt":"2025-06-05T11:59:52","slug":"abrazi-o7-kbl-amaya","status":"publish","type":"product","link":"https:\/\/www.koonings.com\/fr\/product\/abrazi-o7-kbl-amaya\/","title":{"rendered":"Abrazi O7-KBL Amaya"},"content":{"rendered":"<p>Les boucles d&#8217;oreilles Amaya Pearl sont compos\u00e9es d&#8217;une grappe de d\u00e9licates fleurs d&#8217;or entourant une perle d&#8217;eau douce. Cette combinaison cr\u00e9e un bijou remarquablement f\u00e9minin, parfait pour celles qui recherchent un look \u00e0 la fois \u00e9l\u00e9gant et puissant. Disponibles en plaqu\u00e9 or 14k ou rhodium.  <\/p>\n","protected":false},"featured_media":83879,"template":"","meta":{"_acf_changed":false,"ghostkit_customizer_options":"","ghostkit_custom_css":"","ghostkit_custom_js_head":"","ghostkit_custom_js_foot":"","ghostkit_typography":""},"productdetails":[],"productneck":[],"productcolor":[],"maat":[],"productsupplier":[510],"productsleeve":[],"productcategory":[511],"productsilhouette":[],"productstyle":[],"class_list":["post-85129","product","type-product","status-publish","has-post-thumbnail","hentry","productsupplier-abrazi","productcategory-sieraden"],"acf":[],"yoast_head":"<!-- This site is optimized with the Yoast SEO plugin v27.3 - https:\/\/yoast.com\/product\/yoast-seo-wordpress\/ -->\n<title>Abrazi O7-KBL Amaya | Koonings<\/title>\n<meta name=\"description\" content=\"Les boucles d&#039;oreilles Amaya Pearl sont compos\u00e9es d&#039;une grappe de d\u00e9licates fleurs d&#039;or entourant une perle d&#039;eau douce. Cette combinaison cr\u00e9e un bijou remarquablement f\u00e9minin, parfait pour celles qui recherchent un look \u00e0 la fois \u00e9l\u00e9gant et puissant. Disponibles en plaqu\u00e9 or 14k ou rhodium.\" \/>\n<meta name=\"robots\" content=\"index, follow, max-snippet:-1, max-image-preview:large, max-video-preview:-1\" \/>\n<link rel=\"canonical\" href=\"https:\/\/www.koonings.com\/fr\/product\/abrazi-o7-kbl-amaya\/\" \/>\n<meta property=\"og:locale\" content=\"fr_FR\" \/>\n<meta property=\"og:type\" content=\"article\" \/>\n<meta property=\"og:title\" content=\"Abrazi O7-KBL Amaya | Koonings\" \/>\n<meta property=\"og:description\" content=\"Les boucles d&#039;oreilles Amaya Pearl sont compos\u00e9es d&#039;une grappe de d\u00e9licates fleurs d&#039;or entourant une perle d&#039;eau douce. Cette combinaison cr\u00e9e un bijou remarquablement f\u00e9minin, parfait pour celles qui recherchent un look \u00e0 la fois \u00e9l\u00e9gant et puissant. Disponibles en plaqu\u00e9 or 14k ou rhodium.\" \/>\n<meta property=\"og:url\" content=\"https:\/\/www.koonings.com\/fr\/product\/abrazi-o7-kbl-amaya\/\" \/>\n<meta property=\"og:site_name\" content=\"Koonings\" \/>\n<meta property=\"article:publisher\" content=\"https:\/\/www.facebook.com\/kooningstheweddingpalace\" \/>\n<meta property=\"og:image\" content=\"https:\/\/www.koonings.com\/wp-content\/uploads\/2025\/04\/49800_d9521fe1ce5105e38f2b73abcf1c4c0e47707faffd9656177467e70623f3d4ab60e4588d.jpeg\" \/>\n\t<meta property=\"og:image:width\" content=\"1067\" \/>\n\t<meta property=\"og:image:height\" content=\"1600\" \/>\n\t<meta property=\"og:image:type\" content=\"image\/jpeg\" \/>\n<meta name=\"twitter:card\" content=\"summary_large_image\" \/>\n<script type=\"application\/ld+json\" class=\"yoast-schema-graph\">{\"@context\":\"https:\\\/\\\/schema.org\",\"@graph\":[{\"@type\":\"WebPage\",\"@id\":\"https:\\\/\\\/www.koonings.com\\\/fr\\\/product\\\/abrazi-o7-kbl-amaya\\\/\",\"url\":\"https:\\\/\\\/www.koonings.com\\\/fr\\\/product\\\/abrazi-o7-kbl-amaya\\\/\",\"name\":\"Abrazi O7-KBL Amaya | Koonings\",\"isPartOf\":{\"@id\":\"https:\\\/\\\/www.koonings.com\\\/fr\\\/#website\"},\"primaryImageOfPage\":{\"@id\":\"https:\\\/\\\/www.koonings.com\\\/fr\\\/product\\\/abrazi-o7-kbl-amaya\\\/#primaryimage\"},\"image\":{\"@id\":\"https:\\\/\\\/www.koonings.com\\\/fr\\\/product\\\/abrazi-o7-kbl-amaya\\\/#primaryimage\"},\"thumbnailUrl\":\"https:\\\/\\\/www.koonings.com\\\/wp-content\\\/uploads\\\/2025\\\/04\\\/49800_d9521fe1ce5105e38f2b73abcf1c4c0e47707faffd9656177467e70623f3d4ab60e4588d.jpeg\",\"datePublished\":\"2026-04-14T14:32:11+00:00\",\"description\":\"Les boucles d'oreilles Amaya Pearl sont compos\u00e9es d'une grappe de d\u00e9licates fleurs d'or entourant une perle d'eau douce. Cette combinaison cr\u00e9e un bijou remarquablement f\u00e9minin, parfait pour celles qui recherchent un look \u00e0 la fois \u00e9l\u00e9gant et puissant. Disponibles en plaqu\u00e9 or 14k ou rhodium.\",\"breadcrumb\":{\"@id\":\"https:\\\/\\\/www.koonings.com\\\/fr\\\/product\\\/abrazi-o7-kbl-amaya\\\/#breadcrumb\"},\"inLanguage\":\"fr-FR\",\"potentialAction\":[{\"@type\":\"ReadAction\",\"target\":[\"https:\\\/\\\/www.koonings.com\\\/fr\\\/product\\\/abrazi-o7-kbl-amaya\\\/\"]}]},{\"@type\":\"ImageObject\",\"inLanguage\":\"fr-FR\",\"@id\":\"https:\\\/\\\/www.koonings.com\\\/fr\\\/product\\\/abrazi-o7-kbl-amaya\\\/#primaryimage\",\"url\":\"https:\\\/\\\/www.koonings.com\\\/wp-content\\\/uploads\\\/2025\\\/04\\\/49800_d9521fe1ce5105e38f2b73abcf1c4c0e47707faffd9656177467e70623f3d4ab60e4588d.jpeg\",\"contentUrl\":\"https:\\\/\\\/www.koonings.com\\\/wp-content\\\/uploads\\\/2025\\\/04\\\/49800_d9521fe1ce5105e38f2b73abcf1c4c0e47707faffd9656177467e70623f3d4ab60e4588d.jpeg\",\"width\":1067,\"height\":1600},{\"@type\":\"BreadcrumbList\",\"@id\":\"https:\\\/\\\/www.koonings.com\\\/fr\\\/product\\\/abrazi-o7-kbl-amaya\\\/#breadcrumb\",\"itemListElement\":[{\"@type\":\"ListItem\",\"position\":1,\"name\":\"Home\",\"item\":\"https:\\\/\\\/www.koonings.com\\\/fr\\\/\"},{\"@type\":\"ListItem\",\"position\":2,\"name\":\"Abrazi O7-KBL Amaya\"}]},{\"@type\":\"WebSite\",\"@id\":\"https:\\\/\\\/www.koonings.com\\\/fr\\\/#website\",\"url\":\"https:\\\/\\\/www.koonings.com\\\/fr\\\/\",\"name\":\"Koonings\",\"description\":\"De grootste bruidsmodewinkel ter wereld\",\"publisher\":{\"@id\":\"https:\\\/\\\/www.koonings.com\\\/fr\\\/#organization\"},\"potentialAction\":[{\"@type\":\"SearchAction\",\"target\":{\"@type\":\"EntryPoint\",\"urlTemplate\":\"https:\\\/\\\/www.koonings.com\\\/fr\\\/?s={search_term_string}\"},\"query-input\":{\"@type\":\"PropertyValueSpecification\",\"valueRequired\":true,\"valueName\":\"search_term_string\"}}],\"inLanguage\":\"fr-FR\"},{\"@type\":\"Organization\",\"@id\":\"https:\\\/\\\/www.koonings.com\\\/fr\\\/#organization\",\"name\":\"Koonings\",\"url\":\"https:\\\/\\\/www.koonings.com\\\/fr\\\/\",\"logo\":{\"@type\":\"ImageObject\",\"inLanguage\":\"fr-FR\",\"@id\":\"https:\\\/\\\/www.koonings.com\\\/fr\\\/#\\\/schema\\\/logo\\\/image\\\/\",\"url\":\"https:\\\/\\\/www.koonings.com\\\/wp-content\\\/uploads\\\/2024\\\/07\\\/logo.png\",\"contentUrl\":\"https:\\\/\\\/www.koonings.com\\\/wp-content\\\/uploads\\\/2024\\\/07\\\/logo.png\",\"width\":600,\"height\":428,\"caption\":\"Koonings\"},\"image\":{\"@id\":\"https:\\\/\\\/www.koonings.com\\\/fr\\\/#\\\/schema\\\/logo\\\/image\\\/\"},\"sameAs\":[\"https:\\\/\\\/www.facebook.com\\\/kooningstheweddingpalace\",\"https:\\\/\\\/www.instagram.com\\\/kooningstheweddingpalace\",\"https:\\\/\\\/www.pinterest.com\\\/koonings\",\"https:\\\/\\\/www.youtube.com\\\/kooningstheweddingpalace\"]}]}<\/script>\n<!-- \/ Yoast SEO plugin. -->","yoast_head_json":{"title":"Abrazi O7-KBL Amaya | Koonings","description":"Les boucles d'oreilles Amaya Pearl sont compos\u00e9es d'une grappe de d\u00e9licates fleurs d'or entourant une perle d'eau douce. Cette combinaison cr\u00e9e un bijou remarquablement f\u00e9minin, parfait pour celles qui recherchent un look \u00e0 la fois \u00e9l\u00e9gant et puissant. Disponibles en plaqu\u00e9 or 14k ou rhodium.","robots":{"index":"index","follow":"follow","max-snippet":"max-snippet:-1","max-image-preview":"max-image-preview:large","max-video-preview":"max-video-preview:-1"},"canonical":"https:\/\/www.koonings.com\/fr\/product\/abrazi-o7-kbl-amaya\/","og_locale":"fr_FR","og_type":"article","og_title":"Abrazi O7-KBL Amaya | Koonings","og_description":"Les boucles d'oreilles Amaya Pearl sont compos\u00e9es d'une grappe de d\u00e9licates fleurs d'or entourant une perle d'eau douce. Cette combinaison cr\u00e9e un bijou remarquablement f\u00e9minin, parfait pour celles qui recherchent un look \u00e0 la fois \u00e9l\u00e9gant et puissant. Disponibles en plaqu\u00e9 or 14k ou rhodium.","og_url":"https:\/\/www.koonings.com\/fr\/product\/abrazi-o7-kbl-amaya\/","og_site_name":"Koonings","article_publisher":"https:\/\/www.facebook.com\/kooningstheweddingpalace","og_image":[{"width":1067,"height":1600,"url":"https:\/\/www.koonings.com\/wp-content\/uploads\/2025\/04\/49800_d9521fe1ce5105e38f2b73abcf1c4c0e47707faffd9656177467e70623f3d4ab60e4588d.jpeg","type":"image\/jpeg"}],"twitter_card":"summary_large_image","schema":{"@context":"https:\/\/schema.org","@graph":[{"@type":"WebPage","@id":"https:\/\/www.koonings.com\/fr\/product\/abrazi-o7-kbl-amaya\/","url":"https:\/\/www.koonings.com\/fr\/product\/abrazi-o7-kbl-amaya\/","name":"Abrazi O7-KBL Amaya | Koonings","isPartOf":{"@id":"https:\/\/www.koonings.com\/fr\/#website"},"primaryImageOfPage":{"@id":"https:\/\/www.koonings.com\/fr\/product\/abrazi-o7-kbl-amaya\/#primaryimage"},"image":{"@id":"https:\/\/www.koonings.com\/fr\/product\/abrazi-o7-kbl-amaya\/#primaryimage"},"thumbnailUrl":"https:\/\/www.koonings.com\/wp-content\/uploads\/2025\/04\/49800_d9521fe1ce5105e38f2b73abcf1c4c0e47707faffd9656177467e70623f3d4ab60e4588d.jpeg","datePublished":"2026-04-14T14:32:11+00:00","description":"Les boucles d'oreilles Amaya Pearl sont compos\u00e9es d'une grappe de d\u00e9licates fleurs d'or entourant une perle d'eau douce. Cette combinaison cr\u00e9e un bijou remarquablement f\u00e9minin, parfait pour celles qui recherchent un look \u00e0 la fois \u00e9l\u00e9gant et puissant. Disponibles en plaqu\u00e9 or 14k ou rhodium.","breadcrumb":{"@id":"https:\/\/www.koonings.com\/fr\/product\/abrazi-o7-kbl-amaya\/#breadcrumb"},"inLanguage":"fr-FR","potentialAction":[{"@type":"ReadAction","target":["https:\/\/www.koonings.com\/fr\/product\/abrazi-o7-kbl-amaya\/"]}]},{"@type":"ImageObject","inLanguage":"fr-FR","@id":"https:\/\/www.koonings.com\/fr\/product\/abrazi-o7-kbl-amaya\/#primaryimage","url":"https:\/\/www.koonings.com\/wp-content\/uploads\/2025\/04\/49800_d9521fe1ce5105e38f2b73abcf1c4c0e47707faffd9656177467e70623f3d4ab60e4588d.jpeg","contentUrl":"https:\/\/www.koonings.com\/wp-content\/uploads\/2025\/04\/49800_d9521fe1ce5105e38f2b73abcf1c4c0e47707faffd9656177467e70623f3d4ab60e4588d.jpeg","width":1067,"height":1600},{"@type":"BreadcrumbList","@id":"https:\/\/www.koonings.com\/fr\/product\/abrazi-o7-kbl-amaya\/#breadcrumb","itemListElement":[{"@type":"ListItem","position":1,"name":"Home","item":"https:\/\/www.koonings.com\/fr\/"},{"@type":"ListItem","position":2,"name":"Abrazi O7-KBL Amaya"}]},{"@type":"WebSite","@id":"https:\/\/www.koonings.com\/fr\/#website","url":"https:\/\/www.koonings.com\/fr\/","name":"Koonings","description":"De grootste bruidsmodewinkel ter wereld","publisher":{"@id":"https:\/\/www.koonings.com\/fr\/#organization"},"potentialAction":[{"@type":"SearchAction","target":{"@type":"EntryPoint","urlTemplate":"https:\/\/www.koonings.com\/fr\/?s={search_term_string}"},"query-input":{"@type":"PropertyValueSpecification","valueRequired":true,"valueName":"search_term_string"}}],"inLanguage":"fr-FR"},{"@type":"Organization","@id":"https:\/\/www.koonings.com\/fr\/#organization","name":"Koonings","url":"https:\/\/www.koonings.com\/fr\/","logo":{"@type":"ImageObject","inLanguage":"fr-FR","@id":"https:\/\/www.koonings.com\/fr\/#\/schema\/logo\/image\/","url":"https:\/\/www.koonings.com\/wp-content\/uploads\/2024\/07\/logo.png","contentUrl":"https:\/\/www.koonings.com\/wp-content\/uploads\/2024\/07\/logo.png","width":600,"height":428,"caption":"Koonings"},"image":{"@id":"https:\/\/www.koonings.com\/fr\/#\/schema\/logo\/image\/"},"sameAs":["https:\/\/www.facebook.com\/kooningstheweddingpalace","https:\/\/www.instagram.com\/kooningstheweddingpalace","https:\/\/www.pinterest.com\/koonings","https:\/\/www.youtube.com\/kooningstheweddingpalace"]}]}},"_links":{"self":[{"href":"https:\/\/www.koonings.com\/fr\/wp-json\/wp\/v2\/product\/85129","targetHints":{"allow":["GET"]}}],"collection":[{"href":"https:\/\/www.koonings.com\/fr\/wp-json\/wp\/v2\/product"}],"about":[{"href":"https:\/\/www.koonings.com\/fr\/wp-json\/wp\/v2\/types\/product"}],"wp:featuredmedia":[{"embeddable":true,"href":"https:\/\/www.koonings.com\/fr\/wp-json\/wp\/v2\/media\/83879"}],"wp:attachment":[{"href":"https:\/\/www.koonings.com\/fr\/wp-json\/wp\/v2\/media?parent=85129"}],"wp:term":[{"taxonomy":"productdetails","embeddable":true,"href":"https:\/\/www.koonings.com\/fr\/wp-json\/wp\/v2\/productdetails?post=85129"},{"taxonomy":"productneck","embeddable":true,"href":"https:\/\/www.koonings.com\/fr\/wp-json\/wp\/v2\/productneck?post=85129"},{"taxonomy":"productcolor","embeddable":true,"href":"https:\/\/www.koonings.com\/fr\/wp-json\/wp\/v2\/productcolor?post=85129"},{"taxonomy":"maat","embeddable":true,"href":"https:\/\/www.koonings.com\/fr\/wp-json\/wp\/v2\/maat?post=85129"},{"taxonomy":"productsupplier","embeddable":true,"href":"https:\/\/www.koonings.com\/fr\/wp-json\/wp\/v2\/productsupplier?post=85129"},{"taxonomy":"productsleeve","embeddable":true,"href":"https:\/\/www.koonings.com\/fr\/wp-json\/wp\/v2\/productsleeve?post=85129"},{"taxonomy":"productcategory","embeddable":true,"href":"https:\/\/www.koonings.com\/fr\/wp-json\/wp\/v2\/productcategory?post=85129"},{"taxonomy":"productsilhouette","embeddable":true,"href":"https:\/\/www.koonings.com\/fr\/wp-json\/wp\/v2\/productsilhouette?post=85129"},{"taxonomy":"productstyle","embeddable":true,"href":"https:\/\/www.koonings.com\/fr\/wp-json\/wp\/v2\/productstyle?post=85129"}],"curies":[{"name":"wp","href":"https:\/\/api.w.org\/{rel}","templated":true}]}}