{"id":85124,"date":"2026-04-14T16:32:13","date_gmt":"2026-04-14T14:32:13","guid":{"rendered":"https:\/\/www.koonings.com\/product\/abrazi-o7-wk-indy-2\/"},"modified":"2025-06-05T13:59:53","modified_gmt":"2025-06-05T11:59:53","slug":"abrazi-o7-wk-indy-2","status":"publish","type":"product","link":"https:\/\/www.koonings.com\/fr\/product\/abrazi-o7-wk-indy-2\/","title":{"rendered":"Abrazi O7-WK Indy"},"content":{"rendered":"<p>Boucles d&#8217;oreilles Indy<br \/>\nLes boucles d&#8217;oreilles Indy pr\u00e9sentent un design abstrait et sculptural qui ajoute une touche moderne \u00e0 votre look de mari\u00e9e. Le design unique ajoute une touche d&#8217;originalit\u00e9 et constitue un choix id\u00e9al pour les mari\u00e9es qui souhaitent quelque chose de diff\u00e9rent, tout en \u00e9tant intemporel. <\/p>\n","protected":false},"featured_media":83923,"template":"","meta":{"_acf_changed":false,"ghostkit_customizer_options":"","ghostkit_custom_css":"","ghostkit_custom_js_head":"","ghostkit_custom_js_foot":"","ghostkit_typography":""},"productdetails":[],"productneck":[],"productcolor":[],"maat":[],"productsupplier":[510],"productsleeve":[],"productcategory":[511],"productsilhouette":[],"productstyle":[],"class_list":["post-85124","product","type-product","status-publish","has-post-thumbnail","hentry","productsupplier-abrazi","productcategory-sieraden"],"acf":[],"yoast_head":"<!-- This site is optimized with the Yoast SEO plugin v27.3 - https:\/\/yoast.com\/product\/yoast-seo-wordpress\/ -->\n<title>Abrazi O7-WK Indy | Koonings<\/title>\n<meta name=\"description\" content=\"Boucles d&#039;oreilles Indy Les boucles d&#039;oreilles Indy pr\u00e9sentent un design abstrait et sculptural qui ajoute une touche moderne \u00e0 votre look de mari\u00e9e. Le design unique ajoute une touche d&#039;originalit\u00e9 et constitue un choix id\u00e9al pour les mari\u00e9es qui souhaitent quelque chose de diff\u00e9rent, tout en \u00e9tant intemporel.\" \/>\n<meta name=\"robots\" content=\"index, follow, max-snippet:-1, max-image-preview:large, max-video-preview:-1\" \/>\n<link rel=\"canonical\" href=\"https:\/\/www.koonings.com\/fr\/product\/abrazi-o7-wk-indy-2\/\" \/>\n<meta property=\"og:locale\" content=\"fr_FR\" \/>\n<meta property=\"og:type\" content=\"article\" \/>\n<meta property=\"og:title\" content=\"Abrazi O7-WK Indy | Koonings\" \/>\n<meta property=\"og:description\" content=\"Boucles d&#039;oreilles Indy Les boucles d&#039;oreilles Indy pr\u00e9sentent un design abstrait et sculptural qui ajoute une touche moderne \u00e0 votre look de mari\u00e9e. Le design unique ajoute une touche d&#039;originalit\u00e9 et constitue un choix id\u00e9al pour les mari\u00e9es qui souhaitent quelque chose de diff\u00e9rent, tout en \u00e9tant intemporel.\" \/>\n<meta property=\"og:url\" content=\"https:\/\/www.koonings.com\/fr\/product\/abrazi-o7-wk-indy-2\/\" \/>\n<meta property=\"og:site_name\" content=\"Koonings\" \/>\n<meta property=\"article:publisher\" content=\"https:\/\/www.facebook.com\/kooningstheweddingpalace\" \/>\n<meta property=\"og:image\" content=\"https:\/\/www.koonings.com\/wp-content\/uploads\/2025\/04\/49804_e1cb29a19e4e954be3d2d0eedb2c1bd7ea3b51c0c7cefaecf9324eacc987b752f96bbda6.jpeg\" \/>\n\t<meta property=\"og:image:width\" content=\"1333\" \/>\n\t<meta property=\"og:image:height\" content=\"2000\" \/>\n\t<meta property=\"og:image:type\" content=\"image\/jpeg\" \/>\n<meta name=\"twitter:card\" content=\"summary_large_image\" \/>\n<script type=\"application\/ld+json\" class=\"yoast-schema-graph\">{\"@context\":\"https:\\\/\\\/schema.org\",\"@graph\":[{\"@type\":\"WebPage\",\"@id\":\"https:\\\/\\\/www.koonings.com\\\/fr\\\/product\\\/abrazi-o7-wk-indy-2\\\/\",\"url\":\"https:\\\/\\\/www.koonings.com\\\/fr\\\/product\\\/abrazi-o7-wk-indy-2\\\/\",\"name\":\"Abrazi O7-WK Indy | Koonings\",\"isPartOf\":{\"@id\":\"https:\\\/\\\/www.koonings.com\\\/fr\\\/#website\"},\"primaryImageOfPage\":{\"@id\":\"https:\\\/\\\/www.koonings.com\\\/fr\\\/product\\\/abrazi-o7-wk-indy-2\\\/#primaryimage\"},\"image\":{\"@id\":\"https:\\\/\\\/www.koonings.com\\\/fr\\\/product\\\/abrazi-o7-wk-indy-2\\\/#primaryimage\"},\"thumbnailUrl\":\"https:\\\/\\\/www.koonings.com\\\/wp-content\\\/uploads\\\/2025\\\/04\\\/49804_e1cb29a19e4e954be3d2d0eedb2c1bd7ea3b51c0c7cefaecf9324eacc987b752f96bbda6.jpeg\",\"datePublished\":\"2026-04-14T14:32:13+00:00\",\"description\":\"Boucles d'oreilles Indy Les boucles d'oreilles Indy pr\u00e9sentent un design abstrait et sculptural qui ajoute une touche moderne \u00e0 votre look de mari\u00e9e. Le design unique ajoute une touche d'originalit\u00e9 et constitue un choix id\u00e9al pour les mari\u00e9es qui souhaitent quelque chose de diff\u00e9rent, tout en \u00e9tant intemporel.\",\"breadcrumb\":{\"@id\":\"https:\\\/\\\/www.koonings.com\\\/fr\\\/product\\\/abrazi-o7-wk-indy-2\\\/#breadcrumb\"},\"inLanguage\":\"fr-FR\",\"potentialAction\":[{\"@type\":\"ReadAction\",\"target\":[\"https:\\\/\\\/www.koonings.com\\\/fr\\\/product\\\/abrazi-o7-wk-indy-2\\\/\"]}]},{\"@type\":\"ImageObject\",\"inLanguage\":\"fr-FR\",\"@id\":\"https:\\\/\\\/www.koonings.com\\\/fr\\\/product\\\/abrazi-o7-wk-indy-2\\\/#primaryimage\",\"url\":\"https:\\\/\\\/www.koonings.com\\\/wp-content\\\/uploads\\\/2025\\\/04\\\/49804_e1cb29a19e4e954be3d2d0eedb2c1bd7ea3b51c0c7cefaecf9324eacc987b752f96bbda6.jpeg\",\"contentUrl\":\"https:\\\/\\\/www.koonings.com\\\/wp-content\\\/uploads\\\/2025\\\/04\\\/49804_e1cb29a19e4e954be3d2d0eedb2c1bd7ea3b51c0c7cefaecf9324eacc987b752f96bbda6.jpeg\",\"width\":1333,\"height\":2000},{\"@type\":\"BreadcrumbList\",\"@id\":\"https:\\\/\\\/www.koonings.com\\\/fr\\\/product\\\/abrazi-o7-wk-indy-2\\\/#breadcrumb\",\"itemListElement\":[{\"@type\":\"ListItem\",\"position\":1,\"name\":\"Home\",\"item\":\"https:\\\/\\\/www.koonings.com\\\/fr\\\/\"},{\"@type\":\"ListItem\",\"position\":2,\"name\":\"Abrazi O7-WK Indy\"}]},{\"@type\":\"WebSite\",\"@id\":\"https:\\\/\\\/www.koonings.com\\\/fr\\\/#website\",\"url\":\"https:\\\/\\\/www.koonings.com\\\/fr\\\/\",\"name\":\"Koonings\",\"description\":\"De grootste bruidsmodewinkel ter wereld\",\"publisher\":{\"@id\":\"https:\\\/\\\/www.koonings.com\\\/fr\\\/#organization\"},\"potentialAction\":[{\"@type\":\"SearchAction\",\"target\":{\"@type\":\"EntryPoint\",\"urlTemplate\":\"https:\\\/\\\/www.koonings.com\\\/fr\\\/?s={search_term_string}\"},\"query-input\":{\"@type\":\"PropertyValueSpecification\",\"valueRequired\":true,\"valueName\":\"search_term_string\"}}],\"inLanguage\":\"fr-FR\"},{\"@type\":\"Organization\",\"@id\":\"https:\\\/\\\/www.koonings.com\\\/fr\\\/#organization\",\"name\":\"Koonings\",\"url\":\"https:\\\/\\\/www.koonings.com\\\/fr\\\/\",\"logo\":{\"@type\":\"ImageObject\",\"inLanguage\":\"fr-FR\",\"@id\":\"https:\\\/\\\/www.koonings.com\\\/fr\\\/#\\\/schema\\\/logo\\\/image\\\/\",\"url\":\"https:\\\/\\\/www.koonings.com\\\/wp-content\\\/uploads\\\/2024\\\/07\\\/logo.png\",\"contentUrl\":\"https:\\\/\\\/www.koonings.com\\\/wp-content\\\/uploads\\\/2024\\\/07\\\/logo.png\",\"width\":600,\"height\":428,\"caption\":\"Koonings\"},\"image\":{\"@id\":\"https:\\\/\\\/www.koonings.com\\\/fr\\\/#\\\/schema\\\/logo\\\/image\\\/\"},\"sameAs\":[\"https:\\\/\\\/www.facebook.com\\\/kooningstheweddingpalace\",\"https:\\\/\\\/www.instagram.com\\\/kooningstheweddingpalace\",\"https:\\\/\\\/www.pinterest.com\\\/koonings\",\"https:\\\/\\\/www.youtube.com\\\/kooningstheweddingpalace\"]}]}<\/script>\n<!-- \/ Yoast SEO plugin. -->","yoast_head_json":{"title":"Abrazi O7-WK Indy | Koonings","description":"Boucles d'oreilles Indy Les boucles d'oreilles Indy pr\u00e9sentent un design abstrait et sculptural qui ajoute une touche moderne \u00e0 votre look de mari\u00e9e. Le design unique ajoute une touche d'originalit\u00e9 et constitue un choix id\u00e9al pour les mari\u00e9es qui souhaitent quelque chose de diff\u00e9rent, tout en \u00e9tant intemporel.","robots":{"index":"index","follow":"follow","max-snippet":"max-snippet:-1","max-image-preview":"max-image-preview:large","max-video-preview":"max-video-preview:-1"},"canonical":"https:\/\/www.koonings.com\/fr\/product\/abrazi-o7-wk-indy-2\/","og_locale":"fr_FR","og_type":"article","og_title":"Abrazi O7-WK Indy | Koonings","og_description":"Boucles d'oreilles Indy Les boucles d'oreilles Indy pr\u00e9sentent un design abstrait et sculptural qui ajoute une touche moderne \u00e0 votre look de mari\u00e9e. Le design unique ajoute une touche d'originalit\u00e9 et constitue un choix id\u00e9al pour les mari\u00e9es qui souhaitent quelque chose de diff\u00e9rent, tout en \u00e9tant intemporel.","og_url":"https:\/\/www.koonings.com\/fr\/product\/abrazi-o7-wk-indy-2\/","og_site_name":"Koonings","article_publisher":"https:\/\/www.facebook.com\/kooningstheweddingpalace","og_image":[{"width":1333,"height":2000,"url":"https:\/\/www.koonings.com\/wp-content\/uploads\/2025\/04\/49804_e1cb29a19e4e954be3d2d0eedb2c1bd7ea3b51c0c7cefaecf9324eacc987b752f96bbda6.jpeg","type":"image\/jpeg"}],"twitter_card":"summary_large_image","schema":{"@context":"https:\/\/schema.org","@graph":[{"@type":"WebPage","@id":"https:\/\/www.koonings.com\/fr\/product\/abrazi-o7-wk-indy-2\/","url":"https:\/\/www.koonings.com\/fr\/product\/abrazi-o7-wk-indy-2\/","name":"Abrazi O7-WK Indy | Koonings","isPartOf":{"@id":"https:\/\/www.koonings.com\/fr\/#website"},"primaryImageOfPage":{"@id":"https:\/\/www.koonings.com\/fr\/product\/abrazi-o7-wk-indy-2\/#primaryimage"},"image":{"@id":"https:\/\/www.koonings.com\/fr\/product\/abrazi-o7-wk-indy-2\/#primaryimage"},"thumbnailUrl":"https:\/\/www.koonings.com\/wp-content\/uploads\/2025\/04\/49804_e1cb29a19e4e954be3d2d0eedb2c1bd7ea3b51c0c7cefaecf9324eacc987b752f96bbda6.jpeg","datePublished":"2026-04-14T14:32:13+00:00","description":"Boucles d'oreilles Indy Les boucles d'oreilles Indy pr\u00e9sentent un design abstrait et sculptural qui ajoute une touche moderne \u00e0 votre look de mari\u00e9e. Le design unique ajoute une touche d'originalit\u00e9 et constitue un choix id\u00e9al pour les mari\u00e9es qui souhaitent quelque chose de diff\u00e9rent, tout en \u00e9tant intemporel.","breadcrumb":{"@id":"https:\/\/www.koonings.com\/fr\/product\/abrazi-o7-wk-indy-2\/#breadcrumb"},"inLanguage":"fr-FR","potentialAction":[{"@type":"ReadAction","target":["https:\/\/www.koonings.com\/fr\/product\/abrazi-o7-wk-indy-2\/"]}]},{"@type":"ImageObject","inLanguage":"fr-FR","@id":"https:\/\/www.koonings.com\/fr\/product\/abrazi-o7-wk-indy-2\/#primaryimage","url":"https:\/\/www.koonings.com\/wp-content\/uploads\/2025\/04\/49804_e1cb29a19e4e954be3d2d0eedb2c1bd7ea3b51c0c7cefaecf9324eacc987b752f96bbda6.jpeg","contentUrl":"https:\/\/www.koonings.com\/wp-content\/uploads\/2025\/04\/49804_e1cb29a19e4e954be3d2d0eedb2c1bd7ea3b51c0c7cefaecf9324eacc987b752f96bbda6.jpeg","width":1333,"height":2000},{"@type":"BreadcrumbList","@id":"https:\/\/www.koonings.com\/fr\/product\/abrazi-o7-wk-indy-2\/#breadcrumb","itemListElement":[{"@type":"ListItem","position":1,"name":"Home","item":"https:\/\/www.koonings.com\/fr\/"},{"@type":"ListItem","position":2,"name":"Abrazi O7-WK Indy"}]},{"@type":"WebSite","@id":"https:\/\/www.koonings.com\/fr\/#website","url":"https:\/\/www.koonings.com\/fr\/","name":"Koonings","description":"De grootste bruidsmodewinkel ter wereld","publisher":{"@id":"https:\/\/www.koonings.com\/fr\/#organization"},"potentialAction":[{"@type":"SearchAction","target":{"@type":"EntryPoint","urlTemplate":"https:\/\/www.koonings.com\/fr\/?s={search_term_string}"},"query-input":{"@type":"PropertyValueSpecification","valueRequired":true,"valueName":"search_term_string"}}],"inLanguage":"fr-FR"},{"@type":"Organization","@id":"https:\/\/www.koonings.com\/fr\/#organization","name":"Koonings","url":"https:\/\/www.koonings.com\/fr\/","logo":{"@type":"ImageObject","inLanguage":"fr-FR","@id":"https:\/\/www.koonings.com\/fr\/#\/schema\/logo\/image\/","url":"https:\/\/www.koonings.com\/wp-content\/uploads\/2024\/07\/logo.png","contentUrl":"https:\/\/www.koonings.com\/wp-content\/uploads\/2024\/07\/logo.png","width":600,"height":428,"caption":"Koonings"},"image":{"@id":"https:\/\/www.koonings.com\/fr\/#\/schema\/logo\/image\/"},"sameAs":["https:\/\/www.facebook.com\/kooningstheweddingpalace","https:\/\/www.instagram.com\/kooningstheweddingpalace","https:\/\/www.pinterest.com\/koonings","https:\/\/www.youtube.com\/kooningstheweddingpalace"]}]}},"_links":{"self":[{"href":"https:\/\/www.koonings.com\/fr\/wp-json\/wp\/v2\/product\/85124","targetHints":{"allow":["GET"]}}],"collection":[{"href":"https:\/\/www.koonings.com\/fr\/wp-json\/wp\/v2\/product"}],"about":[{"href":"https:\/\/www.koonings.com\/fr\/wp-json\/wp\/v2\/types\/product"}],"wp:featuredmedia":[{"embeddable":true,"href":"https:\/\/www.koonings.com\/fr\/wp-json\/wp\/v2\/media\/83923"}],"wp:attachment":[{"href":"https:\/\/www.koonings.com\/fr\/wp-json\/wp\/v2\/media?parent=85124"}],"wp:term":[{"taxonomy":"productdetails","embeddable":true,"href":"https:\/\/www.koonings.com\/fr\/wp-json\/wp\/v2\/productdetails?post=85124"},{"taxonomy":"productneck","embeddable":true,"href":"https:\/\/www.koonings.com\/fr\/wp-json\/wp\/v2\/productneck?post=85124"},{"taxonomy":"productcolor","embeddable":true,"href":"https:\/\/www.koonings.com\/fr\/wp-json\/wp\/v2\/productcolor?post=85124"},{"taxonomy":"maat","embeddable":true,"href":"https:\/\/www.koonings.com\/fr\/wp-json\/wp\/v2\/maat?post=85124"},{"taxonomy":"productsupplier","embeddable":true,"href":"https:\/\/www.koonings.com\/fr\/wp-json\/wp\/v2\/productsupplier?post=85124"},{"taxonomy":"productsleeve","embeddable":true,"href":"https:\/\/www.koonings.com\/fr\/wp-json\/wp\/v2\/productsleeve?post=85124"},{"taxonomy":"productcategory","embeddable":true,"href":"https:\/\/www.koonings.com\/fr\/wp-json\/wp\/v2\/productcategory?post=85124"},{"taxonomy":"productsilhouette","embeddable":true,"href":"https:\/\/www.koonings.com\/fr\/wp-json\/wp\/v2\/productsilhouette?post=85124"},{"taxonomy":"productstyle","embeddable":true,"href":"https:\/\/www.koonings.com\/fr\/wp-json\/wp\/v2\/productstyle?post=85124"}],"curies":[{"name":"wp","href":"https:\/\/api.w.org\/{rel}","templated":true}]}}