{"id":85116,"date":"2026-04-14T16:32:14","date_gmt":"2026-04-14T14:32:14","guid":{"rendered":"https:\/\/www.koonings.com\/product\/abrazi-ac-hrt-paris\/"},"modified":"2025-06-05T14:00:06","modified_gmt":"2025-06-05T12:00:06","slug":"abrazi-ac-hrt-paris","status":"publish","type":"product","link":"https:\/\/www.koonings.com\/fr\/product\/abrazi-ac-hrt-paris\/","title":{"rendered":"Abrazi AC-HRT Paris"},"content":{"rendered":"<p>Paris Bracelet :<br \/>\nLe Paris Bracelet pr\u00e9sente un magnifique petit c\u0153ur en 3D sur une \u00e9l\u00e9gante cha\u00eene en argent sterling plaqu\u00e9 or. Son design subtil en fait un choix id\u00e9al pour les mari\u00e9es \u00e0 la recherche d&#8217;une touche de romantisme qui reste facile \u00e0 porter longtemps apr\u00e8s le grand jour. <\/p>\n","protected":false},"featured_media":83958,"template":"","meta":{"_acf_changed":false,"ghostkit_customizer_options":"","ghostkit_custom_css":"","ghostkit_custom_js_head":"","ghostkit_custom_js_foot":"","ghostkit_typography":""},"productdetails":[],"productneck":[],"productcolor":[],"maat":[],"productsupplier":[510],"productsleeve":[],"productcategory":[511],"productsilhouette":[],"productstyle":[],"class_list":["post-85116","product","type-product","status-publish","has-post-thumbnail","hentry","productsupplier-abrazi","productcategory-sieraden"],"acf":[],"yoast_head":"<!-- This site is optimized with the Yoast SEO plugin v27.3 - https:\/\/yoast.com\/product\/yoast-seo-wordpress\/ -->\n<title>Abrazi AC-HRT Paris | Koonings<\/title>\n<meta name=\"description\" content=\"Paris Bracelet : Le Paris Bracelet pr\u00e9sente un magnifique petit c\u0153ur en 3D sur une \u00e9l\u00e9gante cha\u00eene en argent sterling plaqu\u00e9 or. Son design subtil en fait un choix id\u00e9al pour les mari\u00e9es \u00e0 la recherche d&#039;une touche de romantisme qui reste facile \u00e0 porter longtemps apr\u00e8s le grand jour.\" \/>\n<meta name=\"robots\" content=\"index, follow, max-snippet:-1, max-image-preview:large, max-video-preview:-1\" \/>\n<link rel=\"canonical\" href=\"https:\/\/www.koonings.com\/fr\/product\/abrazi-ac-hrt-paris\/\" \/>\n<meta property=\"og:locale\" content=\"fr_FR\" \/>\n<meta property=\"og:type\" content=\"article\" \/>\n<meta property=\"og:title\" content=\"Abrazi AC-HRT Paris | Koonings\" \/>\n<meta property=\"og:description\" content=\"Paris Bracelet : Le Paris Bracelet pr\u00e9sente un magnifique petit c\u0153ur en 3D sur une \u00e9l\u00e9gante cha\u00eene en argent sterling plaqu\u00e9 or. Son design subtil en fait un choix id\u00e9al pour les mari\u00e9es \u00e0 la recherche d&#039;une touche de romantisme qui reste facile \u00e0 porter longtemps apr\u00e8s le grand jour.\" \/>\n<meta property=\"og:url\" content=\"https:\/\/www.koonings.com\/fr\/product\/abrazi-ac-hrt-paris\/\" \/>\n<meta property=\"og:site_name\" content=\"Koonings\" \/>\n<meta property=\"article:publisher\" content=\"https:\/\/www.facebook.com\/kooningstheweddingpalace\" \/>\n<meta property=\"og:image\" content=\"https:\/\/www.koonings.com\/wp-content\/uploads\/2025\/04\/49808_4221c4151c3fa4e68837e1803d06182d41e01a324a501bc010c18af64ce6f4ea372cedf4.jpeg\" \/>\n\t<meta property=\"og:image:width\" content=\"1067\" \/>\n\t<meta property=\"og:image:height\" content=\"1600\" \/>\n\t<meta property=\"og:image:type\" content=\"image\/jpeg\" \/>\n<meta name=\"twitter:card\" content=\"summary_large_image\" \/>\n<script type=\"application\/ld+json\" class=\"yoast-schema-graph\">{\"@context\":\"https:\\\/\\\/schema.org\",\"@graph\":[{\"@type\":\"WebPage\",\"@id\":\"https:\\\/\\\/www.koonings.com\\\/fr\\\/product\\\/abrazi-ac-hrt-paris\\\/\",\"url\":\"https:\\\/\\\/www.koonings.com\\\/fr\\\/product\\\/abrazi-ac-hrt-paris\\\/\",\"name\":\"Abrazi AC-HRT Paris | Koonings\",\"isPartOf\":{\"@id\":\"https:\\\/\\\/www.koonings.com\\\/fr\\\/#website\"},\"primaryImageOfPage\":{\"@id\":\"https:\\\/\\\/www.koonings.com\\\/fr\\\/product\\\/abrazi-ac-hrt-paris\\\/#primaryimage\"},\"image\":{\"@id\":\"https:\\\/\\\/www.koonings.com\\\/fr\\\/product\\\/abrazi-ac-hrt-paris\\\/#primaryimage\"},\"thumbnailUrl\":\"https:\\\/\\\/www.koonings.com\\\/wp-content\\\/uploads\\\/2025\\\/04\\\/49808_4221c4151c3fa4e68837e1803d06182d41e01a324a501bc010c18af64ce6f4ea372cedf4.jpeg\",\"datePublished\":\"2026-04-14T14:32:14+00:00\",\"description\":\"Paris Bracelet : Le Paris Bracelet pr\u00e9sente un magnifique petit c\u0153ur en 3D sur une \u00e9l\u00e9gante cha\u00eene en argent sterling plaqu\u00e9 or. Son design subtil en fait un choix id\u00e9al pour les mari\u00e9es \u00e0 la recherche d'une touche de romantisme qui reste facile \u00e0 porter longtemps apr\u00e8s le grand jour.\",\"breadcrumb\":{\"@id\":\"https:\\\/\\\/www.koonings.com\\\/fr\\\/product\\\/abrazi-ac-hrt-paris\\\/#breadcrumb\"},\"inLanguage\":\"fr-FR\",\"potentialAction\":[{\"@type\":\"ReadAction\",\"target\":[\"https:\\\/\\\/www.koonings.com\\\/fr\\\/product\\\/abrazi-ac-hrt-paris\\\/\"]}]},{\"@type\":\"ImageObject\",\"inLanguage\":\"fr-FR\",\"@id\":\"https:\\\/\\\/www.koonings.com\\\/fr\\\/product\\\/abrazi-ac-hrt-paris\\\/#primaryimage\",\"url\":\"https:\\\/\\\/www.koonings.com\\\/wp-content\\\/uploads\\\/2025\\\/04\\\/49808_4221c4151c3fa4e68837e1803d06182d41e01a324a501bc010c18af64ce6f4ea372cedf4.jpeg\",\"contentUrl\":\"https:\\\/\\\/www.koonings.com\\\/wp-content\\\/uploads\\\/2025\\\/04\\\/49808_4221c4151c3fa4e68837e1803d06182d41e01a324a501bc010c18af64ce6f4ea372cedf4.jpeg\",\"width\":1067,\"height\":1600},{\"@type\":\"BreadcrumbList\",\"@id\":\"https:\\\/\\\/www.koonings.com\\\/fr\\\/product\\\/abrazi-ac-hrt-paris\\\/#breadcrumb\",\"itemListElement\":[{\"@type\":\"ListItem\",\"position\":1,\"name\":\"Home\",\"item\":\"https:\\\/\\\/www.koonings.com\\\/fr\\\/\"},{\"@type\":\"ListItem\",\"position\":2,\"name\":\"Abrazi AC-HRT Paris\"}]},{\"@type\":\"WebSite\",\"@id\":\"https:\\\/\\\/www.koonings.com\\\/fr\\\/#website\",\"url\":\"https:\\\/\\\/www.koonings.com\\\/fr\\\/\",\"name\":\"Koonings\",\"description\":\"De grootste bruidsmodewinkel ter wereld\",\"publisher\":{\"@id\":\"https:\\\/\\\/www.koonings.com\\\/fr\\\/#organization\"},\"potentialAction\":[{\"@type\":\"SearchAction\",\"target\":{\"@type\":\"EntryPoint\",\"urlTemplate\":\"https:\\\/\\\/www.koonings.com\\\/fr\\\/?s={search_term_string}\"},\"query-input\":{\"@type\":\"PropertyValueSpecification\",\"valueRequired\":true,\"valueName\":\"search_term_string\"}}],\"inLanguage\":\"fr-FR\"},{\"@type\":\"Organization\",\"@id\":\"https:\\\/\\\/www.koonings.com\\\/fr\\\/#organization\",\"name\":\"Koonings\",\"url\":\"https:\\\/\\\/www.koonings.com\\\/fr\\\/\",\"logo\":{\"@type\":\"ImageObject\",\"inLanguage\":\"fr-FR\",\"@id\":\"https:\\\/\\\/www.koonings.com\\\/fr\\\/#\\\/schema\\\/logo\\\/image\\\/\",\"url\":\"https:\\\/\\\/www.koonings.com\\\/wp-content\\\/uploads\\\/2024\\\/07\\\/logo.png\",\"contentUrl\":\"https:\\\/\\\/www.koonings.com\\\/wp-content\\\/uploads\\\/2024\\\/07\\\/logo.png\",\"width\":600,\"height\":428,\"caption\":\"Koonings\"},\"image\":{\"@id\":\"https:\\\/\\\/www.koonings.com\\\/fr\\\/#\\\/schema\\\/logo\\\/image\\\/\"},\"sameAs\":[\"https:\\\/\\\/www.facebook.com\\\/kooningstheweddingpalace\",\"https:\\\/\\\/www.instagram.com\\\/kooningstheweddingpalace\",\"https:\\\/\\\/www.pinterest.com\\\/koonings\",\"https:\\\/\\\/www.youtube.com\\\/kooningstheweddingpalace\"]}]}<\/script>\n<!-- \/ Yoast SEO plugin. -->","yoast_head_json":{"title":"Abrazi AC-HRT Paris | Koonings","description":"Paris Bracelet : Le Paris Bracelet pr\u00e9sente un magnifique petit c\u0153ur en 3D sur une \u00e9l\u00e9gante cha\u00eene en argent sterling plaqu\u00e9 or. Son design subtil en fait un choix id\u00e9al pour les mari\u00e9es \u00e0 la recherche d'une touche de romantisme qui reste facile \u00e0 porter longtemps apr\u00e8s le grand jour.","robots":{"index":"index","follow":"follow","max-snippet":"max-snippet:-1","max-image-preview":"max-image-preview:large","max-video-preview":"max-video-preview:-1"},"canonical":"https:\/\/www.koonings.com\/fr\/product\/abrazi-ac-hrt-paris\/","og_locale":"fr_FR","og_type":"article","og_title":"Abrazi AC-HRT Paris | Koonings","og_description":"Paris Bracelet : Le Paris Bracelet pr\u00e9sente un magnifique petit c\u0153ur en 3D sur une \u00e9l\u00e9gante cha\u00eene en argent sterling plaqu\u00e9 or. Son design subtil en fait un choix id\u00e9al pour les mari\u00e9es \u00e0 la recherche d'une touche de romantisme qui reste facile \u00e0 porter longtemps apr\u00e8s le grand jour.","og_url":"https:\/\/www.koonings.com\/fr\/product\/abrazi-ac-hrt-paris\/","og_site_name":"Koonings","article_publisher":"https:\/\/www.facebook.com\/kooningstheweddingpalace","og_image":[{"width":1067,"height":1600,"url":"https:\/\/www.koonings.com\/wp-content\/uploads\/2025\/04\/49808_4221c4151c3fa4e68837e1803d06182d41e01a324a501bc010c18af64ce6f4ea372cedf4.jpeg","type":"image\/jpeg"}],"twitter_card":"summary_large_image","schema":{"@context":"https:\/\/schema.org","@graph":[{"@type":"WebPage","@id":"https:\/\/www.koonings.com\/fr\/product\/abrazi-ac-hrt-paris\/","url":"https:\/\/www.koonings.com\/fr\/product\/abrazi-ac-hrt-paris\/","name":"Abrazi AC-HRT Paris | Koonings","isPartOf":{"@id":"https:\/\/www.koonings.com\/fr\/#website"},"primaryImageOfPage":{"@id":"https:\/\/www.koonings.com\/fr\/product\/abrazi-ac-hrt-paris\/#primaryimage"},"image":{"@id":"https:\/\/www.koonings.com\/fr\/product\/abrazi-ac-hrt-paris\/#primaryimage"},"thumbnailUrl":"https:\/\/www.koonings.com\/wp-content\/uploads\/2025\/04\/49808_4221c4151c3fa4e68837e1803d06182d41e01a324a501bc010c18af64ce6f4ea372cedf4.jpeg","datePublished":"2026-04-14T14:32:14+00:00","description":"Paris Bracelet : Le Paris Bracelet pr\u00e9sente un magnifique petit c\u0153ur en 3D sur une \u00e9l\u00e9gante cha\u00eene en argent sterling plaqu\u00e9 or. Son design subtil en fait un choix id\u00e9al pour les mari\u00e9es \u00e0 la recherche d'une touche de romantisme qui reste facile \u00e0 porter longtemps apr\u00e8s le grand jour.","breadcrumb":{"@id":"https:\/\/www.koonings.com\/fr\/product\/abrazi-ac-hrt-paris\/#breadcrumb"},"inLanguage":"fr-FR","potentialAction":[{"@type":"ReadAction","target":["https:\/\/www.koonings.com\/fr\/product\/abrazi-ac-hrt-paris\/"]}]},{"@type":"ImageObject","inLanguage":"fr-FR","@id":"https:\/\/www.koonings.com\/fr\/product\/abrazi-ac-hrt-paris\/#primaryimage","url":"https:\/\/www.koonings.com\/wp-content\/uploads\/2025\/04\/49808_4221c4151c3fa4e68837e1803d06182d41e01a324a501bc010c18af64ce6f4ea372cedf4.jpeg","contentUrl":"https:\/\/www.koonings.com\/wp-content\/uploads\/2025\/04\/49808_4221c4151c3fa4e68837e1803d06182d41e01a324a501bc010c18af64ce6f4ea372cedf4.jpeg","width":1067,"height":1600},{"@type":"BreadcrumbList","@id":"https:\/\/www.koonings.com\/fr\/product\/abrazi-ac-hrt-paris\/#breadcrumb","itemListElement":[{"@type":"ListItem","position":1,"name":"Home","item":"https:\/\/www.koonings.com\/fr\/"},{"@type":"ListItem","position":2,"name":"Abrazi AC-HRT Paris"}]},{"@type":"WebSite","@id":"https:\/\/www.koonings.com\/fr\/#website","url":"https:\/\/www.koonings.com\/fr\/","name":"Koonings","description":"De grootste bruidsmodewinkel ter wereld","publisher":{"@id":"https:\/\/www.koonings.com\/fr\/#organization"},"potentialAction":[{"@type":"SearchAction","target":{"@type":"EntryPoint","urlTemplate":"https:\/\/www.koonings.com\/fr\/?s={search_term_string}"},"query-input":{"@type":"PropertyValueSpecification","valueRequired":true,"valueName":"search_term_string"}}],"inLanguage":"fr-FR"},{"@type":"Organization","@id":"https:\/\/www.koonings.com\/fr\/#organization","name":"Koonings","url":"https:\/\/www.koonings.com\/fr\/","logo":{"@type":"ImageObject","inLanguage":"fr-FR","@id":"https:\/\/www.koonings.com\/fr\/#\/schema\/logo\/image\/","url":"https:\/\/www.koonings.com\/wp-content\/uploads\/2024\/07\/logo.png","contentUrl":"https:\/\/www.koonings.com\/wp-content\/uploads\/2024\/07\/logo.png","width":600,"height":428,"caption":"Koonings"},"image":{"@id":"https:\/\/www.koonings.com\/fr\/#\/schema\/logo\/image\/"},"sameAs":["https:\/\/www.facebook.com\/kooningstheweddingpalace","https:\/\/www.instagram.com\/kooningstheweddingpalace","https:\/\/www.pinterest.com\/koonings","https:\/\/www.youtube.com\/kooningstheweddingpalace"]}]}},"_links":{"self":[{"href":"https:\/\/www.koonings.com\/fr\/wp-json\/wp\/v2\/product\/85116","targetHints":{"allow":["GET"]}}],"collection":[{"href":"https:\/\/www.koonings.com\/fr\/wp-json\/wp\/v2\/product"}],"about":[{"href":"https:\/\/www.koonings.com\/fr\/wp-json\/wp\/v2\/types\/product"}],"wp:featuredmedia":[{"embeddable":true,"href":"https:\/\/www.koonings.com\/fr\/wp-json\/wp\/v2\/media\/83958"}],"wp:attachment":[{"href":"https:\/\/www.koonings.com\/fr\/wp-json\/wp\/v2\/media?parent=85116"}],"wp:term":[{"taxonomy":"productdetails","embeddable":true,"href":"https:\/\/www.koonings.com\/fr\/wp-json\/wp\/v2\/productdetails?post=85116"},{"taxonomy":"productneck","embeddable":true,"href":"https:\/\/www.koonings.com\/fr\/wp-json\/wp\/v2\/productneck?post=85116"},{"taxonomy":"productcolor","embeddable":true,"href":"https:\/\/www.koonings.com\/fr\/wp-json\/wp\/v2\/productcolor?post=85116"},{"taxonomy":"maat","embeddable":true,"href":"https:\/\/www.koonings.com\/fr\/wp-json\/wp\/v2\/maat?post=85116"},{"taxonomy":"productsupplier","embeddable":true,"href":"https:\/\/www.koonings.com\/fr\/wp-json\/wp\/v2\/productsupplier?post=85116"},{"taxonomy":"productsleeve","embeddable":true,"href":"https:\/\/www.koonings.com\/fr\/wp-json\/wp\/v2\/productsleeve?post=85116"},{"taxonomy":"productcategory","embeddable":true,"href":"https:\/\/www.koonings.com\/fr\/wp-json\/wp\/v2\/productcategory?post=85116"},{"taxonomy":"productsilhouette","embeddable":true,"href":"https:\/\/www.koonings.com\/fr\/wp-json\/wp\/v2\/productsilhouette?post=85116"},{"taxonomy":"productstyle","embeddable":true,"href":"https:\/\/www.koonings.com\/fr\/wp-json\/wp\/v2\/productstyle?post=85116"}],"curies":[{"name":"wp","href":"https:\/\/api.w.org\/{rel}","templated":true}]}}