{"id":85091,"date":"2025-12-15T00:26:09","date_gmt":"2025-12-14T23:26:09","guid":{"rendered":"https:\/\/www.koonings.com\/product\/abrazi-kc-3c-2\/"},"modified":"2025-06-05T14:00:42","modified_gmt":"2025-06-05T12:00:42","slug":"abrazi-kc-3c-2","status":"publish","type":"product","link":"https:\/\/www.koonings.com\/fr\/product\/abrazi-kc-3c-2\/","title":{"rendered":"Abrazi KC-3C Carry"},"content":{"rendered":"<p>Le collier Carry est compos\u00e9 de trois rang\u00e9es de cristaux, les cha\u00eenes de cristaux les plus fines que nous ayons jamais utilis\u00e9es pour fabriquer un collier. Le collier Carry est disponible avec un rev\u00eatement en rhodium ou en or 14kt. Si vous \u00eates \u00e0 la recherche d&#8217;une parure de mariage, n&#8217;oubliez pas de jeter un coup d&#8217;\u0153il au bracelet Carry ou aux boucles d&#8217;oreilles Bieke.  <\/p>\n","protected":false},"featured_media":84057,"template":"","meta":{"_acf_changed":false,"ghostkit_customizer_options":"","ghostkit_custom_css":"","ghostkit_custom_js_head":"","ghostkit_custom_js_foot":"","ghostkit_typography":""},"productdetails":[],"productneck":[],"productcolor":[],"maat":[],"productsupplier":[510],"productsleeve":[],"productcategory":[511],"productsilhouette":[],"productstyle":[],"class_list":["post-85091","product","type-product","status-publish","has-post-thumbnail","hentry","productsupplier-abrazi","productcategory-sieraden"],"acf":[],"yoast_head":"<!-- This site is optimized with the Yoast SEO plugin v27.3 - https:\/\/yoast.com\/product\/yoast-seo-wordpress\/ -->\n<title>Abrazi KC-3C Carry | Koonings<\/title>\n<meta name=\"description\" content=\"Le collier Carry est compos\u00e9 de trois rang\u00e9es de cristaux, les cha\u00eenes de cristaux les plus fines que nous ayons jamais utilis\u00e9es pour fabriquer un collier. Le collier Carry est disponible avec un rev\u00eatement en rhodium ou en or 14kt. Si vous \u00eates \u00e0 la recherche d&#039;une parure de mariage, n&#039;oubliez pas de jeter un coup d&#039;\u0153il au bracelet Carry ou aux boucles d&#039;oreilles Bieke.\" \/>\n<meta name=\"robots\" content=\"index, follow, max-snippet:-1, max-image-preview:large, max-video-preview:-1\" \/>\n<link rel=\"canonical\" href=\"https:\/\/www.koonings.com\/fr\/product\/abrazi-kc-3c-2\/\" \/>\n<meta property=\"og:locale\" content=\"fr_FR\" \/>\n<meta property=\"og:type\" content=\"article\" \/>\n<meta property=\"og:title\" content=\"Abrazi KC-3C Carry | Koonings\" \/>\n<meta property=\"og:description\" content=\"Le collier Carry est compos\u00e9 de trois rang\u00e9es de cristaux, les cha\u00eenes de cristaux les plus fines que nous ayons jamais utilis\u00e9es pour fabriquer un collier. Le collier Carry est disponible avec un rev\u00eatement en rhodium ou en or 14kt. Si vous \u00eates \u00e0 la recherche d&#039;une parure de mariage, n&#039;oubliez pas de jeter un coup d&#039;\u0153il au bracelet Carry ou aux boucles d&#039;oreilles Bieke.\" \/>\n<meta property=\"og:url\" content=\"https:\/\/www.koonings.com\/fr\/product\/abrazi-kc-3c-2\/\" \/>\n<meta property=\"og:site_name\" content=\"Koonings\" \/>\n<meta property=\"article:publisher\" content=\"https:\/\/www.facebook.com\/kooningstheweddingpalace\" \/>\n<meta property=\"og:image\" content=\"https:\/\/www.koonings.com\/wp-content\/uploads\/2025\/04\/39729_bbdf27962cc289649d3b360b5442899224464772da62ecfc79188a3470090ea8ef1dc210.jpeg\" \/>\n\t<meta property=\"og:image:width\" content=\"1334\" \/>\n\t<meta property=\"og:image:height\" content=\"2000\" \/>\n\t<meta property=\"og:image:type\" content=\"image\/jpeg\" \/>\n<meta name=\"twitter:card\" content=\"summary_large_image\" \/>\n<script type=\"application\/ld+json\" class=\"yoast-schema-graph\">{\"@context\":\"https:\\\/\\\/schema.org\",\"@graph\":[{\"@type\":\"WebPage\",\"@id\":\"https:\\\/\\\/www.koonings.com\\\/fr\\\/product\\\/abrazi-kc-3c-2\\\/\",\"url\":\"https:\\\/\\\/www.koonings.com\\\/fr\\\/product\\\/abrazi-kc-3c-2\\\/\",\"name\":\"Abrazi KC-3C Carry | Koonings\",\"isPartOf\":{\"@id\":\"https:\\\/\\\/www.koonings.com\\\/fr\\\/#website\"},\"primaryImageOfPage\":{\"@id\":\"https:\\\/\\\/www.koonings.com\\\/fr\\\/product\\\/abrazi-kc-3c-2\\\/#primaryimage\"},\"image\":{\"@id\":\"https:\\\/\\\/www.koonings.com\\\/fr\\\/product\\\/abrazi-kc-3c-2\\\/#primaryimage\"},\"thumbnailUrl\":\"https:\\\/\\\/www.koonings.com\\\/wp-content\\\/uploads\\\/2025\\\/04\\\/39729_bbdf27962cc289649d3b360b5442899224464772da62ecfc79188a3470090ea8ef1dc210.jpeg\",\"datePublished\":\"2025-12-14T23:26:09+00:00\",\"description\":\"Le collier Carry est compos\u00e9 de trois rang\u00e9es de cristaux, les cha\u00eenes de cristaux les plus fines que nous ayons jamais utilis\u00e9es pour fabriquer un collier. Le collier Carry est disponible avec un rev\u00eatement en rhodium ou en or 14kt. Si vous \u00eates \u00e0 la recherche d'une parure de mariage, n'oubliez pas de jeter un coup d'\u0153il au bracelet Carry ou aux boucles d'oreilles Bieke.\",\"breadcrumb\":{\"@id\":\"https:\\\/\\\/www.koonings.com\\\/fr\\\/product\\\/abrazi-kc-3c-2\\\/#breadcrumb\"},\"inLanguage\":\"fr-FR\",\"potentialAction\":[{\"@type\":\"ReadAction\",\"target\":[\"https:\\\/\\\/www.koonings.com\\\/fr\\\/product\\\/abrazi-kc-3c-2\\\/\"]}]},{\"@type\":\"ImageObject\",\"inLanguage\":\"fr-FR\",\"@id\":\"https:\\\/\\\/www.koonings.com\\\/fr\\\/product\\\/abrazi-kc-3c-2\\\/#primaryimage\",\"url\":\"https:\\\/\\\/www.koonings.com\\\/wp-content\\\/uploads\\\/2025\\\/04\\\/39729_bbdf27962cc289649d3b360b5442899224464772da62ecfc79188a3470090ea8ef1dc210.jpeg\",\"contentUrl\":\"https:\\\/\\\/www.koonings.com\\\/wp-content\\\/uploads\\\/2025\\\/04\\\/39729_bbdf27962cc289649d3b360b5442899224464772da62ecfc79188a3470090ea8ef1dc210.jpeg\",\"width\":1334,\"height\":2000},{\"@type\":\"BreadcrumbList\",\"@id\":\"https:\\\/\\\/www.koonings.com\\\/fr\\\/product\\\/abrazi-kc-3c-2\\\/#breadcrumb\",\"itemListElement\":[{\"@type\":\"ListItem\",\"position\":1,\"name\":\"Home\",\"item\":\"https:\\\/\\\/www.koonings.com\\\/fr\\\/\"},{\"@type\":\"ListItem\",\"position\":2,\"name\":\"Abrazi KC-3C Carry\"}]},{\"@type\":\"WebSite\",\"@id\":\"https:\\\/\\\/www.koonings.com\\\/fr\\\/#website\",\"url\":\"https:\\\/\\\/www.koonings.com\\\/fr\\\/\",\"name\":\"Koonings\",\"description\":\"De grootste bruidsmodewinkel ter wereld\",\"publisher\":{\"@id\":\"https:\\\/\\\/www.koonings.com\\\/fr\\\/#organization\"},\"potentialAction\":[{\"@type\":\"SearchAction\",\"target\":{\"@type\":\"EntryPoint\",\"urlTemplate\":\"https:\\\/\\\/www.koonings.com\\\/fr\\\/?s={search_term_string}\"},\"query-input\":{\"@type\":\"PropertyValueSpecification\",\"valueRequired\":true,\"valueName\":\"search_term_string\"}}],\"inLanguage\":\"fr-FR\"},{\"@type\":\"Organization\",\"@id\":\"https:\\\/\\\/www.koonings.com\\\/fr\\\/#organization\",\"name\":\"Koonings\",\"url\":\"https:\\\/\\\/www.koonings.com\\\/fr\\\/\",\"logo\":{\"@type\":\"ImageObject\",\"inLanguage\":\"fr-FR\",\"@id\":\"https:\\\/\\\/www.koonings.com\\\/fr\\\/#\\\/schema\\\/logo\\\/image\\\/\",\"url\":\"https:\\\/\\\/www.koonings.com\\\/wp-content\\\/uploads\\\/2024\\\/07\\\/logo.png\",\"contentUrl\":\"https:\\\/\\\/www.koonings.com\\\/wp-content\\\/uploads\\\/2024\\\/07\\\/logo.png\",\"width\":600,\"height\":428,\"caption\":\"Koonings\"},\"image\":{\"@id\":\"https:\\\/\\\/www.koonings.com\\\/fr\\\/#\\\/schema\\\/logo\\\/image\\\/\"},\"sameAs\":[\"https:\\\/\\\/www.facebook.com\\\/kooningstheweddingpalace\",\"https:\\\/\\\/www.instagram.com\\\/kooningstheweddingpalace\",\"https:\\\/\\\/www.pinterest.com\\\/koonings\",\"https:\\\/\\\/www.youtube.com\\\/kooningstheweddingpalace\"]}]}<\/script>\n<!-- \/ Yoast SEO plugin. -->","yoast_head_json":{"title":"Abrazi KC-3C Carry | Koonings","description":"Le collier Carry est compos\u00e9 de trois rang\u00e9es de cristaux, les cha\u00eenes de cristaux les plus fines que nous ayons jamais utilis\u00e9es pour fabriquer un collier. Le collier Carry est disponible avec un rev\u00eatement en rhodium ou en or 14kt. Si vous \u00eates \u00e0 la recherche d'une parure de mariage, n'oubliez pas de jeter un coup d'\u0153il au bracelet Carry ou aux boucles d'oreilles Bieke.","robots":{"index":"index","follow":"follow","max-snippet":"max-snippet:-1","max-image-preview":"max-image-preview:large","max-video-preview":"max-video-preview:-1"},"canonical":"https:\/\/www.koonings.com\/fr\/product\/abrazi-kc-3c-2\/","og_locale":"fr_FR","og_type":"article","og_title":"Abrazi KC-3C Carry | Koonings","og_description":"Le collier Carry est compos\u00e9 de trois rang\u00e9es de cristaux, les cha\u00eenes de cristaux les plus fines que nous ayons jamais utilis\u00e9es pour fabriquer un collier. Le collier Carry est disponible avec un rev\u00eatement en rhodium ou en or 14kt. Si vous \u00eates \u00e0 la recherche d'une parure de mariage, n'oubliez pas de jeter un coup d'\u0153il au bracelet Carry ou aux boucles d'oreilles Bieke.","og_url":"https:\/\/www.koonings.com\/fr\/product\/abrazi-kc-3c-2\/","og_site_name":"Koonings","article_publisher":"https:\/\/www.facebook.com\/kooningstheweddingpalace","og_image":[{"width":1334,"height":2000,"url":"https:\/\/www.koonings.com\/wp-content\/uploads\/2025\/04\/39729_bbdf27962cc289649d3b360b5442899224464772da62ecfc79188a3470090ea8ef1dc210.jpeg","type":"image\/jpeg"}],"twitter_card":"summary_large_image","schema":{"@context":"https:\/\/schema.org","@graph":[{"@type":"WebPage","@id":"https:\/\/www.koonings.com\/fr\/product\/abrazi-kc-3c-2\/","url":"https:\/\/www.koonings.com\/fr\/product\/abrazi-kc-3c-2\/","name":"Abrazi KC-3C Carry | Koonings","isPartOf":{"@id":"https:\/\/www.koonings.com\/fr\/#website"},"primaryImageOfPage":{"@id":"https:\/\/www.koonings.com\/fr\/product\/abrazi-kc-3c-2\/#primaryimage"},"image":{"@id":"https:\/\/www.koonings.com\/fr\/product\/abrazi-kc-3c-2\/#primaryimage"},"thumbnailUrl":"https:\/\/www.koonings.com\/wp-content\/uploads\/2025\/04\/39729_bbdf27962cc289649d3b360b5442899224464772da62ecfc79188a3470090ea8ef1dc210.jpeg","datePublished":"2025-12-14T23:26:09+00:00","description":"Le collier Carry est compos\u00e9 de trois rang\u00e9es de cristaux, les cha\u00eenes de cristaux les plus fines que nous ayons jamais utilis\u00e9es pour fabriquer un collier. Le collier Carry est disponible avec un rev\u00eatement en rhodium ou en or 14kt. Si vous \u00eates \u00e0 la recherche d'une parure de mariage, n'oubliez pas de jeter un coup d'\u0153il au bracelet Carry ou aux boucles d'oreilles Bieke.","breadcrumb":{"@id":"https:\/\/www.koonings.com\/fr\/product\/abrazi-kc-3c-2\/#breadcrumb"},"inLanguage":"fr-FR","potentialAction":[{"@type":"ReadAction","target":["https:\/\/www.koonings.com\/fr\/product\/abrazi-kc-3c-2\/"]}]},{"@type":"ImageObject","inLanguage":"fr-FR","@id":"https:\/\/www.koonings.com\/fr\/product\/abrazi-kc-3c-2\/#primaryimage","url":"https:\/\/www.koonings.com\/wp-content\/uploads\/2025\/04\/39729_bbdf27962cc289649d3b360b5442899224464772da62ecfc79188a3470090ea8ef1dc210.jpeg","contentUrl":"https:\/\/www.koonings.com\/wp-content\/uploads\/2025\/04\/39729_bbdf27962cc289649d3b360b5442899224464772da62ecfc79188a3470090ea8ef1dc210.jpeg","width":1334,"height":2000},{"@type":"BreadcrumbList","@id":"https:\/\/www.koonings.com\/fr\/product\/abrazi-kc-3c-2\/#breadcrumb","itemListElement":[{"@type":"ListItem","position":1,"name":"Home","item":"https:\/\/www.koonings.com\/fr\/"},{"@type":"ListItem","position":2,"name":"Abrazi KC-3C Carry"}]},{"@type":"WebSite","@id":"https:\/\/www.koonings.com\/fr\/#website","url":"https:\/\/www.koonings.com\/fr\/","name":"Koonings","description":"De grootste bruidsmodewinkel ter wereld","publisher":{"@id":"https:\/\/www.koonings.com\/fr\/#organization"},"potentialAction":[{"@type":"SearchAction","target":{"@type":"EntryPoint","urlTemplate":"https:\/\/www.koonings.com\/fr\/?s={search_term_string}"},"query-input":{"@type":"PropertyValueSpecification","valueRequired":true,"valueName":"search_term_string"}}],"inLanguage":"fr-FR"},{"@type":"Organization","@id":"https:\/\/www.koonings.com\/fr\/#organization","name":"Koonings","url":"https:\/\/www.koonings.com\/fr\/","logo":{"@type":"ImageObject","inLanguage":"fr-FR","@id":"https:\/\/www.koonings.com\/fr\/#\/schema\/logo\/image\/","url":"https:\/\/www.koonings.com\/wp-content\/uploads\/2024\/07\/logo.png","contentUrl":"https:\/\/www.koonings.com\/wp-content\/uploads\/2024\/07\/logo.png","width":600,"height":428,"caption":"Koonings"},"image":{"@id":"https:\/\/www.koonings.com\/fr\/#\/schema\/logo\/image\/"},"sameAs":["https:\/\/www.facebook.com\/kooningstheweddingpalace","https:\/\/www.instagram.com\/kooningstheweddingpalace","https:\/\/www.pinterest.com\/koonings","https:\/\/www.youtube.com\/kooningstheweddingpalace"]}]}},"_links":{"self":[{"href":"https:\/\/www.koonings.com\/fr\/wp-json\/wp\/v2\/product\/85091","targetHints":{"allow":["GET"]}}],"collection":[{"href":"https:\/\/www.koonings.com\/fr\/wp-json\/wp\/v2\/product"}],"about":[{"href":"https:\/\/www.koonings.com\/fr\/wp-json\/wp\/v2\/types\/product"}],"wp:featuredmedia":[{"embeddable":true,"href":"https:\/\/www.koonings.com\/fr\/wp-json\/wp\/v2\/media\/84057"}],"wp:attachment":[{"href":"https:\/\/www.koonings.com\/fr\/wp-json\/wp\/v2\/media?parent=85091"}],"wp:term":[{"taxonomy":"productdetails","embeddable":true,"href":"https:\/\/www.koonings.com\/fr\/wp-json\/wp\/v2\/productdetails?post=85091"},{"taxonomy":"productneck","embeddable":true,"href":"https:\/\/www.koonings.com\/fr\/wp-json\/wp\/v2\/productneck?post=85091"},{"taxonomy":"productcolor","embeddable":true,"href":"https:\/\/www.koonings.com\/fr\/wp-json\/wp\/v2\/productcolor?post=85091"},{"taxonomy":"maat","embeddable":true,"href":"https:\/\/www.koonings.com\/fr\/wp-json\/wp\/v2\/maat?post=85091"},{"taxonomy":"productsupplier","embeddable":true,"href":"https:\/\/www.koonings.com\/fr\/wp-json\/wp\/v2\/productsupplier?post=85091"},{"taxonomy":"productsleeve","embeddable":true,"href":"https:\/\/www.koonings.com\/fr\/wp-json\/wp\/v2\/productsleeve?post=85091"},{"taxonomy":"productcategory","embeddable":true,"href":"https:\/\/www.koonings.com\/fr\/wp-json\/wp\/v2\/productcategory?post=85091"},{"taxonomy":"productsilhouette","embeddable":true,"href":"https:\/\/www.koonings.com\/fr\/wp-json\/wp\/v2\/productsilhouette?post=85091"},{"taxonomy":"productstyle","embeddable":true,"href":"https:\/\/www.koonings.com\/fr\/wp-json\/wp\/v2\/productstyle?post=85091"}],"curies":[{"name":"wp","href":"https:\/\/api.w.org\/{rel}","templated":true}]}}