{"id":85085,"date":"2026-04-14T16:32:07","date_gmt":"2026-04-14T14:32:07","guid":{"rendered":"https:\/\/www.koonings.com\/product\/fashion-queen-mgb188\/"},"modified":"2025-06-05T13:57:23","modified_gmt":"2025-06-05T11:57:23","slug":"fashion-queen-mgb188","status":"publish","type":"product","link":"https:\/\/www.koonings.com\/fr\/product\/fashion-queen-mgb188\/","title":{"rendered":"Fashion Queen MGB188"},"content":{"rendered":"<p>La robe de mari\u00e9e Lohrengel Miss Beautiful Bride MGB188 est un mod\u00e8le \u00e0 couper le souffle qui respire le luxe et l&#8217;\u00e9l\u00e9gance. Cette robe est parfaite pour la mari\u00e9e qui recherche un look sophistiqu\u00e9 et romantique pour son grand jour. Le mod\u00e8le MGB188 a une belle coupe f\u00e9minine qui met en valeur la silhouette, avec de d\u00e9licats d\u00e9tails de dentelle et de tulle qui donnent \u00e0 la robe une allure \u00e0 la fois ludique et chic.<br \/>\nCette magnifique robe de mari\u00e9e est disponible chez Koonings The Wedding Palace, o\u00f9 vous trouverez une vaste collection de robes de mari\u00e9e de grandes marques telles que Lohrengel. Avec un large \u00e9ventail de styles et de tailles, vous trouverez une robe parfaite pour chaque mari\u00e9e.<br \/>\nVisitez Koonings The Wedding Palace pour une exp\u00e9rience personnalis\u00e9e, o\u00f9 nos stylistes exp\u00e9riment\u00e9s seront heureux de vous aider \u00e0 trouver la robe de mari\u00e9e de vos r\u00eaves !   <\/p>\n","protected":false},"featured_media":82046,"template":"","meta":{"_acf_changed":false,"ghostkit_customizer_options":"","ghostkit_custom_css":"","ghostkit_custom_js_head":"","ghostkit_custom_js_foot":"","ghostkit_typography":""},"productdetails":[381],"productneck":[352],"productcolor":[392],"maat":[],"productsupplier":[480],"productsleeve":[359],"productcategory":[18],"productsilhouette":[384,389],"productstyle":[365,366],"class_list":["post-85085","product","type-product","status-publish","has-post-thumbnail","hentry","productdetails-381","productneck-352","productcolor-392","productsupplier-fashion-queen","productsleeve-359","productcategory-trouwjurken","productsilhouette-384","productsilhouette-389","productstyle-365","productstyle-366"],"acf":[],"yoast_head":"<!-- This site is optimized with the Yoast SEO plugin v27.3 - https:\/\/yoast.com\/product\/yoast-seo-wordpress\/ -->\n<title>Fashion Queen MGB188 | Koonings<\/title>\n<meta name=\"description\" content=\"La robe de mari\u00e9e Lohrengel Miss Beautiful Bride MGB188 est un mod\u00e8le \u00e0 couper le souffle qui respire le luxe et l&#039;\u00e9l\u00e9gance. Cette robe est parfaite pour la mari\u00e9e qui recherche un look sophistiqu\u00e9 et romantique pour son grand jour. Le mod\u00e8le MGB188 a une belle coupe f\u00e9minine qui met en valeur la silhouette, avec de d\u00e9licats d\u00e9tails de dentelle et de tulle qui donnent \u00e0 la robe une allure \u00e0 la fois ludique et chic. Cette magnifique robe de mari\u00e9e est disponible chez Koonings The Wedding Palace, o\u00f9 vous trouverez une vaste collection de robes de mari\u00e9e de grandes marques telles que Lohrengel. Avec un large \u00e9ventail de styles et de tailles, vous trouverez une robe parfaite pour chaque mari\u00e9e. Visitez Koonings The Wedding Palace pour une exp\u00e9rience personnalis\u00e9e, o\u00f9 nos stylistes exp\u00e9riment\u00e9s seront heureux de vous aider \u00e0 trouver la robe de mari\u00e9e de vos r\u00eaves !\" \/>\n<meta name=\"robots\" content=\"index, follow, max-snippet:-1, max-image-preview:large, max-video-preview:-1\" \/>\n<link rel=\"canonical\" href=\"https:\/\/www.koonings.com\/fr\/product\/fashion-queen-mgb188\/\" \/>\n<meta property=\"og:locale\" content=\"fr_FR\" \/>\n<meta property=\"og:type\" content=\"article\" \/>\n<meta property=\"og:title\" content=\"Fashion Queen MGB188 | Koonings\" \/>\n<meta property=\"og:description\" content=\"La robe de mari\u00e9e Lohrengel Miss Beautiful Bride MGB188 est un mod\u00e8le \u00e0 couper le souffle qui respire le luxe et l&#039;\u00e9l\u00e9gance. Cette robe est parfaite pour la mari\u00e9e qui recherche un look sophistiqu\u00e9 et romantique pour son grand jour. Le mod\u00e8le MGB188 a une belle coupe f\u00e9minine qui met en valeur la silhouette, avec de d\u00e9licats d\u00e9tails de dentelle et de tulle qui donnent \u00e0 la robe une allure \u00e0 la fois ludique et chic. Cette magnifique robe de mari\u00e9e est disponible chez Koonings The Wedding Palace, o\u00f9 vous trouverez une vaste collection de robes de mari\u00e9e de grandes marques telles que Lohrengel. Avec un large \u00e9ventail de styles et de tailles, vous trouverez une robe parfaite pour chaque mari\u00e9e. Visitez Koonings The Wedding Palace pour une exp\u00e9rience personnalis\u00e9e, o\u00f9 nos stylistes exp\u00e9riment\u00e9s seront heureux de vous aider \u00e0 trouver la robe de mari\u00e9e de vos r\u00eaves !\" \/>\n<meta property=\"og:url\" content=\"https:\/\/www.koonings.com\/fr\/product\/fashion-queen-mgb188\/\" \/>\n<meta property=\"og:site_name\" content=\"Koonings\" \/>\n<meta property=\"article:publisher\" content=\"https:\/\/www.facebook.com\/kooningstheweddingpalace\" \/>\n<meta property=\"og:image\" content=\"https:\/\/www.koonings.com\/wp-content\/uploads\/2025\/03\/49644_64f12815ea6e000fcc9a53df701d6bce03c0d79d233e938b873f71acf696355924925c46.jpeg\" \/>\n\t<meta property=\"og:image:width\" content=\"1252\" \/>\n\t<meta property=\"og:image:height\" content=\"1770\" \/>\n\t<meta property=\"og:image:type\" content=\"image\/jpeg\" \/>\n<meta name=\"twitter:card\" content=\"summary_large_image\" \/>\n<meta name=\"twitter:label1\" content=\"Dur\u00e9e de lecture estim\u00e9e\" \/>\n\t<meta name=\"twitter:data1\" content=\"1 minute\" \/>\n<script type=\"application\/ld+json\" class=\"yoast-schema-graph\">{\"@context\":\"https:\\\/\\\/schema.org\",\"@graph\":[{\"@type\":\"WebPage\",\"@id\":\"https:\\\/\\\/www.koonings.com\\\/fr\\\/product\\\/fashion-queen-mgb188\\\/\",\"url\":\"https:\\\/\\\/www.koonings.com\\\/fr\\\/product\\\/fashion-queen-mgb188\\\/\",\"name\":\"Fashion Queen MGB188 | Koonings\",\"isPartOf\":{\"@id\":\"https:\\\/\\\/www.koonings.com\\\/fr\\\/#website\"},\"primaryImageOfPage\":{\"@id\":\"https:\\\/\\\/www.koonings.com\\\/fr\\\/product\\\/fashion-queen-mgb188\\\/#primaryimage\"},\"image\":{\"@id\":\"https:\\\/\\\/www.koonings.com\\\/fr\\\/product\\\/fashion-queen-mgb188\\\/#primaryimage\"},\"thumbnailUrl\":\"https:\\\/\\\/www.koonings.com\\\/wp-content\\\/uploads\\\/2025\\\/03\\\/49644_64f12815ea6e000fcc9a53df701d6bce03c0d79d233e938b873f71acf696355924925c46.jpeg\",\"datePublished\":\"2026-04-14T14:32:07+00:00\",\"description\":\"La robe de mari\u00e9e Lohrengel Miss Beautiful Bride MGB188 est un mod\u00e8le \u00e0 couper le souffle qui respire le luxe et l'\u00e9l\u00e9gance. Cette robe est parfaite pour la mari\u00e9e qui recherche un look sophistiqu\u00e9 et romantique pour son grand jour. Le mod\u00e8le MGB188 a une belle coupe f\u00e9minine qui met en valeur la silhouette, avec de d\u00e9licats d\u00e9tails de dentelle et de tulle qui donnent \u00e0 la robe une allure \u00e0 la fois ludique et chic. Cette magnifique robe de mari\u00e9e est disponible chez Koonings The Wedding Palace, o\u00f9 vous trouverez une vaste collection de robes de mari\u00e9e de grandes marques telles que Lohrengel. Avec un large \u00e9ventail de styles et de tailles, vous trouverez une robe parfaite pour chaque mari\u00e9e. Visitez Koonings The Wedding Palace pour une exp\u00e9rience personnalis\u00e9e, o\u00f9 nos stylistes exp\u00e9riment\u00e9s seront heureux de vous aider \u00e0 trouver la robe de mari\u00e9e de vos r\u00eaves !\",\"breadcrumb\":{\"@id\":\"https:\\\/\\\/www.koonings.com\\\/fr\\\/product\\\/fashion-queen-mgb188\\\/#breadcrumb\"},\"inLanguage\":\"fr-FR\",\"potentialAction\":[{\"@type\":\"ReadAction\",\"target\":[\"https:\\\/\\\/www.koonings.com\\\/fr\\\/product\\\/fashion-queen-mgb188\\\/\"]}]},{\"@type\":\"ImageObject\",\"inLanguage\":\"fr-FR\",\"@id\":\"https:\\\/\\\/www.koonings.com\\\/fr\\\/product\\\/fashion-queen-mgb188\\\/#primaryimage\",\"url\":\"https:\\\/\\\/www.koonings.com\\\/wp-content\\\/uploads\\\/2025\\\/03\\\/49644_64f12815ea6e000fcc9a53df701d6bce03c0d79d233e938b873f71acf696355924925c46.jpeg\",\"contentUrl\":\"https:\\\/\\\/www.koonings.com\\\/wp-content\\\/uploads\\\/2025\\\/03\\\/49644_64f12815ea6e000fcc9a53df701d6bce03c0d79d233e938b873f71acf696355924925c46.jpeg\",\"width\":1252,\"height\":1770},{\"@type\":\"BreadcrumbList\",\"@id\":\"https:\\\/\\\/www.koonings.com\\\/fr\\\/product\\\/fashion-queen-mgb188\\\/#breadcrumb\",\"itemListElement\":[{\"@type\":\"ListItem\",\"position\":1,\"name\":\"Home\",\"item\":\"https:\\\/\\\/www.koonings.com\\\/fr\\\/\"},{\"@type\":\"ListItem\",\"position\":2,\"name\":\"Fashion Queen MGB188\"}]},{\"@type\":\"WebSite\",\"@id\":\"https:\\\/\\\/www.koonings.com\\\/fr\\\/#website\",\"url\":\"https:\\\/\\\/www.koonings.com\\\/fr\\\/\",\"name\":\"Koonings\",\"description\":\"De grootste bruidsmodewinkel ter wereld\",\"publisher\":{\"@id\":\"https:\\\/\\\/www.koonings.com\\\/fr\\\/#organization\"},\"potentialAction\":[{\"@type\":\"SearchAction\",\"target\":{\"@type\":\"EntryPoint\",\"urlTemplate\":\"https:\\\/\\\/www.koonings.com\\\/fr\\\/?s={search_term_string}\"},\"query-input\":{\"@type\":\"PropertyValueSpecification\",\"valueRequired\":true,\"valueName\":\"search_term_string\"}}],\"inLanguage\":\"fr-FR\"},{\"@type\":\"Organization\",\"@id\":\"https:\\\/\\\/www.koonings.com\\\/fr\\\/#organization\",\"name\":\"Koonings\",\"url\":\"https:\\\/\\\/www.koonings.com\\\/fr\\\/\",\"logo\":{\"@type\":\"ImageObject\",\"inLanguage\":\"fr-FR\",\"@id\":\"https:\\\/\\\/www.koonings.com\\\/fr\\\/#\\\/schema\\\/logo\\\/image\\\/\",\"url\":\"https:\\\/\\\/www.koonings.com\\\/wp-content\\\/uploads\\\/2024\\\/07\\\/logo.png\",\"contentUrl\":\"https:\\\/\\\/www.koonings.com\\\/wp-content\\\/uploads\\\/2024\\\/07\\\/logo.png\",\"width\":600,\"height\":428,\"caption\":\"Koonings\"},\"image\":{\"@id\":\"https:\\\/\\\/www.koonings.com\\\/fr\\\/#\\\/schema\\\/logo\\\/image\\\/\"},\"sameAs\":[\"https:\\\/\\\/www.facebook.com\\\/kooningstheweddingpalace\",\"https:\\\/\\\/www.instagram.com\\\/kooningstheweddingpalace\",\"https:\\\/\\\/www.pinterest.com\\\/koonings\",\"https:\\\/\\\/www.youtube.com\\\/kooningstheweddingpalace\"]}]}<\/script>\n<!-- \/ Yoast SEO plugin. -->","yoast_head_json":{"title":"Fashion Queen MGB188 | Koonings","description":"La robe de mari\u00e9e Lohrengel Miss Beautiful Bride MGB188 est un mod\u00e8le \u00e0 couper le souffle qui respire le luxe et l'\u00e9l\u00e9gance. Cette robe est parfaite pour la mari\u00e9e qui recherche un look sophistiqu\u00e9 et romantique pour son grand jour. Le mod\u00e8le MGB188 a une belle coupe f\u00e9minine qui met en valeur la silhouette, avec de d\u00e9licats d\u00e9tails de dentelle et de tulle qui donnent \u00e0 la robe une allure \u00e0 la fois ludique et chic. Cette magnifique robe de mari\u00e9e est disponible chez Koonings The Wedding Palace, o\u00f9 vous trouverez une vaste collection de robes de mari\u00e9e de grandes marques telles que Lohrengel. Avec un large \u00e9ventail de styles et de tailles, vous trouverez une robe parfaite pour chaque mari\u00e9e. Visitez Koonings The Wedding Palace pour une exp\u00e9rience personnalis\u00e9e, o\u00f9 nos stylistes exp\u00e9riment\u00e9s seront heureux de vous aider \u00e0 trouver la robe de mari\u00e9e de vos r\u00eaves !","robots":{"index":"index","follow":"follow","max-snippet":"max-snippet:-1","max-image-preview":"max-image-preview:large","max-video-preview":"max-video-preview:-1"},"canonical":"https:\/\/www.koonings.com\/fr\/product\/fashion-queen-mgb188\/","og_locale":"fr_FR","og_type":"article","og_title":"Fashion Queen MGB188 | Koonings","og_description":"La robe de mari\u00e9e Lohrengel Miss Beautiful Bride MGB188 est un mod\u00e8le \u00e0 couper le souffle qui respire le luxe et l'\u00e9l\u00e9gance. Cette robe est parfaite pour la mari\u00e9e qui recherche un look sophistiqu\u00e9 et romantique pour son grand jour. Le mod\u00e8le MGB188 a une belle coupe f\u00e9minine qui met en valeur la silhouette, avec de d\u00e9licats d\u00e9tails de dentelle et de tulle qui donnent \u00e0 la robe une allure \u00e0 la fois ludique et chic. Cette magnifique robe de mari\u00e9e est disponible chez Koonings The Wedding Palace, o\u00f9 vous trouverez une vaste collection de robes de mari\u00e9e de grandes marques telles que Lohrengel. Avec un large \u00e9ventail de styles et de tailles, vous trouverez une robe parfaite pour chaque mari\u00e9e. Visitez Koonings The Wedding Palace pour une exp\u00e9rience personnalis\u00e9e, o\u00f9 nos stylistes exp\u00e9riment\u00e9s seront heureux de vous aider \u00e0 trouver la robe de mari\u00e9e de vos r\u00eaves !","og_url":"https:\/\/www.koonings.com\/fr\/product\/fashion-queen-mgb188\/","og_site_name":"Koonings","article_publisher":"https:\/\/www.facebook.com\/kooningstheweddingpalace","og_image":[{"width":1252,"height":1770,"url":"https:\/\/www.koonings.com\/wp-content\/uploads\/2025\/03\/49644_64f12815ea6e000fcc9a53df701d6bce03c0d79d233e938b873f71acf696355924925c46.jpeg","type":"image\/jpeg"}],"twitter_card":"summary_large_image","twitter_misc":{"Dur\u00e9e de lecture estim\u00e9e":"1 minute"},"schema":{"@context":"https:\/\/schema.org","@graph":[{"@type":"WebPage","@id":"https:\/\/www.koonings.com\/fr\/product\/fashion-queen-mgb188\/","url":"https:\/\/www.koonings.com\/fr\/product\/fashion-queen-mgb188\/","name":"Fashion Queen MGB188 | Koonings","isPartOf":{"@id":"https:\/\/www.koonings.com\/fr\/#website"},"primaryImageOfPage":{"@id":"https:\/\/www.koonings.com\/fr\/product\/fashion-queen-mgb188\/#primaryimage"},"image":{"@id":"https:\/\/www.koonings.com\/fr\/product\/fashion-queen-mgb188\/#primaryimage"},"thumbnailUrl":"https:\/\/www.koonings.com\/wp-content\/uploads\/2025\/03\/49644_64f12815ea6e000fcc9a53df701d6bce03c0d79d233e938b873f71acf696355924925c46.jpeg","datePublished":"2026-04-14T14:32:07+00:00","description":"La robe de mari\u00e9e Lohrengel Miss Beautiful Bride MGB188 est un mod\u00e8le \u00e0 couper le souffle qui respire le luxe et l'\u00e9l\u00e9gance. Cette robe est parfaite pour la mari\u00e9e qui recherche un look sophistiqu\u00e9 et romantique pour son grand jour. Le mod\u00e8le MGB188 a une belle coupe f\u00e9minine qui met en valeur la silhouette, avec de d\u00e9licats d\u00e9tails de dentelle et de tulle qui donnent \u00e0 la robe une allure \u00e0 la fois ludique et chic. Cette magnifique robe de mari\u00e9e est disponible chez Koonings The Wedding Palace, o\u00f9 vous trouverez une vaste collection de robes de mari\u00e9e de grandes marques telles que Lohrengel. Avec un large \u00e9ventail de styles et de tailles, vous trouverez une robe parfaite pour chaque mari\u00e9e. Visitez Koonings The Wedding Palace pour une exp\u00e9rience personnalis\u00e9e, o\u00f9 nos stylistes exp\u00e9riment\u00e9s seront heureux de vous aider \u00e0 trouver la robe de mari\u00e9e de vos r\u00eaves !","breadcrumb":{"@id":"https:\/\/www.koonings.com\/fr\/product\/fashion-queen-mgb188\/#breadcrumb"},"inLanguage":"fr-FR","potentialAction":[{"@type":"ReadAction","target":["https:\/\/www.koonings.com\/fr\/product\/fashion-queen-mgb188\/"]}]},{"@type":"ImageObject","inLanguage":"fr-FR","@id":"https:\/\/www.koonings.com\/fr\/product\/fashion-queen-mgb188\/#primaryimage","url":"https:\/\/www.koonings.com\/wp-content\/uploads\/2025\/03\/49644_64f12815ea6e000fcc9a53df701d6bce03c0d79d233e938b873f71acf696355924925c46.jpeg","contentUrl":"https:\/\/www.koonings.com\/wp-content\/uploads\/2025\/03\/49644_64f12815ea6e000fcc9a53df701d6bce03c0d79d233e938b873f71acf696355924925c46.jpeg","width":1252,"height":1770},{"@type":"BreadcrumbList","@id":"https:\/\/www.koonings.com\/fr\/product\/fashion-queen-mgb188\/#breadcrumb","itemListElement":[{"@type":"ListItem","position":1,"name":"Home","item":"https:\/\/www.koonings.com\/fr\/"},{"@type":"ListItem","position":2,"name":"Fashion Queen MGB188"}]},{"@type":"WebSite","@id":"https:\/\/www.koonings.com\/fr\/#website","url":"https:\/\/www.koonings.com\/fr\/","name":"Koonings","description":"De grootste bruidsmodewinkel ter wereld","publisher":{"@id":"https:\/\/www.koonings.com\/fr\/#organization"},"potentialAction":[{"@type":"SearchAction","target":{"@type":"EntryPoint","urlTemplate":"https:\/\/www.koonings.com\/fr\/?s={search_term_string}"},"query-input":{"@type":"PropertyValueSpecification","valueRequired":true,"valueName":"search_term_string"}}],"inLanguage":"fr-FR"},{"@type":"Organization","@id":"https:\/\/www.koonings.com\/fr\/#organization","name":"Koonings","url":"https:\/\/www.koonings.com\/fr\/","logo":{"@type":"ImageObject","inLanguage":"fr-FR","@id":"https:\/\/www.koonings.com\/fr\/#\/schema\/logo\/image\/","url":"https:\/\/www.koonings.com\/wp-content\/uploads\/2024\/07\/logo.png","contentUrl":"https:\/\/www.koonings.com\/wp-content\/uploads\/2024\/07\/logo.png","width":600,"height":428,"caption":"Koonings"},"image":{"@id":"https:\/\/www.koonings.com\/fr\/#\/schema\/logo\/image\/"},"sameAs":["https:\/\/www.facebook.com\/kooningstheweddingpalace","https:\/\/www.instagram.com\/kooningstheweddingpalace","https:\/\/www.pinterest.com\/koonings","https:\/\/www.youtube.com\/kooningstheweddingpalace"]}]}},"_links":{"self":[{"href":"https:\/\/www.koonings.com\/fr\/wp-json\/wp\/v2\/product\/85085","targetHints":{"allow":["GET"]}}],"collection":[{"href":"https:\/\/www.koonings.com\/fr\/wp-json\/wp\/v2\/product"}],"about":[{"href":"https:\/\/www.koonings.com\/fr\/wp-json\/wp\/v2\/types\/product"}],"wp:featuredmedia":[{"embeddable":true,"href":"https:\/\/www.koonings.com\/fr\/wp-json\/wp\/v2\/media\/82046"}],"wp:attachment":[{"href":"https:\/\/www.koonings.com\/fr\/wp-json\/wp\/v2\/media?parent=85085"}],"wp:term":[{"taxonomy":"productdetails","embeddable":true,"href":"https:\/\/www.koonings.com\/fr\/wp-json\/wp\/v2\/productdetails?post=85085"},{"taxonomy":"productneck","embeddable":true,"href":"https:\/\/www.koonings.com\/fr\/wp-json\/wp\/v2\/productneck?post=85085"},{"taxonomy":"productcolor","embeddable":true,"href":"https:\/\/www.koonings.com\/fr\/wp-json\/wp\/v2\/productcolor?post=85085"},{"taxonomy":"maat","embeddable":true,"href":"https:\/\/www.koonings.com\/fr\/wp-json\/wp\/v2\/maat?post=85085"},{"taxonomy":"productsupplier","embeddable":true,"href":"https:\/\/www.koonings.com\/fr\/wp-json\/wp\/v2\/productsupplier?post=85085"},{"taxonomy":"productsleeve","embeddable":true,"href":"https:\/\/www.koonings.com\/fr\/wp-json\/wp\/v2\/productsleeve?post=85085"},{"taxonomy":"productcategory","embeddable":true,"href":"https:\/\/www.koonings.com\/fr\/wp-json\/wp\/v2\/productcategory?post=85085"},{"taxonomy":"productsilhouette","embeddable":true,"href":"https:\/\/www.koonings.com\/fr\/wp-json\/wp\/v2\/productsilhouette?post=85085"},{"taxonomy":"productstyle","embeddable":true,"href":"https:\/\/www.koonings.com\/fr\/wp-json\/wp\/v2\/productstyle?post=85085"}],"curies":[{"name":"wp","href":"https:\/\/api.w.org\/{rel}","templated":true}]}}