{"id":85076,"date":"2026-04-28T18:30:17","date_gmt":"2026-04-28T16:30:17","guid":{"rendered":"https:\/\/www.koonings.com\/product\/wona-concept-berkley\/"},"modified":"2025-06-05T13:57:35","modified_gmt":"2025-06-05T11:57:35","slug":"wona-concept-berkley","status":"publish","type":"product","link":"https:\/\/www.koonings.com\/fr\/product\/wona-concept-berkley\/","title":{"rendered":"Wona Concept Berkley"},"content":{"rendered":"<p>La robe de mari\u00e9e Berkley de Wona Concept est le choix parfait pour la mari\u00e9e qui recherche un look moderne et sophistiqu\u00e9 avec une touche de romantisme. La robe Berkley associe une silhouette \u00e9l\u00e9gante \u00e0 de la dentelle d\u00e9taill\u00e9e et \u00e0 une magnifique finition en forme de voile. La robe tombe doucement sur le corps et met en valeur les formes f\u00e9minines d&#8217;une mani\u00e8re subtile mais puissante. Les touches romantiques et les d\u00e9tails d\u00e9licats font de cette robe un chef-d&#8217;\u0153uvre intemporel, adapt\u00e9 \u00e0 tous les mariages, qu&#8217;il s&#8217;agisse d&#8217;une c\u00e9r\u00e9monie intime ou d&#8217;une c\u00e9l\u00e9bration grandiose.   <\/p>\n<p>La Berkley est disponible exclusivement chez Koonings The Wedding Palace \u00e0 Deurne, la plus grande boutique de mode nuptiale au monde. Les mari\u00e9es peuvent y trouver la robe de mari\u00e9e parfaite dans un cadre luxueux et confortable, accompagn\u00e9es par des stylistes experts qui les aideront \u00e0 choisir la robe id\u00e9ale pour leur grand jour. Proposant une gamme impressionnante de grandes marques, dont Wona Concept, Koonings s&#8217;assure que chaque mari\u00e9e trouve la robe de ses r\u00eaves. La Berkley est destin\u00e9e \u00e0 la mari\u00e9e qui souhaite c\u00e9l\u00e9brer son mariage dans une robe \u00e0 la fois moderne et \u00e9l\u00e9gante, au charme intemporel.   <\/p>\n","protected":false},"featured_media":82227,"template":"","meta":{"_acf_changed":false,"ghostkit_customizer_options":"","ghostkit_custom_css":"","ghostkit_custom_js_head":"","ghostkit_custom_js_foot":"","ghostkit_typography":""},"productdetails":[379,378],"productneck":[356],"productcolor":[392],"maat":[],"productsupplier":[441],"productsleeve":[362],"productcategory":[18],"productsilhouette":[389],"productstyle":[370],"class_list":["post-85076","product","type-product","status-publish","has-post-thumbnail","hentry","productdetails-379","productdetails-378","productneck-356","productcolor-392","productsupplier-wona-concept","productsleeve-362","productcategory-trouwjurken","productsilhouette-389","productstyle-370"],"acf":[],"yoast_head":"<!-- This site is optimized with the Yoast SEO plugin v27.3 - https:\/\/yoast.com\/product\/yoast-seo-wordpress\/ -->\n<title>Wona Concept Berkley | Koonings<\/title>\n<meta name=\"description\" content=\"La robe de mari\u00e9e Berkley de Wona Concept est le choix parfait pour la mari\u00e9e qui recherche un look moderne et sophistiqu\u00e9 avec une touche de romantisme. La robe Berkley associe une silhouette \u00e9l\u00e9gante \u00e0 de la dentelle d\u00e9taill\u00e9e et \u00e0 une magnifique finition en forme de voile. La robe tombe doucement sur le corps et met en valeur les formes f\u00e9minines d&#039;une mani\u00e8re subtile mais puissante. Les touches romantiques et les d\u00e9tails d\u00e9licats font de cette robe un chef-d&#039;\u0153uvre intemporel, adapt\u00e9 \u00e0 tous les mariages, qu&#039;il s&#039;agisse d&#039;une c\u00e9r\u00e9monie intime ou d&#039;une c\u00e9l\u00e9bration grandiose. La Berkley est disponible exclusivement chez Koonings The Wedding Palace \u00e0 Deurne, la plus grande boutique de mode nuptiale au monde. Les mari\u00e9es peuvent y trouver la robe de mari\u00e9e parfaite dans un cadre luxueux et confortable, accompagn\u00e9es par des stylistes experts qui les aideront \u00e0 choisir la robe id\u00e9ale pour leur grand jour. Proposant une gamme impressionnante de grandes marques, dont Wona Concept, Koonings s&#039;assure que chaque mari\u00e9e trouve la robe de ses r\u00eaves. La Berkley est destin\u00e9e \u00e0 la mari\u00e9e qui souhaite c\u00e9l\u00e9brer son mariage dans une robe \u00e0 la fois moderne et \u00e9l\u00e9gante, au charme intemporel.\" \/>\n<meta name=\"robots\" content=\"index, follow, max-snippet:-1, max-image-preview:large, max-video-preview:-1\" \/>\n<link rel=\"canonical\" href=\"https:\/\/www.koonings.com\/fr\/product\/wona-concept-berkley\/\" \/>\n<meta property=\"og:locale\" content=\"fr_FR\" \/>\n<meta property=\"og:type\" content=\"article\" \/>\n<meta property=\"og:title\" content=\"Wona Concept Berkley | Koonings\" \/>\n<meta property=\"og:description\" content=\"La robe de mari\u00e9e Berkley de Wona Concept est le choix parfait pour la mari\u00e9e qui recherche un look moderne et sophistiqu\u00e9 avec une touche de romantisme. La robe Berkley associe une silhouette \u00e9l\u00e9gante \u00e0 de la dentelle d\u00e9taill\u00e9e et \u00e0 une magnifique finition en forme de voile. La robe tombe doucement sur le corps et met en valeur les formes f\u00e9minines d&#039;une mani\u00e8re subtile mais puissante. Les touches romantiques et les d\u00e9tails d\u00e9licats font de cette robe un chef-d&#039;\u0153uvre intemporel, adapt\u00e9 \u00e0 tous les mariages, qu&#039;il s&#039;agisse d&#039;une c\u00e9r\u00e9monie intime ou d&#039;une c\u00e9l\u00e9bration grandiose. La Berkley est disponible exclusivement chez Koonings The Wedding Palace \u00e0 Deurne, la plus grande boutique de mode nuptiale au monde. Les mari\u00e9es peuvent y trouver la robe de mari\u00e9e parfaite dans un cadre luxueux et confortable, accompagn\u00e9es par des stylistes experts qui les aideront \u00e0 choisir la robe id\u00e9ale pour leur grand jour. Proposant une gamme impressionnante de grandes marques, dont Wona Concept, Koonings s&#039;assure que chaque mari\u00e9e trouve la robe de ses r\u00eaves. La Berkley est destin\u00e9e \u00e0 la mari\u00e9e qui souhaite c\u00e9l\u00e9brer son mariage dans une robe \u00e0 la fois moderne et \u00e9l\u00e9gante, au charme intemporel.\" \/>\n<meta property=\"og:url\" content=\"https:\/\/www.koonings.com\/fr\/product\/wona-concept-berkley\/\" \/>\n<meta property=\"og:site_name\" content=\"Koonings\" \/>\n<meta property=\"article:publisher\" content=\"https:\/\/www.facebook.com\/kooningstheweddingpalace\" \/>\n<meta property=\"og:image\" content=\"https:\/\/www.koonings.com\/wp-content\/uploads\/2025\/03\/49639_6ab05ce69dbebf464f691fbdf89b5c4fa3473f816894e39f1c64e668436ab24d7e00cc04.jpeg\" \/>\n\t<meta property=\"og:image:width\" content=\"808\" \/>\n\t<meta property=\"og:image:height\" content=\"1142\" \/>\n\t<meta property=\"og:image:type\" content=\"image\/jpeg\" \/>\n<meta name=\"twitter:card\" content=\"summary_large_image\" \/>\n<meta name=\"twitter:label1\" content=\"Dur\u00e9e de lecture estim\u00e9e\" \/>\n\t<meta name=\"twitter:data1\" content=\"1 minute\" \/>\n<script type=\"application\/ld+json\" class=\"yoast-schema-graph\">{\"@context\":\"https:\\\/\\\/schema.org\",\"@graph\":[{\"@type\":\"WebPage\",\"@id\":\"https:\\\/\\\/www.koonings.com\\\/fr\\\/product\\\/wona-concept-berkley\\\/\",\"url\":\"https:\\\/\\\/www.koonings.com\\\/fr\\\/product\\\/wona-concept-berkley\\\/\",\"name\":\"Wona Concept Berkley | Koonings\",\"isPartOf\":{\"@id\":\"https:\\\/\\\/www.koonings.com\\\/fr\\\/#website\"},\"primaryImageOfPage\":{\"@id\":\"https:\\\/\\\/www.koonings.com\\\/fr\\\/product\\\/wona-concept-berkley\\\/#primaryimage\"},\"image\":{\"@id\":\"https:\\\/\\\/www.koonings.com\\\/fr\\\/product\\\/wona-concept-berkley\\\/#primaryimage\"},\"thumbnailUrl\":\"https:\\\/\\\/www.koonings.com\\\/wp-content\\\/uploads\\\/2025\\\/03\\\/49639_6ab05ce69dbebf464f691fbdf89b5c4fa3473f816894e39f1c64e668436ab24d7e00cc04.jpeg\",\"datePublished\":\"2026-04-28T16:30:17+00:00\",\"description\":\"La robe de mari\u00e9e Berkley de Wona Concept est le choix parfait pour la mari\u00e9e qui recherche un look moderne et sophistiqu\u00e9 avec une touche de romantisme. La robe Berkley associe une silhouette \u00e9l\u00e9gante \u00e0 de la dentelle d\u00e9taill\u00e9e et \u00e0 une magnifique finition en forme de voile. La robe tombe doucement sur le corps et met en valeur les formes f\u00e9minines d'une mani\u00e8re subtile mais puissante. Les touches romantiques et les d\u00e9tails d\u00e9licats font de cette robe un chef-d'\u0153uvre intemporel, adapt\u00e9 \u00e0 tous les mariages, qu'il s'agisse d'une c\u00e9r\u00e9monie intime ou d'une c\u00e9l\u00e9bration grandiose. La Berkley est disponible exclusivement chez Koonings The Wedding Palace \u00e0 Deurne, la plus grande boutique de mode nuptiale au monde. Les mari\u00e9es peuvent y trouver la robe de mari\u00e9e parfaite dans un cadre luxueux et confortable, accompagn\u00e9es par des stylistes experts qui les aideront \u00e0 choisir la robe id\u00e9ale pour leur grand jour. Proposant une gamme impressionnante de grandes marques, dont Wona Concept, Koonings s'assure que chaque mari\u00e9e trouve la robe de ses r\u00eaves. La Berkley est destin\u00e9e \u00e0 la mari\u00e9e qui souhaite c\u00e9l\u00e9brer son mariage dans une robe \u00e0 la fois moderne et \u00e9l\u00e9gante, au charme intemporel.\",\"breadcrumb\":{\"@id\":\"https:\\\/\\\/www.koonings.com\\\/fr\\\/product\\\/wona-concept-berkley\\\/#breadcrumb\"},\"inLanguage\":\"fr-FR\",\"potentialAction\":[{\"@type\":\"ReadAction\",\"target\":[\"https:\\\/\\\/www.koonings.com\\\/fr\\\/product\\\/wona-concept-berkley\\\/\"]}]},{\"@type\":\"ImageObject\",\"inLanguage\":\"fr-FR\",\"@id\":\"https:\\\/\\\/www.koonings.com\\\/fr\\\/product\\\/wona-concept-berkley\\\/#primaryimage\",\"url\":\"https:\\\/\\\/www.koonings.com\\\/wp-content\\\/uploads\\\/2025\\\/03\\\/49639_6ab05ce69dbebf464f691fbdf89b5c4fa3473f816894e39f1c64e668436ab24d7e00cc04.jpeg\",\"contentUrl\":\"https:\\\/\\\/www.koonings.com\\\/wp-content\\\/uploads\\\/2025\\\/03\\\/49639_6ab05ce69dbebf464f691fbdf89b5c4fa3473f816894e39f1c64e668436ab24d7e00cc04.jpeg\",\"width\":808,\"height\":1142},{\"@type\":\"BreadcrumbList\",\"@id\":\"https:\\\/\\\/www.koonings.com\\\/fr\\\/product\\\/wona-concept-berkley\\\/#breadcrumb\",\"itemListElement\":[{\"@type\":\"ListItem\",\"position\":1,\"name\":\"Home\",\"item\":\"https:\\\/\\\/www.koonings.com\\\/fr\\\/\"},{\"@type\":\"ListItem\",\"position\":2,\"name\":\"Wona Concept Berkley\"}]},{\"@type\":\"WebSite\",\"@id\":\"https:\\\/\\\/www.koonings.com\\\/fr\\\/#website\",\"url\":\"https:\\\/\\\/www.koonings.com\\\/fr\\\/\",\"name\":\"Koonings\",\"description\":\"De grootste bruidsmodewinkel ter wereld\",\"publisher\":{\"@id\":\"https:\\\/\\\/www.koonings.com\\\/fr\\\/#organization\"},\"potentialAction\":[{\"@type\":\"SearchAction\",\"target\":{\"@type\":\"EntryPoint\",\"urlTemplate\":\"https:\\\/\\\/www.koonings.com\\\/fr\\\/?s={search_term_string}\"},\"query-input\":{\"@type\":\"PropertyValueSpecification\",\"valueRequired\":true,\"valueName\":\"search_term_string\"}}],\"inLanguage\":\"fr-FR\"},{\"@type\":\"Organization\",\"@id\":\"https:\\\/\\\/www.koonings.com\\\/fr\\\/#organization\",\"name\":\"Koonings\",\"url\":\"https:\\\/\\\/www.koonings.com\\\/fr\\\/\",\"logo\":{\"@type\":\"ImageObject\",\"inLanguage\":\"fr-FR\",\"@id\":\"https:\\\/\\\/www.koonings.com\\\/fr\\\/#\\\/schema\\\/logo\\\/image\\\/\",\"url\":\"https:\\\/\\\/www.koonings.com\\\/wp-content\\\/uploads\\\/2024\\\/07\\\/logo.png\",\"contentUrl\":\"https:\\\/\\\/www.koonings.com\\\/wp-content\\\/uploads\\\/2024\\\/07\\\/logo.png\",\"width\":600,\"height\":428,\"caption\":\"Koonings\"},\"image\":{\"@id\":\"https:\\\/\\\/www.koonings.com\\\/fr\\\/#\\\/schema\\\/logo\\\/image\\\/\"},\"sameAs\":[\"https:\\\/\\\/www.facebook.com\\\/kooningstheweddingpalace\",\"https:\\\/\\\/www.instagram.com\\\/kooningstheweddingpalace\",\"https:\\\/\\\/www.pinterest.com\\\/koonings\",\"https:\\\/\\\/www.youtube.com\\\/kooningstheweddingpalace\"]}]}<\/script>\n<!-- \/ Yoast SEO plugin. -->","yoast_head_json":{"title":"Wona Concept Berkley | Koonings","description":"La robe de mari\u00e9e Berkley de Wona Concept est le choix parfait pour la mari\u00e9e qui recherche un look moderne et sophistiqu\u00e9 avec une touche de romantisme. La robe Berkley associe une silhouette \u00e9l\u00e9gante \u00e0 de la dentelle d\u00e9taill\u00e9e et \u00e0 une magnifique finition en forme de voile. La robe tombe doucement sur le corps et met en valeur les formes f\u00e9minines d'une mani\u00e8re subtile mais puissante. Les touches romantiques et les d\u00e9tails d\u00e9licats font de cette robe un chef-d'\u0153uvre intemporel, adapt\u00e9 \u00e0 tous les mariages, qu'il s'agisse d'une c\u00e9r\u00e9monie intime ou d'une c\u00e9l\u00e9bration grandiose. La Berkley est disponible exclusivement chez Koonings The Wedding Palace \u00e0 Deurne, la plus grande boutique de mode nuptiale au monde. Les mari\u00e9es peuvent y trouver la robe de mari\u00e9e parfaite dans un cadre luxueux et confortable, accompagn\u00e9es par des stylistes experts qui les aideront \u00e0 choisir la robe id\u00e9ale pour leur grand jour. Proposant une gamme impressionnante de grandes marques, dont Wona Concept, Koonings s'assure que chaque mari\u00e9e trouve la robe de ses r\u00eaves. La Berkley est destin\u00e9e \u00e0 la mari\u00e9e qui souhaite c\u00e9l\u00e9brer son mariage dans une robe \u00e0 la fois moderne et \u00e9l\u00e9gante, au charme intemporel.","robots":{"index":"index","follow":"follow","max-snippet":"max-snippet:-1","max-image-preview":"max-image-preview:large","max-video-preview":"max-video-preview:-1"},"canonical":"https:\/\/www.koonings.com\/fr\/product\/wona-concept-berkley\/","og_locale":"fr_FR","og_type":"article","og_title":"Wona Concept Berkley | Koonings","og_description":"La robe de mari\u00e9e Berkley de Wona Concept est le choix parfait pour la mari\u00e9e qui recherche un look moderne et sophistiqu\u00e9 avec une touche de romantisme. La robe Berkley associe une silhouette \u00e9l\u00e9gante \u00e0 de la dentelle d\u00e9taill\u00e9e et \u00e0 une magnifique finition en forme de voile. La robe tombe doucement sur le corps et met en valeur les formes f\u00e9minines d'une mani\u00e8re subtile mais puissante. Les touches romantiques et les d\u00e9tails d\u00e9licats font de cette robe un chef-d'\u0153uvre intemporel, adapt\u00e9 \u00e0 tous les mariages, qu'il s'agisse d'une c\u00e9r\u00e9monie intime ou d'une c\u00e9l\u00e9bration grandiose. La Berkley est disponible exclusivement chez Koonings The Wedding Palace \u00e0 Deurne, la plus grande boutique de mode nuptiale au monde. Les mari\u00e9es peuvent y trouver la robe de mari\u00e9e parfaite dans un cadre luxueux et confortable, accompagn\u00e9es par des stylistes experts qui les aideront \u00e0 choisir la robe id\u00e9ale pour leur grand jour. Proposant une gamme impressionnante de grandes marques, dont Wona Concept, Koonings s'assure que chaque mari\u00e9e trouve la robe de ses r\u00eaves. La Berkley est destin\u00e9e \u00e0 la mari\u00e9e qui souhaite c\u00e9l\u00e9brer son mariage dans une robe \u00e0 la fois moderne et \u00e9l\u00e9gante, au charme intemporel.","og_url":"https:\/\/www.koonings.com\/fr\/product\/wona-concept-berkley\/","og_site_name":"Koonings","article_publisher":"https:\/\/www.facebook.com\/kooningstheweddingpalace","og_image":[{"width":808,"height":1142,"url":"https:\/\/www.koonings.com\/wp-content\/uploads\/2025\/03\/49639_6ab05ce69dbebf464f691fbdf89b5c4fa3473f816894e39f1c64e668436ab24d7e00cc04.jpeg","type":"image\/jpeg"}],"twitter_card":"summary_large_image","twitter_misc":{"Dur\u00e9e de lecture estim\u00e9e":"1 minute"},"schema":{"@context":"https:\/\/schema.org","@graph":[{"@type":"WebPage","@id":"https:\/\/www.koonings.com\/fr\/product\/wona-concept-berkley\/","url":"https:\/\/www.koonings.com\/fr\/product\/wona-concept-berkley\/","name":"Wona Concept Berkley | Koonings","isPartOf":{"@id":"https:\/\/www.koonings.com\/fr\/#website"},"primaryImageOfPage":{"@id":"https:\/\/www.koonings.com\/fr\/product\/wona-concept-berkley\/#primaryimage"},"image":{"@id":"https:\/\/www.koonings.com\/fr\/product\/wona-concept-berkley\/#primaryimage"},"thumbnailUrl":"https:\/\/www.koonings.com\/wp-content\/uploads\/2025\/03\/49639_6ab05ce69dbebf464f691fbdf89b5c4fa3473f816894e39f1c64e668436ab24d7e00cc04.jpeg","datePublished":"2026-04-28T16:30:17+00:00","description":"La robe de mari\u00e9e Berkley de Wona Concept est le choix parfait pour la mari\u00e9e qui recherche un look moderne et sophistiqu\u00e9 avec une touche de romantisme. La robe Berkley associe une silhouette \u00e9l\u00e9gante \u00e0 de la dentelle d\u00e9taill\u00e9e et \u00e0 une magnifique finition en forme de voile. La robe tombe doucement sur le corps et met en valeur les formes f\u00e9minines d'une mani\u00e8re subtile mais puissante. Les touches romantiques et les d\u00e9tails d\u00e9licats font de cette robe un chef-d'\u0153uvre intemporel, adapt\u00e9 \u00e0 tous les mariages, qu'il s'agisse d'une c\u00e9r\u00e9monie intime ou d'une c\u00e9l\u00e9bration grandiose. La Berkley est disponible exclusivement chez Koonings The Wedding Palace \u00e0 Deurne, la plus grande boutique de mode nuptiale au monde. Les mari\u00e9es peuvent y trouver la robe de mari\u00e9e parfaite dans un cadre luxueux et confortable, accompagn\u00e9es par des stylistes experts qui les aideront \u00e0 choisir la robe id\u00e9ale pour leur grand jour. Proposant une gamme impressionnante de grandes marques, dont Wona Concept, Koonings s'assure que chaque mari\u00e9e trouve la robe de ses r\u00eaves. La Berkley est destin\u00e9e \u00e0 la mari\u00e9e qui souhaite c\u00e9l\u00e9brer son mariage dans une robe \u00e0 la fois moderne et \u00e9l\u00e9gante, au charme intemporel.","breadcrumb":{"@id":"https:\/\/www.koonings.com\/fr\/product\/wona-concept-berkley\/#breadcrumb"},"inLanguage":"fr-FR","potentialAction":[{"@type":"ReadAction","target":["https:\/\/www.koonings.com\/fr\/product\/wona-concept-berkley\/"]}]},{"@type":"ImageObject","inLanguage":"fr-FR","@id":"https:\/\/www.koonings.com\/fr\/product\/wona-concept-berkley\/#primaryimage","url":"https:\/\/www.koonings.com\/wp-content\/uploads\/2025\/03\/49639_6ab05ce69dbebf464f691fbdf89b5c4fa3473f816894e39f1c64e668436ab24d7e00cc04.jpeg","contentUrl":"https:\/\/www.koonings.com\/wp-content\/uploads\/2025\/03\/49639_6ab05ce69dbebf464f691fbdf89b5c4fa3473f816894e39f1c64e668436ab24d7e00cc04.jpeg","width":808,"height":1142},{"@type":"BreadcrumbList","@id":"https:\/\/www.koonings.com\/fr\/product\/wona-concept-berkley\/#breadcrumb","itemListElement":[{"@type":"ListItem","position":1,"name":"Home","item":"https:\/\/www.koonings.com\/fr\/"},{"@type":"ListItem","position":2,"name":"Wona Concept Berkley"}]},{"@type":"WebSite","@id":"https:\/\/www.koonings.com\/fr\/#website","url":"https:\/\/www.koonings.com\/fr\/","name":"Koonings","description":"De grootste bruidsmodewinkel ter wereld","publisher":{"@id":"https:\/\/www.koonings.com\/fr\/#organization"},"potentialAction":[{"@type":"SearchAction","target":{"@type":"EntryPoint","urlTemplate":"https:\/\/www.koonings.com\/fr\/?s={search_term_string}"},"query-input":{"@type":"PropertyValueSpecification","valueRequired":true,"valueName":"search_term_string"}}],"inLanguage":"fr-FR"},{"@type":"Organization","@id":"https:\/\/www.koonings.com\/fr\/#organization","name":"Koonings","url":"https:\/\/www.koonings.com\/fr\/","logo":{"@type":"ImageObject","inLanguage":"fr-FR","@id":"https:\/\/www.koonings.com\/fr\/#\/schema\/logo\/image\/","url":"https:\/\/www.koonings.com\/wp-content\/uploads\/2024\/07\/logo.png","contentUrl":"https:\/\/www.koonings.com\/wp-content\/uploads\/2024\/07\/logo.png","width":600,"height":428,"caption":"Koonings"},"image":{"@id":"https:\/\/www.koonings.com\/fr\/#\/schema\/logo\/image\/"},"sameAs":["https:\/\/www.facebook.com\/kooningstheweddingpalace","https:\/\/www.instagram.com\/kooningstheweddingpalace","https:\/\/www.pinterest.com\/koonings","https:\/\/www.youtube.com\/kooningstheweddingpalace"]}]}},"_links":{"self":[{"href":"https:\/\/www.koonings.com\/fr\/wp-json\/wp\/v2\/product\/85076","targetHints":{"allow":["GET"]}}],"collection":[{"href":"https:\/\/www.koonings.com\/fr\/wp-json\/wp\/v2\/product"}],"about":[{"href":"https:\/\/www.koonings.com\/fr\/wp-json\/wp\/v2\/types\/product"}],"wp:featuredmedia":[{"embeddable":true,"href":"https:\/\/www.koonings.com\/fr\/wp-json\/wp\/v2\/media\/82227"}],"wp:attachment":[{"href":"https:\/\/www.koonings.com\/fr\/wp-json\/wp\/v2\/media?parent=85076"}],"wp:term":[{"taxonomy":"productdetails","embeddable":true,"href":"https:\/\/www.koonings.com\/fr\/wp-json\/wp\/v2\/productdetails?post=85076"},{"taxonomy":"productneck","embeddable":true,"href":"https:\/\/www.koonings.com\/fr\/wp-json\/wp\/v2\/productneck?post=85076"},{"taxonomy":"productcolor","embeddable":true,"href":"https:\/\/www.koonings.com\/fr\/wp-json\/wp\/v2\/productcolor?post=85076"},{"taxonomy":"maat","embeddable":true,"href":"https:\/\/www.koonings.com\/fr\/wp-json\/wp\/v2\/maat?post=85076"},{"taxonomy":"productsupplier","embeddable":true,"href":"https:\/\/www.koonings.com\/fr\/wp-json\/wp\/v2\/productsupplier?post=85076"},{"taxonomy":"productsleeve","embeddable":true,"href":"https:\/\/www.koonings.com\/fr\/wp-json\/wp\/v2\/productsleeve?post=85076"},{"taxonomy":"productcategory","embeddable":true,"href":"https:\/\/www.koonings.com\/fr\/wp-json\/wp\/v2\/productcategory?post=85076"},{"taxonomy":"productsilhouette","embeddable":true,"href":"https:\/\/www.koonings.com\/fr\/wp-json\/wp\/v2\/productsilhouette?post=85076"},{"taxonomy":"productstyle","embeddable":true,"href":"https:\/\/www.koonings.com\/fr\/wp-json\/wp\/v2\/productstyle?post=85076"}],"curies":[{"name":"wp","href":"https:\/\/api.w.org\/{rel}","templated":true}]}}