{"id":85073,"date":"2025-12-15T00:50:03","date_gmt":"2025-12-14T23:50:03","guid":{"rendered":"https:\/\/www.koonings.com\/product\/rebecca-ingram-catherine-24rs791b01-2\/"},"modified":"2026-02-03T20:21:17","modified_gmt":"2026-02-03T19:21:17","slug":"rebecca-ingram-catherine-24rs791b01-2","status":"publish","type":"product","link":"https:\/\/www.koonings.com\/fr\/product\/rebecca-ingram-catherine-24rs791b01-2\/","title":{"rendered":"Rebecca Ingram Catherine 24RS791B01"},"content":{"rendered":"<p>La robe de mari\u00e9e Catherine de Rebecca Ingram est un mod\u00e8le \u00e0 couper le souffle qui respire le romantisme \u00e0 l&#8217;\u00e9tat pur et l&#8217;\u00e9l\u00e9gance intemporelle. Le corsage de la robe est orn\u00e9 d&#8217;une magnifique dentelle et d&#8217;appliqu\u00e9s d\u00e9licats, conf\u00e9rant \u00e0 la mari\u00e9e une allure sophistiqu\u00e9e et f\u00e9minine. La jupe tombe en une ligne A flatteuse, cr\u00e9ant un mouvement de r\u00eave et a\u00e9rien. La conception combine le charme classique avec des d\u00e9tails modernes, ce qui rend la Catherine parfaite pour la mari\u00e9e qui recherche \u00e0 la fois l&#8217;\u00e9l\u00e9gance et le confort pour son grand jour.   <\/p>\n<p>Ce qui rend cette robe encore plus sp\u00e9ciale, c&#8217;est que la Catherine est \u00e9galement disponible en taille plus. Cela permet \u00e0 chaque mari\u00e9e de se sentir confiante et belle dans une robe qui met en valeur sa silhouette de mani\u00e8re subtile et flatteuse, sans faire de compromis sur le style ou le confort. <\/p>\n<p>La Catherine est disponible exclusivement chez Koonings The Wedding Palace \u00e0 Deurne, la plus grande boutique de mode nuptiale au monde. Koonings offre une exp\u00e9rience d&#8217;achat luxueuse avec un large \u00e9ventail de grandes marques, dont Rebecca Ingram, et des stylistes experts pour aider chaque mari\u00e9e \u00e0 trouver la robe de ses r\u00eaves. Que vous ayez une taille plus petite ou plus grande, Koonings veillera \u00e0 ce que vous vous sentiez \u00e9blouissante dans une robe qui vous convient parfaitement. The Catherine s&#8217;adresse aux mari\u00e9es qui souhaitent c\u00e9l\u00e9brer leur mariage dans une robe \u00e0 la fois \u00e9l\u00e9gante, romantique et intemporelle.   <\/p>\n","protected":false},"featured_media":82334,"template":"","meta":{"_acf_changed":false,"ghostkit_customizer_options":"","ghostkit_custom_css":"","ghostkit_custom_js_head":"","ghostkit_custom_js_foot":"","ghostkit_typography":""},"productdetails":[379,376,381],"productneck":[352],"productcolor":[393,392],"maat":[],"productsupplier":[433],"productsleeve":[359],"productcategory":[18],"productsilhouette":[384],"productstyle":[366],"class_list":["post-85073","product","type-product","status-publish","has-post-thumbnail","hentry","productdetails-379","productdetails-376","productdetails-381","productneck-352","productcolor-393","productcolor-392","productsupplier-rebecca-ingram","productsleeve-359","productcategory-trouwjurken","productsilhouette-384","productstyle-366"],"acf":[],"yoast_head":"<!-- This site is optimized with the Yoast SEO plugin v27.3 - https:\/\/yoast.com\/product\/yoast-seo-wordpress\/ -->\n<title>Rebecca Ingram Catherine 24RS791B01 | Koonings<\/title>\n<meta name=\"description\" content=\"La robe de mari\u00e9e Catherine de Rebecca Ingram est un mod\u00e8le \u00e0 couper le souffle qui respire le romantisme \u00e0 l&#039;\u00e9tat pur et l&#039;\u00e9l\u00e9gance intemporelle. Le corsage de la robe est orn\u00e9 d&#039;une magnifique dentelle et d&#039;appliqu\u00e9s d\u00e9licats, conf\u00e9rant \u00e0 la mari\u00e9e une allure sophistiqu\u00e9e et f\u00e9minine. La jupe tombe en une ligne A flatteuse, cr\u00e9ant un mouvement de r\u00eave et a\u00e9rien. La conception combine le charme classique avec des d\u00e9tails modernes, ce qui rend la Catherine parfaite pour la mari\u00e9e qui recherche \u00e0 la fois l&#039;\u00e9l\u00e9gance et le confort pour son grand jour. Ce qui rend cette robe encore plus sp\u00e9ciale, c&#039;est que la Catherine est \u00e9galement disponible en taille plus. Cela permet \u00e0 chaque mari\u00e9e de se sentir confiante et belle dans une robe qui met en valeur sa silhouette de mani\u00e8re subtile et flatteuse, sans faire de compromis sur le style ou le confort. La Catherine est disponible exclusivement chez Koonings The Wedding Palace \u00e0 Deurne, la plus grande boutique de mode nuptiale au monde. Koonings offre une exp\u00e9rience d&#039;achat luxueuse avec un large \u00e9ventail de grandes marques, dont Rebecca Ingram, et des stylistes experts pour aider chaque mari\u00e9e \u00e0 trouver la robe de ses r\u00eaves. Que vous ayez une taille plus petite ou plus grande, Koonings veillera \u00e0 ce que vous vous sentiez \u00e9blouissante dans une robe qui vous convient parfaitement. The Catherine s&#039;adresse aux mari\u00e9es qui souhaitent c\u00e9l\u00e9brer leur mariage dans une robe \u00e0 la fois \u00e9l\u00e9gante, romantique et intemporelle.\" \/>\n<meta name=\"robots\" content=\"index, follow, max-snippet:-1, max-image-preview:large, max-video-preview:-1\" \/>\n<link rel=\"canonical\" href=\"https:\/\/www.koonings.com\/fr\/product\/rebecca-ingram-catherine-24rs791b01-2\/\" \/>\n<meta property=\"og:locale\" content=\"fr_FR\" \/>\n<meta property=\"og:type\" content=\"article\" \/>\n<meta property=\"og:title\" content=\"Rebecca Ingram Catherine 24RS791B01 | Koonings\" \/>\n<meta property=\"og:description\" content=\"La robe de mari\u00e9e Catherine de Rebecca Ingram est un mod\u00e8le \u00e0 couper le souffle qui respire le romantisme \u00e0 l&#039;\u00e9tat pur et l&#039;\u00e9l\u00e9gance intemporelle. Le corsage de la robe est orn\u00e9 d&#039;une magnifique dentelle et d&#039;appliqu\u00e9s d\u00e9licats, conf\u00e9rant \u00e0 la mari\u00e9e une allure sophistiqu\u00e9e et f\u00e9minine. La jupe tombe en une ligne A flatteuse, cr\u00e9ant un mouvement de r\u00eave et a\u00e9rien. La conception combine le charme classique avec des d\u00e9tails modernes, ce qui rend la Catherine parfaite pour la mari\u00e9e qui recherche \u00e0 la fois l&#039;\u00e9l\u00e9gance et le confort pour son grand jour. Ce qui rend cette robe encore plus sp\u00e9ciale, c&#039;est que la Catherine est \u00e9galement disponible en taille plus. Cela permet \u00e0 chaque mari\u00e9e de se sentir confiante et belle dans une robe qui met en valeur sa silhouette de mani\u00e8re subtile et flatteuse, sans faire de compromis sur le style ou le confort. La Catherine est disponible exclusivement chez Koonings The Wedding Palace \u00e0 Deurne, la plus grande boutique de mode nuptiale au monde. Koonings offre une exp\u00e9rience d&#039;achat luxueuse avec un large \u00e9ventail de grandes marques, dont Rebecca Ingram, et des stylistes experts pour aider chaque mari\u00e9e \u00e0 trouver la robe de ses r\u00eaves. Que vous ayez une taille plus petite ou plus grande, Koonings veillera \u00e0 ce que vous vous sentiez \u00e9blouissante dans une robe qui vous convient parfaitement. The Catherine s&#039;adresse aux mari\u00e9es qui souhaitent c\u00e9l\u00e9brer leur mariage dans une robe \u00e0 la fois \u00e9l\u00e9gante, romantique et intemporelle.\" \/>\n<meta property=\"og:url\" content=\"https:\/\/www.koonings.com\/fr\/product\/rebecca-ingram-catherine-24rs791b01-2\/\" \/>\n<meta property=\"og:site_name\" content=\"Koonings\" \/>\n<meta property=\"article:publisher\" content=\"https:\/\/www.facebook.com\/kooningstheweddingpalace\" \/>\n<meta property=\"article:modified_time\" content=\"2026-02-03T19:21:17+00:00\" \/>\n<meta property=\"og:image\" content=\"https:\/\/www.koonings.com\/wp-content\/uploads\/2025\/03\/49412_9fad4ac59eeb0cfc7b3a0e112dca38c75c353aa22be42fa9271a43f1550153e8864ca5bc.jpeg\" \/>\n\t<meta property=\"og:image:width\" content=\"557\" \/>\n\t<meta property=\"og:image:height\" content=\"788\" \/>\n\t<meta property=\"og:image:type\" content=\"image\/jpeg\" \/>\n<meta name=\"twitter:card\" content=\"summary_large_image\" \/>\n<meta name=\"twitter:label1\" content=\"Dur\u00e9e de lecture estim\u00e9e\" \/>\n\t<meta name=\"twitter:data1\" content=\"1 minute\" \/>\n<script type=\"application\/ld+json\" class=\"yoast-schema-graph\">{\"@context\":\"https:\\\/\\\/schema.org\",\"@graph\":[{\"@type\":\"WebPage\",\"@id\":\"https:\\\/\\\/www.koonings.com\\\/fr\\\/product\\\/rebecca-ingram-catherine-24rs791b01-2\\\/\",\"url\":\"https:\\\/\\\/www.koonings.com\\\/fr\\\/product\\\/rebecca-ingram-catherine-24rs791b01-2\\\/\",\"name\":\"Rebecca Ingram Catherine 24RS791B01 | Koonings\",\"isPartOf\":{\"@id\":\"https:\\\/\\\/www.koonings.com\\\/fr\\\/#website\"},\"primaryImageOfPage\":{\"@id\":\"https:\\\/\\\/www.koonings.com\\\/fr\\\/product\\\/rebecca-ingram-catherine-24rs791b01-2\\\/#primaryimage\"},\"image\":{\"@id\":\"https:\\\/\\\/www.koonings.com\\\/fr\\\/product\\\/rebecca-ingram-catherine-24rs791b01-2\\\/#primaryimage\"},\"thumbnailUrl\":\"https:\\\/\\\/www.koonings.com\\\/wp-content\\\/uploads\\\/2025\\\/03\\\/49412_9fad4ac59eeb0cfc7b3a0e112dca38c75c353aa22be42fa9271a43f1550153e8864ca5bc.jpeg\",\"datePublished\":\"2025-12-14T23:50:03+00:00\",\"dateModified\":\"2026-02-03T19:21:17+00:00\",\"description\":\"La robe de mari\u00e9e Catherine de Rebecca Ingram est un mod\u00e8le \u00e0 couper le souffle qui respire le romantisme \u00e0 l'\u00e9tat pur et l'\u00e9l\u00e9gance intemporelle. Le corsage de la robe est orn\u00e9 d'une magnifique dentelle et d'appliqu\u00e9s d\u00e9licats, conf\u00e9rant \u00e0 la mari\u00e9e une allure sophistiqu\u00e9e et f\u00e9minine. La jupe tombe en une ligne A flatteuse, cr\u00e9ant un mouvement de r\u00eave et a\u00e9rien. La conception combine le charme classique avec des d\u00e9tails modernes, ce qui rend la Catherine parfaite pour la mari\u00e9e qui recherche \u00e0 la fois l'\u00e9l\u00e9gance et le confort pour son grand jour. Ce qui rend cette robe encore plus sp\u00e9ciale, c'est que la Catherine est \u00e9galement disponible en taille plus. Cela permet \u00e0 chaque mari\u00e9e de se sentir confiante et belle dans une robe qui met en valeur sa silhouette de mani\u00e8re subtile et flatteuse, sans faire de compromis sur le style ou le confort. La Catherine est disponible exclusivement chez Koonings The Wedding Palace \u00e0 Deurne, la plus grande boutique de mode nuptiale au monde. Koonings offre une exp\u00e9rience d'achat luxueuse avec un large \u00e9ventail de grandes marques, dont Rebecca Ingram, et des stylistes experts pour aider chaque mari\u00e9e \u00e0 trouver la robe de ses r\u00eaves. Que vous ayez une taille plus petite ou plus grande, Koonings veillera \u00e0 ce que vous vous sentiez \u00e9blouissante dans une robe qui vous convient parfaitement. The Catherine s'adresse aux mari\u00e9es qui souhaitent c\u00e9l\u00e9brer leur mariage dans une robe \u00e0 la fois \u00e9l\u00e9gante, romantique et intemporelle.\",\"breadcrumb\":{\"@id\":\"https:\\\/\\\/www.koonings.com\\\/fr\\\/product\\\/rebecca-ingram-catherine-24rs791b01-2\\\/#breadcrumb\"},\"inLanguage\":\"fr-FR\",\"potentialAction\":[{\"@type\":\"ReadAction\",\"target\":[\"https:\\\/\\\/www.koonings.com\\\/fr\\\/product\\\/rebecca-ingram-catherine-24rs791b01-2\\\/\"]}]},{\"@type\":\"ImageObject\",\"inLanguage\":\"fr-FR\",\"@id\":\"https:\\\/\\\/www.koonings.com\\\/fr\\\/product\\\/rebecca-ingram-catherine-24rs791b01-2\\\/#primaryimage\",\"url\":\"https:\\\/\\\/www.koonings.com\\\/wp-content\\\/uploads\\\/2025\\\/03\\\/49412_9fad4ac59eeb0cfc7b3a0e112dca38c75c353aa22be42fa9271a43f1550153e8864ca5bc.jpeg\",\"contentUrl\":\"https:\\\/\\\/www.koonings.com\\\/wp-content\\\/uploads\\\/2025\\\/03\\\/49412_9fad4ac59eeb0cfc7b3a0e112dca38c75c353aa22be42fa9271a43f1550153e8864ca5bc.jpeg\",\"width\":557,\"height\":788},{\"@type\":\"BreadcrumbList\",\"@id\":\"https:\\\/\\\/www.koonings.com\\\/fr\\\/product\\\/rebecca-ingram-catherine-24rs791b01-2\\\/#breadcrumb\",\"itemListElement\":[{\"@type\":\"ListItem\",\"position\":1,\"name\":\"Home\",\"item\":\"https:\\\/\\\/www.koonings.com\\\/fr\\\/\"},{\"@type\":\"ListItem\",\"position\":2,\"name\":\"Rebecca Ingram Catherine 24RS791B01\"}]},{\"@type\":\"WebSite\",\"@id\":\"https:\\\/\\\/www.koonings.com\\\/fr\\\/#website\",\"url\":\"https:\\\/\\\/www.koonings.com\\\/fr\\\/\",\"name\":\"Koonings\",\"description\":\"De grootste bruidsmodewinkel ter wereld\",\"publisher\":{\"@id\":\"https:\\\/\\\/www.koonings.com\\\/fr\\\/#organization\"},\"potentialAction\":[{\"@type\":\"SearchAction\",\"target\":{\"@type\":\"EntryPoint\",\"urlTemplate\":\"https:\\\/\\\/www.koonings.com\\\/fr\\\/?s={search_term_string}\"},\"query-input\":{\"@type\":\"PropertyValueSpecification\",\"valueRequired\":true,\"valueName\":\"search_term_string\"}}],\"inLanguage\":\"fr-FR\"},{\"@type\":\"Organization\",\"@id\":\"https:\\\/\\\/www.koonings.com\\\/fr\\\/#organization\",\"name\":\"Koonings\",\"url\":\"https:\\\/\\\/www.koonings.com\\\/fr\\\/\",\"logo\":{\"@type\":\"ImageObject\",\"inLanguage\":\"fr-FR\",\"@id\":\"https:\\\/\\\/www.koonings.com\\\/fr\\\/#\\\/schema\\\/logo\\\/image\\\/\",\"url\":\"https:\\\/\\\/www.koonings.com\\\/wp-content\\\/uploads\\\/2024\\\/07\\\/logo.png\",\"contentUrl\":\"https:\\\/\\\/www.koonings.com\\\/wp-content\\\/uploads\\\/2024\\\/07\\\/logo.png\",\"width\":600,\"height\":428,\"caption\":\"Koonings\"},\"image\":{\"@id\":\"https:\\\/\\\/www.koonings.com\\\/fr\\\/#\\\/schema\\\/logo\\\/image\\\/\"},\"sameAs\":[\"https:\\\/\\\/www.facebook.com\\\/kooningstheweddingpalace\",\"https:\\\/\\\/www.instagram.com\\\/kooningstheweddingpalace\",\"https:\\\/\\\/www.pinterest.com\\\/koonings\",\"https:\\\/\\\/www.youtube.com\\\/kooningstheweddingpalace\"]}]}<\/script>\n<!-- \/ Yoast SEO plugin. -->","yoast_head_json":{"title":"Rebecca Ingram Catherine 24RS791B01 | Koonings","description":"La robe de mari\u00e9e Catherine de Rebecca Ingram est un mod\u00e8le \u00e0 couper le souffle qui respire le romantisme \u00e0 l'\u00e9tat pur et l'\u00e9l\u00e9gance intemporelle. Le corsage de la robe est orn\u00e9 d'une magnifique dentelle et d'appliqu\u00e9s d\u00e9licats, conf\u00e9rant \u00e0 la mari\u00e9e une allure sophistiqu\u00e9e et f\u00e9minine. La jupe tombe en une ligne A flatteuse, cr\u00e9ant un mouvement de r\u00eave et a\u00e9rien. La conception combine le charme classique avec des d\u00e9tails modernes, ce qui rend la Catherine parfaite pour la mari\u00e9e qui recherche \u00e0 la fois l'\u00e9l\u00e9gance et le confort pour son grand jour. Ce qui rend cette robe encore plus sp\u00e9ciale, c'est que la Catherine est \u00e9galement disponible en taille plus. Cela permet \u00e0 chaque mari\u00e9e de se sentir confiante et belle dans une robe qui met en valeur sa silhouette de mani\u00e8re subtile et flatteuse, sans faire de compromis sur le style ou le confort. La Catherine est disponible exclusivement chez Koonings The Wedding Palace \u00e0 Deurne, la plus grande boutique de mode nuptiale au monde. Koonings offre une exp\u00e9rience d'achat luxueuse avec un large \u00e9ventail de grandes marques, dont Rebecca Ingram, et des stylistes experts pour aider chaque mari\u00e9e \u00e0 trouver la robe de ses r\u00eaves. Que vous ayez une taille plus petite ou plus grande, Koonings veillera \u00e0 ce que vous vous sentiez \u00e9blouissante dans une robe qui vous convient parfaitement. The Catherine s'adresse aux mari\u00e9es qui souhaitent c\u00e9l\u00e9brer leur mariage dans une robe \u00e0 la fois \u00e9l\u00e9gante, romantique et intemporelle.","robots":{"index":"index","follow":"follow","max-snippet":"max-snippet:-1","max-image-preview":"max-image-preview:large","max-video-preview":"max-video-preview:-1"},"canonical":"https:\/\/www.koonings.com\/fr\/product\/rebecca-ingram-catherine-24rs791b01-2\/","og_locale":"fr_FR","og_type":"article","og_title":"Rebecca Ingram Catherine 24RS791B01 | Koonings","og_description":"La robe de mari\u00e9e Catherine de Rebecca Ingram est un mod\u00e8le \u00e0 couper le souffle qui respire le romantisme \u00e0 l'\u00e9tat pur et l'\u00e9l\u00e9gance intemporelle. Le corsage de la robe est orn\u00e9 d'une magnifique dentelle et d'appliqu\u00e9s d\u00e9licats, conf\u00e9rant \u00e0 la mari\u00e9e une allure sophistiqu\u00e9e et f\u00e9minine. La jupe tombe en une ligne A flatteuse, cr\u00e9ant un mouvement de r\u00eave et a\u00e9rien. La conception combine le charme classique avec des d\u00e9tails modernes, ce qui rend la Catherine parfaite pour la mari\u00e9e qui recherche \u00e0 la fois l'\u00e9l\u00e9gance et le confort pour son grand jour. Ce qui rend cette robe encore plus sp\u00e9ciale, c'est que la Catherine est \u00e9galement disponible en taille plus. Cela permet \u00e0 chaque mari\u00e9e de se sentir confiante et belle dans une robe qui met en valeur sa silhouette de mani\u00e8re subtile et flatteuse, sans faire de compromis sur le style ou le confort. La Catherine est disponible exclusivement chez Koonings The Wedding Palace \u00e0 Deurne, la plus grande boutique de mode nuptiale au monde. Koonings offre une exp\u00e9rience d'achat luxueuse avec un large \u00e9ventail de grandes marques, dont Rebecca Ingram, et des stylistes experts pour aider chaque mari\u00e9e \u00e0 trouver la robe de ses r\u00eaves. Que vous ayez une taille plus petite ou plus grande, Koonings veillera \u00e0 ce que vous vous sentiez \u00e9blouissante dans une robe qui vous convient parfaitement. The Catherine s'adresse aux mari\u00e9es qui souhaitent c\u00e9l\u00e9brer leur mariage dans une robe \u00e0 la fois \u00e9l\u00e9gante, romantique et intemporelle.","og_url":"https:\/\/www.koonings.com\/fr\/product\/rebecca-ingram-catherine-24rs791b01-2\/","og_site_name":"Koonings","article_publisher":"https:\/\/www.facebook.com\/kooningstheweddingpalace","article_modified_time":"2026-02-03T19:21:17+00:00","og_image":[{"width":557,"height":788,"url":"https:\/\/www.koonings.com\/wp-content\/uploads\/2025\/03\/49412_9fad4ac59eeb0cfc7b3a0e112dca38c75c353aa22be42fa9271a43f1550153e8864ca5bc.jpeg","type":"image\/jpeg"}],"twitter_card":"summary_large_image","twitter_misc":{"Dur\u00e9e de lecture estim\u00e9e":"1 minute"},"schema":{"@context":"https:\/\/schema.org","@graph":[{"@type":"WebPage","@id":"https:\/\/www.koonings.com\/fr\/product\/rebecca-ingram-catherine-24rs791b01-2\/","url":"https:\/\/www.koonings.com\/fr\/product\/rebecca-ingram-catherine-24rs791b01-2\/","name":"Rebecca Ingram Catherine 24RS791B01 | Koonings","isPartOf":{"@id":"https:\/\/www.koonings.com\/fr\/#website"},"primaryImageOfPage":{"@id":"https:\/\/www.koonings.com\/fr\/product\/rebecca-ingram-catherine-24rs791b01-2\/#primaryimage"},"image":{"@id":"https:\/\/www.koonings.com\/fr\/product\/rebecca-ingram-catherine-24rs791b01-2\/#primaryimage"},"thumbnailUrl":"https:\/\/www.koonings.com\/wp-content\/uploads\/2025\/03\/49412_9fad4ac59eeb0cfc7b3a0e112dca38c75c353aa22be42fa9271a43f1550153e8864ca5bc.jpeg","datePublished":"2025-12-14T23:50:03+00:00","dateModified":"2026-02-03T19:21:17+00:00","description":"La robe de mari\u00e9e Catherine de Rebecca Ingram est un mod\u00e8le \u00e0 couper le souffle qui respire le romantisme \u00e0 l'\u00e9tat pur et l'\u00e9l\u00e9gance intemporelle. Le corsage de la robe est orn\u00e9 d'une magnifique dentelle et d'appliqu\u00e9s d\u00e9licats, conf\u00e9rant \u00e0 la mari\u00e9e une allure sophistiqu\u00e9e et f\u00e9minine. La jupe tombe en une ligne A flatteuse, cr\u00e9ant un mouvement de r\u00eave et a\u00e9rien. La conception combine le charme classique avec des d\u00e9tails modernes, ce qui rend la Catherine parfaite pour la mari\u00e9e qui recherche \u00e0 la fois l'\u00e9l\u00e9gance et le confort pour son grand jour. Ce qui rend cette robe encore plus sp\u00e9ciale, c'est que la Catherine est \u00e9galement disponible en taille plus. Cela permet \u00e0 chaque mari\u00e9e de se sentir confiante et belle dans une robe qui met en valeur sa silhouette de mani\u00e8re subtile et flatteuse, sans faire de compromis sur le style ou le confort. La Catherine est disponible exclusivement chez Koonings The Wedding Palace \u00e0 Deurne, la plus grande boutique de mode nuptiale au monde. Koonings offre une exp\u00e9rience d'achat luxueuse avec un large \u00e9ventail de grandes marques, dont Rebecca Ingram, et des stylistes experts pour aider chaque mari\u00e9e \u00e0 trouver la robe de ses r\u00eaves. Que vous ayez une taille plus petite ou plus grande, Koonings veillera \u00e0 ce que vous vous sentiez \u00e9blouissante dans une robe qui vous convient parfaitement. The Catherine s'adresse aux mari\u00e9es qui souhaitent c\u00e9l\u00e9brer leur mariage dans une robe \u00e0 la fois \u00e9l\u00e9gante, romantique et intemporelle.","breadcrumb":{"@id":"https:\/\/www.koonings.com\/fr\/product\/rebecca-ingram-catherine-24rs791b01-2\/#breadcrumb"},"inLanguage":"fr-FR","potentialAction":[{"@type":"ReadAction","target":["https:\/\/www.koonings.com\/fr\/product\/rebecca-ingram-catherine-24rs791b01-2\/"]}]},{"@type":"ImageObject","inLanguage":"fr-FR","@id":"https:\/\/www.koonings.com\/fr\/product\/rebecca-ingram-catherine-24rs791b01-2\/#primaryimage","url":"https:\/\/www.koonings.com\/wp-content\/uploads\/2025\/03\/49412_9fad4ac59eeb0cfc7b3a0e112dca38c75c353aa22be42fa9271a43f1550153e8864ca5bc.jpeg","contentUrl":"https:\/\/www.koonings.com\/wp-content\/uploads\/2025\/03\/49412_9fad4ac59eeb0cfc7b3a0e112dca38c75c353aa22be42fa9271a43f1550153e8864ca5bc.jpeg","width":557,"height":788},{"@type":"BreadcrumbList","@id":"https:\/\/www.koonings.com\/fr\/product\/rebecca-ingram-catherine-24rs791b01-2\/#breadcrumb","itemListElement":[{"@type":"ListItem","position":1,"name":"Home","item":"https:\/\/www.koonings.com\/fr\/"},{"@type":"ListItem","position":2,"name":"Rebecca Ingram Catherine 24RS791B01"}]},{"@type":"WebSite","@id":"https:\/\/www.koonings.com\/fr\/#website","url":"https:\/\/www.koonings.com\/fr\/","name":"Koonings","description":"De grootste bruidsmodewinkel ter wereld","publisher":{"@id":"https:\/\/www.koonings.com\/fr\/#organization"},"potentialAction":[{"@type":"SearchAction","target":{"@type":"EntryPoint","urlTemplate":"https:\/\/www.koonings.com\/fr\/?s={search_term_string}"},"query-input":{"@type":"PropertyValueSpecification","valueRequired":true,"valueName":"search_term_string"}}],"inLanguage":"fr-FR"},{"@type":"Organization","@id":"https:\/\/www.koonings.com\/fr\/#organization","name":"Koonings","url":"https:\/\/www.koonings.com\/fr\/","logo":{"@type":"ImageObject","inLanguage":"fr-FR","@id":"https:\/\/www.koonings.com\/fr\/#\/schema\/logo\/image\/","url":"https:\/\/www.koonings.com\/wp-content\/uploads\/2024\/07\/logo.png","contentUrl":"https:\/\/www.koonings.com\/wp-content\/uploads\/2024\/07\/logo.png","width":600,"height":428,"caption":"Koonings"},"image":{"@id":"https:\/\/www.koonings.com\/fr\/#\/schema\/logo\/image\/"},"sameAs":["https:\/\/www.facebook.com\/kooningstheweddingpalace","https:\/\/www.instagram.com\/kooningstheweddingpalace","https:\/\/www.pinterest.com\/koonings","https:\/\/www.youtube.com\/kooningstheweddingpalace"]}]}},"_links":{"self":[{"href":"https:\/\/www.koonings.com\/fr\/wp-json\/wp\/v2\/product\/85073","targetHints":{"allow":["GET"]}}],"collection":[{"href":"https:\/\/www.koonings.com\/fr\/wp-json\/wp\/v2\/product"}],"about":[{"href":"https:\/\/www.koonings.com\/fr\/wp-json\/wp\/v2\/types\/product"}],"wp:featuredmedia":[{"embeddable":true,"href":"https:\/\/www.koonings.com\/fr\/wp-json\/wp\/v2\/media\/82334"}],"wp:attachment":[{"href":"https:\/\/www.koonings.com\/fr\/wp-json\/wp\/v2\/media?parent=85073"}],"wp:term":[{"taxonomy":"productdetails","embeddable":true,"href":"https:\/\/www.koonings.com\/fr\/wp-json\/wp\/v2\/productdetails?post=85073"},{"taxonomy":"productneck","embeddable":true,"href":"https:\/\/www.koonings.com\/fr\/wp-json\/wp\/v2\/productneck?post=85073"},{"taxonomy":"productcolor","embeddable":true,"href":"https:\/\/www.koonings.com\/fr\/wp-json\/wp\/v2\/productcolor?post=85073"},{"taxonomy":"maat","embeddable":true,"href":"https:\/\/www.koonings.com\/fr\/wp-json\/wp\/v2\/maat?post=85073"},{"taxonomy":"productsupplier","embeddable":true,"href":"https:\/\/www.koonings.com\/fr\/wp-json\/wp\/v2\/productsupplier?post=85073"},{"taxonomy":"productsleeve","embeddable":true,"href":"https:\/\/www.koonings.com\/fr\/wp-json\/wp\/v2\/productsleeve?post=85073"},{"taxonomy":"productcategory","embeddable":true,"href":"https:\/\/www.koonings.com\/fr\/wp-json\/wp\/v2\/productcategory?post=85073"},{"taxonomy":"productsilhouette","embeddable":true,"href":"https:\/\/www.koonings.com\/fr\/wp-json\/wp\/v2\/productsilhouette?post=85073"},{"taxonomy":"productstyle","embeddable":true,"href":"https:\/\/www.koonings.com\/fr\/wp-json\/wp\/v2\/productstyle?post=85073"}],"curies":[{"name":"wp","href":"https:\/\/api.w.org\/{rel}","templated":true}]}}