{"id":85065,"date":"2026-04-21T18:16:39","date_gmt":"2026-04-21T16:16:39","guid":{"rendered":"https:\/\/www.koonings.com\/product\/ramona-koonings-couture-kn2510-rosa\/"},"modified":"2025-06-05T13:58:09","modified_gmt":"2025-06-05T11:58:09","slug":"ramona-koonings-couture-kn2510-rosa","status":"publish","type":"product","link":"https:\/\/www.koonings.com\/fr\/product\/ramona-koonings-couture-kn2510-rosa\/","title":{"rendered":"Ramona Koonings Couture KN2510 Rosa"},"content":{"rendered":"<p>La robe de mari\u00e9e Rosa sophistiqu\u00e9e et s\u00e9duisante de Ramona Koonings Couture.<br \/>\nLaissez-vous s\u00e9duire par la robe de mari\u00e9e Rosa, une cr\u00e9ation exclusive de Ramona Koonings Couture, disponible chez Koonings The Wedding Palace. Cette robe de mari\u00e9e couture est le m\u00e9lange parfait de romantisme et d&#8217;\u00e9l\u00e9gance, con\u00e7ue pour la mari\u00e9e qui veut embrasser sa f\u00e9minit\u00e9 avec un look \u00e9l\u00e9gant et s\u00e9duisant.<br \/>\nLa coupe sir\u00e8ne de la robe Rosa accentue les formes f\u00e9minines et cr\u00e9e une silhouette gracieuse. Le d\u00e9collet\u00e9 en V profond, les bretelles \u00e9troites et le profond d\u00e9collet\u00e9 ajoutent une touche sensuelle et moderne, tandis que la douce teinte ivoire\/blush ajoute un \u00e9clat subtil et romantique.<br \/>\nCe qui rend cette robe encore plus sp\u00e9ciale, ce sont les fleurs en 3D travaill\u00e9es avec art sur le d\u00e9licat tissu de tulle. Ces d\u00e9tails sophistiqu\u00e9s donnent \u00e0 la robe un air de r\u00eave et de conte de f\u00e9es, parfait pour une mari\u00e9e \u00e0 la recherche d&#8217;un look couture avec un flair romantique.<br \/>\nVous voulez briller dans une robe de mari\u00e9e qui combine \u00e9l\u00e9gance classique et sensualit\u00e9 moderne ? D\u00e9couvrez la robe de mari\u00e9e Rosa de Ramona Koonings Couture, disponible exclusivement chez Koonings The Wedding Palace, et faites l&#8217;exp\u00e9rience de la magie d&#8217;une robe qui semble avoir \u00e9t\u00e9 faite juste pour vous.    <\/p>\n","protected":false},"featured_media":82694,"template":"","meta":{"_acf_changed":false,"ghostkit_customizer_options":"","ghostkit_custom_css":"","ghostkit_custom_js_head":"","ghostkit_custom_js_foot":"","ghostkit_typography":""},"productdetails":[379,380,381],"productneck":[356],"productcolor":[393,392],"maat":[],"productsupplier":[419],"productsleeve":[359],"productcategory":[18],"productsilhouette":[387],"productstyle":[367,366],"class_list":["post-85065","product","type-product","status-publish","has-post-thumbnail","hentry","productdetails-379","productdetails-380","productdetails-381","productneck-356","productcolor-393","productcolor-392","productsupplier-ramona-koonings-couture","productsleeve-359","productcategory-trouwjurken","productsilhouette-387","productstyle-367","productstyle-366"],"acf":[],"yoast_head":"<!-- This site is optimized with the Yoast SEO plugin v27.3 - https:\/\/yoast.com\/product\/yoast-seo-wordpress\/ -->\n<title>Ramona Koonings Couture KN2510 Rosa | Koonings<\/title>\n<meta name=\"description\" content=\"La robe de mari\u00e9e Rosa sophistiqu\u00e9e et s\u00e9duisante de Ramona Koonings Couture. Laissez-vous s\u00e9duire par la robe de mari\u00e9e Rosa, une cr\u00e9ation exclusive de Ramona Koonings Couture, disponible chez Koonings The Wedding Palace. Cette robe de mari\u00e9e couture est le m\u00e9lange parfait de romantisme et d&#039;\u00e9l\u00e9gance, con\u00e7ue pour la mari\u00e9e qui veut embrasser sa f\u00e9minit\u00e9 avec un look \u00e9l\u00e9gant et s\u00e9duisant. La coupe sir\u00e8ne de la robe Rosa accentue les formes f\u00e9minines et cr\u00e9e une silhouette gracieuse. Le d\u00e9collet\u00e9 en V profond, les bretelles \u00e9troites et le profond d\u00e9collet\u00e9 ajoutent une touche sensuelle et moderne, tandis que la douce teinte ivoire\/blush ajoute un \u00e9clat subtil et romantique. Ce qui rend cette robe encore plus sp\u00e9ciale, ce sont les fleurs en 3D travaill\u00e9es avec art sur le d\u00e9licat tissu de tulle. Ces d\u00e9tails sophistiqu\u00e9s donnent \u00e0 la robe un air de r\u00eave et de conte de f\u00e9es, parfait pour une mari\u00e9e \u00e0 la recherche d&#039;un look couture avec un flair romantique. Vous voulez briller dans une robe de mari\u00e9e qui combine \u00e9l\u00e9gance classique et sensualit\u00e9 moderne ? D\u00e9couvrez la robe de mari\u00e9e Rosa de Ramona Koonings Couture, disponible exclusivement chez Koonings The Wedding Palace, et faites l&#039;exp\u00e9rience de la magie d&#039;une robe qui semble avoir \u00e9t\u00e9 faite juste pour vous.\" \/>\n<meta name=\"robots\" content=\"index, follow, max-snippet:-1, max-image-preview:large, max-video-preview:-1\" \/>\n<link rel=\"canonical\" href=\"https:\/\/www.koonings.com\/fr\/product\/ramona-koonings-couture-kn2510-rosa\/\" \/>\n<meta property=\"og:locale\" content=\"fr_FR\" \/>\n<meta property=\"og:type\" content=\"article\" \/>\n<meta property=\"og:title\" content=\"Ramona Koonings Couture KN2510 Rosa | Koonings\" \/>\n<meta property=\"og:description\" content=\"La robe de mari\u00e9e Rosa sophistiqu\u00e9e et s\u00e9duisante de Ramona Koonings Couture. Laissez-vous s\u00e9duire par la robe de mari\u00e9e Rosa, une cr\u00e9ation exclusive de Ramona Koonings Couture, disponible chez Koonings The Wedding Palace. Cette robe de mari\u00e9e couture est le m\u00e9lange parfait de romantisme et d&#039;\u00e9l\u00e9gance, con\u00e7ue pour la mari\u00e9e qui veut embrasser sa f\u00e9minit\u00e9 avec un look \u00e9l\u00e9gant et s\u00e9duisant. La coupe sir\u00e8ne de la robe Rosa accentue les formes f\u00e9minines et cr\u00e9e une silhouette gracieuse. Le d\u00e9collet\u00e9 en V profond, les bretelles \u00e9troites et le profond d\u00e9collet\u00e9 ajoutent une touche sensuelle et moderne, tandis que la douce teinte ivoire\/blush ajoute un \u00e9clat subtil et romantique. Ce qui rend cette robe encore plus sp\u00e9ciale, ce sont les fleurs en 3D travaill\u00e9es avec art sur le d\u00e9licat tissu de tulle. Ces d\u00e9tails sophistiqu\u00e9s donnent \u00e0 la robe un air de r\u00eave et de conte de f\u00e9es, parfait pour une mari\u00e9e \u00e0 la recherche d&#039;un look couture avec un flair romantique. Vous voulez briller dans une robe de mari\u00e9e qui combine \u00e9l\u00e9gance classique et sensualit\u00e9 moderne ? D\u00e9couvrez la robe de mari\u00e9e Rosa de Ramona Koonings Couture, disponible exclusivement chez Koonings The Wedding Palace, et faites l&#039;exp\u00e9rience de la magie d&#039;une robe qui semble avoir \u00e9t\u00e9 faite juste pour vous.\" \/>\n<meta property=\"og:url\" content=\"https:\/\/www.koonings.com\/fr\/product\/ramona-koonings-couture-kn2510-rosa\/\" \/>\n<meta property=\"og:site_name\" content=\"Koonings\" \/>\n<meta property=\"article:publisher\" content=\"https:\/\/www.facebook.com\/kooningstheweddingpalace\" \/>\n<meta property=\"og:image\" content=\"https:\/\/www.koonings.com\/wp-content\/uploads\/2025\/03\/39991_5f695a661f62209df8e8807daf42c13330d0f453b858d04694228a839375a2d379aa3358-scaled.jpeg\" \/>\n\t<meta property=\"og:image:width\" content=\"1816\" \/>\n\t<meta property=\"og:image:height\" content=\"2560\" \/>\n\t<meta property=\"og:image:type\" content=\"image\/jpeg\" \/>\n<meta name=\"twitter:card\" content=\"summary_large_image\" \/>\n<meta name=\"twitter:label1\" content=\"Dur\u00e9e de lecture estim\u00e9e\" \/>\n\t<meta name=\"twitter:data1\" content=\"1 minute\" \/>\n<script type=\"application\/ld+json\" class=\"yoast-schema-graph\">{\"@context\":\"https:\\\/\\\/schema.org\",\"@graph\":[{\"@type\":\"WebPage\",\"@id\":\"https:\\\/\\\/www.koonings.com\\\/fr\\\/product\\\/ramona-koonings-couture-kn2510-rosa\\\/\",\"url\":\"https:\\\/\\\/www.koonings.com\\\/fr\\\/product\\\/ramona-koonings-couture-kn2510-rosa\\\/\",\"name\":\"Ramona Koonings Couture KN2510 Rosa | Koonings\",\"isPartOf\":{\"@id\":\"https:\\\/\\\/www.koonings.com\\\/fr\\\/#website\"},\"primaryImageOfPage\":{\"@id\":\"https:\\\/\\\/www.koonings.com\\\/fr\\\/product\\\/ramona-koonings-couture-kn2510-rosa\\\/#primaryimage\"},\"image\":{\"@id\":\"https:\\\/\\\/www.koonings.com\\\/fr\\\/product\\\/ramona-koonings-couture-kn2510-rosa\\\/#primaryimage\"},\"thumbnailUrl\":\"https:\\\/\\\/www.koonings.com\\\/wp-content\\\/uploads\\\/2025\\\/03\\\/39991_5f695a661f62209df8e8807daf42c13330d0f453b858d04694228a839375a2d379aa3358-scaled.jpeg\",\"datePublished\":\"2026-04-21T16:16:39+00:00\",\"description\":\"La robe de mari\u00e9e Rosa sophistiqu\u00e9e et s\u00e9duisante de Ramona Koonings Couture. Laissez-vous s\u00e9duire par la robe de mari\u00e9e Rosa, une cr\u00e9ation exclusive de Ramona Koonings Couture, disponible chez Koonings The Wedding Palace. Cette robe de mari\u00e9e couture est le m\u00e9lange parfait de romantisme et d'\u00e9l\u00e9gance, con\u00e7ue pour la mari\u00e9e qui veut embrasser sa f\u00e9minit\u00e9 avec un look \u00e9l\u00e9gant et s\u00e9duisant. La coupe sir\u00e8ne de la robe Rosa accentue les formes f\u00e9minines et cr\u00e9e une silhouette gracieuse. Le d\u00e9collet\u00e9 en V profond, les bretelles \u00e9troites et le profond d\u00e9collet\u00e9 ajoutent une touche sensuelle et moderne, tandis que la douce teinte ivoire\\\/blush ajoute un \u00e9clat subtil et romantique. Ce qui rend cette robe encore plus sp\u00e9ciale, ce sont les fleurs en 3D travaill\u00e9es avec art sur le d\u00e9licat tissu de tulle. Ces d\u00e9tails sophistiqu\u00e9s donnent \u00e0 la robe un air de r\u00eave et de conte de f\u00e9es, parfait pour une mari\u00e9e \u00e0 la recherche d'un look couture avec un flair romantique. Vous voulez briller dans une robe de mari\u00e9e qui combine \u00e9l\u00e9gance classique et sensualit\u00e9 moderne ? D\u00e9couvrez la robe de mari\u00e9e Rosa de Ramona Koonings Couture, disponible exclusivement chez Koonings The Wedding Palace, et faites l'exp\u00e9rience de la magie d'une robe qui semble avoir \u00e9t\u00e9 faite juste pour vous.\",\"breadcrumb\":{\"@id\":\"https:\\\/\\\/www.koonings.com\\\/fr\\\/product\\\/ramona-koonings-couture-kn2510-rosa\\\/#breadcrumb\"},\"inLanguage\":\"fr-FR\",\"potentialAction\":[{\"@type\":\"ReadAction\",\"target\":[\"https:\\\/\\\/www.koonings.com\\\/fr\\\/product\\\/ramona-koonings-couture-kn2510-rosa\\\/\"]}]},{\"@type\":\"ImageObject\",\"inLanguage\":\"fr-FR\",\"@id\":\"https:\\\/\\\/www.koonings.com\\\/fr\\\/product\\\/ramona-koonings-couture-kn2510-rosa\\\/#primaryimage\",\"url\":\"https:\\\/\\\/www.koonings.com\\\/wp-content\\\/uploads\\\/2025\\\/03\\\/39991_5f695a661f62209df8e8807daf42c13330d0f453b858d04694228a839375a2d379aa3358-scaled.jpeg\",\"contentUrl\":\"https:\\\/\\\/www.koonings.com\\\/wp-content\\\/uploads\\\/2025\\\/03\\\/39991_5f695a661f62209df8e8807daf42c13330d0f453b858d04694228a839375a2d379aa3358-scaled.jpeg\",\"width\":1816,\"height\":2560},{\"@type\":\"BreadcrumbList\",\"@id\":\"https:\\\/\\\/www.koonings.com\\\/fr\\\/product\\\/ramona-koonings-couture-kn2510-rosa\\\/#breadcrumb\",\"itemListElement\":[{\"@type\":\"ListItem\",\"position\":1,\"name\":\"Home\",\"item\":\"https:\\\/\\\/www.koonings.com\\\/fr\\\/\"},{\"@type\":\"ListItem\",\"position\":2,\"name\":\"Ramona Koonings Couture KN2510 Rosa\"}]},{\"@type\":\"WebSite\",\"@id\":\"https:\\\/\\\/www.koonings.com\\\/fr\\\/#website\",\"url\":\"https:\\\/\\\/www.koonings.com\\\/fr\\\/\",\"name\":\"Koonings\",\"description\":\"De grootste bruidsmodewinkel ter wereld\",\"publisher\":{\"@id\":\"https:\\\/\\\/www.koonings.com\\\/fr\\\/#organization\"},\"potentialAction\":[{\"@type\":\"SearchAction\",\"target\":{\"@type\":\"EntryPoint\",\"urlTemplate\":\"https:\\\/\\\/www.koonings.com\\\/fr\\\/?s={search_term_string}\"},\"query-input\":{\"@type\":\"PropertyValueSpecification\",\"valueRequired\":true,\"valueName\":\"search_term_string\"}}],\"inLanguage\":\"fr-FR\"},{\"@type\":\"Organization\",\"@id\":\"https:\\\/\\\/www.koonings.com\\\/fr\\\/#organization\",\"name\":\"Koonings\",\"url\":\"https:\\\/\\\/www.koonings.com\\\/fr\\\/\",\"logo\":{\"@type\":\"ImageObject\",\"inLanguage\":\"fr-FR\",\"@id\":\"https:\\\/\\\/www.koonings.com\\\/fr\\\/#\\\/schema\\\/logo\\\/image\\\/\",\"url\":\"https:\\\/\\\/www.koonings.com\\\/wp-content\\\/uploads\\\/2024\\\/07\\\/logo.png\",\"contentUrl\":\"https:\\\/\\\/www.koonings.com\\\/wp-content\\\/uploads\\\/2024\\\/07\\\/logo.png\",\"width\":600,\"height\":428,\"caption\":\"Koonings\"},\"image\":{\"@id\":\"https:\\\/\\\/www.koonings.com\\\/fr\\\/#\\\/schema\\\/logo\\\/image\\\/\"},\"sameAs\":[\"https:\\\/\\\/www.facebook.com\\\/kooningstheweddingpalace\",\"https:\\\/\\\/www.instagram.com\\\/kooningstheweddingpalace\",\"https:\\\/\\\/www.pinterest.com\\\/koonings\",\"https:\\\/\\\/www.youtube.com\\\/kooningstheweddingpalace\"]}]}<\/script>\n<!-- \/ Yoast SEO plugin. -->","yoast_head_json":{"title":"Ramona Koonings Couture KN2510 Rosa | Koonings","description":"La robe de mari\u00e9e Rosa sophistiqu\u00e9e et s\u00e9duisante de Ramona Koonings Couture. Laissez-vous s\u00e9duire par la robe de mari\u00e9e Rosa, une cr\u00e9ation exclusive de Ramona Koonings Couture, disponible chez Koonings The Wedding Palace. Cette robe de mari\u00e9e couture est le m\u00e9lange parfait de romantisme et d'\u00e9l\u00e9gance, con\u00e7ue pour la mari\u00e9e qui veut embrasser sa f\u00e9minit\u00e9 avec un look \u00e9l\u00e9gant et s\u00e9duisant. La coupe sir\u00e8ne de la robe Rosa accentue les formes f\u00e9minines et cr\u00e9e une silhouette gracieuse. Le d\u00e9collet\u00e9 en V profond, les bretelles \u00e9troites et le profond d\u00e9collet\u00e9 ajoutent une touche sensuelle et moderne, tandis que la douce teinte ivoire\/blush ajoute un \u00e9clat subtil et romantique. Ce qui rend cette robe encore plus sp\u00e9ciale, ce sont les fleurs en 3D travaill\u00e9es avec art sur le d\u00e9licat tissu de tulle. Ces d\u00e9tails sophistiqu\u00e9s donnent \u00e0 la robe un air de r\u00eave et de conte de f\u00e9es, parfait pour une mari\u00e9e \u00e0 la recherche d'un look couture avec un flair romantique. Vous voulez briller dans une robe de mari\u00e9e qui combine \u00e9l\u00e9gance classique et sensualit\u00e9 moderne ? D\u00e9couvrez la robe de mari\u00e9e Rosa de Ramona Koonings Couture, disponible exclusivement chez Koonings The Wedding Palace, et faites l'exp\u00e9rience de la magie d'une robe qui semble avoir \u00e9t\u00e9 faite juste pour vous.","robots":{"index":"index","follow":"follow","max-snippet":"max-snippet:-1","max-image-preview":"max-image-preview:large","max-video-preview":"max-video-preview:-1"},"canonical":"https:\/\/www.koonings.com\/fr\/product\/ramona-koonings-couture-kn2510-rosa\/","og_locale":"fr_FR","og_type":"article","og_title":"Ramona Koonings Couture KN2510 Rosa | Koonings","og_description":"La robe de mari\u00e9e Rosa sophistiqu\u00e9e et s\u00e9duisante de Ramona Koonings Couture. Laissez-vous s\u00e9duire par la robe de mari\u00e9e Rosa, une cr\u00e9ation exclusive de Ramona Koonings Couture, disponible chez Koonings The Wedding Palace. Cette robe de mari\u00e9e couture est le m\u00e9lange parfait de romantisme et d'\u00e9l\u00e9gance, con\u00e7ue pour la mari\u00e9e qui veut embrasser sa f\u00e9minit\u00e9 avec un look \u00e9l\u00e9gant et s\u00e9duisant. La coupe sir\u00e8ne de la robe Rosa accentue les formes f\u00e9minines et cr\u00e9e une silhouette gracieuse. Le d\u00e9collet\u00e9 en V profond, les bretelles \u00e9troites et le profond d\u00e9collet\u00e9 ajoutent une touche sensuelle et moderne, tandis que la douce teinte ivoire\/blush ajoute un \u00e9clat subtil et romantique. Ce qui rend cette robe encore plus sp\u00e9ciale, ce sont les fleurs en 3D travaill\u00e9es avec art sur le d\u00e9licat tissu de tulle. Ces d\u00e9tails sophistiqu\u00e9s donnent \u00e0 la robe un air de r\u00eave et de conte de f\u00e9es, parfait pour une mari\u00e9e \u00e0 la recherche d'un look couture avec un flair romantique. Vous voulez briller dans une robe de mari\u00e9e qui combine \u00e9l\u00e9gance classique et sensualit\u00e9 moderne ? D\u00e9couvrez la robe de mari\u00e9e Rosa de Ramona Koonings Couture, disponible exclusivement chez Koonings The Wedding Palace, et faites l'exp\u00e9rience de la magie d'une robe qui semble avoir \u00e9t\u00e9 faite juste pour vous.","og_url":"https:\/\/www.koonings.com\/fr\/product\/ramona-koonings-couture-kn2510-rosa\/","og_site_name":"Koonings","article_publisher":"https:\/\/www.facebook.com\/kooningstheweddingpalace","og_image":[{"width":1816,"height":2560,"url":"https:\/\/www.koonings.com\/wp-content\/uploads\/2025\/03\/39991_5f695a661f62209df8e8807daf42c13330d0f453b858d04694228a839375a2d379aa3358-scaled.jpeg","type":"image\/jpeg"}],"twitter_card":"summary_large_image","twitter_misc":{"Dur\u00e9e de lecture estim\u00e9e":"1 minute"},"schema":{"@context":"https:\/\/schema.org","@graph":[{"@type":"WebPage","@id":"https:\/\/www.koonings.com\/fr\/product\/ramona-koonings-couture-kn2510-rosa\/","url":"https:\/\/www.koonings.com\/fr\/product\/ramona-koonings-couture-kn2510-rosa\/","name":"Ramona Koonings Couture KN2510 Rosa | Koonings","isPartOf":{"@id":"https:\/\/www.koonings.com\/fr\/#website"},"primaryImageOfPage":{"@id":"https:\/\/www.koonings.com\/fr\/product\/ramona-koonings-couture-kn2510-rosa\/#primaryimage"},"image":{"@id":"https:\/\/www.koonings.com\/fr\/product\/ramona-koonings-couture-kn2510-rosa\/#primaryimage"},"thumbnailUrl":"https:\/\/www.koonings.com\/wp-content\/uploads\/2025\/03\/39991_5f695a661f62209df8e8807daf42c13330d0f453b858d04694228a839375a2d379aa3358-scaled.jpeg","datePublished":"2026-04-21T16:16:39+00:00","description":"La robe de mari\u00e9e Rosa sophistiqu\u00e9e et s\u00e9duisante de Ramona Koonings Couture. Laissez-vous s\u00e9duire par la robe de mari\u00e9e Rosa, une cr\u00e9ation exclusive de Ramona Koonings Couture, disponible chez Koonings The Wedding Palace. Cette robe de mari\u00e9e couture est le m\u00e9lange parfait de romantisme et d'\u00e9l\u00e9gance, con\u00e7ue pour la mari\u00e9e qui veut embrasser sa f\u00e9minit\u00e9 avec un look \u00e9l\u00e9gant et s\u00e9duisant. La coupe sir\u00e8ne de la robe Rosa accentue les formes f\u00e9minines et cr\u00e9e une silhouette gracieuse. Le d\u00e9collet\u00e9 en V profond, les bretelles \u00e9troites et le profond d\u00e9collet\u00e9 ajoutent une touche sensuelle et moderne, tandis que la douce teinte ivoire\/blush ajoute un \u00e9clat subtil et romantique. Ce qui rend cette robe encore plus sp\u00e9ciale, ce sont les fleurs en 3D travaill\u00e9es avec art sur le d\u00e9licat tissu de tulle. Ces d\u00e9tails sophistiqu\u00e9s donnent \u00e0 la robe un air de r\u00eave et de conte de f\u00e9es, parfait pour une mari\u00e9e \u00e0 la recherche d'un look couture avec un flair romantique. Vous voulez briller dans une robe de mari\u00e9e qui combine \u00e9l\u00e9gance classique et sensualit\u00e9 moderne ? D\u00e9couvrez la robe de mari\u00e9e Rosa de Ramona Koonings Couture, disponible exclusivement chez Koonings The Wedding Palace, et faites l'exp\u00e9rience de la magie d'une robe qui semble avoir \u00e9t\u00e9 faite juste pour vous.","breadcrumb":{"@id":"https:\/\/www.koonings.com\/fr\/product\/ramona-koonings-couture-kn2510-rosa\/#breadcrumb"},"inLanguage":"fr-FR","potentialAction":[{"@type":"ReadAction","target":["https:\/\/www.koonings.com\/fr\/product\/ramona-koonings-couture-kn2510-rosa\/"]}]},{"@type":"ImageObject","inLanguage":"fr-FR","@id":"https:\/\/www.koonings.com\/fr\/product\/ramona-koonings-couture-kn2510-rosa\/#primaryimage","url":"https:\/\/www.koonings.com\/wp-content\/uploads\/2025\/03\/39991_5f695a661f62209df8e8807daf42c13330d0f453b858d04694228a839375a2d379aa3358-scaled.jpeg","contentUrl":"https:\/\/www.koonings.com\/wp-content\/uploads\/2025\/03\/39991_5f695a661f62209df8e8807daf42c13330d0f453b858d04694228a839375a2d379aa3358-scaled.jpeg","width":1816,"height":2560},{"@type":"BreadcrumbList","@id":"https:\/\/www.koonings.com\/fr\/product\/ramona-koonings-couture-kn2510-rosa\/#breadcrumb","itemListElement":[{"@type":"ListItem","position":1,"name":"Home","item":"https:\/\/www.koonings.com\/fr\/"},{"@type":"ListItem","position":2,"name":"Ramona Koonings Couture KN2510 Rosa"}]},{"@type":"WebSite","@id":"https:\/\/www.koonings.com\/fr\/#website","url":"https:\/\/www.koonings.com\/fr\/","name":"Koonings","description":"De grootste bruidsmodewinkel ter wereld","publisher":{"@id":"https:\/\/www.koonings.com\/fr\/#organization"},"potentialAction":[{"@type":"SearchAction","target":{"@type":"EntryPoint","urlTemplate":"https:\/\/www.koonings.com\/fr\/?s={search_term_string}"},"query-input":{"@type":"PropertyValueSpecification","valueRequired":true,"valueName":"search_term_string"}}],"inLanguage":"fr-FR"},{"@type":"Organization","@id":"https:\/\/www.koonings.com\/fr\/#organization","name":"Koonings","url":"https:\/\/www.koonings.com\/fr\/","logo":{"@type":"ImageObject","inLanguage":"fr-FR","@id":"https:\/\/www.koonings.com\/fr\/#\/schema\/logo\/image\/","url":"https:\/\/www.koonings.com\/wp-content\/uploads\/2024\/07\/logo.png","contentUrl":"https:\/\/www.koonings.com\/wp-content\/uploads\/2024\/07\/logo.png","width":600,"height":428,"caption":"Koonings"},"image":{"@id":"https:\/\/www.koonings.com\/fr\/#\/schema\/logo\/image\/"},"sameAs":["https:\/\/www.facebook.com\/kooningstheweddingpalace","https:\/\/www.instagram.com\/kooningstheweddingpalace","https:\/\/www.pinterest.com\/koonings","https:\/\/www.youtube.com\/kooningstheweddingpalace"]}]}},"_links":{"self":[{"href":"https:\/\/www.koonings.com\/fr\/wp-json\/wp\/v2\/product\/85065","targetHints":{"allow":["GET"]}}],"collection":[{"href":"https:\/\/www.koonings.com\/fr\/wp-json\/wp\/v2\/product"}],"about":[{"href":"https:\/\/www.koonings.com\/fr\/wp-json\/wp\/v2\/types\/product"}],"wp:featuredmedia":[{"embeddable":true,"href":"https:\/\/www.koonings.com\/fr\/wp-json\/wp\/v2\/media\/82694"}],"wp:attachment":[{"href":"https:\/\/www.koonings.com\/fr\/wp-json\/wp\/v2\/media?parent=85065"}],"wp:term":[{"taxonomy":"productdetails","embeddable":true,"href":"https:\/\/www.koonings.com\/fr\/wp-json\/wp\/v2\/productdetails?post=85065"},{"taxonomy":"productneck","embeddable":true,"href":"https:\/\/www.koonings.com\/fr\/wp-json\/wp\/v2\/productneck?post=85065"},{"taxonomy":"productcolor","embeddable":true,"href":"https:\/\/www.koonings.com\/fr\/wp-json\/wp\/v2\/productcolor?post=85065"},{"taxonomy":"maat","embeddable":true,"href":"https:\/\/www.koonings.com\/fr\/wp-json\/wp\/v2\/maat?post=85065"},{"taxonomy":"productsupplier","embeddable":true,"href":"https:\/\/www.koonings.com\/fr\/wp-json\/wp\/v2\/productsupplier?post=85065"},{"taxonomy":"productsleeve","embeddable":true,"href":"https:\/\/www.koonings.com\/fr\/wp-json\/wp\/v2\/productsleeve?post=85065"},{"taxonomy":"productcategory","embeddable":true,"href":"https:\/\/www.koonings.com\/fr\/wp-json\/wp\/v2\/productcategory?post=85065"},{"taxonomy":"productsilhouette","embeddable":true,"href":"https:\/\/www.koonings.com\/fr\/wp-json\/wp\/v2\/productsilhouette?post=85065"},{"taxonomy":"productstyle","embeddable":true,"href":"https:\/\/www.koonings.com\/fr\/wp-json\/wp\/v2\/productstyle?post=85065"}],"curies":[{"name":"wp","href":"https:\/\/api.w.org\/{rel}","templated":true}]}}