{"id":85064,"date":"2026-05-06T15:16:29","date_gmt":"2026-05-06T13:16:29","guid":{"rendered":"https:\/\/www.koonings.com\/product\/ramona-koonings-couture-kn2509-frida\/"},"modified":"2026-02-16T15:11:54","modified_gmt":"2026-02-16T14:11:54","slug":"ramona-koonings-couture-kn2509-frida","status":"publish","type":"product","link":"https:\/\/www.koonings.com\/fr\/product\/ramona-koonings-couture-kn2509-frida\/","title":{"rendered":"Ramona Koonings Couture KN2509 Frida"},"content":{"rendered":"<p>La robe de mari\u00e9e intemporelle Frida de Ramona Koonings Couture<br \/>\nD\u00e9couvrez la combinaison parfaite de l&#8217;\u00e9l\u00e9gance classique et de l&#8217;allure couture avec l&#8217;envo\u00fbtant mod\u00e8le Frida de la collection exclusive de Ramona Koonings Couture, disponible chez Koonings The Wedding Palace. Cette robe de mari\u00e9e sophistiqu\u00e9e est un r\u00eave pour la mari\u00e9e qui recherche un look \u00e9l\u00e9gant et intemporel avec un attrait luxueux.<br \/>\nLa robe de mari\u00e9e Frida pr\u00e9sente une silhouette de sir\u00e8ne qui met merveilleusement en valeur les formes f\u00e9minines et cr\u00e9e un look gracieux et \u00e9l\u00e9gant. L&#8217;encolure haute et les manches longues conf\u00e8rent \u00e0 la robe une touche royale et classique, tandis que la douce teinte ivoire cr\u00e9e un effet romantique et intemporel.<br \/>\nLes d\u00e9tails prennent magnifiquement vie sur le tulle d\u00e9licat, donnant \u00e0 la robe un air de conte de f\u00e9es. La combinaison d&#8217;\u00e9l\u00e9ments classiques et de couture moderne fait de Frida un choix unique pour la mari\u00e9e qui recherche une robe au luxe raffin\u00e9 et \u00e0 l&#8217;allure royale.<br \/>\nVous voulez briller dans une robe de mari\u00e9e qui allie parfaitement \u00e9l\u00e9gance, classe et couture ? Laissez-vous s\u00e9duire par la robe de mari\u00e9e Frida de Ramona Koonings Couture, disponible exclusivement chez Koonings The Wedding Palace.    <\/p>\n","protected":false},"featured_media":82728,"template":"","meta":{"_acf_changed":false,"ghostkit_customizer_options":"","ghostkit_custom_css":"","ghostkit_custom_js_head":"","ghostkit_custom_js_foot":"","ghostkit_typography":""},"productdetails":[379,381],"productneck":[350],"productcolor":[392],"maat":[],"productsupplier":[419],"productsleeve":[362],"productcategory":[18],"productsilhouette":[387],"productstyle":[367,369],"class_list":["post-85064","product","type-product","status-publish","has-post-thumbnail","hentry","productdetails-379","productdetails-381","productneck-350","productcolor-392","productsupplier-ramona-koonings-couture","productsleeve-362","productcategory-trouwjurken","productsilhouette-387","productstyle-367","productstyle-369"],"acf":[],"yoast_head":"<!-- This site is optimized with the Yoast SEO plugin v27.3 - https:\/\/yoast.com\/product\/yoast-seo-wordpress\/ -->\n<title>Ramona Koonings Couture KN2509 Frida | Koonings<\/title>\n<meta name=\"description\" content=\"La robe de mari\u00e9e intemporelle Frida de Ramona Koonings Couture D\u00e9couvrez la combinaison parfaite de l&#039;\u00e9l\u00e9gance classique et de l&#039;allure couture avec l&#039;envo\u00fbtant mod\u00e8le Frida de la collection exclusive de Ramona Koonings Couture, disponible chez Koonings The Wedding Palace. Cette robe de mari\u00e9e sophistiqu\u00e9e est un r\u00eave pour la mari\u00e9e qui recherche un look \u00e9l\u00e9gant et intemporel avec un attrait luxueux. La robe de mari\u00e9e Frida pr\u00e9sente une silhouette de sir\u00e8ne qui met merveilleusement en valeur les formes f\u00e9minines et cr\u00e9e un look gracieux et \u00e9l\u00e9gant. L&#039;encolure haute et les manches longues conf\u00e8rent \u00e0 la robe une touche royale et classique, tandis que la douce teinte ivoire cr\u00e9e un effet romantique et intemporel. Les d\u00e9tails prennent magnifiquement vie sur le tulle d\u00e9licat, donnant \u00e0 la robe un air de conte de f\u00e9es. La combinaison d&#039;\u00e9l\u00e9ments classiques et de couture moderne fait de Frida un choix unique pour la mari\u00e9e qui recherche une robe au luxe raffin\u00e9 et \u00e0 l&#039;allure royale. Vous voulez briller dans une robe de mari\u00e9e qui allie parfaitement \u00e9l\u00e9gance, classe et couture ? Laissez-vous s\u00e9duire par la robe de mari\u00e9e Frida de Ramona Koonings Couture, disponible exclusivement chez Koonings The Wedding Palace.\" \/>\n<meta name=\"robots\" content=\"index, follow, max-snippet:-1, max-image-preview:large, max-video-preview:-1\" \/>\n<link rel=\"canonical\" href=\"https:\/\/www.koonings.com\/fr\/product\/ramona-koonings-couture-kn2509-frida\/\" \/>\n<meta property=\"og:locale\" content=\"fr_FR\" \/>\n<meta property=\"og:type\" content=\"article\" \/>\n<meta property=\"og:title\" content=\"Ramona Koonings Couture KN2509 Frida | Koonings\" \/>\n<meta property=\"og:description\" content=\"La robe de mari\u00e9e intemporelle Frida de Ramona Koonings Couture D\u00e9couvrez la combinaison parfaite de l&#039;\u00e9l\u00e9gance classique et de l&#039;allure couture avec l&#039;envo\u00fbtant mod\u00e8le Frida de la collection exclusive de Ramona Koonings Couture, disponible chez Koonings The Wedding Palace. Cette robe de mari\u00e9e sophistiqu\u00e9e est un r\u00eave pour la mari\u00e9e qui recherche un look \u00e9l\u00e9gant et intemporel avec un attrait luxueux. La robe de mari\u00e9e Frida pr\u00e9sente une silhouette de sir\u00e8ne qui met merveilleusement en valeur les formes f\u00e9minines et cr\u00e9e un look gracieux et \u00e9l\u00e9gant. L&#039;encolure haute et les manches longues conf\u00e8rent \u00e0 la robe une touche royale et classique, tandis que la douce teinte ivoire cr\u00e9e un effet romantique et intemporel. Les d\u00e9tails prennent magnifiquement vie sur le tulle d\u00e9licat, donnant \u00e0 la robe un air de conte de f\u00e9es. La combinaison d&#039;\u00e9l\u00e9ments classiques et de couture moderne fait de Frida un choix unique pour la mari\u00e9e qui recherche une robe au luxe raffin\u00e9 et \u00e0 l&#039;allure royale. Vous voulez briller dans une robe de mari\u00e9e qui allie parfaitement \u00e9l\u00e9gance, classe et couture ? Laissez-vous s\u00e9duire par la robe de mari\u00e9e Frida de Ramona Koonings Couture, disponible exclusivement chez Koonings The Wedding Palace.\" \/>\n<meta property=\"og:url\" content=\"https:\/\/www.koonings.com\/fr\/product\/ramona-koonings-couture-kn2509-frida\/\" \/>\n<meta property=\"og:site_name\" content=\"Koonings\" \/>\n<meta property=\"article:publisher\" content=\"https:\/\/www.facebook.com\/kooningstheweddingpalace\" \/>\n<meta property=\"og:image\" content=\"https:\/\/www.koonings.com\/wp-content\/uploads\/2025\/03\/39993_f62963de06d5efba9ec6bacde78861f303c385f29ece825721cd005398ab696e9f8efed5-scaled.jpeg\" \/>\n\t<meta property=\"og:image:width\" content=\"1810\" \/>\n\t<meta property=\"og:image:height\" content=\"2560\" \/>\n\t<meta property=\"og:image:type\" content=\"image\/jpeg\" \/>\n<meta name=\"twitter:card\" content=\"summary_large_image\" \/>\n<meta name=\"twitter:label1\" content=\"Dur\u00e9e de lecture estim\u00e9e\" \/>\n\t<meta name=\"twitter:data1\" content=\"1 minute\" \/>\n<script type=\"application\/ld+json\" class=\"yoast-schema-graph\">{\"@context\":\"https:\\\/\\\/schema.org\",\"@graph\":[{\"@type\":\"WebPage\",\"@id\":\"https:\\\/\\\/www.koonings.com\\\/fr\\\/product\\\/ramona-koonings-couture-kn2509-frida\\\/\",\"url\":\"https:\\\/\\\/www.koonings.com\\\/fr\\\/product\\\/ramona-koonings-couture-kn2509-frida\\\/\",\"name\":\"Ramona Koonings Couture KN2509 Frida | Koonings\",\"isPartOf\":{\"@id\":\"https:\\\/\\\/www.koonings.com\\\/fr\\\/#website\"},\"primaryImageOfPage\":{\"@id\":\"https:\\\/\\\/www.koonings.com\\\/fr\\\/product\\\/ramona-koonings-couture-kn2509-frida\\\/#primaryimage\"},\"image\":{\"@id\":\"https:\\\/\\\/www.koonings.com\\\/fr\\\/product\\\/ramona-koonings-couture-kn2509-frida\\\/#primaryimage\"},\"thumbnailUrl\":\"https:\\\/\\\/www.koonings.com\\\/wp-content\\\/uploads\\\/2025\\\/03\\\/39993_f62963de06d5efba9ec6bacde78861f303c385f29ece825721cd005398ab696e9f8efed5-scaled.jpeg\",\"datePublished\":\"2026-05-06T13:16:29+00:00\",\"description\":\"La robe de mari\u00e9e intemporelle Frida de Ramona Koonings Couture D\u00e9couvrez la combinaison parfaite de l'\u00e9l\u00e9gance classique et de l'allure couture avec l'envo\u00fbtant mod\u00e8le Frida de la collection exclusive de Ramona Koonings Couture, disponible chez Koonings The Wedding Palace. Cette robe de mari\u00e9e sophistiqu\u00e9e est un r\u00eave pour la mari\u00e9e qui recherche un look \u00e9l\u00e9gant et intemporel avec un attrait luxueux. La robe de mari\u00e9e Frida pr\u00e9sente une silhouette de sir\u00e8ne qui met merveilleusement en valeur les formes f\u00e9minines et cr\u00e9e un look gracieux et \u00e9l\u00e9gant. L'encolure haute et les manches longues conf\u00e8rent \u00e0 la robe une touche royale et classique, tandis que la douce teinte ivoire cr\u00e9e un effet romantique et intemporel. Les d\u00e9tails prennent magnifiquement vie sur le tulle d\u00e9licat, donnant \u00e0 la robe un air de conte de f\u00e9es. La combinaison d'\u00e9l\u00e9ments classiques et de couture moderne fait de Frida un choix unique pour la mari\u00e9e qui recherche une robe au luxe raffin\u00e9 et \u00e0 l'allure royale. Vous voulez briller dans une robe de mari\u00e9e qui allie parfaitement \u00e9l\u00e9gance, classe et couture ? Laissez-vous s\u00e9duire par la robe de mari\u00e9e Frida de Ramona Koonings Couture, disponible exclusivement chez Koonings The Wedding Palace.\",\"breadcrumb\":{\"@id\":\"https:\\\/\\\/www.koonings.com\\\/fr\\\/product\\\/ramona-koonings-couture-kn2509-frida\\\/#breadcrumb\"},\"inLanguage\":\"fr-FR\",\"potentialAction\":[{\"@type\":\"ReadAction\",\"target\":[\"https:\\\/\\\/www.koonings.com\\\/fr\\\/product\\\/ramona-koonings-couture-kn2509-frida\\\/\"]}]},{\"@type\":\"ImageObject\",\"inLanguage\":\"fr-FR\",\"@id\":\"https:\\\/\\\/www.koonings.com\\\/fr\\\/product\\\/ramona-koonings-couture-kn2509-frida\\\/#primaryimage\",\"url\":\"https:\\\/\\\/www.koonings.com\\\/wp-content\\\/uploads\\\/2025\\\/03\\\/39993_f62963de06d5efba9ec6bacde78861f303c385f29ece825721cd005398ab696e9f8efed5-scaled.jpeg\",\"contentUrl\":\"https:\\\/\\\/www.koonings.com\\\/wp-content\\\/uploads\\\/2025\\\/03\\\/39993_f62963de06d5efba9ec6bacde78861f303c385f29ece825721cd005398ab696e9f8efed5-scaled.jpeg\",\"width\":1810,\"height\":2560},{\"@type\":\"BreadcrumbList\",\"@id\":\"https:\\\/\\\/www.koonings.com\\\/fr\\\/product\\\/ramona-koonings-couture-kn2509-frida\\\/#breadcrumb\",\"itemListElement\":[{\"@type\":\"ListItem\",\"position\":1,\"name\":\"Home\",\"item\":\"https:\\\/\\\/www.koonings.com\\\/fr\\\/\"},{\"@type\":\"ListItem\",\"position\":2,\"name\":\"Ramona Koonings Couture KN2509 Frida\"}]},{\"@type\":\"WebSite\",\"@id\":\"https:\\\/\\\/www.koonings.com\\\/fr\\\/#website\",\"url\":\"https:\\\/\\\/www.koonings.com\\\/fr\\\/\",\"name\":\"Koonings\",\"description\":\"De grootste bruidsmodewinkel ter wereld\",\"publisher\":{\"@id\":\"https:\\\/\\\/www.koonings.com\\\/fr\\\/#organization\"},\"potentialAction\":[{\"@type\":\"SearchAction\",\"target\":{\"@type\":\"EntryPoint\",\"urlTemplate\":\"https:\\\/\\\/www.koonings.com\\\/fr\\\/?s={search_term_string}\"},\"query-input\":{\"@type\":\"PropertyValueSpecification\",\"valueRequired\":true,\"valueName\":\"search_term_string\"}}],\"inLanguage\":\"fr-FR\"},{\"@type\":\"Organization\",\"@id\":\"https:\\\/\\\/www.koonings.com\\\/fr\\\/#organization\",\"name\":\"Koonings\",\"url\":\"https:\\\/\\\/www.koonings.com\\\/fr\\\/\",\"logo\":{\"@type\":\"ImageObject\",\"inLanguage\":\"fr-FR\",\"@id\":\"https:\\\/\\\/www.koonings.com\\\/fr\\\/#\\\/schema\\\/logo\\\/image\\\/\",\"url\":\"https:\\\/\\\/www.koonings.com\\\/wp-content\\\/uploads\\\/2024\\\/07\\\/logo.png\",\"contentUrl\":\"https:\\\/\\\/www.koonings.com\\\/wp-content\\\/uploads\\\/2024\\\/07\\\/logo.png\",\"width\":600,\"height\":428,\"caption\":\"Koonings\"},\"image\":{\"@id\":\"https:\\\/\\\/www.koonings.com\\\/fr\\\/#\\\/schema\\\/logo\\\/image\\\/\"},\"sameAs\":[\"https:\\\/\\\/www.facebook.com\\\/kooningstheweddingpalace\",\"https:\\\/\\\/www.instagram.com\\\/kooningstheweddingpalace\",\"https:\\\/\\\/www.pinterest.com\\\/koonings\",\"https:\\\/\\\/www.youtube.com\\\/kooningstheweddingpalace\"]}]}<\/script>\n<!-- \/ Yoast SEO plugin. -->","yoast_head_json":{"title":"Ramona Koonings Couture KN2509 Frida | Koonings","description":"La robe de mari\u00e9e intemporelle Frida de Ramona Koonings Couture D\u00e9couvrez la combinaison parfaite de l'\u00e9l\u00e9gance classique et de l'allure couture avec l'envo\u00fbtant mod\u00e8le Frida de la collection exclusive de Ramona Koonings Couture, disponible chez Koonings The Wedding Palace. Cette robe de mari\u00e9e sophistiqu\u00e9e est un r\u00eave pour la mari\u00e9e qui recherche un look \u00e9l\u00e9gant et intemporel avec un attrait luxueux. La robe de mari\u00e9e Frida pr\u00e9sente une silhouette de sir\u00e8ne qui met merveilleusement en valeur les formes f\u00e9minines et cr\u00e9e un look gracieux et \u00e9l\u00e9gant. L'encolure haute et les manches longues conf\u00e8rent \u00e0 la robe une touche royale et classique, tandis que la douce teinte ivoire cr\u00e9e un effet romantique et intemporel. Les d\u00e9tails prennent magnifiquement vie sur le tulle d\u00e9licat, donnant \u00e0 la robe un air de conte de f\u00e9es. La combinaison d'\u00e9l\u00e9ments classiques et de couture moderne fait de Frida un choix unique pour la mari\u00e9e qui recherche une robe au luxe raffin\u00e9 et \u00e0 l'allure royale. Vous voulez briller dans une robe de mari\u00e9e qui allie parfaitement \u00e9l\u00e9gance, classe et couture ? Laissez-vous s\u00e9duire par la robe de mari\u00e9e Frida de Ramona Koonings Couture, disponible exclusivement chez Koonings The Wedding Palace.","robots":{"index":"index","follow":"follow","max-snippet":"max-snippet:-1","max-image-preview":"max-image-preview:large","max-video-preview":"max-video-preview:-1"},"canonical":"https:\/\/www.koonings.com\/fr\/product\/ramona-koonings-couture-kn2509-frida\/","og_locale":"fr_FR","og_type":"article","og_title":"Ramona Koonings Couture KN2509 Frida | Koonings","og_description":"La robe de mari\u00e9e intemporelle Frida de Ramona Koonings Couture D\u00e9couvrez la combinaison parfaite de l'\u00e9l\u00e9gance classique et de l'allure couture avec l'envo\u00fbtant mod\u00e8le Frida de la collection exclusive de Ramona Koonings Couture, disponible chez Koonings The Wedding Palace. Cette robe de mari\u00e9e sophistiqu\u00e9e est un r\u00eave pour la mari\u00e9e qui recherche un look \u00e9l\u00e9gant et intemporel avec un attrait luxueux. La robe de mari\u00e9e Frida pr\u00e9sente une silhouette de sir\u00e8ne qui met merveilleusement en valeur les formes f\u00e9minines et cr\u00e9e un look gracieux et \u00e9l\u00e9gant. L'encolure haute et les manches longues conf\u00e8rent \u00e0 la robe une touche royale et classique, tandis que la douce teinte ivoire cr\u00e9e un effet romantique et intemporel. Les d\u00e9tails prennent magnifiquement vie sur le tulle d\u00e9licat, donnant \u00e0 la robe un air de conte de f\u00e9es. La combinaison d'\u00e9l\u00e9ments classiques et de couture moderne fait de Frida un choix unique pour la mari\u00e9e qui recherche une robe au luxe raffin\u00e9 et \u00e0 l'allure royale. Vous voulez briller dans une robe de mari\u00e9e qui allie parfaitement \u00e9l\u00e9gance, classe et couture ? Laissez-vous s\u00e9duire par la robe de mari\u00e9e Frida de Ramona Koonings Couture, disponible exclusivement chez Koonings The Wedding Palace.","og_url":"https:\/\/www.koonings.com\/fr\/product\/ramona-koonings-couture-kn2509-frida\/","og_site_name":"Koonings","article_publisher":"https:\/\/www.facebook.com\/kooningstheweddingpalace","og_image":[{"width":1810,"height":2560,"url":"https:\/\/www.koonings.com\/wp-content\/uploads\/2025\/03\/39993_f62963de06d5efba9ec6bacde78861f303c385f29ece825721cd005398ab696e9f8efed5-scaled.jpeg","type":"image\/jpeg"}],"twitter_card":"summary_large_image","twitter_misc":{"Dur\u00e9e de lecture estim\u00e9e":"1 minute"},"schema":{"@context":"https:\/\/schema.org","@graph":[{"@type":"WebPage","@id":"https:\/\/www.koonings.com\/fr\/product\/ramona-koonings-couture-kn2509-frida\/","url":"https:\/\/www.koonings.com\/fr\/product\/ramona-koonings-couture-kn2509-frida\/","name":"Ramona Koonings Couture KN2509 Frida | Koonings","isPartOf":{"@id":"https:\/\/www.koonings.com\/fr\/#website"},"primaryImageOfPage":{"@id":"https:\/\/www.koonings.com\/fr\/product\/ramona-koonings-couture-kn2509-frida\/#primaryimage"},"image":{"@id":"https:\/\/www.koonings.com\/fr\/product\/ramona-koonings-couture-kn2509-frida\/#primaryimage"},"thumbnailUrl":"https:\/\/www.koonings.com\/wp-content\/uploads\/2025\/03\/39993_f62963de06d5efba9ec6bacde78861f303c385f29ece825721cd005398ab696e9f8efed5-scaled.jpeg","datePublished":"2026-05-06T13:16:29+00:00","description":"La robe de mari\u00e9e intemporelle Frida de Ramona Koonings Couture D\u00e9couvrez la combinaison parfaite de l'\u00e9l\u00e9gance classique et de l'allure couture avec l'envo\u00fbtant mod\u00e8le Frida de la collection exclusive de Ramona Koonings Couture, disponible chez Koonings The Wedding Palace. Cette robe de mari\u00e9e sophistiqu\u00e9e est un r\u00eave pour la mari\u00e9e qui recherche un look \u00e9l\u00e9gant et intemporel avec un attrait luxueux. La robe de mari\u00e9e Frida pr\u00e9sente une silhouette de sir\u00e8ne qui met merveilleusement en valeur les formes f\u00e9minines et cr\u00e9e un look gracieux et \u00e9l\u00e9gant. L'encolure haute et les manches longues conf\u00e8rent \u00e0 la robe une touche royale et classique, tandis que la douce teinte ivoire cr\u00e9e un effet romantique et intemporel. Les d\u00e9tails prennent magnifiquement vie sur le tulle d\u00e9licat, donnant \u00e0 la robe un air de conte de f\u00e9es. La combinaison d'\u00e9l\u00e9ments classiques et de couture moderne fait de Frida un choix unique pour la mari\u00e9e qui recherche une robe au luxe raffin\u00e9 et \u00e0 l'allure royale. Vous voulez briller dans une robe de mari\u00e9e qui allie parfaitement \u00e9l\u00e9gance, classe et couture ? Laissez-vous s\u00e9duire par la robe de mari\u00e9e Frida de Ramona Koonings Couture, disponible exclusivement chez Koonings The Wedding Palace.","breadcrumb":{"@id":"https:\/\/www.koonings.com\/fr\/product\/ramona-koonings-couture-kn2509-frida\/#breadcrumb"},"inLanguage":"fr-FR","potentialAction":[{"@type":"ReadAction","target":["https:\/\/www.koonings.com\/fr\/product\/ramona-koonings-couture-kn2509-frida\/"]}]},{"@type":"ImageObject","inLanguage":"fr-FR","@id":"https:\/\/www.koonings.com\/fr\/product\/ramona-koonings-couture-kn2509-frida\/#primaryimage","url":"https:\/\/www.koonings.com\/wp-content\/uploads\/2025\/03\/39993_f62963de06d5efba9ec6bacde78861f303c385f29ece825721cd005398ab696e9f8efed5-scaled.jpeg","contentUrl":"https:\/\/www.koonings.com\/wp-content\/uploads\/2025\/03\/39993_f62963de06d5efba9ec6bacde78861f303c385f29ece825721cd005398ab696e9f8efed5-scaled.jpeg","width":1810,"height":2560},{"@type":"BreadcrumbList","@id":"https:\/\/www.koonings.com\/fr\/product\/ramona-koonings-couture-kn2509-frida\/#breadcrumb","itemListElement":[{"@type":"ListItem","position":1,"name":"Home","item":"https:\/\/www.koonings.com\/fr\/"},{"@type":"ListItem","position":2,"name":"Ramona Koonings Couture KN2509 Frida"}]},{"@type":"WebSite","@id":"https:\/\/www.koonings.com\/fr\/#website","url":"https:\/\/www.koonings.com\/fr\/","name":"Koonings","description":"De grootste bruidsmodewinkel ter wereld","publisher":{"@id":"https:\/\/www.koonings.com\/fr\/#organization"},"potentialAction":[{"@type":"SearchAction","target":{"@type":"EntryPoint","urlTemplate":"https:\/\/www.koonings.com\/fr\/?s={search_term_string}"},"query-input":{"@type":"PropertyValueSpecification","valueRequired":true,"valueName":"search_term_string"}}],"inLanguage":"fr-FR"},{"@type":"Organization","@id":"https:\/\/www.koonings.com\/fr\/#organization","name":"Koonings","url":"https:\/\/www.koonings.com\/fr\/","logo":{"@type":"ImageObject","inLanguage":"fr-FR","@id":"https:\/\/www.koonings.com\/fr\/#\/schema\/logo\/image\/","url":"https:\/\/www.koonings.com\/wp-content\/uploads\/2024\/07\/logo.png","contentUrl":"https:\/\/www.koonings.com\/wp-content\/uploads\/2024\/07\/logo.png","width":600,"height":428,"caption":"Koonings"},"image":{"@id":"https:\/\/www.koonings.com\/fr\/#\/schema\/logo\/image\/"},"sameAs":["https:\/\/www.facebook.com\/kooningstheweddingpalace","https:\/\/www.instagram.com\/kooningstheweddingpalace","https:\/\/www.pinterest.com\/koonings","https:\/\/www.youtube.com\/kooningstheweddingpalace"]}]}},"_links":{"self":[{"href":"https:\/\/www.koonings.com\/fr\/wp-json\/wp\/v2\/product\/85064","targetHints":{"allow":["GET"]}}],"collection":[{"href":"https:\/\/www.koonings.com\/fr\/wp-json\/wp\/v2\/product"}],"about":[{"href":"https:\/\/www.koonings.com\/fr\/wp-json\/wp\/v2\/types\/product"}],"wp:featuredmedia":[{"embeddable":true,"href":"https:\/\/www.koonings.com\/fr\/wp-json\/wp\/v2\/media\/82728"}],"wp:attachment":[{"href":"https:\/\/www.koonings.com\/fr\/wp-json\/wp\/v2\/media?parent=85064"}],"wp:term":[{"taxonomy":"productdetails","embeddable":true,"href":"https:\/\/www.koonings.com\/fr\/wp-json\/wp\/v2\/productdetails?post=85064"},{"taxonomy":"productneck","embeddable":true,"href":"https:\/\/www.koonings.com\/fr\/wp-json\/wp\/v2\/productneck?post=85064"},{"taxonomy":"productcolor","embeddable":true,"href":"https:\/\/www.koonings.com\/fr\/wp-json\/wp\/v2\/productcolor?post=85064"},{"taxonomy":"maat","embeddable":true,"href":"https:\/\/www.koonings.com\/fr\/wp-json\/wp\/v2\/maat?post=85064"},{"taxonomy":"productsupplier","embeddable":true,"href":"https:\/\/www.koonings.com\/fr\/wp-json\/wp\/v2\/productsupplier?post=85064"},{"taxonomy":"productsleeve","embeddable":true,"href":"https:\/\/www.koonings.com\/fr\/wp-json\/wp\/v2\/productsleeve?post=85064"},{"taxonomy":"productcategory","embeddable":true,"href":"https:\/\/www.koonings.com\/fr\/wp-json\/wp\/v2\/productcategory?post=85064"},{"taxonomy":"productsilhouette","embeddable":true,"href":"https:\/\/www.koonings.com\/fr\/wp-json\/wp\/v2\/productsilhouette?post=85064"},{"taxonomy":"productstyle","embeddable":true,"href":"https:\/\/www.koonings.com\/fr\/wp-json\/wp\/v2\/productstyle?post=85064"}],"curies":[{"name":"wp","href":"https:\/\/api.w.org\/{rel}","templated":true}]}}