{"id":85059,"date":"2026-04-14T16:16:56","date_gmt":"2026-04-14T14:16:56","guid":{"rendered":"https:\/\/www.koonings.com\/product\/ramona-koonings-couture-kn2511-taylor\/"},"modified":"2025-06-05T13:58:10","modified_gmt":"2025-06-05T11:58:10","slug":"ramona-koonings-couture-kn2511-taylor","status":"publish","type":"product","link":"https:\/\/www.koonings.com\/fr\/product\/ramona-koonings-couture-kn2511-taylor\/","title":{"rendered":"Ramona Koonings Couture KN2511 Taylor"},"content":{"rendered":"<p>La robe de mari\u00e9e classique et romantique Taylor de Ramona Koonings Couture.<br \/>\nPour la mari\u00e9e qui recherche une combinaison parfaite d&#8217;\u00e9l\u00e9gance classique et de couture romantique, la robe de mari\u00e9e Taylor de Ramona Koonings Couture est la robe de r\u00eave. Exclusivement disponible chez Koonings The Wedding Palace, cette superbe cr\u00e9ation respire le luxe et la sophistication.<br \/>\nLa coupe sir\u00e8ne cr\u00e9e une silhouette gracieuse et met \u00e9l\u00e9gamment en valeur les courbes f\u00e9minines. Le d\u00e9collet\u00e9 en c\u0153ur combin\u00e9 aux d\u00e9licates bretelles conf\u00e8re \u00e0 la robe une allure romantique et intemporelle. La douce teinte ivoire\/blush ajoute un \u00e9clat subtil et chaleureux, parfait pour une mari\u00e9e qui aime un look d\u00e9licat et f\u00e9erique.<br \/>\nLe tissu de tulle l\u00e9ger cr\u00e9e un look ludique et r\u00eaveur, tandis que la finition couture ajoute une touche luxueuse et sophistiqu\u00e9e. La robe de mari\u00e9e Taylor est con\u00e7ue pour les mari\u00e9es qui veulent briller dans un design couture classique, romantique et exclusif.<br \/>\nVous voulez rendre le jour de votre mariage encore plus sp\u00e9cial dans une robe intemporelle et \u00e9l\u00e9gante ? D\u00e9couvrez la robe de mari\u00e9e Taylor de Ramona Koonings Couture, disponible exclusivement chez Koonings The Wedding Palace, et laissez-vous envo\u00fbter par la magie de ce mod\u00e8le unique.     <\/p>\n","protected":false},"featured_media":82711,"template":"","meta":{"_acf_changed":false,"ghostkit_customizer_options":"","ghostkit_custom_css":"","ghostkit_custom_js_head":"","ghostkit_custom_js_foot":"","ghostkit_typography":""},"productdetails":[379,381],"productneck":[355],"productcolor":[393,392],"maat":[],"productsupplier":[419],"productsleeve":[359],"productcategory":[18],"productsilhouette":[387],"productstyle":[367,369,366],"class_list":["post-85059","product","type-product","status-publish","has-post-thumbnail","hentry","productdetails-379","productdetails-381","productneck-355","productcolor-393","productcolor-392","productsupplier-ramona-koonings-couture","productsleeve-359","productcategory-trouwjurken","productsilhouette-387","productstyle-367","productstyle-369","productstyle-366"],"acf":[],"yoast_head":"<!-- This site is optimized with the Yoast SEO plugin v27.3 - https:\/\/yoast.com\/product\/yoast-seo-wordpress\/ -->\n<title>Ramona Koonings Couture KN2511 Taylor | Koonings<\/title>\n<meta name=\"description\" content=\"La robe de mari\u00e9e classique et romantique Taylor de Ramona Koonings Couture. Pour la mari\u00e9e qui recherche une combinaison parfaite d&#039;\u00e9l\u00e9gance classique et de couture romantique, la robe de mari\u00e9e Taylor de Ramona Koonings Couture est la robe de r\u00eave. Exclusivement disponible chez Koonings The Wedding Palace, cette superbe cr\u00e9ation respire le luxe et la sophistication. La coupe sir\u00e8ne cr\u00e9e une silhouette gracieuse et met \u00e9l\u00e9gamment en valeur les courbes f\u00e9minines. Le d\u00e9collet\u00e9 en c\u0153ur combin\u00e9 aux d\u00e9licates bretelles conf\u00e8re \u00e0 la robe une allure romantique et intemporelle. La douce teinte ivoire\/blush ajoute un \u00e9clat subtil et chaleureux, parfait pour une mari\u00e9e qui aime un look d\u00e9licat et f\u00e9erique. Le tissu de tulle l\u00e9ger cr\u00e9e un look ludique et r\u00eaveur, tandis que la finition couture ajoute une touche luxueuse et sophistiqu\u00e9e. La robe de mari\u00e9e Taylor est con\u00e7ue pour les mari\u00e9es qui veulent briller dans un design couture classique, romantique et exclusif. Vous voulez rendre le jour de votre mariage encore plus sp\u00e9cial dans une robe intemporelle et \u00e9l\u00e9gante ? D\u00e9couvrez la robe de mari\u00e9e Taylor de Ramona Koonings Couture, disponible exclusivement chez Koonings The Wedding Palace, et laissez-vous envo\u00fbter par la magie de ce mod\u00e8le unique.\" \/>\n<meta name=\"robots\" content=\"index, follow, max-snippet:-1, max-image-preview:large, max-video-preview:-1\" \/>\n<link rel=\"canonical\" href=\"https:\/\/www.koonings.com\/fr\/product\/ramona-koonings-couture-kn2511-taylor\/\" \/>\n<meta property=\"og:locale\" content=\"fr_FR\" \/>\n<meta property=\"og:type\" content=\"article\" \/>\n<meta property=\"og:title\" content=\"Ramona Koonings Couture KN2511 Taylor | Koonings\" \/>\n<meta property=\"og:description\" content=\"La robe de mari\u00e9e classique et romantique Taylor de Ramona Koonings Couture. Pour la mari\u00e9e qui recherche une combinaison parfaite d&#039;\u00e9l\u00e9gance classique et de couture romantique, la robe de mari\u00e9e Taylor de Ramona Koonings Couture est la robe de r\u00eave. Exclusivement disponible chez Koonings The Wedding Palace, cette superbe cr\u00e9ation respire le luxe et la sophistication. La coupe sir\u00e8ne cr\u00e9e une silhouette gracieuse et met \u00e9l\u00e9gamment en valeur les courbes f\u00e9minines. Le d\u00e9collet\u00e9 en c\u0153ur combin\u00e9 aux d\u00e9licates bretelles conf\u00e8re \u00e0 la robe une allure romantique et intemporelle. La douce teinte ivoire\/blush ajoute un \u00e9clat subtil et chaleureux, parfait pour une mari\u00e9e qui aime un look d\u00e9licat et f\u00e9erique. Le tissu de tulle l\u00e9ger cr\u00e9e un look ludique et r\u00eaveur, tandis que la finition couture ajoute une touche luxueuse et sophistiqu\u00e9e. La robe de mari\u00e9e Taylor est con\u00e7ue pour les mari\u00e9es qui veulent briller dans un design couture classique, romantique et exclusif. Vous voulez rendre le jour de votre mariage encore plus sp\u00e9cial dans une robe intemporelle et \u00e9l\u00e9gante ? D\u00e9couvrez la robe de mari\u00e9e Taylor de Ramona Koonings Couture, disponible exclusivement chez Koonings The Wedding Palace, et laissez-vous envo\u00fbter par la magie de ce mod\u00e8le unique.\" \/>\n<meta property=\"og:url\" content=\"https:\/\/www.koonings.com\/fr\/product\/ramona-koonings-couture-kn2511-taylor\/\" \/>\n<meta property=\"og:site_name\" content=\"Koonings\" \/>\n<meta property=\"article:publisher\" content=\"https:\/\/www.facebook.com\/kooningstheweddingpalace\" \/>\n<meta property=\"og:image\" content=\"https:\/\/www.koonings.com\/wp-content\/uploads\/2025\/03\/39992_2b3aad39109b72a0932d3358c97840dd1b6a61bb07a44b8cc611f3f85e9ca735650584fb-scaled.jpeg\" \/>\n\t<meta property=\"og:image:width\" content=\"1814\" \/>\n\t<meta property=\"og:image:height\" content=\"2560\" \/>\n\t<meta property=\"og:image:type\" content=\"image\/jpeg\" \/>\n<meta name=\"twitter:card\" content=\"summary_large_image\" \/>\n<meta name=\"twitter:label1\" content=\"Dur\u00e9e de lecture estim\u00e9e\" \/>\n\t<meta name=\"twitter:data1\" content=\"1 minute\" \/>\n<script type=\"application\/ld+json\" class=\"yoast-schema-graph\">{\"@context\":\"https:\\\/\\\/schema.org\",\"@graph\":[{\"@type\":\"WebPage\",\"@id\":\"https:\\\/\\\/www.koonings.com\\\/fr\\\/product\\\/ramona-koonings-couture-kn2511-taylor\\\/\",\"url\":\"https:\\\/\\\/www.koonings.com\\\/fr\\\/product\\\/ramona-koonings-couture-kn2511-taylor\\\/\",\"name\":\"Ramona Koonings Couture KN2511 Taylor | Koonings\",\"isPartOf\":{\"@id\":\"https:\\\/\\\/www.koonings.com\\\/fr\\\/#website\"},\"primaryImageOfPage\":{\"@id\":\"https:\\\/\\\/www.koonings.com\\\/fr\\\/product\\\/ramona-koonings-couture-kn2511-taylor\\\/#primaryimage\"},\"image\":{\"@id\":\"https:\\\/\\\/www.koonings.com\\\/fr\\\/product\\\/ramona-koonings-couture-kn2511-taylor\\\/#primaryimage\"},\"thumbnailUrl\":\"https:\\\/\\\/www.koonings.com\\\/wp-content\\\/uploads\\\/2025\\\/03\\\/39992_2b3aad39109b72a0932d3358c97840dd1b6a61bb07a44b8cc611f3f85e9ca735650584fb-scaled.jpeg\",\"datePublished\":\"2026-04-14T14:16:56+00:00\",\"description\":\"La robe de mari\u00e9e classique et romantique Taylor de Ramona Koonings Couture. Pour la mari\u00e9e qui recherche une combinaison parfaite d'\u00e9l\u00e9gance classique et de couture romantique, la robe de mari\u00e9e Taylor de Ramona Koonings Couture est la robe de r\u00eave. Exclusivement disponible chez Koonings The Wedding Palace, cette superbe cr\u00e9ation respire le luxe et la sophistication. La coupe sir\u00e8ne cr\u00e9e une silhouette gracieuse et met \u00e9l\u00e9gamment en valeur les courbes f\u00e9minines. Le d\u00e9collet\u00e9 en c\u0153ur combin\u00e9 aux d\u00e9licates bretelles conf\u00e8re \u00e0 la robe une allure romantique et intemporelle. La douce teinte ivoire\\\/blush ajoute un \u00e9clat subtil et chaleureux, parfait pour une mari\u00e9e qui aime un look d\u00e9licat et f\u00e9erique. Le tissu de tulle l\u00e9ger cr\u00e9e un look ludique et r\u00eaveur, tandis que la finition couture ajoute une touche luxueuse et sophistiqu\u00e9e. La robe de mari\u00e9e Taylor est con\u00e7ue pour les mari\u00e9es qui veulent briller dans un design couture classique, romantique et exclusif. Vous voulez rendre le jour de votre mariage encore plus sp\u00e9cial dans une robe intemporelle et \u00e9l\u00e9gante ? D\u00e9couvrez la robe de mari\u00e9e Taylor de Ramona Koonings Couture, disponible exclusivement chez Koonings The Wedding Palace, et laissez-vous envo\u00fbter par la magie de ce mod\u00e8le unique.\",\"breadcrumb\":{\"@id\":\"https:\\\/\\\/www.koonings.com\\\/fr\\\/product\\\/ramona-koonings-couture-kn2511-taylor\\\/#breadcrumb\"},\"inLanguage\":\"fr-FR\",\"potentialAction\":[{\"@type\":\"ReadAction\",\"target\":[\"https:\\\/\\\/www.koonings.com\\\/fr\\\/product\\\/ramona-koonings-couture-kn2511-taylor\\\/\"]}]},{\"@type\":\"ImageObject\",\"inLanguage\":\"fr-FR\",\"@id\":\"https:\\\/\\\/www.koonings.com\\\/fr\\\/product\\\/ramona-koonings-couture-kn2511-taylor\\\/#primaryimage\",\"url\":\"https:\\\/\\\/www.koonings.com\\\/wp-content\\\/uploads\\\/2025\\\/03\\\/39992_2b3aad39109b72a0932d3358c97840dd1b6a61bb07a44b8cc611f3f85e9ca735650584fb-scaled.jpeg\",\"contentUrl\":\"https:\\\/\\\/www.koonings.com\\\/wp-content\\\/uploads\\\/2025\\\/03\\\/39992_2b3aad39109b72a0932d3358c97840dd1b6a61bb07a44b8cc611f3f85e9ca735650584fb-scaled.jpeg\",\"width\":1814,\"height\":2560},{\"@type\":\"BreadcrumbList\",\"@id\":\"https:\\\/\\\/www.koonings.com\\\/fr\\\/product\\\/ramona-koonings-couture-kn2511-taylor\\\/#breadcrumb\",\"itemListElement\":[{\"@type\":\"ListItem\",\"position\":1,\"name\":\"Home\",\"item\":\"https:\\\/\\\/www.koonings.com\\\/fr\\\/\"},{\"@type\":\"ListItem\",\"position\":2,\"name\":\"Ramona Koonings Couture KN2511 Taylor\"}]},{\"@type\":\"WebSite\",\"@id\":\"https:\\\/\\\/www.koonings.com\\\/fr\\\/#website\",\"url\":\"https:\\\/\\\/www.koonings.com\\\/fr\\\/\",\"name\":\"Koonings\",\"description\":\"De grootste bruidsmodewinkel ter wereld\",\"publisher\":{\"@id\":\"https:\\\/\\\/www.koonings.com\\\/fr\\\/#organization\"},\"potentialAction\":[{\"@type\":\"SearchAction\",\"target\":{\"@type\":\"EntryPoint\",\"urlTemplate\":\"https:\\\/\\\/www.koonings.com\\\/fr\\\/?s={search_term_string}\"},\"query-input\":{\"@type\":\"PropertyValueSpecification\",\"valueRequired\":true,\"valueName\":\"search_term_string\"}}],\"inLanguage\":\"fr-FR\"},{\"@type\":\"Organization\",\"@id\":\"https:\\\/\\\/www.koonings.com\\\/fr\\\/#organization\",\"name\":\"Koonings\",\"url\":\"https:\\\/\\\/www.koonings.com\\\/fr\\\/\",\"logo\":{\"@type\":\"ImageObject\",\"inLanguage\":\"fr-FR\",\"@id\":\"https:\\\/\\\/www.koonings.com\\\/fr\\\/#\\\/schema\\\/logo\\\/image\\\/\",\"url\":\"https:\\\/\\\/www.koonings.com\\\/wp-content\\\/uploads\\\/2024\\\/07\\\/logo.png\",\"contentUrl\":\"https:\\\/\\\/www.koonings.com\\\/wp-content\\\/uploads\\\/2024\\\/07\\\/logo.png\",\"width\":600,\"height\":428,\"caption\":\"Koonings\"},\"image\":{\"@id\":\"https:\\\/\\\/www.koonings.com\\\/fr\\\/#\\\/schema\\\/logo\\\/image\\\/\"},\"sameAs\":[\"https:\\\/\\\/www.facebook.com\\\/kooningstheweddingpalace\",\"https:\\\/\\\/www.instagram.com\\\/kooningstheweddingpalace\",\"https:\\\/\\\/www.pinterest.com\\\/koonings\",\"https:\\\/\\\/www.youtube.com\\\/kooningstheweddingpalace\"]}]}<\/script>\n<!-- \/ Yoast SEO plugin. -->","yoast_head_json":{"title":"Ramona Koonings Couture KN2511 Taylor | Koonings","description":"La robe de mari\u00e9e classique et romantique Taylor de Ramona Koonings Couture. Pour la mari\u00e9e qui recherche une combinaison parfaite d'\u00e9l\u00e9gance classique et de couture romantique, la robe de mari\u00e9e Taylor de Ramona Koonings Couture est la robe de r\u00eave. Exclusivement disponible chez Koonings The Wedding Palace, cette superbe cr\u00e9ation respire le luxe et la sophistication. La coupe sir\u00e8ne cr\u00e9e une silhouette gracieuse et met \u00e9l\u00e9gamment en valeur les courbes f\u00e9minines. Le d\u00e9collet\u00e9 en c\u0153ur combin\u00e9 aux d\u00e9licates bretelles conf\u00e8re \u00e0 la robe une allure romantique et intemporelle. La douce teinte ivoire\/blush ajoute un \u00e9clat subtil et chaleureux, parfait pour une mari\u00e9e qui aime un look d\u00e9licat et f\u00e9erique. Le tissu de tulle l\u00e9ger cr\u00e9e un look ludique et r\u00eaveur, tandis que la finition couture ajoute une touche luxueuse et sophistiqu\u00e9e. La robe de mari\u00e9e Taylor est con\u00e7ue pour les mari\u00e9es qui veulent briller dans un design couture classique, romantique et exclusif. Vous voulez rendre le jour de votre mariage encore plus sp\u00e9cial dans une robe intemporelle et \u00e9l\u00e9gante ? D\u00e9couvrez la robe de mari\u00e9e Taylor de Ramona Koonings Couture, disponible exclusivement chez Koonings The Wedding Palace, et laissez-vous envo\u00fbter par la magie de ce mod\u00e8le unique.","robots":{"index":"index","follow":"follow","max-snippet":"max-snippet:-1","max-image-preview":"max-image-preview:large","max-video-preview":"max-video-preview:-1"},"canonical":"https:\/\/www.koonings.com\/fr\/product\/ramona-koonings-couture-kn2511-taylor\/","og_locale":"fr_FR","og_type":"article","og_title":"Ramona Koonings Couture KN2511 Taylor | Koonings","og_description":"La robe de mari\u00e9e classique et romantique Taylor de Ramona Koonings Couture. Pour la mari\u00e9e qui recherche une combinaison parfaite d'\u00e9l\u00e9gance classique et de couture romantique, la robe de mari\u00e9e Taylor de Ramona Koonings Couture est la robe de r\u00eave. Exclusivement disponible chez Koonings The Wedding Palace, cette superbe cr\u00e9ation respire le luxe et la sophistication. La coupe sir\u00e8ne cr\u00e9e une silhouette gracieuse et met \u00e9l\u00e9gamment en valeur les courbes f\u00e9minines. Le d\u00e9collet\u00e9 en c\u0153ur combin\u00e9 aux d\u00e9licates bretelles conf\u00e8re \u00e0 la robe une allure romantique et intemporelle. La douce teinte ivoire\/blush ajoute un \u00e9clat subtil et chaleureux, parfait pour une mari\u00e9e qui aime un look d\u00e9licat et f\u00e9erique. Le tissu de tulle l\u00e9ger cr\u00e9e un look ludique et r\u00eaveur, tandis que la finition couture ajoute une touche luxueuse et sophistiqu\u00e9e. La robe de mari\u00e9e Taylor est con\u00e7ue pour les mari\u00e9es qui veulent briller dans un design couture classique, romantique et exclusif. Vous voulez rendre le jour de votre mariage encore plus sp\u00e9cial dans une robe intemporelle et \u00e9l\u00e9gante ? D\u00e9couvrez la robe de mari\u00e9e Taylor de Ramona Koonings Couture, disponible exclusivement chez Koonings The Wedding Palace, et laissez-vous envo\u00fbter par la magie de ce mod\u00e8le unique.","og_url":"https:\/\/www.koonings.com\/fr\/product\/ramona-koonings-couture-kn2511-taylor\/","og_site_name":"Koonings","article_publisher":"https:\/\/www.facebook.com\/kooningstheweddingpalace","og_image":[{"width":1814,"height":2560,"url":"https:\/\/www.koonings.com\/wp-content\/uploads\/2025\/03\/39992_2b3aad39109b72a0932d3358c97840dd1b6a61bb07a44b8cc611f3f85e9ca735650584fb-scaled.jpeg","type":"image\/jpeg"}],"twitter_card":"summary_large_image","twitter_misc":{"Dur\u00e9e de lecture estim\u00e9e":"1 minute"},"schema":{"@context":"https:\/\/schema.org","@graph":[{"@type":"WebPage","@id":"https:\/\/www.koonings.com\/fr\/product\/ramona-koonings-couture-kn2511-taylor\/","url":"https:\/\/www.koonings.com\/fr\/product\/ramona-koonings-couture-kn2511-taylor\/","name":"Ramona Koonings Couture KN2511 Taylor | Koonings","isPartOf":{"@id":"https:\/\/www.koonings.com\/fr\/#website"},"primaryImageOfPage":{"@id":"https:\/\/www.koonings.com\/fr\/product\/ramona-koonings-couture-kn2511-taylor\/#primaryimage"},"image":{"@id":"https:\/\/www.koonings.com\/fr\/product\/ramona-koonings-couture-kn2511-taylor\/#primaryimage"},"thumbnailUrl":"https:\/\/www.koonings.com\/wp-content\/uploads\/2025\/03\/39992_2b3aad39109b72a0932d3358c97840dd1b6a61bb07a44b8cc611f3f85e9ca735650584fb-scaled.jpeg","datePublished":"2026-04-14T14:16:56+00:00","description":"La robe de mari\u00e9e classique et romantique Taylor de Ramona Koonings Couture. Pour la mari\u00e9e qui recherche une combinaison parfaite d'\u00e9l\u00e9gance classique et de couture romantique, la robe de mari\u00e9e Taylor de Ramona Koonings Couture est la robe de r\u00eave. Exclusivement disponible chez Koonings The Wedding Palace, cette superbe cr\u00e9ation respire le luxe et la sophistication. La coupe sir\u00e8ne cr\u00e9e une silhouette gracieuse et met \u00e9l\u00e9gamment en valeur les courbes f\u00e9minines. Le d\u00e9collet\u00e9 en c\u0153ur combin\u00e9 aux d\u00e9licates bretelles conf\u00e8re \u00e0 la robe une allure romantique et intemporelle. La douce teinte ivoire\/blush ajoute un \u00e9clat subtil et chaleureux, parfait pour une mari\u00e9e qui aime un look d\u00e9licat et f\u00e9erique. Le tissu de tulle l\u00e9ger cr\u00e9e un look ludique et r\u00eaveur, tandis que la finition couture ajoute une touche luxueuse et sophistiqu\u00e9e. La robe de mari\u00e9e Taylor est con\u00e7ue pour les mari\u00e9es qui veulent briller dans un design couture classique, romantique et exclusif. Vous voulez rendre le jour de votre mariage encore plus sp\u00e9cial dans une robe intemporelle et \u00e9l\u00e9gante ? D\u00e9couvrez la robe de mari\u00e9e Taylor de Ramona Koonings Couture, disponible exclusivement chez Koonings The Wedding Palace, et laissez-vous envo\u00fbter par la magie de ce mod\u00e8le unique.","breadcrumb":{"@id":"https:\/\/www.koonings.com\/fr\/product\/ramona-koonings-couture-kn2511-taylor\/#breadcrumb"},"inLanguage":"fr-FR","potentialAction":[{"@type":"ReadAction","target":["https:\/\/www.koonings.com\/fr\/product\/ramona-koonings-couture-kn2511-taylor\/"]}]},{"@type":"ImageObject","inLanguage":"fr-FR","@id":"https:\/\/www.koonings.com\/fr\/product\/ramona-koonings-couture-kn2511-taylor\/#primaryimage","url":"https:\/\/www.koonings.com\/wp-content\/uploads\/2025\/03\/39992_2b3aad39109b72a0932d3358c97840dd1b6a61bb07a44b8cc611f3f85e9ca735650584fb-scaled.jpeg","contentUrl":"https:\/\/www.koonings.com\/wp-content\/uploads\/2025\/03\/39992_2b3aad39109b72a0932d3358c97840dd1b6a61bb07a44b8cc611f3f85e9ca735650584fb-scaled.jpeg","width":1814,"height":2560},{"@type":"BreadcrumbList","@id":"https:\/\/www.koonings.com\/fr\/product\/ramona-koonings-couture-kn2511-taylor\/#breadcrumb","itemListElement":[{"@type":"ListItem","position":1,"name":"Home","item":"https:\/\/www.koonings.com\/fr\/"},{"@type":"ListItem","position":2,"name":"Ramona Koonings Couture KN2511 Taylor"}]},{"@type":"WebSite","@id":"https:\/\/www.koonings.com\/fr\/#website","url":"https:\/\/www.koonings.com\/fr\/","name":"Koonings","description":"De grootste bruidsmodewinkel ter wereld","publisher":{"@id":"https:\/\/www.koonings.com\/fr\/#organization"},"potentialAction":[{"@type":"SearchAction","target":{"@type":"EntryPoint","urlTemplate":"https:\/\/www.koonings.com\/fr\/?s={search_term_string}"},"query-input":{"@type":"PropertyValueSpecification","valueRequired":true,"valueName":"search_term_string"}}],"inLanguage":"fr-FR"},{"@type":"Organization","@id":"https:\/\/www.koonings.com\/fr\/#organization","name":"Koonings","url":"https:\/\/www.koonings.com\/fr\/","logo":{"@type":"ImageObject","inLanguage":"fr-FR","@id":"https:\/\/www.koonings.com\/fr\/#\/schema\/logo\/image\/","url":"https:\/\/www.koonings.com\/wp-content\/uploads\/2024\/07\/logo.png","contentUrl":"https:\/\/www.koonings.com\/wp-content\/uploads\/2024\/07\/logo.png","width":600,"height":428,"caption":"Koonings"},"image":{"@id":"https:\/\/www.koonings.com\/fr\/#\/schema\/logo\/image\/"},"sameAs":["https:\/\/www.facebook.com\/kooningstheweddingpalace","https:\/\/www.instagram.com\/kooningstheweddingpalace","https:\/\/www.pinterest.com\/koonings","https:\/\/www.youtube.com\/kooningstheweddingpalace"]}]}},"_links":{"self":[{"href":"https:\/\/www.koonings.com\/fr\/wp-json\/wp\/v2\/product\/85059","targetHints":{"allow":["GET"]}}],"collection":[{"href":"https:\/\/www.koonings.com\/fr\/wp-json\/wp\/v2\/product"}],"about":[{"href":"https:\/\/www.koonings.com\/fr\/wp-json\/wp\/v2\/types\/product"}],"wp:featuredmedia":[{"embeddable":true,"href":"https:\/\/www.koonings.com\/fr\/wp-json\/wp\/v2\/media\/82711"}],"wp:attachment":[{"href":"https:\/\/www.koonings.com\/fr\/wp-json\/wp\/v2\/media?parent=85059"}],"wp:term":[{"taxonomy":"productdetails","embeddable":true,"href":"https:\/\/www.koonings.com\/fr\/wp-json\/wp\/v2\/productdetails?post=85059"},{"taxonomy":"productneck","embeddable":true,"href":"https:\/\/www.koonings.com\/fr\/wp-json\/wp\/v2\/productneck?post=85059"},{"taxonomy":"productcolor","embeddable":true,"href":"https:\/\/www.koonings.com\/fr\/wp-json\/wp\/v2\/productcolor?post=85059"},{"taxonomy":"maat","embeddable":true,"href":"https:\/\/www.koonings.com\/fr\/wp-json\/wp\/v2\/maat?post=85059"},{"taxonomy":"productsupplier","embeddable":true,"href":"https:\/\/www.koonings.com\/fr\/wp-json\/wp\/v2\/productsupplier?post=85059"},{"taxonomy":"productsleeve","embeddable":true,"href":"https:\/\/www.koonings.com\/fr\/wp-json\/wp\/v2\/productsleeve?post=85059"},{"taxonomy":"productcategory","embeddable":true,"href":"https:\/\/www.koonings.com\/fr\/wp-json\/wp\/v2\/productcategory?post=85059"},{"taxonomy":"productsilhouette","embeddable":true,"href":"https:\/\/www.koonings.com\/fr\/wp-json\/wp\/v2\/productsilhouette?post=85059"},{"taxonomy":"productstyle","embeddable":true,"href":"https:\/\/www.koonings.com\/fr\/wp-json\/wp\/v2\/productstyle?post=85059"}],"curies":[{"name":"wp","href":"https:\/\/api.w.org\/{rel}","templated":true}]}}