{"id":85058,"date":"2026-04-14T16:16:57","date_gmt":"2026-04-14T14:16:57","guid":{"rendered":"https:\/\/www.koonings.com\/product\/ramona-koonings-couture-kn2519-florence\/"},"modified":"2025-06-05T13:58:24","modified_gmt":"2025-06-05T11:58:24","slug":"ramona-koonings-couture-kn2519-florence","status":"publish","type":"product","link":"https:\/\/www.koonings.com\/fr\/product\/ramona-koonings-couture-kn2519-florence\/","title":{"rendered":"Ramona Koonings Couture KN2519 Florence"},"content":{"rendered":"<p>La robe de mari\u00e9e Florence, romantique et intemporelle, par Ramona Koonings Couture.<br \/>\nEntrez dans un monde d&#8217;\u00e9l\u00e9gance classique et de romantisme sophistiqu\u00e9 avec la robe de mari\u00e9e Florence, une cr\u00e9ation exclusive de Ramona Koonings Couture, disponible chez Koonings The Wedding Palace. Cette robe de couture est parfaite pour la mari\u00e9e qui recherche un look intemporel, digne d&#8217;un conte de f\u00e9es, avec des d\u00e9tails luxueux.<br \/>\nLa coupe en ligne A cr\u00e9e un look gracieux et flatteur, tandis que le profond d\u00e9collet\u00e9 en V ajoute une touche subtile et f\u00e9minine. Les manches longues conf\u00e8rent \u00e0 la robe une allure classique et \u00e9l\u00e9gante, parfaite pour un mariage romantique. La douce teinte ivoire met en valeur les d\u00e9tails sophistiqu\u00e9s et donne une impression de r\u00eave et de luxe.<br \/>\nCe qui rend cette robe encore plus sp\u00e9ciale, ce sont les magnifiques fleurs en 3D qui pars\u00e8ment le tissu de tulle a\u00e9rien comme une \u0153uvre d&#8217;art. Le bas du dos ajoute une touche de sensualit\u00e9, tandis que la magnifique d\u00e9coupe \u00e0 la taille accentue \u00e9l\u00e9gamment les formes f\u00e9minines. Cela fait de la robe Florence une combinaison parfaite de design couture classique, romantique et moderne.<br \/>\nVous voulez briller dans une robe de mari\u00e9e qui allie classe intemporelle et d\u00e9tails sophistiqu\u00e9s ? D\u00e9couvrez la robe de mari\u00e9e Florence de Ramona Koonings Couture, disponible exclusivement chez Koonings The Wedding Palace, et vivez votre journ\u00e9e de conte de f\u00e9es avec style.      <\/p>\n","protected":false},"featured_media":82745,"template":"","meta":{"_acf_changed":false,"ghostkit_customizer_options":"","ghostkit_custom_css":"","ghostkit_custom_js_head":"","ghostkit_custom_js_foot":"","ghostkit_typography":""},"productdetails":[379,383,381],"productneck":[356],"productcolor":[392],"maat":[],"productsupplier":[419],"productsleeve":[362],"productcategory":[18],"productsilhouette":[384],"productstyle":[367,369,366,370],"class_list":["post-85058","product","type-product","status-publish","has-post-thumbnail","hentry","productdetails-379","productdetails-383","productdetails-381","productneck-356","productcolor-392","productsupplier-ramona-koonings-couture","productsleeve-362","productcategory-trouwjurken","productsilhouette-384","productstyle-367","productstyle-369","productstyle-366","productstyle-370"],"acf":[],"yoast_head":"<!-- This site is optimized with the Yoast SEO plugin v27.3 - https:\/\/yoast.com\/product\/yoast-seo-wordpress\/ -->\n<title>Ramona Koonings Couture KN2519 Florence | Koonings<\/title>\n<meta name=\"description\" content=\"La robe de mari\u00e9e Florence, romantique et intemporelle, par Ramona Koonings Couture. Entrez dans un monde d&#039;\u00e9l\u00e9gance classique et de romantisme sophistiqu\u00e9 avec la robe de mari\u00e9e Florence, une cr\u00e9ation exclusive de Ramona Koonings Couture, disponible chez Koonings The Wedding Palace. Cette robe de couture est parfaite pour la mari\u00e9e qui recherche un look intemporel, digne d&#039;un conte de f\u00e9es, avec des d\u00e9tails luxueux. La coupe en ligne A cr\u00e9e un look gracieux et flatteur, tandis que le profond d\u00e9collet\u00e9 en V ajoute une touche subtile et f\u00e9minine. Les manches longues conf\u00e8rent \u00e0 la robe une allure classique et \u00e9l\u00e9gante, parfaite pour un mariage romantique. La douce teinte ivoire met en valeur les d\u00e9tails sophistiqu\u00e9s et donne une impression de r\u00eave et de luxe. Ce qui rend cette robe encore plus sp\u00e9ciale, ce sont les magnifiques fleurs en 3D qui pars\u00e8ment le tissu de tulle a\u00e9rien comme une \u0153uvre d&#039;art. Le bas du dos ajoute une touche de sensualit\u00e9, tandis que la magnifique d\u00e9coupe \u00e0 la taille accentue \u00e9l\u00e9gamment les formes f\u00e9minines. Cela fait de la robe Florence une combinaison parfaite de design couture classique, romantique et moderne. Vous voulez briller dans une robe de mari\u00e9e qui allie classe intemporelle et d\u00e9tails sophistiqu\u00e9s ? D\u00e9couvrez la robe de mari\u00e9e Florence de Ramona Koonings Couture, disponible exclusivement chez Koonings The Wedding Palace, et vivez votre journ\u00e9e de conte de f\u00e9es avec style.\" \/>\n<meta name=\"robots\" content=\"index, follow, max-snippet:-1, max-image-preview:large, max-video-preview:-1\" \/>\n<link rel=\"canonical\" href=\"https:\/\/www.koonings.com\/fr\/product\/ramona-koonings-couture-kn2519-florence\/\" \/>\n<meta property=\"og:locale\" content=\"fr_FR\" \/>\n<meta property=\"og:type\" content=\"article\" \/>\n<meta property=\"og:title\" content=\"Ramona Koonings Couture KN2519 Florence | Koonings\" \/>\n<meta property=\"og:description\" content=\"La robe de mari\u00e9e Florence, romantique et intemporelle, par Ramona Koonings Couture. Entrez dans un monde d&#039;\u00e9l\u00e9gance classique et de romantisme sophistiqu\u00e9 avec la robe de mari\u00e9e Florence, une cr\u00e9ation exclusive de Ramona Koonings Couture, disponible chez Koonings The Wedding Palace. Cette robe de couture est parfaite pour la mari\u00e9e qui recherche un look intemporel, digne d&#039;un conte de f\u00e9es, avec des d\u00e9tails luxueux. La coupe en ligne A cr\u00e9e un look gracieux et flatteur, tandis que le profond d\u00e9collet\u00e9 en V ajoute une touche subtile et f\u00e9minine. Les manches longues conf\u00e8rent \u00e0 la robe une allure classique et \u00e9l\u00e9gante, parfaite pour un mariage romantique. La douce teinte ivoire met en valeur les d\u00e9tails sophistiqu\u00e9s et donne une impression de r\u00eave et de luxe. Ce qui rend cette robe encore plus sp\u00e9ciale, ce sont les magnifiques fleurs en 3D qui pars\u00e8ment le tissu de tulle a\u00e9rien comme une \u0153uvre d&#039;art. Le bas du dos ajoute une touche de sensualit\u00e9, tandis que la magnifique d\u00e9coupe \u00e0 la taille accentue \u00e9l\u00e9gamment les formes f\u00e9minines. Cela fait de la robe Florence une combinaison parfaite de design couture classique, romantique et moderne. Vous voulez briller dans une robe de mari\u00e9e qui allie classe intemporelle et d\u00e9tails sophistiqu\u00e9s ? D\u00e9couvrez la robe de mari\u00e9e Florence de Ramona Koonings Couture, disponible exclusivement chez Koonings The Wedding Palace, et vivez votre journ\u00e9e de conte de f\u00e9es avec style.\" \/>\n<meta property=\"og:url\" content=\"https:\/\/www.koonings.com\/fr\/product\/ramona-koonings-couture-kn2519-florence\/\" \/>\n<meta property=\"og:site_name\" content=\"Koonings\" \/>\n<meta property=\"article:publisher\" content=\"https:\/\/www.facebook.com\/kooningstheweddingpalace\" \/>\n<meta property=\"og:image\" content=\"https:\/\/www.koonings.com\/wp-content\/uploads\/2025\/03\/39994_ca9583bc2df5760c667713613a26d8981f6c061bd8e1a11395bf84dc2c67bf7f1adfbd26-scaled.jpeg\" \/>\n\t<meta property=\"og:image:width\" content=\"1815\" \/>\n\t<meta property=\"og:image:height\" content=\"2560\" \/>\n\t<meta property=\"og:image:type\" content=\"image\/jpeg\" \/>\n<meta name=\"twitter:card\" content=\"summary_large_image\" \/>\n<meta name=\"twitter:label1\" content=\"Dur\u00e9e de lecture estim\u00e9e\" \/>\n\t<meta name=\"twitter:data1\" content=\"1 minute\" \/>\n<script type=\"application\/ld+json\" class=\"yoast-schema-graph\">{\"@context\":\"https:\\\/\\\/schema.org\",\"@graph\":[{\"@type\":\"WebPage\",\"@id\":\"https:\\\/\\\/www.koonings.com\\\/fr\\\/product\\\/ramona-koonings-couture-kn2519-florence\\\/\",\"url\":\"https:\\\/\\\/www.koonings.com\\\/fr\\\/product\\\/ramona-koonings-couture-kn2519-florence\\\/\",\"name\":\"Ramona Koonings Couture KN2519 Florence | Koonings\",\"isPartOf\":{\"@id\":\"https:\\\/\\\/www.koonings.com\\\/fr\\\/#website\"},\"primaryImageOfPage\":{\"@id\":\"https:\\\/\\\/www.koonings.com\\\/fr\\\/product\\\/ramona-koonings-couture-kn2519-florence\\\/#primaryimage\"},\"image\":{\"@id\":\"https:\\\/\\\/www.koonings.com\\\/fr\\\/product\\\/ramona-koonings-couture-kn2519-florence\\\/#primaryimage\"},\"thumbnailUrl\":\"https:\\\/\\\/www.koonings.com\\\/wp-content\\\/uploads\\\/2025\\\/03\\\/39994_ca9583bc2df5760c667713613a26d8981f6c061bd8e1a11395bf84dc2c67bf7f1adfbd26-scaled.jpeg\",\"datePublished\":\"2026-04-14T14:16:57+00:00\",\"description\":\"La robe de mari\u00e9e Florence, romantique et intemporelle, par Ramona Koonings Couture. Entrez dans un monde d'\u00e9l\u00e9gance classique et de romantisme sophistiqu\u00e9 avec la robe de mari\u00e9e Florence, une cr\u00e9ation exclusive de Ramona Koonings Couture, disponible chez Koonings The Wedding Palace. Cette robe de couture est parfaite pour la mari\u00e9e qui recherche un look intemporel, digne d'un conte de f\u00e9es, avec des d\u00e9tails luxueux. La coupe en ligne A cr\u00e9e un look gracieux et flatteur, tandis que le profond d\u00e9collet\u00e9 en V ajoute une touche subtile et f\u00e9minine. Les manches longues conf\u00e8rent \u00e0 la robe une allure classique et \u00e9l\u00e9gante, parfaite pour un mariage romantique. La douce teinte ivoire met en valeur les d\u00e9tails sophistiqu\u00e9s et donne une impression de r\u00eave et de luxe. Ce qui rend cette robe encore plus sp\u00e9ciale, ce sont les magnifiques fleurs en 3D qui pars\u00e8ment le tissu de tulle a\u00e9rien comme une \u0153uvre d'art. Le bas du dos ajoute une touche de sensualit\u00e9, tandis que la magnifique d\u00e9coupe \u00e0 la taille accentue \u00e9l\u00e9gamment les formes f\u00e9minines. Cela fait de la robe Florence une combinaison parfaite de design couture classique, romantique et moderne. Vous voulez briller dans une robe de mari\u00e9e qui allie classe intemporelle et d\u00e9tails sophistiqu\u00e9s ? D\u00e9couvrez la robe de mari\u00e9e Florence de Ramona Koonings Couture, disponible exclusivement chez Koonings The Wedding Palace, et vivez votre journ\u00e9e de conte de f\u00e9es avec style.\",\"breadcrumb\":{\"@id\":\"https:\\\/\\\/www.koonings.com\\\/fr\\\/product\\\/ramona-koonings-couture-kn2519-florence\\\/#breadcrumb\"},\"inLanguage\":\"fr-FR\",\"potentialAction\":[{\"@type\":\"ReadAction\",\"target\":[\"https:\\\/\\\/www.koonings.com\\\/fr\\\/product\\\/ramona-koonings-couture-kn2519-florence\\\/\"]}]},{\"@type\":\"ImageObject\",\"inLanguage\":\"fr-FR\",\"@id\":\"https:\\\/\\\/www.koonings.com\\\/fr\\\/product\\\/ramona-koonings-couture-kn2519-florence\\\/#primaryimage\",\"url\":\"https:\\\/\\\/www.koonings.com\\\/wp-content\\\/uploads\\\/2025\\\/03\\\/39994_ca9583bc2df5760c667713613a26d8981f6c061bd8e1a11395bf84dc2c67bf7f1adfbd26-scaled.jpeg\",\"contentUrl\":\"https:\\\/\\\/www.koonings.com\\\/wp-content\\\/uploads\\\/2025\\\/03\\\/39994_ca9583bc2df5760c667713613a26d8981f6c061bd8e1a11395bf84dc2c67bf7f1adfbd26-scaled.jpeg\",\"width\":1815,\"height\":2560},{\"@type\":\"BreadcrumbList\",\"@id\":\"https:\\\/\\\/www.koonings.com\\\/fr\\\/product\\\/ramona-koonings-couture-kn2519-florence\\\/#breadcrumb\",\"itemListElement\":[{\"@type\":\"ListItem\",\"position\":1,\"name\":\"Home\",\"item\":\"https:\\\/\\\/www.koonings.com\\\/fr\\\/\"},{\"@type\":\"ListItem\",\"position\":2,\"name\":\"Ramona Koonings Couture KN2519 Florence\"}]},{\"@type\":\"WebSite\",\"@id\":\"https:\\\/\\\/www.koonings.com\\\/fr\\\/#website\",\"url\":\"https:\\\/\\\/www.koonings.com\\\/fr\\\/\",\"name\":\"Koonings\",\"description\":\"De grootste bruidsmodewinkel ter wereld\",\"publisher\":{\"@id\":\"https:\\\/\\\/www.koonings.com\\\/fr\\\/#organization\"},\"potentialAction\":[{\"@type\":\"SearchAction\",\"target\":{\"@type\":\"EntryPoint\",\"urlTemplate\":\"https:\\\/\\\/www.koonings.com\\\/fr\\\/?s={search_term_string}\"},\"query-input\":{\"@type\":\"PropertyValueSpecification\",\"valueRequired\":true,\"valueName\":\"search_term_string\"}}],\"inLanguage\":\"fr-FR\"},{\"@type\":\"Organization\",\"@id\":\"https:\\\/\\\/www.koonings.com\\\/fr\\\/#organization\",\"name\":\"Koonings\",\"url\":\"https:\\\/\\\/www.koonings.com\\\/fr\\\/\",\"logo\":{\"@type\":\"ImageObject\",\"inLanguage\":\"fr-FR\",\"@id\":\"https:\\\/\\\/www.koonings.com\\\/fr\\\/#\\\/schema\\\/logo\\\/image\\\/\",\"url\":\"https:\\\/\\\/www.koonings.com\\\/wp-content\\\/uploads\\\/2024\\\/07\\\/logo.png\",\"contentUrl\":\"https:\\\/\\\/www.koonings.com\\\/wp-content\\\/uploads\\\/2024\\\/07\\\/logo.png\",\"width\":600,\"height\":428,\"caption\":\"Koonings\"},\"image\":{\"@id\":\"https:\\\/\\\/www.koonings.com\\\/fr\\\/#\\\/schema\\\/logo\\\/image\\\/\"},\"sameAs\":[\"https:\\\/\\\/www.facebook.com\\\/kooningstheweddingpalace\",\"https:\\\/\\\/www.instagram.com\\\/kooningstheweddingpalace\",\"https:\\\/\\\/www.pinterest.com\\\/koonings\",\"https:\\\/\\\/www.youtube.com\\\/kooningstheweddingpalace\"]}]}<\/script>\n<!-- \/ Yoast SEO plugin. -->","yoast_head_json":{"title":"Ramona Koonings Couture KN2519 Florence | Koonings","description":"La robe de mari\u00e9e Florence, romantique et intemporelle, par Ramona Koonings Couture. Entrez dans un monde d'\u00e9l\u00e9gance classique et de romantisme sophistiqu\u00e9 avec la robe de mari\u00e9e Florence, une cr\u00e9ation exclusive de Ramona Koonings Couture, disponible chez Koonings The Wedding Palace. Cette robe de couture est parfaite pour la mari\u00e9e qui recherche un look intemporel, digne d'un conte de f\u00e9es, avec des d\u00e9tails luxueux. La coupe en ligne A cr\u00e9e un look gracieux et flatteur, tandis que le profond d\u00e9collet\u00e9 en V ajoute une touche subtile et f\u00e9minine. Les manches longues conf\u00e8rent \u00e0 la robe une allure classique et \u00e9l\u00e9gante, parfaite pour un mariage romantique. La douce teinte ivoire met en valeur les d\u00e9tails sophistiqu\u00e9s et donne une impression de r\u00eave et de luxe. Ce qui rend cette robe encore plus sp\u00e9ciale, ce sont les magnifiques fleurs en 3D qui pars\u00e8ment le tissu de tulle a\u00e9rien comme une \u0153uvre d'art. Le bas du dos ajoute une touche de sensualit\u00e9, tandis que la magnifique d\u00e9coupe \u00e0 la taille accentue \u00e9l\u00e9gamment les formes f\u00e9minines. Cela fait de la robe Florence une combinaison parfaite de design couture classique, romantique et moderne. Vous voulez briller dans une robe de mari\u00e9e qui allie classe intemporelle et d\u00e9tails sophistiqu\u00e9s ? D\u00e9couvrez la robe de mari\u00e9e Florence de Ramona Koonings Couture, disponible exclusivement chez Koonings The Wedding Palace, et vivez votre journ\u00e9e de conte de f\u00e9es avec style.","robots":{"index":"index","follow":"follow","max-snippet":"max-snippet:-1","max-image-preview":"max-image-preview:large","max-video-preview":"max-video-preview:-1"},"canonical":"https:\/\/www.koonings.com\/fr\/product\/ramona-koonings-couture-kn2519-florence\/","og_locale":"fr_FR","og_type":"article","og_title":"Ramona Koonings Couture KN2519 Florence | Koonings","og_description":"La robe de mari\u00e9e Florence, romantique et intemporelle, par Ramona Koonings Couture. Entrez dans un monde d'\u00e9l\u00e9gance classique et de romantisme sophistiqu\u00e9 avec la robe de mari\u00e9e Florence, une cr\u00e9ation exclusive de Ramona Koonings Couture, disponible chez Koonings The Wedding Palace. Cette robe de couture est parfaite pour la mari\u00e9e qui recherche un look intemporel, digne d'un conte de f\u00e9es, avec des d\u00e9tails luxueux. La coupe en ligne A cr\u00e9e un look gracieux et flatteur, tandis que le profond d\u00e9collet\u00e9 en V ajoute une touche subtile et f\u00e9minine. Les manches longues conf\u00e8rent \u00e0 la robe une allure classique et \u00e9l\u00e9gante, parfaite pour un mariage romantique. La douce teinte ivoire met en valeur les d\u00e9tails sophistiqu\u00e9s et donne une impression de r\u00eave et de luxe. Ce qui rend cette robe encore plus sp\u00e9ciale, ce sont les magnifiques fleurs en 3D qui pars\u00e8ment le tissu de tulle a\u00e9rien comme une \u0153uvre d'art. Le bas du dos ajoute une touche de sensualit\u00e9, tandis que la magnifique d\u00e9coupe \u00e0 la taille accentue \u00e9l\u00e9gamment les formes f\u00e9minines. Cela fait de la robe Florence une combinaison parfaite de design couture classique, romantique et moderne. Vous voulez briller dans une robe de mari\u00e9e qui allie classe intemporelle et d\u00e9tails sophistiqu\u00e9s ? D\u00e9couvrez la robe de mari\u00e9e Florence de Ramona Koonings Couture, disponible exclusivement chez Koonings The Wedding Palace, et vivez votre journ\u00e9e de conte de f\u00e9es avec style.","og_url":"https:\/\/www.koonings.com\/fr\/product\/ramona-koonings-couture-kn2519-florence\/","og_site_name":"Koonings","article_publisher":"https:\/\/www.facebook.com\/kooningstheweddingpalace","og_image":[{"width":1815,"height":2560,"url":"https:\/\/www.koonings.com\/wp-content\/uploads\/2025\/03\/39994_ca9583bc2df5760c667713613a26d8981f6c061bd8e1a11395bf84dc2c67bf7f1adfbd26-scaled.jpeg","type":"image\/jpeg"}],"twitter_card":"summary_large_image","twitter_misc":{"Dur\u00e9e de lecture estim\u00e9e":"1 minute"},"schema":{"@context":"https:\/\/schema.org","@graph":[{"@type":"WebPage","@id":"https:\/\/www.koonings.com\/fr\/product\/ramona-koonings-couture-kn2519-florence\/","url":"https:\/\/www.koonings.com\/fr\/product\/ramona-koonings-couture-kn2519-florence\/","name":"Ramona Koonings Couture KN2519 Florence | Koonings","isPartOf":{"@id":"https:\/\/www.koonings.com\/fr\/#website"},"primaryImageOfPage":{"@id":"https:\/\/www.koonings.com\/fr\/product\/ramona-koonings-couture-kn2519-florence\/#primaryimage"},"image":{"@id":"https:\/\/www.koonings.com\/fr\/product\/ramona-koonings-couture-kn2519-florence\/#primaryimage"},"thumbnailUrl":"https:\/\/www.koonings.com\/wp-content\/uploads\/2025\/03\/39994_ca9583bc2df5760c667713613a26d8981f6c061bd8e1a11395bf84dc2c67bf7f1adfbd26-scaled.jpeg","datePublished":"2026-04-14T14:16:57+00:00","description":"La robe de mari\u00e9e Florence, romantique et intemporelle, par Ramona Koonings Couture. Entrez dans un monde d'\u00e9l\u00e9gance classique et de romantisme sophistiqu\u00e9 avec la robe de mari\u00e9e Florence, une cr\u00e9ation exclusive de Ramona Koonings Couture, disponible chez Koonings The Wedding Palace. Cette robe de couture est parfaite pour la mari\u00e9e qui recherche un look intemporel, digne d'un conte de f\u00e9es, avec des d\u00e9tails luxueux. La coupe en ligne A cr\u00e9e un look gracieux et flatteur, tandis que le profond d\u00e9collet\u00e9 en V ajoute une touche subtile et f\u00e9minine. Les manches longues conf\u00e8rent \u00e0 la robe une allure classique et \u00e9l\u00e9gante, parfaite pour un mariage romantique. La douce teinte ivoire met en valeur les d\u00e9tails sophistiqu\u00e9s et donne une impression de r\u00eave et de luxe. Ce qui rend cette robe encore plus sp\u00e9ciale, ce sont les magnifiques fleurs en 3D qui pars\u00e8ment le tissu de tulle a\u00e9rien comme une \u0153uvre d'art. Le bas du dos ajoute une touche de sensualit\u00e9, tandis que la magnifique d\u00e9coupe \u00e0 la taille accentue \u00e9l\u00e9gamment les formes f\u00e9minines. Cela fait de la robe Florence une combinaison parfaite de design couture classique, romantique et moderne. Vous voulez briller dans une robe de mari\u00e9e qui allie classe intemporelle et d\u00e9tails sophistiqu\u00e9s ? D\u00e9couvrez la robe de mari\u00e9e Florence de Ramona Koonings Couture, disponible exclusivement chez Koonings The Wedding Palace, et vivez votre journ\u00e9e de conte de f\u00e9es avec style.","breadcrumb":{"@id":"https:\/\/www.koonings.com\/fr\/product\/ramona-koonings-couture-kn2519-florence\/#breadcrumb"},"inLanguage":"fr-FR","potentialAction":[{"@type":"ReadAction","target":["https:\/\/www.koonings.com\/fr\/product\/ramona-koonings-couture-kn2519-florence\/"]}]},{"@type":"ImageObject","inLanguage":"fr-FR","@id":"https:\/\/www.koonings.com\/fr\/product\/ramona-koonings-couture-kn2519-florence\/#primaryimage","url":"https:\/\/www.koonings.com\/wp-content\/uploads\/2025\/03\/39994_ca9583bc2df5760c667713613a26d8981f6c061bd8e1a11395bf84dc2c67bf7f1adfbd26-scaled.jpeg","contentUrl":"https:\/\/www.koonings.com\/wp-content\/uploads\/2025\/03\/39994_ca9583bc2df5760c667713613a26d8981f6c061bd8e1a11395bf84dc2c67bf7f1adfbd26-scaled.jpeg","width":1815,"height":2560},{"@type":"BreadcrumbList","@id":"https:\/\/www.koonings.com\/fr\/product\/ramona-koonings-couture-kn2519-florence\/#breadcrumb","itemListElement":[{"@type":"ListItem","position":1,"name":"Home","item":"https:\/\/www.koonings.com\/fr\/"},{"@type":"ListItem","position":2,"name":"Ramona Koonings Couture KN2519 Florence"}]},{"@type":"WebSite","@id":"https:\/\/www.koonings.com\/fr\/#website","url":"https:\/\/www.koonings.com\/fr\/","name":"Koonings","description":"De grootste bruidsmodewinkel ter wereld","publisher":{"@id":"https:\/\/www.koonings.com\/fr\/#organization"},"potentialAction":[{"@type":"SearchAction","target":{"@type":"EntryPoint","urlTemplate":"https:\/\/www.koonings.com\/fr\/?s={search_term_string}"},"query-input":{"@type":"PropertyValueSpecification","valueRequired":true,"valueName":"search_term_string"}}],"inLanguage":"fr-FR"},{"@type":"Organization","@id":"https:\/\/www.koonings.com\/fr\/#organization","name":"Koonings","url":"https:\/\/www.koonings.com\/fr\/","logo":{"@type":"ImageObject","inLanguage":"fr-FR","@id":"https:\/\/www.koonings.com\/fr\/#\/schema\/logo\/image\/","url":"https:\/\/www.koonings.com\/wp-content\/uploads\/2024\/07\/logo.png","contentUrl":"https:\/\/www.koonings.com\/wp-content\/uploads\/2024\/07\/logo.png","width":600,"height":428,"caption":"Koonings"},"image":{"@id":"https:\/\/www.koonings.com\/fr\/#\/schema\/logo\/image\/"},"sameAs":["https:\/\/www.facebook.com\/kooningstheweddingpalace","https:\/\/www.instagram.com\/kooningstheweddingpalace","https:\/\/www.pinterest.com\/koonings","https:\/\/www.youtube.com\/kooningstheweddingpalace"]}]}},"_links":{"self":[{"href":"https:\/\/www.koonings.com\/fr\/wp-json\/wp\/v2\/product\/85058","targetHints":{"allow":["GET"]}}],"collection":[{"href":"https:\/\/www.koonings.com\/fr\/wp-json\/wp\/v2\/product"}],"about":[{"href":"https:\/\/www.koonings.com\/fr\/wp-json\/wp\/v2\/types\/product"}],"wp:featuredmedia":[{"embeddable":true,"href":"https:\/\/www.koonings.com\/fr\/wp-json\/wp\/v2\/media\/82745"}],"wp:attachment":[{"href":"https:\/\/www.koonings.com\/fr\/wp-json\/wp\/v2\/media?parent=85058"}],"wp:term":[{"taxonomy":"productdetails","embeddable":true,"href":"https:\/\/www.koonings.com\/fr\/wp-json\/wp\/v2\/productdetails?post=85058"},{"taxonomy":"productneck","embeddable":true,"href":"https:\/\/www.koonings.com\/fr\/wp-json\/wp\/v2\/productneck?post=85058"},{"taxonomy":"productcolor","embeddable":true,"href":"https:\/\/www.koonings.com\/fr\/wp-json\/wp\/v2\/productcolor?post=85058"},{"taxonomy":"maat","embeddable":true,"href":"https:\/\/www.koonings.com\/fr\/wp-json\/wp\/v2\/maat?post=85058"},{"taxonomy":"productsupplier","embeddable":true,"href":"https:\/\/www.koonings.com\/fr\/wp-json\/wp\/v2\/productsupplier?post=85058"},{"taxonomy":"productsleeve","embeddable":true,"href":"https:\/\/www.koonings.com\/fr\/wp-json\/wp\/v2\/productsleeve?post=85058"},{"taxonomy":"productcategory","embeddable":true,"href":"https:\/\/www.koonings.com\/fr\/wp-json\/wp\/v2\/productcategory?post=85058"},{"taxonomy":"productsilhouette","embeddable":true,"href":"https:\/\/www.koonings.com\/fr\/wp-json\/wp\/v2\/productsilhouette?post=85058"},{"taxonomy":"productstyle","embeddable":true,"href":"https:\/\/www.koonings.com\/fr\/wp-json\/wp\/v2\/productstyle?post=85058"}],"curies":[{"name":"wp","href":"https:\/\/api.w.org\/{rel}","templated":true}]}}