{"id":85052,"date":"2025-12-15T00:28:09","date_gmt":"2025-12-14T23:28:09","guid":{"rendered":"https:\/\/www.koonings.com\/product\/ramona-koonings-couture-kn2515-cleopatra\/"},"modified":"2026-02-03T20:22:21","modified_gmt":"2026-02-03T19:22:21","slug":"ramona-koonings-couture-kn2515-cleopatra","status":"publish","type":"product","link":"https:\/\/www.koonings.com\/fr\/product\/ramona-koonings-couture-kn2515-cleopatra\/","title":{"rendered":"Ramona Koonings Couture KN2515 Cl\u00e9op\u00e2tre"},"content":{"rendered":"<p>La robe de mari\u00e9e s\u00e9duisante et romantique Cl\u00e9op\u00e2tre de Ramona Koonings Couture.<br \/>\nPour la mari\u00e9e qui recherche l&#8217;\u00e9quilibre parfait entre sensualit\u00e9 et romantisme, la robe de mari\u00e9e Cl\u00e9op\u00e2tre de Ramona Koonings Couture est un r\u00eave devenu r\u00e9alit\u00e9. Exclusivement disponible chez Koonings The Wedding Palace, cette robe de mari\u00e9e couture respire le luxe et la sophistication.<br \/>\nAvec sa silhouette en ligne A, la robe tombe avec \u00e9l\u00e9gance et fluidit\u00e9 le long du corps, cr\u00e9ant une allure gracieuse et \u00e9l\u00e9gante. Le d\u00e9collet\u00e9 en V sans bretelles met en valeur le d\u00e9collet\u00e9 d&#8217;une mani\u00e8re s\u00e9duisante mais \u00e9l\u00e9gante, donnant \u00e0 la robe une touche moderne et intemporelle. R\u00e9alis\u00e9e dans une douce teinte ivoire, cette robe respire la classe \u00e0 l&#8217;\u00e9tat pur.<br \/>\nCe qui rend cette robe encore plus sp\u00e9ciale, ce sont les d\u00e9licates fleurs en 3D qui sont diss\u00e9min\u00e9es de mani\u00e8re ludique sur la robe, cr\u00e9ant ainsi un effet romantique et f\u00e9erique. Le tulle d\u00e9licat cr\u00e9e une sensation de l\u00e9g\u00e8ret\u00e9 et de r\u00eave, vous permettant de briller le jour de votre mariage avec un look \u00e0 la fois sexy et romantique.<br \/>\nVous voulez une robe de mari\u00e9e qui combine parfaitement l&#8217;\u00e9l\u00e9gance, la s\u00e9duction et la couture ? D\u00e9couvrez la robe de mari\u00e9e Cl\u00e9op\u00e2tre de Ramona Koonings Couture, disponible exclusivement chez Koonings The Wedding Palace, et brillez pour votre plus beau jour.     <\/p>\n","protected":false},"featured_media":82778,"template":"","meta":{"_acf_changed":false,"ghostkit_customizer_options":"","ghostkit_custom_css":"","ghostkit_custom_js_head":"","ghostkit_custom_js_foot":"","ghostkit_typography":""},"productdetails":[379],"productneck":[354,356],"productcolor":[392],"maat":[],"productsupplier":[419],"productsleeve":[],"productcategory":[18],"productsilhouette":[384],"productstyle":[367,366,370],"class_list":["post-85052","product","type-product","status-publish","has-post-thumbnail","hentry","productdetails-379","productneck-354","productneck-356","productcolor-392","productsupplier-ramona-koonings-couture","productcategory-trouwjurken","productsilhouette-384","productstyle-367","productstyle-366","productstyle-370"],"acf":[],"yoast_head":"<!-- This site is optimized with the Yoast SEO plugin v27.3 - https:\/\/yoast.com\/product\/yoast-seo-wordpress\/ -->\n<title>Ramona Koonings Couture KN2515 Cl\u00e9op\u00e2tre | Koonings<\/title>\n<meta name=\"description\" content=\"La robe de mari\u00e9e s\u00e9duisante et romantique Cl\u00e9op\u00e2tre de Ramona Koonings Couture. Pour la mari\u00e9e qui recherche l&#039;\u00e9quilibre parfait entre sensualit\u00e9 et romantisme, la robe de mari\u00e9e Cl\u00e9op\u00e2tre de Ramona Koonings Couture est un r\u00eave devenu r\u00e9alit\u00e9. Exclusivement disponible chez Koonings The Wedding Palace, cette robe de mari\u00e9e couture respire le luxe et la sophistication. Avec sa silhouette en ligne A, la robe tombe avec \u00e9l\u00e9gance et fluidit\u00e9 le long du corps, cr\u00e9ant une allure gracieuse et \u00e9l\u00e9gante. Le d\u00e9collet\u00e9 en V sans bretelles met en valeur le d\u00e9collet\u00e9 d&#039;une mani\u00e8re s\u00e9duisante mais \u00e9l\u00e9gante, donnant \u00e0 la robe une touche moderne et intemporelle. R\u00e9alis\u00e9e dans une douce teinte ivoire, cette robe respire la classe \u00e0 l&#039;\u00e9tat pur. Ce qui rend cette robe encore plus sp\u00e9ciale, ce sont les d\u00e9licates fleurs en 3D qui sont diss\u00e9min\u00e9es de mani\u00e8re ludique sur la robe, cr\u00e9ant un effet romantique et f\u00e9erique. Le tulle d\u00e9licat cr\u00e9e une sensation de l\u00e9g\u00e8ret\u00e9 et de r\u00eave, vous permettant de briller le jour de votre mariage avec un look \u00e0 la fois sexy et romantique. Vous voulez une robe de mari\u00e9e qui combine parfaitement l&#039;\u00e9l\u00e9gance, la s\u00e9duction et la couture ? D\u00e9couvrez la robe de mari\u00e9e Cl\u00e9op\u00e2tre de Ramona Koonings Couture, disponible exclusivement chez Koonings The Wedding Palace, et brillez pour votre plus beau jour.\" \/>\n<meta name=\"robots\" content=\"index, follow, max-snippet:-1, max-image-preview:large, max-video-preview:-1\" \/>\n<link rel=\"canonical\" href=\"https:\/\/www.koonings.com\/fr\/product\/ramona-koonings-couture-kn2515-cleopatra\/\" \/>\n<meta property=\"og:locale\" content=\"fr_FR\" \/>\n<meta property=\"og:type\" content=\"article\" \/>\n<meta property=\"og:title\" content=\"Ramona Koonings Couture KN2515 Cl\u00e9op\u00e2tre | Koonings\" \/>\n<meta property=\"og:description\" content=\"La robe de mari\u00e9e s\u00e9duisante et romantique Cl\u00e9op\u00e2tre de Ramona Koonings Couture. Pour la mari\u00e9e qui recherche l&#039;\u00e9quilibre parfait entre sensualit\u00e9 et romantisme, la robe de mari\u00e9e Cl\u00e9op\u00e2tre de Ramona Koonings Couture est un r\u00eave devenu r\u00e9alit\u00e9. Exclusivement disponible chez Koonings The Wedding Palace, cette robe de mari\u00e9e couture respire le luxe et la sophistication. Avec sa silhouette en ligne A, la robe tombe avec \u00e9l\u00e9gance et fluidit\u00e9 le long du corps, cr\u00e9ant une allure gracieuse et \u00e9l\u00e9gante. Le d\u00e9collet\u00e9 en V sans bretelles met en valeur le d\u00e9collet\u00e9 d&#039;une mani\u00e8re s\u00e9duisante mais \u00e9l\u00e9gante, donnant \u00e0 la robe une touche moderne et intemporelle. R\u00e9alis\u00e9e dans une douce teinte ivoire, cette robe respire la classe \u00e0 l&#039;\u00e9tat pur. Ce qui rend cette robe encore plus sp\u00e9ciale, ce sont les d\u00e9licates fleurs en 3D qui sont diss\u00e9min\u00e9es de mani\u00e8re ludique sur la robe, cr\u00e9ant un effet romantique et f\u00e9erique. Le tulle d\u00e9licat cr\u00e9e une sensation de l\u00e9g\u00e8ret\u00e9 et de r\u00eave, vous permettant de briller le jour de votre mariage avec un look \u00e0 la fois sexy et romantique. Vous voulez une robe de mari\u00e9e qui combine parfaitement l&#039;\u00e9l\u00e9gance, la s\u00e9duction et la couture ? D\u00e9couvrez la robe de mari\u00e9e Cl\u00e9op\u00e2tre de Ramona Koonings Couture, disponible exclusivement chez Koonings The Wedding Palace, et brillez pour votre plus beau jour.\" \/>\n<meta property=\"og:url\" content=\"https:\/\/www.koonings.com\/fr\/product\/ramona-koonings-couture-kn2515-cleopatra\/\" \/>\n<meta property=\"og:site_name\" content=\"Koonings\" \/>\n<meta property=\"article:publisher\" content=\"https:\/\/www.facebook.com\/kooningstheweddingpalace\" \/>\n<meta property=\"article:modified_time\" content=\"2026-02-03T19:22:21+00:00\" \/>\n<meta property=\"og:image\" content=\"https:\/\/www.koonings.com\/wp-content\/uploads\/2025\/03\/39997_5ab6a02a028df849db9c94315ec0db5153c3c2fdf0bc3cba92681a0b76cc73ede91f3b30-scaled.jpeg\" \/>\n\t<meta property=\"og:image:width\" content=\"1812\" \/>\n\t<meta property=\"og:image:height\" content=\"2560\" \/>\n\t<meta property=\"og:image:type\" content=\"image\/jpeg\" \/>\n<meta name=\"twitter:card\" content=\"summary_large_image\" \/>\n<meta name=\"twitter:label1\" content=\"Dur\u00e9e de lecture estim\u00e9e\" \/>\n\t<meta name=\"twitter:data1\" content=\"1 minute\" \/>\n<script type=\"application\/ld+json\" class=\"yoast-schema-graph\">{\"@context\":\"https:\\\/\\\/schema.org\",\"@graph\":[{\"@type\":\"WebPage\",\"@id\":\"https:\\\/\\\/www.koonings.com\\\/fr\\\/product\\\/ramona-koonings-couture-kn2515-cleopatra\\\/\",\"url\":\"https:\\\/\\\/www.koonings.com\\\/fr\\\/product\\\/ramona-koonings-couture-kn2515-cleopatra\\\/\",\"name\":\"Ramona Koonings Couture KN2515 Cl\u00e9op\u00e2tre | Koonings\",\"isPartOf\":{\"@id\":\"https:\\\/\\\/www.koonings.com\\\/fr\\\/#website\"},\"primaryImageOfPage\":{\"@id\":\"https:\\\/\\\/www.koonings.com\\\/fr\\\/product\\\/ramona-koonings-couture-kn2515-cleopatra\\\/#primaryimage\"},\"image\":{\"@id\":\"https:\\\/\\\/www.koonings.com\\\/fr\\\/product\\\/ramona-koonings-couture-kn2515-cleopatra\\\/#primaryimage\"},\"thumbnailUrl\":\"https:\\\/\\\/www.koonings.com\\\/wp-content\\\/uploads\\\/2025\\\/03\\\/39997_5ab6a02a028df849db9c94315ec0db5153c3c2fdf0bc3cba92681a0b76cc73ede91f3b30-scaled.jpeg\",\"datePublished\":\"2025-12-14T23:28:09+00:00\",\"dateModified\":\"2026-02-03T19:22:21+00:00\",\"description\":\"La robe de mari\u00e9e s\u00e9duisante et romantique Cl\u00e9op\u00e2tre de Ramona Koonings Couture. Pour la mari\u00e9e qui recherche l'\u00e9quilibre parfait entre sensualit\u00e9 et romantisme, la robe de mari\u00e9e Cl\u00e9op\u00e2tre de Ramona Koonings Couture est un r\u00eave devenu r\u00e9alit\u00e9. Exclusivement disponible chez Koonings The Wedding Palace, cette robe de mari\u00e9e couture respire le luxe et la sophistication. Avec sa silhouette en ligne A, la robe tombe avec \u00e9l\u00e9gance et fluidit\u00e9 le long du corps, cr\u00e9ant une allure gracieuse et \u00e9l\u00e9gante. Le d\u00e9collet\u00e9 en V sans bretelles met en valeur le d\u00e9collet\u00e9 d'une mani\u00e8re s\u00e9duisante mais \u00e9l\u00e9gante, donnant \u00e0 la robe une touche moderne et intemporelle. R\u00e9alis\u00e9e dans une douce teinte ivoire, cette robe respire la classe \u00e0 l'\u00e9tat pur. Ce qui rend cette robe encore plus sp\u00e9ciale, ce sont les d\u00e9licates fleurs en 3D qui sont diss\u00e9min\u00e9es de mani\u00e8re ludique sur la robe, cr\u00e9ant un effet romantique et f\u00e9erique. Le tulle d\u00e9licat cr\u00e9e une sensation de l\u00e9g\u00e8ret\u00e9 et de r\u00eave, vous permettant de briller le jour de votre mariage avec un look \u00e0 la fois sexy et romantique. Vous voulez une robe de mari\u00e9e qui combine parfaitement l'\u00e9l\u00e9gance, la s\u00e9duction et la couture ? D\u00e9couvrez la robe de mari\u00e9e Cl\u00e9op\u00e2tre de Ramona Koonings Couture, disponible exclusivement chez Koonings The Wedding Palace, et brillez pour votre plus beau jour.\",\"breadcrumb\":{\"@id\":\"https:\\\/\\\/www.koonings.com\\\/fr\\\/product\\\/ramona-koonings-couture-kn2515-cleopatra\\\/#breadcrumb\"},\"inLanguage\":\"fr-FR\",\"potentialAction\":[{\"@type\":\"ReadAction\",\"target\":[\"https:\\\/\\\/www.koonings.com\\\/fr\\\/product\\\/ramona-koonings-couture-kn2515-cleopatra\\\/\"]}]},{\"@type\":\"ImageObject\",\"inLanguage\":\"fr-FR\",\"@id\":\"https:\\\/\\\/www.koonings.com\\\/fr\\\/product\\\/ramona-koonings-couture-kn2515-cleopatra\\\/#primaryimage\",\"url\":\"https:\\\/\\\/www.koonings.com\\\/wp-content\\\/uploads\\\/2025\\\/03\\\/39997_5ab6a02a028df849db9c94315ec0db5153c3c2fdf0bc3cba92681a0b76cc73ede91f3b30-scaled.jpeg\",\"contentUrl\":\"https:\\\/\\\/www.koonings.com\\\/wp-content\\\/uploads\\\/2025\\\/03\\\/39997_5ab6a02a028df849db9c94315ec0db5153c3c2fdf0bc3cba92681a0b76cc73ede91f3b30-scaled.jpeg\",\"width\":1812,\"height\":2560},{\"@type\":\"BreadcrumbList\",\"@id\":\"https:\\\/\\\/www.koonings.com\\\/fr\\\/product\\\/ramona-koonings-couture-kn2515-cleopatra\\\/#breadcrumb\",\"itemListElement\":[{\"@type\":\"ListItem\",\"position\":1,\"name\":\"Home\",\"item\":\"https:\\\/\\\/www.koonings.com\\\/fr\\\/\"},{\"@type\":\"ListItem\",\"position\":2,\"name\":\"Ramona Koonings Couture KN2515 Cl\u00e9op\u00e2tre\"}]},{\"@type\":\"WebSite\",\"@id\":\"https:\\\/\\\/www.koonings.com\\\/fr\\\/#website\",\"url\":\"https:\\\/\\\/www.koonings.com\\\/fr\\\/\",\"name\":\"Koonings\",\"description\":\"De grootste bruidsmodewinkel ter wereld\",\"publisher\":{\"@id\":\"https:\\\/\\\/www.koonings.com\\\/fr\\\/#organization\"},\"potentialAction\":[{\"@type\":\"SearchAction\",\"target\":{\"@type\":\"EntryPoint\",\"urlTemplate\":\"https:\\\/\\\/www.koonings.com\\\/fr\\\/?s={search_term_string}\"},\"query-input\":{\"@type\":\"PropertyValueSpecification\",\"valueRequired\":true,\"valueName\":\"search_term_string\"}}],\"inLanguage\":\"fr-FR\"},{\"@type\":\"Organization\",\"@id\":\"https:\\\/\\\/www.koonings.com\\\/fr\\\/#organization\",\"name\":\"Koonings\",\"url\":\"https:\\\/\\\/www.koonings.com\\\/fr\\\/\",\"logo\":{\"@type\":\"ImageObject\",\"inLanguage\":\"fr-FR\",\"@id\":\"https:\\\/\\\/www.koonings.com\\\/fr\\\/#\\\/schema\\\/logo\\\/image\\\/\",\"url\":\"https:\\\/\\\/www.koonings.com\\\/wp-content\\\/uploads\\\/2024\\\/07\\\/logo.png\",\"contentUrl\":\"https:\\\/\\\/www.koonings.com\\\/wp-content\\\/uploads\\\/2024\\\/07\\\/logo.png\",\"width\":600,\"height\":428,\"caption\":\"Koonings\"},\"image\":{\"@id\":\"https:\\\/\\\/www.koonings.com\\\/fr\\\/#\\\/schema\\\/logo\\\/image\\\/\"},\"sameAs\":[\"https:\\\/\\\/www.facebook.com\\\/kooningstheweddingpalace\",\"https:\\\/\\\/www.instagram.com\\\/kooningstheweddingpalace\",\"https:\\\/\\\/www.pinterest.com\\\/koonings\",\"https:\\\/\\\/www.youtube.com\\\/kooningstheweddingpalace\"]}]}<\/script>\n<!-- \/ Yoast SEO plugin. -->","yoast_head_json":{"title":"Ramona Koonings Couture KN2515 Cl\u00e9op\u00e2tre | Koonings","description":"La robe de mari\u00e9e s\u00e9duisante et romantique Cl\u00e9op\u00e2tre de Ramona Koonings Couture. Pour la mari\u00e9e qui recherche l'\u00e9quilibre parfait entre sensualit\u00e9 et romantisme, la robe de mari\u00e9e Cl\u00e9op\u00e2tre de Ramona Koonings Couture est un r\u00eave devenu r\u00e9alit\u00e9. Exclusivement disponible chez Koonings The Wedding Palace, cette robe de mari\u00e9e couture respire le luxe et la sophistication. Avec sa silhouette en ligne A, la robe tombe avec \u00e9l\u00e9gance et fluidit\u00e9 le long du corps, cr\u00e9ant une allure gracieuse et \u00e9l\u00e9gante. Le d\u00e9collet\u00e9 en V sans bretelles met en valeur le d\u00e9collet\u00e9 d'une mani\u00e8re s\u00e9duisante mais \u00e9l\u00e9gante, donnant \u00e0 la robe une touche moderne et intemporelle. R\u00e9alis\u00e9e dans une douce teinte ivoire, cette robe respire la classe \u00e0 l'\u00e9tat pur. Ce qui rend cette robe encore plus sp\u00e9ciale, ce sont les d\u00e9licates fleurs en 3D qui sont diss\u00e9min\u00e9es de mani\u00e8re ludique sur la robe, cr\u00e9ant un effet romantique et f\u00e9erique. Le tulle d\u00e9licat cr\u00e9e une sensation de l\u00e9g\u00e8ret\u00e9 et de r\u00eave, vous permettant de briller le jour de votre mariage avec un look \u00e0 la fois sexy et romantique. Vous voulez une robe de mari\u00e9e qui combine parfaitement l'\u00e9l\u00e9gance, la s\u00e9duction et la couture ? D\u00e9couvrez la robe de mari\u00e9e Cl\u00e9op\u00e2tre de Ramona Koonings Couture, disponible exclusivement chez Koonings The Wedding Palace, et brillez pour votre plus beau jour.","robots":{"index":"index","follow":"follow","max-snippet":"max-snippet:-1","max-image-preview":"max-image-preview:large","max-video-preview":"max-video-preview:-1"},"canonical":"https:\/\/www.koonings.com\/fr\/product\/ramona-koonings-couture-kn2515-cleopatra\/","og_locale":"fr_FR","og_type":"article","og_title":"Ramona Koonings Couture KN2515 Cl\u00e9op\u00e2tre | Koonings","og_description":"La robe de mari\u00e9e s\u00e9duisante et romantique Cl\u00e9op\u00e2tre de Ramona Koonings Couture. Pour la mari\u00e9e qui recherche l'\u00e9quilibre parfait entre sensualit\u00e9 et romantisme, la robe de mari\u00e9e Cl\u00e9op\u00e2tre de Ramona Koonings Couture est un r\u00eave devenu r\u00e9alit\u00e9. Exclusivement disponible chez Koonings The Wedding Palace, cette robe de mari\u00e9e couture respire le luxe et la sophistication. Avec sa silhouette en ligne A, la robe tombe avec \u00e9l\u00e9gance et fluidit\u00e9 le long du corps, cr\u00e9ant une allure gracieuse et \u00e9l\u00e9gante. Le d\u00e9collet\u00e9 en V sans bretelles met en valeur le d\u00e9collet\u00e9 d'une mani\u00e8re s\u00e9duisante mais \u00e9l\u00e9gante, donnant \u00e0 la robe une touche moderne et intemporelle. R\u00e9alis\u00e9e dans une douce teinte ivoire, cette robe respire la classe \u00e0 l'\u00e9tat pur. Ce qui rend cette robe encore plus sp\u00e9ciale, ce sont les d\u00e9licates fleurs en 3D qui sont diss\u00e9min\u00e9es de mani\u00e8re ludique sur la robe, cr\u00e9ant un effet romantique et f\u00e9erique. Le tulle d\u00e9licat cr\u00e9e une sensation de l\u00e9g\u00e8ret\u00e9 et de r\u00eave, vous permettant de briller le jour de votre mariage avec un look \u00e0 la fois sexy et romantique. Vous voulez une robe de mari\u00e9e qui combine parfaitement l'\u00e9l\u00e9gance, la s\u00e9duction et la couture ? D\u00e9couvrez la robe de mari\u00e9e Cl\u00e9op\u00e2tre de Ramona Koonings Couture, disponible exclusivement chez Koonings The Wedding Palace, et brillez pour votre plus beau jour.","og_url":"https:\/\/www.koonings.com\/fr\/product\/ramona-koonings-couture-kn2515-cleopatra\/","og_site_name":"Koonings","article_publisher":"https:\/\/www.facebook.com\/kooningstheweddingpalace","article_modified_time":"2026-02-03T19:22:21+00:00","og_image":[{"width":1812,"height":2560,"url":"https:\/\/www.koonings.com\/wp-content\/uploads\/2025\/03\/39997_5ab6a02a028df849db9c94315ec0db5153c3c2fdf0bc3cba92681a0b76cc73ede91f3b30-scaled.jpeg","type":"image\/jpeg"}],"twitter_card":"summary_large_image","twitter_misc":{"Dur\u00e9e de lecture estim\u00e9e":"1 minute"},"schema":{"@context":"https:\/\/schema.org","@graph":[{"@type":"WebPage","@id":"https:\/\/www.koonings.com\/fr\/product\/ramona-koonings-couture-kn2515-cleopatra\/","url":"https:\/\/www.koonings.com\/fr\/product\/ramona-koonings-couture-kn2515-cleopatra\/","name":"Ramona Koonings Couture KN2515 Cl\u00e9op\u00e2tre | Koonings","isPartOf":{"@id":"https:\/\/www.koonings.com\/fr\/#website"},"primaryImageOfPage":{"@id":"https:\/\/www.koonings.com\/fr\/product\/ramona-koonings-couture-kn2515-cleopatra\/#primaryimage"},"image":{"@id":"https:\/\/www.koonings.com\/fr\/product\/ramona-koonings-couture-kn2515-cleopatra\/#primaryimage"},"thumbnailUrl":"https:\/\/www.koonings.com\/wp-content\/uploads\/2025\/03\/39997_5ab6a02a028df849db9c94315ec0db5153c3c2fdf0bc3cba92681a0b76cc73ede91f3b30-scaled.jpeg","datePublished":"2025-12-14T23:28:09+00:00","dateModified":"2026-02-03T19:22:21+00:00","description":"La robe de mari\u00e9e s\u00e9duisante et romantique Cl\u00e9op\u00e2tre de Ramona Koonings Couture. Pour la mari\u00e9e qui recherche l'\u00e9quilibre parfait entre sensualit\u00e9 et romantisme, la robe de mari\u00e9e Cl\u00e9op\u00e2tre de Ramona Koonings Couture est un r\u00eave devenu r\u00e9alit\u00e9. Exclusivement disponible chez Koonings The Wedding Palace, cette robe de mari\u00e9e couture respire le luxe et la sophistication. Avec sa silhouette en ligne A, la robe tombe avec \u00e9l\u00e9gance et fluidit\u00e9 le long du corps, cr\u00e9ant une allure gracieuse et \u00e9l\u00e9gante. Le d\u00e9collet\u00e9 en V sans bretelles met en valeur le d\u00e9collet\u00e9 d'une mani\u00e8re s\u00e9duisante mais \u00e9l\u00e9gante, donnant \u00e0 la robe une touche moderne et intemporelle. R\u00e9alis\u00e9e dans une douce teinte ivoire, cette robe respire la classe \u00e0 l'\u00e9tat pur. Ce qui rend cette robe encore plus sp\u00e9ciale, ce sont les d\u00e9licates fleurs en 3D qui sont diss\u00e9min\u00e9es de mani\u00e8re ludique sur la robe, cr\u00e9ant un effet romantique et f\u00e9erique. Le tulle d\u00e9licat cr\u00e9e une sensation de l\u00e9g\u00e8ret\u00e9 et de r\u00eave, vous permettant de briller le jour de votre mariage avec un look \u00e0 la fois sexy et romantique. Vous voulez une robe de mari\u00e9e qui combine parfaitement l'\u00e9l\u00e9gance, la s\u00e9duction et la couture ? D\u00e9couvrez la robe de mari\u00e9e Cl\u00e9op\u00e2tre de Ramona Koonings Couture, disponible exclusivement chez Koonings The Wedding Palace, et brillez pour votre plus beau jour.","breadcrumb":{"@id":"https:\/\/www.koonings.com\/fr\/product\/ramona-koonings-couture-kn2515-cleopatra\/#breadcrumb"},"inLanguage":"fr-FR","potentialAction":[{"@type":"ReadAction","target":["https:\/\/www.koonings.com\/fr\/product\/ramona-koonings-couture-kn2515-cleopatra\/"]}]},{"@type":"ImageObject","inLanguage":"fr-FR","@id":"https:\/\/www.koonings.com\/fr\/product\/ramona-koonings-couture-kn2515-cleopatra\/#primaryimage","url":"https:\/\/www.koonings.com\/wp-content\/uploads\/2025\/03\/39997_5ab6a02a028df849db9c94315ec0db5153c3c2fdf0bc3cba92681a0b76cc73ede91f3b30-scaled.jpeg","contentUrl":"https:\/\/www.koonings.com\/wp-content\/uploads\/2025\/03\/39997_5ab6a02a028df849db9c94315ec0db5153c3c2fdf0bc3cba92681a0b76cc73ede91f3b30-scaled.jpeg","width":1812,"height":2560},{"@type":"BreadcrumbList","@id":"https:\/\/www.koonings.com\/fr\/product\/ramona-koonings-couture-kn2515-cleopatra\/#breadcrumb","itemListElement":[{"@type":"ListItem","position":1,"name":"Home","item":"https:\/\/www.koonings.com\/fr\/"},{"@type":"ListItem","position":2,"name":"Ramona Koonings Couture KN2515 Cl\u00e9op\u00e2tre"}]},{"@type":"WebSite","@id":"https:\/\/www.koonings.com\/fr\/#website","url":"https:\/\/www.koonings.com\/fr\/","name":"Koonings","description":"De grootste bruidsmodewinkel ter wereld","publisher":{"@id":"https:\/\/www.koonings.com\/fr\/#organization"},"potentialAction":[{"@type":"SearchAction","target":{"@type":"EntryPoint","urlTemplate":"https:\/\/www.koonings.com\/fr\/?s={search_term_string}"},"query-input":{"@type":"PropertyValueSpecification","valueRequired":true,"valueName":"search_term_string"}}],"inLanguage":"fr-FR"},{"@type":"Organization","@id":"https:\/\/www.koonings.com\/fr\/#organization","name":"Koonings","url":"https:\/\/www.koonings.com\/fr\/","logo":{"@type":"ImageObject","inLanguage":"fr-FR","@id":"https:\/\/www.koonings.com\/fr\/#\/schema\/logo\/image\/","url":"https:\/\/www.koonings.com\/wp-content\/uploads\/2024\/07\/logo.png","contentUrl":"https:\/\/www.koonings.com\/wp-content\/uploads\/2024\/07\/logo.png","width":600,"height":428,"caption":"Koonings"},"image":{"@id":"https:\/\/www.koonings.com\/fr\/#\/schema\/logo\/image\/"},"sameAs":["https:\/\/www.facebook.com\/kooningstheweddingpalace","https:\/\/www.instagram.com\/kooningstheweddingpalace","https:\/\/www.pinterest.com\/koonings","https:\/\/www.youtube.com\/kooningstheweddingpalace"]}]}},"_links":{"self":[{"href":"https:\/\/www.koonings.com\/fr\/wp-json\/wp\/v2\/product\/85052","targetHints":{"allow":["GET"]}}],"collection":[{"href":"https:\/\/www.koonings.com\/fr\/wp-json\/wp\/v2\/product"}],"about":[{"href":"https:\/\/www.koonings.com\/fr\/wp-json\/wp\/v2\/types\/product"}],"wp:featuredmedia":[{"embeddable":true,"href":"https:\/\/www.koonings.com\/fr\/wp-json\/wp\/v2\/media\/82778"}],"wp:attachment":[{"href":"https:\/\/www.koonings.com\/fr\/wp-json\/wp\/v2\/media?parent=85052"}],"wp:term":[{"taxonomy":"productdetails","embeddable":true,"href":"https:\/\/www.koonings.com\/fr\/wp-json\/wp\/v2\/productdetails?post=85052"},{"taxonomy":"productneck","embeddable":true,"href":"https:\/\/www.koonings.com\/fr\/wp-json\/wp\/v2\/productneck?post=85052"},{"taxonomy":"productcolor","embeddable":true,"href":"https:\/\/www.koonings.com\/fr\/wp-json\/wp\/v2\/productcolor?post=85052"},{"taxonomy":"maat","embeddable":true,"href":"https:\/\/www.koonings.com\/fr\/wp-json\/wp\/v2\/maat?post=85052"},{"taxonomy":"productsupplier","embeddable":true,"href":"https:\/\/www.koonings.com\/fr\/wp-json\/wp\/v2\/productsupplier?post=85052"},{"taxonomy":"productsleeve","embeddable":true,"href":"https:\/\/www.koonings.com\/fr\/wp-json\/wp\/v2\/productsleeve?post=85052"},{"taxonomy":"productcategory","embeddable":true,"href":"https:\/\/www.koonings.com\/fr\/wp-json\/wp\/v2\/productcategory?post=85052"},{"taxonomy":"productsilhouette","embeddable":true,"href":"https:\/\/www.koonings.com\/fr\/wp-json\/wp\/v2\/productsilhouette?post=85052"},{"taxonomy":"productstyle","embeddable":true,"href":"https:\/\/www.koonings.com\/fr\/wp-json\/wp\/v2\/productstyle?post=85052"}],"curies":[{"name":"wp","href":"https:\/\/api.w.org\/{rel}","templated":true}]}}