{"id":85048,"date":"2026-04-21T18:17:00","date_gmt":"2026-04-21T16:17:00","guid":{"rendered":"https:\/\/www.koonings.com\/product\/ramona-koonings-couture-kn2513-1-dorothy\/"},"modified":"2025-06-05T13:58:22","modified_gmt":"2025-06-05T11:58:22","slug":"ramona-koonings-couture-kn2513-1-dorothy","status":"publish","type":"product","link":"https:\/\/www.koonings.com\/fr\/product\/ramona-koonings-couture-kn2513-1-dorothy\/","title":{"rendered":"Ramona Koonings Couture KN2513-1 Dorothy"},"content":{"rendered":"<p>La robe de mari\u00e9e enchanteresse Dorothy de Ramona Koonings Couture.<br \/>\nEntrez dans un monde de magie et d&#8217;\u00e9l\u00e9gance avec la robe de mari\u00e9e Dorothy, une cr\u00e9ation exclusive de Ramona Koonings Couture, disponible chez Koonings The Wedding Palace. Cette robe couture combine une silhouette classique avec des d\u00e9tails raffin\u00e9s, parfaite pour la mari\u00e9e qui veut briller le jour de son mariage.<br \/>\nLa coupe A-line cr\u00e9e un look gracieux et fluide qui donne \u00e0 chaque mari\u00e9e une allure royale. Le profond d\u00e9collet\u00e9 en V ajoute une touche de sensualit\u00e9, tandis que les manches longues apportent une touche \u00e9l\u00e9gante et intemporelle. La douce teinte ivoire\/blush donne \u00e0 la robe une touche romantique et r\u00eaveuse.<br \/>\nCe qui rend cette robe vraiment unique, ce sont les subtils accents d&#8217;\u00e9toiles diss\u00e9min\u00e9s sur toute la robe. Ces d\u00e9tails scintillants donnent \u00e0 la robe un aspect f\u00e9erique et enchanteur, comme si vous \u00e9tiez envelopp\u00e9e par un ciel \u00e9toil\u00e9. La l\u00e9g\u00e8ret\u00e9 du tulle rend la robe a\u00e9rienne et sophistiqu\u00e9e, parfaite pour un look couture \u00e0 l&#8217;effet magique.<br \/>\nVous r\u00eavez d&#8217;une robe de mari\u00e9e \u00e0 la fois classique et unique ? D\u00e9couvrez la robe de mari\u00e9e Dorothy de Ramona Koonings Couture, disponible exclusivement chez Koonings The Wedding Palace, et brillez comme jamais lors de votre journ\u00e9e sp\u00e9ciale.      <\/p>\n","protected":false},"featured_media":82829,"template":"","meta":{"_acf_changed":false,"ghostkit_customizer_options":"","ghostkit_custom_css":"","ghostkit_custom_js_head":"","ghostkit_custom_js_foot":"","ghostkit_typography":""},"productdetails":[379,381],"productneck":[356],"productcolor":[393,392],"maat":[],"productsupplier":[419],"productsleeve":[362],"productcategory":[18],"productsilhouette":[384],"productstyle":[367,369],"class_list":["post-85048","product","type-product","status-publish","has-post-thumbnail","hentry","productdetails-379","productdetails-381","productneck-356","productcolor-393","productcolor-392","productsupplier-ramona-koonings-couture","productsleeve-362","productcategory-trouwjurken","productsilhouette-384","productstyle-367","productstyle-369"],"acf":[],"yoast_head":"<!-- This site is optimized with the Yoast SEO plugin v27.3 - https:\/\/yoast.com\/product\/yoast-seo-wordpress\/ -->\n<title>Ramona Koonings Couture KN2513-1 Dorothy | Koonings<\/title>\n<meta name=\"description\" content=\"La robe de mari\u00e9e enchanteresse Dorothy de Ramona Koonings Couture. Entrez dans un monde de magie et d&#039;\u00e9l\u00e9gance avec la robe de mari\u00e9e Dorothy, une cr\u00e9ation exclusive de Ramona Koonings Couture, disponible chez Koonings The Wedding Palace. Cette robe couture combine une silhouette classique avec des d\u00e9tails raffin\u00e9s, parfaite pour la mari\u00e9e qui veut briller le jour de son mariage. La coupe A-line cr\u00e9e un look gracieux et fluide qui donne \u00e0 chaque mari\u00e9e une allure royale. Le profond d\u00e9collet\u00e9 en V ajoute une touche de sensualit\u00e9, tandis que les manches longues apportent une touche \u00e9l\u00e9gante et intemporelle. La douce teinte ivoire\/blush donne \u00e0 la robe une touche romantique et r\u00eaveuse. Ce qui rend cette robe vraiment unique, ce sont les subtils accents d&#039;\u00e9toiles diss\u00e9min\u00e9s sur toute la robe. Ces d\u00e9tails scintillants donnent \u00e0 la robe un aspect f\u00e9erique et enchanteur, comme si vous \u00e9tiez envelopp\u00e9e par un ciel \u00e9toil\u00e9. La l\u00e9g\u00e8ret\u00e9 du tulle rend la robe a\u00e9rienne et sophistiqu\u00e9e, parfaite pour un look couture \u00e0 l&#039;effet magique. Vous r\u00eavez d&#039;une robe de mari\u00e9e \u00e0 la fois classique et unique ? D\u00e9couvrez la robe de mari\u00e9e Dorothy de Ramona Koonings Couture, disponible exclusivement chez Koonings The Wedding Palace, et brillez comme jamais lors de votre journ\u00e9e sp\u00e9ciale.\" \/>\n<meta name=\"robots\" content=\"index, follow, max-snippet:-1, max-image-preview:large, max-video-preview:-1\" \/>\n<link rel=\"canonical\" href=\"https:\/\/www.koonings.com\/fr\/product\/ramona-koonings-couture-kn2513-1-dorothy\/\" \/>\n<meta property=\"og:locale\" content=\"fr_FR\" \/>\n<meta property=\"og:type\" content=\"article\" \/>\n<meta property=\"og:title\" content=\"Ramona Koonings Couture KN2513-1 Dorothy | Koonings\" \/>\n<meta property=\"og:description\" content=\"La robe de mari\u00e9e enchanteresse Dorothy de Ramona Koonings Couture. Entrez dans un monde de magie et d&#039;\u00e9l\u00e9gance avec la robe de mari\u00e9e Dorothy, une cr\u00e9ation exclusive de Ramona Koonings Couture, disponible chez Koonings The Wedding Palace. Cette robe couture combine une silhouette classique avec des d\u00e9tails raffin\u00e9s, parfaite pour la mari\u00e9e qui veut briller le jour de son mariage. La coupe A-line cr\u00e9e un look gracieux et fluide qui donne \u00e0 chaque mari\u00e9e une allure royale. Le profond d\u00e9collet\u00e9 en V ajoute une touche de sensualit\u00e9, tandis que les manches longues apportent une touche \u00e9l\u00e9gante et intemporelle. La douce teinte ivoire\/blush donne \u00e0 la robe une touche romantique et r\u00eaveuse. Ce qui rend cette robe vraiment unique, ce sont les subtils accents d&#039;\u00e9toiles diss\u00e9min\u00e9s sur toute la robe. Ces d\u00e9tails scintillants donnent \u00e0 la robe un aspect f\u00e9erique et enchanteur, comme si vous \u00e9tiez envelopp\u00e9e par un ciel \u00e9toil\u00e9. La l\u00e9g\u00e8ret\u00e9 du tulle rend la robe a\u00e9rienne et sophistiqu\u00e9e, parfaite pour un look couture \u00e0 l&#039;effet magique. Vous r\u00eavez d&#039;une robe de mari\u00e9e \u00e0 la fois classique et unique ? D\u00e9couvrez la robe de mari\u00e9e Dorothy de Ramona Koonings Couture, disponible exclusivement chez Koonings The Wedding Palace, et brillez comme jamais lors de votre journ\u00e9e sp\u00e9ciale.\" \/>\n<meta property=\"og:url\" content=\"https:\/\/www.koonings.com\/fr\/product\/ramona-koonings-couture-kn2513-1-dorothy\/\" \/>\n<meta property=\"og:site_name\" content=\"Koonings\" \/>\n<meta property=\"article:publisher\" content=\"https:\/\/www.facebook.com\/kooningstheweddingpalace\" \/>\n<meta property=\"og:image\" content=\"https:\/\/www.koonings.com\/wp-content\/uploads\/2025\/03\/40141_eae0368574283cce982988824329288a433d698718b4d95db27b460518b6708b5432ec75-scaled.jpeg\" \/>\n\t<meta property=\"og:image:width\" content=\"1810\" \/>\n\t<meta property=\"og:image:height\" content=\"2560\" \/>\n\t<meta property=\"og:image:type\" content=\"image\/jpeg\" \/>\n<meta name=\"twitter:card\" content=\"summary_large_image\" \/>\n<meta name=\"twitter:label1\" content=\"Dur\u00e9e de lecture estim\u00e9e\" \/>\n\t<meta name=\"twitter:data1\" content=\"1 minute\" \/>\n<script type=\"application\/ld+json\" class=\"yoast-schema-graph\">{\"@context\":\"https:\\\/\\\/schema.org\",\"@graph\":[{\"@type\":\"WebPage\",\"@id\":\"https:\\\/\\\/www.koonings.com\\\/fr\\\/product\\\/ramona-koonings-couture-kn2513-1-dorothy\\\/\",\"url\":\"https:\\\/\\\/www.koonings.com\\\/fr\\\/product\\\/ramona-koonings-couture-kn2513-1-dorothy\\\/\",\"name\":\"Ramona Koonings Couture KN2513-1 Dorothy | Koonings\",\"isPartOf\":{\"@id\":\"https:\\\/\\\/www.koonings.com\\\/fr\\\/#website\"},\"primaryImageOfPage\":{\"@id\":\"https:\\\/\\\/www.koonings.com\\\/fr\\\/product\\\/ramona-koonings-couture-kn2513-1-dorothy\\\/#primaryimage\"},\"image\":{\"@id\":\"https:\\\/\\\/www.koonings.com\\\/fr\\\/product\\\/ramona-koonings-couture-kn2513-1-dorothy\\\/#primaryimage\"},\"thumbnailUrl\":\"https:\\\/\\\/www.koonings.com\\\/wp-content\\\/uploads\\\/2025\\\/03\\\/40141_eae0368574283cce982988824329288a433d698718b4d95db27b460518b6708b5432ec75-scaled.jpeg\",\"datePublished\":\"2026-04-21T16:17:00+00:00\",\"description\":\"La robe de mari\u00e9e enchanteresse Dorothy de Ramona Koonings Couture. Entrez dans un monde de magie et d'\u00e9l\u00e9gance avec la robe de mari\u00e9e Dorothy, une cr\u00e9ation exclusive de Ramona Koonings Couture, disponible chez Koonings The Wedding Palace. Cette robe couture combine une silhouette classique avec des d\u00e9tails raffin\u00e9s, parfaite pour la mari\u00e9e qui veut briller le jour de son mariage. La coupe A-line cr\u00e9e un look gracieux et fluide qui donne \u00e0 chaque mari\u00e9e une allure royale. Le profond d\u00e9collet\u00e9 en V ajoute une touche de sensualit\u00e9, tandis que les manches longues apportent une touche \u00e9l\u00e9gante et intemporelle. La douce teinte ivoire\\\/blush donne \u00e0 la robe une touche romantique et r\u00eaveuse. Ce qui rend cette robe vraiment unique, ce sont les subtils accents d'\u00e9toiles diss\u00e9min\u00e9s sur toute la robe. Ces d\u00e9tails scintillants donnent \u00e0 la robe un aspect f\u00e9erique et enchanteur, comme si vous \u00e9tiez envelopp\u00e9e par un ciel \u00e9toil\u00e9. La l\u00e9g\u00e8ret\u00e9 du tulle rend la robe a\u00e9rienne et sophistiqu\u00e9e, parfaite pour un look couture \u00e0 l'effet magique. Vous r\u00eavez d'une robe de mari\u00e9e \u00e0 la fois classique et unique ? D\u00e9couvrez la robe de mari\u00e9e Dorothy de Ramona Koonings Couture, disponible exclusivement chez Koonings The Wedding Palace, et brillez comme jamais lors de votre journ\u00e9e sp\u00e9ciale.\",\"breadcrumb\":{\"@id\":\"https:\\\/\\\/www.koonings.com\\\/fr\\\/product\\\/ramona-koonings-couture-kn2513-1-dorothy\\\/#breadcrumb\"},\"inLanguage\":\"fr-FR\",\"potentialAction\":[{\"@type\":\"ReadAction\",\"target\":[\"https:\\\/\\\/www.koonings.com\\\/fr\\\/product\\\/ramona-koonings-couture-kn2513-1-dorothy\\\/\"]}]},{\"@type\":\"ImageObject\",\"inLanguage\":\"fr-FR\",\"@id\":\"https:\\\/\\\/www.koonings.com\\\/fr\\\/product\\\/ramona-koonings-couture-kn2513-1-dorothy\\\/#primaryimage\",\"url\":\"https:\\\/\\\/www.koonings.com\\\/wp-content\\\/uploads\\\/2025\\\/03\\\/40141_eae0368574283cce982988824329288a433d698718b4d95db27b460518b6708b5432ec75-scaled.jpeg\",\"contentUrl\":\"https:\\\/\\\/www.koonings.com\\\/wp-content\\\/uploads\\\/2025\\\/03\\\/40141_eae0368574283cce982988824329288a433d698718b4d95db27b460518b6708b5432ec75-scaled.jpeg\",\"width\":1810,\"height\":2560},{\"@type\":\"BreadcrumbList\",\"@id\":\"https:\\\/\\\/www.koonings.com\\\/fr\\\/product\\\/ramona-koonings-couture-kn2513-1-dorothy\\\/#breadcrumb\",\"itemListElement\":[{\"@type\":\"ListItem\",\"position\":1,\"name\":\"Home\",\"item\":\"https:\\\/\\\/www.koonings.com\\\/fr\\\/\"},{\"@type\":\"ListItem\",\"position\":2,\"name\":\"Ramona Koonings Couture KN2513-1 Dorothy\"}]},{\"@type\":\"WebSite\",\"@id\":\"https:\\\/\\\/www.koonings.com\\\/fr\\\/#website\",\"url\":\"https:\\\/\\\/www.koonings.com\\\/fr\\\/\",\"name\":\"Koonings\",\"description\":\"De grootste bruidsmodewinkel ter wereld\",\"publisher\":{\"@id\":\"https:\\\/\\\/www.koonings.com\\\/fr\\\/#organization\"},\"potentialAction\":[{\"@type\":\"SearchAction\",\"target\":{\"@type\":\"EntryPoint\",\"urlTemplate\":\"https:\\\/\\\/www.koonings.com\\\/fr\\\/?s={search_term_string}\"},\"query-input\":{\"@type\":\"PropertyValueSpecification\",\"valueRequired\":true,\"valueName\":\"search_term_string\"}}],\"inLanguage\":\"fr-FR\"},{\"@type\":\"Organization\",\"@id\":\"https:\\\/\\\/www.koonings.com\\\/fr\\\/#organization\",\"name\":\"Koonings\",\"url\":\"https:\\\/\\\/www.koonings.com\\\/fr\\\/\",\"logo\":{\"@type\":\"ImageObject\",\"inLanguage\":\"fr-FR\",\"@id\":\"https:\\\/\\\/www.koonings.com\\\/fr\\\/#\\\/schema\\\/logo\\\/image\\\/\",\"url\":\"https:\\\/\\\/www.koonings.com\\\/wp-content\\\/uploads\\\/2024\\\/07\\\/logo.png\",\"contentUrl\":\"https:\\\/\\\/www.koonings.com\\\/wp-content\\\/uploads\\\/2024\\\/07\\\/logo.png\",\"width\":600,\"height\":428,\"caption\":\"Koonings\"},\"image\":{\"@id\":\"https:\\\/\\\/www.koonings.com\\\/fr\\\/#\\\/schema\\\/logo\\\/image\\\/\"},\"sameAs\":[\"https:\\\/\\\/www.facebook.com\\\/kooningstheweddingpalace\",\"https:\\\/\\\/www.instagram.com\\\/kooningstheweddingpalace\",\"https:\\\/\\\/www.pinterest.com\\\/koonings\",\"https:\\\/\\\/www.youtube.com\\\/kooningstheweddingpalace\"]}]}<\/script>\n<!-- \/ Yoast SEO plugin. -->","yoast_head_json":{"title":"Ramona Koonings Couture KN2513-1 Dorothy | Koonings","description":"La robe de mari\u00e9e enchanteresse Dorothy de Ramona Koonings Couture. Entrez dans un monde de magie et d'\u00e9l\u00e9gance avec la robe de mari\u00e9e Dorothy, une cr\u00e9ation exclusive de Ramona Koonings Couture, disponible chez Koonings The Wedding Palace. Cette robe couture combine une silhouette classique avec des d\u00e9tails raffin\u00e9s, parfaite pour la mari\u00e9e qui veut briller le jour de son mariage. La coupe A-line cr\u00e9e un look gracieux et fluide qui donne \u00e0 chaque mari\u00e9e une allure royale. Le profond d\u00e9collet\u00e9 en V ajoute une touche de sensualit\u00e9, tandis que les manches longues apportent une touche \u00e9l\u00e9gante et intemporelle. La douce teinte ivoire\/blush donne \u00e0 la robe une touche romantique et r\u00eaveuse. Ce qui rend cette robe vraiment unique, ce sont les subtils accents d'\u00e9toiles diss\u00e9min\u00e9s sur toute la robe. Ces d\u00e9tails scintillants donnent \u00e0 la robe un aspect f\u00e9erique et enchanteur, comme si vous \u00e9tiez envelopp\u00e9e par un ciel \u00e9toil\u00e9. La l\u00e9g\u00e8ret\u00e9 du tulle rend la robe a\u00e9rienne et sophistiqu\u00e9e, parfaite pour un look couture \u00e0 l'effet magique. Vous r\u00eavez d'une robe de mari\u00e9e \u00e0 la fois classique et unique ? D\u00e9couvrez la robe de mari\u00e9e Dorothy de Ramona Koonings Couture, disponible exclusivement chez Koonings The Wedding Palace, et brillez comme jamais lors de votre journ\u00e9e sp\u00e9ciale.","robots":{"index":"index","follow":"follow","max-snippet":"max-snippet:-1","max-image-preview":"max-image-preview:large","max-video-preview":"max-video-preview:-1"},"canonical":"https:\/\/www.koonings.com\/fr\/product\/ramona-koonings-couture-kn2513-1-dorothy\/","og_locale":"fr_FR","og_type":"article","og_title":"Ramona Koonings Couture KN2513-1 Dorothy | Koonings","og_description":"La robe de mari\u00e9e enchanteresse Dorothy de Ramona Koonings Couture. Entrez dans un monde de magie et d'\u00e9l\u00e9gance avec la robe de mari\u00e9e Dorothy, une cr\u00e9ation exclusive de Ramona Koonings Couture, disponible chez Koonings The Wedding Palace. Cette robe couture combine une silhouette classique avec des d\u00e9tails raffin\u00e9s, parfaite pour la mari\u00e9e qui veut briller le jour de son mariage. La coupe A-line cr\u00e9e un look gracieux et fluide qui donne \u00e0 chaque mari\u00e9e une allure royale. Le profond d\u00e9collet\u00e9 en V ajoute une touche de sensualit\u00e9, tandis que les manches longues apportent une touche \u00e9l\u00e9gante et intemporelle. La douce teinte ivoire\/blush donne \u00e0 la robe une touche romantique et r\u00eaveuse. Ce qui rend cette robe vraiment unique, ce sont les subtils accents d'\u00e9toiles diss\u00e9min\u00e9s sur toute la robe. Ces d\u00e9tails scintillants donnent \u00e0 la robe un aspect f\u00e9erique et enchanteur, comme si vous \u00e9tiez envelopp\u00e9e par un ciel \u00e9toil\u00e9. La l\u00e9g\u00e8ret\u00e9 du tulle rend la robe a\u00e9rienne et sophistiqu\u00e9e, parfaite pour un look couture \u00e0 l'effet magique. Vous r\u00eavez d'une robe de mari\u00e9e \u00e0 la fois classique et unique ? D\u00e9couvrez la robe de mari\u00e9e Dorothy de Ramona Koonings Couture, disponible exclusivement chez Koonings The Wedding Palace, et brillez comme jamais lors de votre journ\u00e9e sp\u00e9ciale.","og_url":"https:\/\/www.koonings.com\/fr\/product\/ramona-koonings-couture-kn2513-1-dorothy\/","og_site_name":"Koonings","article_publisher":"https:\/\/www.facebook.com\/kooningstheweddingpalace","og_image":[{"width":1810,"height":2560,"url":"https:\/\/www.koonings.com\/wp-content\/uploads\/2025\/03\/40141_eae0368574283cce982988824329288a433d698718b4d95db27b460518b6708b5432ec75-scaled.jpeg","type":"image\/jpeg"}],"twitter_card":"summary_large_image","twitter_misc":{"Dur\u00e9e de lecture estim\u00e9e":"1 minute"},"schema":{"@context":"https:\/\/schema.org","@graph":[{"@type":"WebPage","@id":"https:\/\/www.koonings.com\/fr\/product\/ramona-koonings-couture-kn2513-1-dorothy\/","url":"https:\/\/www.koonings.com\/fr\/product\/ramona-koonings-couture-kn2513-1-dorothy\/","name":"Ramona Koonings Couture KN2513-1 Dorothy | Koonings","isPartOf":{"@id":"https:\/\/www.koonings.com\/fr\/#website"},"primaryImageOfPage":{"@id":"https:\/\/www.koonings.com\/fr\/product\/ramona-koonings-couture-kn2513-1-dorothy\/#primaryimage"},"image":{"@id":"https:\/\/www.koonings.com\/fr\/product\/ramona-koonings-couture-kn2513-1-dorothy\/#primaryimage"},"thumbnailUrl":"https:\/\/www.koonings.com\/wp-content\/uploads\/2025\/03\/40141_eae0368574283cce982988824329288a433d698718b4d95db27b460518b6708b5432ec75-scaled.jpeg","datePublished":"2026-04-21T16:17:00+00:00","description":"La robe de mari\u00e9e enchanteresse Dorothy de Ramona Koonings Couture. Entrez dans un monde de magie et d'\u00e9l\u00e9gance avec la robe de mari\u00e9e Dorothy, une cr\u00e9ation exclusive de Ramona Koonings Couture, disponible chez Koonings The Wedding Palace. Cette robe couture combine une silhouette classique avec des d\u00e9tails raffin\u00e9s, parfaite pour la mari\u00e9e qui veut briller le jour de son mariage. La coupe A-line cr\u00e9e un look gracieux et fluide qui donne \u00e0 chaque mari\u00e9e une allure royale. Le profond d\u00e9collet\u00e9 en V ajoute une touche de sensualit\u00e9, tandis que les manches longues apportent une touche \u00e9l\u00e9gante et intemporelle. La douce teinte ivoire\/blush donne \u00e0 la robe une touche romantique et r\u00eaveuse. Ce qui rend cette robe vraiment unique, ce sont les subtils accents d'\u00e9toiles diss\u00e9min\u00e9s sur toute la robe. Ces d\u00e9tails scintillants donnent \u00e0 la robe un aspect f\u00e9erique et enchanteur, comme si vous \u00e9tiez envelopp\u00e9e par un ciel \u00e9toil\u00e9. La l\u00e9g\u00e8ret\u00e9 du tulle rend la robe a\u00e9rienne et sophistiqu\u00e9e, parfaite pour un look couture \u00e0 l'effet magique. Vous r\u00eavez d'une robe de mari\u00e9e \u00e0 la fois classique et unique ? D\u00e9couvrez la robe de mari\u00e9e Dorothy de Ramona Koonings Couture, disponible exclusivement chez Koonings The Wedding Palace, et brillez comme jamais lors de votre journ\u00e9e sp\u00e9ciale.","breadcrumb":{"@id":"https:\/\/www.koonings.com\/fr\/product\/ramona-koonings-couture-kn2513-1-dorothy\/#breadcrumb"},"inLanguage":"fr-FR","potentialAction":[{"@type":"ReadAction","target":["https:\/\/www.koonings.com\/fr\/product\/ramona-koonings-couture-kn2513-1-dorothy\/"]}]},{"@type":"ImageObject","inLanguage":"fr-FR","@id":"https:\/\/www.koonings.com\/fr\/product\/ramona-koonings-couture-kn2513-1-dorothy\/#primaryimage","url":"https:\/\/www.koonings.com\/wp-content\/uploads\/2025\/03\/40141_eae0368574283cce982988824329288a433d698718b4d95db27b460518b6708b5432ec75-scaled.jpeg","contentUrl":"https:\/\/www.koonings.com\/wp-content\/uploads\/2025\/03\/40141_eae0368574283cce982988824329288a433d698718b4d95db27b460518b6708b5432ec75-scaled.jpeg","width":1810,"height":2560},{"@type":"BreadcrumbList","@id":"https:\/\/www.koonings.com\/fr\/product\/ramona-koonings-couture-kn2513-1-dorothy\/#breadcrumb","itemListElement":[{"@type":"ListItem","position":1,"name":"Home","item":"https:\/\/www.koonings.com\/fr\/"},{"@type":"ListItem","position":2,"name":"Ramona Koonings Couture KN2513-1 Dorothy"}]},{"@type":"WebSite","@id":"https:\/\/www.koonings.com\/fr\/#website","url":"https:\/\/www.koonings.com\/fr\/","name":"Koonings","description":"De grootste bruidsmodewinkel ter wereld","publisher":{"@id":"https:\/\/www.koonings.com\/fr\/#organization"},"potentialAction":[{"@type":"SearchAction","target":{"@type":"EntryPoint","urlTemplate":"https:\/\/www.koonings.com\/fr\/?s={search_term_string}"},"query-input":{"@type":"PropertyValueSpecification","valueRequired":true,"valueName":"search_term_string"}}],"inLanguage":"fr-FR"},{"@type":"Organization","@id":"https:\/\/www.koonings.com\/fr\/#organization","name":"Koonings","url":"https:\/\/www.koonings.com\/fr\/","logo":{"@type":"ImageObject","inLanguage":"fr-FR","@id":"https:\/\/www.koonings.com\/fr\/#\/schema\/logo\/image\/","url":"https:\/\/www.koonings.com\/wp-content\/uploads\/2024\/07\/logo.png","contentUrl":"https:\/\/www.koonings.com\/wp-content\/uploads\/2024\/07\/logo.png","width":600,"height":428,"caption":"Koonings"},"image":{"@id":"https:\/\/www.koonings.com\/fr\/#\/schema\/logo\/image\/"},"sameAs":["https:\/\/www.facebook.com\/kooningstheweddingpalace","https:\/\/www.instagram.com\/kooningstheweddingpalace","https:\/\/www.pinterest.com\/koonings","https:\/\/www.youtube.com\/kooningstheweddingpalace"]}]}},"_links":{"self":[{"href":"https:\/\/www.koonings.com\/fr\/wp-json\/wp\/v2\/product\/85048","targetHints":{"allow":["GET"]}}],"collection":[{"href":"https:\/\/www.koonings.com\/fr\/wp-json\/wp\/v2\/product"}],"about":[{"href":"https:\/\/www.koonings.com\/fr\/wp-json\/wp\/v2\/types\/product"}],"wp:featuredmedia":[{"embeddable":true,"href":"https:\/\/www.koonings.com\/fr\/wp-json\/wp\/v2\/media\/82829"}],"wp:attachment":[{"href":"https:\/\/www.koonings.com\/fr\/wp-json\/wp\/v2\/media?parent=85048"}],"wp:term":[{"taxonomy":"productdetails","embeddable":true,"href":"https:\/\/www.koonings.com\/fr\/wp-json\/wp\/v2\/productdetails?post=85048"},{"taxonomy":"productneck","embeddable":true,"href":"https:\/\/www.koonings.com\/fr\/wp-json\/wp\/v2\/productneck?post=85048"},{"taxonomy":"productcolor","embeddable":true,"href":"https:\/\/www.koonings.com\/fr\/wp-json\/wp\/v2\/productcolor?post=85048"},{"taxonomy":"maat","embeddable":true,"href":"https:\/\/www.koonings.com\/fr\/wp-json\/wp\/v2\/maat?post=85048"},{"taxonomy":"productsupplier","embeddable":true,"href":"https:\/\/www.koonings.com\/fr\/wp-json\/wp\/v2\/productsupplier?post=85048"},{"taxonomy":"productsleeve","embeddable":true,"href":"https:\/\/www.koonings.com\/fr\/wp-json\/wp\/v2\/productsleeve?post=85048"},{"taxonomy":"productcategory","embeddable":true,"href":"https:\/\/www.koonings.com\/fr\/wp-json\/wp\/v2\/productcategory?post=85048"},{"taxonomy":"productsilhouette","embeddable":true,"href":"https:\/\/www.koonings.com\/fr\/wp-json\/wp\/v2\/productsilhouette?post=85048"},{"taxonomy":"productstyle","embeddable":true,"href":"https:\/\/www.koonings.com\/fr\/wp-json\/wp\/v2\/productstyle?post=85048"}],"curies":[{"name":"wp","href":"https:\/\/api.w.org\/{rel}","templated":true}]}}