{"id":85040,"date":"2026-04-28T18:16:18","date_gmt":"2026-04-28T16:16:18","guid":{"rendered":"https:\/\/www.koonings.com\/product\/ramona-koonings-couture-kn2546-sunny\/"},"modified":"2025-06-05T13:58:30","modified_gmt":"2025-06-05T11:58:30","slug":"ramona-koonings-couture-kn2546-sunny","status":"publish","type":"product","link":"https:\/\/www.koonings.com\/fr\/product\/ramona-koonings-couture-kn2546-sunny\/","title":{"rendered":"Ramona Koonings Couture KN2546 Sunny"},"content":{"rendered":"<p>La robe de mari\u00e9e sophistiqu\u00e9e Sunny de Ramona Koonings Couture.<br \/>\nLa robe de mari\u00e9e Sunny de Ramona Koonings Couture, disponible exclusivement chez Koonings The Wedding Palace, est un choix parfait pour la mari\u00e9e qui aime un look romantique et sexy. Cette robe de couture a une coupe A-line et tombe doucement le long du corps, cr\u00e9ant un look \u00e9l\u00e9gant et fluide. Le d\u00e9collet\u00e9 en V et les bretelles luxueuses donnent \u00e0 la robe une allure sophistiqu\u00e9e et f\u00e9minine, tandis que la fente lui conf\u00e8re une touche ludique mais s\u00e9duisante.<br \/>\nLa couleur ivoire et le tulle l\u00e9ger cr\u00e9ent une allure r\u00eaveuse et a\u00e9rienne, donnant \u00e0 la mari\u00e9e un sentiment de luxe pur. La robe Sunny prend tout son sens lorsqu&#8217;elle est associ\u00e9e \u00e0 un voile luxueux, cr\u00e9ant un effet enchanteur. Cette robe est le choix id\u00e9al pour la mari\u00e9e qui souhaite briller dans un look couture \u00e0 la fois romantique et s\u00e9duisant.    <\/p>\n","protected":false},"featured_media":82889,"template":"","meta":{"_acf_changed":false,"ghostkit_customizer_options":"","ghostkit_custom_css":"","ghostkit_custom_js_head":"","ghostkit_custom_js_foot":"","ghostkit_typography":""},"productdetails":[378,381],"productneck":[356],"productcolor":[392],"maat":[],"productsupplier":[419],"productsleeve":[359],"productcategory":[18],"productsilhouette":[384,389],"productstyle":[367,366,370],"class_list":["post-85040","product","type-product","status-publish","has-post-thumbnail","hentry","productdetails-378","productdetails-381","productneck-356","productcolor-392","productsupplier-ramona-koonings-couture","productsleeve-359","productcategory-trouwjurken","productsilhouette-384","productsilhouette-389","productstyle-367","productstyle-366","productstyle-370"],"acf":[],"yoast_head":"<!-- This site is optimized with the Yoast SEO plugin v27.3 - https:\/\/yoast.com\/product\/yoast-seo-wordpress\/ -->\n<title>Ramona Koonings Couture KN2546 Sunny | Koonings<\/title>\n<meta name=\"description\" content=\"La robe de mari\u00e9e sophistiqu\u00e9e Sunny de Ramona Koonings Couture. La robe de mari\u00e9e Sunny de Ramona Koonings Couture, disponible exclusivement chez Koonings The Wedding Palace, est un choix parfait pour la mari\u00e9e qui aime un look romantique et sexy. Cette robe de couture a une coupe A-line et tombe doucement le long du corps, cr\u00e9ant un look \u00e9l\u00e9gant et fluide. Le d\u00e9collet\u00e9 en V et les bretelles luxueuses donnent \u00e0 la robe une allure sophistiqu\u00e9e et f\u00e9minine, tandis que la fente lui conf\u00e8re une touche ludique mais s\u00e9duisante. La couleur ivoire et le tulle l\u00e9ger cr\u00e9ent une allure r\u00eaveuse et a\u00e9rienne, donnant \u00e0 la mari\u00e9e un sentiment de luxe pur. La robe Sunny prend tout son sens lorsqu&#039;elle est associ\u00e9e \u00e0 un voile luxueux, cr\u00e9ant un effet enchanteur. Cette robe est le choix id\u00e9al pour la mari\u00e9e qui souhaite briller dans un look couture \u00e0 la fois romantique et s\u00e9duisant.\" \/>\n<meta name=\"robots\" content=\"index, follow, max-snippet:-1, max-image-preview:large, max-video-preview:-1\" \/>\n<link rel=\"canonical\" href=\"https:\/\/www.koonings.com\/fr\/product\/ramona-koonings-couture-kn2546-sunny\/\" \/>\n<meta property=\"og:locale\" content=\"fr_FR\" \/>\n<meta property=\"og:type\" content=\"article\" \/>\n<meta property=\"og:title\" content=\"Ramona Koonings Couture KN2546 Sunny | Koonings\" \/>\n<meta property=\"og:description\" content=\"La robe de mari\u00e9e sophistiqu\u00e9e Sunny de Ramona Koonings Couture. La robe de mari\u00e9e Sunny de Ramona Koonings Couture, disponible exclusivement chez Koonings The Wedding Palace, est un choix parfait pour la mari\u00e9e qui aime un look romantique et sexy. Cette robe de couture a une coupe A-line et tombe doucement le long du corps, cr\u00e9ant un look \u00e9l\u00e9gant et fluide. Le d\u00e9collet\u00e9 en V et les bretelles luxueuses donnent \u00e0 la robe une allure sophistiqu\u00e9e et f\u00e9minine, tandis que la fente lui conf\u00e8re une touche ludique mais s\u00e9duisante. La couleur ivoire et le tulle l\u00e9ger cr\u00e9ent une allure r\u00eaveuse et a\u00e9rienne, donnant \u00e0 la mari\u00e9e un sentiment de luxe pur. La robe Sunny prend tout son sens lorsqu&#039;elle est associ\u00e9e \u00e0 un voile luxueux, cr\u00e9ant un effet enchanteur. Cette robe est le choix id\u00e9al pour la mari\u00e9e qui souhaite briller dans un look couture \u00e0 la fois romantique et s\u00e9duisant.\" \/>\n<meta property=\"og:url\" content=\"https:\/\/www.koonings.com\/fr\/product\/ramona-koonings-couture-kn2546-sunny\/\" \/>\n<meta property=\"og:site_name\" content=\"Koonings\" \/>\n<meta property=\"article:publisher\" content=\"https:\/\/www.facebook.com\/kooningstheweddingpalace\" \/>\n<meta property=\"og:image\" content=\"https:\/\/www.koonings.com\/wp-content\/uploads\/2025\/03\/40002_b6e94d75cd882a44475b895db0daba55091429b9f32f0675b582f3be23ccb5bb9f7042f8-scaled.jpeg\" \/>\n\t<meta property=\"og:image:width\" content=\"1812\" \/>\n\t<meta property=\"og:image:height\" content=\"2560\" \/>\n\t<meta property=\"og:image:type\" content=\"image\/jpeg\" \/>\n<meta name=\"twitter:card\" content=\"summary_large_image\" \/>\n<meta name=\"twitter:label1\" content=\"Dur\u00e9e de lecture estim\u00e9e\" \/>\n\t<meta name=\"twitter:data1\" content=\"1 minute\" \/>\n<script type=\"application\/ld+json\" class=\"yoast-schema-graph\">{\"@context\":\"https:\\\/\\\/schema.org\",\"@graph\":[{\"@type\":\"WebPage\",\"@id\":\"https:\\\/\\\/www.koonings.com\\\/fr\\\/product\\\/ramona-koonings-couture-kn2546-sunny\\\/\",\"url\":\"https:\\\/\\\/www.koonings.com\\\/fr\\\/product\\\/ramona-koonings-couture-kn2546-sunny\\\/\",\"name\":\"Ramona Koonings Couture KN2546 Sunny | Koonings\",\"isPartOf\":{\"@id\":\"https:\\\/\\\/www.koonings.com\\\/fr\\\/#website\"},\"primaryImageOfPage\":{\"@id\":\"https:\\\/\\\/www.koonings.com\\\/fr\\\/product\\\/ramona-koonings-couture-kn2546-sunny\\\/#primaryimage\"},\"image\":{\"@id\":\"https:\\\/\\\/www.koonings.com\\\/fr\\\/product\\\/ramona-koonings-couture-kn2546-sunny\\\/#primaryimage\"},\"thumbnailUrl\":\"https:\\\/\\\/www.koonings.com\\\/wp-content\\\/uploads\\\/2025\\\/03\\\/40002_b6e94d75cd882a44475b895db0daba55091429b9f32f0675b582f3be23ccb5bb9f7042f8-scaled.jpeg\",\"datePublished\":\"2026-04-28T16:16:18+00:00\",\"description\":\"La robe de mari\u00e9e sophistiqu\u00e9e Sunny de Ramona Koonings Couture. La robe de mari\u00e9e Sunny de Ramona Koonings Couture, disponible exclusivement chez Koonings The Wedding Palace, est un choix parfait pour la mari\u00e9e qui aime un look romantique et sexy. Cette robe de couture a une coupe A-line et tombe doucement le long du corps, cr\u00e9ant un look \u00e9l\u00e9gant et fluide. Le d\u00e9collet\u00e9 en V et les bretelles luxueuses donnent \u00e0 la robe une allure sophistiqu\u00e9e et f\u00e9minine, tandis que la fente lui conf\u00e8re une touche ludique mais s\u00e9duisante. La couleur ivoire et le tulle l\u00e9ger cr\u00e9ent une allure r\u00eaveuse et a\u00e9rienne, donnant \u00e0 la mari\u00e9e un sentiment de luxe pur. La robe Sunny prend tout son sens lorsqu'elle est associ\u00e9e \u00e0 un voile luxueux, cr\u00e9ant un effet enchanteur. Cette robe est le choix id\u00e9al pour la mari\u00e9e qui souhaite briller dans un look couture \u00e0 la fois romantique et s\u00e9duisant.\",\"breadcrumb\":{\"@id\":\"https:\\\/\\\/www.koonings.com\\\/fr\\\/product\\\/ramona-koonings-couture-kn2546-sunny\\\/#breadcrumb\"},\"inLanguage\":\"fr-FR\",\"potentialAction\":[{\"@type\":\"ReadAction\",\"target\":[\"https:\\\/\\\/www.koonings.com\\\/fr\\\/product\\\/ramona-koonings-couture-kn2546-sunny\\\/\"]}]},{\"@type\":\"ImageObject\",\"inLanguage\":\"fr-FR\",\"@id\":\"https:\\\/\\\/www.koonings.com\\\/fr\\\/product\\\/ramona-koonings-couture-kn2546-sunny\\\/#primaryimage\",\"url\":\"https:\\\/\\\/www.koonings.com\\\/wp-content\\\/uploads\\\/2025\\\/03\\\/40002_b6e94d75cd882a44475b895db0daba55091429b9f32f0675b582f3be23ccb5bb9f7042f8-scaled.jpeg\",\"contentUrl\":\"https:\\\/\\\/www.koonings.com\\\/wp-content\\\/uploads\\\/2025\\\/03\\\/40002_b6e94d75cd882a44475b895db0daba55091429b9f32f0675b582f3be23ccb5bb9f7042f8-scaled.jpeg\",\"width\":1812,\"height\":2560},{\"@type\":\"BreadcrumbList\",\"@id\":\"https:\\\/\\\/www.koonings.com\\\/fr\\\/product\\\/ramona-koonings-couture-kn2546-sunny\\\/#breadcrumb\",\"itemListElement\":[{\"@type\":\"ListItem\",\"position\":1,\"name\":\"Home\",\"item\":\"https:\\\/\\\/www.koonings.com\\\/fr\\\/\"},{\"@type\":\"ListItem\",\"position\":2,\"name\":\"Ramona Koonings Couture KN2546 Sunny\"}]},{\"@type\":\"WebSite\",\"@id\":\"https:\\\/\\\/www.koonings.com\\\/fr\\\/#website\",\"url\":\"https:\\\/\\\/www.koonings.com\\\/fr\\\/\",\"name\":\"Koonings\",\"description\":\"De grootste bruidsmodewinkel ter wereld\",\"publisher\":{\"@id\":\"https:\\\/\\\/www.koonings.com\\\/fr\\\/#organization\"},\"potentialAction\":[{\"@type\":\"SearchAction\",\"target\":{\"@type\":\"EntryPoint\",\"urlTemplate\":\"https:\\\/\\\/www.koonings.com\\\/fr\\\/?s={search_term_string}\"},\"query-input\":{\"@type\":\"PropertyValueSpecification\",\"valueRequired\":true,\"valueName\":\"search_term_string\"}}],\"inLanguage\":\"fr-FR\"},{\"@type\":\"Organization\",\"@id\":\"https:\\\/\\\/www.koonings.com\\\/fr\\\/#organization\",\"name\":\"Koonings\",\"url\":\"https:\\\/\\\/www.koonings.com\\\/fr\\\/\",\"logo\":{\"@type\":\"ImageObject\",\"inLanguage\":\"fr-FR\",\"@id\":\"https:\\\/\\\/www.koonings.com\\\/fr\\\/#\\\/schema\\\/logo\\\/image\\\/\",\"url\":\"https:\\\/\\\/www.koonings.com\\\/wp-content\\\/uploads\\\/2024\\\/07\\\/logo.png\",\"contentUrl\":\"https:\\\/\\\/www.koonings.com\\\/wp-content\\\/uploads\\\/2024\\\/07\\\/logo.png\",\"width\":600,\"height\":428,\"caption\":\"Koonings\"},\"image\":{\"@id\":\"https:\\\/\\\/www.koonings.com\\\/fr\\\/#\\\/schema\\\/logo\\\/image\\\/\"},\"sameAs\":[\"https:\\\/\\\/www.facebook.com\\\/kooningstheweddingpalace\",\"https:\\\/\\\/www.instagram.com\\\/kooningstheweddingpalace\",\"https:\\\/\\\/www.pinterest.com\\\/koonings\",\"https:\\\/\\\/www.youtube.com\\\/kooningstheweddingpalace\"]}]}<\/script>\n<!-- \/ Yoast SEO plugin. -->","yoast_head_json":{"title":"Ramona Koonings Couture KN2546 Sunny | Koonings","description":"La robe de mari\u00e9e sophistiqu\u00e9e Sunny de Ramona Koonings Couture. La robe de mari\u00e9e Sunny de Ramona Koonings Couture, disponible exclusivement chez Koonings The Wedding Palace, est un choix parfait pour la mari\u00e9e qui aime un look romantique et sexy. Cette robe de couture a une coupe A-line et tombe doucement le long du corps, cr\u00e9ant un look \u00e9l\u00e9gant et fluide. Le d\u00e9collet\u00e9 en V et les bretelles luxueuses donnent \u00e0 la robe une allure sophistiqu\u00e9e et f\u00e9minine, tandis que la fente lui conf\u00e8re une touche ludique mais s\u00e9duisante. La couleur ivoire et le tulle l\u00e9ger cr\u00e9ent une allure r\u00eaveuse et a\u00e9rienne, donnant \u00e0 la mari\u00e9e un sentiment de luxe pur. La robe Sunny prend tout son sens lorsqu'elle est associ\u00e9e \u00e0 un voile luxueux, cr\u00e9ant un effet enchanteur. Cette robe est le choix id\u00e9al pour la mari\u00e9e qui souhaite briller dans un look couture \u00e0 la fois romantique et s\u00e9duisant.","robots":{"index":"index","follow":"follow","max-snippet":"max-snippet:-1","max-image-preview":"max-image-preview:large","max-video-preview":"max-video-preview:-1"},"canonical":"https:\/\/www.koonings.com\/fr\/product\/ramona-koonings-couture-kn2546-sunny\/","og_locale":"fr_FR","og_type":"article","og_title":"Ramona Koonings Couture KN2546 Sunny | Koonings","og_description":"La robe de mari\u00e9e sophistiqu\u00e9e Sunny de Ramona Koonings Couture. La robe de mari\u00e9e Sunny de Ramona Koonings Couture, disponible exclusivement chez Koonings The Wedding Palace, est un choix parfait pour la mari\u00e9e qui aime un look romantique et sexy. Cette robe de couture a une coupe A-line et tombe doucement le long du corps, cr\u00e9ant un look \u00e9l\u00e9gant et fluide. Le d\u00e9collet\u00e9 en V et les bretelles luxueuses donnent \u00e0 la robe une allure sophistiqu\u00e9e et f\u00e9minine, tandis que la fente lui conf\u00e8re une touche ludique mais s\u00e9duisante. La couleur ivoire et le tulle l\u00e9ger cr\u00e9ent une allure r\u00eaveuse et a\u00e9rienne, donnant \u00e0 la mari\u00e9e un sentiment de luxe pur. La robe Sunny prend tout son sens lorsqu'elle est associ\u00e9e \u00e0 un voile luxueux, cr\u00e9ant un effet enchanteur. Cette robe est le choix id\u00e9al pour la mari\u00e9e qui souhaite briller dans un look couture \u00e0 la fois romantique et s\u00e9duisant.","og_url":"https:\/\/www.koonings.com\/fr\/product\/ramona-koonings-couture-kn2546-sunny\/","og_site_name":"Koonings","article_publisher":"https:\/\/www.facebook.com\/kooningstheweddingpalace","og_image":[{"width":1812,"height":2560,"url":"https:\/\/www.koonings.com\/wp-content\/uploads\/2025\/03\/40002_b6e94d75cd882a44475b895db0daba55091429b9f32f0675b582f3be23ccb5bb9f7042f8-scaled.jpeg","type":"image\/jpeg"}],"twitter_card":"summary_large_image","twitter_misc":{"Dur\u00e9e de lecture estim\u00e9e":"1 minute"},"schema":{"@context":"https:\/\/schema.org","@graph":[{"@type":"WebPage","@id":"https:\/\/www.koonings.com\/fr\/product\/ramona-koonings-couture-kn2546-sunny\/","url":"https:\/\/www.koonings.com\/fr\/product\/ramona-koonings-couture-kn2546-sunny\/","name":"Ramona Koonings Couture KN2546 Sunny | Koonings","isPartOf":{"@id":"https:\/\/www.koonings.com\/fr\/#website"},"primaryImageOfPage":{"@id":"https:\/\/www.koonings.com\/fr\/product\/ramona-koonings-couture-kn2546-sunny\/#primaryimage"},"image":{"@id":"https:\/\/www.koonings.com\/fr\/product\/ramona-koonings-couture-kn2546-sunny\/#primaryimage"},"thumbnailUrl":"https:\/\/www.koonings.com\/wp-content\/uploads\/2025\/03\/40002_b6e94d75cd882a44475b895db0daba55091429b9f32f0675b582f3be23ccb5bb9f7042f8-scaled.jpeg","datePublished":"2026-04-28T16:16:18+00:00","description":"La robe de mari\u00e9e sophistiqu\u00e9e Sunny de Ramona Koonings Couture. La robe de mari\u00e9e Sunny de Ramona Koonings Couture, disponible exclusivement chez Koonings The Wedding Palace, est un choix parfait pour la mari\u00e9e qui aime un look romantique et sexy. Cette robe de couture a une coupe A-line et tombe doucement le long du corps, cr\u00e9ant un look \u00e9l\u00e9gant et fluide. Le d\u00e9collet\u00e9 en V et les bretelles luxueuses donnent \u00e0 la robe une allure sophistiqu\u00e9e et f\u00e9minine, tandis que la fente lui conf\u00e8re une touche ludique mais s\u00e9duisante. La couleur ivoire et le tulle l\u00e9ger cr\u00e9ent une allure r\u00eaveuse et a\u00e9rienne, donnant \u00e0 la mari\u00e9e un sentiment de luxe pur. La robe Sunny prend tout son sens lorsqu'elle est associ\u00e9e \u00e0 un voile luxueux, cr\u00e9ant un effet enchanteur. Cette robe est le choix id\u00e9al pour la mari\u00e9e qui souhaite briller dans un look couture \u00e0 la fois romantique et s\u00e9duisant.","breadcrumb":{"@id":"https:\/\/www.koonings.com\/fr\/product\/ramona-koonings-couture-kn2546-sunny\/#breadcrumb"},"inLanguage":"fr-FR","potentialAction":[{"@type":"ReadAction","target":["https:\/\/www.koonings.com\/fr\/product\/ramona-koonings-couture-kn2546-sunny\/"]}]},{"@type":"ImageObject","inLanguage":"fr-FR","@id":"https:\/\/www.koonings.com\/fr\/product\/ramona-koonings-couture-kn2546-sunny\/#primaryimage","url":"https:\/\/www.koonings.com\/wp-content\/uploads\/2025\/03\/40002_b6e94d75cd882a44475b895db0daba55091429b9f32f0675b582f3be23ccb5bb9f7042f8-scaled.jpeg","contentUrl":"https:\/\/www.koonings.com\/wp-content\/uploads\/2025\/03\/40002_b6e94d75cd882a44475b895db0daba55091429b9f32f0675b582f3be23ccb5bb9f7042f8-scaled.jpeg","width":1812,"height":2560},{"@type":"BreadcrumbList","@id":"https:\/\/www.koonings.com\/fr\/product\/ramona-koonings-couture-kn2546-sunny\/#breadcrumb","itemListElement":[{"@type":"ListItem","position":1,"name":"Home","item":"https:\/\/www.koonings.com\/fr\/"},{"@type":"ListItem","position":2,"name":"Ramona Koonings Couture KN2546 Sunny"}]},{"@type":"WebSite","@id":"https:\/\/www.koonings.com\/fr\/#website","url":"https:\/\/www.koonings.com\/fr\/","name":"Koonings","description":"De grootste bruidsmodewinkel ter wereld","publisher":{"@id":"https:\/\/www.koonings.com\/fr\/#organization"},"potentialAction":[{"@type":"SearchAction","target":{"@type":"EntryPoint","urlTemplate":"https:\/\/www.koonings.com\/fr\/?s={search_term_string}"},"query-input":{"@type":"PropertyValueSpecification","valueRequired":true,"valueName":"search_term_string"}}],"inLanguage":"fr-FR"},{"@type":"Organization","@id":"https:\/\/www.koonings.com\/fr\/#organization","name":"Koonings","url":"https:\/\/www.koonings.com\/fr\/","logo":{"@type":"ImageObject","inLanguage":"fr-FR","@id":"https:\/\/www.koonings.com\/fr\/#\/schema\/logo\/image\/","url":"https:\/\/www.koonings.com\/wp-content\/uploads\/2024\/07\/logo.png","contentUrl":"https:\/\/www.koonings.com\/wp-content\/uploads\/2024\/07\/logo.png","width":600,"height":428,"caption":"Koonings"},"image":{"@id":"https:\/\/www.koonings.com\/fr\/#\/schema\/logo\/image\/"},"sameAs":["https:\/\/www.facebook.com\/kooningstheweddingpalace","https:\/\/www.instagram.com\/kooningstheweddingpalace","https:\/\/www.pinterest.com\/koonings","https:\/\/www.youtube.com\/kooningstheweddingpalace"]}]}},"_links":{"self":[{"href":"https:\/\/www.koonings.com\/fr\/wp-json\/wp\/v2\/product\/85040","targetHints":{"allow":["GET"]}}],"collection":[{"href":"https:\/\/www.koonings.com\/fr\/wp-json\/wp\/v2\/product"}],"about":[{"href":"https:\/\/www.koonings.com\/fr\/wp-json\/wp\/v2\/types\/product"}],"wp:featuredmedia":[{"embeddable":true,"href":"https:\/\/www.koonings.com\/fr\/wp-json\/wp\/v2\/media\/82889"}],"wp:attachment":[{"href":"https:\/\/www.koonings.com\/fr\/wp-json\/wp\/v2\/media?parent=85040"}],"wp:term":[{"taxonomy":"productdetails","embeddable":true,"href":"https:\/\/www.koonings.com\/fr\/wp-json\/wp\/v2\/productdetails?post=85040"},{"taxonomy":"productneck","embeddable":true,"href":"https:\/\/www.koonings.com\/fr\/wp-json\/wp\/v2\/productneck?post=85040"},{"taxonomy":"productcolor","embeddable":true,"href":"https:\/\/www.koonings.com\/fr\/wp-json\/wp\/v2\/productcolor?post=85040"},{"taxonomy":"maat","embeddable":true,"href":"https:\/\/www.koonings.com\/fr\/wp-json\/wp\/v2\/maat?post=85040"},{"taxonomy":"productsupplier","embeddable":true,"href":"https:\/\/www.koonings.com\/fr\/wp-json\/wp\/v2\/productsupplier?post=85040"},{"taxonomy":"productsleeve","embeddable":true,"href":"https:\/\/www.koonings.com\/fr\/wp-json\/wp\/v2\/productsleeve?post=85040"},{"taxonomy":"productcategory","embeddable":true,"href":"https:\/\/www.koonings.com\/fr\/wp-json\/wp\/v2\/productcategory?post=85040"},{"taxonomy":"productsilhouette","embeddable":true,"href":"https:\/\/www.koonings.com\/fr\/wp-json\/wp\/v2\/productsilhouette?post=85040"},{"taxonomy":"productstyle","embeddable":true,"href":"https:\/\/www.koonings.com\/fr\/wp-json\/wp\/v2\/productstyle?post=85040"}],"curies":[{"name":"wp","href":"https:\/\/api.w.org\/{rel}","templated":true}]}}