{"id":85037,"date":"2026-04-28T18:16:18","date_gmt":"2026-04-28T16:16:18","guid":{"rendered":"https:\/\/www.koonings.com\/product\/ramona-koonings-couture-kn2552-zhao\/"},"modified":"2026-02-16T15:12:24","modified_gmt":"2026-02-16T14:12:24","slug":"ramona-koonings-couture-kn2552-zhao","status":"publish","type":"product","link":"https:\/\/www.koonings.com\/fr\/product\/ramona-koonings-couture-kn2552-zhao\/","title":{"rendered":"Ramona Koonings Couture KN2552 Zhao"},"content":{"rendered":"<p>L&#8217;enchanteresse robe de mari\u00e9e Zhao de Ramona Koonings Couture.<br \/>\nLa robe de mari\u00e9e Zhao de Ramona Koonings Couture, disponible exclusivement chez Koonings The Wedding Palace, est le choix parfait pour la mari\u00e9e qui recherche un look romantique et sophistiqu\u00e9 avec un attrait couture. Cette robe combine l&#8217;\u00e9l\u00e9gante ligne A et la coupe sir\u00e8ne, qui accentuent magnifiquement la silhouette f\u00e9minine et cr\u00e9ent un look \u00e0 couper le souffle.<br \/>\nLe profond d\u00e9collet\u00e9 en V ajoute une touche subtile et s\u00e9duisante, tandis que les bretelles garantissent un ajustement parfait et une \u00e9l\u00e9gance accrue. La couleur ivoire de la robe donne une impression de r\u00eave et de sophistication. Ce qui rend la robe de mari\u00e9e Zhao vraiment unique, ce sont les d\u00e9licates fleurs en 3D qui ornent la robe, cr\u00e9ant un effet romantique et artistique. Le tulle l\u00e9ger rend la robe a\u00e9rienne et lui donne un mouvement de r\u00eave \u00e0 chaque pas.<br \/>\nCette robe couture est id\u00e9ale pour la mari\u00e9e qui veut briller dans un style romantique mais sophistiqu\u00e9, avec des d\u00e9tails luxueux qui lui donnent une beaut\u00e9 intemporelle pour son grand jour. D\u00e9couvrez la robe de mari\u00e9e Zhao de Ramona Koonings Couture chez Koonings The Wedding Palace et sentez-vous comme une v\u00e9ritable princesse.     <\/p>\n","protected":false},"featured_media":82880,"template":"","meta":{"_acf_changed":false,"ghostkit_customizer_options":"","ghostkit_custom_css":"","ghostkit_custom_js_head":"","ghostkit_custom_js_foot":"","ghostkit_typography":""},"productdetails":[379,381],"productneck":[356],"productcolor":[392],"maat":[],"productsupplier":[419],"productsleeve":[359],"productcategory":[18],"productsilhouette":[384,387],"productstyle":[367,366],"class_list":["post-85037","product","type-product","status-publish","has-post-thumbnail","hentry","productdetails-379","productdetails-381","productneck-356","productcolor-392","productsupplier-ramona-koonings-couture","productsleeve-359","productcategory-trouwjurken","productsilhouette-384","productsilhouette-387","productstyle-367","productstyle-366"],"acf":[],"yoast_head":"<!-- This site is optimized with the Yoast SEO plugin v27.3 - https:\/\/yoast.com\/product\/yoast-seo-wordpress\/ -->\n<title>Ramona Koonings Couture KN2552 Zhao | Koonings<\/title>\n<meta name=\"description\" content=\"L&#039;enchanteresse robe de mari\u00e9e Zhao de Ramona Koonings Couture. La robe de mari\u00e9e Zhao de Ramona Koonings Couture, disponible exclusivement chez Koonings The Wedding Palace, est le choix parfait pour la mari\u00e9e qui recherche un look romantique et sophistiqu\u00e9 avec un attrait couture. Cette robe combine l&#039;\u00e9l\u00e9gante ligne A et la coupe sir\u00e8ne, qui accentuent magnifiquement la silhouette f\u00e9minine et cr\u00e9ent un look \u00e0 couper le souffle. Le profond d\u00e9collet\u00e9 en V ajoute une touche subtile et s\u00e9duisante, tandis que les bretelles garantissent un ajustement parfait et une \u00e9l\u00e9gance accrue. La couleur ivoire de la robe donne une impression de r\u00eave et de sophistication. Ce qui rend la robe de mari\u00e9e Zhao vraiment unique, ce sont les d\u00e9licates fleurs en 3D qui ornent la robe, cr\u00e9ant un effet romantique et artistique. Le tulle l\u00e9ger rend la robe a\u00e9rienne et lui donne un mouvement de r\u00eave \u00e0 chaque pas. Cette robe couture est id\u00e9ale pour la mari\u00e9e qui veut briller dans un style romantique mais sophistiqu\u00e9, avec des d\u00e9tails luxueux qui lui donnent une beaut\u00e9 intemporelle pour son grand jour. D\u00e9couvrez la robe de mari\u00e9e Zhao de Ramona Koonings Couture chez Koonings The Wedding Palace et sentez-vous comme une v\u00e9ritable princesse.\" \/>\n<meta name=\"robots\" content=\"index, follow, max-snippet:-1, max-image-preview:large, max-video-preview:-1\" \/>\n<link rel=\"canonical\" href=\"https:\/\/www.koonings.com\/fr\/product\/ramona-koonings-couture-kn2552-zhao\/\" \/>\n<meta property=\"og:locale\" content=\"fr_FR\" \/>\n<meta property=\"og:type\" content=\"article\" \/>\n<meta property=\"og:title\" content=\"Ramona Koonings Couture KN2552 Zhao | Koonings\" \/>\n<meta property=\"og:description\" content=\"L&#039;enchanteresse robe de mari\u00e9e Zhao de Ramona Koonings Couture. La robe de mari\u00e9e Zhao de Ramona Koonings Couture, disponible exclusivement chez Koonings The Wedding Palace, est le choix parfait pour la mari\u00e9e qui recherche un look romantique et sophistiqu\u00e9 avec un attrait couture. Cette robe combine l&#039;\u00e9l\u00e9gante ligne A et la coupe sir\u00e8ne, qui accentuent magnifiquement la silhouette f\u00e9minine et cr\u00e9ent un look \u00e0 couper le souffle. Le profond d\u00e9collet\u00e9 en V ajoute une touche subtile et s\u00e9duisante, tandis que les bretelles garantissent un ajustement parfait et une \u00e9l\u00e9gance accrue. La couleur ivoire de la robe donne une impression de r\u00eave et de sophistication. Ce qui rend la robe de mari\u00e9e Zhao vraiment unique, ce sont les d\u00e9licates fleurs en 3D qui ornent la robe, cr\u00e9ant un effet romantique et artistique. Le tulle l\u00e9ger rend la robe a\u00e9rienne et lui donne un mouvement de r\u00eave \u00e0 chaque pas. Cette robe couture est id\u00e9ale pour la mari\u00e9e qui veut briller dans un style romantique mais sophistiqu\u00e9, avec des d\u00e9tails luxueux qui lui donnent une beaut\u00e9 intemporelle pour son grand jour. D\u00e9couvrez la robe de mari\u00e9e Zhao de Ramona Koonings Couture chez Koonings The Wedding Palace et sentez-vous comme une v\u00e9ritable princesse.\" \/>\n<meta property=\"og:url\" content=\"https:\/\/www.koonings.com\/fr\/product\/ramona-koonings-couture-kn2552-zhao\/\" \/>\n<meta property=\"og:site_name\" content=\"Koonings\" \/>\n<meta property=\"article:publisher\" content=\"https:\/\/www.facebook.com\/kooningstheweddingpalace\" \/>\n<meta property=\"og:image\" content=\"https:\/\/www.koonings.com\/wp-content\/uploads\/2025\/03\/39995_1e38e0ae51278f00a933f18e84c44f869d238c1e6170a3420ed2caef55813477f71432e7-scaled.jpeg\" \/>\n\t<meta property=\"og:image:width\" content=\"1814\" \/>\n\t<meta property=\"og:image:height\" content=\"2560\" \/>\n\t<meta property=\"og:image:type\" content=\"image\/jpeg\" \/>\n<meta name=\"twitter:card\" content=\"summary_large_image\" \/>\n<meta name=\"twitter:label1\" content=\"Dur\u00e9e de lecture estim\u00e9e\" \/>\n\t<meta name=\"twitter:data1\" content=\"1 minute\" \/>\n<script type=\"application\/ld+json\" class=\"yoast-schema-graph\">{\"@context\":\"https:\\\/\\\/schema.org\",\"@graph\":[{\"@type\":\"WebPage\",\"@id\":\"https:\\\/\\\/www.koonings.com\\\/fr\\\/product\\\/ramona-koonings-couture-kn2552-zhao\\\/\",\"url\":\"https:\\\/\\\/www.koonings.com\\\/fr\\\/product\\\/ramona-koonings-couture-kn2552-zhao\\\/\",\"name\":\"Ramona Koonings Couture KN2552 Zhao | Koonings\",\"isPartOf\":{\"@id\":\"https:\\\/\\\/www.koonings.com\\\/fr\\\/#website\"},\"primaryImageOfPage\":{\"@id\":\"https:\\\/\\\/www.koonings.com\\\/fr\\\/product\\\/ramona-koonings-couture-kn2552-zhao\\\/#primaryimage\"},\"image\":{\"@id\":\"https:\\\/\\\/www.koonings.com\\\/fr\\\/product\\\/ramona-koonings-couture-kn2552-zhao\\\/#primaryimage\"},\"thumbnailUrl\":\"https:\\\/\\\/www.koonings.com\\\/wp-content\\\/uploads\\\/2025\\\/03\\\/39995_1e38e0ae51278f00a933f18e84c44f869d238c1e6170a3420ed2caef55813477f71432e7-scaled.jpeg\",\"datePublished\":\"2026-04-28T16:16:18+00:00\",\"description\":\"L'enchanteresse robe de mari\u00e9e Zhao de Ramona Koonings Couture. La robe de mari\u00e9e Zhao de Ramona Koonings Couture, disponible exclusivement chez Koonings The Wedding Palace, est le choix parfait pour la mari\u00e9e qui recherche un look romantique et sophistiqu\u00e9 avec un attrait couture. Cette robe combine l'\u00e9l\u00e9gante ligne A et la coupe sir\u00e8ne, qui accentuent magnifiquement la silhouette f\u00e9minine et cr\u00e9ent un look \u00e0 couper le souffle. Le profond d\u00e9collet\u00e9 en V ajoute une touche subtile et s\u00e9duisante, tandis que les bretelles garantissent un ajustement parfait et une \u00e9l\u00e9gance accrue. La couleur ivoire de la robe donne une impression de r\u00eave et de sophistication. Ce qui rend la robe de mari\u00e9e Zhao vraiment unique, ce sont les d\u00e9licates fleurs en 3D qui ornent la robe, cr\u00e9ant un effet romantique et artistique. Le tulle l\u00e9ger rend la robe a\u00e9rienne et lui donne un mouvement de r\u00eave \u00e0 chaque pas. Cette robe couture est id\u00e9ale pour la mari\u00e9e qui veut briller dans un style romantique mais sophistiqu\u00e9, avec des d\u00e9tails luxueux qui lui donnent une beaut\u00e9 intemporelle pour son grand jour. D\u00e9couvrez la robe de mari\u00e9e Zhao de Ramona Koonings Couture chez Koonings The Wedding Palace et sentez-vous comme une v\u00e9ritable princesse.\",\"breadcrumb\":{\"@id\":\"https:\\\/\\\/www.koonings.com\\\/fr\\\/product\\\/ramona-koonings-couture-kn2552-zhao\\\/#breadcrumb\"},\"inLanguage\":\"fr-FR\",\"potentialAction\":[{\"@type\":\"ReadAction\",\"target\":[\"https:\\\/\\\/www.koonings.com\\\/fr\\\/product\\\/ramona-koonings-couture-kn2552-zhao\\\/\"]}]},{\"@type\":\"ImageObject\",\"inLanguage\":\"fr-FR\",\"@id\":\"https:\\\/\\\/www.koonings.com\\\/fr\\\/product\\\/ramona-koonings-couture-kn2552-zhao\\\/#primaryimage\",\"url\":\"https:\\\/\\\/www.koonings.com\\\/wp-content\\\/uploads\\\/2025\\\/03\\\/39995_1e38e0ae51278f00a933f18e84c44f869d238c1e6170a3420ed2caef55813477f71432e7-scaled.jpeg\",\"contentUrl\":\"https:\\\/\\\/www.koonings.com\\\/wp-content\\\/uploads\\\/2025\\\/03\\\/39995_1e38e0ae51278f00a933f18e84c44f869d238c1e6170a3420ed2caef55813477f71432e7-scaled.jpeg\",\"width\":1814,\"height\":2560},{\"@type\":\"BreadcrumbList\",\"@id\":\"https:\\\/\\\/www.koonings.com\\\/fr\\\/product\\\/ramona-koonings-couture-kn2552-zhao\\\/#breadcrumb\",\"itemListElement\":[{\"@type\":\"ListItem\",\"position\":1,\"name\":\"Home\",\"item\":\"https:\\\/\\\/www.koonings.com\\\/fr\\\/\"},{\"@type\":\"ListItem\",\"position\":2,\"name\":\"Ramona Koonings Couture KN2552 Zhao\"}]},{\"@type\":\"WebSite\",\"@id\":\"https:\\\/\\\/www.koonings.com\\\/fr\\\/#website\",\"url\":\"https:\\\/\\\/www.koonings.com\\\/fr\\\/\",\"name\":\"Koonings\",\"description\":\"De grootste bruidsmodewinkel ter wereld\",\"publisher\":{\"@id\":\"https:\\\/\\\/www.koonings.com\\\/fr\\\/#organization\"},\"potentialAction\":[{\"@type\":\"SearchAction\",\"target\":{\"@type\":\"EntryPoint\",\"urlTemplate\":\"https:\\\/\\\/www.koonings.com\\\/fr\\\/?s={search_term_string}\"},\"query-input\":{\"@type\":\"PropertyValueSpecification\",\"valueRequired\":true,\"valueName\":\"search_term_string\"}}],\"inLanguage\":\"fr-FR\"},{\"@type\":\"Organization\",\"@id\":\"https:\\\/\\\/www.koonings.com\\\/fr\\\/#organization\",\"name\":\"Koonings\",\"url\":\"https:\\\/\\\/www.koonings.com\\\/fr\\\/\",\"logo\":{\"@type\":\"ImageObject\",\"inLanguage\":\"fr-FR\",\"@id\":\"https:\\\/\\\/www.koonings.com\\\/fr\\\/#\\\/schema\\\/logo\\\/image\\\/\",\"url\":\"https:\\\/\\\/www.koonings.com\\\/wp-content\\\/uploads\\\/2024\\\/07\\\/logo.png\",\"contentUrl\":\"https:\\\/\\\/www.koonings.com\\\/wp-content\\\/uploads\\\/2024\\\/07\\\/logo.png\",\"width\":600,\"height\":428,\"caption\":\"Koonings\"},\"image\":{\"@id\":\"https:\\\/\\\/www.koonings.com\\\/fr\\\/#\\\/schema\\\/logo\\\/image\\\/\"},\"sameAs\":[\"https:\\\/\\\/www.facebook.com\\\/kooningstheweddingpalace\",\"https:\\\/\\\/www.instagram.com\\\/kooningstheweddingpalace\",\"https:\\\/\\\/www.pinterest.com\\\/koonings\",\"https:\\\/\\\/www.youtube.com\\\/kooningstheweddingpalace\"]}]}<\/script>\n<!-- \/ Yoast SEO plugin. -->","yoast_head_json":{"title":"Ramona Koonings Couture KN2552 Zhao | Koonings","description":"L'enchanteresse robe de mari\u00e9e Zhao de Ramona Koonings Couture. La robe de mari\u00e9e Zhao de Ramona Koonings Couture, disponible exclusivement chez Koonings The Wedding Palace, est le choix parfait pour la mari\u00e9e qui recherche un look romantique et sophistiqu\u00e9 avec un attrait couture. Cette robe combine l'\u00e9l\u00e9gante ligne A et la coupe sir\u00e8ne, qui accentuent magnifiquement la silhouette f\u00e9minine et cr\u00e9ent un look \u00e0 couper le souffle. Le profond d\u00e9collet\u00e9 en V ajoute une touche subtile et s\u00e9duisante, tandis que les bretelles garantissent un ajustement parfait et une \u00e9l\u00e9gance accrue. La couleur ivoire de la robe donne une impression de r\u00eave et de sophistication. Ce qui rend la robe de mari\u00e9e Zhao vraiment unique, ce sont les d\u00e9licates fleurs en 3D qui ornent la robe, cr\u00e9ant un effet romantique et artistique. Le tulle l\u00e9ger rend la robe a\u00e9rienne et lui donne un mouvement de r\u00eave \u00e0 chaque pas. Cette robe couture est id\u00e9ale pour la mari\u00e9e qui veut briller dans un style romantique mais sophistiqu\u00e9, avec des d\u00e9tails luxueux qui lui donnent une beaut\u00e9 intemporelle pour son grand jour. D\u00e9couvrez la robe de mari\u00e9e Zhao de Ramona Koonings Couture chez Koonings The Wedding Palace et sentez-vous comme une v\u00e9ritable princesse.","robots":{"index":"index","follow":"follow","max-snippet":"max-snippet:-1","max-image-preview":"max-image-preview:large","max-video-preview":"max-video-preview:-1"},"canonical":"https:\/\/www.koonings.com\/fr\/product\/ramona-koonings-couture-kn2552-zhao\/","og_locale":"fr_FR","og_type":"article","og_title":"Ramona Koonings Couture KN2552 Zhao | Koonings","og_description":"L'enchanteresse robe de mari\u00e9e Zhao de Ramona Koonings Couture. La robe de mari\u00e9e Zhao de Ramona Koonings Couture, disponible exclusivement chez Koonings The Wedding Palace, est le choix parfait pour la mari\u00e9e qui recherche un look romantique et sophistiqu\u00e9 avec un attrait couture. Cette robe combine l'\u00e9l\u00e9gante ligne A et la coupe sir\u00e8ne, qui accentuent magnifiquement la silhouette f\u00e9minine et cr\u00e9ent un look \u00e0 couper le souffle. Le profond d\u00e9collet\u00e9 en V ajoute une touche subtile et s\u00e9duisante, tandis que les bretelles garantissent un ajustement parfait et une \u00e9l\u00e9gance accrue. La couleur ivoire de la robe donne une impression de r\u00eave et de sophistication. Ce qui rend la robe de mari\u00e9e Zhao vraiment unique, ce sont les d\u00e9licates fleurs en 3D qui ornent la robe, cr\u00e9ant un effet romantique et artistique. Le tulle l\u00e9ger rend la robe a\u00e9rienne et lui donne un mouvement de r\u00eave \u00e0 chaque pas. Cette robe couture est id\u00e9ale pour la mari\u00e9e qui veut briller dans un style romantique mais sophistiqu\u00e9, avec des d\u00e9tails luxueux qui lui donnent une beaut\u00e9 intemporelle pour son grand jour. D\u00e9couvrez la robe de mari\u00e9e Zhao de Ramona Koonings Couture chez Koonings The Wedding Palace et sentez-vous comme une v\u00e9ritable princesse.","og_url":"https:\/\/www.koonings.com\/fr\/product\/ramona-koonings-couture-kn2552-zhao\/","og_site_name":"Koonings","article_publisher":"https:\/\/www.facebook.com\/kooningstheweddingpalace","og_image":[{"width":1814,"height":2560,"url":"https:\/\/www.koonings.com\/wp-content\/uploads\/2025\/03\/39995_1e38e0ae51278f00a933f18e84c44f869d238c1e6170a3420ed2caef55813477f71432e7-scaled.jpeg","type":"image\/jpeg"}],"twitter_card":"summary_large_image","twitter_misc":{"Dur\u00e9e de lecture estim\u00e9e":"1 minute"},"schema":{"@context":"https:\/\/schema.org","@graph":[{"@type":"WebPage","@id":"https:\/\/www.koonings.com\/fr\/product\/ramona-koonings-couture-kn2552-zhao\/","url":"https:\/\/www.koonings.com\/fr\/product\/ramona-koonings-couture-kn2552-zhao\/","name":"Ramona Koonings Couture KN2552 Zhao | Koonings","isPartOf":{"@id":"https:\/\/www.koonings.com\/fr\/#website"},"primaryImageOfPage":{"@id":"https:\/\/www.koonings.com\/fr\/product\/ramona-koonings-couture-kn2552-zhao\/#primaryimage"},"image":{"@id":"https:\/\/www.koonings.com\/fr\/product\/ramona-koonings-couture-kn2552-zhao\/#primaryimage"},"thumbnailUrl":"https:\/\/www.koonings.com\/wp-content\/uploads\/2025\/03\/39995_1e38e0ae51278f00a933f18e84c44f869d238c1e6170a3420ed2caef55813477f71432e7-scaled.jpeg","datePublished":"2026-04-28T16:16:18+00:00","description":"L'enchanteresse robe de mari\u00e9e Zhao de Ramona Koonings Couture. La robe de mari\u00e9e Zhao de Ramona Koonings Couture, disponible exclusivement chez Koonings The Wedding Palace, est le choix parfait pour la mari\u00e9e qui recherche un look romantique et sophistiqu\u00e9 avec un attrait couture. Cette robe combine l'\u00e9l\u00e9gante ligne A et la coupe sir\u00e8ne, qui accentuent magnifiquement la silhouette f\u00e9minine et cr\u00e9ent un look \u00e0 couper le souffle. Le profond d\u00e9collet\u00e9 en V ajoute une touche subtile et s\u00e9duisante, tandis que les bretelles garantissent un ajustement parfait et une \u00e9l\u00e9gance accrue. La couleur ivoire de la robe donne une impression de r\u00eave et de sophistication. Ce qui rend la robe de mari\u00e9e Zhao vraiment unique, ce sont les d\u00e9licates fleurs en 3D qui ornent la robe, cr\u00e9ant un effet romantique et artistique. Le tulle l\u00e9ger rend la robe a\u00e9rienne et lui donne un mouvement de r\u00eave \u00e0 chaque pas. Cette robe couture est id\u00e9ale pour la mari\u00e9e qui veut briller dans un style romantique mais sophistiqu\u00e9, avec des d\u00e9tails luxueux qui lui donnent une beaut\u00e9 intemporelle pour son grand jour. D\u00e9couvrez la robe de mari\u00e9e Zhao de Ramona Koonings Couture chez Koonings The Wedding Palace et sentez-vous comme une v\u00e9ritable princesse.","breadcrumb":{"@id":"https:\/\/www.koonings.com\/fr\/product\/ramona-koonings-couture-kn2552-zhao\/#breadcrumb"},"inLanguage":"fr-FR","potentialAction":[{"@type":"ReadAction","target":["https:\/\/www.koonings.com\/fr\/product\/ramona-koonings-couture-kn2552-zhao\/"]}]},{"@type":"ImageObject","inLanguage":"fr-FR","@id":"https:\/\/www.koonings.com\/fr\/product\/ramona-koonings-couture-kn2552-zhao\/#primaryimage","url":"https:\/\/www.koonings.com\/wp-content\/uploads\/2025\/03\/39995_1e38e0ae51278f00a933f18e84c44f869d238c1e6170a3420ed2caef55813477f71432e7-scaled.jpeg","contentUrl":"https:\/\/www.koonings.com\/wp-content\/uploads\/2025\/03\/39995_1e38e0ae51278f00a933f18e84c44f869d238c1e6170a3420ed2caef55813477f71432e7-scaled.jpeg","width":1814,"height":2560},{"@type":"BreadcrumbList","@id":"https:\/\/www.koonings.com\/fr\/product\/ramona-koonings-couture-kn2552-zhao\/#breadcrumb","itemListElement":[{"@type":"ListItem","position":1,"name":"Home","item":"https:\/\/www.koonings.com\/fr\/"},{"@type":"ListItem","position":2,"name":"Ramona Koonings Couture KN2552 Zhao"}]},{"@type":"WebSite","@id":"https:\/\/www.koonings.com\/fr\/#website","url":"https:\/\/www.koonings.com\/fr\/","name":"Koonings","description":"De grootste bruidsmodewinkel ter wereld","publisher":{"@id":"https:\/\/www.koonings.com\/fr\/#organization"},"potentialAction":[{"@type":"SearchAction","target":{"@type":"EntryPoint","urlTemplate":"https:\/\/www.koonings.com\/fr\/?s={search_term_string}"},"query-input":{"@type":"PropertyValueSpecification","valueRequired":true,"valueName":"search_term_string"}}],"inLanguage":"fr-FR"},{"@type":"Organization","@id":"https:\/\/www.koonings.com\/fr\/#organization","name":"Koonings","url":"https:\/\/www.koonings.com\/fr\/","logo":{"@type":"ImageObject","inLanguage":"fr-FR","@id":"https:\/\/www.koonings.com\/fr\/#\/schema\/logo\/image\/","url":"https:\/\/www.koonings.com\/wp-content\/uploads\/2024\/07\/logo.png","contentUrl":"https:\/\/www.koonings.com\/wp-content\/uploads\/2024\/07\/logo.png","width":600,"height":428,"caption":"Koonings"},"image":{"@id":"https:\/\/www.koonings.com\/fr\/#\/schema\/logo\/image\/"},"sameAs":["https:\/\/www.facebook.com\/kooningstheweddingpalace","https:\/\/www.instagram.com\/kooningstheweddingpalace","https:\/\/www.pinterest.com\/koonings","https:\/\/www.youtube.com\/kooningstheweddingpalace"]}]}},"_links":{"self":[{"href":"https:\/\/www.koonings.com\/fr\/wp-json\/wp\/v2\/product\/85037","targetHints":{"allow":["GET"]}}],"collection":[{"href":"https:\/\/www.koonings.com\/fr\/wp-json\/wp\/v2\/product"}],"about":[{"href":"https:\/\/www.koonings.com\/fr\/wp-json\/wp\/v2\/types\/product"}],"wp:featuredmedia":[{"embeddable":true,"href":"https:\/\/www.koonings.com\/fr\/wp-json\/wp\/v2\/media\/82880"}],"wp:attachment":[{"href":"https:\/\/www.koonings.com\/fr\/wp-json\/wp\/v2\/media?parent=85037"}],"wp:term":[{"taxonomy":"productdetails","embeddable":true,"href":"https:\/\/www.koonings.com\/fr\/wp-json\/wp\/v2\/productdetails?post=85037"},{"taxonomy":"productneck","embeddable":true,"href":"https:\/\/www.koonings.com\/fr\/wp-json\/wp\/v2\/productneck?post=85037"},{"taxonomy":"productcolor","embeddable":true,"href":"https:\/\/www.koonings.com\/fr\/wp-json\/wp\/v2\/productcolor?post=85037"},{"taxonomy":"maat","embeddable":true,"href":"https:\/\/www.koonings.com\/fr\/wp-json\/wp\/v2\/maat?post=85037"},{"taxonomy":"productsupplier","embeddable":true,"href":"https:\/\/www.koonings.com\/fr\/wp-json\/wp\/v2\/productsupplier?post=85037"},{"taxonomy":"productsleeve","embeddable":true,"href":"https:\/\/www.koonings.com\/fr\/wp-json\/wp\/v2\/productsleeve?post=85037"},{"taxonomy":"productcategory","embeddable":true,"href":"https:\/\/www.koonings.com\/fr\/wp-json\/wp\/v2\/productcategory?post=85037"},{"taxonomy":"productsilhouette","embeddable":true,"href":"https:\/\/www.koonings.com\/fr\/wp-json\/wp\/v2\/productsilhouette?post=85037"},{"taxonomy":"productstyle","embeddable":true,"href":"https:\/\/www.koonings.com\/fr\/wp-json\/wp\/v2\/productstyle?post=85037"}],"curies":[{"name":"wp","href":"https:\/\/api.w.org\/{rel}","templated":true}]}}