{"id":85035,"date":"2026-04-10T16:16:30","date_gmt":"2026-04-10T14:16:30","guid":{"rendered":"https:\/\/www.koonings.com\/product\/ramona-koonings-couture-kn2526-blake\/"},"modified":"2025-06-05T13:58:31","modified_gmt":"2025-06-05T11:58:31","slug":"ramona-koonings-couture-kn2526-blake","status":"publish","type":"product","link":"https:\/\/www.koonings.com\/fr\/product\/ramona-koonings-couture-kn2526-blake\/","title":{"rendered":"Ramona Koonings Couture KN2526 Blake"},"content":{"rendered":"<p>L&#8217;enchanteresse robe de mari\u00e9e Blake de Ramona Koonings Couture.<br \/>\nLaissez-vous s\u00e9duire par la beaut\u00e9 sophistiqu\u00e9e et romantique de la robe de mari\u00e9e Blake, une cr\u00e9ation exclusive de Ramona Koonings Couture, disponible chez Koonings The Wedding Palace. Cette robe de couture est le mariage parfait de l&#8217;\u00e9l\u00e9gance, du luxe et de la modernit\u00e9, id\u00e9ale pour la mari\u00e9e \u00e0 la recherche d&#8217;un look \u00e9poustouflant et unique.<br \/>\nLa coupe sir\u00e8ne met magnifiquement en valeur les formes f\u00e9minines et cr\u00e9e une silhouette radieuse et sophistiqu\u00e9e. L&#8217;encolure droite combin\u00e9e aux luxueuses bretelles conf\u00e8re \u00e0 la robe une allure intemporelle et \u00e9l\u00e9gante, tandis que les longues manches amovibles vous permettent de personnaliser votre look \u00e0 diff\u00e9rents moments de la journ\u00e9e.<br \/>\nLa teinte ivoire\/blush ajoute une touche de douceur et de r\u00eave, parfaite pour une ambiance romantique. La robe est d\u00e9cor\u00e9e de fleurs en 3D diss\u00e9min\u00e9es sur le haut et la robe, cr\u00e9ant une finition d\u00e9licate et artistique. Le bas du dos cr\u00e9e un look subtil et sensuel, tandis que le tulle a\u00e9r\u00e9 donne \u00e0 la robe un mouvement l\u00e9ger et r\u00eaveur.<br \/>\nLa robe de mari\u00e9e Blake est le choix id\u00e9al pour les mari\u00e9es qui recherchent un mod\u00e8le couture \u00e0 la fois romantique et sophistiqu\u00e9. D\u00e9couvrez cette robe enchanteresse chez Koonings The Wedding Palace et sentez-vous comme une v\u00e9ritable princesse le jour de votre mariage.     <\/p>\n","protected":false},"featured_media":82906,"template":"","meta":{"_acf_changed":false,"ghostkit_customizer_options":"","ghostkit_custom_css":"","ghostkit_custom_js_head":"","ghostkit_custom_js_foot":"","ghostkit_typography":""},"productdetails":[379,383,381],"productneck":[352],"productcolor":[393,392],"maat":[],"productsupplier":[419],"productsleeve":[359],"productcategory":[18],"productsilhouette":[387],"productstyle":[367,366],"class_list":["post-85035","product","type-product","status-publish","has-post-thumbnail","hentry","productdetails-379","productdetails-383","productdetails-381","productneck-352","productcolor-393","productcolor-392","productsupplier-ramona-koonings-couture","productsleeve-359","productcategory-trouwjurken","productsilhouette-387","productstyle-367","productstyle-366"],"acf":[],"yoast_head":"<!-- This site is optimized with the Yoast SEO plugin v27.3 - https:\/\/yoast.com\/product\/yoast-seo-wordpress\/ -->\n<title>Ramona Koonings Couture KN2526 Blake | Koonings<\/title>\n<meta name=\"description\" content=\"L&#039;enchanteresse robe de mari\u00e9e Blake de Ramona Koonings Couture. Laissez-vous s\u00e9duire par la beaut\u00e9 sophistiqu\u00e9e et romantique de la robe de mari\u00e9e Blake, une cr\u00e9ation exclusive de Ramona Koonings Couture, disponible chez Koonings The Wedding Palace. Cette robe de couture est le mariage parfait de l&#039;\u00e9l\u00e9gance, du luxe et de la modernit\u00e9, id\u00e9ale pour la mari\u00e9e \u00e0 la recherche d&#039;un look \u00e9poustouflant et unique. La coupe sir\u00e8ne met magnifiquement en valeur les formes f\u00e9minines et cr\u00e9e une silhouette radieuse et sophistiqu\u00e9e. L&#039;encolure droite combin\u00e9e aux luxueuses bretelles conf\u00e8re \u00e0 la robe une allure intemporelle et \u00e9l\u00e9gante, tandis que les longues manches amovibles vous permettent de personnaliser votre look \u00e0 diff\u00e9rents moments de la journ\u00e9e. La teinte ivoire\/blush ajoute une touche de douceur et de r\u00eave, parfaite pour une ambiance romantique. La robe est d\u00e9cor\u00e9e de fleurs en 3D diss\u00e9min\u00e9es sur le haut et la robe, cr\u00e9ant une finition d\u00e9licate et artistique. Le bas du dos cr\u00e9e un look subtil et sensuel, tandis que le tulle a\u00e9r\u00e9 donne \u00e0 la robe un mouvement l\u00e9ger et r\u00eaveur. La robe de mari\u00e9e Blake est le choix id\u00e9al pour les mari\u00e9es qui recherchent un mod\u00e8le couture \u00e0 la fois romantique et sophistiqu\u00e9. D\u00e9couvrez cette robe enchanteresse chez Koonings The Wedding Palace et sentez-vous comme une v\u00e9ritable princesse le jour de votre mariage.\" \/>\n<meta name=\"robots\" content=\"index, follow, max-snippet:-1, max-image-preview:large, max-video-preview:-1\" \/>\n<link rel=\"canonical\" href=\"https:\/\/www.koonings.com\/fr\/product\/ramona-koonings-couture-kn2526-blake\/\" \/>\n<meta property=\"og:locale\" content=\"fr_FR\" \/>\n<meta property=\"og:type\" content=\"article\" \/>\n<meta property=\"og:title\" content=\"Ramona Koonings Couture KN2526 Blake | Koonings\" \/>\n<meta property=\"og:description\" content=\"L&#039;enchanteresse robe de mari\u00e9e Blake de Ramona Koonings Couture. Laissez-vous s\u00e9duire par la beaut\u00e9 sophistiqu\u00e9e et romantique de la robe de mari\u00e9e Blake, une cr\u00e9ation exclusive de Ramona Koonings Couture, disponible chez Koonings The Wedding Palace. Cette robe de couture est le mariage parfait de l&#039;\u00e9l\u00e9gance, du luxe et de la modernit\u00e9, id\u00e9ale pour la mari\u00e9e \u00e0 la recherche d&#039;un look \u00e9poustouflant et unique. La coupe sir\u00e8ne met magnifiquement en valeur les formes f\u00e9minines et cr\u00e9e une silhouette radieuse et sophistiqu\u00e9e. L&#039;encolure droite combin\u00e9e aux luxueuses bretelles conf\u00e8re \u00e0 la robe une allure intemporelle et \u00e9l\u00e9gante, tandis que les longues manches amovibles vous permettent de personnaliser votre look \u00e0 diff\u00e9rents moments de la journ\u00e9e. La teinte ivoire\/blush ajoute une touche de douceur et de r\u00eave, parfaite pour une ambiance romantique. La robe est d\u00e9cor\u00e9e de fleurs en 3D diss\u00e9min\u00e9es sur le haut et la robe, cr\u00e9ant une finition d\u00e9licate et artistique. Le bas du dos cr\u00e9e un look subtil et sensuel, tandis que le tulle a\u00e9r\u00e9 donne \u00e0 la robe un mouvement l\u00e9ger et r\u00eaveur. La robe de mari\u00e9e Blake est le choix id\u00e9al pour les mari\u00e9es qui recherchent un mod\u00e8le couture \u00e0 la fois romantique et sophistiqu\u00e9. D\u00e9couvrez cette robe enchanteresse chez Koonings The Wedding Palace et sentez-vous comme une v\u00e9ritable princesse le jour de votre mariage.\" \/>\n<meta property=\"og:url\" content=\"https:\/\/www.koonings.com\/fr\/product\/ramona-koonings-couture-kn2526-blake\/\" \/>\n<meta property=\"og:site_name\" content=\"Koonings\" \/>\n<meta property=\"article:publisher\" content=\"https:\/\/www.facebook.com\/kooningstheweddingpalace\" \/>\n<meta property=\"og:image\" content=\"https:\/\/www.koonings.com\/wp-content\/uploads\/2025\/03\/40003_7f52537546ae8228a29edffe25eb7723e1c4dd9253d1045836c0622579d08cbb6e25f2f2-scaled.jpeg\" \/>\n\t<meta property=\"og:image:width\" content=\"1811\" \/>\n\t<meta property=\"og:image:height\" content=\"2560\" \/>\n\t<meta property=\"og:image:type\" content=\"image\/jpeg\" \/>\n<meta name=\"twitter:card\" content=\"summary_large_image\" \/>\n<meta name=\"twitter:label1\" content=\"Dur\u00e9e de lecture estim\u00e9e\" \/>\n\t<meta name=\"twitter:data1\" content=\"1 minute\" \/>\n<script type=\"application\/ld+json\" class=\"yoast-schema-graph\">{\"@context\":\"https:\\\/\\\/schema.org\",\"@graph\":[{\"@type\":\"WebPage\",\"@id\":\"https:\\\/\\\/www.koonings.com\\\/fr\\\/product\\\/ramona-koonings-couture-kn2526-blake\\\/\",\"url\":\"https:\\\/\\\/www.koonings.com\\\/fr\\\/product\\\/ramona-koonings-couture-kn2526-blake\\\/\",\"name\":\"Ramona Koonings Couture KN2526 Blake | Koonings\",\"isPartOf\":{\"@id\":\"https:\\\/\\\/www.koonings.com\\\/fr\\\/#website\"},\"primaryImageOfPage\":{\"@id\":\"https:\\\/\\\/www.koonings.com\\\/fr\\\/product\\\/ramona-koonings-couture-kn2526-blake\\\/#primaryimage\"},\"image\":{\"@id\":\"https:\\\/\\\/www.koonings.com\\\/fr\\\/product\\\/ramona-koonings-couture-kn2526-blake\\\/#primaryimage\"},\"thumbnailUrl\":\"https:\\\/\\\/www.koonings.com\\\/wp-content\\\/uploads\\\/2025\\\/03\\\/40003_7f52537546ae8228a29edffe25eb7723e1c4dd9253d1045836c0622579d08cbb6e25f2f2-scaled.jpeg\",\"datePublished\":\"2026-04-10T14:16:30+00:00\",\"description\":\"L'enchanteresse robe de mari\u00e9e Blake de Ramona Koonings Couture. Laissez-vous s\u00e9duire par la beaut\u00e9 sophistiqu\u00e9e et romantique de la robe de mari\u00e9e Blake, une cr\u00e9ation exclusive de Ramona Koonings Couture, disponible chez Koonings The Wedding Palace. Cette robe de couture est le mariage parfait de l'\u00e9l\u00e9gance, du luxe et de la modernit\u00e9, id\u00e9ale pour la mari\u00e9e \u00e0 la recherche d'un look \u00e9poustouflant et unique. La coupe sir\u00e8ne met magnifiquement en valeur les formes f\u00e9minines et cr\u00e9e une silhouette radieuse et sophistiqu\u00e9e. L'encolure droite combin\u00e9e aux luxueuses bretelles conf\u00e8re \u00e0 la robe une allure intemporelle et \u00e9l\u00e9gante, tandis que les longues manches amovibles vous permettent de personnaliser votre look \u00e0 diff\u00e9rents moments de la journ\u00e9e. La teinte ivoire\\\/blush ajoute une touche de douceur et de r\u00eave, parfaite pour une ambiance romantique. La robe est d\u00e9cor\u00e9e de fleurs en 3D diss\u00e9min\u00e9es sur le haut et la robe, cr\u00e9ant une finition d\u00e9licate et artistique. Le bas du dos cr\u00e9e un look subtil et sensuel, tandis que le tulle a\u00e9r\u00e9 donne \u00e0 la robe un mouvement l\u00e9ger et r\u00eaveur. La robe de mari\u00e9e Blake est le choix id\u00e9al pour les mari\u00e9es qui recherchent un mod\u00e8le couture \u00e0 la fois romantique et sophistiqu\u00e9. D\u00e9couvrez cette robe enchanteresse chez Koonings The Wedding Palace et sentez-vous comme une v\u00e9ritable princesse le jour de votre mariage.\",\"breadcrumb\":{\"@id\":\"https:\\\/\\\/www.koonings.com\\\/fr\\\/product\\\/ramona-koonings-couture-kn2526-blake\\\/#breadcrumb\"},\"inLanguage\":\"fr-FR\",\"potentialAction\":[{\"@type\":\"ReadAction\",\"target\":[\"https:\\\/\\\/www.koonings.com\\\/fr\\\/product\\\/ramona-koonings-couture-kn2526-blake\\\/\"]}]},{\"@type\":\"ImageObject\",\"inLanguage\":\"fr-FR\",\"@id\":\"https:\\\/\\\/www.koonings.com\\\/fr\\\/product\\\/ramona-koonings-couture-kn2526-blake\\\/#primaryimage\",\"url\":\"https:\\\/\\\/www.koonings.com\\\/wp-content\\\/uploads\\\/2025\\\/03\\\/40003_7f52537546ae8228a29edffe25eb7723e1c4dd9253d1045836c0622579d08cbb6e25f2f2-scaled.jpeg\",\"contentUrl\":\"https:\\\/\\\/www.koonings.com\\\/wp-content\\\/uploads\\\/2025\\\/03\\\/40003_7f52537546ae8228a29edffe25eb7723e1c4dd9253d1045836c0622579d08cbb6e25f2f2-scaled.jpeg\",\"width\":1811,\"height\":2560},{\"@type\":\"BreadcrumbList\",\"@id\":\"https:\\\/\\\/www.koonings.com\\\/fr\\\/product\\\/ramona-koonings-couture-kn2526-blake\\\/#breadcrumb\",\"itemListElement\":[{\"@type\":\"ListItem\",\"position\":1,\"name\":\"Home\",\"item\":\"https:\\\/\\\/www.koonings.com\\\/fr\\\/\"},{\"@type\":\"ListItem\",\"position\":2,\"name\":\"Ramona Koonings Couture KN2526 Blake\"}]},{\"@type\":\"WebSite\",\"@id\":\"https:\\\/\\\/www.koonings.com\\\/fr\\\/#website\",\"url\":\"https:\\\/\\\/www.koonings.com\\\/fr\\\/\",\"name\":\"Koonings\",\"description\":\"De grootste bruidsmodewinkel ter wereld\",\"publisher\":{\"@id\":\"https:\\\/\\\/www.koonings.com\\\/fr\\\/#organization\"},\"potentialAction\":[{\"@type\":\"SearchAction\",\"target\":{\"@type\":\"EntryPoint\",\"urlTemplate\":\"https:\\\/\\\/www.koonings.com\\\/fr\\\/?s={search_term_string}\"},\"query-input\":{\"@type\":\"PropertyValueSpecification\",\"valueRequired\":true,\"valueName\":\"search_term_string\"}}],\"inLanguage\":\"fr-FR\"},{\"@type\":\"Organization\",\"@id\":\"https:\\\/\\\/www.koonings.com\\\/fr\\\/#organization\",\"name\":\"Koonings\",\"url\":\"https:\\\/\\\/www.koonings.com\\\/fr\\\/\",\"logo\":{\"@type\":\"ImageObject\",\"inLanguage\":\"fr-FR\",\"@id\":\"https:\\\/\\\/www.koonings.com\\\/fr\\\/#\\\/schema\\\/logo\\\/image\\\/\",\"url\":\"https:\\\/\\\/www.koonings.com\\\/wp-content\\\/uploads\\\/2024\\\/07\\\/logo.png\",\"contentUrl\":\"https:\\\/\\\/www.koonings.com\\\/wp-content\\\/uploads\\\/2024\\\/07\\\/logo.png\",\"width\":600,\"height\":428,\"caption\":\"Koonings\"},\"image\":{\"@id\":\"https:\\\/\\\/www.koonings.com\\\/fr\\\/#\\\/schema\\\/logo\\\/image\\\/\"},\"sameAs\":[\"https:\\\/\\\/www.facebook.com\\\/kooningstheweddingpalace\",\"https:\\\/\\\/www.instagram.com\\\/kooningstheweddingpalace\",\"https:\\\/\\\/www.pinterest.com\\\/koonings\",\"https:\\\/\\\/www.youtube.com\\\/kooningstheweddingpalace\"]}]}<\/script>\n<!-- \/ Yoast SEO plugin. -->","yoast_head_json":{"title":"Ramona Koonings Couture KN2526 Blake | Koonings","description":"L'enchanteresse robe de mari\u00e9e Blake de Ramona Koonings Couture. Laissez-vous s\u00e9duire par la beaut\u00e9 sophistiqu\u00e9e et romantique de la robe de mari\u00e9e Blake, une cr\u00e9ation exclusive de Ramona Koonings Couture, disponible chez Koonings The Wedding Palace. Cette robe de couture est le mariage parfait de l'\u00e9l\u00e9gance, du luxe et de la modernit\u00e9, id\u00e9ale pour la mari\u00e9e \u00e0 la recherche d'un look \u00e9poustouflant et unique. La coupe sir\u00e8ne met magnifiquement en valeur les formes f\u00e9minines et cr\u00e9e une silhouette radieuse et sophistiqu\u00e9e. L'encolure droite combin\u00e9e aux luxueuses bretelles conf\u00e8re \u00e0 la robe une allure intemporelle et \u00e9l\u00e9gante, tandis que les longues manches amovibles vous permettent de personnaliser votre look \u00e0 diff\u00e9rents moments de la journ\u00e9e. La teinte ivoire\/blush ajoute une touche de douceur et de r\u00eave, parfaite pour une ambiance romantique. La robe est d\u00e9cor\u00e9e de fleurs en 3D diss\u00e9min\u00e9es sur le haut et la robe, cr\u00e9ant une finition d\u00e9licate et artistique. Le bas du dos cr\u00e9e un look subtil et sensuel, tandis que le tulle a\u00e9r\u00e9 donne \u00e0 la robe un mouvement l\u00e9ger et r\u00eaveur. La robe de mari\u00e9e Blake est le choix id\u00e9al pour les mari\u00e9es qui recherchent un mod\u00e8le couture \u00e0 la fois romantique et sophistiqu\u00e9. D\u00e9couvrez cette robe enchanteresse chez Koonings The Wedding Palace et sentez-vous comme une v\u00e9ritable princesse le jour de votre mariage.","robots":{"index":"index","follow":"follow","max-snippet":"max-snippet:-1","max-image-preview":"max-image-preview:large","max-video-preview":"max-video-preview:-1"},"canonical":"https:\/\/www.koonings.com\/fr\/product\/ramona-koonings-couture-kn2526-blake\/","og_locale":"fr_FR","og_type":"article","og_title":"Ramona Koonings Couture KN2526 Blake | Koonings","og_description":"L'enchanteresse robe de mari\u00e9e Blake de Ramona Koonings Couture. Laissez-vous s\u00e9duire par la beaut\u00e9 sophistiqu\u00e9e et romantique de la robe de mari\u00e9e Blake, une cr\u00e9ation exclusive de Ramona Koonings Couture, disponible chez Koonings The Wedding Palace. Cette robe de couture est le mariage parfait de l'\u00e9l\u00e9gance, du luxe et de la modernit\u00e9, id\u00e9ale pour la mari\u00e9e \u00e0 la recherche d'un look \u00e9poustouflant et unique. La coupe sir\u00e8ne met magnifiquement en valeur les formes f\u00e9minines et cr\u00e9e une silhouette radieuse et sophistiqu\u00e9e. L'encolure droite combin\u00e9e aux luxueuses bretelles conf\u00e8re \u00e0 la robe une allure intemporelle et \u00e9l\u00e9gante, tandis que les longues manches amovibles vous permettent de personnaliser votre look \u00e0 diff\u00e9rents moments de la journ\u00e9e. La teinte ivoire\/blush ajoute une touche de douceur et de r\u00eave, parfaite pour une ambiance romantique. La robe est d\u00e9cor\u00e9e de fleurs en 3D diss\u00e9min\u00e9es sur le haut et la robe, cr\u00e9ant une finition d\u00e9licate et artistique. Le bas du dos cr\u00e9e un look subtil et sensuel, tandis que le tulle a\u00e9r\u00e9 donne \u00e0 la robe un mouvement l\u00e9ger et r\u00eaveur. La robe de mari\u00e9e Blake est le choix id\u00e9al pour les mari\u00e9es qui recherchent un mod\u00e8le couture \u00e0 la fois romantique et sophistiqu\u00e9. D\u00e9couvrez cette robe enchanteresse chez Koonings The Wedding Palace et sentez-vous comme une v\u00e9ritable princesse le jour de votre mariage.","og_url":"https:\/\/www.koonings.com\/fr\/product\/ramona-koonings-couture-kn2526-blake\/","og_site_name":"Koonings","article_publisher":"https:\/\/www.facebook.com\/kooningstheweddingpalace","og_image":[{"width":1811,"height":2560,"url":"https:\/\/www.koonings.com\/wp-content\/uploads\/2025\/03\/40003_7f52537546ae8228a29edffe25eb7723e1c4dd9253d1045836c0622579d08cbb6e25f2f2-scaled.jpeg","type":"image\/jpeg"}],"twitter_card":"summary_large_image","twitter_misc":{"Dur\u00e9e de lecture estim\u00e9e":"1 minute"},"schema":{"@context":"https:\/\/schema.org","@graph":[{"@type":"WebPage","@id":"https:\/\/www.koonings.com\/fr\/product\/ramona-koonings-couture-kn2526-blake\/","url":"https:\/\/www.koonings.com\/fr\/product\/ramona-koonings-couture-kn2526-blake\/","name":"Ramona Koonings Couture KN2526 Blake | Koonings","isPartOf":{"@id":"https:\/\/www.koonings.com\/fr\/#website"},"primaryImageOfPage":{"@id":"https:\/\/www.koonings.com\/fr\/product\/ramona-koonings-couture-kn2526-blake\/#primaryimage"},"image":{"@id":"https:\/\/www.koonings.com\/fr\/product\/ramona-koonings-couture-kn2526-blake\/#primaryimage"},"thumbnailUrl":"https:\/\/www.koonings.com\/wp-content\/uploads\/2025\/03\/40003_7f52537546ae8228a29edffe25eb7723e1c4dd9253d1045836c0622579d08cbb6e25f2f2-scaled.jpeg","datePublished":"2026-04-10T14:16:30+00:00","description":"L'enchanteresse robe de mari\u00e9e Blake de Ramona Koonings Couture. Laissez-vous s\u00e9duire par la beaut\u00e9 sophistiqu\u00e9e et romantique de la robe de mari\u00e9e Blake, une cr\u00e9ation exclusive de Ramona Koonings Couture, disponible chez Koonings The Wedding Palace. Cette robe de couture est le mariage parfait de l'\u00e9l\u00e9gance, du luxe et de la modernit\u00e9, id\u00e9ale pour la mari\u00e9e \u00e0 la recherche d'un look \u00e9poustouflant et unique. La coupe sir\u00e8ne met magnifiquement en valeur les formes f\u00e9minines et cr\u00e9e une silhouette radieuse et sophistiqu\u00e9e. L'encolure droite combin\u00e9e aux luxueuses bretelles conf\u00e8re \u00e0 la robe une allure intemporelle et \u00e9l\u00e9gante, tandis que les longues manches amovibles vous permettent de personnaliser votre look \u00e0 diff\u00e9rents moments de la journ\u00e9e. La teinte ivoire\/blush ajoute une touche de douceur et de r\u00eave, parfaite pour une ambiance romantique. La robe est d\u00e9cor\u00e9e de fleurs en 3D diss\u00e9min\u00e9es sur le haut et la robe, cr\u00e9ant une finition d\u00e9licate et artistique. Le bas du dos cr\u00e9e un look subtil et sensuel, tandis que le tulle a\u00e9r\u00e9 donne \u00e0 la robe un mouvement l\u00e9ger et r\u00eaveur. La robe de mari\u00e9e Blake est le choix id\u00e9al pour les mari\u00e9es qui recherchent un mod\u00e8le couture \u00e0 la fois romantique et sophistiqu\u00e9. D\u00e9couvrez cette robe enchanteresse chez Koonings The Wedding Palace et sentez-vous comme une v\u00e9ritable princesse le jour de votre mariage.","breadcrumb":{"@id":"https:\/\/www.koonings.com\/fr\/product\/ramona-koonings-couture-kn2526-blake\/#breadcrumb"},"inLanguage":"fr-FR","potentialAction":[{"@type":"ReadAction","target":["https:\/\/www.koonings.com\/fr\/product\/ramona-koonings-couture-kn2526-blake\/"]}]},{"@type":"ImageObject","inLanguage":"fr-FR","@id":"https:\/\/www.koonings.com\/fr\/product\/ramona-koonings-couture-kn2526-blake\/#primaryimage","url":"https:\/\/www.koonings.com\/wp-content\/uploads\/2025\/03\/40003_7f52537546ae8228a29edffe25eb7723e1c4dd9253d1045836c0622579d08cbb6e25f2f2-scaled.jpeg","contentUrl":"https:\/\/www.koonings.com\/wp-content\/uploads\/2025\/03\/40003_7f52537546ae8228a29edffe25eb7723e1c4dd9253d1045836c0622579d08cbb6e25f2f2-scaled.jpeg","width":1811,"height":2560},{"@type":"BreadcrumbList","@id":"https:\/\/www.koonings.com\/fr\/product\/ramona-koonings-couture-kn2526-blake\/#breadcrumb","itemListElement":[{"@type":"ListItem","position":1,"name":"Home","item":"https:\/\/www.koonings.com\/fr\/"},{"@type":"ListItem","position":2,"name":"Ramona Koonings Couture KN2526 Blake"}]},{"@type":"WebSite","@id":"https:\/\/www.koonings.com\/fr\/#website","url":"https:\/\/www.koonings.com\/fr\/","name":"Koonings","description":"De grootste bruidsmodewinkel ter wereld","publisher":{"@id":"https:\/\/www.koonings.com\/fr\/#organization"},"potentialAction":[{"@type":"SearchAction","target":{"@type":"EntryPoint","urlTemplate":"https:\/\/www.koonings.com\/fr\/?s={search_term_string}"},"query-input":{"@type":"PropertyValueSpecification","valueRequired":true,"valueName":"search_term_string"}}],"inLanguage":"fr-FR"},{"@type":"Organization","@id":"https:\/\/www.koonings.com\/fr\/#organization","name":"Koonings","url":"https:\/\/www.koonings.com\/fr\/","logo":{"@type":"ImageObject","inLanguage":"fr-FR","@id":"https:\/\/www.koonings.com\/fr\/#\/schema\/logo\/image\/","url":"https:\/\/www.koonings.com\/wp-content\/uploads\/2024\/07\/logo.png","contentUrl":"https:\/\/www.koonings.com\/wp-content\/uploads\/2024\/07\/logo.png","width":600,"height":428,"caption":"Koonings"},"image":{"@id":"https:\/\/www.koonings.com\/fr\/#\/schema\/logo\/image\/"},"sameAs":["https:\/\/www.facebook.com\/kooningstheweddingpalace","https:\/\/www.instagram.com\/kooningstheweddingpalace","https:\/\/www.pinterest.com\/koonings","https:\/\/www.youtube.com\/kooningstheweddingpalace"]}]}},"_links":{"self":[{"href":"https:\/\/www.koonings.com\/fr\/wp-json\/wp\/v2\/product\/85035","targetHints":{"allow":["GET"]}}],"collection":[{"href":"https:\/\/www.koonings.com\/fr\/wp-json\/wp\/v2\/product"}],"about":[{"href":"https:\/\/www.koonings.com\/fr\/wp-json\/wp\/v2\/types\/product"}],"wp:featuredmedia":[{"embeddable":true,"href":"https:\/\/www.koonings.com\/fr\/wp-json\/wp\/v2\/media\/82906"}],"wp:attachment":[{"href":"https:\/\/www.koonings.com\/fr\/wp-json\/wp\/v2\/media?parent=85035"}],"wp:term":[{"taxonomy":"productdetails","embeddable":true,"href":"https:\/\/www.koonings.com\/fr\/wp-json\/wp\/v2\/productdetails?post=85035"},{"taxonomy":"productneck","embeddable":true,"href":"https:\/\/www.koonings.com\/fr\/wp-json\/wp\/v2\/productneck?post=85035"},{"taxonomy":"productcolor","embeddable":true,"href":"https:\/\/www.koonings.com\/fr\/wp-json\/wp\/v2\/productcolor?post=85035"},{"taxonomy":"maat","embeddable":true,"href":"https:\/\/www.koonings.com\/fr\/wp-json\/wp\/v2\/maat?post=85035"},{"taxonomy":"productsupplier","embeddable":true,"href":"https:\/\/www.koonings.com\/fr\/wp-json\/wp\/v2\/productsupplier?post=85035"},{"taxonomy":"productsleeve","embeddable":true,"href":"https:\/\/www.koonings.com\/fr\/wp-json\/wp\/v2\/productsleeve?post=85035"},{"taxonomy":"productcategory","embeddable":true,"href":"https:\/\/www.koonings.com\/fr\/wp-json\/wp\/v2\/productcategory?post=85035"},{"taxonomy":"productsilhouette","embeddable":true,"href":"https:\/\/www.koonings.com\/fr\/wp-json\/wp\/v2\/productsilhouette?post=85035"},{"taxonomy":"productstyle","embeddable":true,"href":"https:\/\/www.koonings.com\/fr\/wp-json\/wp\/v2\/productstyle?post=85035"}],"curies":[{"name":"wp","href":"https:\/\/api.w.org\/{rel}","templated":true}]}}