{"id":85032,"date":"2026-03-27T16:14:47","date_gmt":"2026-03-27T15:14:47","guid":{"rendered":"https:\/\/www.koonings.com\/product\/ramona-koonings-couture-kn2548-serena\/"},"modified":"2025-06-05T13:58:33","modified_gmt":"2025-06-05T11:58:33","slug":"ramona-koonings-couture-kn2548-serena","status":"publish","type":"product","link":"https:\/\/www.koonings.com\/fr\/product\/ramona-koonings-couture-kn2548-serena\/","title":{"rendered":"Ramona Koonings Couture KN2548 Serena"},"content":{"rendered":"<p>L&#8217;\u00e9l\u00e9gante robe de mari\u00e9e Serena de Ramona Koonings Couture.<br \/>\nLa robe de mari\u00e9e Serena de Ramona Koonings Couture, disponible exclusivement chez Koonings The Wedding Palace, est le choix id\u00e9al pour la mari\u00e9e qui aime un look minimaliste, moderne et \u00e9l\u00e9gant. Cette robe de couture a une coupe A-line qui tombe en douceur, cr\u00e9ant un look sophistiqu\u00e9 et \u00e9l\u00e9gant. Le d\u00e9collet\u00e9 en V et les manches longues conf\u00e8rent \u00e0 la robe un charme \u00e9l\u00e9gant et intemporel, tandis que la fente ajoute une touche subtile et sexy.<br \/>\nLa couleur ivoire souligne la simplicit\u00e9 de la robe, qui est \u00e0 la fois romantique et moderne. La robe se distingue magnifiquement lorsqu&#8217;elle est associ\u00e9e \u00e0 une courte tra\u00eene, cr\u00e9ant une finition \u00e0 la fois sophistiqu\u00e9e et frappante. La robe Serena est parfaite pour les mari\u00e9es qui recherchent un look couture \u00e9l\u00e9gant et raffin\u00e9, avec une touche de s\u00e9duction.    <\/p>\n","protected":false},"featured_media":82923,"template":"","meta":{"_acf_changed":false,"ghostkit_customizer_options":"","ghostkit_custom_css":"","ghostkit_custom_js_head":"","ghostkit_custom_js_foot":"","ghostkit_typography":""},"productdetails":[378],"productneck":[356],"productcolor":[392],"maat":[],"productsupplier":[419],"productsleeve":[362],"productcategory":[18],"productsilhouette":[384,389],"productstyle":[367,365,371,370],"class_list":["post-85032","product","type-product","status-publish","has-post-thumbnail","hentry","productdetails-378","productneck-356","productcolor-392","productsupplier-ramona-koonings-couture","productsleeve-362","productcategory-trouwjurken","productsilhouette-384","productsilhouette-389","productstyle-367","productstyle-365","productstyle-371","productstyle-370"],"acf":[],"yoast_head":"<!-- This site is optimized with the Yoast SEO plugin v26.8 - https:\/\/yoast.com\/product\/yoast-seo-wordpress\/ -->\n<title>Ramona Koonings Couture KN2548 Serena | Koonings<\/title>\n<meta name=\"description\" content=\"L&#039;\u00e9l\u00e9gante robe de mari\u00e9e Serena de Ramona Koonings Couture. La robe de mari\u00e9e Serena de Ramona Koonings Couture, disponible exclusivement chez Koonings The Wedding Palace, est le choix id\u00e9al pour la mari\u00e9e qui aime un look minimaliste, moderne et \u00e9l\u00e9gant. Cette robe de couture a une coupe A-line qui tombe en douceur, cr\u00e9ant un look sophistiqu\u00e9 et \u00e9l\u00e9gant. Le d\u00e9collet\u00e9 en V et les manches longues conf\u00e8rent \u00e0 la robe un charme \u00e9l\u00e9gant et intemporel, tandis que la fente ajoute une touche subtile et sexy. La couleur ivoire souligne la simplicit\u00e9 de la robe, qui est \u00e0 la fois romantique et moderne. La robe se distingue magnifiquement lorsqu&#039;elle est associ\u00e9e \u00e0 une courte tra\u00eene, cr\u00e9ant une finition \u00e0 la fois sophistiqu\u00e9e et frappante. La robe Serena est parfaite pour les mari\u00e9es qui recherchent un look couture \u00e9l\u00e9gant et raffin\u00e9, avec une touche de s\u00e9duction.\" \/>\n<meta name=\"robots\" content=\"index, follow, max-snippet:-1, max-image-preview:large, max-video-preview:-1\" \/>\n<link rel=\"canonical\" href=\"https:\/\/www.koonings.com\/fr\/product\/ramona-koonings-couture-kn2548-serena\/\" \/>\n<meta property=\"og:locale\" content=\"fr_FR\" \/>\n<meta property=\"og:type\" content=\"article\" \/>\n<meta property=\"og:title\" content=\"Ramona Koonings Couture KN2548 Serena | Koonings\" \/>\n<meta property=\"og:description\" content=\"L&#039;\u00e9l\u00e9gante robe de mari\u00e9e Serena de Ramona Koonings Couture. La robe de mari\u00e9e Serena de Ramona Koonings Couture, disponible exclusivement chez Koonings The Wedding Palace, est le choix id\u00e9al pour la mari\u00e9e qui aime un look minimaliste, moderne et \u00e9l\u00e9gant. Cette robe de couture a une coupe A-line qui tombe en douceur, cr\u00e9ant un look sophistiqu\u00e9 et \u00e9l\u00e9gant. Le d\u00e9collet\u00e9 en V et les manches longues conf\u00e8rent \u00e0 la robe un charme \u00e9l\u00e9gant et intemporel, tandis que la fente ajoute une touche subtile et sexy. La couleur ivoire souligne la simplicit\u00e9 de la robe, qui est \u00e0 la fois romantique et moderne. La robe se distingue magnifiquement lorsqu&#039;elle est associ\u00e9e \u00e0 une courte tra\u00eene, cr\u00e9ant une finition \u00e0 la fois sophistiqu\u00e9e et frappante. La robe Serena est parfaite pour les mari\u00e9es qui recherchent un look couture \u00e9l\u00e9gant et raffin\u00e9, avec une touche de s\u00e9duction.\" \/>\n<meta property=\"og:url\" content=\"https:\/\/www.koonings.com\/fr\/product\/ramona-koonings-couture-kn2548-serena\/\" \/>\n<meta property=\"og:site_name\" content=\"Koonings\" \/>\n<meta property=\"article:publisher\" content=\"https:\/\/www.facebook.com\/kooningstheweddingpalace\" \/>\n<meta property=\"og:image\" content=\"https:\/\/www.koonings.com\/wp-content\/uploads\/2025\/03\/40004_688dd85a4ced7817ec5a4215c47b5ec87c407bad39ffff5deafd2bd57e9231b5dfed9693-scaled.jpeg\" \/>\n\t<meta property=\"og:image:width\" content=\"1810\" \/>\n\t<meta property=\"og:image:height\" content=\"2560\" \/>\n\t<meta property=\"og:image:type\" content=\"image\/jpeg\" \/>\n<meta name=\"twitter:card\" content=\"summary_large_image\" \/>\n<meta name=\"twitter:label1\" content=\"Dur\u00e9e de lecture estim\u00e9e\" \/>\n\t<meta name=\"twitter:data1\" content=\"1 minute\" \/>\n<script type=\"application\/ld+json\" class=\"yoast-schema-graph\">{\"@context\":\"https:\/\/schema.org\",\"@graph\":[{\"@type\":\"WebPage\",\"@id\":\"https:\/\/www.koonings.com\/fr\/product\/ramona-koonings-couture-kn2548-serena\/\",\"url\":\"https:\/\/www.koonings.com\/fr\/product\/ramona-koonings-couture-kn2548-serena\/\",\"name\":\"Ramona Koonings Couture KN2548 Serena | Koonings\",\"isPartOf\":{\"@id\":\"https:\/\/www.koonings.com\/fr\/#website\"},\"primaryImageOfPage\":{\"@id\":\"https:\/\/www.koonings.com\/fr\/product\/ramona-koonings-couture-kn2548-serena\/#primaryimage\"},\"image\":{\"@id\":\"https:\/\/www.koonings.com\/fr\/product\/ramona-koonings-couture-kn2548-serena\/#primaryimage\"},\"thumbnailUrl\":\"https:\/\/www.koonings.com\/wp-content\/uploads\/2025\/03\/40004_688dd85a4ced7817ec5a4215c47b5ec87c407bad39ffff5deafd2bd57e9231b5dfed9693-scaled.jpeg\",\"datePublished\":\"2026-03-27T15:14:47+00:00\",\"description\":\"L'\u00e9l\u00e9gante robe de mari\u00e9e Serena de Ramona Koonings Couture. La robe de mari\u00e9e Serena de Ramona Koonings Couture, disponible exclusivement chez Koonings The Wedding Palace, est le choix id\u00e9al pour la mari\u00e9e qui aime un look minimaliste, moderne et \u00e9l\u00e9gant. Cette robe de couture a une coupe A-line qui tombe en douceur, cr\u00e9ant un look sophistiqu\u00e9 et \u00e9l\u00e9gant. Le d\u00e9collet\u00e9 en V et les manches longues conf\u00e8rent \u00e0 la robe un charme \u00e9l\u00e9gant et intemporel, tandis que la fente ajoute une touche subtile et sexy. La couleur ivoire souligne la simplicit\u00e9 de la robe, qui est \u00e0 la fois romantique et moderne. La robe se distingue magnifiquement lorsqu'elle est associ\u00e9e \u00e0 une courte tra\u00eene, cr\u00e9ant une finition \u00e0 la fois sophistiqu\u00e9e et frappante. La robe Serena est parfaite pour les mari\u00e9es qui recherchent un look couture \u00e9l\u00e9gant et raffin\u00e9, avec une touche de s\u00e9duction.\",\"breadcrumb\":{\"@id\":\"https:\/\/www.koonings.com\/fr\/product\/ramona-koonings-couture-kn2548-serena\/#breadcrumb\"},\"inLanguage\":\"fr-FR\",\"potentialAction\":[{\"@type\":\"ReadAction\",\"target\":[\"https:\/\/www.koonings.com\/fr\/product\/ramona-koonings-couture-kn2548-serena\/\"]}]},{\"@type\":\"ImageObject\",\"inLanguage\":\"fr-FR\",\"@id\":\"https:\/\/www.koonings.com\/fr\/product\/ramona-koonings-couture-kn2548-serena\/#primaryimage\",\"url\":\"https:\/\/www.koonings.com\/wp-content\/uploads\/2025\/03\/40004_688dd85a4ced7817ec5a4215c47b5ec87c407bad39ffff5deafd2bd57e9231b5dfed9693-scaled.jpeg\",\"contentUrl\":\"https:\/\/www.koonings.com\/wp-content\/uploads\/2025\/03\/40004_688dd85a4ced7817ec5a4215c47b5ec87c407bad39ffff5deafd2bd57e9231b5dfed9693-scaled.jpeg\",\"width\":1810,\"height\":2560},{\"@type\":\"BreadcrumbList\",\"@id\":\"https:\/\/www.koonings.com\/fr\/product\/ramona-koonings-couture-kn2548-serena\/#breadcrumb\",\"itemListElement\":[{\"@type\":\"ListItem\",\"position\":1,\"name\":\"Home\",\"item\":\"https:\/\/www.koonings.com\/fr\/\"},{\"@type\":\"ListItem\",\"position\":2,\"name\":\"Ramona Koonings Couture KN2548 Serena\"}]},{\"@type\":\"WebSite\",\"@id\":\"https:\/\/www.koonings.com\/fr\/#website\",\"url\":\"https:\/\/www.koonings.com\/fr\/\",\"name\":\"Koonings\",\"description\":\"De grootste bruidsmodewinkel ter wereld\",\"publisher\":{\"@id\":\"https:\/\/www.koonings.com\/fr\/#organization\"},\"potentialAction\":[{\"@type\":\"SearchAction\",\"target\":{\"@type\":\"EntryPoint\",\"urlTemplate\":\"https:\/\/www.koonings.com\/fr\/?s={search_term_string}\"},\"query-input\":{\"@type\":\"PropertyValueSpecification\",\"valueRequired\":true,\"valueName\":\"search_term_string\"}}],\"inLanguage\":\"fr-FR\"},{\"@type\":\"Organization\",\"@id\":\"https:\/\/www.koonings.com\/fr\/#organization\",\"name\":\"Koonings\",\"url\":\"https:\/\/www.koonings.com\/fr\/\",\"logo\":{\"@type\":\"ImageObject\",\"inLanguage\":\"fr-FR\",\"@id\":\"https:\/\/www.koonings.com\/fr\/#\/schema\/logo\/image\/\",\"url\":\"https:\/\/www.koonings.com\/wp-content\/uploads\/2024\/07\/logo.png\",\"contentUrl\":\"https:\/\/www.koonings.com\/wp-content\/uploads\/2024\/07\/logo.png\",\"width\":600,\"height\":428,\"caption\":\"Koonings\"},\"image\":{\"@id\":\"https:\/\/www.koonings.com\/fr\/#\/schema\/logo\/image\/\"},\"sameAs\":[\"https:\/\/www.facebook.com\/kooningstheweddingpalace\",\"https:\/\/www.instagram.com\/kooningstheweddingpalace\",\"https:\/\/www.pinterest.com\/koonings\",\"https:\/\/www.youtube.com\/kooningstheweddingpalace\"]}]}<\/script>\n<!-- \/ Yoast SEO plugin. -->","yoast_head_json":{"title":"Ramona Koonings Couture KN2548 Serena | Koonings","description":"L'\u00e9l\u00e9gante robe de mari\u00e9e Serena de Ramona Koonings Couture. La robe de mari\u00e9e Serena de Ramona Koonings Couture, disponible exclusivement chez Koonings The Wedding Palace, est le choix id\u00e9al pour la mari\u00e9e qui aime un look minimaliste, moderne et \u00e9l\u00e9gant. Cette robe de couture a une coupe A-line qui tombe en douceur, cr\u00e9ant un look sophistiqu\u00e9 et \u00e9l\u00e9gant. Le d\u00e9collet\u00e9 en V et les manches longues conf\u00e8rent \u00e0 la robe un charme \u00e9l\u00e9gant et intemporel, tandis que la fente ajoute une touche subtile et sexy. La couleur ivoire souligne la simplicit\u00e9 de la robe, qui est \u00e0 la fois romantique et moderne. La robe se distingue magnifiquement lorsqu'elle est associ\u00e9e \u00e0 une courte tra\u00eene, cr\u00e9ant une finition \u00e0 la fois sophistiqu\u00e9e et frappante. La robe Serena est parfaite pour les mari\u00e9es qui recherchent un look couture \u00e9l\u00e9gant et raffin\u00e9, avec une touche de s\u00e9duction.","robots":{"index":"index","follow":"follow","max-snippet":"max-snippet:-1","max-image-preview":"max-image-preview:large","max-video-preview":"max-video-preview:-1"},"canonical":"https:\/\/www.koonings.com\/fr\/product\/ramona-koonings-couture-kn2548-serena\/","og_locale":"fr_FR","og_type":"article","og_title":"Ramona Koonings Couture KN2548 Serena | Koonings","og_description":"L'\u00e9l\u00e9gante robe de mari\u00e9e Serena de Ramona Koonings Couture. La robe de mari\u00e9e Serena de Ramona Koonings Couture, disponible exclusivement chez Koonings The Wedding Palace, est le choix id\u00e9al pour la mari\u00e9e qui aime un look minimaliste, moderne et \u00e9l\u00e9gant. Cette robe de couture a une coupe A-line qui tombe en douceur, cr\u00e9ant un look sophistiqu\u00e9 et \u00e9l\u00e9gant. Le d\u00e9collet\u00e9 en V et les manches longues conf\u00e8rent \u00e0 la robe un charme \u00e9l\u00e9gant et intemporel, tandis que la fente ajoute une touche subtile et sexy. La couleur ivoire souligne la simplicit\u00e9 de la robe, qui est \u00e0 la fois romantique et moderne. La robe se distingue magnifiquement lorsqu'elle est associ\u00e9e \u00e0 une courte tra\u00eene, cr\u00e9ant une finition \u00e0 la fois sophistiqu\u00e9e et frappante. La robe Serena est parfaite pour les mari\u00e9es qui recherchent un look couture \u00e9l\u00e9gant et raffin\u00e9, avec une touche de s\u00e9duction.","og_url":"https:\/\/www.koonings.com\/fr\/product\/ramona-koonings-couture-kn2548-serena\/","og_site_name":"Koonings","article_publisher":"https:\/\/www.facebook.com\/kooningstheweddingpalace","og_image":[{"width":1810,"height":2560,"url":"https:\/\/www.koonings.com\/wp-content\/uploads\/2025\/03\/40004_688dd85a4ced7817ec5a4215c47b5ec87c407bad39ffff5deafd2bd57e9231b5dfed9693-scaled.jpeg","type":"image\/jpeg"}],"twitter_card":"summary_large_image","twitter_misc":{"Dur\u00e9e de lecture estim\u00e9e":"1 minute"},"schema":{"@context":"https:\/\/schema.org","@graph":[{"@type":"WebPage","@id":"https:\/\/www.koonings.com\/fr\/product\/ramona-koonings-couture-kn2548-serena\/","url":"https:\/\/www.koonings.com\/fr\/product\/ramona-koonings-couture-kn2548-serena\/","name":"Ramona Koonings Couture KN2548 Serena | Koonings","isPartOf":{"@id":"https:\/\/www.koonings.com\/fr\/#website"},"primaryImageOfPage":{"@id":"https:\/\/www.koonings.com\/fr\/product\/ramona-koonings-couture-kn2548-serena\/#primaryimage"},"image":{"@id":"https:\/\/www.koonings.com\/fr\/product\/ramona-koonings-couture-kn2548-serena\/#primaryimage"},"thumbnailUrl":"https:\/\/www.koonings.com\/wp-content\/uploads\/2025\/03\/40004_688dd85a4ced7817ec5a4215c47b5ec87c407bad39ffff5deafd2bd57e9231b5dfed9693-scaled.jpeg","datePublished":"2026-03-27T15:14:47+00:00","description":"L'\u00e9l\u00e9gante robe de mari\u00e9e Serena de Ramona Koonings Couture. La robe de mari\u00e9e Serena de Ramona Koonings Couture, disponible exclusivement chez Koonings The Wedding Palace, est le choix id\u00e9al pour la mari\u00e9e qui aime un look minimaliste, moderne et \u00e9l\u00e9gant. Cette robe de couture a une coupe A-line qui tombe en douceur, cr\u00e9ant un look sophistiqu\u00e9 et \u00e9l\u00e9gant. Le d\u00e9collet\u00e9 en V et les manches longues conf\u00e8rent \u00e0 la robe un charme \u00e9l\u00e9gant et intemporel, tandis que la fente ajoute une touche subtile et sexy. La couleur ivoire souligne la simplicit\u00e9 de la robe, qui est \u00e0 la fois romantique et moderne. La robe se distingue magnifiquement lorsqu'elle est associ\u00e9e \u00e0 une courte tra\u00eene, cr\u00e9ant une finition \u00e0 la fois sophistiqu\u00e9e et frappante. La robe Serena est parfaite pour les mari\u00e9es qui recherchent un look couture \u00e9l\u00e9gant et raffin\u00e9, avec une touche de s\u00e9duction.","breadcrumb":{"@id":"https:\/\/www.koonings.com\/fr\/product\/ramona-koonings-couture-kn2548-serena\/#breadcrumb"},"inLanguage":"fr-FR","potentialAction":[{"@type":"ReadAction","target":["https:\/\/www.koonings.com\/fr\/product\/ramona-koonings-couture-kn2548-serena\/"]}]},{"@type":"ImageObject","inLanguage":"fr-FR","@id":"https:\/\/www.koonings.com\/fr\/product\/ramona-koonings-couture-kn2548-serena\/#primaryimage","url":"https:\/\/www.koonings.com\/wp-content\/uploads\/2025\/03\/40004_688dd85a4ced7817ec5a4215c47b5ec87c407bad39ffff5deafd2bd57e9231b5dfed9693-scaled.jpeg","contentUrl":"https:\/\/www.koonings.com\/wp-content\/uploads\/2025\/03\/40004_688dd85a4ced7817ec5a4215c47b5ec87c407bad39ffff5deafd2bd57e9231b5dfed9693-scaled.jpeg","width":1810,"height":2560},{"@type":"BreadcrumbList","@id":"https:\/\/www.koonings.com\/fr\/product\/ramona-koonings-couture-kn2548-serena\/#breadcrumb","itemListElement":[{"@type":"ListItem","position":1,"name":"Home","item":"https:\/\/www.koonings.com\/fr\/"},{"@type":"ListItem","position":2,"name":"Ramona Koonings Couture KN2548 Serena"}]},{"@type":"WebSite","@id":"https:\/\/www.koonings.com\/fr\/#website","url":"https:\/\/www.koonings.com\/fr\/","name":"Koonings","description":"De grootste bruidsmodewinkel ter wereld","publisher":{"@id":"https:\/\/www.koonings.com\/fr\/#organization"},"potentialAction":[{"@type":"SearchAction","target":{"@type":"EntryPoint","urlTemplate":"https:\/\/www.koonings.com\/fr\/?s={search_term_string}"},"query-input":{"@type":"PropertyValueSpecification","valueRequired":true,"valueName":"search_term_string"}}],"inLanguage":"fr-FR"},{"@type":"Organization","@id":"https:\/\/www.koonings.com\/fr\/#organization","name":"Koonings","url":"https:\/\/www.koonings.com\/fr\/","logo":{"@type":"ImageObject","inLanguage":"fr-FR","@id":"https:\/\/www.koonings.com\/fr\/#\/schema\/logo\/image\/","url":"https:\/\/www.koonings.com\/wp-content\/uploads\/2024\/07\/logo.png","contentUrl":"https:\/\/www.koonings.com\/wp-content\/uploads\/2024\/07\/logo.png","width":600,"height":428,"caption":"Koonings"},"image":{"@id":"https:\/\/www.koonings.com\/fr\/#\/schema\/logo\/image\/"},"sameAs":["https:\/\/www.facebook.com\/kooningstheweddingpalace","https:\/\/www.instagram.com\/kooningstheweddingpalace","https:\/\/www.pinterest.com\/koonings","https:\/\/www.youtube.com\/kooningstheweddingpalace"]}]}},"_links":{"self":[{"href":"https:\/\/www.koonings.com\/fr\/wp-json\/wp\/v2\/product\/85032","targetHints":{"allow":["GET"]}}],"collection":[{"href":"https:\/\/www.koonings.com\/fr\/wp-json\/wp\/v2\/product"}],"about":[{"href":"https:\/\/www.koonings.com\/fr\/wp-json\/wp\/v2\/types\/product"}],"wp:featuredmedia":[{"embeddable":true,"href":"https:\/\/www.koonings.com\/fr\/wp-json\/wp\/v2\/media\/82923"}],"wp:attachment":[{"href":"https:\/\/www.koonings.com\/fr\/wp-json\/wp\/v2\/media?parent=85032"}],"wp:term":[{"taxonomy":"productdetails","embeddable":true,"href":"https:\/\/www.koonings.com\/fr\/wp-json\/wp\/v2\/productdetails?post=85032"},{"taxonomy":"productneck","embeddable":true,"href":"https:\/\/www.koonings.com\/fr\/wp-json\/wp\/v2\/productneck?post=85032"},{"taxonomy":"productcolor","embeddable":true,"href":"https:\/\/www.koonings.com\/fr\/wp-json\/wp\/v2\/productcolor?post=85032"},{"taxonomy":"maat","embeddable":true,"href":"https:\/\/www.koonings.com\/fr\/wp-json\/wp\/v2\/maat?post=85032"},{"taxonomy":"productsupplier","embeddable":true,"href":"https:\/\/www.koonings.com\/fr\/wp-json\/wp\/v2\/productsupplier?post=85032"},{"taxonomy":"productsleeve","embeddable":true,"href":"https:\/\/www.koonings.com\/fr\/wp-json\/wp\/v2\/productsleeve?post=85032"},{"taxonomy":"productcategory","embeddable":true,"href":"https:\/\/www.koonings.com\/fr\/wp-json\/wp\/v2\/productcategory?post=85032"},{"taxonomy":"productsilhouette","embeddable":true,"href":"https:\/\/www.koonings.com\/fr\/wp-json\/wp\/v2\/productsilhouette?post=85032"},{"taxonomy":"productstyle","embeddable":true,"href":"https:\/\/www.koonings.com\/fr\/wp-json\/wp\/v2\/productstyle?post=85032"}],"curies":[{"name":"wp","href":"https:\/\/api.w.org\/{rel}","templated":true}]}}