{"id":85029,"date":"2026-04-14T16:17:00","date_gmt":"2026-04-14T14:17:00","guid":{"rendered":"https:\/\/www.koonings.com\/product\/ramona-koonings-couture-kn2564-ramona\/"},"modified":"2026-02-16T15:12:42","modified_gmt":"2026-02-16T14:12:42","slug":"ramona-koonings-couture-kn2564-ramona","status":"publish","type":"product","link":"https:\/\/www.koonings.com\/fr\/product\/ramona-koonings-couture-kn2564-ramona\/","title":{"rendered":"Ramona Koonings Couture KN2564 Ramona"},"content":{"rendered":"<p>La robe de mari\u00e9e sophistiqu\u00e9e Ramona de Ramona Koonings Couture.<br \/>\nLa robe de mari\u00e9e Ramona de Ramona Koonings Couture, disponible exclusivement chez Koonings The Wedding Palace, est un mod\u00e8le \u00e0 couper le souffle pour la mari\u00e9e qui recherche un look romantique et sexy avec une finition couture. Cette robe trompette \u00e9pouse parfaitement le corps et s&#8217;\u00e9vase \u00e9l\u00e9gamment, cr\u00e9ant une silhouette sophistiqu\u00e9e et f\u00e9minine. Le d\u00e9collet\u00e9 en V souligne subtilement le d\u00e9collet\u00e9, tandis que les longues manches bouffantes donnent \u00e0 la robe une allure chic et moderne.<br \/>\nLa couleur ivoire de la robe d\u00e9gage une \u00e9l\u00e9gance intemporelle, tandis que les fleurs en 3D sur la robe cr\u00e9ent un effet romantique et artistique. Ce qui rend cette robe vraiment unique, c&#8217;est la d\u00e9coupe sophistiqu\u00e9e \u00e0 la taille, qui ajoute une touche audacieuse et sexy sans perdre l&#8217;aspect classique.<br \/>\nCette robe de couture est parfaite pour la mari\u00e9e qui veut briller dans une robe romantique mais s\u00e9duisante, qui trouve l&#8217;\u00e9quilibre parfait entre l&#8217;\u00e9l\u00e9gance et le charme sexy. La robe de mari\u00e9e Ramona est le choix id\u00e9al pour une mari\u00e9e qui souhaite combiner son propre style avec des d\u00e9tails luxueux et une touche de modernit\u00e9.    <\/p>\n","protected":false},"featured_media":82948,"template":"","meta":{"_acf_changed":false,"ghostkit_customizer_options":"","ghostkit_custom_css":"","ghostkit_custom_js_head":"","ghostkit_custom_js_foot":"","ghostkit_typography":""},"productdetails":[379,381],"productneck":[356],"productcolor":[392],"maat":[],"productsupplier":[419],"productsleeve":[362],"productcategory":[18],"productsilhouette":[390],"productstyle":[367,366,370],"class_list":["post-85029","product","type-product","status-publish","has-post-thumbnail","hentry","productdetails-379","productdetails-381","productneck-356","productcolor-392","productsupplier-ramona-koonings-couture","productsleeve-362","productcategory-trouwjurken","productsilhouette-390","productstyle-367","productstyle-366","productstyle-370"],"acf":[],"yoast_head":"<!-- This site is optimized with the Yoast SEO plugin v27.3 - https:\/\/yoast.com\/product\/yoast-seo-wordpress\/ -->\n<title>Ramona Koonings Couture KN2564 Ramona | Koonings<\/title>\n<meta name=\"description\" content=\"La robe de mari\u00e9e sophistiqu\u00e9e Ramona de Ramona Koonings Couture. La robe de mari\u00e9e Ramona de Ramona Koonings Couture, disponible exclusivement chez Koonings The Wedding Palace, est un mod\u00e8le \u00e0 couper le souffle pour la mari\u00e9e qui recherche un look romantique et sexy avec une finition couture. Cette robe trompette \u00e9pouse parfaitement le corps et s&#039;\u00e9vase \u00e9l\u00e9gamment, cr\u00e9ant une silhouette sophistiqu\u00e9e et f\u00e9minine. Le d\u00e9collet\u00e9 en V souligne subtilement le d\u00e9collet\u00e9, tandis que les longues manches bouffantes donnent \u00e0 la robe une allure chic et moderne. La couleur ivoire de la robe d\u00e9gage une \u00e9l\u00e9gance intemporelle, tandis que les fleurs en 3D sur la robe cr\u00e9ent un effet romantique et artistique. Ce qui rend cette robe vraiment unique, c&#039;est la d\u00e9coupe sophistiqu\u00e9e \u00e0 la taille, qui ajoute une touche audacieuse et sexy sans perdre l&#039;aspect classique. Cette robe de couture est parfaite pour la mari\u00e9e qui veut briller dans une robe romantique mais s\u00e9duisante, qui trouve l&#039;\u00e9quilibre parfait entre l&#039;\u00e9l\u00e9gance et le charme sexy. La robe de mari\u00e9e Ramona est le choix id\u00e9al pour une mari\u00e9e qui souhaite combiner son propre style avec des d\u00e9tails luxueux et une touche de modernit\u00e9.\" \/>\n<meta name=\"robots\" content=\"index, follow, max-snippet:-1, max-image-preview:large, max-video-preview:-1\" \/>\n<link rel=\"canonical\" href=\"https:\/\/www.koonings.com\/fr\/product\/ramona-koonings-couture-kn2564-ramona\/\" \/>\n<meta property=\"og:locale\" content=\"fr_FR\" \/>\n<meta property=\"og:type\" content=\"article\" \/>\n<meta property=\"og:title\" content=\"Ramona Koonings Couture KN2564 Ramona | Koonings\" \/>\n<meta property=\"og:description\" content=\"La robe de mari\u00e9e sophistiqu\u00e9e Ramona de Ramona Koonings Couture. La robe de mari\u00e9e Ramona de Ramona Koonings Couture, disponible exclusivement chez Koonings The Wedding Palace, est un mod\u00e8le \u00e0 couper le souffle pour la mari\u00e9e qui recherche un look romantique et sexy avec une finition couture. Cette robe trompette \u00e9pouse parfaitement le corps et s&#039;\u00e9vase \u00e9l\u00e9gamment, cr\u00e9ant une silhouette sophistiqu\u00e9e et f\u00e9minine. Le d\u00e9collet\u00e9 en V souligne subtilement le d\u00e9collet\u00e9, tandis que les longues manches bouffantes donnent \u00e0 la robe une allure chic et moderne. La couleur ivoire de la robe d\u00e9gage une \u00e9l\u00e9gance intemporelle, tandis que les fleurs en 3D sur la robe cr\u00e9ent un effet romantique et artistique. Ce qui rend cette robe vraiment unique, c&#039;est la d\u00e9coupe sophistiqu\u00e9e \u00e0 la taille, qui ajoute une touche audacieuse et sexy sans perdre l&#039;aspect classique. Cette robe de couture est parfaite pour la mari\u00e9e qui veut briller dans une robe romantique mais s\u00e9duisante, qui trouve l&#039;\u00e9quilibre parfait entre l&#039;\u00e9l\u00e9gance et le charme sexy. La robe de mari\u00e9e Ramona est le choix id\u00e9al pour une mari\u00e9e qui souhaite combiner son propre style avec des d\u00e9tails luxueux et une touche de modernit\u00e9.\" \/>\n<meta property=\"og:url\" content=\"https:\/\/www.koonings.com\/fr\/product\/ramona-koonings-couture-kn2564-ramona\/\" \/>\n<meta property=\"og:site_name\" content=\"Koonings\" \/>\n<meta property=\"article:publisher\" content=\"https:\/\/www.facebook.com\/kooningstheweddingpalace\" \/>\n<meta property=\"og:image\" content=\"https:\/\/www.koonings.com\/wp-content\/uploads\/2025\/03\/40005_a89bbb7935ff719a7b9878a5fe994656042d9a69f9ea670a663f89773ca131c5bfccc1cd-scaled.jpeg\" \/>\n\t<meta property=\"og:image:width\" content=\"1810\" \/>\n\t<meta property=\"og:image:height\" content=\"2560\" \/>\n\t<meta property=\"og:image:type\" content=\"image\/jpeg\" \/>\n<meta name=\"twitter:card\" content=\"summary_large_image\" \/>\n<meta name=\"twitter:label1\" content=\"Dur\u00e9e de lecture estim\u00e9e\" \/>\n\t<meta name=\"twitter:data1\" content=\"1 minute\" \/>\n<script type=\"application\/ld+json\" class=\"yoast-schema-graph\">{\"@context\":\"https:\\\/\\\/schema.org\",\"@graph\":[{\"@type\":\"WebPage\",\"@id\":\"https:\\\/\\\/www.koonings.com\\\/fr\\\/product\\\/ramona-koonings-couture-kn2564-ramona\\\/\",\"url\":\"https:\\\/\\\/www.koonings.com\\\/fr\\\/product\\\/ramona-koonings-couture-kn2564-ramona\\\/\",\"name\":\"Ramona Koonings Couture KN2564 Ramona | Koonings\",\"isPartOf\":{\"@id\":\"https:\\\/\\\/www.koonings.com\\\/fr\\\/#website\"},\"primaryImageOfPage\":{\"@id\":\"https:\\\/\\\/www.koonings.com\\\/fr\\\/product\\\/ramona-koonings-couture-kn2564-ramona\\\/#primaryimage\"},\"image\":{\"@id\":\"https:\\\/\\\/www.koonings.com\\\/fr\\\/product\\\/ramona-koonings-couture-kn2564-ramona\\\/#primaryimage\"},\"thumbnailUrl\":\"https:\\\/\\\/www.koonings.com\\\/wp-content\\\/uploads\\\/2025\\\/03\\\/40005_a89bbb7935ff719a7b9878a5fe994656042d9a69f9ea670a663f89773ca131c5bfccc1cd-scaled.jpeg\",\"datePublished\":\"2026-04-14T14:17:00+00:00\",\"description\":\"La robe de mari\u00e9e sophistiqu\u00e9e Ramona de Ramona Koonings Couture. La robe de mari\u00e9e Ramona de Ramona Koonings Couture, disponible exclusivement chez Koonings The Wedding Palace, est un mod\u00e8le \u00e0 couper le souffle pour la mari\u00e9e qui recherche un look romantique et sexy avec une finition couture. Cette robe trompette \u00e9pouse parfaitement le corps et s'\u00e9vase \u00e9l\u00e9gamment, cr\u00e9ant une silhouette sophistiqu\u00e9e et f\u00e9minine. Le d\u00e9collet\u00e9 en V souligne subtilement le d\u00e9collet\u00e9, tandis que les longues manches bouffantes donnent \u00e0 la robe une allure chic et moderne. La couleur ivoire de la robe d\u00e9gage une \u00e9l\u00e9gance intemporelle, tandis que les fleurs en 3D sur la robe cr\u00e9ent un effet romantique et artistique. Ce qui rend cette robe vraiment unique, c'est la d\u00e9coupe sophistiqu\u00e9e \u00e0 la taille, qui ajoute une touche audacieuse et sexy sans perdre l'aspect classique. Cette robe de couture est parfaite pour la mari\u00e9e qui veut briller dans une robe romantique mais s\u00e9duisante, qui trouve l'\u00e9quilibre parfait entre l'\u00e9l\u00e9gance et le charme sexy. La robe de mari\u00e9e Ramona est le choix id\u00e9al pour une mari\u00e9e qui souhaite combiner son propre style avec des d\u00e9tails luxueux et une touche de modernit\u00e9.\",\"breadcrumb\":{\"@id\":\"https:\\\/\\\/www.koonings.com\\\/fr\\\/product\\\/ramona-koonings-couture-kn2564-ramona\\\/#breadcrumb\"},\"inLanguage\":\"fr-FR\",\"potentialAction\":[{\"@type\":\"ReadAction\",\"target\":[\"https:\\\/\\\/www.koonings.com\\\/fr\\\/product\\\/ramona-koonings-couture-kn2564-ramona\\\/\"]}]},{\"@type\":\"ImageObject\",\"inLanguage\":\"fr-FR\",\"@id\":\"https:\\\/\\\/www.koonings.com\\\/fr\\\/product\\\/ramona-koonings-couture-kn2564-ramona\\\/#primaryimage\",\"url\":\"https:\\\/\\\/www.koonings.com\\\/wp-content\\\/uploads\\\/2025\\\/03\\\/40005_a89bbb7935ff719a7b9878a5fe994656042d9a69f9ea670a663f89773ca131c5bfccc1cd-scaled.jpeg\",\"contentUrl\":\"https:\\\/\\\/www.koonings.com\\\/wp-content\\\/uploads\\\/2025\\\/03\\\/40005_a89bbb7935ff719a7b9878a5fe994656042d9a69f9ea670a663f89773ca131c5bfccc1cd-scaled.jpeg\",\"width\":1810,\"height\":2560},{\"@type\":\"BreadcrumbList\",\"@id\":\"https:\\\/\\\/www.koonings.com\\\/fr\\\/product\\\/ramona-koonings-couture-kn2564-ramona\\\/#breadcrumb\",\"itemListElement\":[{\"@type\":\"ListItem\",\"position\":1,\"name\":\"Home\",\"item\":\"https:\\\/\\\/www.koonings.com\\\/fr\\\/\"},{\"@type\":\"ListItem\",\"position\":2,\"name\":\"Ramona Koonings Couture KN2564 Ramona\"}]},{\"@type\":\"WebSite\",\"@id\":\"https:\\\/\\\/www.koonings.com\\\/fr\\\/#website\",\"url\":\"https:\\\/\\\/www.koonings.com\\\/fr\\\/\",\"name\":\"Koonings\",\"description\":\"De grootste bruidsmodewinkel ter wereld\",\"publisher\":{\"@id\":\"https:\\\/\\\/www.koonings.com\\\/fr\\\/#organization\"},\"potentialAction\":[{\"@type\":\"SearchAction\",\"target\":{\"@type\":\"EntryPoint\",\"urlTemplate\":\"https:\\\/\\\/www.koonings.com\\\/fr\\\/?s={search_term_string}\"},\"query-input\":{\"@type\":\"PropertyValueSpecification\",\"valueRequired\":true,\"valueName\":\"search_term_string\"}}],\"inLanguage\":\"fr-FR\"},{\"@type\":\"Organization\",\"@id\":\"https:\\\/\\\/www.koonings.com\\\/fr\\\/#organization\",\"name\":\"Koonings\",\"url\":\"https:\\\/\\\/www.koonings.com\\\/fr\\\/\",\"logo\":{\"@type\":\"ImageObject\",\"inLanguage\":\"fr-FR\",\"@id\":\"https:\\\/\\\/www.koonings.com\\\/fr\\\/#\\\/schema\\\/logo\\\/image\\\/\",\"url\":\"https:\\\/\\\/www.koonings.com\\\/wp-content\\\/uploads\\\/2024\\\/07\\\/logo.png\",\"contentUrl\":\"https:\\\/\\\/www.koonings.com\\\/wp-content\\\/uploads\\\/2024\\\/07\\\/logo.png\",\"width\":600,\"height\":428,\"caption\":\"Koonings\"},\"image\":{\"@id\":\"https:\\\/\\\/www.koonings.com\\\/fr\\\/#\\\/schema\\\/logo\\\/image\\\/\"},\"sameAs\":[\"https:\\\/\\\/www.facebook.com\\\/kooningstheweddingpalace\",\"https:\\\/\\\/www.instagram.com\\\/kooningstheweddingpalace\",\"https:\\\/\\\/www.pinterest.com\\\/koonings\",\"https:\\\/\\\/www.youtube.com\\\/kooningstheweddingpalace\"]}]}<\/script>\n<!-- \/ Yoast SEO plugin. -->","yoast_head_json":{"title":"Ramona Koonings Couture KN2564 Ramona | Koonings","description":"La robe de mari\u00e9e sophistiqu\u00e9e Ramona de Ramona Koonings Couture. La robe de mari\u00e9e Ramona de Ramona Koonings Couture, disponible exclusivement chez Koonings The Wedding Palace, est un mod\u00e8le \u00e0 couper le souffle pour la mari\u00e9e qui recherche un look romantique et sexy avec une finition couture. Cette robe trompette \u00e9pouse parfaitement le corps et s'\u00e9vase \u00e9l\u00e9gamment, cr\u00e9ant une silhouette sophistiqu\u00e9e et f\u00e9minine. Le d\u00e9collet\u00e9 en V souligne subtilement le d\u00e9collet\u00e9, tandis que les longues manches bouffantes donnent \u00e0 la robe une allure chic et moderne. La couleur ivoire de la robe d\u00e9gage une \u00e9l\u00e9gance intemporelle, tandis que les fleurs en 3D sur la robe cr\u00e9ent un effet romantique et artistique. Ce qui rend cette robe vraiment unique, c'est la d\u00e9coupe sophistiqu\u00e9e \u00e0 la taille, qui ajoute une touche audacieuse et sexy sans perdre l'aspect classique. Cette robe de couture est parfaite pour la mari\u00e9e qui veut briller dans une robe romantique mais s\u00e9duisante, qui trouve l'\u00e9quilibre parfait entre l'\u00e9l\u00e9gance et le charme sexy. La robe de mari\u00e9e Ramona est le choix id\u00e9al pour une mari\u00e9e qui souhaite combiner son propre style avec des d\u00e9tails luxueux et une touche de modernit\u00e9.","robots":{"index":"index","follow":"follow","max-snippet":"max-snippet:-1","max-image-preview":"max-image-preview:large","max-video-preview":"max-video-preview:-1"},"canonical":"https:\/\/www.koonings.com\/fr\/product\/ramona-koonings-couture-kn2564-ramona\/","og_locale":"fr_FR","og_type":"article","og_title":"Ramona Koonings Couture KN2564 Ramona | Koonings","og_description":"La robe de mari\u00e9e sophistiqu\u00e9e Ramona de Ramona Koonings Couture. La robe de mari\u00e9e Ramona de Ramona Koonings Couture, disponible exclusivement chez Koonings The Wedding Palace, est un mod\u00e8le \u00e0 couper le souffle pour la mari\u00e9e qui recherche un look romantique et sexy avec une finition couture. Cette robe trompette \u00e9pouse parfaitement le corps et s'\u00e9vase \u00e9l\u00e9gamment, cr\u00e9ant une silhouette sophistiqu\u00e9e et f\u00e9minine. Le d\u00e9collet\u00e9 en V souligne subtilement le d\u00e9collet\u00e9, tandis que les longues manches bouffantes donnent \u00e0 la robe une allure chic et moderne. La couleur ivoire de la robe d\u00e9gage une \u00e9l\u00e9gance intemporelle, tandis que les fleurs en 3D sur la robe cr\u00e9ent un effet romantique et artistique. Ce qui rend cette robe vraiment unique, c'est la d\u00e9coupe sophistiqu\u00e9e \u00e0 la taille, qui ajoute une touche audacieuse et sexy sans perdre l'aspect classique. Cette robe de couture est parfaite pour la mari\u00e9e qui veut briller dans une robe romantique mais s\u00e9duisante, qui trouve l'\u00e9quilibre parfait entre l'\u00e9l\u00e9gance et le charme sexy. La robe de mari\u00e9e Ramona est le choix id\u00e9al pour une mari\u00e9e qui souhaite combiner son propre style avec des d\u00e9tails luxueux et une touche de modernit\u00e9.","og_url":"https:\/\/www.koonings.com\/fr\/product\/ramona-koonings-couture-kn2564-ramona\/","og_site_name":"Koonings","article_publisher":"https:\/\/www.facebook.com\/kooningstheweddingpalace","og_image":[{"width":1810,"height":2560,"url":"https:\/\/www.koonings.com\/wp-content\/uploads\/2025\/03\/40005_a89bbb7935ff719a7b9878a5fe994656042d9a69f9ea670a663f89773ca131c5bfccc1cd-scaled.jpeg","type":"image\/jpeg"}],"twitter_card":"summary_large_image","twitter_misc":{"Dur\u00e9e de lecture estim\u00e9e":"1 minute"},"schema":{"@context":"https:\/\/schema.org","@graph":[{"@type":"WebPage","@id":"https:\/\/www.koonings.com\/fr\/product\/ramona-koonings-couture-kn2564-ramona\/","url":"https:\/\/www.koonings.com\/fr\/product\/ramona-koonings-couture-kn2564-ramona\/","name":"Ramona Koonings Couture KN2564 Ramona | Koonings","isPartOf":{"@id":"https:\/\/www.koonings.com\/fr\/#website"},"primaryImageOfPage":{"@id":"https:\/\/www.koonings.com\/fr\/product\/ramona-koonings-couture-kn2564-ramona\/#primaryimage"},"image":{"@id":"https:\/\/www.koonings.com\/fr\/product\/ramona-koonings-couture-kn2564-ramona\/#primaryimage"},"thumbnailUrl":"https:\/\/www.koonings.com\/wp-content\/uploads\/2025\/03\/40005_a89bbb7935ff719a7b9878a5fe994656042d9a69f9ea670a663f89773ca131c5bfccc1cd-scaled.jpeg","datePublished":"2026-04-14T14:17:00+00:00","description":"La robe de mari\u00e9e sophistiqu\u00e9e Ramona de Ramona Koonings Couture. La robe de mari\u00e9e Ramona de Ramona Koonings Couture, disponible exclusivement chez Koonings The Wedding Palace, est un mod\u00e8le \u00e0 couper le souffle pour la mari\u00e9e qui recherche un look romantique et sexy avec une finition couture. Cette robe trompette \u00e9pouse parfaitement le corps et s'\u00e9vase \u00e9l\u00e9gamment, cr\u00e9ant une silhouette sophistiqu\u00e9e et f\u00e9minine. Le d\u00e9collet\u00e9 en V souligne subtilement le d\u00e9collet\u00e9, tandis que les longues manches bouffantes donnent \u00e0 la robe une allure chic et moderne. La couleur ivoire de la robe d\u00e9gage une \u00e9l\u00e9gance intemporelle, tandis que les fleurs en 3D sur la robe cr\u00e9ent un effet romantique et artistique. Ce qui rend cette robe vraiment unique, c'est la d\u00e9coupe sophistiqu\u00e9e \u00e0 la taille, qui ajoute une touche audacieuse et sexy sans perdre l'aspect classique. Cette robe de couture est parfaite pour la mari\u00e9e qui veut briller dans une robe romantique mais s\u00e9duisante, qui trouve l'\u00e9quilibre parfait entre l'\u00e9l\u00e9gance et le charme sexy. La robe de mari\u00e9e Ramona est le choix id\u00e9al pour une mari\u00e9e qui souhaite combiner son propre style avec des d\u00e9tails luxueux et une touche de modernit\u00e9.","breadcrumb":{"@id":"https:\/\/www.koonings.com\/fr\/product\/ramona-koonings-couture-kn2564-ramona\/#breadcrumb"},"inLanguage":"fr-FR","potentialAction":[{"@type":"ReadAction","target":["https:\/\/www.koonings.com\/fr\/product\/ramona-koonings-couture-kn2564-ramona\/"]}]},{"@type":"ImageObject","inLanguage":"fr-FR","@id":"https:\/\/www.koonings.com\/fr\/product\/ramona-koonings-couture-kn2564-ramona\/#primaryimage","url":"https:\/\/www.koonings.com\/wp-content\/uploads\/2025\/03\/40005_a89bbb7935ff719a7b9878a5fe994656042d9a69f9ea670a663f89773ca131c5bfccc1cd-scaled.jpeg","contentUrl":"https:\/\/www.koonings.com\/wp-content\/uploads\/2025\/03\/40005_a89bbb7935ff719a7b9878a5fe994656042d9a69f9ea670a663f89773ca131c5bfccc1cd-scaled.jpeg","width":1810,"height":2560},{"@type":"BreadcrumbList","@id":"https:\/\/www.koonings.com\/fr\/product\/ramona-koonings-couture-kn2564-ramona\/#breadcrumb","itemListElement":[{"@type":"ListItem","position":1,"name":"Home","item":"https:\/\/www.koonings.com\/fr\/"},{"@type":"ListItem","position":2,"name":"Ramona Koonings Couture KN2564 Ramona"}]},{"@type":"WebSite","@id":"https:\/\/www.koonings.com\/fr\/#website","url":"https:\/\/www.koonings.com\/fr\/","name":"Koonings","description":"De grootste bruidsmodewinkel ter wereld","publisher":{"@id":"https:\/\/www.koonings.com\/fr\/#organization"},"potentialAction":[{"@type":"SearchAction","target":{"@type":"EntryPoint","urlTemplate":"https:\/\/www.koonings.com\/fr\/?s={search_term_string}"},"query-input":{"@type":"PropertyValueSpecification","valueRequired":true,"valueName":"search_term_string"}}],"inLanguage":"fr-FR"},{"@type":"Organization","@id":"https:\/\/www.koonings.com\/fr\/#organization","name":"Koonings","url":"https:\/\/www.koonings.com\/fr\/","logo":{"@type":"ImageObject","inLanguage":"fr-FR","@id":"https:\/\/www.koonings.com\/fr\/#\/schema\/logo\/image\/","url":"https:\/\/www.koonings.com\/wp-content\/uploads\/2024\/07\/logo.png","contentUrl":"https:\/\/www.koonings.com\/wp-content\/uploads\/2024\/07\/logo.png","width":600,"height":428,"caption":"Koonings"},"image":{"@id":"https:\/\/www.koonings.com\/fr\/#\/schema\/logo\/image\/"},"sameAs":["https:\/\/www.facebook.com\/kooningstheweddingpalace","https:\/\/www.instagram.com\/kooningstheweddingpalace","https:\/\/www.pinterest.com\/koonings","https:\/\/www.youtube.com\/kooningstheweddingpalace"]}]}},"_links":{"self":[{"href":"https:\/\/www.koonings.com\/fr\/wp-json\/wp\/v2\/product\/85029","targetHints":{"allow":["GET"]}}],"collection":[{"href":"https:\/\/www.koonings.com\/fr\/wp-json\/wp\/v2\/product"}],"about":[{"href":"https:\/\/www.koonings.com\/fr\/wp-json\/wp\/v2\/types\/product"}],"wp:featuredmedia":[{"embeddable":true,"href":"https:\/\/www.koonings.com\/fr\/wp-json\/wp\/v2\/media\/82948"}],"wp:attachment":[{"href":"https:\/\/www.koonings.com\/fr\/wp-json\/wp\/v2\/media?parent=85029"}],"wp:term":[{"taxonomy":"productdetails","embeddable":true,"href":"https:\/\/www.koonings.com\/fr\/wp-json\/wp\/v2\/productdetails?post=85029"},{"taxonomy":"productneck","embeddable":true,"href":"https:\/\/www.koonings.com\/fr\/wp-json\/wp\/v2\/productneck?post=85029"},{"taxonomy":"productcolor","embeddable":true,"href":"https:\/\/www.koonings.com\/fr\/wp-json\/wp\/v2\/productcolor?post=85029"},{"taxonomy":"maat","embeddable":true,"href":"https:\/\/www.koonings.com\/fr\/wp-json\/wp\/v2\/maat?post=85029"},{"taxonomy":"productsupplier","embeddable":true,"href":"https:\/\/www.koonings.com\/fr\/wp-json\/wp\/v2\/productsupplier?post=85029"},{"taxonomy":"productsleeve","embeddable":true,"href":"https:\/\/www.koonings.com\/fr\/wp-json\/wp\/v2\/productsleeve?post=85029"},{"taxonomy":"productcategory","embeddable":true,"href":"https:\/\/www.koonings.com\/fr\/wp-json\/wp\/v2\/productcategory?post=85029"},{"taxonomy":"productsilhouette","embeddable":true,"href":"https:\/\/www.koonings.com\/fr\/wp-json\/wp\/v2\/productsilhouette?post=85029"},{"taxonomy":"productstyle","embeddable":true,"href":"https:\/\/www.koonings.com\/fr\/wp-json\/wp\/v2\/productstyle?post=85029"}],"curies":[{"name":"wp","href":"https:\/\/api.w.org\/{rel}","templated":true}]}}