{"id":85026,"date":"2026-04-28T18:16:20","date_gmt":"2026-04-28T16:16:20","guid":{"rendered":"https:\/\/www.koonings.com\/product\/ramona-koonings-couture-kn2549-vanessa\/"},"modified":"2025-06-05T13:58:53","modified_gmt":"2025-06-05T11:58:53","slug":"ramona-koonings-couture-kn2549-vanessa","status":"publish","type":"product","link":"https:\/\/www.koonings.com\/fr\/product\/ramona-koonings-couture-kn2549-vanessa\/","title":{"rendered":"Ramona Koonings Couture KN2549 Vanessa"},"content":{"rendered":"<p>La s\u00e9duisante robe de mari\u00e9e Vanessa de Ramona Koonings Couture.<br \/>\nLa robe de mari\u00e9e Vanessa de Ramona Koonings Couture, disponible exclusivement chez Koonings The Wedding Palace, est le choix parfait pour la mari\u00e9e qui recherche un look romantique et sexy avec une finition couture. Cette robe A-line pr\u00e9sente un d\u00e9collet\u00e9 en V profond qui souligne \u00e9l\u00e9gamment le d\u00e9collet\u00e9, tandis que les bretelles ajoutent une touche sophistiqu\u00e9e et f\u00e9minine.<br \/>\nLa douce couleur ivoire rend la robe intemporelle et r\u00eaveuse, tandis que la fente, recouverte de tulle a\u00e9rien, ajoute une touche subtile et s\u00e9duisante. La robe de mari\u00e9e Vanessa allie parfaitement le romantisme et l&#8217;\u00e9l\u00e9gance sexy, vous assurant de briller \u00e0 la fois de sophistication et d&#8217;assurance le jour de votre mariage. Cette robe est id\u00e9ale pour les mari\u00e9es qui recherchent un look couture \u00e0 la fois sophistiqu\u00e9 et s\u00e9duisant.   <\/p>\n","protected":false},"featured_media":82982,"template":"","meta":{"_acf_changed":false,"ghostkit_customizer_options":"","ghostkit_custom_css":"","ghostkit_custom_js_head":"","ghostkit_custom_js_foot":"","ghostkit_typography":""},"productdetails":[379,378,381],"productneck":[356],"productcolor":[392],"maat":[],"productsupplier":[419],"productsleeve":[359],"productcategory":[18],"productsilhouette":[384],"productstyle":[367,366,370],"class_list":["post-85026","product","type-product","status-publish","has-post-thumbnail","hentry","productdetails-379","productdetails-378","productdetails-381","productneck-356","productcolor-392","productsupplier-ramona-koonings-couture","productsleeve-359","productcategory-trouwjurken","productsilhouette-384","productstyle-367","productstyle-366","productstyle-370"],"acf":[],"yoast_head":"<!-- This site is optimized with the Yoast SEO plugin v27.3 - https:\/\/yoast.com\/product\/yoast-seo-wordpress\/ -->\n<title>Ramona Koonings Couture KN2549 Vanessa | Koonings<\/title>\n<meta name=\"description\" content=\"La s\u00e9duisante robe de mari\u00e9e Vanessa de Ramona Koonings Couture. La robe de mari\u00e9e Vanessa de Ramona Koonings Couture, disponible exclusivement chez Koonings The Wedding Palace, est le choix parfait pour la mari\u00e9e qui recherche un look romantique et sexy avec une finition couture. Cette robe A-line pr\u00e9sente un d\u00e9collet\u00e9 en V profond qui souligne \u00e9l\u00e9gamment le d\u00e9collet\u00e9, tandis que les bretelles ajoutent une touche sophistiqu\u00e9e et f\u00e9minine. La douce couleur ivoire rend la robe intemporelle et r\u00eaveuse, tandis que la fente, recouverte de tulle a\u00e9rien, ajoute une touche subtile et s\u00e9duisante. La robe de mari\u00e9e Vanessa allie parfaitement le romantisme et l&#039;\u00e9l\u00e9gance sexy, vous assurant de briller \u00e0 la fois de sophistication et d&#039;assurance le jour de votre mariage. Cette robe est id\u00e9ale pour les mari\u00e9es qui recherchent un look couture \u00e0 la fois sophistiqu\u00e9 et s\u00e9duisant.\" \/>\n<meta name=\"robots\" content=\"index, follow, max-snippet:-1, max-image-preview:large, max-video-preview:-1\" \/>\n<link rel=\"canonical\" href=\"https:\/\/www.koonings.com\/fr\/product\/ramona-koonings-couture-kn2549-vanessa\/\" \/>\n<meta property=\"og:locale\" content=\"fr_FR\" \/>\n<meta property=\"og:type\" content=\"article\" \/>\n<meta property=\"og:title\" content=\"Ramona Koonings Couture KN2549 Vanessa | Koonings\" \/>\n<meta property=\"og:description\" content=\"La s\u00e9duisante robe de mari\u00e9e Vanessa de Ramona Koonings Couture. La robe de mari\u00e9e Vanessa de Ramona Koonings Couture, disponible exclusivement chez Koonings The Wedding Palace, est le choix parfait pour la mari\u00e9e qui recherche un look romantique et sexy avec une finition couture. Cette robe A-line pr\u00e9sente un d\u00e9collet\u00e9 en V profond qui souligne \u00e9l\u00e9gamment le d\u00e9collet\u00e9, tandis que les bretelles ajoutent une touche sophistiqu\u00e9e et f\u00e9minine. La douce couleur ivoire rend la robe intemporelle et r\u00eaveuse, tandis que la fente, recouverte de tulle a\u00e9rien, ajoute une touche subtile et s\u00e9duisante. La robe de mari\u00e9e Vanessa allie parfaitement le romantisme et l&#039;\u00e9l\u00e9gance sexy, vous assurant de briller \u00e0 la fois de sophistication et d&#039;assurance le jour de votre mariage. Cette robe est id\u00e9ale pour les mari\u00e9es qui recherchent un look couture \u00e0 la fois sophistiqu\u00e9 et s\u00e9duisant.\" \/>\n<meta property=\"og:url\" content=\"https:\/\/www.koonings.com\/fr\/product\/ramona-koonings-couture-kn2549-vanessa\/\" \/>\n<meta property=\"og:site_name\" content=\"Koonings\" \/>\n<meta property=\"article:publisher\" content=\"https:\/\/www.facebook.com\/kooningstheweddingpalace\" \/>\n<meta property=\"og:image\" content=\"https:\/\/www.koonings.com\/wp-content\/uploads\/2025\/03\/40009_72d9e0cc7dcd747b6e9ed82a09cb4511555f2d0b980189004dd017427f3bcc454079a789-scaled.jpeg\" \/>\n\t<meta property=\"og:image:width\" content=\"1810\" \/>\n\t<meta property=\"og:image:height\" content=\"2560\" \/>\n\t<meta property=\"og:image:type\" content=\"image\/jpeg\" \/>\n<meta name=\"twitter:card\" content=\"summary_large_image\" \/>\n<meta name=\"twitter:label1\" content=\"Dur\u00e9e de lecture estim\u00e9e\" \/>\n\t<meta name=\"twitter:data1\" content=\"1 minute\" \/>\n<script type=\"application\/ld+json\" class=\"yoast-schema-graph\">{\"@context\":\"https:\\\/\\\/schema.org\",\"@graph\":[{\"@type\":\"WebPage\",\"@id\":\"https:\\\/\\\/www.koonings.com\\\/fr\\\/product\\\/ramona-koonings-couture-kn2549-vanessa\\\/\",\"url\":\"https:\\\/\\\/www.koonings.com\\\/fr\\\/product\\\/ramona-koonings-couture-kn2549-vanessa\\\/\",\"name\":\"Ramona Koonings Couture KN2549 Vanessa | Koonings\",\"isPartOf\":{\"@id\":\"https:\\\/\\\/www.koonings.com\\\/fr\\\/#website\"},\"primaryImageOfPage\":{\"@id\":\"https:\\\/\\\/www.koonings.com\\\/fr\\\/product\\\/ramona-koonings-couture-kn2549-vanessa\\\/#primaryimage\"},\"image\":{\"@id\":\"https:\\\/\\\/www.koonings.com\\\/fr\\\/product\\\/ramona-koonings-couture-kn2549-vanessa\\\/#primaryimage\"},\"thumbnailUrl\":\"https:\\\/\\\/www.koonings.com\\\/wp-content\\\/uploads\\\/2025\\\/03\\\/40009_72d9e0cc7dcd747b6e9ed82a09cb4511555f2d0b980189004dd017427f3bcc454079a789-scaled.jpeg\",\"datePublished\":\"2026-04-28T16:16:20+00:00\",\"description\":\"La s\u00e9duisante robe de mari\u00e9e Vanessa de Ramona Koonings Couture. La robe de mari\u00e9e Vanessa de Ramona Koonings Couture, disponible exclusivement chez Koonings The Wedding Palace, est le choix parfait pour la mari\u00e9e qui recherche un look romantique et sexy avec une finition couture. Cette robe A-line pr\u00e9sente un d\u00e9collet\u00e9 en V profond qui souligne \u00e9l\u00e9gamment le d\u00e9collet\u00e9, tandis que les bretelles ajoutent une touche sophistiqu\u00e9e et f\u00e9minine. La douce couleur ivoire rend la robe intemporelle et r\u00eaveuse, tandis que la fente, recouverte de tulle a\u00e9rien, ajoute une touche subtile et s\u00e9duisante. La robe de mari\u00e9e Vanessa allie parfaitement le romantisme et l'\u00e9l\u00e9gance sexy, vous assurant de briller \u00e0 la fois de sophistication et d'assurance le jour de votre mariage. Cette robe est id\u00e9ale pour les mari\u00e9es qui recherchent un look couture \u00e0 la fois sophistiqu\u00e9 et s\u00e9duisant.\",\"breadcrumb\":{\"@id\":\"https:\\\/\\\/www.koonings.com\\\/fr\\\/product\\\/ramona-koonings-couture-kn2549-vanessa\\\/#breadcrumb\"},\"inLanguage\":\"fr-FR\",\"potentialAction\":[{\"@type\":\"ReadAction\",\"target\":[\"https:\\\/\\\/www.koonings.com\\\/fr\\\/product\\\/ramona-koonings-couture-kn2549-vanessa\\\/\"]}]},{\"@type\":\"ImageObject\",\"inLanguage\":\"fr-FR\",\"@id\":\"https:\\\/\\\/www.koonings.com\\\/fr\\\/product\\\/ramona-koonings-couture-kn2549-vanessa\\\/#primaryimage\",\"url\":\"https:\\\/\\\/www.koonings.com\\\/wp-content\\\/uploads\\\/2025\\\/03\\\/40009_72d9e0cc7dcd747b6e9ed82a09cb4511555f2d0b980189004dd017427f3bcc454079a789-scaled.jpeg\",\"contentUrl\":\"https:\\\/\\\/www.koonings.com\\\/wp-content\\\/uploads\\\/2025\\\/03\\\/40009_72d9e0cc7dcd747b6e9ed82a09cb4511555f2d0b980189004dd017427f3bcc454079a789-scaled.jpeg\",\"width\":1810,\"height\":2560},{\"@type\":\"BreadcrumbList\",\"@id\":\"https:\\\/\\\/www.koonings.com\\\/fr\\\/product\\\/ramona-koonings-couture-kn2549-vanessa\\\/#breadcrumb\",\"itemListElement\":[{\"@type\":\"ListItem\",\"position\":1,\"name\":\"Home\",\"item\":\"https:\\\/\\\/www.koonings.com\\\/fr\\\/\"},{\"@type\":\"ListItem\",\"position\":2,\"name\":\"Ramona Koonings Couture KN2549 Vanessa\"}]},{\"@type\":\"WebSite\",\"@id\":\"https:\\\/\\\/www.koonings.com\\\/fr\\\/#website\",\"url\":\"https:\\\/\\\/www.koonings.com\\\/fr\\\/\",\"name\":\"Koonings\",\"description\":\"De grootste bruidsmodewinkel ter wereld\",\"publisher\":{\"@id\":\"https:\\\/\\\/www.koonings.com\\\/fr\\\/#organization\"},\"potentialAction\":[{\"@type\":\"SearchAction\",\"target\":{\"@type\":\"EntryPoint\",\"urlTemplate\":\"https:\\\/\\\/www.koonings.com\\\/fr\\\/?s={search_term_string}\"},\"query-input\":{\"@type\":\"PropertyValueSpecification\",\"valueRequired\":true,\"valueName\":\"search_term_string\"}}],\"inLanguage\":\"fr-FR\"},{\"@type\":\"Organization\",\"@id\":\"https:\\\/\\\/www.koonings.com\\\/fr\\\/#organization\",\"name\":\"Koonings\",\"url\":\"https:\\\/\\\/www.koonings.com\\\/fr\\\/\",\"logo\":{\"@type\":\"ImageObject\",\"inLanguage\":\"fr-FR\",\"@id\":\"https:\\\/\\\/www.koonings.com\\\/fr\\\/#\\\/schema\\\/logo\\\/image\\\/\",\"url\":\"https:\\\/\\\/www.koonings.com\\\/wp-content\\\/uploads\\\/2024\\\/07\\\/logo.png\",\"contentUrl\":\"https:\\\/\\\/www.koonings.com\\\/wp-content\\\/uploads\\\/2024\\\/07\\\/logo.png\",\"width\":600,\"height\":428,\"caption\":\"Koonings\"},\"image\":{\"@id\":\"https:\\\/\\\/www.koonings.com\\\/fr\\\/#\\\/schema\\\/logo\\\/image\\\/\"},\"sameAs\":[\"https:\\\/\\\/www.facebook.com\\\/kooningstheweddingpalace\",\"https:\\\/\\\/www.instagram.com\\\/kooningstheweddingpalace\",\"https:\\\/\\\/www.pinterest.com\\\/koonings\",\"https:\\\/\\\/www.youtube.com\\\/kooningstheweddingpalace\"]}]}<\/script>\n<!-- \/ Yoast SEO plugin. -->","yoast_head_json":{"title":"Ramona Koonings Couture KN2549 Vanessa | Koonings","description":"La s\u00e9duisante robe de mari\u00e9e Vanessa de Ramona Koonings Couture. La robe de mari\u00e9e Vanessa de Ramona Koonings Couture, disponible exclusivement chez Koonings The Wedding Palace, est le choix parfait pour la mari\u00e9e qui recherche un look romantique et sexy avec une finition couture. Cette robe A-line pr\u00e9sente un d\u00e9collet\u00e9 en V profond qui souligne \u00e9l\u00e9gamment le d\u00e9collet\u00e9, tandis que les bretelles ajoutent une touche sophistiqu\u00e9e et f\u00e9minine. La douce couleur ivoire rend la robe intemporelle et r\u00eaveuse, tandis que la fente, recouverte de tulle a\u00e9rien, ajoute une touche subtile et s\u00e9duisante. La robe de mari\u00e9e Vanessa allie parfaitement le romantisme et l'\u00e9l\u00e9gance sexy, vous assurant de briller \u00e0 la fois de sophistication et d'assurance le jour de votre mariage. Cette robe est id\u00e9ale pour les mari\u00e9es qui recherchent un look couture \u00e0 la fois sophistiqu\u00e9 et s\u00e9duisant.","robots":{"index":"index","follow":"follow","max-snippet":"max-snippet:-1","max-image-preview":"max-image-preview:large","max-video-preview":"max-video-preview:-1"},"canonical":"https:\/\/www.koonings.com\/fr\/product\/ramona-koonings-couture-kn2549-vanessa\/","og_locale":"fr_FR","og_type":"article","og_title":"Ramona Koonings Couture KN2549 Vanessa | Koonings","og_description":"La s\u00e9duisante robe de mari\u00e9e Vanessa de Ramona Koonings Couture. La robe de mari\u00e9e Vanessa de Ramona Koonings Couture, disponible exclusivement chez Koonings The Wedding Palace, est le choix parfait pour la mari\u00e9e qui recherche un look romantique et sexy avec une finition couture. Cette robe A-line pr\u00e9sente un d\u00e9collet\u00e9 en V profond qui souligne \u00e9l\u00e9gamment le d\u00e9collet\u00e9, tandis que les bretelles ajoutent une touche sophistiqu\u00e9e et f\u00e9minine. La douce couleur ivoire rend la robe intemporelle et r\u00eaveuse, tandis que la fente, recouverte de tulle a\u00e9rien, ajoute une touche subtile et s\u00e9duisante. La robe de mari\u00e9e Vanessa allie parfaitement le romantisme et l'\u00e9l\u00e9gance sexy, vous assurant de briller \u00e0 la fois de sophistication et d'assurance le jour de votre mariage. Cette robe est id\u00e9ale pour les mari\u00e9es qui recherchent un look couture \u00e0 la fois sophistiqu\u00e9 et s\u00e9duisant.","og_url":"https:\/\/www.koonings.com\/fr\/product\/ramona-koonings-couture-kn2549-vanessa\/","og_site_name":"Koonings","article_publisher":"https:\/\/www.facebook.com\/kooningstheweddingpalace","og_image":[{"width":1810,"height":2560,"url":"https:\/\/www.koonings.com\/wp-content\/uploads\/2025\/03\/40009_72d9e0cc7dcd747b6e9ed82a09cb4511555f2d0b980189004dd017427f3bcc454079a789-scaled.jpeg","type":"image\/jpeg"}],"twitter_card":"summary_large_image","twitter_misc":{"Dur\u00e9e de lecture estim\u00e9e":"1 minute"},"schema":{"@context":"https:\/\/schema.org","@graph":[{"@type":"WebPage","@id":"https:\/\/www.koonings.com\/fr\/product\/ramona-koonings-couture-kn2549-vanessa\/","url":"https:\/\/www.koonings.com\/fr\/product\/ramona-koonings-couture-kn2549-vanessa\/","name":"Ramona Koonings Couture KN2549 Vanessa | Koonings","isPartOf":{"@id":"https:\/\/www.koonings.com\/fr\/#website"},"primaryImageOfPage":{"@id":"https:\/\/www.koonings.com\/fr\/product\/ramona-koonings-couture-kn2549-vanessa\/#primaryimage"},"image":{"@id":"https:\/\/www.koonings.com\/fr\/product\/ramona-koonings-couture-kn2549-vanessa\/#primaryimage"},"thumbnailUrl":"https:\/\/www.koonings.com\/wp-content\/uploads\/2025\/03\/40009_72d9e0cc7dcd747b6e9ed82a09cb4511555f2d0b980189004dd017427f3bcc454079a789-scaled.jpeg","datePublished":"2026-04-28T16:16:20+00:00","description":"La s\u00e9duisante robe de mari\u00e9e Vanessa de Ramona Koonings Couture. La robe de mari\u00e9e Vanessa de Ramona Koonings Couture, disponible exclusivement chez Koonings The Wedding Palace, est le choix parfait pour la mari\u00e9e qui recherche un look romantique et sexy avec une finition couture. Cette robe A-line pr\u00e9sente un d\u00e9collet\u00e9 en V profond qui souligne \u00e9l\u00e9gamment le d\u00e9collet\u00e9, tandis que les bretelles ajoutent une touche sophistiqu\u00e9e et f\u00e9minine. La douce couleur ivoire rend la robe intemporelle et r\u00eaveuse, tandis que la fente, recouverte de tulle a\u00e9rien, ajoute une touche subtile et s\u00e9duisante. La robe de mari\u00e9e Vanessa allie parfaitement le romantisme et l'\u00e9l\u00e9gance sexy, vous assurant de briller \u00e0 la fois de sophistication et d'assurance le jour de votre mariage. Cette robe est id\u00e9ale pour les mari\u00e9es qui recherchent un look couture \u00e0 la fois sophistiqu\u00e9 et s\u00e9duisant.","breadcrumb":{"@id":"https:\/\/www.koonings.com\/fr\/product\/ramona-koonings-couture-kn2549-vanessa\/#breadcrumb"},"inLanguage":"fr-FR","potentialAction":[{"@type":"ReadAction","target":["https:\/\/www.koonings.com\/fr\/product\/ramona-koonings-couture-kn2549-vanessa\/"]}]},{"@type":"ImageObject","inLanguage":"fr-FR","@id":"https:\/\/www.koonings.com\/fr\/product\/ramona-koonings-couture-kn2549-vanessa\/#primaryimage","url":"https:\/\/www.koonings.com\/wp-content\/uploads\/2025\/03\/40009_72d9e0cc7dcd747b6e9ed82a09cb4511555f2d0b980189004dd017427f3bcc454079a789-scaled.jpeg","contentUrl":"https:\/\/www.koonings.com\/wp-content\/uploads\/2025\/03\/40009_72d9e0cc7dcd747b6e9ed82a09cb4511555f2d0b980189004dd017427f3bcc454079a789-scaled.jpeg","width":1810,"height":2560},{"@type":"BreadcrumbList","@id":"https:\/\/www.koonings.com\/fr\/product\/ramona-koonings-couture-kn2549-vanessa\/#breadcrumb","itemListElement":[{"@type":"ListItem","position":1,"name":"Home","item":"https:\/\/www.koonings.com\/fr\/"},{"@type":"ListItem","position":2,"name":"Ramona Koonings Couture KN2549 Vanessa"}]},{"@type":"WebSite","@id":"https:\/\/www.koonings.com\/fr\/#website","url":"https:\/\/www.koonings.com\/fr\/","name":"Koonings","description":"De grootste bruidsmodewinkel ter wereld","publisher":{"@id":"https:\/\/www.koonings.com\/fr\/#organization"},"potentialAction":[{"@type":"SearchAction","target":{"@type":"EntryPoint","urlTemplate":"https:\/\/www.koonings.com\/fr\/?s={search_term_string}"},"query-input":{"@type":"PropertyValueSpecification","valueRequired":true,"valueName":"search_term_string"}}],"inLanguage":"fr-FR"},{"@type":"Organization","@id":"https:\/\/www.koonings.com\/fr\/#organization","name":"Koonings","url":"https:\/\/www.koonings.com\/fr\/","logo":{"@type":"ImageObject","inLanguage":"fr-FR","@id":"https:\/\/www.koonings.com\/fr\/#\/schema\/logo\/image\/","url":"https:\/\/www.koonings.com\/wp-content\/uploads\/2024\/07\/logo.png","contentUrl":"https:\/\/www.koonings.com\/wp-content\/uploads\/2024\/07\/logo.png","width":600,"height":428,"caption":"Koonings"},"image":{"@id":"https:\/\/www.koonings.com\/fr\/#\/schema\/logo\/image\/"},"sameAs":["https:\/\/www.facebook.com\/kooningstheweddingpalace","https:\/\/www.instagram.com\/kooningstheweddingpalace","https:\/\/www.pinterest.com\/koonings","https:\/\/www.youtube.com\/kooningstheweddingpalace"]}]}},"_links":{"self":[{"href":"https:\/\/www.koonings.com\/fr\/wp-json\/wp\/v2\/product\/85026","targetHints":{"allow":["GET"]}}],"collection":[{"href":"https:\/\/www.koonings.com\/fr\/wp-json\/wp\/v2\/product"}],"about":[{"href":"https:\/\/www.koonings.com\/fr\/wp-json\/wp\/v2\/types\/product"}],"wp:featuredmedia":[{"embeddable":true,"href":"https:\/\/www.koonings.com\/fr\/wp-json\/wp\/v2\/media\/82982"}],"wp:attachment":[{"href":"https:\/\/www.koonings.com\/fr\/wp-json\/wp\/v2\/media?parent=85026"}],"wp:term":[{"taxonomy":"productdetails","embeddable":true,"href":"https:\/\/www.koonings.com\/fr\/wp-json\/wp\/v2\/productdetails?post=85026"},{"taxonomy":"productneck","embeddable":true,"href":"https:\/\/www.koonings.com\/fr\/wp-json\/wp\/v2\/productneck?post=85026"},{"taxonomy":"productcolor","embeddable":true,"href":"https:\/\/www.koonings.com\/fr\/wp-json\/wp\/v2\/productcolor?post=85026"},{"taxonomy":"maat","embeddable":true,"href":"https:\/\/www.koonings.com\/fr\/wp-json\/wp\/v2\/maat?post=85026"},{"taxonomy":"productsupplier","embeddable":true,"href":"https:\/\/www.koonings.com\/fr\/wp-json\/wp\/v2\/productsupplier?post=85026"},{"taxonomy":"productsleeve","embeddable":true,"href":"https:\/\/www.koonings.com\/fr\/wp-json\/wp\/v2\/productsleeve?post=85026"},{"taxonomy":"productcategory","embeddable":true,"href":"https:\/\/www.koonings.com\/fr\/wp-json\/wp\/v2\/productcategory?post=85026"},{"taxonomy":"productsilhouette","embeddable":true,"href":"https:\/\/www.koonings.com\/fr\/wp-json\/wp\/v2\/productsilhouette?post=85026"},{"taxonomy":"productstyle","embeddable":true,"href":"https:\/\/www.koonings.com\/fr\/wp-json\/wp\/v2\/productstyle?post=85026"}],"curies":[{"name":"wp","href":"https:\/\/api.w.org\/{rel}","templated":true}]}}