{"id":85023,"date":"2026-05-06T15:16:32","date_gmt":"2026-05-06T13:16:32","guid":{"rendered":"https:\/\/www.koonings.com\/product\/ramona-koonings-couture-kn2563-vandana\/"},"modified":"2025-06-05T13:58:42","modified_gmt":"2025-06-05T11:58:42","slug":"ramona-koonings-couture-kn2563-vandana","status":"publish","type":"product","link":"https:\/\/www.koonings.com\/fr\/product\/ramona-koonings-couture-kn2563-vandana\/","title":{"rendered":"Ramona Koonings Couture KN2563 Vandana"},"content":{"rendered":"<p>La s\u00e9duisante robe de mari\u00e9e Vandana de Ramona Koonings Couture.<br \/>\nLa robe de mari\u00e9e Vandana de Ramona Koonings Couture, disponible exclusivement chez Koonings The Wedding Palace, est le choix id\u00e9al pour la mari\u00e9e qui aime un look romantique et super sexy. Cette robe de couture a une coupe A-line qui tombe doucement et se drape \u00e9l\u00e9gamment autour du corps. Le d\u00e9collet\u00e9 en V accentue le d\u00e9collet\u00e9 d&#8217;une mani\u00e8re subtile et s\u00e9duisante, tandis que les fines bretelles donnent \u00e0 la robe un aspect sophistiqu\u00e9 et l\u00e9ger.<br \/>\nLa couleur ivoire de la robe ajoute une touche romantique et r\u00eaveuse, tandis que la fente, combin\u00e9e \u00e0 la jupe en tulle a\u00e9r\u00e9e, ajoute une touche ludique et sensuelle. La robe de mari\u00e9e Vandana respire le romantisme et l&#8217;\u00e9l\u00e9gance, tout en \u00e9tant sexy et moderne gr\u00e2ce \u00e0 ses d\u00e9tails audacieux.<br \/>\nCette robe est parfaite pour la mari\u00e9e qui veut briller dans un mod\u00e8le couture \u00e0 la fois romantique et s\u00e9duisant, avec la jupe en tulle qui donne un mouvement enchanteur \u00e0 chaque pas. D\u00e9couvrez la robe de mari\u00e9e Vandana de Ramona Koonings Couture chez Koonings The Wedding Palace et sentez-vous confiante et \u00e9blouissante pour votre plus beau jour.    <\/p>\n","protected":false},"featured_media":82965,"template":"","meta":{"_acf_changed":false,"ghostkit_customizer_options":"","ghostkit_custom_css":"","ghostkit_custom_js_head":"","ghostkit_custom_js_foot":"","ghostkit_typography":""},"productdetails":[378,381],"productneck":[356],"productcolor":[392],"maat":[],"productsupplier":[419],"productsleeve":[359],"productcategory":[18],"productsilhouette":[384,389],"productstyle":[367,366,370],"class_list":["post-85023","product","type-product","status-publish","has-post-thumbnail","hentry","productdetails-378","productdetails-381","productneck-356","productcolor-392","productsupplier-ramona-koonings-couture","productsleeve-359","productcategory-trouwjurken","productsilhouette-384","productsilhouette-389","productstyle-367","productstyle-366","productstyle-370"],"acf":[],"yoast_head":"<!-- This site is optimized with the Yoast SEO plugin v27.3 - https:\/\/yoast.com\/product\/yoast-seo-wordpress\/ -->\n<title>Ramona Koonings Couture KN2563 Vandana | Koonings<\/title>\n<meta name=\"description\" content=\"La s\u00e9duisante robe de mari\u00e9e Vandana de Ramona Koonings Couture. La robe de mari\u00e9e Vandana de Ramona Koonings Couture, disponible exclusivement chez Koonings The Wedding Palace, est le choix id\u00e9al pour la mari\u00e9e qui aime un look romantique et super sexy. Cette robe de couture a une coupe A-line qui tombe doucement et se drape \u00e9l\u00e9gamment autour du corps. Le d\u00e9collet\u00e9 en V accentue le d\u00e9collet\u00e9 d&#039;une mani\u00e8re subtile et s\u00e9duisante, tandis que les fines bretelles donnent \u00e0 la robe un aspect sophistiqu\u00e9 et l\u00e9ger. La couleur ivoire de la robe ajoute une touche romantique et r\u00eaveuse, tandis que la fente, combin\u00e9e \u00e0 la jupe en tulle a\u00e9r\u00e9e, ajoute une touche ludique et sensuelle. La robe de mari\u00e9e Vandana respire le romantisme et l&#039;\u00e9l\u00e9gance, tout en \u00e9tant sexy et moderne gr\u00e2ce \u00e0 ses d\u00e9tails audacieux. Cette robe est parfaite pour la mari\u00e9e qui veut briller dans un mod\u00e8le couture \u00e0 la fois romantique et s\u00e9duisant, avec la jupe en tulle qui donne un mouvement enchanteur \u00e0 chaque pas. D\u00e9couvrez la robe de mari\u00e9e Vandana de Ramona Koonings Couture chez Koonings The Wedding Palace et sentez-vous confiante et \u00e9blouissante pour votre plus beau jour.\" \/>\n<meta name=\"robots\" content=\"index, follow, max-snippet:-1, max-image-preview:large, max-video-preview:-1\" \/>\n<link rel=\"canonical\" href=\"https:\/\/www.koonings.com\/fr\/product\/ramona-koonings-couture-kn2563-vandana\/\" \/>\n<meta property=\"og:locale\" content=\"fr_FR\" \/>\n<meta property=\"og:type\" content=\"article\" \/>\n<meta property=\"og:title\" content=\"Ramona Koonings Couture KN2563 Vandana | Koonings\" \/>\n<meta property=\"og:description\" content=\"La s\u00e9duisante robe de mari\u00e9e Vandana de Ramona Koonings Couture. La robe de mari\u00e9e Vandana de Ramona Koonings Couture, disponible exclusivement chez Koonings The Wedding Palace, est le choix id\u00e9al pour la mari\u00e9e qui aime un look romantique et super sexy. Cette robe de couture a une coupe A-line qui tombe doucement et se drape \u00e9l\u00e9gamment autour du corps. Le d\u00e9collet\u00e9 en V accentue le d\u00e9collet\u00e9 d&#039;une mani\u00e8re subtile et s\u00e9duisante, tandis que les fines bretelles donnent \u00e0 la robe un aspect sophistiqu\u00e9 et l\u00e9ger. La couleur ivoire de la robe ajoute une touche romantique et r\u00eaveuse, tandis que la fente, combin\u00e9e \u00e0 la jupe en tulle a\u00e9r\u00e9e, ajoute une touche ludique et sensuelle. La robe de mari\u00e9e Vandana respire le romantisme et l&#039;\u00e9l\u00e9gance, tout en \u00e9tant sexy et moderne gr\u00e2ce \u00e0 ses d\u00e9tails audacieux. Cette robe est parfaite pour la mari\u00e9e qui veut briller dans un mod\u00e8le couture \u00e0 la fois romantique et s\u00e9duisant, avec la jupe en tulle qui donne un mouvement enchanteur \u00e0 chaque pas. D\u00e9couvrez la robe de mari\u00e9e Vandana de Ramona Koonings Couture chez Koonings The Wedding Palace et sentez-vous confiante et \u00e9blouissante pour votre plus beau jour.\" \/>\n<meta property=\"og:url\" content=\"https:\/\/www.koonings.com\/fr\/product\/ramona-koonings-couture-kn2563-vandana\/\" \/>\n<meta property=\"og:site_name\" content=\"Koonings\" \/>\n<meta property=\"article:publisher\" content=\"https:\/\/www.facebook.com\/kooningstheweddingpalace\" \/>\n<meta property=\"og:image\" content=\"https:\/\/www.koonings.com\/wp-content\/uploads\/2025\/03\/40006_9ca7aef11aa60be1ec387a033cdff5b5aafcff8041f728fb8ec448097775dd8938e8b307-scaled.jpeg\" \/>\n\t<meta property=\"og:image:width\" content=\"1807\" \/>\n\t<meta property=\"og:image:height\" content=\"2560\" \/>\n\t<meta property=\"og:image:type\" content=\"image\/jpeg\" \/>\n<meta name=\"twitter:card\" content=\"summary_large_image\" \/>\n<meta name=\"twitter:label1\" content=\"Dur\u00e9e de lecture estim\u00e9e\" \/>\n\t<meta name=\"twitter:data1\" content=\"1 minute\" \/>\n<script type=\"application\/ld+json\" class=\"yoast-schema-graph\">{\"@context\":\"https:\\\/\\\/schema.org\",\"@graph\":[{\"@type\":\"WebPage\",\"@id\":\"https:\\\/\\\/www.koonings.com\\\/fr\\\/product\\\/ramona-koonings-couture-kn2563-vandana\\\/\",\"url\":\"https:\\\/\\\/www.koonings.com\\\/fr\\\/product\\\/ramona-koonings-couture-kn2563-vandana\\\/\",\"name\":\"Ramona Koonings Couture KN2563 Vandana | Koonings\",\"isPartOf\":{\"@id\":\"https:\\\/\\\/www.koonings.com\\\/fr\\\/#website\"},\"primaryImageOfPage\":{\"@id\":\"https:\\\/\\\/www.koonings.com\\\/fr\\\/product\\\/ramona-koonings-couture-kn2563-vandana\\\/#primaryimage\"},\"image\":{\"@id\":\"https:\\\/\\\/www.koonings.com\\\/fr\\\/product\\\/ramona-koonings-couture-kn2563-vandana\\\/#primaryimage\"},\"thumbnailUrl\":\"https:\\\/\\\/www.koonings.com\\\/wp-content\\\/uploads\\\/2025\\\/03\\\/40006_9ca7aef11aa60be1ec387a033cdff5b5aafcff8041f728fb8ec448097775dd8938e8b307-scaled.jpeg\",\"datePublished\":\"2026-05-06T13:16:32+00:00\",\"description\":\"La s\u00e9duisante robe de mari\u00e9e Vandana de Ramona Koonings Couture. La robe de mari\u00e9e Vandana de Ramona Koonings Couture, disponible exclusivement chez Koonings The Wedding Palace, est le choix id\u00e9al pour la mari\u00e9e qui aime un look romantique et super sexy. Cette robe de couture a une coupe A-line qui tombe doucement et se drape \u00e9l\u00e9gamment autour du corps. Le d\u00e9collet\u00e9 en V accentue le d\u00e9collet\u00e9 d'une mani\u00e8re subtile et s\u00e9duisante, tandis que les fines bretelles donnent \u00e0 la robe un aspect sophistiqu\u00e9 et l\u00e9ger. La couleur ivoire de la robe ajoute une touche romantique et r\u00eaveuse, tandis que la fente, combin\u00e9e \u00e0 la jupe en tulle a\u00e9r\u00e9e, ajoute une touche ludique et sensuelle. La robe de mari\u00e9e Vandana respire le romantisme et l'\u00e9l\u00e9gance, tout en \u00e9tant sexy et moderne gr\u00e2ce \u00e0 ses d\u00e9tails audacieux. Cette robe est parfaite pour la mari\u00e9e qui veut briller dans un mod\u00e8le couture \u00e0 la fois romantique et s\u00e9duisant, avec la jupe en tulle qui donne un mouvement enchanteur \u00e0 chaque pas. D\u00e9couvrez la robe de mari\u00e9e Vandana de Ramona Koonings Couture chez Koonings The Wedding Palace et sentez-vous confiante et \u00e9blouissante pour votre plus beau jour.\",\"breadcrumb\":{\"@id\":\"https:\\\/\\\/www.koonings.com\\\/fr\\\/product\\\/ramona-koonings-couture-kn2563-vandana\\\/#breadcrumb\"},\"inLanguage\":\"fr-FR\",\"potentialAction\":[{\"@type\":\"ReadAction\",\"target\":[\"https:\\\/\\\/www.koonings.com\\\/fr\\\/product\\\/ramona-koonings-couture-kn2563-vandana\\\/\"]}]},{\"@type\":\"ImageObject\",\"inLanguage\":\"fr-FR\",\"@id\":\"https:\\\/\\\/www.koonings.com\\\/fr\\\/product\\\/ramona-koonings-couture-kn2563-vandana\\\/#primaryimage\",\"url\":\"https:\\\/\\\/www.koonings.com\\\/wp-content\\\/uploads\\\/2025\\\/03\\\/40006_9ca7aef11aa60be1ec387a033cdff5b5aafcff8041f728fb8ec448097775dd8938e8b307-scaled.jpeg\",\"contentUrl\":\"https:\\\/\\\/www.koonings.com\\\/wp-content\\\/uploads\\\/2025\\\/03\\\/40006_9ca7aef11aa60be1ec387a033cdff5b5aafcff8041f728fb8ec448097775dd8938e8b307-scaled.jpeg\",\"width\":1807,\"height\":2560},{\"@type\":\"BreadcrumbList\",\"@id\":\"https:\\\/\\\/www.koonings.com\\\/fr\\\/product\\\/ramona-koonings-couture-kn2563-vandana\\\/#breadcrumb\",\"itemListElement\":[{\"@type\":\"ListItem\",\"position\":1,\"name\":\"Home\",\"item\":\"https:\\\/\\\/www.koonings.com\\\/fr\\\/\"},{\"@type\":\"ListItem\",\"position\":2,\"name\":\"Ramona Koonings Couture KN2563 Vandana\"}]},{\"@type\":\"WebSite\",\"@id\":\"https:\\\/\\\/www.koonings.com\\\/fr\\\/#website\",\"url\":\"https:\\\/\\\/www.koonings.com\\\/fr\\\/\",\"name\":\"Koonings\",\"description\":\"De grootste bruidsmodewinkel ter wereld\",\"publisher\":{\"@id\":\"https:\\\/\\\/www.koonings.com\\\/fr\\\/#organization\"},\"potentialAction\":[{\"@type\":\"SearchAction\",\"target\":{\"@type\":\"EntryPoint\",\"urlTemplate\":\"https:\\\/\\\/www.koonings.com\\\/fr\\\/?s={search_term_string}\"},\"query-input\":{\"@type\":\"PropertyValueSpecification\",\"valueRequired\":true,\"valueName\":\"search_term_string\"}}],\"inLanguage\":\"fr-FR\"},{\"@type\":\"Organization\",\"@id\":\"https:\\\/\\\/www.koonings.com\\\/fr\\\/#organization\",\"name\":\"Koonings\",\"url\":\"https:\\\/\\\/www.koonings.com\\\/fr\\\/\",\"logo\":{\"@type\":\"ImageObject\",\"inLanguage\":\"fr-FR\",\"@id\":\"https:\\\/\\\/www.koonings.com\\\/fr\\\/#\\\/schema\\\/logo\\\/image\\\/\",\"url\":\"https:\\\/\\\/www.koonings.com\\\/wp-content\\\/uploads\\\/2024\\\/07\\\/logo.png\",\"contentUrl\":\"https:\\\/\\\/www.koonings.com\\\/wp-content\\\/uploads\\\/2024\\\/07\\\/logo.png\",\"width\":600,\"height\":428,\"caption\":\"Koonings\"},\"image\":{\"@id\":\"https:\\\/\\\/www.koonings.com\\\/fr\\\/#\\\/schema\\\/logo\\\/image\\\/\"},\"sameAs\":[\"https:\\\/\\\/www.facebook.com\\\/kooningstheweddingpalace\",\"https:\\\/\\\/www.instagram.com\\\/kooningstheweddingpalace\",\"https:\\\/\\\/www.pinterest.com\\\/koonings\",\"https:\\\/\\\/www.youtube.com\\\/kooningstheweddingpalace\"]}]}<\/script>\n<!-- \/ Yoast SEO plugin. -->","yoast_head_json":{"title":"Ramona Koonings Couture KN2563 Vandana | Koonings","description":"La s\u00e9duisante robe de mari\u00e9e Vandana de Ramona Koonings Couture. La robe de mari\u00e9e Vandana de Ramona Koonings Couture, disponible exclusivement chez Koonings The Wedding Palace, est le choix id\u00e9al pour la mari\u00e9e qui aime un look romantique et super sexy. Cette robe de couture a une coupe A-line qui tombe doucement et se drape \u00e9l\u00e9gamment autour du corps. Le d\u00e9collet\u00e9 en V accentue le d\u00e9collet\u00e9 d'une mani\u00e8re subtile et s\u00e9duisante, tandis que les fines bretelles donnent \u00e0 la robe un aspect sophistiqu\u00e9 et l\u00e9ger. La couleur ivoire de la robe ajoute une touche romantique et r\u00eaveuse, tandis que la fente, combin\u00e9e \u00e0 la jupe en tulle a\u00e9r\u00e9e, ajoute une touche ludique et sensuelle. La robe de mari\u00e9e Vandana respire le romantisme et l'\u00e9l\u00e9gance, tout en \u00e9tant sexy et moderne gr\u00e2ce \u00e0 ses d\u00e9tails audacieux. Cette robe est parfaite pour la mari\u00e9e qui veut briller dans un mod\u00e8le couture \u00e0 la fois romantique et s\u00e9duisant, avec la jupe en tulle qui donne un mouvement enchanteur \u00e0 chaque pas. D\u00e9couvrez la robe de mari\u00e9e Vandana de Ramona Koonings Couture chez Koonings The Wedding Palace et sentez-vous confiante et \u00e9blouissante pour votre plus beau jour.","robots":{"index":"index","follow":"follow","max-snippet":"max-snippet:-1","max-image-preview":"max-image-preview:large","max-video-preview":"max-video-preview:-1"},"canonical":"https:\/\/www.koonings.com\/fr\/product\/ramona-koonings-couture-kn2563-vandana\/","og_locale":"fr_FR","og_type":"article","og_title":"Ramona Koonings Couture KN2563 Vandana | Koonings","og_description":"La s\u00e9duisante robe de mari\u00e9e Vandana de Ramona Koonings Couture. La robe de mari\u00e9e Vandana de Ramona Koonings Couture, disponible exclusivement chez Koonings The Wedding Palace, est le choix id\u00e9al pour la mari\u00e9e qui aime un look romantique et super sexy. Cette robe de couture a une coupe A-line qui tombe doucement et se drape \u00e9l\u00e9gamment autour du corps. Le d\u00e9collet\u00e9 en V accentue le d\u00e9collet\u00e9 d'une mani\u00e8re subtile et s\u00e9duisante, tandis que les fines bretelles donnent \u00e0 la robe un aspect sophistiqu\u00e9 et l\u00e9ger. La couleur ivoire de la robe ajoute une touche romantique et r\u00eaveuse, tandis que la fente, combin\u00e9e \u00e0 la jupe en tulle a\u00e9r\u00e9e, ajoute une touche ludique et sensuelle. La robe de mari\u00e9e Vandana respire le romantisme et l'\u00e9l\u00e9gance, tout en \u00e9tant sexy et moderne gr\u00e2ce \u00e0 ses d\u00e9tails audacieux. Cette robe est parfaite pour la mari\u00e9e qui veut briller dans un mod\u00e8le couture \u00e0 la fois romantique et s\u00e9duisant, avec la jupe en tulle qui donne un mouvement enchanteur \u00e0 chaque pas. D\u00e9couvrez la robe de mari\u00e9e Vandana de Ramona Koonings Couture chez Koonings The Wedding Palace et sentez-vous confiante et \u00e9blouissante pour votre plus beau jour.","og_url":"https:\/\/www.koonings.com\/fr\/product\/ramona-koonings-couture-kn2563-vandana\/","og_site_name":"Koonings","article_publisher":"https:\/\/www.facebook.com\/kooningstheweddingpalace","og_image":[{"width":1807,"height":2560,"url":"https:\/\/www.koonings.com\/wp-content\/uploads\/2025\/03\/40006_9ca7aef11aa60be1ec387a033cdff5b5aafcff8041f728fb8ec448097775dd8938e8b307-scaled.jpeg","type":"image\/jpeg"}],"twitter_card":"summary_large_image","twitter_misc":{"Dur\u00e9e de lecture estim\u00e9e":"1 minute"},"schema":{"@context":"https:\/\/schema.org","@graph":[{"@type":"WebPage","@id":"https:\/\/www.koonings.com\/fr\/product\/ramona-koonings-couture-kn2563-vandana\/","url":"https:\/\/www.koonings.com\/fr\/product\/ramona-koonings-couture-kn2563-vandana\/","name":"Ramona Koonings Couture KN2563 Vandana | Koonings","isPartOf":{"@id":"https:\/\/www.koonings.com\/fr\/#website"},"primaryImageOfPage":{"@id":"https:\/\/www.koonings.com\/fr\/product\/ramona-koonings-couture-kn2563-vandana\/#primaryimage"},"image":{"@id":"https:\/\/www.koonings.com\/fr\/product\/ramona-koonings-couture-kn2563-vandana\/#primaryimage"},"thumbnailUrl":"https:\/\/www.koonings.com\/wp-content\/uploads\/2025\/03\/40006_9ca7aef11aa60be1ec387a033cdff5b5aafcff8041f728fb8ec448097775dd8938e8b307-scaled.jpeg","datePublished":"2026-05-06T13:16:32+00:00","description":"La s\u00e9duisante robe de mari\u00e9e Vandana de Ramona Koonings Couture. La robe de mari\u00e9e Vandana de Ramona Koonings Couture, disponible exclusivement chez Koonings The Wedding Palace, est le choix id\u00e9al pour la mari\u00e9e qui aime un look romantique et super sexy. Cette robe de couture a une coupe A-line qui tombe doucement et se drape \u00e9l\u00e9gamment autour du corps. Le d\u00e9collet\u00e9 en V accentue le d\u00e9collet\u00e9 d'une mani\u00e8re subtile et s\u00e9duisante, tandis que les fines bretelles donnent \u00e0 la robe un aspect sophistiqu\u00e9 et l\u00e9ger. La couleur ivoire de la robe ajoute une touche romantique et r\u00eaveuse, tandis que la fente, combin\u00e9e \u00e0 la jupe en tulle a\u00e9r\u00e9e, ajoute une touche ludique et sensuelle. La robe de mari\u00e9e Vandana respire le romantisme et l'\u00e9l\u00e9gance, tout en \u00e9tant sexy et moderne gr\u00e2ce \u00e0 ses d\u00e9tails audacieux. Cette robe est parfaite pour la mari\u00e9e qui veut briller dans un mod\u00e8le couture \u00e0 la fois romantique et s\u00e9duisant, avec la jupe en tulle qui donne un mouvement enchanteur \u00e0 chaque pas. D\u00e9couvrez la robe de mari\u00e9e Vandana de Ramona Koonings Couture chez Koonings The Wedding Palace et sentez-vous confiante et \u00e9blouissante pour votre plus beau jour.","breadcrumb":{"@id":"https:\/\/www.koonings.com\/fr\/product\/ramona-koonings-couture-kn2563-vandana\/#breadcrumb"},"inLanguage":"fr-FR","potentialAction":[{"@type":"ReadAction","target":["https:\/\/www.koonings.com\/fr\/product\/ramona-koonings-couture-kn2563-vandana\/"]}]},{"@type":"ImageObject","inLanguage":"fr-FR","@id":"https:\/\/www.koonings.com\/fr\/product\/ramona-koonings-couture-kn2563-vandana\/#primaryimage","url":"https:\/\/www.koonings.com\/wp-content\/uploads\/2025\/03\/40006_9ca7aef11aa60be1ec387a033cdff5b5aafcff8041f728fb8ec448097775dd8938e8b307-scaled.jpeg","contentUrl":"https:\/\/www.koonings.com\/wp-content\/uploads\/2025\/03\/40006_9ca7aef11aa60be1ec387a033cdff5b5aafcff8041f728fb8ec448097775dd8938e8b307-scaled.jpeg","width":1807,"height":2560},{"@type":"BreadcrumbList","@id":"https:\/\/www.koonings.com\/fr\/product\/ramona-koonings-couture-kn2563-vandana\/#breadcrumb","itemListElement":[{"@type":"ListItem","position":1,"name":"Home","item":"https:\/\/www.koonings.com\/fr\/"},{"@type":"ListItem","position":2,"name":"Ramona Koonings Couture KN2563 Vandana"}]},{"@type":"WebSite","@id":"https:\/\/www.koonings.com\/fr\/#website","url":"https:\/\/www.koonings.com\/fr\/","name":"Koonings","description":"De grootste bruidsmodewinkel ter wereld","publisher":{"@id":"https:\/\/www.koonings.com\/fr\/#organization"},"potentialAction":[{"@type":"SearchAction","target":{"@type":"EntryPoint","urlTemplate":"https:\/\/www.koonings.com\/fr\/?s={search_term_string}"},"query-input":{"@type":"PropertyValueSpecification","valueRequired":true,"valueName":"search_term_string"}}],"inLanguage":"fr-FR"},{"@type":"Organization","@id":"https:\/\/www.koonings.com\/fr\/#organization","name":"Koonings","url":"https:\/\/www.koonings.com\/fr\/","logo":{"@type":"ImageObject","inLanguage":"fr-FR","@id":"https:\/\/www.koonings.com\/fr\/#\/schema\/logo\/image\/","url":"https:\/\/www.koonings.com\/wp-content\/uploads\/2024\/07\/logo.png","contentUrl":"https:\/\/www.koonings.com\/wp-content\/uploads\/2024\/07\/logo.png","width":600,"height":428,"caption":"Koonings"},"image":{"@id":"https:\/\/www.koonings.com\/fr\/#\/schema\/logo\/image\/"},"sameAs":["https:\/\/www.facebook.com\/kooningstheweddingpalace","https:\/\/www.instagram.com\/kooningstheweddingpalace","https:\/\/www.pinterest.com\/koonings","https:\/\/www.youtube.com\/kooningstheweddingpalace"]}]}},"_links":{"self":[{"href":"https:\/\/www.koonings.com\/fr\/wp-json\/wp\/v2\/product\/85023","targetHints":{"allow":["GET"]}}],"collection":[{"href":"https:\/\/www.koonings.com\/fr\/wp-json\/wp\/v2\/product"}],"about":[{"href":"https:\/\/www.koonings.com\/fr\/wp-json\/wp\/v2\/types\/product"}],"wp:featuredmedia":[{"embeddable":true,"href":"https:\/\/www.koonings.com\/fr\/wp-json\/wp\/v2\/media\/82965"}],"wp:attachment":[{"href":"https:\/\/www.koonings.com\/fr\/wp-json\/wp\/v2\/media?parent=85023"}],"wp:term":[{"taxonomy":"productdetails","embeddable":true,"href":"https:\/\/www.koonings.com\/fr\/wp-json\/wp\/v2\/productdetails?post=85023"},{"taxonomy":"productneck","embeddable":true,"href":"https:\/\/www.koonings.com\/fr\/wp-json\/wp\/v2\/productneck?post=85023"},{"taxonomy":"productcolor","embeddable":true,"href":"https:\/\/www.koonings.com\/fr\/wp-json\/wp\/v2\/productcolor?post=85023"},{"taxonomy":"maat","embeddable":true,"href":"https:\/\/www.koonings.com\/fr\/wp-json\/wp\/v2\/maat?post=85023"},{"taxonomy":"productsupplier","embeddable":true,"href":"https:\/\/www.koonings.com\/fr\/wp-json\/wp\/v2\/productsupplier?post=85023"},{"taxonomy":"productsleeve","embeddable":true,"href":"https:\/\/www.koonings.com\/fr\/wp-json\/wp\/v2\/productsleeve?post=85023"},{"taxonomy":"productcategory","embeddable":true,"href":"https:\/\/www.koonings.com\/fr\/wp-json\/wp\/v2\/productcategory?post=85023"},{"taxonomy":"productsilhouette","embeddable":true,"href":"https:\/\/www.koonings.com\/fr\/wp-json\/wp\/v2\/productsilhouette?post=85023"},{"taxonomy":"productstyle","embeddable":true,"href":"https:\/\/www.koonings.com\/fr\/wp-json\/wp\/v2\/productstyle?post=85023"}],"curies":[{"name":"wp","href":"https:\/\/api.w.org\/{rel}","templated":true}]}}