{"id":85020,"date":"2026-04-28T18:16:21","date_gmt":"2026-04-28T16:16:21","guid":{"rendered":"https:\/\/www.koonings.com\/product\/ramona-koonings-couture-kn2565-ursula\/"},"modified":"2025-06-05T13:58:42","modified_gmt":"2025-06-05T11:58:42","slug":"ramona-koonings-couture-kn2565-ursula","status":"publish","type":"product","link":"https:\/\/www.koonings.com\/fr\/product\/ramona-koonings-couture-kn2565-ursula\/","title":{"rendered":"Ramona Koonings Couture KN2565 Ursula"},"content":{"rendered":"<p>L&#8217;\u00e9l\u00e9gante robe de mari\u00e9e Ursula de Ramona Koonings Couture.<br \/>\nLa robe de mari\u00e9e Ursula de Ramona Koonings Couture, disponible exclusivement chez Koonings The Wedding Palace, est le choix parfait pour la mari\u00e9e qui recherche un look \u00e0 la fois classique et sexy. Cette robe de couture a une coupe A-line qui tombe doucement le long du corps, cr\u00e9ant un look \u00e9l\u00e9gant et sophistiqu\u00e9. Le d\u00e9collet\u00e9 en V et l&#8217;encolure profonde ajoutent une touche sexy audacieuse mais sophistiqu\u00e9e.<br \/>\nLes longues manches bouffantes en tulle donnent \u00e0 la robe un air romantique et f\u00e9erique, tandis que la couleur ivoire lui conf\u00e8re une allure intemporelle. La robe de mari\u00e9e Ursula allie beaut\u00e9 classique et modernit\u00e9, ce qui en fait un choix parfait pour la mari\u00e9e qui souhaite briller dans une robe \u00e0 la fois \u00e9l\u00e9gante et s\u00e9duisante.<br \/>\nCette robe couture est id\u00e9ale pour la mari\u00e9e qui recherche un look romantique, sexy et sophistiqu\u00e9, avec des manches en tulle a\u00e9r\u00e9es et un d\u00e9collet\u00e9 audacieux. D\u00e9couvrez la robe de mari\u00e9e Ursula de Ramona Koonings Couture chez Koonings The Wedding Palace et sentez-vous confiante et \u00e9blouissante pour votre plus beau jour.    <\/p>\n","protected":false},"featured_media":82999,"template":"","meta":{"_acf_changed":false,"ghostkit_customizer_options":"","ghostkit_custom_css":"","ghostkit_custom_js_head":"","ghostkit_custom_js_foot":"","ghostkit_typography":""},"productdetails":[380,383,381],"productneck":[356],"productcolor":[392],"maat":[],"productsupplier":[419],"productsleeve":[362],"productcategory":[18],"productsilhouette":[384,389],"productstyle":[367,369,370],"class_list":["post-85020","product","type-product","status-publish","has-post-thumbnail","hentry","productdetails-380","productdetails-383","productdetails-381","productneck-356","productcolor-392","productsupplier-ramona-koonings-couture","productsleeve-362","productcategory-trouwjurken","productsilhouette-384","productsilhouette-389","productstyle-367","productstyle-369","productstyle-370"],"acf":[],"yoast_head":"<!-- This site is optimized with the Yoast SEO plugin v27.3 - https:\/\/yoast.com\/product\/yoast-seo-wordpress\/ -->\n<title>Ramona Koonings Couture KN2565 Ursula | Koonings<\/title>\n<meta name=\"description\" content=\"L&#039;\u00e9l\u00e9gante robe de mari\u00e9e Ursula de Ramona Koonings Couture. La robe de mari\u00e9e Ursula de Ramona Koonings Couture, disponible exclusivement chez Koonings The Wedding Palace, est le choix parfait pour la mari\u00e9e qui recherche un look \u00e0 la fois classique et sexy. Cette robe de couture a une coupe A-line qui tombe doucement le long du corps, cr\u00e9ant un look \u00e9l\u00e9gant et sophistiqu\u00e9. Le d\u00e9collet\u00e9 en V et l&#039;encolure profonde ajoutent une touche sexy audacieuse mais sophistiqu\u00e9e. Les longues manches bouffantes en tulle donnent \u00e0 la robe un air romantique et f\u00e9erique, tandis que la couleur ivoire lui conf\u00e8re une allure intemporelle. La robe de mari\u00e9e Ursula allie beaut\u00e9 classique et modernit\u00e9, ce qui en fait un choix parfait pour la mari\u00e9e qui souhaite briller dans une robe \u00e0 la fois \u00e9l\u00e9gante et s\u00e9duisante. Cette robe couture est id\u00e9ale pour la mari\u00e9e qui recherche un look romantique, sexy et sophistiqu\u00e9, avec des manches en tulle a\u00e9r\u00e9es et un d\u00e9collet\u00e9 audacieux. D\u00e9couvrez la robe de mari\u00e9e Ursula de Ramona Koonings Couture chez Koonings The Wedding Palace et sentez-vous confiante et \u00e9blouissante pour votre plus beau jour.\" \/>\n<meta name=\"robots\" content=\"index, follow, max-snippet:-1, max-image-preview:large, max-video-preview:-1\" \/>\n<link rel=\"canonical\" href=\"https:\/\/www.koonings.com\/fr\/product\/ramona-koonings-couture-kn2565-ursula\/\" \/>\n<meta property=\"og:locale\" content=\"fr_FR\" \/>\n<meta property=\"og:type\" content=\"article\" \/>\n<meta property=\"og:title\" content=\"Ramona Koonings Couture KN2565 Ursula | Koonings\" \/>\n<meta property=\"og:description\" content=\"L&#039;\u00e9l\u00e9gante robe de mari\u00e9e Ursula de Ramona Koonings Couture. La robe de mari\u00e9e Ursula de Ramona Koonings Couture, disponible exclusivement chez Koonings The Wedding Palace, est le choix parfait pour la mari\u00e9e qui recherche un look \u00e0 la fois classique et sexy. Cette robe de couture a une coupe A-line qui tombe doucement le long du corps, cr\u00e9ant un look \u00e9l\u00e9gant et sophistiqu\u00e9. Le d\u00e9collet\u00e9 en V et l&#039;encolure profonde ajoutent une touche sexy audacieuse mais sophistiqu\u00e9e. Les longues manches bouffantes en tulle donnent \u00e0 la robe un air romantique et f\u00e9erique, tandis que la couleur ivoire lui conf\u00e8re une allure intemporelle. La robe de mari\u00e9e Ursula allie beaut\u00e9 classique et modernit\u00e9, ce qui en fait un choix parfait pour la mari\u00e9e qui souhaite briller dans une robe \u00e0 la fois \u00e9l\u00e9gante et s\u00e9duisante. Cette robe couture est id\u00e9ale pour la mari\u00e9e qui recherche un look romantique, sexy et sophistiqu\u00e9, avec des manches en tulle a\u00e9r\u00e9es et un d\u00e9collet\u00e9 audacieux. D\u00e9couvrez la robe de mari\u00e9e Ursula de Ramona Koonings Couture chez Koonings The Wedding Palace et sentez-vous confiante et \u00e9blouissante pour votre plus beau jour.\" \/>\n<meta property=\"og:url\" content=\"https:\/\/www.koonings.com\/fr\/product\/ramona-koonings-couture-kn2565-ursula\/\" \/>\n<meta property=\"og:site_name\" content=\"Koonings\" \/>\n<meta property=\"article:publisher\" content=\"https:\/\/www.facebook.com\/kooningstheweddingpalace\" \/>\n<meta property=\"og:image\" content=\"https:\/\/www.koonings.com\/wp-content\/uploads\/2025\/03\/40011_f65854e1a99e5e7175664c38378a0170252acd86b197f58f2cd1ae944a9e404244c9ac36-scaled.jpeg\" \/>\n\t<meta property=\"og:image:width\" content=\"1814\" \/>\n\t<meta property=\"og:image:height\" content=\"2560\" \/>\n\t<meta property=\"og:image:type\" content=\"image\/jpeg\" \/>\n<meta name=\"twitter:card\" content=\"summary_large_image\" \/>\n<meta name=\"twitter:label1\" content=\"Dur\u00e9e de lecture estim\u00e9e\" \/>\n\t<meta name=\"twitter:data1\" content=\"1 minute\" \/>\n<script type=\"application\/ld+json\" class=\"yoast-schema-graph\">{\"@context\":\"https:\\\/\\\/schema.org\",\"@graph\":[{\"@type\":\"WebPage\",\"@id\":\"https:\\\/\\\/www.koonings.com\\\/fr\\\/product\\\/ramona-koonings-couture-kn2565-ursula\\\/\",\"url\":\"https:\\\/\\\/www.koonings.com\\\/fr\\\/product\\\/ramona-koonings-couture-kn2565-ursula\\\/\",\"name\":\"Ramona Koonings Couture KN2565 Ursula | Koonings\",\"isPartOf\":{\"@id\":\"https:\\\/\\\/www.koonings.com\\\/fr\\\/#website\"},\"primaryImageOfPage\":{\"@id\":\"https:\\\/\\\/www.koonings.com\\\/fr\\\/product\\\/ramona-koonings-couture-kn2565-ursula\\\/#primaryimage\"},\"image\":{\"@id\":\"https:\\\/\\\/www.koonings.com\\\/fr\\\/product\\\/ramona-koonings-couture-kn2565-ursula\\\/#primaryimage\"},\"thumbnailUrl\":\"https:\\\/\\\/www.koonings.com\\\/wp-content\\\/uploads\\\/2025\\\/03\\\/40011_f65854e1a99e5e7175664c38378a0170252acd86b197f58f2cd1ae944a9e404244c9ac36-scaled.jpeg\",\"datePublished\":\"2026-04-28T16:16:21+00:00\",\"description\":\"L'\u00e9l\u00e9gante robe de mari\u00e9e Ursula de Ramona Koonings Couture. La robe de mari\u00e9e Ursula de Ramona Koonings Couture, disponible exclusivement chez Koonings The Wedding Palace, est le choix parfait pour la mari\u00e9e qui recherche un look \u00e0 la fois classique et sexy. Cette robe de couture a une coupe A-line qui tombe doucement le long du corps, cr\u00e9ant un look \u00e9l\u00e9gant et sophistiqu\u00e9. Le d\u00e9collet\u00e9 en V et l'encolure profonde ajoutent une touche sexy audacieuse mais sophistiqu\u00e9e. Les longues manches bouffantes en tulle donnent \u00e0 la robe un air romantique et f\u00e9erique, tandis que la couleur ivoire lui conf\u00e8re une allure intemporelle. La robe de mari\u00e9e Ursula allie beaut\u00e9 classique et modernit\u00e9, ce qui en fait un choix parfait pour la mari\u00e9e qui souhaite briller dans une robe \u00e0 la fois \u00e9l\u00e9gante et s\u00e9duisante. Cette robe couture est id\u00e9ale pour la mari\u00e9e qui recherche un look romantique, sexy et sophistiqu\u00e9, avec des manches en tulle a\u00e9r\u00e9es et un d\u00e9collet\u00e9 audacieux. D\u00e9couvrez la robe de mari\u00e9e Ursula de Ramona Koonings Couture chez Koonings The Wedding Palace et sentez-vous confiante et \u00e9blouissante pour votre plus beau jour.\",\"breadcrumb\":{\"@id\":\"https:\\\/\\\/www.koonings.com\\\/fr\\\/product\\\/ramona-koonings-couture-kn2565-ursula\\\/#breadcrumb\"},\"inLanguage\":\"fr-FR\",\"potentialAction\":[{\"@type\":\"ReadAction\",\"target\":[\"https:\\\/\\\/www.koonings.com\\\/fr\\\/product\\\/ramona-koonings-couture-kn2565-ursula\\\/\"]}]},{\"@type\":\"ImageObject\",\"inLanguage\":\"fr-FR\",\"@id\":\"https:\\\/\\\/www.koonings.com\\\/fr\\\/product\\\/ramona-koonings-couture-kn2565-ursula\\\/#primaryimage\",\"url\":\"https:\\\/\\\/www.koonings.com\\\/wp-content\\\/uploads\\\/2025\\\/03\\\/40011_f65854e1a99e5e7175664c38378a0170252acd86b197f58f2cd1ae944a9e404244c9ac36-scaled.jpeg\",\"contentUrl\":\"https:\\\/\\\/www.koonings.com\\\/wp-content\\\/uploads\\\/2025\\\/03\\\/40011_f65854e1a99e5e7175664c38378a0170252acd86b197f58f2cd1ae944a9e404244c9ac36-scaled.jpeg\",\"width\":1814,\"height\":2560},{\"@type\":\"BreadcrumbList\",\"@id\":\"https:\\\/\\\/www.koonings.com\\\/fr\\\/product\\\/ramona-koonings-couture-kn2565-ursula\\\/#breadcrumb\",\"itemListElement\":[{\"@type\":\"ListItem\",\"position\":1,\"name\":\"Home\",\"item\":\"https:\\\/\\\/www.koonings.com\\\/fr\\\/\"},{\"@type\":\"ListItem\",\"position\":2,\"name\":\"Ramona Koonings Couture KN2565 Ursula\"}]},{\"@type\":\"WebSite\",\"@id\":\"https:\\\/\\\/www.koonings.com\\\/fr\\\/#website\",\"url\":\"https:\\\/\\\/www.koonings.com\\\/fr\\\/\",\"name\":\"Koonings\",\"description\":\"De grootste bruidsmodewinkel ter wereld\",\"publisher\":{\"@id\":\"https:\\\/\\\/www.koonings.com\\\/fr\\\/#organization\"},\"potentialAction\":[{\"@type\":\"SearchAction\",\"target\":{\"@type\":\"EntryPoint\",\"urlTemplate\":\"https:\\\/\\\/www.koonings.com\\\/fr\\\/?s={search_term_string}\"},\"query-input\":{\"@type\":\"PropertyValueSpecification\",\"valueRequired\":true,\"valueName\":\"search_term_string\"}}],\"inLanguage\":\"fr-FR\"},{\"@type\":\"Organization\",\"@id\":\"https:\\\/\\\/www.koonings.com\\\/fr\\\/#organization\",\"name\":\"Koonings\",\"url\":\"https:\\\/\\\/www.koonings.com\\\/fr\\\/\",\"logo\":{\"@type\":\"ImageObject\",\"inLanguage\":\"fr-FR\",\"@id\":\"https:\\\/\\\/www.koonings.com\\\/fr\\\/#\\\/schema\\\/logo\\\/image\\\/\",\"url\":\"https:\\\/\\\/www.koonings.com\\\/wp-content\\\/uploads\\\/2024\\\/07\\\/logo.png\",\"contentUrl\":\"https:\\\/\\\/www.koonings.com\\\/wp-content\\\/uploads\\\/2024\\\/07\\\/logo.png\",\"width\":600,\"height\":428,\"caption\":\"Koonings\"},\"image\":{\"@id\":\"https:\\\/\\\/www.koonings.com\\\/fr\\\/#\\\/schema\\\/logo\\\/image\\\/\"},\"sameAs\":[\"https:\\\/\\\/www.facebook.com\\\/kooningstheweddingpalace\",\"https:\\\/\\\/www.instagram.com\\\/kooningstheweddingpalace\",\"https:\\\/\\\/www.pinterest.com\\\/koonings\",\"https:\\\/\\\/www.youtube.com\\\/kooningstheweddingpalace\"]}]}<\/script>\n<!-- \/ Yoast SEO plugin. -->","yoast_head_json":{"title":"Ramona Koonings Couture KN2565 Ursula | Koonings","description":"L'\u00e9l\u00e9gante robe de mari\u00e9e Ursula de Ramona Koonings Couture. La robe de mari\u00e9e Ursula de Ramona Koonings Couture, disponible exclusivement chez Koonings The Wedding Palace, est le choix parfait pour la mari\u00e9e qui recherche un look \u00e0 la fois classique et sexy. Cette robe de couture a une coupe A-line qui tombe doucement le long du corps, cr\u00e9ant un look \u00e9l\u00e9gant et sophistiqu\u00e9. Le d\u00e9collet\u00e9 en V et l'encolure profonde ajoutent une touche sexy audacieuse mais sophistiqu\u00e9e. Les longues manches bouffantes en tulle donnent \u00e0 la robe un air romantique et f\u00e9erique, tandis que la couleur ivoire lui conf\u00e8re une allure intemporelle. La robe de mari\u00e9e Ursula allie beaut\u00e9 classique et modernit\u00e9, ce qui en fait un choix parfait pour la mari\u00e9e qui souhaite briller dans une robe \u00e0 la fois \u00e9l\u00e9gante et s\u00e9duisante. Cette robe couture est id\u00e9ale pour la mari\u00e9e qui recherche un look romantique, sexy et sophistiqu\u00e9, avec des manches en tulle a\u00e9r\u00e9es et un d\u00e9collet\u00e9 audacieux. D\u00e9couvrez la robe de mari\u00e9e Ursula de Ramona Koonings Couture chez Koonings The Wedding Palace et sentez-vous confiante et \u00e9blouissante pour votre plus beau jour.","robots":{"index":"index","follow":"follow","max-snippet":"max-snippet:-1","max-image-preview":"max-image-preview:large","max-video-preview":"max-video-preview:-1"},"canonical":"https:\/\/www.koonings.com\/fr\/product\/ramona-koonings-couture-kn2565-ursula\/","og_locale":"fr_FR","og_type":"article","og_title":"Ramona Koonings Couture KN2565 Ursula | Koonings","og_description":"L'\u00e9l\u00e9gante robe de mari\u00e9e Ursula de Ramona Koonings Couture. La robe de mari\u00e9e Ursula de Ramona Koonings Couture, disponible exclusivement chez Koonings The Wedding Palace, est le choix parfait pour la mari\u00e9e qui recherche un look \u00e0 la fois classique et sexy. Cette robe de couture a une coupe A-line qui tombe doucement le long du corps, cr\u00e9ant un look \u00e9l\u00e9gant et sophistiqu\u00e9. Le d\u00e9collet\u00e9 en V et l'encolure profonde ajoutent une touche sexy audacieuse mais sophistiqu\u00e9e. Les longues manches bouffantes en tulle donnent \u00e0 la robe un air romantique et f\u00e9erique, tandis que la couleur ivoire lui conf\u00e8re une allure intemporelle. La robe de mari\u00e9e Ursula allie beaut\u00e9 classique et modernit\u00e9, ce qui en fait un choix parfait pour la mari\u00e9e qui souhaite briller dans une robe \u00e0 la fois \u00e9l\u00e9gante et s\u00e9duisante. Cette robe couture est id\u00e9ale pour la mari\u00e9e qui recherche un look romantique, sexy et sophistiqu\u00e9, avec des manches en tulle a\u00e9r\u00e9es et un d\u00e9collet\u00e9 audacieux. D\u00e9couvrez la robe de mari\u00e9e Ursula de Ramona Koonings Couture chez Koonings The Wedding Palace et sentez-vous confiante et \u00e9blouissante pour votre plus beau jour.","og_url":"https:\/\/www.koonings.com\/fr\/product\/ramona-koonings-couture-kn2565-ursula\/","og_site_name":"Koonings","article_publisher":"https:\/\/www.facebook.com\/kooningstheweddingpalace","og_image":[{"width":1814,"height":2560,"url":"https:\/\/www.koonings.com\/wp-content\/uploads\/2025\/03\/40011_f65854e1a99e5e7175664c38378a0170252acd86b197f58f2cd1ae944a9e404244c9ac36-scaled.jpeg","type":"image\/jpeg"}],"twitter_card":"summary_large_image","twitter_misc":{"Dur\u00e9e de lecture estim\u00e9e":"1 minute"},"schema":{"@context":"https:\/\/schema.org","@graph":[{"@type":"WebPage","@id":"https:\/\/www.koonings.com\/fr\/product\/ramona-koonings-couture-kn2565-ursula\/","url":"https:\/\/www.koonings.com\/fr\/product\/ramona-koonings-couture-kn2565-ursula\/","name":"Ramona Koonings Couture KN2565 Ursula | Koonings","isPartOf":{"@id":"https:\/\/www.koonings.com\/fr\/#website"},"primaryImageOfPage":{"@id":"https:\/\/www.koonings.com\/fr\/product\/ramona-koonings-couture-kn2565-ursula\/#primaryimage"},"image":{"@id":"https:\/\/www.koonings.com\/fr\/product\/ramona-koonings-couture-kn2565-ursula\/#primaryimage"},"thumbnailUrl":"https:\/\/www.koonings.com\/wp-content\/uploads\/2025\/03\/40011_f65854e1a99e5e7175664c38378a0170252acd86b197f58f2cd1ae944a9e404244c9ac36-scaled.jpeg","datePublished":"2026-04-28T16:16:21+00:00","description":"L'\u00e9l\u00e9gante robe de mari\u00e9e Ursula de Ramona Koonings Couture. La robe de mari\u00e9e Ursula de Ramona Koonings Couture, disponible exclusivement chez Koonings The Wedding Palace, est le choix parfait pour la mari\u00e9e qui recherche un look \u00e0 la fois classique et sexy. Cette robe de couture a une coupe A-line qui tombe doucement le long du corps, cr\u00e9ant un look \u00e9l\u00e9gant et sophistiqu\u00e9. Le d\u00e9collet\u00e9 en V et l'encolure profonde ajoutent une touche sexy audacieuse mais sophistiqu\u00e9e. Les longues manches bouffantes en tulle donnent \u00e0 la robe un air romantique et f\u00e9erique, tandis que la couleur ivoire lui conf\u00e8re une allure intemporelle. La robe de mari\u00e9e Ursula allie beaut\u00e9 classique et modernit\u00e9, ce qui en fait un choix parfait pour la mari\u00e9e qui souhaite briller dans une robe \u00e0 la fois \u00e9l\u00e9gante et s\u00e9duisante. Cette robe couture est id\u00e9ale pour la mari\u00e9e qui recherche un look romantique, sexy et sophistiqu\u00e9, avec des manches en tulle a\u00e9r\u00e9es et un d\u00e9collet\u00e9 audacieux. D\u00e9couvrez la robe de mari\u00e9e Ursula de Ramona Koonings Couture chez Koonings The Wedding Palace et sentez-vous confiante et \u00e9blouissante pour votre plus beau jour.","breadcrumb":{"@id":"https:\/\/www.koonings.com\/fr\/product\/ramona-koonings-couture-kn2565-ursula\/#breadcrumb"},"inLanguage":"fr-FR","potentialAction":[{"@type":"ReadAction","target":["https:\/\/www.koonings.com\/fr\/product\/ramona-koonings-couture-kn2565-ursula\/"]}]},{"@type":"ImageObject","inLanguage":"fr-FR","@id":"https:\/\/www.koonings.com\/fr\/product\/ramona-koonings-couture-kn2565-ursula\/#primaryimage","url":"https:\/\/www.koonings.com\/wp-content\/uploads\/2025\/03\/40011_f65854e1a99e5e7175664c38378a0170252acd86b197f58f2cd1ae944a9e404244c9ac36-scaled.jpeg","contentUrl":"https:\/\/www.koonings.com\/wp-content\/uploads\/2025\/03\/40011_f65854e1a99e5e7175664c38378a0170252acd86b197f58f2cd1ae944a9e404244c9ac36-scaled.jpeg","width":1814,"height":2560},{"@type":"BreadcrumbList","@id":"https:\/\/www.koonings.com\/fr\/product\/ramona-koonings-couture-kn2565-ursula\/#breadcrumb","itemListElement":[{"@type":"ListItem","position":1,"name":"Home","item":"https:\/\/www.koonings.com\/fr\/"},{"@type":"ListItem","position":2,"name":"Ramona Koonings Couture KN2565 Ursula"}]},{"@type":"WebSite","@id":"https:\/\/www.koonings.com\/fr\/#website","url":"https:\/\/www.koonings.com\/fr\/","name":"Koonings","description":"De grootste bruidsmodewinkel ter wereld","publisher":{"@id":"https:\/\/www.koonings.com\/fr\/#organization"},"potentialAction":[{"@type":"SearchAction","target":{"@type":"EntryPoint","urlTemplate":"https:\/\/www.koonings.com\/fr\/?s={search_term_string}"},"query-input":{"@type":"PropertyValueSpecification","valueRequired":true,"valueName":"search_term_string"}}],"inLanguage":"fr-FR"},{"@type":"Organization","@id":"https:\/\/www.koonings.com\/fr\/#organization","name":"Koonings","url":"https:\/\/www.koonings.com\/fr\/","logo":{"@type":"ImageObject","inLanguage":"fr-FR","@id":"https:\/\/www.koonings.com\/fr\/#\/schema\/logo\/image\/","url":"https:\/\/www.koonings.com\/wp-content\/uploads\/2024\/07\/logo.png","contentUrl":"https:\/\/www.koonings.com\/wp-content\/uploads\/2024\/07\/logo.png","width":600,"height":428,"caption":"Koonings"},"image":{"@id":"https:\/\/www.koonings.com\/fr\/#\/schema\/logo\/image\/"},"sameAs":["https:\/\/www.facebook.com\/kooningstheweddingpalace","https:\/\/www.instagram.com\/kooningstheweddingpalace","https:\/\/www.pinterest.com\/koonings","https:\/\/www.youtube.com\/kooningstheweddingpalace"]}]}},"_links":{"self":[{"href":"https:\/\/www.koonings.com\/fr\/wp-json\/wp\/v2\/product\/85020","targetHints":{"allow":["GET"]}}],"collection":[{"href":"https:\/\/www.koonings.com\/fr\/wp-json\/wp\/v2\/product"}],"about":[{"href":"https:\/\/www.koonings.com\/fr\/wp-json\/wp\/v2\/types\/product"}],"wp:featuredmedia":[{"embeddable":true,"href":"https:\/\/www.koonings.com\/fr\/wp-json\/wp\/v2\/media\/82999"}],"wp:attachment":[{"href":"https:\/\/www.koonings.com\/fr\/wp-json\/wp\/v2\/media?parent=85020"}],"wp:term":[{"taxonomy":"productdetails","embeddable":true,"href":"https:\/\/www.koonings.com\/fr\/wp-json\/wp\/v2\/productdetails?post=85020"},{"taxonomy":"productneck","embeddable":true,"href":"https:\/\/www.koonings.com\/fr\/wp-json\/wp\/v2\/productneck?post=85020"},{"taxonomy":"productcolor","embeddable":true,"href":"https:\/\/www.koonings.com\/fr\/wp-json\/wp\/v2\/productcolor?post=85020"},{"taxonomy":"maat","embeddable":true,"href":"https:\/\/www.koonings.com\/fr\/wp-json\/wp\/v2\/maat?post=85020"},{"taxonomy":"productsupplier","embeddable":true,"href":"https:\/\/www.koonings.com\/fr\/wp-json\/wp\/v2\/productsupplier?post=85020"},{"taxonomy":"productsleeve","embeddable":true,"href":"https:\/\/www.koonings.com\/fr\/wp-json\/wp\/v2\/productsleeve?post=85020"},{"taxonomy":"productcategory","embeddable":true,"href":"https:\/\/www.koonings.com\/fr\/wp-json\/wp\/v2\/productcategory?post=85020"},{"taxonomy":"productsilhouette","embeddable":true,"href":"https:\/\/www.koonings.com\/fr\/wp-json\/wp\/v2\/productsilhouette?post=85020"},{"taxonomy":"productstyle","embeddable":true,"href":"https:\/\/www.koonings.com\/fr\/wp-json\/wp\/v2\/productstyle?post=85020"}],"curies":[{"name":"wp","href":"https:\/\/api.w.org\/{rel}","templated":true}]}}