{"id":85014,"date":"2026-04-28T18:16:22","date_gmt":"2026-04-28T16:16:22","guid":{"rendered":"https:\/\/www.koonings.com\/product\/ramona-koonings-couture-kn2555-amanda\/"},"modified":"2025-06-05T13:58:45","modified_gmt":"2025-06-05T11:58:45","slug":"ramona-koonings-couture-kn2555-amanda","status":"publish","type":"product","link":"https:\/\/www.koonings.com\/fr\/product\/ramona-koonings-couture-kn2555-amanda\/","title":{"rendered":"Ramona Koonings Couture KN2555 Amanda"},"content":{"rendered":"<p>La robe de mari\u00e9e romantique Amanda de Ramona Koonings Couture.<br \/>\nLa robe de mari\u00e9e Amanda de Ramona Koonings Couture, disponible exclusivement chez Koonings The Wedding Palace, est un choix magnifique pour la mari\u00e9e qui r\u00eave d&#8217;un look romantique et sophistiqu\u00e9. Cette robe de couture a une coupe en A qui accentue gracieusement la silhouette, tandis que le d\u00e9collet\u00e9 en c\u0153ur met subtilement et \u00e9l\u00e9gamment en valeur le d\u00e9collet\u00e9.<br \/>\nLes bretelles qui tombent joliment sur les \u00e9paules donnent \u00e0 la robe un aspect sophistiqu\u00e9 et enjou\u00e9, tandis que la couleur ivoire rehausse l&#8217;aspect doux et romantique de la robe. Ce qui rend la robe de mari\u00e9e Amanda encore plus sp\u00e9ciale, ce sont les d\u00e9licates fleurs en 3D qui ornent le haut et la jupe, cr\u00e9ant un effet romantique et artistique. Le tulle l\u00e9ger ajoute de la l\u00e9g\u00e8ret\u00e9 et du mouvement, donnant \u00e0 la robe une sensation de r\u00eave.<br \/>\nCette robe est le choix id\u00e9al pour la mari\u00e9e qui recherche un design couture avec un look romantique qui lui donne une beaut\u00e9 intemporelle. D\u00e9couvrez la robe de mari\u00e9e Amanda de Ramona Koonings Couture chez Koonings The Wedding Palace et sentez-vous comme une v\u00e9ritable princesse le jour de votre mariage.    <\/p>\n","protected":false},"featured_media":83016,"template":"","meta":{"_acf_changed":false,"ghostkit_customizer_options":"","ghostkit_custom_css":"","ghostkit_custom_js_head":"","ghostkit_custom_js_foot":"","ghostkit_typography":""},"productdetails":[379,381],"productneck":[355],"productcolor":[392],"maat":[],"productsupplier":[419],"productsleeve":[359],"productcategory":[18],"productsilhouette":[384],"productstyle":[367,366],"class_list":["post-85014","product","type-product","status-publish","has-post-thumbnail","hentry","productdetails-379","productdetails-381","productneck-355","productcolor-392","productsupplier-ramona-koonings-couture","productsleeve-359","productcategory-trouwjurken","productsilhouette-384","productstyle-367","productstyle-366"],"acf":[],"yoast_head":"<!-- This site is optimized with the Yoast SEO plugin v27.3 - https:\/\/yoast.com\/product\/yoast-seo-wordpress\/ -->\n<title>Ramona Koonings Couture KN2555 Amanda | Koonings<\/title>\n<meta name=\"description\" content=\"La robe de mari\u00e9e romantique Amanda de Ramona Koonings Couture. La robe de mari\u00e9e Amanda de Ramona Koonings Couture, disponible exclusivement chez Koonings The Wedding Palace, est un choix magnifique pour la mari\u00e9e qui r\u00eave d&#039;un look romantique et sophistiqu\u00e9. Cette robe de couture a une coupe en A qui accentue gracieusement la silhouette, tandis que le d\u00e9collet\u00e9 en c\u0153ur met subtilement et \u00e9l\u00e9gamment en valeur le d\u00e9collet\u00e9. Les bretelles qui tombent joliment sur les \u00e9paules donnent \u00e0 la robe un aspect sophistiqu\u00e9 et enjou\u00e9, tandis que la couleur ivoire rehausse l&#039;aspect doux et romantique de la robe. Ce qui rend la robe de mari\u00e9e Amanda encore plus sp\u00e9ciale, ce sont les d\u00e9licates fleurs en 3D qui ornent le haut et la jupe, cr\u00e9ant un effet romantique et artistique. Le tulle l\u00e9ger ajoute de la l\u00e9g\u00e8ret\u00e9 et du mouvement, donnant \u00e0 la robe une sensation de r\u00eave. Cette robe est le choix id\u00e9al pour la mari\u00e9e qui recherche un design couture avec un look romantique qui lui donne une beaut\u00e9 intemporelle. D\u00e9couvrez la robe de mari\u00e9e Amanda de Ramona Koonings Couture chez Koonings The Wedding Palace et sentez-vous comme une v\u00e9ritable princesse le jour de votre mariage.\" \/>\n<meta name=\"robots\" content=\"index, follow, max-snippet:-1, max-image-preview:large, max-video-preview:-1\" \/>\n<link rel=\"canonical\" href=\"https:\/\/www.koonings.com\/fr\/product\/ramona-koonings-couture-kn2555-amanda\/\" \/>\n<meta property=\"og:locale\" content=\"fr_FR\" \/>\n<meta property=\"og:type\" content=\"article\" \/>\n<meta property=\"og:title\" content=\"Ramona Koonings Couture KN2555 Amanda | Koonings\" \/>\n<meta property=\"og:description\" content=\"La robe de mari\u00e9e romantique Amanda de Ramona Koonings Couture. La robe de mari\u00e9e Amanda de Ramona Koonings Couture, disponible exclusivement chez Koonings The Wedding Palace, est un choix magnifique pour la mari\u00e9e qui r\u00eave d&#039;un look romantique et sophistiqu\u00e9. Cette robe de couture a une coupe en A qui accentue gracieusement la silhouette, tandis que le d\u00e9collet\u00e9 en c\u0153ur met subtilement et \u00e9l\u00e9gamment en valeur le d\u00e9collet\u00e9. Les bretelles qui tombent joliment sur les \u00e9paules donnent \u00e0 la robe un aspect sophistiqu\u00e9 et enjou\u00e9, tandis que la couleur ivoire rehausse l&#039;aspect doux et romantique de la robe. Ce qui rend la robe de mari\u00e9e Amanda encore plus sp\u00e9ciale, ce sont les d\u00e9licates fleurs en 3D qui ornent le haut et la jupe, cr\u00e9ant un effet romantique et artistique. Le tulle l\u00e9ger ajoute de la l\u00e9g\u00e8ret\u00e9 et du mouvement, donnant \u00e0 la robe une sensation de r\u00eave. Cette robe est le choix id\u00e9al pour la mari\u00e9e qui recherche un design couture avec un look romantique qui lui donne une beaut\u00e9 intemporelle. D\u00e9couvrez la robe de mari\u00e9e Amanda de Ramona Koonings Couture chez Koonings The Wedding Palace et sentez-vous comme une v\u00e9ritable princesse le jour de votre mariage.\" \/>\n<meta property=\"og:url\" content=\"https:\/\/www.koonings.com\/fr\/product\/ramona-koonings-couture-kn2555-amanda\/\" \/>\n<meta property=\"og:site_name\" content=\"Koonings\" \/>\n<meta property=\"article:publisher\" content=\"https:\/\/www.facebook.com\/kooningstheweddingpalace\" \/>\n<meta property=\"og:image\" content=\"https:\/\/www.koonings.com\/wp-content\/uploads\/2025\/03\/40014_683deff2feb4f8cbaabcb33d0eae3062052915ea7509f11e8206d6ebfa9616c0c17b2c6e-scaled.jpeg\" \/>\n\t<meta property=\"og:image:width\" content=\"1811\" \/>\n\t<meta property=\"og:image:height\" content=\"2560\" \/>\n\t<meta property=\"og:image:type\" content=\"image\/jpeg\" \/>\n<meta name=\"twitter:card\" content=\"summary_large_image\" \/>\n<meta name=\"twitter:label1\" content=\"Dur\u00e9e de lecture estim\u00e9e\" \/>\n\t<meta name=\"twitter:data1\" content=\"1 minute\" \/>\n<script type=\"application\/ld+json\" class=\"yoast-schema-graph\">{\"@context\":\"https:\\\/\\\/schema.org\",\"@graph\":[{\"@type\":\"WebPage\",\"@id\":\"https:\\\/\\\/www.koonings.com\\\/fr\\\/product\\\/ramona-koonings-couture-kn2555-amanda\\\/\",\"url\":\"https:\\\/\\\/www.koonings.com\\\/fr\\\/product\\\/ramona-koonings-couture-kn2555-amanda\\\/\",\"name\":\"Ramona Koonings Couture KN2555 Amanda | Koonings\",\"isPartOf\":{\"@id\":\"https:\\\/\\\/www.koonings.com\\\/fr\\\/#website\"},\"primaryImageOfPage\":{\"@id\":\"https:\\\/\\\/www.koonings.com\\\/fr\\\/product\\\/ramona-koonings-couture-kn2555-amanda\\\/#primaryimage\"},\"image\":{\"@id\":\"https:\\\/\\\/www.koonings.com\\\/fr\\\/product\\\/ramona-koonings-couture-kn2555-amanda\\\/#primaryimage\"},\"thumbnailUrl\":\"https:\\\/\\\/www.koonings.com\\\/wp-content\\\/uploads\\\/2025\\\/03\\\/40014_683deff2feb4f8cbaabcb33d0eae3062052915ea7509f11e8206d6ebfa9616c0c17b2c6e-scaled.jpeg\",\"datePublished\":\"2026-04-28T16:16:22+00:00\",\"description\":\"La robe de mari\u00e9e romantique Amanda de Ramona Koonings Couture. La robe de mari\u00e9e Amanda de Ramona Koonings Couture, disponible exclusivement chez Koonings The Wedding Palace, est un choix magnifique pour la mari\u00e9e qui r\u00eave d'un look romantique et sophistiqu\u00e9. Cette robe de couture a une coupe en A qui accentue gracieusement la silhouette, tandis que le d\u00e9collet\u00e9 en c\u0153ur met subtilement et \u00e9l\u00e9gamment en valeur le d\u00e9collet\u00e9. Les bretelles qui tombent joliment sur les \u00e9paules donnent \u00e0 la robe un aspect sophistiqu\u00e9 et enjou\u00e9, tandis que la couleur ivoire rehausse l'aspect doux et romantique de la robe. Ce qui rend la robe de mari\u00e9e Amanda encore plus sp\u00e9ciale, ce sont les d\u00e9licates fleurs en 3D qui ornent le haut et la jupe, cr\u00e9ant un effet romantique et artistique. Le tulle l\u00e9ger ajoute de la l\u00e9g\u00e8ret\u00e9 et du mouvement, donnant \u00e0 la robe une sensation de r\u00eave. Cette robe est le choix id\u00e9al pour la mari\u00e9e qui recherche un design couture avec un look romantique qui lui donne une beaut\u00e9 intemporelle. D\u00e9couvrez la robe de mari\u00e9e Amanda de Ramona Koonings Couture chez Koonings The Wedding Palace et sentez-vous comme une v\u00e9ritable princesse le jour de votre mariage.\",\"breadcrumb\":{\"@id\":\"https:\\\/\\\/www.koonings.com\\\/fr\\\/product\\\/ramona-koonings-couture-kn2555-amanda\\\/#breadcrumb\"},\"inLanguage\":\"fr-FR\",\"potentialAction\":[{\"@type\":\"ReadAction\",\"target\":[\"https:\\\/\\\/www.koonings.com\\\/fr\\\/product\\\/ramona-koonings-couture-kn2555-amanda\\\/\"]}]},{\"@type\":\"ImageObject\",\"inLanguage\":\"fr-FR\",\"@id\":\"https:\\\/\\\/www.koonings.com\\\/fr\\\/product\\\/ramona-koonings-couture-kn2555-amanda\\\/#primaryimage\",\"url\":\"https:\\\/\\\/www.koonings.com\\\/wp-content\\\/uploads\\\/2025\\\/03\\\/40014_683deff2feb4f8cbaabcb33d0eae3062052915ea7509f11e8206d6ebfa9616c0c17b2c6e-scaled.jpeg\",\"contentUrl\":\"https:\\\/\\\/www.koonings.com\\\/wp-content\\\/uploads\\\/2025\\\/03\\\/40014_683deff2feb4f8cbaabcb33d0eae3062052915ea7509f11e8206d6ebfa9616c0c17b2c6e-scaled.jpeg\",\"width\":1811,\"height\":2560},{\"@type\":\"BreadcrumbList\",\"@id\":\"https:\\\/\\\/www.koonings.com\\\/fr\\\/product\\\/ramona-koonings-couture-kn2555-amanda\\\/#breadcrumb\",\"itemListElement\":[{\"@type\":\"ListItem\",\"position\":1,\"name\":\"Home\",\"item\":\"https:\\\/\\\/www.koonings.com\\\/fr\\\/\"},{\"@type\":\"ListItem\",\"position\":2,\"name\":\"Ramona Koonings Couture KN2555 Amanda\"}]},{\"@type\":\"WebSite\",\"@id\":\"https:\\\/\\\/www.koonings.com\\\/fr\\\/#website\",\"url\":\"https:\\\/\\\/www.koonings.com\\\/fr\\\/\",\"name\":\"Koonings\",\"description\":\"De grootste bruidsmodewinkel ter wereld\",\"publisher\":{\"@id\":\"https:\\\/\\\/www.koonings.com\\\/fr\\\/#organization\"},\"potentialAction\":[{\"@type\":\"SearchAction\",\"target\":{\"@type\":\"EntryPoint\",\"urlTemplate\":\"https:\\\/\\\/www.koonings.com\\\/fr\\\/?s={search_term_string}\"},\"query-input\":{\"@type\":\"PropertyValueSpecification\",\"valueRequired\":true,\"valueName\":\"search_term_string\"}}],\"inLanguage\":\"fr-FR\"},{\"@type\":\"Organization\",\"@id\":\"https:\\\/\\\/www.koonings.com\\\/fr\\\/#organization\",\"name\":\"Koonings\",\"url\":\"https:\\\/\\\/www.koonings.com\\\/fr\\\/\",\"logo\":{\"@type\":\"ImageObject\",\"inLanguage\":\"fr-FR\",\"@id\":\"https:\\\/\\\/www.koonings.com\\\/fr\\\/#\\\/schema\\\/logo\\\/image\\\/\",\"url\":\"https:\\\/\\\/www.koonings.com\\\/wp-content\\\/uploads\\\/2024\\\/07\\\/logo.png\",\"contentUrl\":\"https:\\\/\\\/www.koonings.com\\\/wp-content\\\/uploads\\\/2024\\\/07\\\/logo.png\",\"width\":600,\"height\":428,\"caption\":\"Koonings\"},\"image\":{\"@id\":\"https:\\\/\\\/www.koonings.com\\\/fr\\\/#\\\/schema\\\/logo\\\/image\\\/\"},\"sameAs\":[\"https:\\\/\\\/www.facebook.com\\\/kooningstheweddingpalace\",\"https:\\\/\\\/www.instagram.com\\\/kooningstheweddingpalace\",\"https:\\\/\\\/www.pinterest.com\\\/koonings\",\"https:\\\/\\\/www.youtube.com\\\/kooningstheweddingpalace\"]}]}<\/script>\n<!-- \/ Yoast SEO plugin. -->","yoast_head_json":{"title":"Ramona Koonings Couture KN2555 Amanda | Koonings","description":"La robe de mari\u00e9e romantique Amanda de Ramona Koonings Couture. La robe de mari\u00e9e Amanda de Ramona Koonings Couture, disponible exclusivement chez Koonings The Wedding Palace, est un choix magnifique pour la mari\u00e9e qui r\u00eave d'un look romantique et sophistiqu\u00e9. Cette robe de couture a une coupe en A qui accentue gracieusement la silhouette, tandis que le d\u00e9collet\u00e9 en c\u0153ur met subtilement et \u00e9l\u00e9gamment en valeur le d\u00e9collet\u00e9. Les bretelles qui tombent joliment sur les \u00e9paules donnent \u00e0 la robe un aspect sophistiqu\u00e9 et enjou\u00e9, tandis que la couleur ivoire rehausse l'aspect doux et romantique de la robe. Ce qui rend la robe de mari\u00e9e Amanda encore plus sp\u00e9ciale, ce sont les d\u00e9licates fleurs en 3D qui ornent le haut et la jupe, cr\u00e9ant un effet romantique et artistique. Le tulle l\u00e9ger ajoute de la l\u00e9g\u00e8ret\u00e9 et du mouvement, donnant \u00e0 la robe une sensation de r\u00eave. Cette robe est le choix id\u00e9al pour la mari\u00e9e qui recherche un design couture avec un look romantique qui lui donne une beaut\u00e9 intemporelle. D\u00e9couvrez la robe de mari\u00e9e Amanda de Ramona Koonings Couture chez Koonings The Wedding Palace et sentez-vous comme une v\u00e9ritable princesse le jour de votre mariage.","robots":{"index":"index","follow":"follow","max-snippet":"max-snippet:-1","max-image-preview":"max-image-preview:large","max-video-preview":"max-video-preview:-1"},"canonical":"https:\/\/www.koonings.com\/fr\/product\/ramona-koonings-couture-kn2555-amanda\/","og_locale":"fr_FR","og_type":"article","og_title":"Ramona Koonings Couture KN2555 Amanda | Koonings","og_description":"La robe de mari\u00e9e romantique Amanda de Ramona Koonings Couture. La robe de mari\u00e9e Amanda de Ramona Koonings Couture, disponible exclusivement chez Koonings The Wedding Palace, est un choix magnifique pour la mari\u00e9e qui r\u00eave d'un look romantique et sophistiqu\u00e9. Cette robe de couture a une coupe en A qui accentue gracieusement la silhouette, tandis que le d\u00e9collet\u00e9 en c\u0153ur met subtilement et \u00e9l\u00e9gamment en valeur le d\u00e9collet\u00e9. Les bretelles qui tombent joliment sur les \u00e9paules donnent \u00e0 la robe un aspect sophistiqu\u00e9 et enjou\u00e9, tandis que la couleur ivoire rehausse l'aspect doux et romantique de la robe. Ce qui rend la robe de mari\u00e9e Amanda encore plus sp\u00e9ciale, ce sont les d\u00e9licates fleurs en 3D qui ornent le haut et la jupe, cr\u00e9ant un effet romantique et artistique. Le tulle l\u00e9ger ajoute de la l\u00e9g\u00e8ret\u00e9 et du mouvement, donnant \u00e0 la robe une sensation de r\u00eave. Cette robe est le choix id\u00e9al pour la mari\u00e9e qui recherche un design couture avec un look romantique qui lui donne une beaut\u00e9 intemporelle. D\u00e9couvrez la robe de mari\u00e9e Amanda de Ramona Koonings Couture chez Koonings The Wedding Palace et sentez-vous comme une v\u00e9ritable princesse le jour de votre mariage.","og_url":"https:\/\/www.koonings.com\/fr\/product\/ramona-koonings-couture-kn2555-amanda\/","og_site_name":"Koonings","article_publisher":"https:\/\/www.facebook.com\/kooningstheweddingpalace","og_image":[{"width":1811,"height":2560,"url":"https:\/\/www.koonings.com\/wp-content\/uploads\/2025\/03\/40014_683deff2feb4f8cbaabcb33d0eae3062052915ea7509f11e8206d6ebfa9616c0c17b2c6e-scaled.jpeg","type":"image\/jpeg"}],"twitter_card":"summary_large_image","twitter_misc":{"Dur\u00e9e de lecture estim\u00e9e":"1 minute"},"schema":{"@context":"https:\/\/schema.org","@graph":[{"@type":"WebPage","@id":"https:\/\/www.koonings.com\/fr\/product\/ramona-koonings-couture-kn2555-amanda\/","url":"https:\/\/www.koonings.com\/fr\/product\/ramona-koonings-couture-kn2555-amanda\/","name":"Ramona Koonings Couture KN2555 Amanda | Koonings","isPartOf":{"@id":"https:\/\/www.koonings.com\/fr\/#website"},"primaryImageOfPage":{"@id":"https:\/\/www.koonings.com\/fr\/product\/ramona-koonings-couture-kn2555-amanda\/#primaryimage"},"image":{"@id":"https:\/\/www.koonings.com\/fr\/product\/ramona-koonings-couture-kn2555-amanda\/#primaryimage"},"thumbnailUrl":"https:\/\/www.koonings.com\/wp-content\/uploads\/2025\/03\/40014_683deff2feb4f8cbaabcb33d0eae3062052915ea7509f11e8206d6ebfa9616c0c17b2c6e-scaled.jpeg","datePublished":"2026-04-28T16:16:22+00:00","description":"La robe de mari\u00e9e romantique Amanda de Ramona Koonings Couture. La robe de mari\u00e9e Amanda de Ramona Koonings Couture, disponible exclusivement chez Koonings The Wedding Palace, est un choix magnifique pour la mari\u00e9e qui r\u00eave d'un look romantique et sophistiqu\u00e9. Cette robe de couture a une coupe en A qui accentue gracieusement la silhouette, tandis que le d\u00e9collet\u00e9 en c\u0153ur met subtilement et \u00e9l\u00e9gamment en valeur le d\u00e9collet\u00e9. Les bretelles qui tombent joliment sur les \u00e9paules donnent \u00e0 la robe un aspect sophistiqu\u00e9 et enjou\u00e9, tandis que la couleur ivoire rehausse l'aspect doux et romantique de la robe. Ce qui rend la robe de mari\u00e9e Amanda encore plus sp\u00e9ciale, ce sont les d\u00e9licates fleurs en 3D qui ornent le haut et la jupe, cr\u00e9ant un effet romantique et artistique. Le tulle l\u00e9ger ajoute de la l\u00e9g\u00e8ret\u00e9 et du mouvement, donnant \u00e0 la robe une sensation de r\u00eave. Cette robe est le choix id\u00e9al pour la mari\u00e9e qui recherche un design couture avec un look romantique qui lui donne une beaut\u00e9 intemporelle. D\u00e9couvrez la robe de mari\u00e9e Amanda de Ramona Koonings Couture chez Koonings The Wedding Palace et sentez-vous comme une v\u00e9ritable princesse le jour de votre mariage.","breadcrumb":{"@id":"https:\/\/www.koonings.com\/fr\/product\/ramona-koonings-couture-kn2555-amanda\/#breadcrumb"},"inLanguage":"fr-FR","potentialAction":[{"@type":"ReadAction","target":["https:\/\/www.koonings.com\/fr\/product\/ramona-koonings-couture-kn2555-amanda\/"]}]},{"@type":"ImageObject","inLanguage":"fr-FR","@id":"https:\/\/www.koonings.com\/fr\/product\/ramona-koonings-couture-kn2555-amanda\/#primaryimage","url":"https:\/\/www.koonings.com\/wp-content\/uploads\/2025\/03\/40014_683deff2feb4f8cbaabcb33d0eae3062052915ea7509f11e8206d6ebfa9616c0c17b2c6e-scaled.jpeg","contentUrl":"https:\/\/www.koonings.com\/wp-content\/uploads\/2025\/03\/40014_683deff2feb4f8cbaabcb33d0eae3062052915ea7509f11e8206d6ebfa9616c0c17b2c6e-scaled.jpeg","width":1811,"height":2560},{"@type":"BreadcrumbList","@id":"https:\/\/www.koonings.com\/fr\/product\/ramona-koonings-couture-kn2555-amanda\/#breadcrumb","itemListElement":[{"@type":"ListItem","position":1,"name":"Home","item":"https:\/\/www.koonings.com\/fr\/"},{"@type":"ListItem","position":2,"name":"Ramona Koonings Couture KN2555 Amanda"}]},{"@type":"WebSite","@id":"https:\/\/www.koonings.com\/fr\/#website","url":"https:\/\/www.koonings.com\/fr\/","name":"Koonings","description":"De grootste bruidsmodewinkel ter wereld","publisher":{"@id":"https:\/\/www.koonings.com\/fr\/#organization"},"potentialAction":[{"@type":"SearchAction","target":{"@type":"EntryPoint","urlTemplate":"https:\/\/www.koonings.com\/fr\/?s={search_term_string}"},"query-input":{"@type":"PropertyValueSpecification","valueRequired":true,"valueName":"search_term_string"}}],"inLanguage":"fr-FR"},{"@type":"Organization","@id":"https:\/\/www.koonings.com\/fr\/#organization","name":"Koonings","url":"https:\/\/www.koonings.com\/fr\/","logo":{"@type":"ImageObject","inLanguage":"fr-FR","@id":"https:\/\/www.koonings.com\/fr\/#\/schema\/logo\/image\/","url":"https:\/\/www.koonings.com\/wp-content\/uploads\/2024\/07\/logo.png","contentUrl":"https:\/\/www.koonings.com\/wp-content\/uploads\/2024\/07\/logo.png","width":600,"height":428,"caption":"Koonings"},"image":{"@id":"https:\/\/www.koonings.com\/fr\/#\/schema\/logo\/image\/"},"sameAs":["https:\/\/www.facebook.com\/kooningstheweddingpalace","https:\/\/www.instagram.com\/kooningstheweddingpalace","https:\/\/www.pinterest.com\/koonings","https:\/\/www.youtube.com\/kooningstheweddingpalace"]}]}},"_links":{"self":[{"href":"https:\/\/www.koonings.com\/fr\/wp-json\/wp\/v2\/product\/85014","targetHints":{"allow":["GET"]}}],"collection":[{"href":"https:\/\/www.koonings.com\/fr\/wp-json\/wp\/v2\/product"}],"about":[{"href":"https:\/\/www.koonings.com\/fr\/wp-json\/wp\/v2\/types\/product"}],"wp:featuredmedia":[{"embeddable":true,"href":"https:\/\/www.koonings.com\/fr\/wp-json\/wp\/v2\/media\/83016"}],"wp:attachment":[{"href":"https:\/\/www.koonings.com\/fr\/wp-json\/wp\/v2\/media?parent=85014"}],"wp:term":[{"taxonomy":"productdetails","embeddable":true,"href":"https:\/\/www.koonings.com\/fr\/wp-json\/wp\/v2\/productdetails?post=85014"},{"taxonomy":"productneck","embeddable":true,"href":"https:\/\/www.koonings.com\/fr\/wp-json\/wp\/v2\/productneck?post=85014"},{"taxonomy":"productcolor","embeddable":true,"href":"https:\/\/www.koonings.com\/fr\/wp-json\/wp\/v2\/productcolor?post=85014"},{"taxonomy":"maat","embeddable":true,"href":"https:\/\/www.koonings.com\/fr\/wp-json\/wp\/v2\/maat?post=85014"},{"taxonomy":"productsupplier","embeddable":true,"href":"https:\/\/www.koonings.com\/fr\/wp-json\/wp\/v2\/productsupplier?post=85014"},{"taxonomy":"productsleeve","embeddable":true,"href":"https:\/\/www.koonings.com\/fr\/wp-json\/wp\/v2\/productsleeve?post=85014"},{"taxonomy":"productcategory","embeddable":true,"href":"https:\/\/www.koonings.com\/fr\/wp-json\/wp\/v2\/productcategory?post=85014"},{"taxonomy":"productsilhouette","embeddable":true,"href":"https:\/\/www.koonings.com\/fr\/wp-json\/wp\/v2\/productsilhouette?post=85014"},{"taxonomy":"productstyle","embeddable":true,"href":"https:\/\/www.koonings.com\/fr\/wp-json\/wp\/v2\/productstyle?post=85014"}],"curies":[{"name":"wp","href":"https:\/\/api.w.org\/{rel}","templated":true}]}}