{"id":85007,"date":"2026-04-14T16:18:14","date_gmt":"2026-04-14T14:18:14","guid":{"rendered":"https:\/\/www.koonings.com\/product\/ramona-koonings-couture-kn2532-beyonce\/"},"modified":"2025-06-05T13:59:01","modified_gmt":"2025-06-05T11:59:01","slug":"ramona-koonings-couture-kn2532-beyonce","status":"publish","type":"product","link":"https:\/\/www.koonings.com\/fr\/product\/ramona-koonings-couture-kn2532-beyonce\/","title":{"rendered":"Ramona Koonings Couture KN2532 Beyonce"},"content":{"rendered":"<p>L&#8217;\u00e9l\u00e9gante robe de mari\u00e9e Beyonce de Ramona Koonings Couture.<br \/>\nLa robe de mari\u00e9e Beyonce de Ramona Koonings Couture, disponible exclusivement chez Koonings The Wedding Palace, est un choix parfait pour la mari\u00e9e qui aime un look classique et sophistiqu\u00e9 avec une touche de modernit\u00e9. Cette robe couture associe des d\u00e9tails luxueux \u00e0 un design intemporel, ce qui vous permettra de briller de mille feux le jour de votre mariage.<br \/>\nLa coupe sir\u00e8ne cr\u00e9e une belle silhouette structur\u00e9e qui met en valeur les courbes f\u00e9minines. L&#8217;encolure haute et les manches longues conf\u00e8rent \u00e0 la robe une allure \u00e9l\u00e9gante et sophistiqu\u00e9e, tandis que la douce teinte ivoire\/blush cr\u00e9e un effet romantique et r\u00eaveur.<br \/>\nLa robe est brillamment embellie par des fleurs en 3D appliqu\u00e9es sur le haut et la robe, cr\u00e9ant un effet artistique mais subtil. Le tulle apporte de l&#8217;air et assure un mouvement \u00e9l\u00e9gant \u00e0 chaque pas. Le panneau arri\u00e8re inhabituel ajoute \u00e0 l&#8217;unicit\u00e9 de la robe et fournit une finition \u00e9tonnamment sensuelle, donnant \u00e0 la mari\u00e9e une impression de chic et de s\u00e9duction.<br \/>\nPour la mari\u00e9e qui recherche une robe de couture avec un charme classique et des d\u00e9tails sp\u00e9ciaux, la robe de mari\u00e9e Beyonce est le choix parfait. D\u00e9couvrez cette robe unique chez Koonings The Wedding Palace et rendez le jour de votre mariage encore plus sp\u00e9cial.     <\/p>\n","protected":false},"featured_media":83118,"template":"","meta":{"_acf_changed":false,"ghostkit_customizer_options":"","ghostkit_custom_css":"","ghostkit_custom_js_head":"","ghostkit_custom_js_foot":"","ghostkit_typography":""},"productdetails":[379,382,381],"productneck":[350],"productcolor":[393,392],"maat":[],"productsupplier":[419],"productsleeve":[362],"productcategory":[18],"productsilhouette":[387],"productstyle":[367,369],"class_list":["post-85007","product","type-product","status-publish","has-post-thumbnail","hentry","productdetails-379","productdetails-382","productdetails-381","productneck-350","productcolor-393","productcolor-392","productsupplier-ramona-koonings-couture","productsleeve-362","productcategory-trouwjurken","productsilhouette-387","productstyle-367","productstyle-369"],"acf":[],"yoast_head":"<!-- This site is optimized with the Yoast SEO plugin v27.3 - https:\/\/yoast.com\/product\/yoast-seo-wordpress\/ -->\n<title>Ramona Koonings Couture KN2532 Beyonce | Koonings<\/title>\n<meta name=\"description\" content=\"L&#039;\u00e9l\u00e9gante robe de mari\u00e9e Beyonce de Ramona Koonings Couture. La robe de mari\u00e9e Beyonce de Ramona Koonings Couture, disponible exclusivement chez Koonings The Wedding Palace, est un choix parfait pour la mari\u00e9e qui aime un look classique et sophistiqu\u00e9 avec une touche de modernit\u00e9. Cette robe couture associe des d\u00e9tails luxueux \u00e0 un design intemporel, ce qui vous permettra de briller de mille feux le jour de votre mariage. La coupe sir\u00e8ne cr\u00e9e une belle silhouette structur\u00e9e qui met en valeur les courbes f\u00e9minines. L&#039;encolure haute et les manches longues conf\u00e8rent \u00e0 la robe une allure \u00e9l\u00e9gante et sophistiqu\u00e9e, tandis que la douce teinte ivoire\/blush cr\u00e9e un effet romantique et r\u00eaveur. La robe est brillamment embellie par des fleurs en 3D appliqu\u00e9es sur le haut et la robe, cr\u00e9ant un effet artistique mais subtil. Le tulle apporte de l&#039;air et assure un mouvement \u00e9l\u00e9gant \u00e0 chaque pas. Le panneau arri\u00e8re inhabituel ajoute \u00e0 l&#039;unicit\u00e9 de la robe et fournit une finition \u00e9tonnamment sensuelle, donnant \u00e0 la mari\u00e9e une impression de chic et de s\u00e9duction. Pour la mari\u00e9e qui recherche une robe de couture avec un charme classique et des d\u00e9tails sp\u00e9ciaux, la robe de mari\u00e9e Beyonce est le choix parfait. D\u00e9couvrez cette robe unique chez Koonings The Wedding Palace et rendez le jour de votre mariage encore plus sp\u00e9cial.\" \/>\n<meta name=\"robots\" content=\"index, follow, max-snippet:-1, max-image-preview:large, max-video-preview:-1\" \/>\n<link rel=\"canonical\" href=\"https:\/\/www.koonings.com\/fr\/product\/ramona-koonings-couture-kn2532-beyonce\/\" \/>\n<meta property=\"og:locale\" content=\"fr_FR\" \/>\n<meta property=\"og:type\" content=\"article\" \/>\n<meta property=\"og:title\" content=\"Ramona Koonings Couture KN2532 Beyonce | Koonings\" \/>\n<meta property=\"og:description\" content=\"L&#039;\u00e9l\u00e9gante robe de mari\u00e9e Beyonce de Ramona Koonings Couture. La robe de mari\u00e9e Beyonce de Ramona Koonings Couture, disponible exclusivement chez Koonings The Wedding Palace, est un choix parfait pour la mari\u00e9e qui aime un look classique et sophistiqu\u00e9 avec une touche de modernit\u00e9. Cette robe couture associe des d\u00e9tails luxueux \u00e0 un design intemporel, ce qui vous permettra de briller de mille feux le jour de votre mariage. La coupe sir\u00e8ne cr\u00e9e une belle silhouette structur\u00e9e qui met en valeur les courbes f\u00e9minines. L&#039;encolure haute et les manches longues conf\u00e8rent \u00e0 la robe une allure \u00e9l\u00e9gante et sophistiqu\u00e9e, tandis que la douce teinte ivoire\/blush cr\u00e9e un effet romantique et r\u00eaveur. La robe est brillamment embellie par des fleurs en 3D appliqu\u00e9es sur le haut et la robe, cr\u00e9ant un effet artistique mais subtil. Le tulle apporte de l&#039;air et assure un mouvement \u00e9l\u00e9gant \u00e0 chaque pas. Le panneau arri\u00e8re inhabituel ajoute \u00e0 l&#039;unicit\u00e9 de la robe et fournit une finition \u00e9tonnamment sensuelle, donnant \u00e0 la mari\u00e9e une impression de chic et de s\u00e9duction. Pour la mari\u00e9e qui recherche une robe de couture avec un charme classique et des d\u00e9tails sp\u00e9ciaux, la robe de mari\u00e9e Beyonce est le choix parfait. D\u00e9couvrez cette robe unique chez Koonings The Wedding Palace et rendez le jour de votre mariage encore plus sp\u00e9cial.\" \/>\n<meta property=\"og:url\" content=\"https:\/\/www.koonings.com\/fr\/product\/ramona-koonings-couture-kn2532-beyonce\/\" \/>\n<meta property=\"og:site_name\" content=\"Koonings\" \/>\n<meta property=\"article:publisher\" content=\"https:\/\/www.facebook.com\/kooningstheweddingpalace\" \/>\n<meta property=\"og:image\" content=\"https:\/\/www.koonings.com\/wp-content\/uploads\/2025\/03\/40132_587e56626070c736c1ac264464deb8b4bb1947339654c57c05662ec6eb00d55272c2a361-scaled.jpeg\" \/>\n\t<meta property=\"og:image:width\" content=\"1813\" \/>\n\t<meta property=\"og:image:height\" content=\"2560\" \/>\n\t<meta property=\"og:image:type\" content=\"image\/jpeg\" \/>\n<meta name=\"twitter:card\" content=\"summary_large_image\" \/>\n<meta name=\"twitter:label1\" content=\"Dur\u00e9e de lecture estim\u00e9e\" \/>\n\t<meta name=\"twitter:data1\" content=\"1 minute\" \/>\n<script type=\"application\/ld+json\" class=\"yoast-schema-graph\">{\"@context\":\"https:\\\/\\\/schema.org\",\"@graph\":[{\"@type\":\"WebPage\",\"@id\":\"https:\\\/\\\/www.koonings.com\\\/fr\\\/product\\\/ramona-koonings-couture-kn2532-beyonce\\\/\",\"url\":\"https:\\\/\\\/www.koonings.com\\\/fr\\\/product\\\/ramona-koonings-couture-kn2532-beyonce\\\/\",\"name\":\"Ramona Koonings Couture KN2532 Beyonce | Koonings\",\"isPartOf\":{\"@id\":\"https:\\\/\\\/www.koonings.com\\\/fr\\\/#website\"},\"primaryImageOfPage\":{\"@id\":\"https:\\\/\\\/www.koonings.com\\\/fr\\\/product\\\/ramona-koonings-couture-kn2532-beyonce\\\/#primaryimage\"},\"image\":{\"@id\":\"https:\\\/\\\/www.koonings.com\\\/fr\\\/product\\\/ramona-koonings-couture-kn2532-beyonce\\\/#primaryimage\"},\"thumbnailUrl\":\"https:\\\/\\\/www.koonings.com\\\/wp-content\\\/uploads\\\/2025\\\/03\\\/40132_587e56626070c736c1ac264464deb8b4bb1947339654c57c05662ec6eb00d55272c2a361-scaled.jpeg\",\"datePublished\":\"2026-04-14T14:18:14+00:00\",\"description\":\"L'\u00e9l\u00e9gante robe de mari\u00e9e Beyonce de Ramona Koonings Couture. La robe de mari\u00e9e Beyonce de Ramona Koonings Couture, disponible exclusivement chez Koonings The Wedding Palace, est un choix parfait pour la mari\u00e9e qui aime un look classique et sophistiqu\u00e9 avec une touche de modernit\u00e9. Cette robe couture associe des d\u00e9tails luxueux \u00e0 un design intemporel, ce qui vous permettra de briller de mille feux le jour de votre mariage. La coupe sir\u00e8ne cr\u00e9e une belle silhouette structur\u00e9e qui met en valeur les courbes f\u00e9minines. L'encolure haute et les manches longues conf\u00e8rent \u00e0 la robe une allure \u00e9l\u00e9gante et sophistiqu\u00e9e, tandis que la douce teinte ivoire\\\/blush cr\u00e9e un effet romantique et r\u00eaveur. La robe est brillamment embellie par des fleurs en 3D appliqu\u00e9es sur le haut et la robe, cr\u00e9ant un effet artistique mais subtil. Le tulle apporte de l'air et assure un mouvement \u00e9l\u00e9gant \u00e0 chaque pas. Le panneau arri\u00e8re inhabituel ajoute \u00e0 l'unicit\u00e9 de la robe et fournit une finition \u00e9tonnamment sensuelle, donnant \u00e0 la mari\u00e9e une impression de chic et de s\u00e9duction. Pour la mari\u00e9e qui recherche une robe de couture avec un charme classique et des d\u00e9tails sp\u00e9ciaux, la robe de mari\u00e9e Beyonce est le choix parfait. D\u00e9couvrez cette robe unique chez Koonings The Wedding Palace et rendez le jour de votre mariage encore plus sp\u00e9cial.\",\"breadcrumb\":{\"@id\":\"https:\\\/\\\/www.koonings.com\\\/fr\\\/product\\\/ramona-koonings-couture-kn2532-beyonce\\\/#breadcrumb\"},\"inLanguage\":\"fr-FR\",\"potentialAction\":[{\"@type\":\"ReadAction\",\"target\":[\"https:\\\/\\\/www.koonings.com\\\/fr\\\/product\\\/ramona-koonings-couture-kn2532-beyonce\\\/\"]}]},{\"@type\":\"ImageObject\",\"inLanguage\":\"fr-FR\",\"@id\":\"https:\\\/\\\/www.koonings.com\\\/fr\\\/product\\\/ramona-koonings-couture-kn2532-beyonce\\\/#primaryimage\",\"url\":\"https:\\\/\\\/www.koonings.com\\\/wp-content\\\/uploads\\\/2025\\\/03\\\/40132_587e56626070c736c1ac264464deb8b4bb1947339654c57c05662ec6eb00d55272c2a361-scaled.jpeg\",\"contentUrl\":\"https:\\\/\\\/www.koonings.com\\\/wp-content\\\/uploads\\\/2025\\\/03\\\/40132_587e56626070c736c1ac264464deb8b4bb1947339654c57c05662ec6eb00d55272c2a361-scaled.jpeg\",\"width\":1813,\"height\":2560},{\"@type\":\"BreadcrumbList\",\"@id\":\"https:\\\/\\\/www.koonings.com\\\/fr\\\/product\\\/ramona-koonings-couture-kn2532-beyonce\\\/#breadcrumb\",\"itemListElement\":[{\"@type\":\"ListItem\",\"position\":1,\"name\":\"Home\",\"item\":\"https:\\\/\\\/www.koonings.com\\\/fr\\\/\"},{\"@type\":\"ListItem\",\"position\":2,\"name\":\"Ramona Koonings Couture KN2532 Beyonce\"}]},{\"@type\":\"WebSite\",\"@id\":\"https:\\\/\\\/www.koonings.com\\\/fr\\\/#website\",\"url\":\"https:\\\/\\\/www.koonings.com\\\/fr\\\/\",\"name\":\"Koonings\",\"description\":\"De grootste bruidsmodewinkel ter wereld\",\"publisher\":{\"@id\":\"https:\\\/\\\/www.koonings.com\\\/fr\\\/#organization\"},\"potentialAction\":[{\"@type\":\"SearchAction\",\"target\":{\"@type\":\"EntryPoint\",\"urlTemplate\":\"https:\\\/\\\/www.koonings.com\\\/fr\\\/?s={search_term_string}\"},\"query-input\":{\"@type\":\"PropertyValueSpecification\",\"valueRequired\":true,\"valueName\":\"search_term_string\"}}],\"inLanguage\":\"fr-FR\"},{\"@type\":\"Organization\",\"@id\":\"https:\\\/\\\/www.koonings.com\\\/fr\\\/#organization\",\"name\":\"Koonings\",\"url\":\"https:\\\/\\\/www.koonings.com\\\/fr\\\/\",\"logo\":{\"@type\":\"ImageObject\",\"inLanguage\":\"fr-FR\",\"@id\":\"https:\\\/\\\/www.koonings.com\\\/fr\\\/#\\\/schema\\\/logo\\\/image\\\/\",\"url\":\"https:\\\/\\\/www.koonings.com\\\/wp-content\\\/uploads\\\/2024\\\/07\\\/logo.png\",\"contentUrl\":\"https:\\\/\\\/www.koonings.com\\\/wp-content\\\/uploads\\\/2024\\\/07\\\/logo.png\",\"width\":600,\"height\":428,\"caption\":\"Koonings\"},\"image\":{\"@id\":\"https:\\\/\\\/www.koonings.com\\\/fr\\\/#\\\/schema\\\/logo\\\/image\\\/\"},\"sameAs\":[\"https:\\\/\\\/www.facebook.com\\\/kooningstheweddingpalace\",\"https:\\\/\\\/www.instagram.com\\\/kooningstheweddingpalace\",\"https:\\\/\\\/www.pinterest.com\\\/koonings\",\"https:\\\/\\\/www.youtube.com\\\/kooningstheweddingpalace\"]}]}<\/script>\n<!-- \/ Yoast SEO plugin. -->","yoast_head_json":{"title":"Ramona Koonings Couture KN2532 Beyonce | Koonings","description":"L'\u00e9l\u00e9gante robe de mari\u00e9e Beyonce de Ramona Koonings Couture. La robe de mari\u00e9e Beyonce de Ramona Koonings Couture, disponible exclusivement chez Koonings The Wedding Palace, est un choix parfait pour la mari\u00e9e qui aime un look classique et sophistiqu\u00e9 avec une touche de modernit\u00e9. Cette robe couture associe des d\u00e9tails luxueux \u00e0 un design intemporel, ce qui vous permettra de briller de mille feux le jour de votre mariage. La coupe sir\u00e8ne cr\u00e9e une belle silhouette structur\u00e9e qui met en valeur les courbes f\u00e9minines. L'encolure haute et les manches longues conf\u00e8rent \u00e0 la robe une allure \u00e9l\u00e9gante et sophistiqu\u00e9e, tandis que la douce teinte ivoire\/blush cr\u00e9e un effet romantique et r\u00eaveur. La robe est brillamment embellie par des fleurs en 3D appliqu\u00e9es sur le haut et la robe, cr\u00e9ant un effet artistique mais subtil. Le tulle apporte de l'air et assure un mouvement \u00e9l\u00e9gant \u00e0 chaque pas. Le panneau arri\u00e8re inhabituel ajoute \u00e0 l'unicit\u00e9 de la robe et fournit une finition \u00e9tonnamment sensuelle, donnant \u00e0 la mari\u00e9e une impression de chic et de s\u00e9duction. Pour la mari\u00e9e qui recherche une robe de couture avec un charme classique et des d\u00e9tails sp\u00e9ciaux, la robe de mari\u00e9e Beyonce est le choix parfait. D\u00e9couvrez cette robe unique chez Koonings The Wedding Palace et rendez le jour de votre mariage encore plus sp\u00e9cial.","robots":{"index":"index","follow":"follow","max-snippet":"max-snippet:-1","max-image-preview":"max-image-preview:large","max-video-preview":"max-video-preview:-1"},"canonical":"https:\/\/www.koonings.com\/fr\/product\/ramona-koonings-couture-kn2532-beyonce\/","og_locale":"fr_FR","og_type":"article","og_title":"Ramona Koonings Couture KN2532 Beyonce | Koonings","og_description":"L'\u00e9l\u00e9gante robe de mari\u00e9e Beyonce de Ramona Koonings Couture. La robe de mari\u00e9e Beyonce de Ramona Koonings Couture, disponible exclusivement chez Koonings The Wedding Palace, est un choix parfait pour la mari\u00e9e qui aime un look classique et sophistiqu\u00e9 avec une touche de modernit\u00e9. Cette robe couture associe des d\u00e9tails luxueux \u00e0 un design intemporel, ce qui vous permettra de briller de mille feux le jour de votre mariage. La coupe sir\u00e8ne cr\u00e9e une belle silhouette structur\u00e9e qui met en valeur les courbes f\u00e9minines. L'encolure haute et les manches longues conf\u00e8rent \u00e0 la robe une allure \u00e9l\u00e9gante et sophistiqu\u00e9e, tandis que la douce teinte ivoire\/blush cr\u00e9e un effet romantique et r\u00eaveur. La robe est brillamment embellie par des fleurs en 3D appliqu\u00e9es sur le haut et la robe, cr\u00e9ant un effet artistique mais subtil. Le tulle apporte de l'air et assure un mouvement \u00e9l\u00e9gant \u00e0 chaque pas. Le panneau arri\u00e8re inhabituel ajoute \u00e0 l'unicit\u00e9 de la robe et fournit une finition \u00e9tonnamment sensuelle, donnant \u00e0 la mari\u00e9e une impression de chic et de s\u00e9duction. Pour la mari\u00e9e qui recherche une robe de couture avec un charme classique et des d\u00e9tails sp\u00e9ciaux, la robe de mari\u00e9e Beyonce est le choix parfait. D\u00e9couvrez cette robe unique chez Koonings The Wedding Palace et rendez le jour de votre mariage encore plus sp\u00e9cial.","og_url":"https:\/\/www.koonings.com\/fr\/product\/ramona-koonings-couture-kn2532-beyonce\/","og_site_name":"Koonings","article_publisher":"https:\/\/www.facebook.com\/kooningstheweddingpalace","og_image":[{"width":1813,"height":2560,"url":"https:\/\/www.koonings.com\/wp-content\/uploads\/2025\/03\/40132_587e56626070c736c1ac264464deb8b4bb1947339654c57c05662ec6eb00d55272c2a361-scaled.jpeg","type":"image\/jpeg"}],"twitter_card":"summary_large_image","twitter_misc":{"Dur\u00e9e de lecture estim\u00e9e":"1 minute"},"schema":{"@context":"https:\/\/schema.org","@graph":[{"@type":"WebPage","@id":"https:\/\/www.koonings.com\/fr\/product\/ramona-koonings-couture-kn2532-beyonce\/","url":"https:\/\/www.koonings.com\/fr\/product\/ramona-koonings-couture-kn2532-beyonce\/","name":"Ramona Koonings Couture KN2532 Beyonce | Koonings","isPartOf":{"@id":"https:\/\/www.koonings.com\/fr\/#website"},"primaryImageOfPage":{"@id":"https:\/\/www.koonings.com\/fr\/product\/ramona-koonings-couture-kn2532-beyonce\/#primaryimage"},"image":{"@id":"https:\/\/www.koonings.com\/fr\/product\/ramona-koonings-couture-kn2532-beyonce\/#primaryimage"},"thumbnailUrl":"https:\/\/www.koonings.com\/wp-content\/uploads\/2025\/03\/40132_587e56626070c736c1ac264464deb8b4bb1947339654c57c05662ec6eb00d55272c2a361-scaled.jpeg","datePublished":"2026-04-14T14:18:14+00:00","description":"L'\u00e9l\u00e9gante robe de mari\u00e9e Beyonce de Ramona Koonings Couture. La robe de mari\u00e9e Beyonce de Ramona Koonings Couture, disponible exclusivement chez Koonings The Wedding Palace, est un choix parfait pour la mari\u00e9e qui aime un look classique et sophistiqu\u00e9 avec une touche de modernit\u00e9. Cette robe couture associe des d\u00e9tails luxueux \u00e0 un design intemporel, ce qui vous permettra de briller de mille feux le jour de votre mariage. La coupe sir\u00e8ne cr\u00e9e une belle silhouette structur\u00e9e qui met en valeur les courbes f\u00e9minines. L'encolure haute et les manches longues conf\u00e8rent \u00e0 la robe une allure \u00e9l\u00e9gante et sophistiqu\u00e9e, tandis que la douce teinte ivoire\/blush cr\u00e9e un effet romantique et r\u00eaveur. La robe est brillamment embellie par des fleurs en 3D appliqu\u00e9es sur le haut et la robe, cr\u00e9ant un effet artistique mais subtil. Le tulle apporte de l'air et assure un mouvement \u00e9l\u00e9gant \u00e0 chaque pas. Le panneau arri\u00e8re inhabituel ajoute \u00e0 l'unicit\u00e9 de la robe et fournit une finition \u00e9tonnamment sensuelle, donnant \u00e0 la mari\u00e9e une impression de chic et de s\u00e9duction. Pour la mari\u00e9e qui recherche une robe de couture avec un charme classique et des d\u00e9tails sp\u00e9ciaux, la robe de mari\u00e9e Beyonce est le choix parfait. D\u00e9couvrez cette robe unique chez Koonings The Wedding Palace et rendez le jour de votre mariage encore plus sp\u00e9cial.","breadcrumb":{"@id":"https:\/\/www.koonings.com\/fr\/product\/ramona-koonings-couture-kn2532-beyonce\/#breadcrumb"},"inLanguage":"fr-FR","potentialAction":[{"@type":"ReadAction","target":["https:\/\/www.koonings.com\/fr\/product\/ramona-koonings-couture-kn2532-beyonce\/"]}]},{"@type":"ImageObject","inLanguage":"fr-FR","@id":"https:\/\/www.koonings.com\/fr\/product\/ramona-koonings-couture-kn2532-beyonce\/#primaryimage","url":"https:\/\/www.koonings.com\/wp-content\/uploads\/2025\/03\/40132_587e56626070c736c1ac264464deb8b4bb1947339654c57c05662ec6eb00d55272c2a361-scaled.jpeg","contentUrl":"https:\/\/www.koonings.com\/wp-content\/uploads\/2025\/03\/40132_587e56626070c736c1ac264464deb8b4bb1947339654c57c05662ec6eb00d55272c2a361-scaled.jpeg","width":1813,"height":2560},{"@type":"BreadcrumbList","@id":"https:\/\/www.koonings.com\/fr\/product\/ramona-koonings-couture-kn2532-beyonce\/#breadcrumb","itemListElement":[{"@type":"ListItem","position":1,"name":"Home","item":"https:\/\/www.koonings.com\/fr\/"},{"@type":"ListItem","position":2,"name":"Ramona Koonings Couture KN2532 Beyonce"}]},{"@type":"WebSite","@id":"https:\/\/www.koonings.com\/fr\/#website","url":"https:\/\/www.koonings.com\/fr\/","name":"Koonings","description":"De grootste bruidsmodewinkel ter wereld","publisher":{"@id":"https:\/\/www.koonings.com\/fr\/#organization"},"potentialAction":[{"@type":"SearchAction","target":{"@type":"EntryPoint","urlTemplate":"https:\/\/www.koonings.com\/fr\/?s={search_term_string}"},"query-input":{"@type":"PropertyValueSpecification","valueRequired":true,"valueName":"search_term_string"}}],"inLanguage":"fr-FR"},{"@type":"Organization","@id":"https:\/\/www.koonings.com\/fr\/#organization","name":"Koonings","url":"https:\/\/www.koonings.com\/fr\/","logo":{"@type":"ImageObject","inLanguage":"fr-FR","@id":"https:\/\/www.koonings.com\/fr\/#\/schema\/logo\/image\/","url":"https:\/\/www.koonings.com\/wp-content\/uploads\/2024\/07\/logo.png","contentUrl":"https:\/\/www.koonings.com\/wp-content\/uploads\/2024\/07\/logo.png","width":600,"height":428,"caption":"Koonings"},"image":{"@id":"https:\/\/www.koonings.com\/fr\/#\/schema\/logo\/image\/"},"sameAs":["https:\/\/www.facebook.com\/kooningstheweddingpalace","https:\/\/www.instagram.com\/kooningstheweddingpalace","https:\/\/www.pinterest.com\/koonings","https:\/\/www.youtube.com\/kooningstheweddingpalace"]}]}},"_links":{"self":[{"href":"https:\/\/www.koonings.com\/fr\/wp-json\/wp\/v2\/product\/85007","targetHints":{"allow":["GET"]}}],"collection":[{"href":"https:\/\/www.koonings.com\/fr\/wp-json\/wp\/v2\/product"}],"about":[{"href":"https:\/\/www.koonings.com\/fr\/wp-json\/wp\/v2\/types\/product"}],"wp:featuredmedia":[{"embeddable":true,"href":"https:\/\/www.koonings.com\/fr\/wp-json\/wp\/v2\/media\/83118"}],"wp:attachment":[{"href":"https:\/\/www.koonings.com\/fr\/wp-json\/wp\/v2\/media?parent=85007"}],"wp:term":[{"taxonomy":"productdetails","embeddable":true,"href":"https:\/\/www.koonings.com\/fr\/wp-json\/wp\/v2\/productdetails?post=85007"},{"taxonomy":"productneck","embeddable":true,"href":"https:\/\/www.koonings.com\/fr\/wp-json\/wp\/v2\/productneck?post=85007"},{"taxonomy":"productcolor","embeddable":true,"href":"https:\/\/www.koonings.com\/fr\/wp-json\/wp\/v2\/productcolor?post=85007"},{"taxonomy":"maat","embeddable":true,"href":"https:\/\/www.koonings.com\/fr\/wp-json\/wp\/v2\/maat?post=85007"},{"taxonomy":"productsupplier","embeddable":true,"href":"https:\/\/www.koonings.com\/fr\/wp-json\/wp\/v2\/productsupplier?post=85007"},{"taxonomy":"productsleeve","embeddable":true,"href":"https:\/\/www.koonings.com\/fr\/wp-json\/wp\/v2\/productsleeve?post=85007"},{"taxonomy":"productcategory","embeddable":true,"href":"https:\/\/www.koonings.com\/fr\/wp-json\/wp\/v2\/productcategory?post=85007"},{"taxonomy":"productsilhouette","embeddable":true,"href":"https:\/\/www.koonings.com\/fr\/wp-json\/wp\/v2\/productsilhouette?post=85007"},{"taxonomy":"productstyle","embeddable":true,"href":"https:\/\/www.koonings.com\/fr\/wp-json\/wp\/v2\/productstyle?post=85007"}],"curies":[{"name":"wp","href":"https:\/\/api.w.org\/{rel}","templated":true}]}}