{"id":85004,"date":"2026-04-14T16:18:04","date_gmt":"2026-04-14T14:18:04","guid":{"rendered":"https:\/\/www.koonings.com\/product\/ramona-koonings-couture-kn2535-yayoi\/"},"modified":"2025-06-05T13:58:53","modified_gmt":"2025-06-05T11:58:53","slug":"ramona-koonings-couture-kn2535-yayoi","status":"publish","type":"product","link":"https:\/\/www.koonings.com\/fr\/product\/ramona-koonings-couture-kn2535-yayoi\/","title":{"rendered":"Ramona Koonings Couture KN2535 Yayoi"},"content":{"rendered":"<p>L&#8217;\u00e9l\u00e9gante robe de mari\u00e9e Yayoi de Ramona Koonings Couture.<br \/>\nLa robe de mari\u00e9e Yayoi de Ramona Koonings Couture, disponible exclusivement chez Koonings The Wedding Palace, est un choix parfait pour la mari\u00e9e qui aime l&#8217;\u00e9l\u00e9gance classique avec une touche de romantisme. Cette robe de couture a une coupe en ligne A et un d\u00e9collet\u00e9 en forme de c\u0153ur qui met magnifiquement en valeur le d\u00e9collet\u00e9. Les bretelles luxueuses et la douce teinte ivoire\/blush rendent la robe encore plus sophistiqu\u00e9e. Orn\u00e9e de fleurs en 3D sur la robe et confectionn\u00e9e en tulle a\u00e9r\u00e9, la Yayoi d\u00e9gage une beaut\u00e9 romantique et intemporelle. Elle est parfaite pour les mari\u00e9es qui recherchent un mod\u00e8le couture au look sophistiqu\u00e9.    <\/p>\n","protected":false},"featured_media":83067,"template":"","meta":{"_acf_changed":false,"ghostkit_customizer_options":"","ghostkit_custom_css":"","ghostkit_custom_js_head":"","ghostkit_custom_js_foot":"","ghostkit_typography":""},"productdetails":[379,381],"productneck":[355],"productcolor":[393,392],"maat":[],"productsupplier":[419],"productsleeve":[359],"productcategory":[18],"productsilhouette":[384],"productstyle":[367,366],"class_list":["post-85004","product","type-product","status-publish","has-post-thumbnail","hentry","productdetails-379","productdetails-381","productneck-355","productcolor-393","productcolor-392","productsupplier-ramona-koonings-couture","productsleeve-359","productcategory-trouwjurken","productsilhouette-384","productstyle-367","productstyle-366"],"acf":[],"yoast_head":"<!-- This site is optimized with the Yoast SEO plugin v27.3 - https:\/\/yoast.com\/product\/yoast-seo-wordpress\/ -->\n<title>Ramona Koonings Couture KN2535 Yayoi | Koonings<\/title>\n<meta name=\"description\" content=\"L&#039;\u00e9l\u00e9gante robe de mari\u00e9e Yayoi de Ramona Koonings Couture. La robe de mari\u00e9e Yayoi de Ramona Koonings Couture, disponible exclusivement chez Koonings The Wedding Palace, est un choix parfait pour la mari\u00e9e qui aime l&#039;\u00e9l\u00e9gance classique avec une touche de romantisme. Cette robe de couture a une coupe en ligne A et un d\u00e9collet\u00e9 en forme de c\u0153ur qui met magnifiquement en valeur le d\u00e9collet\u00e9. Les bretelles luxueuses et la douce teinte ivoire\/blush rendent la robe encore plus sophistiqu\u00e9e. Orn\u00e9e de fleurs en 3D sur la robe et confectionn\u00e9e en tulle a\u00e9r\u00e9, la Yayoi d\u00e9gage une beaut\u00e9 romantique et intemporelle. Elle est parfaite pour les mari\u00e9es qui recherchent un mod\u00e8le couture au look sophistiqu\u00e9.\" \/>\n<meta name=\"robots\" content=\"index, follow, max-snippet:-1, max-image-preview:large, max-video-preview:-1\" \/>\n<link rel=\"canonical\" href=\"https:\/\/www.koonings.com\/fr\/product\/ramona-koonings-couture-kn2535-yayoi\/\" \/>\n<meta property=\"og:locale\" content=\"fr_FR\" \/>\n<meta property=\"og:type\" content=\"article\" \/>\n<meta property=\"og:title\" content=\"Ramona Koonings Couture KN2535 Yayoi | Koonings\" \/>\n<meta property=\"og:description\" content=\"L&#039;\u00e9l\u00e9gante robe de mari\u00e9e Yayoi de Ramona Koonings Couture. La robe de mari\u00e9e Yayoi de Ramona Koonings Couture, disponible exclusivement chez Koonings The Wedding Palace, est un choix parfait pour la mari\u00e9e qui aime l&#039;\u00e9l\u00e9gance classique avec une touche de romantisme. Cette robe de couture a une coupe en ligne A et un d\u00e9collet\u00e9 en forme de c\u0153ur qui met magnifiquement en valeur le d\u00e9collet\u00e9. Les bretelles luxueuses et la douce teinte ivoire\/blush rendent la robe encore plus sophistiqu\u00e9e. Orn\u00e9e de fleurs en 3D sur la robe et confectionn\u00e9e en tulle a\u00e9r\u00e9, la Yayoi d\u00e9gage une beaut\u00e9 romantique et intemporelle. Elle est parfaite pour les mari\u00e9es qui recherchent un mod\u00e8le couture au look sophistiqu\u00e9.\" \/>\n<meta property=\"og:url\" content=\"https:\/\/www.koonings.com\/fr\/product\/ramona-koonings-couture-kn2535-yayoi\/\" \/>\n<meta property=\"og:site_name\" content=\"Koonings\" \/>\n<meta property=\"article:publisher\" content=\"https:\/\/www.facebook.com\/kooningstheweddingpalace\" \/>\n<meta property=\"og:image\" content=\"https:\/\/www.koonings.com\/wp-content\/uploads\/2025\/03\/40018_278c0e6bce97a66daf1b57c0756167bbfa3f4895e41fa6361b5c5c19f32486c14c4a0a7a-scaled.jpeg\" \/>\n\t<meta property=\"og:image:width\" content=\"1811\" \/>\n\t<meta property=\"og:image:height\" content=\"2560\" \/>\n\t<meta property=\"og:image:type\" content=\"image\/jpeg\" \/>\n<meta name=\"twitter:card\" content=\"summary_large_image\" \/>\n<meta name=\"twitter:label1\" content=\"Dur\u00e9e de lecture estim\u00e9e\" \/>\n\t<meta name=\"twitter:data1\" content=\"1 minute\" \/>\n<script type=\"application\/ld+json\" class=\"yoast-schema-graph\">{\"@context\":\"https:\\\/\\\/schema.org\",\"@graph\":[{\"@type\":\"WebPage\",\"@id\":\"https:\\\/\\\/www.koonings.com\\\/fr\\\/product\\\/ramona-koonings-couture-kn2535-yayoi\\\/\",\"url\":\"https:\\\/\\\/www.koonings.com\\\/fr\\\/product\\\/ramona-koonings-couture-kn2535-yayoi\\\/\",\"name\":\"Ramona Koonings Couture KN2535 Yayoi | Koonings\",\"isPartOf\":{\"@id\":\"https:\\\/\\\/www.koonings.com\\\/fr\\\/#website\"},\"primaryImageOfPage\":{\"@id\":\"https:\\\/\\\/www.koonings.com\\\/fr\\\/product\\\/ramona-koonings-couture-kn2535-yayoi\\\/#primaryimage\"},\"image\":{\"@id\":\"https:\\\/\\\/www.koonings.com\\\/fr\\\/product\\\/ramona-koonings-couture-kn2535-yayoi\\\/#primaryimage\"},\"thumbnailUrl\":\"https:\\\/\\\/www.koonings.com\\\/wp-content\\\/uploads\\\/2025\\\/03\\\/40018_278c0e6bce97a66daf1b57c0756167bbfa3f4895e41fa6361b5c5c19f32486c14c4a0a7a-scaled.jpeg\",\"datePublished\":\"2026-04-14T14:18:04+00:00\",\"description\":\"L'\u00e9l\u00e9gante robe de mari\u00e9e Yayoi de Ramona Koonings Couture. La robe de mari\u00e9e Yayoi de Ramona Koonings Couture, disponible exclusivement chez Koonings The Wedding Palace, est un choix parfait pour la mari\u00e9e qui aime l'\u00e9l\u00e9gance classique avec une touche de romantisme. Cette robe de couture a une coupe en ligne A et un d\u00e9collet\u00e9 en forme de c\u0153ur qui met magnifiquement en valeur le d\u00e9collet\u00e9. Les bretelles luxueuses et la douce teinte ivoire\\\/blush rendent la robe encore plus sophistiqu\u00e9e. Orn\u00e9e de fleurs en 3D sur la robe et confectionn\u00e9e en tulle a\u00e9r\u00e9, la Yayoi d\u00e9gage une beaut\u00e9 romantique et intemporelle. Elle est parfaite pour les mari\u00e9es qui recherchent un mod\u00e8le couture au look sophistiqu\u00e9.\",\"breadcrumb\":{\"@id\":\"https:\\\/\\\/www.koonings.com\\\/fr\\\/product\\\/ramona-koonings-couture-kn2535-yayoi\\\/#breadcrumb\"},\"inLanguage\":\"fr-FR\",\"potentialAction\":[{\"@type\":\"ReadAction\",\"target\":[\"https:\\\/\\\/www.koonings.com\\\/fr\\\/product\\\/ramona-koonings-couture-kn2535-yayoi\\\/\"]}]},{\"@type\":\"ImageObject\",\"inLanguage\":\"fr-FR\",\"@id\":\"https:\\\/\\\/www.koonings.com\\\/fr\\\/product\\\/ramona-koonings-couture-kn2535-yayoi\\\/#primaryimage\",\"url\":\"https:\\\/\\\/www.koonings.com\\\/wp-content\\\/uploads\\\/2025\\\/03\\\/40018_278c0e6bce97a66daf1b57c0756167bbfa3f4895e41fa6361b5c5c19f32486c14c4a0a7a-scaled.jpeg\",\"contentUrl\":\"https:\\\/\\\/www.koonings.com\\\/wp-content\\\/uploads\\\/2025\\\/03\\\/40018_278c0e6bce97a66daf1b57c0756167bbfa3f4895e41fa6361b5c5c19f32486c14c4a0a7a-scaled.jpeg\",\"width\":1811,\"height\":2560},{\"@type\":\"BreadcrumbList\",\"@id\":\"https:\\\/\\\/www.koonings.com\\\/fr\\\/product\\\/ramona-koonings-couture-kn2535-yayoi\\\/#breadcrumb\",\"itemListElement\":[{\"@type\":\"ListItem\",\"position\":1,\"name\":\"Home\",\"item\":\"https:\\\/\\\/www.koonings.com\\\/fr\\\/\"},{\"@type\":\"ListItem\",\"position\":2,\"name\":\"Ramona Koonings Couture KN2535 Yayoi\"}]},{\"@type\":\"WebSite\",\"@id\":\"https:\\\/\\\/www.koonings.com\\\/fr\\\/#website\",\"url\":\"https:\\\/\\\/www.koonings.com\\\/fr\\\/\",\"name\":\"Koonings\",\"description\":\"De grootste bruidsmodewinkel ter wereld\",\"publisher\":{\"@id\":\"https:\\\/\\\/www.koonings.com\\\/fr\\\/#organization\"},\"potentialAction\":[{\"@type\":\"SearchAction\",\"target\":{\"@type\":\"EntryPoint\",\"urlTemplate\":\"https:\\\/\\\/www.koonings.com\\\/fr\\\/?s={search_term_string}\"},\"query-input\":{\"@type\":\"PropertyValueSpecification\",\"valueRequired\":true,\"valueName\":\"search_term_string\"}}],\"inLanguage\":\"fr-FR\"},{\"@type\":\"Organization\",\"@id\":\"https:\\\/\\\/www.koonings.com\\\/fr\\\/#organization\",\"name\":\"Koonings\",\"url\":\"https:\\\/\\\/www.koonings.com\\\/fr\\\/\",\"logo\":{\"@type\":\"ImageObject\",\"inLanguage\":\"fr-FR\",\"@id\":\"https:\\\/\\\/www.koonings.com\\\/fr\\\/#\\\/schema\\\/logo\\\/image\\\/\",\"url\":\"https:\\\/\\\/www.koonings.com\\\/wp-content\\\/uploads\\\/2024\\\/07\\\/logo.png\",\"contentUrl\":\"https:\\\/\\\/www.koonings.com\\\/wp-content\\\/uploads\\\/2024\\\/07\\\/logo.png\",\"width\":600,\"height\":428,\"caption\":\"Koonings\"},\"image\":{\"@id\":\"https:\\\/\\\/www.koonings.com\\\/fr\\\/#\\\/schema\\\/logo\\\/image\\\/\"},\"sameAs\":[\"https:\\\/\\\/www.facebook.com\\\/kooningstheweddingpalace\",\"https:\\\/\\\/www.instagram.com\\\/kooningstheweddingpalace\",\"https:\\\/\\\/www.pinterest.com\\\/koonings\",\"https:\\\/\\\/www.youtube.com\\\/kooningstheweddingpalace\"]}]}<\/script>\n<!-- \/ Yoast SEO plugin. -->","yoast_head_json":{"title":"Ramona Koonings Couture KN2535 Yayoi | Koonings","description":"L'\u00e9l\u00e9gante robe de mari\u00e9e Yayoi de Ramona Koonings Couture. La robe de mari\u00e9e Yayoi de Ramona Koonings Couture, disponible exclusivement chez Koonings The Wedding Palace, est un choix parfait pour la mari\u00e9e qui aime l'\u00e9l\u00e9gance classique avec une touche de romantisme. Cette robe de couture a une coupe en ligne A et un d\u00e9collet\u00e9 en forme de c\u0153ur qui met magnifiquement en valeur le d\u00e9collet\u00e9. Les bretelles luxueuses et la douce teinte ivoire\/blush rendent la robe encore plus sophistiqu\u00e9e. Orn\u00e9e de fleurs en 3D sur la robe et confectionn\u00e9e en tulle a\u00e9r\u00e9, la Yayoi d\u00e9gage une beaut\u00e9 romantique et intemporelle. Elle est parfaite pour les mari\u00e9es qui recherchent un mod\u00e8le couture au look sophistiqu\u00e9.","robots":{"index":"index","follow":"follow","max-snippet":"max-snippet:-1","max-image-preview":"max-image-preview:large","max-video-preview":"max-video-preview:-1"},"canonical":"https:\/\/www.koonings.com\/fr\/product\/ramona-koonings-couture-kn2535-yayoi\/","og_locale":"fr_FR","og_type":"article","og_title":"Ramona Koonings Couture KN2535 Yayoi | Koonings","og_description":"L'\u00e9l\u00e9gante robe de mari\u00e9e Yayoi de Ramona Koonings Couture. La robe de mari\u00e9e Yayoi de Ramona Koonings Couture, disponible exclusivement chez Koonings The Wedding Palace, est un choix parfait pour la mari\u00e9e qui aime l'\u00e9l\u00e9gance classique avec une touche de romantisme. Cette robe de couture a une coupe en ligne A et un d\u00e9collet\u00e9 en forme de c\u0153ur qui met magnifiquement en valeur le d\u00e9collet\u00e9. Les bretelles luxueuses et la douce teinte ivoire\/blush rendent la robe encore plus sophistiqu\u00e9e. Orn\u00e9e de fleurs en 3D sur la robe et confectionn\u00e9e en tulle a\u00e9r\u00e9, la Yayoi d\u00e9gage une beaut\u00e9 romantique et intemporelle. Elle est parfaite pour les mari\u00e9es qui recherchent un mod\u00e8le couture au look sophistiqu\u00e9.","og_url":"https:\/\/www.koonings.com\/fr\/product\/ramona-koonings-couture-kn2535-yayoi\/","og_site_name":"Koonings","article_publisher":"https:\/\/www.facebook.com\/kooningstheweddingpalace","og_image":[{"width":1811,"height":2560,"url":"https:\/\/www.koonings.com\/wp-content\/uploads\/2025\/03\/40018_278c0e6bce97a66daf1b57c0756167bbfa3f4895e41fa6361b5c5c19f32486c14c4a0a7a-scaled.jpeg","type":"image\/jpeg"}],"twitter_card":"summary_large_image","twitter_misc":{"Dur\u00e9e de lecture estim\u00e9e":"1 minute"},"schema":{"@context":"https:\/\/schema.org","@graph":[{"@type":"WebPage","@id":"https:\/\/www.koonings.com\/fr\/product\/ramona-koonings-couture-kn2535-yayoi\/","url":"https:\/\/www.koonings.com\/fr\/product\/ramona-koonings-couture-kn2535-yayoi\/","name":"Ramona Koonings Couture KN2535 Yayoi | Koonings","isPartOf":{"@id":"https:\/\/www.koonings.com\/fr\/#website"},"primaryImageOfPage":{"@id":"https:\/\/www.koonings.com\/fr\/product\/ramona-koonings-couture-kn2535-yayoi\/#primaryimage"},"image":{"@id":"https:\/\/www.koonings.com\/fr\/product\/ramona-koonings-couture-kn2535-yayoi\/#primaryimage"},"thumbnailUrl":"https:\/\/www.koonings.com\/wp-content\/uploads\/2025\/03\/40018_278c0e6bce97a66daf1b57c0756167bbfa3f4895e41fa6361b5c5c19f32486c14c4a0a7a-scaled.jpeg","datePublished":"2026-04-14T14:18:04+00:00","description":"L'\u00e9l\u00e9gante robe de mari\u00e9e Yayoi de Ramona Koonings Couture. La robe de mari\u00e9e Yayoi de Ramona Koonings Couture, disponible exclusivement chez Koonings The Wedding Palace, est un choix parfait pour la mari\u00e9e qui aime l'\u00e9l\u00e9gance classique avec une touche de romantisme. Cette robe de couture a une coupe en ligne A et un d\u00e9collet\u00e9 en forme de c\u0153ur qui met magnifiquement en valeur le d\u00e9collet\u00e9. Les bretelles luxueuses et la douce teinte ivoire\/blush rendent la robe encore plus sophistiqu\u00e9e. Orn\u00e9e de fleurs en 3D sur la robe et confectionn\u00e9e en tulle a\u00e9r\u00e9, la Yayoi d\u00e9gage une beaut\u00e9 romantique et intemporelle. Elle est parfaite pour les mari\u00e9es qui recherchent un mod\u00e8le couture au look sophistiqu\u00e9.","breadcrumb":{"@id":"https:\/\/www.koonings.com\/fr\/product\/ramona-koonings-couture-kn2535-yayoi\/#breadcrumb"},"inLanguage":"fr-FR","potentialAction":[{"@type":"ReadAction","target":["https:\/\/www.koonings.com\/fr\/product\/ramona-koonings-couture-kn2535-yayoi\/"]}]},{"@type":"ImageObject","inLanguage":"fr-FR","@id":"https:\/\/www.koonings.com\/fr\/product\/ramona-koonings-couture-kn2535-yayoi\/#primaryimage","url":"https:\/\/www.koonings.com\/wp-content\/uploads\/2025\/03\/40018_278c0e6bce97a66daf1b57c0756167bbfa3f4895e41fa6361b5c5c19f32486c14c4a0a7a-scaled.jpeg","contentUrl":"https:\/\/www.koonings.com\/wp-content\/uploads\/2025\/03\/40018_278c0e6bce97a66daf1b57c0756167bbfa3f4895e41fa6361b5c5c19f32486c14c4a0a7a-scaled.jpeg","width":1811,"height":2560},{"@type":"BreadcrumbList","@id":"https:\/\/www.koonings.com\/fr\/product\/ramona-koonings-couture-kn2535-yayoi\/#breadcrumb","itemListElement":[{"@type":"ListItem","position":1,"name":"Home","item":"https:\/\/www.koonings.com\/fr\/"},{"@type":"ListItem","position":2,"name":"Ramona Koonings Couture KN2535 Yayoi"}]},{"@type":"WebSite","@id":"https:\/\/www.koonings.com\/fr\/#website","url":"https:\/\/www.koonings.com\/fr\/","name":"Koonings","description":"De grootste bruidsmodewinkel ter wereld","publisher":{"@id":"https:\/\/www.koonings.com\/fr\/#organization"},"potentialAction":[{"@type":"SearchAction","target":{"@type":"EntryPoint","urlTemplate":"https:\/\/www.koonings.com\/fr\/?s={search_term_string}"},"query-input":{"@type":"PropertyValueSpecification","valueRequired":true,"valueName":"search_term_string"}}],"inLanguage":"fr-FR"},{"@type":"Organization","@id":"https:\/\/www.koonings.com\/fr\/#organization","name":"Koonings","url":"https:\/\/www.koonings.com\/fr\/","logo":{"@type":"ImageObject","inLanguage":"fr-FR","@id":"https:\/\/www.koonings.com\/fr\/#\/schema\/logo\/image\/","url":"https:\/\/www.koonings.com\/wp-content\/uploads\/2024\/07\/logo.png","contentUrl":"https:\/\/www.koonings.com\/wp-content\/uploads\/2024\/07\/logo.png","width":600,"height":428,"caption":"Koonings"},"image":{"@id":"https:\/\/www.koonings.com\/fr\/#\/schema\/logo\/image\/"},"sameAs":["https:\/\/www.facebook.com\/kooningstheweddingpalace","https:\/\/www.instagram.com\/kooningstheweddingpalace","https:\/\/www.pinterest.com\/koonings","https:\/\/www.youtube.com\/kooningstheweddingpalace"]}]}},"_links":{"self":[{"href":"https:\/\/www.koonings.com\/fr\/wp-json\/wp\/v2\/product\/85004","targetHints":{"allow":["GET"]}}],"collection":[{"href":"https:\/\/www.koonings.com\/fr\/wp-json\/wp\/v2\/product"}],"about":[{"href":"https:\/\/www.koonings.com\/fr\/wp-json\/wp\/v2\/types\/product"}],"wp:featuredmedia":[{"embeddable":true,"href":"https:\/\/www.koonings.com\/fr\/wp-json\/wp\/v2\/media\/83067"}],"wp:attachment":[{"href":"https:\/\/www.koonings.com\/fr\/wp-json\/wp\/v2\/media?parent=85004"}],"wp:term":[{"taxonomy":"productdetails","embeddable":true,"href":"https:\/\/www.koonings.com\/fr\/wp-json\/wp\/v2\/productdetails?post=85004"},{"taxonomy":"productneck","embeddable":true,"href":"https:\/\/www.koonings.com\/fr\/wp-json\/wp\/v2\/productneck?post=85004"},{"taxonomy":"productcolor","embeddable":true,"href":"https:\/\/www.koonings.com\/fr\/wp-json\/wp\/v2\/productcolor?post=85004"},{"taxonomy":"maat","embeddable":true,"href":"https:\/\/www.koonings.com\/fr\/wp-json\/wp\/v2\/maat?post=85004"},{"taxonomy":"productsupplier","embeddable":true,"href":"https:\/\/www.koonings.com\/fr\/wp-json\/wp\/v2\/productsupplier?post=85004"},{"taxonomy":"productsleeve","embeddable":true,"href":"https:\/\/www.koonings.com\/fr\/wp-json\/wp\/v2\/productsleeve?post=85004"},{"taxonomy":"productcategory","embeddable":true,"href":"https:\/\/www.koonings.com\/fr\/wp-json\/wp\/v2\/productcategory?post=85004"},{"taxonomy":"productsilhouette","embeddable":true,"href":"https:\/\/www.koonings.com\/fr\/wp-json\/wp\/v2\/productsilhouette?post=85004"},{"taxonomy":"productstyle","embeddable":true,"href":"https:\/\/www.koonings.com\/fr\/wp-json\/wp\/v2\/productstyle?post=85004"}],"curies":[{"name":"wp","href":"https:\/\/api.w.org\/{rel}","templated":true}]}}