{"id":84997,"date":"2026-04-28T18:26:44","date_gmt":"2026-04-28T16:26:44","guid":{"rendered":"https:\/\/www.koonings.com\/product\/enzoani-umara-d\/"},"modified":"2026-02-16T15:13:26","modified_gmt":"2026-02-16T14:13:26","slug":"enzoani-umara-d","status":"publish","type":"product","link":"https:\/\/www.koonings.com\/fr\/product\/enzoani-umara-d\/","title":{"rendered":"Enzoani Umara-D"},"content":{"rendered":"<p>ChatGPT dit :<br \/>\nLa robe de mari\u00e9e &#8216;Umara&#8217; d&#8217;Enzoani, disponible chez Koonings The Wedding Palace, est un parangon d&#8217;\u00e9l\u00e9gance moderne et de sophistication. Cette robe poss\u00e8de un corsage drap\u00e9 avec art et un d\u00e9collet\u00e9 en c\u0153ur, ce qui lui conf\u00e8re une allure intemporelle et flatteuse. La silhouette se fond dans une jupe trompette spectaculaire dot\u00e9e d&#8217;une tra\u00eene g\u00e9n\u00e9reuse, cr\u00e9ant un effet majestueux. Cette combinaison de lignes classiques et de d\u00e9tails modernes fait de la robe &#8216;Umara&#8217; un choix id\u00e9al pour la mari\u00e9e qui recherche un look unique et \u00e9l\u00e9gant pour son grand jour.   <\/p>\n","protected":false},"featured_media":83188,"template":"","meta":{"_acf_changed":false,"ghostkit_customizer_options":"","ghostkit_custom_css":"","ghostkit_custom_js_head":"","ghostkit_custom_js_foot":"","ghostkit_typography":""},"productdetails":[],"productneck":[354,355],"productcolor":[392],"maat":[],"productsupplier":[406],"productsleeve":[],"productcategory":[18],"productsilhouette":[390],"productstyle":[369,365],"class_list":["post-84997","product","type-product","status-publish","has-post-thumbnail","hentry","productneck-354","productneck-355","productcolor-392","productsupplier-enzoani","productcategory-trouwjurken","productsilhouette-390","productstyle-369","productstyle-365"],"acf":[],"yoast_head":"<!-- This site is optimized with the Yoast SEO plugin v27.3 - https:\/\/yoast.com\/product\/yoast-seo-wordpress\/ -->\n<title>Enzoani Umara-D | Koonings<\/title>\n<meta name=\"description\" content=\"ChatGPT dit : La robe de mari\u00e9e &#039;Umara&#039; d&#039;Enzoani, disponible chez Koonings The Wedding Palace, est un parangon d&#039;\u00e9l\u00e9gance moderne et de sophistication. Cette robe poss\u00e8de un corsage drap\u00e9 avec art et un d\u00e9collet\u00e9 en c\u0153ur, ce qui lui conf\u00e8re une allure intemporelle et flatteuse. La silhouette se fond dans une jupe trompette spectaculaire dot\u00e9e d&#039;une tra\u00eene g\u00e9n\u00e9reuse, cr\u00e9ant un effet majestueux. Cette combinaison de lignes classiques et de d\u00e9tails modernes fait de la robe &#039;Umara&#039; un choix id\u00e9al pour la mari\u00e9e qui recherche un look unique et \u00e9l\u00e9gant pour son grand jour.\" \/>\n<meta name=\"robots\" content=\"index, follow, max-snippet:-1, max-image-preview:large, max-video-preview:-1\" \/>\n<link rel=\"canonical\" href=\"https:\/\/www.koonings.com\/fr\/product\/enzoani-umara-d\/\" \/>\n<meta property=\"og:locale\" content=\"fr_FR\" \/>\n<meta property=\"og:type\" content=\"article\" \/>\n<meta property=\"og:title\" content=\"Enzoani Umara-D | Koonings\" \/>\n<meta property=\"og:description\" content=\"ChatGPT dit : La robe de mari\u00e9e &#039;Umara&#039; d&#039;Enzoani, disponible chez Koonings The Wedding Palace, est un parangon d&#039;\u00e9l\u00e9gance moderne et de sophistication. Cette robe poss\u00e8de un corsage drap\u00e9 avec art et un d\u00e9collet\u00e9 en c\u0153ur, ce qui lui conf\u00e8re une allure intemporelle et flatteuse. La silhouette se fond dans une jupe trompette spectaculaire dot\u00e9e d&#039;une tra\u00eene g\u00e9n\u00e9reuse, cr\u00e9ant un effet majestueux. Cette combinaison de lignes classiques et de d\u00e9tails modernes fait de la robe &#039;Umara&#039; un choix id\u00e9al pour la mari\u00e9e qui recherche un look unique et \u00e9l\u00e9gant pour son grand jour.\" \/>\n<meta property=\"og:url\" content=\"https:\/\/www.koonings.com\/fr\/product\/enzoani-umara-d\/\" \/>\n<meta property=\"og:site_name\" content=\"Koonings\" \/>\n<meta property=\"article:publisher\" content=\"https:\/\/www.facebook.com\/kooningstheweddingpalace\" \/>\n<meta property=\"og:image\" content=\"https:\/\/www.koonings.com\/wp-content\/uploads\/2025\/04\/41254_39134435fc9eeb5dde58a110a464850835c3b96522b6e149d5594e059c918743f43b1eac.jpeg\" \/>\n\t<meta property=\"og:image:width\" content=\"1035\" \/>\n\t<meta property=\"og:image:height\" content=\"1380\" \/>\n\t<meta property=\"og:image:type\" content=\"image\/jpeg\" \/>\n<meta name=\"twitter:card\" content=\"summary_large_image\" \/>\n<meta name=\"twitter:label1\" content=\"Dur\u00e9e de lecture estim\u00e9e\" \/>\n\t<meta name=\"twitter:data1\" content=\"1 minute\" \/>\n<script type=\"application\/ld+json\" class=\"yoast-schema-graph\">{\"@context\":\"https:\\\/\\\/schema.org\",\"@graph\":[{\"@type\":\"WebPage\",\"@id\":\"https:\\\/\\\/www.koonings.com\\\/fr\\\/product\\\/enzoani-umara-d\\\/\",\"url\":\"https:\\\/\\\/www.koonings.com\\\/fr\\\/product\\\/enzoani-umara-d\\\/\",\"name\":\"Enzoani Umara-D | Koonings\",\"isPartOf\":{\"@id\":\"https:\\\/\\\/www.koonings.com\\\/fr\\\/#website\"},\"primaryImageOfPage\":{\"@id\":\"https:\\\/\\\/www.koonings.com\\\/fr\\\/product\\\/enzoani-umara-d\\\/#primaryimage\"},\"image\":{\"@id\":\"https:\\\/\\\/www.koonings.com\\\/fr\\\/product\\\/enzoani-umara-d\\\/#primaryimage\"},\"thumbnailUrl\":\"https:\\\/\\\/www.koonings.com\\\/wp-content\\\/uploads\\\/2025\\\/04\\\/41254_39134435fc9eeb5dde58a110a464850835c3b96522b6e149d5594e059c918743f43b1eac.jpeg\",\"datePublished\":\"2026-04-28T16:26:44+00:00\",\"description\":\"ChatGPT dit : La robe de mari\u00e9e 'Umara' d'Enzoani, disponible chez Koonings The Wedding Palace, est un parangon d'\u00e9l\u00e9gance moderne et de sophistication. Cette robe poss\u00e8de un corsage drap\u00e9 avec art et un d\u00e9collet\u00e9 en c\u0153ur, ce qui lui conf\u00e8re une allure intemporelle et flatteuse. La silhouette se fond dans une jupe trompette spectaculaire dot\u00e9e d'une tra\u00eene g\u00e9n\u00e9reuse, cr\u00e9ant un effet majestueux. Cette combinaison de lignes classiques et de d\u00e9tails modernes fait de la robe 'Umara' un choix id\u00e9al pour la mari\u00e9e qui recherche un look unique et \u00e9l\u00e9gant pour son grand jour.\",\"breadcrumb\":{\"@id\":\"https:\\\/\\\/www.koonings.com\\\/fr\\\/product\\\/enzoani-umara-d\\\/#breadcrumb\"},\"inLanguage\":\"fr-FR\",\"potentialAction\":[{\"@type\":\"ReadAction\",\"target\":[\"https:\\\/\\\/www.koonings.com\\\/fr\\\/product\\\/enzoani-umara-d\\\/\"]}]},{\"@type\":\"ImageObject\",\"inLanguage\":\"fr-FR\",\"@id\":\"https:\\\/\\\/www.koonings.com\\\/fr\\\/product\\\/enzoani-umara-d\\\/#primaryimage\",\"url\":\"https:\\\/\\\/www.koonings.com\\\/wp-content\\\/uploads\\\/2025\\\/04\\\/41254_39134435fc9eeb5dde58a110a464850835c3b96522b6e149d5594e059c918743f43b1eac.jpeg\",\"contentUrl\":\"https:\\\/\\\/www.koonings.com\\\/wp-content\\\/uploads\\\/2025\\\/04\\\/41254_39134435fc9eeb5dde58a110a464850835c3b96522b6e149d5594e059c918743f43b1eac.jpeg\",\"width\":1035,\"height\":1380},{\"@type\":\"BreadcrumbList\",\"@id\":\"https:\\\/\\\/www.koonings.com\\\/fr\\\/product\\\/enzoani-umara-d\\\/#breadcrumb\",\"itemListElement\":[{\"@type\":\"ListItem\",\"position\":1,\"name\":\"Home\",\"item\":\"https:\\\/\\\/www.koonings.com\\\/fr\\\/\"},{\"@type\":\"ListItem\",\"position\":2,\"name\":\"Enzoani Umara-D\"}]},{\"@type\":\"WebSite\",\"@id\":\"https:\\\/\\\/www.koonings.com\\\/fr\\\/#website\",\"url\":\"https:\\\/\\\/www.koonings.com\\\/fr\\\/\",\"name\":\"Koonings\",\"description\":\"De grootste bruidsmodewinkel ter wereld\",\"publisher\":{\"@id\":\"https:\\\/\\\/www.koonings.com\\\/fr\\\/#organization\"},\"potentialAction\":[{\"@type\":\"SearchAction\",\"target\":{\"@type\":\"EntryPoint\",\"urlTemplate\":\"https:\\\/\\\/www.koonings.com\\\/fr\\\/?s={search_term_string}\"},\"query-input\":{\"@type\":\"PropertyValueSpecification\",\"valueRequired\":true,\"valueName\":\"search_term_string\"}}],\"inLanguage\":\"fr-FR\"},{\"@type\":\"Organization\",\"@id\":\"https:\\\/\\\/www.koonings.com\\\/fr\\\/#organization\",\"name\":\"Koonings\",\"url\":\"https:\\\/\\\/www.koonings.com\\\/fr\\\/\",\"logo\":{\"@type\":\"ImageObject\",\"inLanguage\":\"fr-FR\",\"@id\":\"https:\\\/\\\/www.koonings.com\\\/fr\\\/#\\\/schema\\\/logo\\\/image\\\/\",\"url\":\"https:\\\/\\\/www.koonings.com\\\/wp-content\\\/uploads\\\/2024\\\/07\\\/logo.png\",\"contentUrl\":\"https:\\\/\\\/www.koonings.com\\\/wp-content\\\/uploads\\\/2024\\\/07\\\/logo.png\",\"width\":600,\"height\":428,\"caption\":\"Koonings\"},\"image\":{\"@id\":\"https:\\\/\\\/www.koonings.com\\\/fr\\\/#\\\/schema\\\/logo\\\/image\\\/\"},\"sameAs\":[\"https:\\\/\\\/www.facebook.com\\\/kooningstheweddingpalace\",\"https:\\\/\\\/www.instagram.com\\\/kooningstheweddingpalace\",\"https:\\\/\\\/www.pinterest.com\\\/koonings\",\"https:\\\/\\\/www.youtube.com\\\/kooningstheweddingpalace\"]}]}<\/script>\n<!-- \/ Yoast SEO plugin. -->","yoast_head_json":{"title":"Enzoani Umara-D | Koonings","description":"ChatGPT dit : La robe de mari\u00e9e 'Umara' d'Enzoani, disponible chez Koonings The Wedding Palace, est un parangon d'\u00e9l\u00e9gance moderne et de sophistication. Cette robe poss\u00e8de un corsage drap\u00e9 avec art et un d\u00e9collet\u00e9 en c\u0153ur, ce qui lui conf\u00e8re une allure intemporelle et flatteuse. La silhouette se fond dans une jupe trompette spectaculaire dot\u00e9e d'une tra\u00eene g\u00e9n\u00e9reuse, cr\u00e9ant un effet majestueux. Cette combinaison de lignes classiques et de d\u00e9tails modernes fait de la robe 'Umara' un choix id\u00e9al pour la mari\u00e9e qui recherche un look unique et \u00e9l\u00e9gant pour son grand jour.","robots":{"index":"index","follow":"follow","max-snippet":"max-snippet:-1","max-image-preview":"max-image-preview:large","max-video-preview":"max-video-preview:-1"},"canonical":"https:\/\/www.koonings.com\/fr\/product\/enzoani-umara-d\/","og_locale":"fr_FR","og_type":"article","og_title":"Enzoani Umara-D | Koonings","og_description":"ChatGPT dit : La robe de mari\u00e9e 'Umara' d'Enzoani, disponible chez Koonings The Wedding Palace, est un parangon d'\u00e9l\u00e9gance moderne et de sophistication. Cette robe poss\u00e8de un corsage drap\u00e9 avec art et un d\u00e9collet\u00e9 en c\u0153ur, ce qui lui conf\u00e8re une allure intemporelle et flatteuse. La silhouette se fond dans une jupe trompette spectaculaire dot\u00e9e d'une tra\u00eene g\u00e9n\u00e9reuse, cr\u00e9ant un effet majestueux. Cette combinaison de lignes classiques et de d\u00e9tails modernes fait de la robe 'Umara' un choix id\u00e9al pour la mari\u00e9e qui recherche un look unique et \u00e9l\u00e9gant pour son grand jour.","og_url":"https:\/\/www.koonings.com\/fr\/product\/enzoani-umara-d\/","og_site_name":"Koonings","article_publisher":"https:\/\/www.facebook.com\/kooningstheweddingpalace","og_image":[{"width":1035,"height":1380,"url":"https:\/\/www.koonings.com\/wp-content\/uploads\/2025\/04\/41254_39134435fc9eeb5dde58a110a464850835c3b96522b6e149d5594e059c918743f43b1eac.jpeg","type":"image\/jpeg"}],"twitter_card":"summary_large_image","twitter_misc":{"Dur\u00e9e de lecture estim\u00e9e":"1 minute"},"schema":{"@context":"https:\/\/schema.org","@graph":[{"@type":"WebPage","@id":"https:\/\/www.koonings.com\/fr\/product\/enzoani-umara-d\/","url":"https:\/\/www.koonings.com\/fr\/product\/enzoani-umara-d\/","name":"Enzoani Umara-D | Koonings","isPartOf":{"@id":"https:\/\/www.koonings.com\/fr\/#website"},"primaryImageOfPage":{"@id":"https:\/\/www.koonings.com\/fr\/product\/enzoani-umara-d\/#primaryimage"},"image":{"@id":"https:\/\/www.koonings.com\/fr\/product\/enzoani-umara-d\/#primaryimage"},"thumbnailUrl":"https:\/\/www.koonings.com\/wp-content\/uploads\/2025\/04\/41254_39134435fc9eeb5dde58a110a464850835c3b96522b6e149d5594e059c918743f43b1eac.jpeg","datePublished":"2026-04-28T16:26:44+00:00","description":"ChatGPT dit : La robe de mari\u00e9e 'Umara' d'Enzoani, disponible chez Koonings The Wedding Palace, est un parangon d'\u00e9l\u00e9gance moderne et de sophistication. Cette robe poss\u00e8de un corsage drap\u00e9 avec art et un d\u00e9collet\u00e9 en c\u0153ur, ce qui lui conf\u00e8re une allure intemporelle et flatteuse. La silhouette se fond dans une jupe trompette spectaculaire dot\u00e9e d'une tra\u00eene g\u00e9n\u00e9reuse, cr\u00e9ant un effet majestueux. Cette combinaison de lignes classiques et de d\u00e9tails modernes fait de la robe 'Umara' un choix id\u00e9al pour la mari\u00e9e qui recherche un look unique et \u00e9l\u00e9gant pour son grand jour.","breadcrumb":{"@id":"https:\/\/www.koonings.com\/fr\/product\/enzoani-umara-d\/#breadcrumb"},"inLanguage":"fr-FR","potentialAction":[{"@type":"ReadAction","target":["https:\/\/www.koonings.com\/fr\/product\/enzoani-umara-d\/"]}]},{"@type":"ImageObject","inLanguage":"fr-FR","@id":"https:\/\/www.koonings.com\/fr\/product\/enzoani-umara-d\/#primaryimage","url":"https:\/\/www.koonings.com\/wp-content\/uploads\/2025\/04\/41254_39134435fc9eeb5dde58a110a464850835c3b96522b6e149d5594e059c918743f43b1eac.jpeg","contentUrl":"https:\/\/www.koonings.com\/wp-content\/uploads\/2025\/04\/41254_39134435fc9eeb5dde58a110a464850835c3b96522b6e149d5594e059c918743f43b1eac.jpeg","width":1035,"height":1380},{"@type":"BreadcrumbList","@id":"https:\/\/www.koonings.com\/fr\/product\/enzoani-umara-d\/#breadcrumb","itemListElement":[{"@type":"ListItem","position":1,"name":"Home","item":"https:\/\/www.koonings.com\/fr\/"},{"@type":"ListItem","position":2,"name":"Enzoani Umara-D"}]},{"@type":"WebSite","@id":"https:\/\/www.koonings.com\/fr\/#website","url":"https:\/\/www.koonings.com\/fr\/","name":"Koonings","description":"De grootste bruidsmodewinkel ter wereld","publisher":{"@id":"https:\/\/www.koonings.com\/fr\/#organization"},"potentialAction":[{"@type":"SearchAction","target":{"@type":"EntryPoint","urlTemplate":"https:\/\/www.koonings.com\/fr\/?s={search_term_string}"},"query-input":{"@type":"PropertyValueSpecification","valueRequired":true,"valueName":"search_term_string"}}],"inLanguage":"fr-FR"},{"@type":"Organization","@id":"https:\/\/www.koonings.com\/fr\/#organization","name":"Koonings","url":"https:\/\/www.koonings.com\/fr\/","logo":{"@type":"ImageObject","inLanguage":"fr-FR","@id":"https:\/\/www.koonings.com\/fr\/#\/schema\/logo\/image\/","url":"https:\/\/www.koonings.com\/wp-content\/uploads\/2024\/07\/logo.png","contentUrl":"https:\/\/www.koonings.com\/wp-content\/uploads\/2024\/07\/logo.png","width":600,"height":428,"caption":"Koonings"},"image":{"@id":"https:\/\/www.koonings.com\/fr\/#\/schema\/logo\/image\/"},"sameAs":["https:\/\/www.facebook.com\/kooningstheweddingpalace","https:\/\/www.instagram.com\/kooningstheweddingpalace","https:\/\/www.pinterest.com\/koonings","https:\/\/www.youtube.com\/kooningstheweddingpalace"]}]}},"_links":{"self":[{"href":"https:\/\/www.koonings.com\/fr\/wp-json\/wp\/v2\/product\/84997","targetHints":{"allow":["GET"]}}],"collection":[{"href":"https:\/\/www.koonings.com\/fr\/wp-json\/wp\/v2\/product"}],"about":[{"href":"https:\/\/www.koonings.com\/fr\/wp-json\/wp\/v2\/types\/product"}],"wp:featuredmedia":[{"embeddable":true,"href":"https:\/\/www.koonings.com\/fr\/wp-json\/wp\/v2\/media\/83188"}],"wp:attachment":[{"href":"https:\/\/www.koonings.com\/fr\/wp-json\/wp\/v2\/media?parent=84997"}],"wp:term":[{"taxonomy":"productdetails","embeddable":true,"href":"https:\/\/www.koonings.com\/fr\/wp-json\/wp\/v2\/productdetails?post=84997"},{"taxonomy":"productneck","embeddable":true,"href":"https:\/\/www.koonings.com\/fr\/wp-json\/wp\/v2\/productneck?post=84997"},{"taxonomy":"productcolor","embeddable":true,"href":"https:\/\/www.koonings.com\/fr\/wp-json\/wp\/v2\/productcolor?post=84997"},{"taxonomy":"maat","embeddable":true,"href":"https:\/\/www.koonings.com\/fr\/wp-json\/wp\/v2\/maat?post=84997"},{"taxonomy":"productsupplier","embeddable":true,"href":"https:\/\/www.koonings.com\/fr\/wp-json\/wp\/v2\/productsupplier?post=84997"},{"taxonomy":"productsleeve","embeddable":true,"href":"https:\/\/www.koonings.com\/fr\/wp-json\/wp\/v2\/productsleeve?post=84997"},{"taxonomy":"productcategory","embeddable":true,"href":"https:\/\/www.koonings.com\/fr\/wp-json\/wp\/v2\/productcategory?post=84997"},{"taxonomy":"productsilhouette","embeddable":true,"href":"https:\/\/www.koonings.com\/fr\/wp-json\/wp\/v2\/productsilhouette?post=84997"},{"taxonomy":"productstyle","embeddable":true,"href":"https:\/\/www.koonings.com\/fr\/wp-json\/wp\/v2\/productstyle?post=84997"}],"curies":[{"name":"wp","href":"https:\/\/api.w.org\/{rel}","templated":true}]}}