{"id":84996,"date":"2026-04-28T18:16:33","date_gmt":"2026-04-28T16:16:33","guid":{"rendered":"https:\/\/www.koonings.com\/product\/ramona-koonings-couture-kn2551-coco\/"},"modified":"2025-06-05T13:58:58","modified_gmt":"2025-06-05T11:58:58","slug":"ramona-koonings-couture-kn2551-coco","status":"publish","type":"product","link":"https:\/\/www.koonings.com\/fr\/product\/ramona-koonings-couture-kn2551-coco\/","title":{"rendered":"Ramona Koonings Couture KN2551 Coco"},"content":{"rendered":"<p>La robe de mari\u00e9e intemporelle Coco de Ramona Koonings Couture.<br \/>\nLa robe de mari\u00e9e Coco de Ramona Koonings Couture, disponible exclusivement chez Koonings The Wedding Palace, est un choix magnifique pour la mari\u00e9e qui aime l&#8217;\u00e9l\u00e9gance classique avec une touche romantique. Cette robe de couture a une coupe A-line qui cr\u00e9e une silhouette gracieuse et flatteuse. L&#8217;encolure droite et les bretelles luxueuses donnent \u00e0 la robe un aspect sophistiqu\u00e9 et moderne, tandis que la couleur ivoire met en valeur la beaut\u00e9 pure de la mari\u00e9e.<br \/>\nCe qui rend la robe de mari\u00e9e Coco vraiment sp\u00e9ciale, ce sont les fleurs en 3D qui ornent le haut et la jupe, cr\u00e9ant un aspect d\u00e9licat et romantique. Le tulle a\u00e9r\u00e9 donne \u00e0 la robe un mouvement de r\u00eave et ajoute une touche suppl\u00e9mentaire de sophistication. Cette robe est le choix id\u00e9al pour la mari\u00e9e qui recherche un look intemporel, romantique et sophistiqu\u00e9 pour son grand jour.<br \/>\nD\u00e9couvrez la robe de mari\u00e9e Coco de Ramona Koonings Couture chez Koonings The Wedding Palace et brillez dans une couture classique pour votre plus beau jour.    <\/p>\n","protected":false},"featured_media":83135,"template":"","meta":{"_acf_changed":false,"ghostkit_customizer_options":"","ghostkit_custom_css":"","ghostkit_custom_js_head":"","ghostkit_custom_js_foot":"","ghostkit_typography":""},"productdetails":[379,381],"productneck":[352],"productcolor":[392],"maat":[],"productsupplier":[419],"productsleeve":[359],"productcategory":[18],"productsilhouette":[384],"productstyle":[367,369,366],"class_list":["post-84996","product","type-product","status-publish","has-post-thumbnail","hentry","productdetails-379","productdetails-381","productneck-352","productcolor-392","productsupplier-ramona-koonings-couture","productsleeve-359","productcategory-trouwjurken","productsilhouette-384","productstyle-367","productstyle-369","productstyle-366"],"acf":[],"yoast_head":"<!-- This site is optimized with the Yoast SEO plugin v27.3 - https:\/\/yoast.com\/product\/yoast-seo-wordpress\/ -->\n<title>Ramona Koonings Couture KN2551 Coco | Koonings<\/title>\n<meta name=\"description\" content=\"La robe de mari\u00e9e intemporelle Coco de Ramona Koonings Couture. La robe de mari\u00e9e Coco de Ramona Koonings Couture, disponible exclusivement chez Koonings The Wedding Palace, est un choix magnifique pour la mari\u00e9e qui aime l&#039;\u00e9l\u00e9gance classique avec une touche romantique. Cette robe de couture a une coupe A-line qui cr\u00e9e une silhouette gracieuse et flatteuse. L&#039;encolure droite et les bretelles luxueuses donnent \u00e0 la robe un aspect sophistiqu\u00e9 et moderne, tandis que la couleur ivoire met en valeur la beaut\u00e9 pure de la mari\u00e9e. Ce qui rend la robe de mari\u00e9e Coco vraiment sp\u00e9ciale, ce sont les fleurs en 3D qui ornent le haut et la jupe, cr\u00e9ant un aspect d\u00e9licat et romantique. Le tulle a\u00e9r\u00e9 donne \u00e0 la robe un mouvement de r\u00eave et ajoute une touche suppl\u00e9mentaire de sophistication. Cette robe est le choix id\u00e9al pour la mari\u00e9e qui recherche un look intemporel, romantique et sophistiqu\u00e9 pour son grand jour. D\u00e9couvrez la robe de mari\u00e9e Coco de Ramona Koonings Couture chez Koonings The Wedding Palace et brillez dans une couture classique pour votre plus beau jour.\" \/>\n<meta name=\"robots\" content=\"index, follow, max-snippet:-1, max-image-preview:large, max-video-preview:-1\" \/>\n<link rel=\"canonical\" href=\"https:\/\/www.koonings.com\/fr\/product\/ramona-koonings-couture-kn2551-coco\/\" \/>\n<meta property=\"og:locale\" content=\"fr_FR\" \/>\n<meta property=\"og:type\" content=\"article\" \/>\n<meta property=\"og:title\" content=\"Ramona Koonings Couture KN2551 Coco | Koonings\" \/>\n<meta property=\"og:description\" content=\"La robe de mari\u00e9e intemporelle Coco de Ramona Koonings Couture. La robe de mari\u00e9e Coco de Ramona Koonings Couture, disponible exclusivement chez Koonings The Wedding Palace, est un choix magnifique pour la mari\u00e9e qui aime l&#039;\u00e9l\u00e9gance classique avec une touche romantique. Cette robe de couture a une coupe A-line qui cr\u00e9e une silhouette gracieuse et flatteuse. L&#039;encolure droite et les bretelles luxueuses donnent \u00e0 la robe un aspect sophistiqu\u00e9 et moderne, tandis que la couleur ivoire met en valeur la beaut\u00e9 pure de la mari\u00e9e. Ce qui rend la robe de mari\u00e9e Coco vraiment sp\u00e9ciale, ce sont les fleurs en 3D qui ornent le haut et la jupe, cr\u00e9ant un aspect d\u00e9licat et romantique. Le tulle a\u00e9r\u00e9 donne \u00e0 la robe un mouvement de r\u00eave et ajoute une touche suppl\u00e9mentaire de sophistication. Cette robe est le choix id\u00e9al pour la mari\u00e9e qui recherche un look intemporel, romantique et sophistiqu\u00e9 pour son grand jour. D\u00e9couvrez la robe de mari\u00e9e Coco de Ramona Koonings Couture chez Koonings The Wedding Palace et brillez dans une couture classique pour votre plus beau jour.\" \/>\n<meta property=\"og:url\" content=\"https:\/\/www.koonings.com\/fr\/product\/ramona-koonings-couture-kn2551-coco\/\" \/>\n<meta property=\"og:site_name\" content=\"Koonings\" \/>\n<meta property=\"article:publisher\" content=\"https:\/\/www.facebook.com\/kooningstheweddingpalace\" \/>\n<meta property=\"og:image\" content=\"https:\/\/www.koonings.com\/wp-content\/uploads\/2025\/03\/40135_223cc03ed693a3cd271407c474e48efa854dfbda02b5d4fffd3b5f7280ff4071217444cf-scaled.jpeg\" \/>\n\t<meta property=\"og:image:width\" content=\"1812\" \/>\n\t<meta property=\"og:image:height\" content=\"2560\" \/>\n\t<meta property=\"og:image:type\" content=\"image\/jpeg\" \/>\n<meta name=\"twitter:card\" content=\"summary_large_image\" \/>\n<meta name=\"twitter:label1\" content=\"Dur\u00e9e de lecture estim\u00e9e\" \/>\n\t<meta name=\"twitter:data1\" content=\"1 minute\" \/>\n<script type=\"application\/ld+json\" class=\"yoast-schema-graph\">{\"@context\":\"https:\\\/\\\/schema.org\",\"@graph\":[{\"@type\":\"WebPage\",\"@id\":\"https:\\\/\\\/www.koonings.com\\\/fr\\\/product\\\/ramona-koonings-couture-kn2551-coco\\\/\",\"url\":\"https:\\\/\\\/www.koonings.com\\\/fr\\\/product\\\/ramona-koonings-couture-kn2551-coco\\\/\",\"name\":\"Ramona Koonings Couture KN2551 Coco | Koonings\",\"isPartOf\":{\"@id\":\"https:\\\/\\\/www.koonings.com\\\/fr\\\/#website\"},\"primaryImageOfPage\":{\"@id\":\"https:\\\/\\\/www.koonings.com\\\/fr\\\/product\\\/ramona-koonings-couture-kn2551-coco\\\/#primaryimage\"},\"image\":{\"@id\":\"https:\\\/\\\/www.koonings.com\\\/fr\\\/product\\\/ramona-koonings-couture-kn2551-coco\\\/#primaryimage\"},\"thumbnailUrl\":\"https:\\\/\\\/www.koonings.com\\\/wp-content\\\/uploads\\\/2025\\\/03\\\/40135_223cc03ed693a3cd271407c474e48efa854dfbda02b5d4fffd3b5f7280ff4071217444cf-scaled.jpeg\",\"datePublished\":\"2026-04-28T16:16:33+00:00\",\"description\":\"La robe de mari\u00e9e intemporelle Coco de Ramona Koonings Couture. La robe de mari\u00e9e Coco de Ramona Koonings Couture, disponible exclusivement chez Koonings The Wedding Palace, est un choix magnifique pour la mari\u00e9e qui aime l'\u00e9l\u00e9gance classique avec une touche romantique. Cette robe de couture a une coupe A-line qui cr\u00e9e une silhouette gracieuse et flatteuse. L'encolure droite et les bretelles luxueuses donnent \u00e0 la robe un aspect sophistiqu\u00e9 et moderne, tandis que la couleur ivoire met en valeur la beaut\u00e9 pure de la mari\u00e9e. Ce qui rend la robe de mari\u00e9e Coco vraiment sp\u00e9ciale, ce sont les fleurs en 3D qui ornent le haut et la jupe, cr\u00e9ant un aspect d\u00e9licat et romantique. Le tulle a\u00e9r\u00e9 donne \u00e0 la robe un mouvement de r\u00eave et ajoute une touche suppl\u00e9mentaire de sophistication. Cette robe est le choix id\u00e9al pour la mari\u00e9e qui recherche un look intemporel, romantique et sophistiqu\u00e9 pour son grand jour. D\u00e9couvrez la robe de mari\u00e9e Coco de Ramona Koonings Couture chez Koonings The Wedding Palace et brillez dans une couture classique pour votre plus beau jour.\",\"breadcrumb\":{\"@id\":\"https:\\\/\\\/www.koonings.com\\\/fr\\\/product\\\/ramona-koonings-couture-kn2551-coco\\\/#breadcrumb\"},\"inLanguage\":\"fr-FR\",\"potentialAction\":[{\"@type\":\"ReadAction\",\"target\":[\"https:\\\/\\\/www.koonings.com\\\/fr\\\/product\\\/ramona-koonings-couture-kn2551-coco\\\/\"]}]},{\"@type\":\"ImageObject\",\"inLanguage\":\"fr-FR\",\"@id\":\"https:\\\/\\\/www.koonings.com\\\/fr\\\/product\\\/ramona-koonings-couture-kn2551-coco\\\/#primaryimage\",\"url\":\"https:\\\/\\\/www.koonings.com\\\/wp-content\\\/uploads\\\/2025\\\/03\\\/40135_223cc03ed693a3cd271407c474e48efa854dfbda02b5d4fffd3b5f7280ff4071217444cf-scaled.jpeg\",\"contentUrl\":\"https:\\\/\\\/www.koonings.com\\\/wp-content\\\/uploads\\\/2025\\\/03\\\/40135_223cc03ed693a3cd271407c474e48efa854dfbda02b5d4fffd3b5f7280ff4071217444cf-scaled.jpeg\",\"width\":1812,\"height\":2560},{\"@type\":\"BreadcrumbList\",\"@id\":\"https:\\\/\\\/www.koonings.com\\\/fr\\\/product\\\/ramona-koonings-couture-kn2551-coco\\\/#breadcrumb\",\"itemListElement\":[{\"@type\":\"ListItem\",\"position\":1,\"name\":\"Home\",\"item\":\"https:\\\/\\\/www.koonings.com\\\/fr\\\/\"},{\"@type\":\"ListItem\",\"position\":2,\"name\":\"Ramona Koonings Couture KN2551 Coco\"}]},{\"@type\":\"WebSite\",\"@id\":\"https:\\\/\\\/www.koonings.com\\\/fr\\\/#website\",\"url\":\"https:\\\/\\\/www.koonings.com\\\/fr\\\/\",\"name\":\"Koonings\",\"description\":\"De grootste bruidsmodewinkel ter wereld\",\"publisher\":{\"@id\":\"https:\\\/\\\/www.koonings.com\\\/fr\\\/#organization\"},\"potentialAction\":[{\"@type\":\"SearchAction\",\"target\":{\"@type\":\"EntryPoint\",\"urlTemplate\":\"https:\\\/\\\/www.koonings.com\\\/fr\\\/?s={search_term_string}\"},\"query-input\":{\"@type\":\"PropertyValueSpecification\",\"valueRequired\":true,\"valueName\":\"search_term_string\"}}],\"inLanguage\":\"fr-FR\"},{\"@type\":\"Organization\",\"@id\":\"https:\\\/\\\/www.koonings.com\\\/fr\\\/#organization\",\"name\":\"Koonings\",\"url\":\"https:\\\/\\\/www.koonings.com\\\/fr\\\/\",\"logo\":{\"@type\":\"ImageObject\",\"inLanguage\":\"fr-FR\",\"@id\":\"https:\\\/\\\/www.koonings.com\\\/fr\\\/#\\\/schema\\\/logo\\\/image\\\/\",\"url\":\"https:\\\/\\\/www.koonings.com\\\/wp-content\\\/uploads\\\/2024\\\/07\\\/logo.png\",\"contentUrl\":\"https:\\\/\\\/www.koonings.com\\\/wp-content\\\/uploads\\\/2024\\\/07\\\/logo.png\",\"width\":600,\"height\":428,\"caption\":\"Koonings\"},\"image\":{\"@id\":\"https:\\\/\\\/www.koonings.com\\\/fr\\\/#\\\/schema\\\/logo\\\/image\\\/\"},\"sameAs\":[\"https:\\\/\\\/www.facebook.com\\\/kooningstheweddingpalace\",\"https:\\\/\\\/www.instagram.com\\\/kooningstheweddingpalace\",\"https:\\\/\\\/www.pinterest.com\\\/koonings\",\"https:\\\/\\\/www.youtube.com\\\/kooningstheweddingpalace\"]}]}<\/script>\n<!-- \/ Yoast SEO plugin. -->","yoast_head_json":{"title":"Ramona Koonings Couture KN2551 Coco | Koonings","description":"La robe de mari\u00e9e intemporelle Coco de Ramona Koonings Couture. La robe de mari\u00e9e Coco de Ramona Koonings Couture, disponible exclusivement chez Koonings The Wedding Palace, est un choix magnifique pour la mari\u00e9e qui aime l'\u00e9l\u00e9gance classique avec une touche romantique. Cette robe de couture a une coupe A-line qui cr\u00e9e une silhouette gracieuse et flatteuse. L'encolure droite et les bretelles luxueuses donnent \u00e0 la robe un aspect sophistiqu\u00e9 et moderne, tandis que la couleur ivoire met en valeur la beaut\u00e9 pure de la mari\u00e9e. Ce qui rend la robe de mari\u00e9e Coco vraiment sp\u00e9ciale, ce sont les fleurs en 3D qui ornent le haut et la jupe, cr\u00e9ant un aspect d\u00e9licat et romantique. Le tulle a\u00e9r\u00e9 donne \u00e0 la robe un mouvement de r\u00eave et ajoute une touche suppl\u00e9mentaire de sophistication. Cette robe est le choix id\u00e9al pour la mari\u00e9e qui recherche un look intemporel, romantique et sophistiqu\u00e9 pour son grand jour. D\u00e9couvrez la robe de mari\u00e9e Coco de Ramona Koonings Couture chez Koonings The Wedding Palace et brillez dans une couture classique pour votre plus beau jour.","robots":{"index":"index","follow":"follow","max-snippet":"max-snippet:-1","max-image-preview":"max-image-preview:large","max-video-preview":"max-video-preview:-1"},"canonical":"https:\/\/www.koonings.com\/fr\/product\/ramona-koonings-couture-kn2551-coco\/","og_locale":"fr_FR","og_type":"article","og_title":"Ramona Koonings Couture KN2551 Coco | Koonings","og_description":"La robe de mari\u00e9e intemporelle Coco de Ramona Koonings Couture. La robe de mari\u00e9e Coco de Ramona Koonings Couture, disponible exclusivement chez Koonings The Wedding Palace, est un choix magnifique pour la mari\u00e9e qui aime l'\u00e9l\u00e9gance classique avec une touche romantique. Cette robe de couture a une coupe A-line qui cr\u00e9e une silhouette gracieuse et flatteuse. L'encolure droite et les bretelles luxueuses donnent \u00e0 la robe un aspect sophistiqu\u00e9 et moderne, tandis que la couleur ivoire met en valeur la beaut\u00e9 pure de la mari\u00e9e. Ce qui rend la robe de mari\u00e9e Coco vraiment sp\u00e9ciale, ce sont les fleurs en 3D qui ornent le haut et la jupe, cr\u00e9ant un aspect d\u00e9licat et romantique. Le tulle a\u00e9r\u00e9 donne \u00e0 la robe un mouvement de r\u00eave et ajoute une touche suppl\u00e9mentaire de sophistication. Cette robe est le choix id\u00e9al pour la mari\u00e9e qui recherche un look intemporel, romantique et sophistiqu\u00e9 pour son grand jour. D\u00e9couvrez la robe de mari\u00e9e Coco de Ramona Koonings Couture chez Koonings The Wedding Palace et brillez dans une couture classique pour votre plus beau jour.","og_url":"https:\/\/www.koonings.com\/fr\/product\/ramona-koonings-couture-kn2551-coco\/","og_site_name":"Koonings","article_publisher":"https:\/\/www.facebook.com\/kooningstheweddingpalace","og_image":[{"width":1812,"height":2560,"url":"https:\/\/www.koonings.com\/wp-content\/uploads\/2025\/03\/40135_223cc03ed693a3cd271407c474e48efa854dfbda02b5d4fffd3b5f7280ff4071217444cf-scaled.jpeg","type":"image\/jpeg"}],"twitter_card":"summary_large_image","twitter_misc":{"Dur\u00e9e de lecture estim\u00e9e":"1 minute"},"schema":{"@context":"https:\/\/schema.org","@graph":[{"@type":"WebPage","@id":"https:\/\/www.koonings.com\/fr\/product\/ramona-koonings-couture-kn2551-coco\/","url":"https:\/\/www.koonings.com\/fr\/product\/ramona-koonings-couture-kn2551-coco\/","name":"Ramona Koonings Couture KN2551 Coco | Koonings","isPartOf":{"@id":"https:\/\/www.koonings.com\/fr\/#website"},"primaryImageOfPage":{"@id":"https:\/\/www.koonings.com\/fr\/product\/ramona-koonings-couture-kn2551-coco\/#primaryimage"},"image":{"@id":"https:\/\/www.koonings.com\/fr\/product\/ramona-koonings-couture-kn2551-coco\/#primaryimage"},"thumbnailUrl":"https:\/\/www.koonings.com\/wp-content\/uploads\/2025\/03\/40135_223cc03ed693a3cd271407c474e48efa854dfbda02b5d4fffd3b5f7280ff4071217444cf-scaled.jpeg","datePublished":"2026-04-28T16:16:33+00:00","description":"La robe de mari\u00e9e intemporelle Coco de Ramona Koonings Couture. La robe de mari\u00e9e Coco de Ramona Koonings Couture, disponible exclusivement chez Koonings The Wedding Palace, est un choix magnifique pour la mari\u00e9e qui aime l'\u00e9l\u00e9gance classique avec une touche romantique. Cette robe de couture a une coupe A-line qui cr\u00e9e une silhouette gracieuse et flatteuse. L'encolure droite et les bretelles luxueuses donnent \u00e0 la robe un aspect sophistiqu\u00e9 et moderne, tandis que la couleur ivoire met en valeur la beaut\u00e9 pure de la mari\u00e9e. Ce qui rend la robe de mari\u00e9e Coco vraiment sp\u00e9ciale, ce sont les fleurs en 3D qui ornent le haut et la jupe, cr\u00e9ant un aspect d\u00e9licat et romantique. Le tulle a\u00e9r\u00e9 donne \u00e0 la robe un mouvement de r\u00eave et ajoute une touche suppl\u00e9mentaire de sophistication. Cette robe est le choix id\u00e9al pour la mari\u00e9e qui recherche un look intemporel, romantique et sophistiqu\u00e9 pour son grand jour. D\u00e9couvrez la robe de mari\u00e9e Coco de Ramona Koonings Couture chez Koonings The Wedding Palace et brillez dans une couture classique pour votre plus beau jour.","breadcrumb":{"@id":"https:\/\/www.koonings.com\/fr\/product\/ramona-koonings-couture-kn2551-coco\/#breadcrumb"},"inLanguage":"fr-FR","potentialAction":[{"@type":"ReadAction","target":["https:\/\/www.koonings.com\/fr\/product\/ramona-koonings-couture-kn2551-coco\/"]}]},{"@type":"ImageObject","inLanguage":"fr-FR","@id":"https:\/\/www.koonings.com\/fr\/product\/ramona-koonings-couture-kn2551-coco\/#primaryimage","url":"https:\/\/www.koonings.com\/wp-content\/uploads\/2025\/03\/40135_223cc03ed693a3cd271407c474e48efa854dfbda02b5d4fffd3b5f7280ff4071217444cf-scaled.jpeg","contentUrl":"https:\/\/www.koonings.com\/wp-content\/uploads\/2025\/03\/40135_223cc03ed693a3cd271407c474e48efa854dfbda02b5d4fffd3b5f7280ff4071217444cf-scaled.jpeg","width":1812,"height":2560},{"@type":"BreadcrumbList","@id":"https:\/\/www.koonings.com\/fr\/product\/ramona-koonings-couture-kn2551-coco\/#breadcrumb","itemListElement":[{"@type":"ListItem","position":1,"name":"Home","item":"https:\/\/www.koonings.com\/fr\/"},{"@type":"ListItem","position":2,"name":"Ramona Koonings Couture KN2551 Coco"}]},{"@type":"WebSite","@id":"https:\/\/www.koonings.com\/fr\/#website","url":"https:\/\/www.koonings.com\/fr\/","name":"Koonings","description":"De grootste bruidsmodewinkel ter wereld","publisher":{"@id":"https:\/\/www.koonings.com\/fr\/#organization"},"potentialAction":[{"@type":"SearchAction","target":{"@type":"EntryPoint","urlTemplate":"https:\/\/www.koonings.com\/fr\/?s={search_term_string}"},"query-input":{"@type":"PropertyValueSpecification","valueRequired":true,"valueName":"search_term_string"}}],"inLanguage":"fr-FR"},{"@type":"Organization","@id":"https:\/\/www.koonings.com\/fr\/#organization","name":"Koonings","url":"https:\/\/www.koonings.com\/fr\/","logo":{"@type":"ImageObject","inLanguage":"fr-FR","@id":"https:\/\/www.koonings.com\/fr\/#\/schema\/logo\/image\/","url":"https:\/\/www.koonings.com\/wp-content\/uploads\/2024\/07\/logo.png","contentUrl":"https:\/\/www.koonings.com\/wp-content\/uploads\/2024\/07\/logo.png","width":600,"height":428,"caption":"Koonings"},"image":{"@id":"https:\/\/www.koonings.com\/fr\/#\/schema\/logo\/image\/"},"sameAs":["https:\/\/www.facebook.com\/kooningstheweddingpalace","https:\/\/www.instagram.com\/kooningstheweddingpalace","https:\/\/www.pinterest.com\/koonings","https:\/\/www.youtube.com\/kooningstheweddingpalace"]}]}},"_links":{"self":[{"href":"https:\/\/www.koonings.com\/fr\/wp-json\/wp\/v2\/product\/84996","targetHints":{"allow":["GET"]}}],"collection":[{"href":"https:\/\/www.koonings.com\/fr\/wp-json\/wp\/v2\/product"}],"about":[{"href":"https:\/\/www.koonings.com\/fr\/wp-json\/wp\/v2\/types\/product"}],"wp:featuredmedia":[{"embeddable":true,"href":"https:\/\/www.koonings.com\/fr\/wp-json\/wp\/v2\/media\/83135"}],"wp:attachment":[{"href":"https:\/\/www.koonings.com\/fr\/wp-json\/wp\/v2\/media?parent=84996"}],"wp:term":[{"taxonomy":"productdetails","embeddable":true,"href":"https:\/\/www.koonings.com\/fr\/wp-json\/wp\/v2\/productdetails?post=84996"},{"taxonomy":"productneck","embeddable":true,"href":"https:\/\/www.koonings.com\/fr\/wp-json\/wp\/v2\/productneck?post=84996"},{"taxonomy":"productcolor","embeddable":true,"href":"https:\/\/www.koonings.com\/fr\/wp-json\/wp\/v2\/productcolor?post=84996"},{"taxonomy":"maat","embeddable":true,"href":"https:\/\/www.koonings.com\/fr\/wp-json\/wp\/v2\/maat?post=84996"},{"taxonomy":"productsupplier","embeddable":true,"href":"https:\/\/www.koonings.com\/fr\/wp-json\/wp\/v2\/productsupplier?post=84996"},{"taxonomy":"productsleeve","embeddable":true,"href":"https:\/\/www.koonings.com\/fr\/wp-json\/wp\/v2\/productsleeve?post=84996"},{"taxonomy":"productcategory","embeddable":true,"href":"https:\/\/www.koonings.com\/fr\/wp-json\/wp\/v2\/productcategory?post=84996"},{"taxonomy":"productsilhouette","embeddable":true,"href":"https:\/\/www.koonings.com\/fr\/wp-json\/wp\/v2\/productsilhouette?post=84996"},{"taxonomy":"productstyle","embeddable":true,"href":"https:\/\/www.koonings.com\/fr\/wp-json\/wp\/v2\/productstyle?post=84996"}],"curies":[{"name":"wp","href":"https:\/\/api.w.org\/{rel}","templated":true}]}}