{"id":84989,"date":"2026-04-14T16:32:23","date_gmt":"2026-04-14T14:32:23","guid":{"rendered":"https:\/\/www.koonings.com\/product\/enzoani-prive-ember-2\/"},"modified":"2025-06-05T13:59:11","modified_gmt":"2025-06-05T11:59:11","slug":"enzoani-prive-ember-2","status":"publish","type":"product","link":"https:\/\/www.koonings.com\/fr\/product\/enzoani-prive-ember-2\/","title":{"rendered":"Enzoani Prive Ember"},"content":{"rendered":"<p>La robe de mari\u00e9e &#8216;Ember&#8217; d&#8217;Enzoani Prive, disponible chez Koonings The Wedding Palace, d\u00e9gage un charme f\u00e9minin et une romance intemporelle. La robe pr\u00e9sente un d\u00e9collet\u00e9 classique en forme de c\u0153ur et des bretelles amovibles en forme d&#8217;\u00e9paules. Le corsage est dot\u00e9 d&#8217;un corset illusion qui souligne la silhouette, tandis que la jupe \u00e9l\u00e9gante, en mousseline de soie avec dentelle florale brod\u00e9e et dentelle baroque, cr\u00e9e une silhouette \u00e9l\u00e9gante et flatteuse. Le dos illusionn\u00e9 avec des d\u00e9tails en tulle ajoute une touche de glamour \u00e0 la robe.   <\/p>\n","protected":false},"featured_media":83239,"template":"","meta":{"_acf_changed":false,"ghostkit_customizer_options":"","ghostkit_custom_css":"","ghostkit_custom_js_head":"","ghostkit_custom_js_foot":"","ghostkit_typography":""},"productdetails":[376],"productneck":[354,356],"productcolor":[393,392],"maat":[],"productsupplier":[461],"productsleeve":[],"productcategory":[18],"productsilhouette":[387],"productstyle":[369],"class_list":["post-84989","product","type-product","status-publish","has-post-thumbnail","hentry","productdetails-376","productneck-354","productneck-356","productcolor-393","productcolor-392","productsupplier-enzoani-prive","productcategory-trouwjurken","productsilhouette-387","productstyle-369"],"acf":[],"yoast_head":"<!-- This site is optimized with the Yoast SEO plugin v27.3 - https:\/\/yoast.com\/product\/yoast-seo-wordpress\/ -->\n<title>Enzoani Prive Ember | Koonings<\/title>\n<meta name=\"description\" content=\"La robe de mari\u00e9e &#039;Ember&#039; d&#039;Enzoani Prive, disponible chez Koonings The Wedding Palace, d\u00e9gage un charme f\u00e9minin et une romance intemporelle. La robe pr\u00e9sente un d\u00e9collet\u00e9 classique en forme de c\u0153ur et des bretelles amovibles en forme d&#039;\u00e9paules. Le corsage est dot\u00e9 d&#039;un corset illusion qui souligne la silhouette, tandis que la jupe \u00e9l\u00e9gante, en mousseline de soie avec dentelle florale brod\u00e9e et dentelle baroque, cr\u00e9e une silhouette \u00e9l\u00e9gante et flatteuse. Le dos illusionn\u00e9 avec des d\u00e9tails en tulle ajoute une touche de glamour \u00e0 la robe.\" \/>\n<meta name=\"robots\" content=\"index, follow, max-snippet:-1, max-image-preview:large, max-video-preview:-1\" \/>\n<link rel=\"canonical\" href=\"https:\/\/www.koonings.com\/fr\/product\/enzoani-prive-ember-2\/\" \/>\n<meta property=\"og:locale\" content=\"fr_FR\" \/>\n<meta property=\"og:type\" content=\"article\" \/>\n<meta property=\"og:title\" content=\"Enzoani Prive Ember | Koonings\" \/>\n<meta property=\"og:description\" content=\"La robe de mari\u00e9e &#039;Ember&#039; d&#039;Enzoani Prive, disponible chez Koonings The Wedding Palace, d\u00e9gage un charme f\u00e9minin et une romance intemporelle. La robe pr\u00e9sente un d\u00e9collet\u00e9 classique en forme de c\u0153ur et des bretelles amovibles en forme d&#039;\u00e9paules. Le corsage est dot\u00e9 d&#039;un corset illusion qui souligne la silhouette, tandis que la jupe \u00e9l\u00e9gante, en mousseline de soie avec dentelle florale brod\u00e9e et dentelle baroque, cr\u00e9e une silhouette \u00e9l\u00e9gante et flatteuse. Le dos illusionn\u00e9 avec des d\u00e9tails en tulle ajoute une touche de glamour \u00e0 la robe.\" \/>\n<meta property=\"og:url\" content=\"https:\/\/www.koonings.com\/fr\/product\/enzoani-prive-ember-2\/\" \/>\n<meta property=\"og:site_name\" content=\"Koonings\" \/>\n<meta property=\"article:publisher\" content=\"https:\/\/www.facebook.com\/kooningstheweddingpalace\" \/>\n<meta property=\"og:image\" content=\"https:\/\/www.koonings.com\/wp-content\/uploads\/2025\/04\/49866_2d04a6460e994eb82126965592bc99ecce0139c5d1d0f5bc20e051a1bfd9c06108cc505d.jpeg\" \/>\n\t<meta property=\"og:image:width\" content=\"1035\" \/>\n\t<meta property=\"og:image:height\" content=\"1380\" \/>\n\t<meta property=\"og:image:type\" content=\"image\/jpeg\" \/>\n<meta name=\"twitter:card\" content=\"summary_large_image\" \/>\n<script type=\"application\/ld+json\" class=\"yoast-schema-graph\">{\"@context\":\"https:\\\/\\\/schema.org\",\"@graph\":[{\"@type\":\"WebPage\",\"@id\":\"https:\\\/\\\/www.koonings.com\\\/fr\\\/product\\\/enzoani-prive-ember-2\\\/\",\"url\":\"https:\\\/\\\/www.koonings.com\\\/fr\\\/product\\\/enzoani-prive-ember-2\\\/\",\"name\":\"Enzoani Prive Ember | Koonings\",\"isPartOf\":{\"@id\":\"https:\\\/\\\/www.koonings.com\\\/fr\\\/#website\"},\"primaryImageOfPage\":{\"@id\":\"https:\\\/\\\/www.koonings.com\\\/fr\\\/product\\\/enzoani-prive-ember-2\\\/#primaryimage\"},\"image\":{\"@id\":\"https:\\\/\\\/www.koonings.com\\\/fr\\\/product\\\/enzoani-prive-ember-2\\\/#primaryimage\"},\"thumbnailUrl\":\"https:\\\/\\\/www.koonings.com\\\/wp-content\\\/uploads\\\/2025\\\/04\\\/49866_2d04a6460e994eb82126965592bc99ecce0139c5d1d0f5bc20e051a1bfd9c06108cc505d.jpeg\",\"datePublished\":\"2026-04-14T14:32:23+00:00\",\"description\":\"La robe de mari\u00e9e 'Ember' d'Enzoani Prive, disponible chez Koonings The Wedding Palace, d\u00e9gage un charme f\u00e9minin et une romance intemporelle. La robe pr\u00e9sente un d\u00e9collet\u00e9 classique en forme de c\u0153ur et des bretelles amovibles en forme d'\u00e9paules. Le corsage est dot\u00e9 d'un corset illusion qui souligne la silhouette, tandis que la jupe \u00e9l\u00e9gante, en mousseline de soie avec dentelle florale brod\u00e9e et dentelle baroque, cr\u00e9e une silhouette \u00e9l\u00e9gante et flatteuse. Le dos illusionn\u00e9 avec des d\u00e9tails en tulle ajoute une touche de glamour \u00e0 la robe.\",\"breadcrumb\":{\"@id\":\"https:\\\/\\\/www.koonings.com\\\/fr\\\/product\\\/enzoani-prive-ember-2\\\/#breadcrumb\"},\"inLanguage\":\"fr-FR\",\"potentialAction\":[{\"@type\":\"ReadAction\",\"target\":[\"https:\\\/\\\/www.koonings.com\\\/fr\\\/product\\\/enzoani-prive-ember-2\\\/\"]}]},{\"@type\":\"ImageObject\",\"inLanguage\":\"fr-FR\",\"@id\":\"https:\\\/\\\/www.koonings.com\\\/fr\\\/product\\\/enzoani-prive-ember-2\\\/#primaryimage\",\"url\":\"https:\\\/\\\/www.koonings.com\\\/wp-content\\\/uploads\\\/2025\\\/04\\\/49866_2d04a6460e994eb82126965592bc99ecce0139c5d1d0f5bc20e051a1bfd9c06108cc505d.jpeg\",\"contentUrl\":\"https:\\\/\\\/www.koonings.com\\\/wp-content\\\/uploads\\\/2025\\\/04\\\/49866_2d04a6460e994eb82126965592bc99ecce0139c5d1d0f5bc20e051a1bfd9c06108cc505d.jpeg\",\"width\":1035,\"height\":1380},{\"@type\":\"BreadcrumbList\",\"@id\":\"https:\\\/\\\/www.koonings.com\\\/fr\\\/product\\\/enzoani-prive-ember-2\\\/#breadcrumb\",\"itemListElement\":[{\"@type\":\"ListItem\",\"position\":1,\"name\":\"Home\",\"item\":\"https:\\\/\\\/www.koonings.com\\\/fr\\\/\"},{\"@type\":\"ListItem\",\"position\":2,\"name\":\"Enzoani Prive Ember\"}]},{\"@type\":\"WebSite\",\"@id\":\"https:\\\/\\\/www.koonings.com\\\/fr\\\/#website\",\"url\":\"https:\\\/\\\/www.koonings.com\\\/fr\\\/\",\"name\":\"Koonings\",\"description\":\"De grootste bruidsmodewinkel ter wereld\",\"publisher\":{\"@id\":\"https:\\\/\\\/www.koonings.com\\\/fr\\\/#organization\"},\"potentialAction\":[{\"@type\":\"SearchAction\",\"target\":{\"@type\":\"EntryPoint\",\"urlTemplate\":\"https:\\\/\\\/www.koonings.com\\\/fr\\\/?s={search_term_string}\"},\"query-input\":{\"@type\":\"PropertyValueSpecification\",\"valueRequired\":true,\"valueName\":\"search_term_string\"}}],\"inLanguage\":\"fr-FR\"},{\"@type\":\"Organization\",\"@id\":\"https:\\\/\\\/www.koonings.com\\\/fr\\\/#organization\",\"name\":\"Koonings\",\"url\":\"https:\\\/\\\/www.koonings.com\\\/fr\\\/\",\"logo\":{\"@type\":\"ImageObject\",\"inLanguage\":\"fr-FR\",\"@id\":\"https:\\\/\\\/www.koonings.com\\\/fr\\\/#\\\/schema\\\/logo\\\/image\\\/\",\"url\":\"https:\\\/\\\/www.koonings.com\\\/wp-content\\\/uploads\\\/2024\\\/07\\\/logo.png\",\"contentUrl\":\"https:\\\/\\\/www.koonings.com\\\/wp-content\\\/uploads\\\/2024\\\/07\\\/logo.png\",\"width\":600,\"height\":428,\"caption\":\"Koonings\"},\"image\":{\"@id\":\"https:\\\/\\\/www.koonings.com\\\/fr\\\/#\\\/schema\\\/logo\\\/image\\\/\"},\"sameAs\":[\"https:\\\/\\\/www.facebook.com\\\/kooningstheweddingpalace\",\"https:\\\/\\\/www.instagram.com\\\/kooningstheweddingpalace\",\"https:\\\/\\\/www.pinterest.com\\\/koonings\",\"https:\\\/\\\/www.youtube.com\\\/kooningstheweddingpalace\"]}]}<\/script>\n<!-- \/ Yoast SEO plugin. -->","yoast_head_json":{"title":"Enzoani Prive Ember | Koonings","description":"La robe de mari\u00e9e 'Ember' d'Enzoani Prive, disponible chez Koonings The Wedding Palace, d\u00e9gage un charme f\u00e9minin et une romance intemporelle. La robe pr\u00e9sente un d\u00e9collet\u00e9 classique en forme de c\u0153ur et des bretelles amovibles en forme d'\u00e9paules. Le corsage est dot\u00e9 d'un corset illusion qui souligne la silhouette, tandis que la jupe \u00e9l\u00e9gante, en mousseline de soie avec dentelle florale brod\u00e9e et dentelle baroque, cr\u00e9e une silhouette \u00e9l\u00e9gante et flatteuse. Le dos illusionn\u00e9 avec des d\u00e9tails en tulle ajoute une touche de glamour \u00e0 la robe.","robots":{"index":"index","follow":"follow","max-snippet":"max-snippet:-1","max-image-preview":"max-image-preview:large","max-video-preview":"max-video-preview:-1"},"canonical":"https:\/\/www.koonings.com\/fr\/product\/enzoani-prive-ember-2\/","og_locale":"fr_FR","og_type":"article","og_title":"Enzoani Prive Ember | Koonings","og_description":"La robe de mari\u00e9e 'Ember' d'Enzoani Prive, disponible chez Koonings The Wedding Palace, d\u00e9gage un charme f\u00e9minin et une romance intemporelle. La robe pr\u00e9sente un d\u00e9collet\u00e9 classique en forme de c\u0153ur et des bretelles amovibles en forme d'\u00e9paules. Le corsage est dot\u00e9 d'un corset illusion qui souligne la silhouette, tandis que la jupe \u00e9l\u00e9gante, en mousseline de soie avec dentelle florale brod\u00e9e et dentelle baroque, cr\u00e9e une silhouette \u00e9l\u00e9gante et flatteuse. Le dos illusionn\u00e9 avec des d\u00e9tails en tulle ajoute une touche de glamour \u00e0 la robe.","og_url":"https:\/\/www.koonings.com\/fr\/product\/enzoani-prive-ember-2\/","og_site_name":"Koonings","article_publisher":"https:\/\/www.facebook.com\/kooningstheweddingpalace","og_image":[{"width":1035,"height":1380,"url":"https:\/\/www.koonings.com\/wp-content\/uploads\/2025\/04\/49866_2d04a6460e994eb82126965592bc99ecce0139c5d1d0f5bc20e051a1bfd9c06108cc505d.jpeg","type":"image\/jpeg"}],"twitter_card":"summary_large_image","schema":{"@context":"https:\/\/schema.org","@graph":[{"@type":"WebPage","@id":"https:\/\/www.koonings.com\/fr\/product\/enzoani-prive-ember-2\/","url":"https:\/\/www.koonings.com\/fr\/product\/enzoani-prive-ember-2\/","name":"Enzoani Prive Ember | Koonings","isPartOf":{"@id":"https:\/\/www.koonings.com\/fr\/#website"},"primaryImageOfPage":{"@id":"https:\/\/www.koonings.com\/fr\/product\/enzoani-prive-ember-2\/#primaryimage"},"image":{"@id":"https:\/\/www.koonings.com\/fr\/product\/enzoani-prive-ember-2\/#primaryimage"},"thumbnailUrl":"https:\/\/www.koonings.com\/wp-content\/uploads\/2025\/04\/49866_2d04a6460e994eb82126965592bc99ecce0139c5d1d0f5bc20e051a1bfd9c06108cc505d.jpeg","datePublished":"2026-04-14T14:32:23+00:00","description":"La robe de mari\u00e9e 'Ember' d'Enzoani Prive, disponible chez Koonings The Wedding Palace, d\u00e9gage un charme f\u00e9minin et une romance intemporelle. La robe pr\u00e9sente un d\u00e9collet\u00e9 classique en forme de c\u0153ur et des bretelles amovibles en forme d'\u00e9paules. Le corsage est dot\u00e9 d'un corset illusion qui souligne la silhouette, tandis que la jupe \u00e9l\u00e9gante, en mousseline de soie avec dentelle florale brod\u00e9e et dentelle baroque, cr\u00e9e une silhouette \u00e9l\u00e9gante et flatteuse. Le dos illusionn\u00e9 avec des d\u00e9tails en tulle ajoute une touche de glamour \u00e0 la robe.","breadcrumb":{"@id":"https:\/\/www.koonings.com\/fr\/product\/enzoani-prive-ember-2\/#breadcrumb"},"inLanguage":"fr-FR","potentialAction":[{"@type":"ReadAction","target":["https:\/\/www.koonings.com\/fr\/product\/enzoani-prive-ember-2\/"]}]},{"@type":"ImageObject","inLanguage":"fr-FR","@id":"https:\/\/www.koonings.com\/fr\/product\/enzoani-prive-ember-2\/#primaryimage","url":"https:\/\/www.koonings.com\/wp-content\/uploads\/2025\/04\/49866_2d04a6460e994eb82126965592bc99ecce0139c5d1d0f5bc20e051a1bfd9c06108cc505d.jpeg","contentUrl":"https:\/\/www.koonings.com\/wp-content\/uploads\/2025\/04\/49866_2d04a6460e994eb82126965592bc99ecce0139c5d1d0f5bc20e051a1bfd9c06108cc505d.jpeg","width":1035,"height":1380},{"@type":"BreadcrumbList","@id":"https:\/\/www.koonings.com\/fr\/product\/enzoani-prive-ember-2\/#breadcrumb","itemListElement":[{"@type":"ListItem","position":1,"name":"Home","item":"https:\/\/www.koonings.com\/fr\/"},{"@type":"ListItem","position":2,"name":"Enzoani Prive Ember"}]},{"@type":"WebSite","@id":"https:\/\/www.koonings.com\/fr\/#website","url":"https:\/\/www.koonings.com\/fr\/","name":"Koonings","description":"De grootste bruidsmodewinkel ter wereld","publisher":{"@id":"https:\/\/www.koonings.com\/fr\/#organization"},"potentialAction":[{"@type":"SearchAction","target":{"@type":"EntryPoint","urlTemplate":"https:\/\/www.koonings.com\/fr\/?s={search_term_string}"},"query-input":{"@type":"PropertyValueSpecification","valueRequired":true,"valueName":"search_term_string"}}],"inLanguage":"fr-FR"},{"@type":"Organization","@id":"https:\/\/www.koonings.com\/fr\/#organization","name":"Koonings","url":"https:\/\/www.koonings.com\/fr\/","logo":{"@type":"ImageObject","inLanguage":"fr-FR","@id":"https:\/\/www.koonings.com\/fr\/#\/schema\/logo\/image\/","url":"https:\/\/www.koonings.com\/wp-content\/uploads\/2024\/07\/logo.png","contentUrl":"https:\/\/www.koonings.com\/wp-content\/uploads\/2024\/07\/logo.png","width":600,"height":428,"caption":"Koonings"},"image":{"@id":"https:\/\/www.koonings.com\/fr\/#\/schema\/logo\/image\/"},"sameAs":["https:\/\/www.facebook.com\/kooningstheweddingpalace","https:\/\/www.instagram.com\/kooningstheweddingpalace","https:\/\/www.pinterest.com\/koonings","https:\/\/www.youtube.com\/kooningstheweddingpalace"]}]}},"_links":{"self":[{"href":"https:\/\/www.koonings.com\/fr\/wp-json\/wp\/v2\/product\/84989","targetHints":{"allow":["GET"]}}],"collection":[{"href":"https:\/\/www.koonings.com\/fr\/wp-json\/wp\/v2\/product"}],"about":[{"href":"https:\/\/www.koonings.com\/fr\/wp-json\/wp\/v2\/types\/product"}],"wp:featuredmedia":[{"embeddable":true,"href":"https:\/\/www.koonings.com\/fr\/wp-json\/wp\/v2\/media\/83239"}],"wp:attachment":[{"href":"https:\/\/www.koonings.com\/fr\/wp-json\/wp\/v2\/media?parent=84989"}],"wp:term":[{"taxonomy":"productdetails","embeddable":true,"href":"https:\/\/www.koonings.com\/fr\/wp-json\/wp\/v2\/productdetails?post=84989"},{"taxonomy":"productneck","embeddable":true,"href":"https:\/\/www.koonings.com\/fr\/wp-json\/wp\/v2\/productneck?post=84989"},{"taxonomy":"productcolor","embeddable":true,"href":"https:\/\/www.koonings.com\/fr\/wp-json\/wp\/v2\/productcolor?post=84989"},{"taxonomy":"maat","embeddable":true,"href":"https:\/\/www.koonings.com\/fr\/wp-json\/wp\/v2\/maat?post=84989"},{"taxonomy":"productsupplier","embeddable":true,"href":"https:\/\/www.koonings.com\/fr\/wp-json\/wp\/v2\/productsupplier?post=84989"},{"taxonomy":"productsleeve","embeddable":true,"href":"https:\/\/www.koonings.com\/fr\/wp-json\/wp\/v2\/productsleeve?post=84989"},{"taxonomy":"productcategory","embeddable":true,"href":"https:\/\/www.koonings.com\/fr\/wp-json\/wp\/v2\/productcategory?post=84989"},{"taxonomy":"productsilhouette","embeddable":true,"href":"https:\/\/www.koonings.com\/fr\/wp-json\/wp\/v2\/productsilhouette?post=84989"},{"taxonomy":"productstyle","embeddable":true,"href":"https:\/\/www.koonings.com\/fr\/wp-json\/wp\/v2\/productstyle?post=84989"}],"curies":[{"name":"wp","href":"https:\/\/api.w.org\/{rel}","templated":true}]}}