{"id":84985,"date":"2026-04-10T16:30:59","date_gmt":"2026-04-10T14:30:59","guid":{"rendered":"https:\/\/www.koonings.com\/product\/enzoani-love-collection-claire-3\/"},"modified":"2025-06-05T13:59:02","modified_gmt":"2025-06-05T11:59:02","slug":"enzoani-love-collection-claire-3","status":"publish","type":"product","link":"https:\/\/www.koonings.com\/fr\/product\/enzoani-love-collection-claire-3\/","title":{"rendered":"Enzoani Love Collection Claire"},"content":{"rendered":"<p>La robe de mari\u00e9e &#8216;Claire&#8217; de la collection Enzoani Love, disponible chez Koonings The Wedding Palace, est une robe \u00e9th\u00e9r\u00e9e de ligne A parfaite pour les romantiques r\u00eaveuses. Cette robe enchanteresse pr\u00e9sente un d\u00e9collet\u00e9 en c\u0153ur profond, orn\u00e9 de motifs floraux 3D d\u00e9taill\u00e9s et de dentelle brod\u00e9e sur un tulle scintillant. Le corsage romantique \u00e0 armature apparente, les d\u00e9coupes lat\u00e9rales illusoires et les bretelles de tulle d\u00e9collet\u00e9es se combinent pour cr\u00e9er un look de mari\u00e9e enchanteur. La magnifique dentelle est soigneusement plac\u00e9e le long du dos corset\u00e9 et de la fente subtile, et s&#8217;\u00e9coule dans une jupe en tulle doux et scintillant.   <\/p>\n","protected":false},"featured_media":83222,"template":"","meta":{"_acf_changed":false,"ghostkit_customizer_options":"","ghostkit_custom_css":"","ghostkit_custom_js_head":"","ghostkit_custom_js_foot":"","ghostkit_typography":""},"productdetails":[378,381],"productneck":[354,355],"productcolor":[393,392],"maat":[],"productsupplier":[475],"productsleeve":[],"productcategory":[18],"productsilhouette":[384],"productstyle":[366,370],"class_list":["post-84985","product","type-product","status-publish","has-post-thumbnail","hentry","productdetails-378","productdetails-381","productneck-354","productneck-355","productcolor-393","productcolor-392","productsupplier-enzoani-love-collection","productcategory-trouwjurken","productsilhouette-384","productstyle-366","productstyle-370"],"acf":[],"yoast_head":"<!-- This site is optimized with the Yoast SEO plugin v27.3 - https:\/\/yoast.com\/product\/yoast-seo-wordpress\/ -->\n<title>Enzoani Love Collection Claire | Koonings<\/title>\n<meta name=\"description\" content=\"La robe de mari\u00e9e &#039;Claire&#039; de la collection Enzoani Love, disponible chez Koonings The Wedding Palace, est une robe \u00e9th\u00e9r\u00e9e de ligne A parfaite pour les romantiques r\u00eaveuses. Cette robe enchanteresse pr\u00e9sente un d\u00e9collet\u00e9 en c\u0153ur profond, orn\u00e9 de motifs floraux 3D d\u00e9taill\u00e9s et de dentelle brod\u00e9e sur un tulle scintillant. Le corsage romantique \u00e0 armature apparente, les d\u00e9coupes lat\u00e9rales illusoires et les bretelles de tulle d\u00e9collet\u00e9es se combinent pour cr\u00e9er un look de mari\u00e9e enchanteur. La magnifique dentelle est soigneusement plac\u00e9e le long du dos corset\u00e9 et de la fente subtile, et s&#039;\u00e9coule dans une jupe en tulle doux et scintillant.\" \/>\n<meta name=\"robots\" content=\"index, follow, max-snippet:-1, max-image-preview:large, max-video-preview:-1\" \/>\n<link rel=\"canonical\" href=\"https:\/\/www.koonings.com\/fr\/product\/enzoani-love-collection-claire-3\/\" \/>\n<meta property=\"og:locale\" content=\"fr_FR\" \/>\n<meta property=\"og:type\" content=\"article\" \/>\n<meta property=\"og:title\" content=\"Enzoani Love Collection Claire | Koonings\" \/>\n<meta property=\"og:description\" content=\"La robe de mari\u00e9e &#039;Claire&#039; de la collection Enzoani Love, disponible chez Koonings The Wedding Palace, est une robe \u00e9th\u00e9r\u00e9e de ligne A parfaite pour les romantiques r\u00eaveuses. Cette robe enchanteresse pr\u00e9sente un d\u00e9collet\u00e9 en c\u0153ur profond, orn\u00e9 de motifs floraux 3D d\u00e9taill\u00e9s et de dentelle brod\u00e9e sur un tulle scintillant. Le corsage romantique \u00e0 armature apparente, les d\u00e9coupes lat\u00e9rales illusoires et les bretelles de tulle d\u00e9collet\u00e9es se combinent pour cr\u00e9er un look de mari\u00e9e enchanteur. La magnifique dentelle est soigneusement plac\u00e9e le long du dos corset\u00e9 et de la fente subtile, et s&#039;\u00e9coule dans une jupe en tulle doux et scintillant.\" \/>\n<meta property=\"og:url\" content=\"https:\/\/www.koonings.com\/fr\/product\/enzoani-love-collection-claire-3\/\" \/>\n<meta property=\"og:site_name\" content=\"Koonings\" \/>\n<meta property=\"article:publisher\" content=\"https:\/\/www.facebook.com\/kooningstheweddingpalace\" \/>\n<meta property=\"og:image\" content=\"https:\/\/www.koonings.com\/wp-content\/uploads\/2025\/04\/49513_ba27928fa7619b716ac16139ce65a55b9660bdf29f6b691c173c8f30218fc92bb617464f.jpeg\" \/>\n\t<meta property=\"og:image:width\" content=\"1064\" \/>\n\t<meta property=\"og:image:height\" content=\"1418\" \/>\n\t<meta property=\"og:image:type\" content=\"image\/jpeg\" \/>\n<meta name=\"twitter:card\" content=\"summary_large_image\" \/>\n<meta name=\"twitter:label1\" content=\"Dur\u00e9e de lecture estim\u00e9e\" \/>\n\t<meta name=\"twitter:data1\" content=\"1 minute\" \/>\n<script type=\"application\/ld+json\" class=\"yoast-schema-graph\">{\"@context\":\"https:\\\/\\\/schema.org\",\"@graph\":[{\"@type\":\"WebPage\",\"@id\":\"https:\\\/\\\/www.koonings.com\\\/fr\\\/product\\\/enzoani-love-collection-claire-3\\\/\",\"url\":\"https:\\\/\\\/www.koonings.com\\\/fr\\\/product\\\/enzoani-love-collection-claire-3\\\/\",\"name\":\"Enzoani Love Collection Claire | Koonings\",\"isPartOf\":{\"@id\":\"https:\\\/\\\/www.koonings.com\\\/fr\\\/#website\"},\"primaryImageOfPage\":{\"@id\":\"https:\\\/\\\/www.koonings.com\\\/fr\\\/product\\\/enzoani-love-collection-claire-3\\\/#primaryimage\"},\"image\":{\"@id\":\"https:\\\/\\\/www.koonings.com\\\/fr\\\/product\\\/enzoani-love-collection-claire-3\\\/#primaryimage\"},\"thumbnailUrl\":\"https:\\\/\\\/www.koonings.com\\\/wp-content\\\/uploads\\\/2025\\\/04\\\/49513_ba27928fa7619b716ac16139ce65a55b9660bdf29f6b691c173c8f30218fc92bb617464f.jpeg\",\"datePublished\":\"2026-04-10T14:30:59+00:00\",\"description\":\"La robe de mari\u00e9e 'Claire' de la collection Enzoani Love, disponible chez Koonings The Wedding Palace, est une robe \u00e9th\u00e9r\u00e9e de ligne A parfaite pour les romantiques r\u00eaveuses. Cette robe enchanteresse pr\u00e9sente un d\u00e9collet\u00e9 en c\u0153ur profond, orn\u00e9 de motifs floraux 3D d\u00e9taill\u00e9s et de dentelle brod\u00e9e sur un tulle scintillant. Le corsage romantique \u00e0 armature apparente, les d\u00e9coupes lat\u00e9rales illusoires et les bretelles de tulle d\u00e9collet\u00e9es se combinent pour cr\u00e9er un look de mari\u00e9e enchanteur. La magnifique dentelle est soigneusement plac\u00e9e le long du dos corset\u00e9 et de la fente subtile, et s'\u00e9coule dans une jupe en tulle doux et scintillant.\",\"breadcrumb\":{\"@id\":\"https:\\\/\\\/www.koonings.com\\\/fr\\\/product\\\/enzoani-love-collection-claire-3\\\/#breadcrumb\"},\"inLanguage\":\"fr-FR\",\"potentialAction\":[{\"@type\":\"ReadAction\",\"target\":[\"https:\\\/\\\/www.koonings.com\\\/fr\\\/product\\\/enzoani-love-collection-claire-3\\\/\"]}]},{\"@type\":\"ImageObject\",\"inLanguage\":\"fr-FR\",\"@id\":\"https:\\\/\\\/www.koonings.com\\\/fr\\\/product\\\/enzoani-love-collection-claire-3\\\/#primaryimage\",\"url\":\"https:\\\/\\\/www.koonings.com\\\/wp-content\\\/uploads\\\/2025\\\/04\\\/49513_ba27928fa7619b716ac16139ce65a55b9660bdf29f6b691c173c8f30218fc92bb617464f.jpeg\",\"contentUrl\":\"https:\\\/\\\/www.koonings.com\\\/wp-content\\\/uploads\\\/2025\\\/04\\\/49513_ba27928fa7619b716ac16139ce65a55b9660bdf29f6b691c173c8f30218fc92bb617464f.jpeg\",\"width\":1064,\"height\":1418},{\"@type\":\"BreadcrumbList\",\"@id\":\"https:\\\/\\\/www.koonings.com\\\/fr\\\/product\\\/enzoani-love-collection-claire-3\\\/#breadcrumb\",\"itemListElement\":[{\"@type\":\"ListItem\",\"position\":1,\"name\":\"Home\",\"item\":\"https:\\\/\\\/www.koonings.com\\\/fr\\\/\"},{\"@type\":\"ListItem\",\"position\":2,\"name\":\"Enzoani Love Collection Claire\"}]},{\"@type\":\"WebSite\",\"@id\":\"https:\\\/\\\/www.koonings.com\\\/fr\\\/#website\",\"url\":\"https:\\\/\\\/www.koonings.com\\\/fr\\\/\",\"name\":\"Koonings\",\"description\":\"De grootste bruidsmodewinkel ter wereld\",\"publisher\":{\"@id\":\"https:\\\/\\\/www.koonings.com\\\/fr\\\/#organization\"},\"potentialAction\":[{\"@type\":\"SearchAction\",\"target\":{\"@type\":\"EntryPoint\",\"urlTemplate\":\"https:\\\/\\\/www.koonings.com\\\/fr\\\/?s={search_term_string}\"},\"query-input\":{\"@type\":\"PropertyValueSpecification\",\"valueRequired\":true,\"valueName\":\"search_term_string\"}}],\"inLanguage\":\"fr-FR\"},{\"@type\":\"Organization\",\"@id\":\"https:\\\/\\\/www.koonings.com\\\/fr\\\/#organization\",\"name\":\"Koonings\",\"url\":\"https:\\\/\\\/www.koonings.com\\\/fr\\\/\",\"logo\":{\"@type\":\"ImageObject\",\"inLanguage\":\"fr-FR\",\"@id\":\"https:\\\/\\\/www.koonings.com\\\/fr\\\/#\\\/schema\\\/logo\\\/image\\\/\",\"url\":\"https:\\\/\\\/www.koonings.com\\\/wp-content\\\/uploads\\\/2024\\\/07\\\/logo.png\",\"contentUrl\":\"https:\\\/\\\/www.koonings.com\\\/wp-content\\\/uploads\\\/2024\\\/07\\\/logo.png\",\"width\":600,\"height\":428,\"caption\":\"Koonings\"},\"image\":{\"@id\":\"https:\\\/\\\/www.koonings.com\\\/fr\\\/#\\\/schema\\\/logo\\\/image\\\/\"},\"sameAs\":[\"https:\\\/\\\/www.facebook.com\\\/kooningstheweddingpalace\",\"https:\\\/\\\/www.instagram.com\\\/kooningstheweddingpalace\",\"https:\\\/\\\/www.pinterest.com\\\/koonings\",\"https:\\\/\\\/www.youtube.com\\\/kooningstheweddingpalace\"]}]}<\/script>\n<!-- \/ Yoast SEO plugin. -->","yoast_head_json":{"title":"Enzoani Love Collection Claire | Koonings","description":"La robe de mari\u00e9e 'Claire' de la collection Enzoani Love, disponible chez Koonings The Wedding Palace, est une robe \u00e9th\u00e9r\u00e9e de ligne A parfaite pour les romantiques r\u00eaveuses. Cette robe enchanteresse pr\u00e9sente un d\u00e9collet\u00e9 en c\u0153ur profond, orn\u00e9 de motifs floraux 3D d\u00e9taill\u00e9s et de dentelle brod\u00e9e sur un tulle scintillant. Le corsage romantique \u00e0 armature apparente, les d\u00e9coupes lat\u00e9rales illusoires et les bretelles de tulle d\u00e9collet\u00e9es se combinent pour cr\u00e9er un look de mari\u00e9e enchanteur. La magnifique dentelle est soigneusement plac\u00e9e le long du dos corset\u00e9 et de la fente subtile, et s'\u00e9coule dans une jupe en tulle doux et scintillant.","robots":{"index":"index","follow":"follow","max-snippet":"max-snippet:-1","max-image-preview":"max-image-preview:large","max-video-preview":"max-video-preview:-1"},"canonical":"https:\/\/www.koonings.com\/fr\/product\/enzoani-love-collection-claire-3\/","og_locale":"fr_FR","og_type":"article","og_title":"Enzoani Love Collection Claire | Koonings","og_description":"La robe de mari\u00e9e 'Claire' de la collection Enzoani Love, disponible chez Koonings The Wedding Palace, est une robe \u00e9th\u00e9r\u00e9e de ligne A parfaite pour les romantiques r\u00eaveuses. Cette robe enchanteresse pr\u00e9sente un d\u00e9collet\u00e9 en c\u0153ur profond, orn\u00e9 de motifs floraux 3D d\u00e9taill\u00e9s et de dentelle brod\u00e9e sur un tulle scintillant. Le corsage romantique \u00e0 armature apparente, les d\u00e9coupes lat\u00e9rales illusoires et les bretelles de tulle d\u00e9collet\u00e9es se combinent pour cr\u00e9er un look de mari\u00e9e enchanteur. La magnifique dentelle est soigneusement plac\u00e9e le long du dos corset\u00e9 et de la fente subtile, et s'\u00e9coule dans une jupe en tulle doux et scintillant.","og_url":"https:\/\/www.koonings.com\/fr\/product\/enzoani-love-collection-claire-3\/","og_site_name":"Koonings","article_publisher":"https:\/\/www.facebook.com\/kooningstheweddingpalace","og_image":[{"width":1064,"height":1418,"url":"https:\/\/www.koonings.com\/wp-content\/uploads\/2025\/04\/49513_ba27928fa7619b716ac16139ce65a55b9660bdf29f6b691c173c8f30218fc92bb617464f.jpeg","type":"image\/jpeg"}],"twitter_card":"summary_large_image","twitter_misc":{"Dur\u00e9e de lecture estim\u00e9e":"1 minute"},"schema":{"@context":"https:\/\/schema.org","@graph":[{"@type":"WebPage","@id":"https:\/\/www.koonings.com\/fr\/product\/enzoani-love-collection-claire-3\/","url":"https:\/\/www.koonings.com\/fr\/product\/enzoani-love-collection-claire-3\/","name":"Enzoani Love Collection Claire | Koonings","isPartOf":{"@id":"https:\/\/www.koonings.com\/fr\/#website"},"primaryImageOfPage":{"@id":"https:\/\/www.koonings.com\/fr\/product\/enzoani-love-collection-claire-3\/#primaryimage"},"image":{"@id":"https:\/\/www.koonings.com\/fr\/product\/enzoani-love-collection-claire-3\/#primaryimage"},"thumbnailUrl":"https:\/\/www.koonings.com\/wp-content\/uploads\/2025\/04\/49513_ba27928fa7619b716ac16139ce65a55b9660bdf29f6b691c173c8f30218fc92bb617464f.jpeg","datePublished":"2026-04-10T14:30:59+00:00","description":"La robe de mari\u00e9e 'Claire' de la collection Enzoani Love, disponible chez Koonings The Wedding Palace, est une robe \u00e9th\u00e9r\u00e9e de ligne A parfaite pour les romantiques r\u00eaveuses. Cette robe enchanteresse pr\u00e9sente un d\u00e9collet\u00e9 en c\u0153ur profond, orn\u00e9 de motifs floraux 3D d\u00e9taill\u00e9s et de dentelle brod\u00e9e sur un tulle scintillant. Le corsage romantique \u00e0 armature apparente, les d\u00e9coupes lat\u00e9rales illusoires et les bretelles de tulle d\u00e9collet\u00e9es se combinent pour cr\u00e9er un look de mari\u00e9e enchanteur. La magnifique dentelle est soigneusement plac\u00e9e le long du dos corset\u00e9 et de la fente subtile, et s'\u00e9coule dans une jupe en tulle doux et scintillant.","breadcrumb":{"@id":"https:\/\/www.koonings.com\/fr\/product\/enzoani-love-collection-claire-3\/#breadcrumb"},"inLanguage":"fr-FR","potentialAction":[{"@type":"ReadAction","target":["https:\/\/www.koonings.com\/fr\/product\/enzoani-love-collection-claire-3\/"]}]},{"@type":"ImageObject","inLanguage":"fr-FR","@id":"https:\/\/www.koonings.com\/fr\/product\/enzoani-love-collection-claire-3\/#primaryimage","url":"https:\/\/www.koonings.com\/wp-content\/uploads\/2025\/04\/49513_ba27928fa7619b716ac16139ce65a55b9660bdf29f6b691c173c8f30218fc92bb617464f.jpeg","contentUrl":"https:\/\/www.koonings.com\/wp-content\/uploads\/2025\/04\/49513_ba27928fa7619b716ac16139ce65a55b9660bdf29f6b691c173c8f30218fc92bb617464f.jpeg","width":1064,"height":1418},{"@type":"BreadcrumbList","@id":"https:\/\/www.koonings.com\/fr\/product\/enzoani-love-collection-claire-3\/#breadcrumb","itemListElement":[{"@type":"ListItem","position":1,"name":"Home","item":"https:\/\/www.koonings.com\/fr\/"},{"@type":"ListItem","position":2,"name":"Enzoani Love Collection Claire"}]},{"@type":"WebSite","@id":"https:\/\/www.koonings.com\/fr\/#website","url":"https:\/\/www.koonings.com\/fr\/","name":"Koonings","description":"De grootste bruidsmodewinkel ter wereld","publisher":{"@id":"https:\/\/www.koonings.com\/fr\/#organization"},"potentialAction":[{"@type":"SearchAction","target":{"@type":"EntryPoint","urlTemplate":"https:\/\/www.koonings.com\/fr\/?s={search_term_string}"},"query-input":{"@type":"PropertyValueSpecification","valueRequired":true,"valueName":"search_term_string"}}],"inLanguage":"fr-FR"},{"@type":"Organization","@id":"https:\/\/www.koonings.com\/fr\/#organization","name":"Koonings","url":"https:\/\/www.koonings.com\/fr\/","logo":{"@type":"ImageObject","inLanguage":"fr-FR","@id":"https:\/\/www.koonings.com\/fr\/#\/schema\/logo\/image\/","url":"https:\/\/www.koonings.com\/wp-content\/uploads\/2024\/07\/logo.png","contentUrl":"https:\/\/www.koonings.com\/wp-content\/uploads\/2024\/07\/logo.png","width":600,"height":428,"caption":"Koonings"},"image":{"@id":"https:\/\/www.koonings.com\/fr\/#\/schema\/logo\/image\/"},"sameAs":["https:\/\/www.facebook.com\/kooningstheweddingpalace","https:\/\/www.instagram.com\/kooningstheweddingpalace","https:\/\/www.pinterest.com\/koonings","https:\/\/www.youtube.com\/kooningstheweddingpalace"]}]}},"_links":{"self":[{"href":"https:\/\/www.koonings.com\/fr\/wp-json\/wp\/v2\/product\/84985","targetHints":{"allow":["GET"]}}],"collection":[{"href":"https:\/\/www.koonings.com\/fr\/wp-json\/wp\/v2\/product"}],"about":[{"href":"https:\/\/www.koonings.com\/fr\/wp-json\/wp\/v2\/types\/product"}],"wp:featuredmedia":[{"embeddable":true,"href":"https:\/\/www.koonings.com\/fr\/wp-json\/wp\/v2\/media\/83222"}],"wp:attachment":[{"href":"https:\/\/www.koonings.com\/fr\/wp-json\/wp\/v2\/media?parent=84985"}],"wp:term":[{"taxonomy":"productdetails","embeddable":true,"href":"https:\/\/www.koonings.com\/fr\/wp-json\/wp\/v2\/productdetails?post=84985"},{"taxonomy":"productneck","embeddable":true,"href":"https:\/\/www.koonings.com\/fr\/wp-json\/wp\/v2\/productneck?post=84985"},{"taxonomy":"productcolor","embeddable":true,"href":"https:\/\/www.koonings.com\/fr\/wp-json\/wp\/v2\/productcolor?post=84985"},{"taxonomy":"maat","embeddable":true,"href":"https:\/\/www.koonings.com\/fr\/wp-json\/wp\/v2\/maat?post=84985"},{"taxonomy":"productsupplier","embeddable":true,"href":"https:\/\/www.koonings.com\/fr\/wp-json\/wp\/v2\/productsupplier?post=84985"},{"taxonomy":"productsleeve","embeddable":true,"href":"https:\/\/www.koonings.com\/fr\/wp-json\/wp\/v2\/productsleeve?post=84985"},{"taxonomy":"productcategory","embeddable":true,"href":"https:\/\/www.koonings.com\/fr\/wp-json\/wp\/v2\/productcategory?post=84985"},{"taxonomy":"productsilhouette","embeddable":true,"href":"https:\/\/www.koonings.com\/fr\/wp-json\/wp\/v2\/productsilhouette?post=84985"},{"taxonomy":"productstyle","embeddable":true,"href":"https:\/\/www.koonings.com\/fr\/wp-json\/wp\/v2\/productstyle?post=84985"}],"curies":[{"name":"wp","href":"https:\/\/api.w.org\/{rel}","templated":true}]}}