{"id":84966,"date":"2026-04-28T18:30:40","date_gmt":"2026-04-28T16:30:40","guid":{"rendered":"https:\/\/www.koonings.com\/product\/sonia-pena-11250050\/"},"modified":"2025-06-05T13:59:32","modified_gmt":"2025-06-05T11:59:32","slug":"sonia-pena-11250050","status":"publish","type":"product","link":"https:\/\/www.koonings.com\/fr\/product\/sonia-pena-11250050\/","title":{"rendered":"Sonia Pena 11250050"},"content":{"rendered":"<p>Cette robe de cocktail de Sonia Pe\u00f1a, d&#8217;un bleu fonc\u00e9 profond, est un classique intemporel qui respire l&#8217;\u00e9l\u00e9gance et la sophistication. Le motif floral, subtilement incorpor\u00e9 au tissu, ajoute un \u00e9l\u00e9ment romantique au mod\u00e8le. La robe pr\u00e9sente un haut d\u00e9collet\u00e9 ferm\u00e9 et de larges bretelles, cr\u00e9ant un look sophistiqu\u00e9 et structur\u00e9. Cette robe longue est le choix id\u00e9al pour une occasion chic, o\u00f9 celle qui la porte se sentira \u00e0 la fois \u00e9l\u00e9gante et s\u00fbre d&#8217;elle. La combinaison d&#8217;une coupe classique et de d\u00e9tails modernes en fait l&#8217;ultime d\u00e9claration de style.    <\/p>\n","protected":false},"featured_media":83397,"template":"","meta":{"_acf_changed":false,"ghostkit_customizer_options":"","ghostkit_custom_css":"","ghostkit_custom_js_head":"","ghostkit_custom_js_foot":"","ghostkit_typography":""},"productdetails":[],"productneck":[352],"productcolor":[394],"maat":[],"productsupplier":[493],"productsleeve":[],"productcategory":[259],"productsilhouette":[384],"productstyle":[369],"class_list":["post-84966","product","type-product","status-publish","has-post-thumbnail","hentry","productneck-352","productcolor-394","productsupplier-sonia-pena","productcategory-avondkleding","productsilhouette-384","productstyle-369"],"acf":[],"yoast_head":"<!-- This site is optimized with the Yoast SEO plugin v27.3 - https:\/\/yoast.com\/product\/yoast-seo-wordpress\/ -->\n<title>Sonia Pena 11250050 | Koonings<\/title>\n<meta name=\"description\" content=\"Cette robe de cocktail de Sonia Pe\u00f1a, d&#039;un bleu fonc\u00e9 profond, est un classique intemporel qui respire l&#039;\u00e9l\u00e9gance et la sophistication. Le motif floral, subtilement incorpor\u00e9 au tissu, ajoute un \u00e9l\u00e9ment romantique au mod\u00e8le. La robe pr\u00e9sente un haut d\u00e9collet\u00e9 ferm\u00e9 et de larges bretelles, cr\u00e9ant un look sophistiqu\u00e9 et structur\u00e9. Cette robe longue est le choix id\u00e9al pour une occasion chic, o\u00f9 celle qui la porte se sentira \u00e0 la fois \u00e9l\u00e9gante et s\u00fbre d&#039;elle. La combinaison d&#039;une coupe classique et de d\u00e9tails modernes en fait l&#039;ultime d\u00e9claration de style.\" \/>\n<meta name=\"robots\" content=\"index, follow, max-snippet:-1, max-image-preview:large, max-video-preview:-1\" \/>\n<link rel=\"canonical\" href=\"https:\/\/www.koonings.com\/fr\/product\/sonia-pena-11250050\/\" \/>\n<meta property=\"og:locale\" content=\"fr_FR\" \/>\n<meta property=\"og:type\" content=\"article\" \/>\n<meta property=\"og:title\" content=\"Sonia Pena 11250050 | Koonings\" \/>\n<meta property=\"og:description\" content=\"Cette robe de cocktail de Sonia Pe\u00f1a, d&#039;un bleu fonc\u00e9 profond, est un classique intemporel qui respire l&#039;\u00e9l\u00e9gance et la sophistication. Le motif floral, subtilement incorpor\u00e9 au tissu, ajoute un \u00e9l\u00e9ment romantique au mod\u00e8le. La robe pr\u00e9sente un haut d\u00e9collet\u00e9 ferm\u00e9 et de larges bretelles, cr\u00e9ant un look sophistiqu\u00e9 et structur\u00e9. Cette robe longue est le choix id\u00e9al pour une occasion chic, o\u00f9 celle qui la porte se sentira \u00e0 la fois \u00e9l\u00e9gante et s\u00fbre d&#039;elle. La combinaison d&#039;une coupe classique et de d\u00e9tails modernes en fait l&#039;ultime d\u00e9claration de style.\" \/>\n<meta property=\"og:url\" content=\"https:\/\/www.koonings.com\/fr\/product\/sonia-pena-11250050\/\" \/>\n<meta property=\"og:site_name\" content=\"Koonings\" \/>\n<meta property=\"article:publisher\" content=\"https:\/\/www.facebook.com\/kooningstheweddingpalace\" \/>\n<meta property=\"og:image\" content=\"https:\/\/www.koonings.com\/wp-content\/uploads\/2025\/04\/49875_30c3ba4e8bf6b24fd2a7211d24d8b5d390c5e5e2c0dbae2570076da289a28b6cbe470cdc-819x1024.png\" \/>\n\t<meta property=\"og:image:width\" content=\"819\" \/>\n\t<meta property=\"og:image:height\" content=\"1024\" \/>\n\t<meta property=\"og:image:type\" content=\"image\/png\" \/>\n<meta name=\"twitter:card\" content=\"summary_large_image\" \/>\n<meta name=\"twitter:label1\" content=\"Dur\u00e9e de lecture estim\u00e9e\" \/>\n\t<meta name=\"twitter:data1\" content=\"1 minute\" \/>\n<script type=\"application\/ld+json\" class=\"yoast-schema-graph\">{\"@context\":\"https:\\\/\\\/schema.org\",\"@graph\":[{\"@type\":\"WebPage\",\"@id\":\"https:\\\/\\\/www.koonings.com\\\/fr\\\/product\\\/sonia-pena-11250050\\\/\",\"url\":\"https:\\\/\\\/www.koonings.com\\\/fr\\\/product\\\/sonia-pena-11250050\\\/\",\"name\":\"Sonia Pena 11250050 | Koonings\",\"isPartOf\":{\"@id\":\"https:\\\/\\\/www.koonings.com\\\/fr\\\/#website\"},\"primaryImageOfPage\":{\"@id\":\"https:\\\/\\\/www.koonings.com\\\/fr\\\/product\\\/sonia-pena-11250050\\\/#primaryimage\"},\"image\":{\"@id\":\"https:\\\/\\\/www.koonings.com\\\/fr\\\/product\\\/sonia-pena-11250050\\\/#primaryimage\"},\"thumbnailUrl\":\"https:\\\/\\\/www.koonings.com\\\/wp-content\\\/uploads\\\/2025\\\/04\\\/49875_30c3ba4e8bf6b24fd2a7211d24d8b5d390c5e5e2c0dbae2570076da289a28b6cbe470cdc.png\",\"datePublished\":\"2026-04-28T16:30:40+00:00\",\"description\":\"Cette robe de cocktail de Sonia Pe\u00f1a, d'un bleu fonc\u00e9 profond, est un classique intemporel qui respire l'\u00e9l\u00e9gance et la sophistication. Le motif floral, subtilement incorpor\u00e9 au tissu, ajoute un \u00e9l\u00e9ment romantique au mod\u00e8le. La robe pr\u00e9sente un haut d\u00e9collet\u00e9 ferm\u00e9 et de larges bretelles, cr\u00e9ant un look sophistiqu\u00e9 et structur\u00e9. Cette robe longue est le choix id\u00e9al pour une occasion chic, o\u00f9 celle qui la porte se sentira \u00e0 la fois \u00e9l\u00e9gante et s\u00fbre d'elle. La combinaison d'une coupe classique et de d\u00e9tails modernes en fait l'ultime d\u00e9claration de style.\",\"breadcrumb\":{\"@id\":\"https:\\\/\\\/www.koonings.com\\\/fr\\\/product\\\/sonia-pena-11250050\\\/#breadcrumb\"},\"inLanguage\":\"fr-FR\",\"potentialAction\":[{\"@type\":\"ReadAction\",\"target\":[\"https:\\\/\\\/www.koonings.com\\\/fr\\\/product\\\/sonia-pena-11250050\\\/\"]}]},{\"@type\":\"ImageObject\",\"inLanguage\":\"fr-FR\",\"@id\":\"https:\\\/\\\/www.koonings.com\\\/fr\\\/product\\\/sonia-pena-11250050\\\/#primaryimage\",\"url\":\"https:\\\/\\\/www.koonings.com\\\/wp-content\\\/uploads\\\/2025\\\/04\\\/49875_30c3ba4e8bf6b24fd2a7211d24d8b5d390c5e5e2c0dbae2570076da289a28b6cbe470cdc.png\",\"contentUrl\":\"https:\\\/\\\/www.koonings.com\\\/wp-content\\\/uploads\\\/2025\\\/04\\\/49875_30c3ba4e8bf6b24fd2a7211d24d8b5d390c5e5e2c0dbae2570076da289a28b6cbe470cdc.png\",\"width\":864,\"height\":1080},{\"@type\":\"BreadcrumbList\",\"@id\":\"https:\\\/\\\/www.koonings.com\\\/fr\\\/product\\\/sonia-pena-11250050\\\/#breadcrumb\",\"itemListElement\":[{\"@type\":\"ListItem\",\"position\":1,\"name\":\"Home\",\"item\":\"https:\\\/\\\/www.koonings.com\\\/fr\\\/\"},{\"@type\":\"ListItem\",\"position\":2,\"name\":\"Sonia Pena 11250050\"}]},{\"@type\":\"WebSite\",\"@id\":\"https:\\\/\\\/www.koonings.com\\\/fr\\\/#website\",\"url\":\"https:\\\/\\\/www.koonings.com\\\/fr\\\/\",\"name\":\"Koonings\",\"description\":\"De grootste bruidsmodewinkel ter wereld\",\"publisher\":{\"@id\":\"https:\\\/\\\/www.koonings.com\\\/fr\\\/#organization\"},\"potentialAction\":[{\"@type\":\"SearchAction\",\"target\":{\"@type\":\"EntryPoint\",\"urlTemplate\":\"https:\\\/\\\/www.koonings.com\\\/fr\\\/?s={search_term_string}\"},\"query-input\":{\"@type\":\"PropertyValueSpecification\",\"valueRequired\":true,\"valueName\":\"search_term_string\"}}],\"inLanguage\":\"fr-FR\"},{\"@type\":\"Organization\",\"@id\":\"https:\\\/\\\/www.koonings.com\\\/fr\\\/#organization\",\"name\":\"Koonings\",\"url\":\"https:\\\/\\\/www.koonings.com\\\/fr\\\/\",\"logo\":{\"@type\":\"ImageObject\",\"inLanguage\":\"fr-FR\",\"@id\":\"https:\\\/\\\/www.koonings.com\\\/fr\\\/#\\\/schema\\\/logo\\\/image\\\/\",\"url\":\"https:\\\/\\\/www.koonings.com\\\/wp-content\\\/uploads\\\/2024\\\/07\\\/logo.png\",\"contentUrl\":\"https:\\\/\\\/www.koonings.com\\\/wp-content\\\/uploads\\\/2024\\\/07\\\/logo.png\",\"width\":600,\"height\":428,\"caption\":\"Koonings\"},\"image\":{\"@id\":\"https:\\\/\\\/www.koonings.com\\\/fr\\\/#\\\/schema\\\/logo\\\/image\\\/\"},\"sameAs\":[\"https:\\\/\\\/www.facebook.com\\\/kooningstheweddingpalace\",\"https:\\\/\\\/www.instagram.com\\\/kooningstheweddingpalace\",\"https:\\\/\\\/www.pinterest.com\\\/koonings\",\"https:\\\/\\\/www.youtube.com\\\/kooningstheweddingpalace\"]}]}<\/script>\n<!-- \/ Yoast SEO plugin. -->","yoast_head_json":{"title":"Sonia Pena 11250050 | Koonings","description":"Cette robe de cocktail de Sonia Pe\u00f1a, d'un bleu fonc\u00e9 profond, est un classique intemporel qui respire l'\u00e9l\u00e9gance et la sophistication. Le motif floral, subtilement incorpor\u00e9 au tissu, ajoute un \u00e9l\u00e9ment romantique au mod\u00e8le. La robe pr\u00e9sente un haut d\u00e9collet\u00e9 ferm\u00e9 et de larges bretelles, cr\u00e9ant un look sophistiqu\u00e9 et structur\u00e9. Cette robe longue est le choix id\u00e9al pour une occasion chic, o\u00f9 celle qui la porte se sentira \u00e0 la fois \u00e9l\u00e9gante et s\u00fbre d'elle. La combinaison d'une coupe classique et de d\u00e9tails modernes en fait l'ultime d\u00e9claration de style.","robots":{"index":"index","follow":"follow","max-snippet":"max-snippet:-1","max-image-preview":"max-image-preview:large","max-video-preview":"max-video-preview:-1"},"canonical":"https:\/\/www.koonings.com\/fr\/product\/sonia-pena-11250050\/","og_locale":"fr_FR","og_type":"article","og_title":"Sonia Pena 11250050 | Koonings","og_description":"Cette robe de cocktail de Sonia Pe\u00f1a, d'un bleu fonc\u00e9 profond, est un classique intemporel qui respire l'\u00e9l\u00e9gance et la sophistication. Le motif floral, subtilement incorpor\u00e9 au tissu, ajoute un \u00e9l\u00e9ment romantique au mod\u00e8le. La robe pr\u00e9sente un haut d\u00e9collet\u00e9 ferm\u00e9 et de larges bretelles, cr\u00e9ant un look sophistiqu\u00e9 et structur\u00e9. Cette robe longue est le choix id\u00e9al pour une occasion chic, o\u00f9 celle qui la porte se sentira \u00e0 la fois \u00e9l\u00e9gante et s\u00fbre d'elle. La combinaison d'une coupe classique et de d\u00e9tails modernes en fait l'ultime d\u00e9claration de style.","og_url":"https:\/\/www.koonings.com\/fr\/product\/sonia-pena-11250050\/","og_site_name":"Koonings","article_publisher":"https:\/\/www.facebook.com\/kooningstheweddingpalace","og_image":[{"width":819,"height":1024,"url":"https:\/\/www.koonings.com\/wp-content\/uploads\/2025\/04\/49875_30c3ba4e8bf6b24fd2a7211d24d8b5d390c5e5e2c0dbae2570076da289a28b6cbe470cdc-819x1024.png","type":"image\/png"}],"twitter_card":"summary_large_image","twitter_misc":{"Dur\u00e9e de lecture estim\u00e9e":"1 minute"},"schema":{"@context":"https:\/\/schema.org","@graph":[{"@type":"WebPage","@id":"https:\/\/www.koonings.com\/fr\/product\/sonia-pena-11250050\/","url":"https:\/\/www.koonings.com\/fr\/product\/sonia-pena-11250050\/","name":"Sonia Pena 11250050 | Koonings","isPartOf":{"@id":"https:\/\/www.koonings.com\/fr\/#website"},"primaryImageOfPage":{"@id":"https:\/\/www.koonings.com\/fr\/product\/sonia-pena-11250050\/#primaryimage"},"image":{"@id":"https:\/\/www.koonings.com\/fr\/product\/sonia-pena-11250050\/#primaryimage"},"thumbnailUrl":"https:\/\/www.koonings.com\/wp-content\/uploads\/2025\/04\/49875_30c3ba4e8bf6b24fd2a7211d24d8b5d390c5e5e2c0dbae2570076da289a28b6cbe470cdc.png","datePublished":"2026-04-28T16:30:40+00:00","description":"Cette robe de cocktail de Sonia Pe\u00f1a, d'un bleu fonc\u00e9 profond, est un classique intemporel qui respire l'\u00e9l\u00e9gance et la sophistication. Le motif floral, subtilement incorpor\u00e9 au tissu, ajoute un \u00e9l\u00e9ment romantique au mod\u00e8le. La robe pr\u00e9sente un haut d\u00e9collet\u00e9 ferm\u00e9 et de larges bretelles, cr\u00e9ant un look sophistiqu\u00e9 et structur\u00e9. Cette robe longue est le choix id\u00e9al pour une occasion chic, o\u00f9 celle qui la porte se sentira \u00e0 la fois \u00e9l\u00e9gante et s\u00fbre d'elle. La combinaison d'une coupe classique et de d\u00e9tails modernes en fait l'ultime d\u00e9claration de style.","breadcrumb":{"@id":"https:\/\/www.koonings.com\/fr\/product\/sonia-pena-11250050\/#breadcrumb"},"inLanguage":"fr-FR","potentialAction":[{"@type":"ReadAction","target":["https:\/\/www.koonings.com\/fr\/product\/sonia-pena-11250050\/"]}]},{"@type":"ImageObject","inLanguage":"fr-FR","@id":"https:\/\/www.koonings.com\/fr\/product\/sonia-pena-11250050\/#primaryimage","url":"https:\/\/www.koonings.com\/wp-content\/uploads\/2025\/04\/49875_30c3ba4e8bf6b24fd2a7211d24d8b5d390c5e5e2c0dbae2570076da289a28b6cbe470cdc.png","contentUrl":"https:\/\/www.koonings.com\/wp-content\/uploads\/2025\/04\/49875_30c3ba4e8bf6b24fd2a7211d24d8b5d390c5e5e2c0dbae2570076da289a28b6cbe470cdc.png","width":864,"height":1080},{"@type":"BreadcrumbList","@id":"https:\/\/www.koonings.com\/fr\/product\/sonia-pena-11250050\/#breadcrumb","itemListElement":[{"@type":"ListItem","position":1,"name":"Home","item":"https:\/\/www.koonings.com\/fr\/"},{"@type":"ListItem","position":2,"name":"Sonia Pena 11250050"}]},{"@type":"WebSite","@id":"https:\/\/www.koonings.com\/fr\/#website","url":"https:\/\/www.koonings.com\/fr\/","name":"Koonings","description":"De grootste bruidsmodewinkel ter wereld","publisher":{"@id":"https:\/\/www.koonings.com\/fr\/#organization"},"potentialAction":[{"@type":"SearchAction","target":{"@type":"EntryPoint","urlTemplate":"https:\/\/www.koonings.com\/fr\/?s={search_term_string}"},"query-input":{"@type":"PropertyValueSpecification","valueRequired":true,"valueName":"search_term_string"}}],"inLanguage":"fr-FR"},{"@type":"Organization","@id":"https:\/\/www.koonings.com\/fr\/#organization","name":"Koonings","url":"https:\/\/www.koonings.com\/fr\/","logo":{"@type":"ImageObject","inLanguage":"fr-FR","@id":"https:\/\/www.koonings.com\/fr\/#\/schema\/logo\/image\/","url":"https:\/\/www.koonings.com\/wp-content\/uploads\/2024\/07\/logo.png","contentUrl":"https:\/\/www.koonings.com\/wp-content\/uploads\/2024\/07\/logo.png","width":600,"height":428,"caption":"Koonings"},"image":{"@id":"https:\/\/www.koonings.com\/fr\/#\/schema\/logo\/image\/"},"sameAs":["https:\/\/www.facebook.com\/kooningstheweddingpalace","https:\/\/www.instagram.com\/kooningstheweddingpalace","https:\/\/www.pinterest.com\/koonings","https:\/\/www.youtube.com\/kooningstheweddingpalace"]}]}},"_links":{"self":[{"href":"https:\/\/www.koonings.com\/fr\/wp-json\/wp\/v2\/product\/84966","targetHints":{"allow":["GET"]}}],"collection":[{"href":"https:\/\/www.koonings.com\/fr\/wp-json\/wp\/v2\/product"}],"about":[{"href":"https:\/\/www.koonings.com\/fr\/wp-json\/wp\/v2\/types\/product"}],"wp:featuredmedia":[{"embeddable":true,"href":"https:\/\/www.koonings.com\/fr\/wp-json\/wp\/v2\/media\/83397"}],"wp:attachment":[{"href":"https:\/\/www.koonings.com\/fr\/wp-json\/wp\/v2\/media?parent=84966"}],"wp:term":[{"taxonomy":"productdetails","embeddable":true,"href":"https:\/\/www.koonings.com\/fr\/wp-json\/wp\/v2\/productdetails?post=84966"},{"taxonomy":"productneck","embeddable":true,"href":"https:\/\/www.koonings.com\/fr\/wp-json\/wp\/v2\/productneck?post=84966"},{"taxonomy":"productcolor","embeddable":true,"href":"https:\/\/www.koonings.com\/fr\/wp-json\/wp\/v2\/productcolor?post=84966"},{"taxonomy":"maat","embeddable":true,"href":"https:\/\/www.koonings.com\/fr\/wp-json\/wp\/v2\/maat?post=84966"},{"taxonomy":"productsupplier","embeddable":true,"href":"https:\/\/www.koonings.com\/fr\/wp-json\/wp\/v2\/productsupplier?post=84966"},{"taxonomy":"productsleeve","embeddable":true,"href":"https:\/\/www.koonings.com\/fr\/wp-json\/wp\/v2\/productsleeve?post=84966"},{"taxonomy":"productcategory","embeddable":true,"href":"https:\/\/www.koonings.com\/fr\/wp-json\/wp\/v2\/productcategory?post=84966"},{"taxonomy":"productsilhouette","embeddable":true,"href":"https:\/\/www.koonings.com\/fr\/wp-json\/wp\/v2\/productsilhouette?post=84966"},{"taxonomy":"productstyle","embeddable":true,"href":"https:\/\/www.koonings.com\/fr\/wp-json\/wp\/v2\/productstyle?post=84966"}],"curies":[{"name":"wp","href":"https:\/\/api.w.org\/{rel}","templated":true}]}}