{"id":84964,"date":"2026-05-06T15:30:51","date_gmt":"2026-05-06T13:30:51","guid":{"rendered":"https:\/\/www.koonings.com\/product\/sonia-pena-11250034a\/"},"modified":"2025-06-05T13:59:29","modified_gmt":"2025-06-05T11:59:29","slug":"sonia-pena-11250034a","status":"publish","type":"product","link":"https:\/\/www.koonings.com\/fr\/product\/sonia-pena-11250034a\/","title":{"rendered":"Sonia Pena 11250034A"},"content":{"rendered":"<p>Cette robe de cocktail de Sonia Pe\u00f1a est un choix audacieux et \u00e9l\u00e9gant pour une occasion chic. La surjupe de couleur unique ajoute une touche de drame et de flair \u00e0 la robe, tandis que le pantalon vert tendre en dessous ajoute une touche de modernit\u00e9. Le dos nu avec encolure en V cr\u00e9e un look flatteur et sophistiqu\u00e9, et la large bande autour du milieu dans la couleur de la jupe souligne \u00e9l\u00e9gamment la taille. Cette robe de cocktail allie le classique et le contemporain, ce qui en fait le choix id\u00e9al pour celles qui recherchent quelque chose d&#8217;unique et d&#8217;\u00e9l\u00e9gant.   <\/p>\n","protected":false},"featured_media":83402,"template":"","meta":{"_acf_changed":false,"ghostkit_customizer_options":"","ghostkit_custom_css":"","ghostkit_custom_js_head":"","ghostkit_custom_js_foot":"","ghostkit_typography":""},"productdetails":[],"productneck":[],"productcolor":[394],"maat":[],"productsupplier":[493],"productsleeve":[360],"productcategory":[259],"productsilhouette":[391],"productstyle":[],"class_list":["post-84964","product","type-product","status-publish","has-post-thumbnail","hentry","productcolor-394","productsupplier-sonia-pena","productsleeve-360","productcategory-avondkleding","productsilhouette-391"],"acf":[],"yoast_head":"<!-- This site is optimized with the Yoast SEO plugin v27.3 - https:\/\/yoast.com\/product\/yoast-seo-wordpress\/ -->\n<title>Sonia Pena 11250034A | Koonings<\/title>\n<meta name=\"description\" content=\"Cette robe de cocktail de Sonia Pe\u00f1a est un choix audacieux et \u00e9l\u00e9gant pour une occasion chic. La surjupe de couleur unique ajoute une touche de drame et de flair \u00e0 la robe, tandis que le pantalon vert tendre en dessous ajoute une touche de modernit\u00e9. Le dos nu avec encolure en V cr\u00e9e un look flatteur et sophistiqu\u00e9, et la large bande autour du milieu dans la couleur de la jupe souligne \u00e9l\u00e9gamment la taille. Cette robe de cocktail allie le classique et le contemporain, ce qui en fait le choix id\u00e9al pour celles qui recherchent quelque chose d&#039;unique et d&#039;\u00e9l\u00e9gant.\" \/>\n<meta name=\"robots\" content=\"index, follow, max-snippet:-1, max-image-preview:large, max-video-preview:-1\" \/>\n<link rel=\"canonical\" href=\"https:\/\/www.koonings.com\/fr\/product\/sonia-pena-11250034a\/\" \/>\n<meta property=\"og:locale\" content=\"fr_FR\" \/>\n<meta property=\"og:type\" content=\"article\" \/>\n<meta property=\"og:title\" content=\"Sonia Pena 11250034A | Koonings\" \/>\n<meta property=\"og:description\" content=\"Cette robe de cocktail de Sonia Pe\u00f1a est un choix audacieux et \u00e9l\u00e9gant pour une occasion chic. La surjupe de couleur unique ajoute une touche de drame et de flair \u00e0 la robe, tandis que le pantalon vert tendre en dessous ajoute une touche de modernit\u00e9. Le dos nu avec encolure en V cr\u00e9e un look flatteur et sophistiqu\u00e9, et la large bande autour du milieu dans la couleur de la jupe souligne \u00e9l\u00e9gamment la taille. Cette robe de cocktail allie le classique et le contemporain, ce qui en fait le choix id\u00e9al pour celles qui recherchent quelque chose d&#039;unique et d&#039;\u00e9l\u00e9gant.\" \/>\n<meta property=\"og:url\" content=\"https:\/\/www.koonings.com\/fr\/product\/sonia-pena-11250034a\/\" \/>\n<meta property=\"og:site_name\" content=\"Koonings\" \/>\n<meta property=\"article:publisher\" content=\"https:\/\/www.facebook.com\/kooningstheweddingpalace\" \/>\n<meta property=\"og:image\" content=\"https:\/\/www.koonings.com\/wp-content\/uploads\/2025\/04\/49877_8ba53793467cf21925d81ad75c6e5baee4544278a8343aab9549d945351885ff133cbe9d-819x1024.png\" \/>\n\t<meta property=\"og:image:width\" content=\"819\" \/>\n\t<meta property=\"og:image:height\" content=\"1024\" \/>\n\t<meta property=\"og:image:type\" content=\"image\/png\" \/>\n<meta name=\"twitter:card\" content=\"summary_large_image\" \/>\n<meta name=\"twitter:label1\" content=\"Dur\u00e9e de lecture estim\u00e9e\" \/>\n\t<meta name=\"twitter:data1\" content=\"1 minute\" \/>\n<script type=\"application\/ld+json\" class=\"yoast-schema-graph\">{\"@context\":\"https:\\\/\\\/schema.org\",\"@graph\":[{\"@type\":\"WebPage\",\"@id\":\"https:\\\/\\\/www.koonings.com\\\/fr\\\/product\\\/sonia-pena-11250034a\\\/\",\"url\":\"https:\\\/\\\/www.koonings.com\\\/fr\\\/product\\\/sonia-pena-11250034a\\\/\",\"name\":\"Sonia Pena 11250034A | Koonings\",\"isPartOf\":{\"@id\":\"https:\\\/\\\/www.koonings.com\\\/fr\\\/#website\"},\"primaryImageOfPage\":{\"@id\":\"https:\\\/\\\/www.koonings.com\\\/fr\\\/product\\\/sonia-pena-11250034a\\\/#primaryimage\"},\"image\":{\"@id\":\"https:\\\/\\\/www.koonings.com\\\/fr\\\/product\\\/sonia-pena-11250034a\\\/#primaryimage\"},\"thumbnailUrl\":\"https:\\\/\\\/www.koonings.com\\\/wp-content\\\/uploads\\\/2025\\\/04\\\/49877_8ba53793467cf21925d81ad75c6e5baee4544278a8343aab9549d945351885ff133cbe9d.png\",\"datePublished\":\"2026-05-06T13:30:51+00:00\",\"description\":\"Cette robe de cocktail de Sonia Pe\u00f1a est un choix audacieux et \u00e9l\u00e9gant pour une occasion chic. La surjupe de couleur unique ajoute une touche de drame et de flair \u00e0 la robe, tandis que le pantalon vert tendre en dessous ajoute une touche de modernit\u00e9. Le dos nu avec encolure en V cr\u00e9e un look flatteur et sophistiqu\u00e9, et la large bande autour du milieu dans la couleur de la jupe souligne \u00e9l\u00e9gamment la taille. Cette robe de cocktail allie le classique et le contemporain, ce qui en fait le choix id\u00e9al pour celles qui recherchent quelque chose d'unique et d'\u00e9l\u00e9gant.\",\"breadcrumb\":{\"@id\":\"https:\\\/\\\/www.koonings.com\\\/fr\\\/product\\\/sonia-pena-11250034a\\\/#breadcrumb\"},\"inLanguage\":\"fr-FR\",\"potentialAction\":[{\"@type\":\"ReadAction\",\"target\":[\"https:\\\/\\\/www.koonings.com\\\/fr\\\/product\\\/sonia-pena-11250034a\\\/\"]}]},{\"@type\":\"ImageObject\",\"inLanguage\":\"fr-FR\",\"@id\":\"https:\\\/\\\/www.koonings.com\\\/fr\\\/product\\\/sonia-pena-11250034a\\\/#primaryimage\",\"url\":\"https:\\\/\\\/www.koonings.com\\\/wp-content\\\/uploads\\\/2025\\\/04\\\/49877_8ba53793467cf21925d81ad75c6e5baee4544278a8343aab9549d945351885ff133cbe9d.png\",\"contentUrl\":\"https:\\\/\\\/www.koonings.com\\\/wp-content\\\/uploads\\\/2025\\\/04\\\/49877_8ba53793467cf21925d81ad75c6e5baee4544278a8343aab9549d945351885ff133cbe9d.png\",\"width\":864,\"height\":1080},{\"@type\":\"BreadcrumbList\",\"@id\":\"https:\\\/\\\/www.koonings.com\\\/fr\\\/product\\\/sonia-pena-11250034a\\\/#breadcrumb\",\"itemListElement\":[{\"@type\":\"ListItem\",\"position\":1,\"name\":\"Home\",\"item\":\"https:\\\/\\\/www.koonings.com\\\/fr\\\/\"},{\"@type\":\"ListItem\",\"position\":2,\"name\":\"Sonia Pena 11250034A\"}]},{\"@type\":\"WebSite\",\"@id\":\"https:\\\/\\\/www.koonings.com\\\/fr\\\/#website\",\"url\":\"https:\\\/\\\/www.koonings.com\\\/fr\\\/\",\"name\":\"Koonings\",\"description\":\"De grootste bruidsmodewinkel ter wereld\",\"publisher\":{\"@id\":\"https:\\\/\\\/www.koonings.com\\\/fr\\\/#organization\"},\"potentialAction\":[{\"@type\":\"SearchAction\",\"target\":{\"@type\":\"EntryPoint\",\"urlTemplate\":\"https:\\\/\\\/www.koonings.com\\\/fr\\\/?s={search_term_string}\"},\"query-input\":{\"@type\":\"PropertyValueSpecification\",\"valueRequired\":true,\"valueName\":\"search_term_string\"}}],\"inLanguage\":\"fr-FR\"},{\"@type\":\"Organization\",\"@id\":\"https:\\\/\\\/www.koonings.com\\\/fr\\\/#organization\",\"name\":\"Koonings\",\"url\":\"https:\\\/\\\/www.koonings.com\\\/fr\\\/\",\"logo\":{\"@type\":\"ImageObject\",\"inLanguage\":\"fr-FR\",\"@id\":\"https:\\\/\\\/www.koonings.com\\\/fr\\\/#\\\/schema\\\/logo\\\/image\\\/\",\"url\":\"https:\\\/\\\/www.koonings.com\\\/wp-content\\\/uploads\\\/2024\\\/07\\\/logo.png\",\"contentUrl\":\"https:\\\/\\\/www.koonings.com\\\/wp-content\\\/uploads\\\/2024\\\/07\\\/logo.png\",\"width\":600,\"height\":428,\"caption\":\"Koonings\"},\"image\":{\"@id\":\"https:\\\/\\\/www.koonings.com\\\/fr\\\/#\\\/schema\\\/logo\\\/image\\\/\"},\"sameAs\":[\"https:\\\/\\\/www.facebook.com\\\/kooningstheweddingpalace\",\"https:\\\/\\\/www.instagram.com\\\/kooningstheweddingpalace\",\"https:\\\/\\\/www.pinterest.com\\\/koonings\",\"https:\\\/\\\/www.youtube.com\\\/kooningstheweddingpalace\"]}]}<\/script>\n<!-- \/ Yoast SEO plugin. -->","yoast_head_json":{"title":"Sonia Pena 11250034A | Koonings","description":"Cette robe de cocktail de Sonia Pe\u00f1a est un choix audacieux et \u00e9l\u00e9gant pour une occasion chic. La surjupe de couleur unique ajoute une touche de drame et de flair \u00e0 la robe, tandis que le pantalon vert tendre en dessous ajoute une touche de modernit\u00e9. Le dos nu avec encolure en V cr\u00e9e un look flatteur et sophistiqu\u00e9, et la large bande autour du milieu dans la couleur de la jupe souligne \u00e9l\u00e9gamment la taille. Cette robe de cocktail allie le classique et le contemporain, ce qui en fait le choix id\u00e9al pour celles qui recherchent quelque chose d'unique et d'\u00e9l\u00e9gant.","robots":{"index":"index","follow":"follow","max-snippet":"max-snippet:-1","max-image-preview":"max-image-preview:large","max-video-preview":"max-video-preview:-1"},"canonical":"https:\/\/www.koonings.com\/fr\/product\/sonia-pena-11250034a\/","og_locale":"fr_FR","og_type":"article","og_title":"Sonia Pena 11250034A | Koonings","og_description":"Cette robe de cocktail de Sonia Pe\u00f1a est un choix audacieux et \u00e9l\u00e9gant pour une occasion chic. La surjupe de couleur unique ajoute une touche de drame et de flair \u00e0 la robe, tandis que le pantalon vert tendre en dessous ajoute une touche de modernit\u00e9. Le dos nu avec encolure en V cr\u00e9e un look flatteur et sophistiqu\u00e9, et la large bande autour du milieu dans la couleur de la jupe souligne \u00e9l\u00e9gamment la taille. Cette robe de cocktail allie le classique et le contemporain, ce qui en fait le choix id\u00e9al pour celles qui recherchent quelque chose d'unique et d'\u00e9l\u00e9gant.","og_url":"https:\/\/www.koonings.com\/fr\/product\/sonia-pena-11250034a\/","og_site_name":"Koonings","article_publisher":"https:\/\/www.facebook.com\/kooningstheweddingpalace","og_image":[{"width":819,"height":1024,"url":"https:\/\/www.koonings.com\/wp-content\/uploads\/2025\/04\/49877_8ba53793467cf21925d81ad75c6e5baee4544278a8343aab9549d945351885ff133cbe9d-819x1024.png","type":"image\/png"}],"twitter_card":"summary_large_image","twitter_misc":{"Dur\u00e9e de lecture estim\u00e9e":"1 minute"},"schema":{"@context":"https:\/\/schema.org","@graph":[{"@type":"WebPage","@id":"https:\/\/www.koonings.com\/fr\/product\/sonia-pena-11250034a\/","url":"https:\/\/www.koonings.com\/fr\/product\/sonia-pena-11250034a\/","name":"Sonia Pena 11250034A | Koonings","isPartOf":{"@id":"https:\/\/www.koonings.com\/fr\/#website"},"primaryImageOfPage":{"@id":"https:\/\/www.koonings.com\/fr\/product\/sonia-pena-11250034a\/#primaryimage"},"image":{"@id":"https:\/\/www.koonings.com\/fr\/product\/sonia-pena-11250034a\/#primaryimage"},"thumbnailUrl":"https:\/\/www.koonings.com\/wp-content\/uploads\/2025\/04\/49877_8ba53793467cf21925d81ad75c6e5baee4544278a8343aab9549d945351885ff133cbe9d.png","datePublished":"2026-05-06T13:30:51+00:00","description":"Cette robe de cocktail de Sonia Pe\u00f1a est un choix audacieux et \u00e9l\u00e9gant pour une occasion chic. La surjupe de couleur unique ajoute une touche de drame et de flair \u00e0 la robe, tandis que le pantalon vert tendre en dessous ajoute une touche de modernit\u00e9. Le dos nu avec encolure en V cr\u00e9e un look flatteur et sophistiqu\u00e9, et la large bande autour du milieu dans la couleur de la jupe souligne \u00e9l\u00e9gamment la taille. Cette robe de cocktail allie le classique et le contemporain, ce qui en fait le choix id\u00e9al pour celles qui recherchent quelque chose d'unique et d'\u00e9l\u00e9gant.","breadcrumb":{"@id":"https:\/\/www.koonings.com\/fr\/product\/sonia-pena-11250034a\/#breadcrumb"},"inLanguage":"fr-FR","potentialAction":[{"@type":"ReadAction","target":["https:\/\/www.koonings.com\/fr\/product\/sonia-pena-11250034a\/"]}]},{"@type":"ImageObject","inLanguage":"fr-FR","@id":"https:\/\/www.koonings.com\/fr\/product\/sonia-pena-11250034a\/#primaryimage","url":"https:\/\/www.koonings.com\/wp-content\/uploads\/2025\/04\/49877_8ba53793467cf21925d81ad75c6e5baee4544278a8343aab9549d945351885ff133cbe9d.png","contentUrl":"https:\/\/www.koonings.com\/wp-content\/uploads\/2025\/04\/49877_8ba53793467cf21925d81ad75c6e5baee4544278a8343aab9549d945351885ff133cbe9d.png","width":864,"height":1080},{"@type":"BreadcrumbList","@id":"https:\/\/www.koonings.com\/fr\/product\/sonia-pena-11250034a\/#breadcrumb","itemListElement":[{"@type":"ListItem","position":1,"name":"Home","item":"https:\/\/www.koonings.com\/fr\/"},{"@type":"ListItem","position":2,"name":"Sonia Pena 11250034A"}]},{"@type":"WebSite","@id":"https:\/\/www.koonings.com\/fr\/#website","url":"https:\/\/www.koonings.com\/fr\/","name":"Koonings","description":"De grootste bruidsmodewinkel ter wereld","publisher":{"@id":"https:\/\/www.koonings.com\/fr\/#organization"},"potentialAction":[{"@type":"SearchAction","target":{"@type":"EntryPoint","urlTemplate":"https:\/\/www.koonings.com\/fr\/?s={search_term_string}"},"query-input":{"@type":"PropertyValueSpecification","valueRequired":true,"valueName":"search_term_string"}}],"inLanguage":"fr-FR"},{"@type":"Organization","@id":"https:\/\/www.koonings.com\/fr\/#organization","name":"Koonings","url":"https:\/\/www.koonings.com\/fr\/","logo":{"@type":"ImageObject","inLanguage":"fr-FR","@id":"https:\/\/www.koonings.com\/fr\/#\/schema\/logo\/image\/","url":"https:\/\/www.koonings.com\/wp-content\/uploads\/2024\/07\/logo.png","contentUrl":"https:\/\/www.koonings.com\/wp-content\/uploads\/2024\/07\/logo.png","width":600,"height":428,"caption":"Koonings"},"image":{"@id":"https:\/\/www.koonings.com\/fr\/#\/schema\/logo\/image\/"},"sameAs":["https:\/\/www.facebook.com\/kooningstheweddingpalace","https:\/\/www.instagram.com\/kooningstheweddingpalace","https:\/\/www.pinterest.com\/koonings","https:\/\/www.youtube.com\/kooningstheweddingpalace"]}]}},"_links":{"self":[{"href":"https:\/\/www.koonings.com\/fr\/wp-json\/wp\/v2\/product\/84964","targetHints":{"allow":["GET"]}}],"collection":[{"href":"https:\/\/www.koonings.com\/fr\/wp-json\/wp\/v2\/product"}],"about":[{"href":"https:\/\/www.koonings.com\/fr\/wp-json\/wp\/v2\/types\/product"}],"wp:featuredmedia":[{"embeddable":true,"href":"https:\/\/www.koonings.com\/fr\/wp-json\/wp\/v2\/media\/83402"}],"wp:attachment":[{"href":"https:\/\/www.koonings.com\/fr\/wp-json\/wp\/v2\/media?parent=84964"}],"wp:term":[{"taxonomy":"productdetails","embeddable":true,"href":"https:\/\/www.koonings.com\/fr\/wp-json\/wp\/v2\/productdetails?post=84964"},{"taxonomy":"productneck","embeddable":true,"href":"https:\/\/www.koonings.com\/fr\/wp-json\/wp\/v2\/productneck?post=84964"},{"taxonomy":"productcolor","embeddable":true,"href":"https:\/\/www.koonings.com\/fr\/wp-json\/wp\/v2\/productcolor?post=84964"},{"taxonomy":"maat","embeddable":true,"href":"https:\/\/www.koonings.com\/fr\/wp-json\/wp\/v2\/maat?post=84964"},{"taxonomy":"productsupplier","embeddable":true,"href":"https:\/\/www.koonings.com\/fr\/wp-json\/wp\/v2\/productsupplier?post=84964"},{"taxonomy":"productsleeve","embeddable":true,"href":"https:\/\/www.koonings.com\/fr\/wp-json\/wp\/v2\/productsleeve?post=84964"},{"taxonomy":"productcategory","embeddable":true,"href":"https:\/\/www.koonings.com\/fr\/wp-json\/wp\/v2\/productcategory?post=84964"},{"taxonomy":"productsilhouette","embeddable":true,"href":"https:\/\/www.koonings.com\/fr\/wp-json\/wp\/v2\/productsilhouette?post=84964"},{"taxonomy":"productstyle","embeddable":true,"href":"https:\/\/www.koonings.com\/fr\/wp-json\/wp\/v2\/productstyle?post=84964"}],"curies":[{"name":"wp","href":"https:\/\/api.w.org\/{rel}","templated":true}]}}