{"id":84960,"date":"2026-04-14T16:30:43","date_gmt":"2026-04-14T14:30:43","guid":{"rendered":"https:\/\/www.koonings.com\/product\/immediate-369-24105a-75\/"},"modified":"2026-02-16T15:05:42","modified_gmt":"2026-02-16T14:05:42","slug":"immediate-369-24105a-75","status":"publish","type":"product","link":"https:\/\/www.koonings.com\/fr\/product\/immediate-369-24105a-75\/","title":{"rendered":"Imm\u00e9diatement 369-24105A-75"},"content":{"rendered":"<p>Cet \u00e9l\u00e9gant costume de mariage imm\u00e9diat, issu de la collection Koonings The Wedding Palace, se d\u00e9cline dans une \u00e9l\u00e9gante teinte vert bouteille et est confectionn\u00e9 dans un tissu lisse et souple. Moins, c&#8217;est plus ! Le gilet et la veste pr\u00e9sentent tous deux une r\u00e9verb\u00e9ration classique, cr\u00e9ant ainsi un look sophistiqu\u00e9. Compl\u00e9tez le look avec une cravate de couleur olive-sable &#8211; l&#8217;accord parfait avec n&#8217;importe quel style de robe de mari\u00e9e !   <\/p>\n","protected":false},"featured_media":81084,"template":"","meta":{"_acf_changed":false,"ghostkit_customizer_options":"","ghostkit_custom_css":"","ghostkit_custom_js_head":"","ghostkit_custom_js_foot":"","ghostkit_typography":""},"productdetails":[],"productneck":[],"productcolor":[448],"maat":[],"productsupplier":[452],"productsleeve":[],"productcategory":[227],"productsilhouette":[],"productstyle":[],"class_list":["post-84960","product","type-product","status-publish","has-post-thumbnail","hentry","productcolor-448","productsupplier-immediate","productcategory-kostuum"],"acf":[],"yoast_head":"<!-- This site is optimized with the Yoast SEO plugin v27.3 - https:\/\/yoast.com\/product\/yoast-seo-wordpress\/ -->\n<title>Imm\u00e9diatement 369-24105A-75 | Koonings<\/title>\n<meta name=\"description\" content=\"Cet \u00e9l\u00e9gant costume de mariage imm\u00e9diat, issu de la collection Koonings The Wedding Palace, se d\u00e9cline dans une \u00e9l\u00e9gante teinte vert bouteille et est confectionn\u00e9 dans un tissu lisse et souple. Moins, c&#039;est plus ! Le gilet et la veste pr\u00e9sentent tous deux une r\u00e9verb\u00e9ration classique, cr\u00e9ant ainsi un look sophistiqu\u00e9. Compl\u00e9tez le look avec une cravate de couleur olive-sable - l&#039;accord parfait avec n&#039;importe quel style de robe de mari\u00e9e !\" \/>\n<meta name=\"robots\" content=\"index, follow, max-snippet:-1, max-image-preview:large, max-video-preview:-1\" \/>\n<link rel=\"canonical\" href=\"https:\/\/www.koonings.com\/fr\/product\/immediate-369-24105a-75\/\" \/>\n<meta property=\"og:locale\" content=\"fr_FR\" \/>\n<meta property=\"og:type\" content=\"article\" \/>\n<meta property=\"og:title\" content=\"Imm\u00e9diatement 369-24105A-75 | Koonings\" \/>\n<meta property=\"og:description\" content=\"Cet \u00e9l\u00e9gant costume de mariage imm\u00e9diat, issu de la collection Koonings The Wedding Palace, se d\u00e9cline dans une \u00e9l\u00e9gante teinte vert bouteille et est confectionn\u00e9 dans un tissu lisse et souple. Moins, c&#039;est plus ! Le gilet et la veste pr\u00e9sentent tous deux une r\u00e9verb\u00e9ration classique, cr\u00e9ant ainsi un look sophistiqu\u00e9. Compl\u00e9tez le look avec une cravate de couleur olive-sable - l&#039;accord parfait avec n&#039;importe quel style de robe de mari\u00e9e !\" \/>\n<meta property=\"og:url\" content=\"https:\/\/www.koonings.com\/fr\/product\/immediate-369-24105a-75\/\" \/>\n<meta property=\"og:site_name\" content=\"Koonings\" \/>\n<meta property=\"article:publisher\" content=\"https:\/\/www.facebook.com\/kooningstheweddingpalace\" \/>\n<meta property=\"og:image\" content=\"https:\/\/www.koonings.com\/wp-content\/uploads\/2025\/02\/49267_c81e070197719e4910368773a5ead66633c9bd6706465d091df58289afc2d91db2a5669d-scaled.jpeg\" \/>\n\t<meta property=\"og:image:width\" content=\"1811\" \/>\n\t<meta property=\"og:image:height\" content=\"2560\" \/>\n\t<meta property=\"og:image:type\" content=\"image\/jpeg\" \/>\n<meta name=\"twitter:card\" content=\"summary_large_image\" \/>\n<script type=\"application\/ld+json\" class=\"yoast-schema-graph\">{\"@context\":\"https:\\\/\\\/schema.org\",\"@graph\":[{\"@type\":\"WebPage\",\"@id\":\"https:\\\/\\\/www.koonings.com\\\/fr\\\/product\\\/immediate-369-24105a-75\\\/\",\"url\":\"https:\\\/\\\/www.koonings.com\\\/fr\\\/product\\\/immediate-369-24105a-75\\\/\",\"name\":\"Imm\u00e9diatement 369-24105A-75 | Koonings\",\"isPartOf\":{\"@id\":\"https:\\\/\\\/www.koonings.com\\\/fr\\\/#website\"},\"primaryImageOfPage\":{\"@id\":\"https:\\\/\\\/www.koonings.com\\\/fr\\\/product\\\/immediate-369-24105a-75\\\/#primaryimage\"},\"image\":{\"@id\":\"https:\\\/\\\/www.koonings.com\\\/fr\\\/product\\\/immediate-369-24105a-75\\\/#primaryimage\"},\"thumbnailUrl\":\"https:\\\/\\\/www.koonings.com\\\/wp-content\\\/uploads\\\/2025\\\/02\\\/49267_c81e070197719e4910368773a5ead66633c9bd6706465d091df58289afc2d91db2a5669d-scaled.jpeg\",\"datePublished\":\"2026-04-14T14:30:43+00:00\",\"description\":\"Cet \u00e9l\u00e9gant costume de mariage imm\u00e9diat, issu de la collection Koonings The Wedding Palace, se d\u00e9cline dans une \u00e9l\u00e9gante teinte vert bouteille et est confectionn\u00e9 dans un tissu lisse et souple. Moins, c'est plus ! Le gilet et la veste pr\u00e9sentent tous deux une r\u00e9verb\u00e9ration classique, cr\u00e9ant ainsi un look sophistiqu\u00e9. Compl\u00e9tez le look avec une cravate de couleur olive-sable - l'accord parfait avec n'importe quel style de robe de mari\u00e9e !\",\"breadcrumb\":{\"@id\":\"https:\\\/\\\/www.koonings.com\\\/fr\\\/product\\\/immediate-369-24105a-75\\\/#breadcrumb\"},\"inLanguage\":\"fr-FR\",\"potentialAction\":[{\"@type\":\"ReadAction\",\"target\":[\"https:\\\/\\\/www.koonings.com\\\/fr\\\/product\\\/immediate-369-24105a-75\\\/\"]}]},{\"@type\":\"ImageObject\",\"inLanguage\":\"fr-FR\",\"@id\":\"https:\\\/\\\/www.koonings.com\\\/fr\\\/product\\\/immediate-369-24105a-75\\\/#primaryimage\",\"url\":\"https:\\\/\\\/www.koonings.com\\\/wp-content\\\/uploads\\\/2025\\\/02\\\/49267_c81e070197719e4910368773a5ead66633c9bd6706465d091df58289afc2d91db2a5669d-scaled.jpeg\",\"contentUrl\":\"https:\\\/\\\/www.koonings.com\\\/wp-content\\\/uploads\\\/2025\\\/02\\\/49267_c81e070197719e4910368773a5ead66633c9bd6706465d091df58289afc2d91db2a5669d-scaled.jpeg\",\"width\":1811,\"height\":2560},{\"@type\":\"BreadcrumbList\",\"@id\":\"https:\\\/\\\/www.koonings.com\\\/fr\\\/product\\\/immediate-369-24105a-75\\\/#breadcrumb\",\"itemListElement\":[{\"@type\":\"ListItem\",\"position\":1,\"name\":\"Home\",\"item\":\"https:\\\/\\\/www.koonings.com\\\/fr\\\/\"},{\"@type\":\"ListItem\",\"position\":2,\"name\":\"Imm\u00e9diatement 369-24105A-75\"}]},{\"@type\":\"WebSite\",\"@id\":\"https:\\\/\\\/www.koonings.com\\\/fr\\\/#website\",\"url\":\"https:\\\/\\\/www.koonings.com\\\/fr\\\/\",\"name\":\"Koonings\",\"description\":\"De grootste bruidsmodewinkel ter wereld\",\"publisher\":{\"@id\":\"https:\\\/\\\/www.koonings.com\\\/fr\\\/#organization\"},\"potentialAction\":[{\"@type\":\"SearchAction\",\"target\":{\"@type\":\"EntryPoint\",\"urlTemplate\":\"https:\\\/\\\/www.koonings.com\\\/fr\\\/?s={search_term_string}\"},\"query-input\":{\"@type\":\"PropertyValueSpecification\",\"valueRequired\":true,\"valueName\":\"search_term_string\"}}],\"inLanguage\":\"fr-FR\"},{\"@type\":\"Organization\",\"@id\":\"https:\\\/\\\/www.koonings.com\\\/fr\\\/#organization\",\"name\":\"Koonings\",\"url\":\"https:\\\/\\\/www.koonings.com\\\/fr\\\/\",\"logo\":{\"@type\":\"ImageObject\",\"inLanguage\":\"fr-FR\",\"@id\":\"https:\\\/\\\/www.koonings.com\\\/fr\\\/#\\\/schema\\\/logo\\\/image\\\/\",\"url\":\"https:\\\/\\\/www.koonings.com\\\/wp-content\\\/uploads\\\/2024\\\/07\\\/logo.png\",\"contentUrl\":\"https:\\\/\\\/www.koonings.com\\\/wp-content\\\/uploads\\\/2024\\\/07\\\/logo.png\",\"width\":600,\"height\":428,\"caption\":\"Koonings\"},\"image\":{\"@id\":\"https:\\\/\\\/www.koonings.com\\\/fr\\\/#\\\/schema\\\/logo\\\/image\\\/\"},\"sameAs\":[\"https:\\\/\\\/www.facebook.com\\\/kooningstheweddingpalace\",\"https:\\\/\\\/www.instagram.com\\\/kooningstheweddingpalace\",\"https:\\\/\\\/www.pinterest.com\\\/koonings\",\"https:\\\/\\\/www.youtube.com\\\/kooningstheweddingpalace\"]}]}<\/script>\n<!-- \/ Yoast SEO plugin. -->","yoast_head_json":{"title":"Imm\u00e9diatement 369-24105A-75 | Koonings","description":"Cet \u00e9l\u00e9gant costume de mariage imm\u00e9diat, issu de la collection Koonings The Wedding Palace, se d\u00e9cline dans une \u00e9l\u00e9gante teinte vert bouteille et est confectionn\u00e9 dans un tissu lisse et souple. Moins, c'est plus ! Le gilet et la veste pr\u00e9sentent tous deux une r\u00e9verb\u00e9ration classique, cr\u00e9ant ainsi un look sophistiqu\u00e9. Compl\u00e9tez le look avec une cravate de couleur olive-sable - l'accord parfait avec n'importe quel style de robe de mari\u00e9e !","robots":{"index":"index","follow":"follow","max-snippet":"max-snippet:-1","max-image-preview":"max-image-preview:large","max-video-preview":"max-video-preview:-1"},"canonical":"https:\/\/www.koonings.com\/fr\/product\/immediate-369-24105a-75\/","og_locale":"fr_FR","og_type":"article","og_title":"Imm\u00e9diatement 369-24105A-75 | Koonings","og_description":"Cet \u00e9l\u00e9gant costume de mariage imm\u00e9diat, issu de la collection Koonings The Wedding Palace, se d\u00e9cline dans une \u00e9l\u00e9gante teinte vert bouteille et est confectionn\u00e9 dans un tissu lisse et souple. Moins, c'est plus ! Le gilet et la veste pr\u00e9sentent tous deux une r\u00e9verb\u00e9ration classique, cr\u00e9ant ainsi un look sophistiqu\u00e9. Compl\u00e9tez le look avec une cravate de couleur olive-sable - l'accord parfait avec n'importe quel style de robe de mari\u00e9e !","og_url":"https:\/\/www.koonings.com\/fr\/product\/immediate-369-24105a-75\/","og_site_name":"Koonings","article_publisher":"https:\/\/www.facebook.com\/kooningstheweddingpalace","og_image":[{"width":1811,"height":2560,"url":"https:\/\/www.koonings.com\/wp-content\/uploads\/2025\/02\/49267_c81e070197719e4910368773a5ead66633c9bd6706465d091df58289afc2d91db2a5669d-scaled.jpeg","type":"image\/jpeg"}],"twitter_card":"summary_large_image","schema":{"@context":"https:\/\/schema.org","@graph":[{"@type":"WebPage","@id":"https:\/\/www.koonings.com\/fr\/product\/immediate-369-24105a-75\/","url":"https:\/\/www.koonings.com\/fr\/product\/immediate-369-24105a-75\/","name":"Imm\u00e9diatement 369-24105A-75 | Koonings","isPartOf":{"@id":"https:\/\/www.koonings.com\/fr\/#website"},"primaryImageOfPage":{"@id":"https:\/\/www.koonings.com\/fr\/product\/immediate-369-24105a-75\/#primaryimage"},"image":{"@id":"https:\/\/www.koonings.com\/fr\/product\/immediate-369-24105a-75\/#primaryimage"},"thumbnailUrl":"https:\/\/www.koonings.com\/wp-content\/uploads\/2025\/02\/49267_c81e070197719e4910368773a5ead66633c9bd6706465d091df58289afc2d91db2a5669d-scaled.jpeg","datePublished":"2026-04-14T14:30:43+00:00","description":"Cet \u00e9l\u00e9gant costume de mariage imm\u00e9diat, issu de la collection Koonings The Wedding Palace, se d\u00e9cline dans une \u00e9l\u00e9gante teinte vert bouteille et est confectionn\u00e9 dans un tissu lisse et souple. Moins, c'est plus ! Le gilet et la veste pr\u00e9sentent tous deux une r\u00e9verb\u00e9ration classique, cr\u00e9ant ainsi un look sophistiqu\u00e9. Compl\u00e9tez le look avec une cravate de couleur olive-sable - l'accord parfait avec n'importe quel style de robe de mari\u00e9e !","breadcrumb":{"@id":"https:\/\/www.koonings.com\/fr\/product\/immediate-369-24105a-75\/#breadcrumb"},"inLanguage":"fr-FR","potentialAction":[{"@type":"ReadAction","target":["https:\/\/www.koonings.com\/fr\/product\/immediate-369-24105a-75\/"]}]},{"@type":"ImageObject","inLanguage":"fr-FR","@id":"https:\/\/www.koonings.com\/fr\/product\/immediate-369-24105a-75\/#primaryimage","url":"https:\/\/www.koonings.com\/wp-content\/uploads\/2025\/02\/49267_c81e070197719e4910368773a5ead66633c9bd6706465d091df58289afc2d91db2a5669d-scaled.jpeg","contentUrl":"https:\/\/www.koonings.com\/wp-content\/uploads\/2025\/02\/49267_c81e070197719e4910368773a5ead66633c9bd6706465d091df58289afc2d91db2a5669d-scaled.jpeg","width":1811,"height":2560},{"@type":"BreadcrumbList","@id":"https:\/\/www.koonings.com\/fr\/product\/immediate-369-24105a-75\/#breadcrumb","itemListElement":[{"@type":"ListItem","position":1,"name":"Home","item":"https:\/\/www.koonings.com\/fr\/"},{"@type":"ListItem","position":2,"name":"Imm\u00e9diatement 369-24105A-75"}]},{"@type":"WebSite","@id":"https:\/\/www.koonings.com\/fr\/#website","url":"https:\/\/www.koonings.com\/fr\/","name":"Koonings","description":"De grootste bruidsmodewinkel ter wereld","publisher":{"@id":"https:\/\/www.koonings.com\/fr\/#organization"},"potentialAction":[{"@type":"SearchAction","target":{"@type":"EntryPoint","urlTemplate":"https:\/\/www.koonings.com\/fr\/?s={search_term_string}"},"query-input":{"@type":"PropertyValueSpecification","valueRequired":true,"valueName":"search_term_string"}}],"inLanguage":"fr-FR"},{"@type":"Organization","@id":"https:\/\/www.koonings.com\/fr\/#organization","name":"Koonings","url":"https:\/\/www.koonings.com\/fr\/","logo":{"@type":"ImageObject","inLanguage":"fr-FR","@id":"https:\/\/www.koonings.com\/fr\/#\/schema\/logo\/image\/","url":"https:\/\/www.koonings.com\/wp-content\/uploads\/2024\/07\/logo.png","contentUrl":"https:\/\/www.koonings.com\/wp-content\/uploads\/2024\/07\/logo.png","width":600,"height":428,"caption":"Koonings"},"image":{"@id":"https:\/\/www.koonings.com\/fr\/#\/schema\/logo\/image\/"},"sameAs":["https:\/\/www.facebook.com\/kooningstheweddingpalace","https:\/\/www.instagram.com\/kooningstheweddingpalace","https:\/\/www.pinterest.com\/koonings","https:\/\/www.youtube.com\/kooningstheweddingpalace"]}]}},"_links":{"self":[{"href":"https:\/\/www.koonings.com\/fr\/wp-json\/wp\/v2\/product\/84960","targetHints":{"allow":["GET"]}}],"collection":[{"href":"https:\/\/www.koonings.com\/fr\/wp-json\/wp\/v2\/product"}],"about":[{"href":"https:\/\/www.koonings.com\/fr\/wp-json\/wp\/v2\/types\/product"}],"wp:featuredmedia":[{"embeddable":true,"href":"https:\/\/www.koonings.com\/fr\/wp-json\/wp\/v2\/media\/81084"}],"wp:attachment":[{"href":"https:\/\/www.koonings.com\/fr\/wp-json\/wp\/v2\/media?parent=84960"}],"wp:term":[{"taxonomy":"productdetails","embeddable":true,"href":"https:\/\/www.koonings.com\/fr\/wp-json\/wp\/v2\/productdetails?post=84960"},{"taxonomy":"productneck","embeddable":true,"href":"https:\/\/www.koonings.com\/fr\/wp-json\/wp\/v2\/productneck?post=84960"},{"taxonomy":"productcolor","embeddable":true,"href":"https:\/\/www.koonings.com\/fr\/wp-json\/wp\/v2\/productcolor?post=84960"},{"taxonomy":"maat","embeddable":true,"href":"https:\/\/www.koonings.com\/fr\/wp-json\/wp\/v2\/maat?post=84960"},{"taxonomy":"productsupplier","embeddable":true,"href":"https:\/\/www.koonings.com\/fr\/wp-json\/wp\/v2\/productsupplier?post=84960"},{"taxonomy":"productsleeve","embeddable":true,"href":"https:\/\/www.koonings.com\/fr\/wp-json\/wp\/v2\/productsleeve?post=84960"},{"taxonomy":"productcategory","embeddable":true,"href":"https:\/\/www.koonings.com\/fr\/wp-json\/wp\/v2\/productcategory?post=84960"},{"taxonomy":"productsilhouette","embeddable":true,"href":"https:\/\/www.koonings.com\/fr\/wp-json\/wp\/v2\/productsilhouette?post=84960"},{"taxonomy":"productstyle","embeddable":true,"href":"https:\/\/www.koonings.com\/fr\/wp-json\/wp\/v2\/productstyle?post=84960"}],"curies":[{"name":"wp","href":"https:\/\/api.w.org\/{rel}","templated":true}]}}