{"id":84958,"date":"2026-04-21T18:31:00","date_gmt":"2026-04-21T16:31:00","guid":{"rendered":"https:\/\/www.koonings.com\/product\/immediate-367-25124a-602-florence\/"},"modified":"2026-02-16T15:05:53","modified_gmt":"2026-02-16T14:05:53","slug":"immediate-367-25124a-602-florence","status":"publish","type":"product","link":"https:\/\/www.koonings.com\/fr\/product\/immediate-367-25124a-602-florence\/","title":{"rendered":"Imm\u00e9diate 367 25124A-602 Florence"},"content":{"rendered":"<p>COLOREZ VOTRE MARIAGE :<br \/>\nR\u00eaver ensemble, briller ensemble &#8211; en parfaite harmonie le plus beau jour de votre vie. Le mari\u00e9 brille dans un \u00e9l\u00e9gant costume de mariage en &#8220;orange tendre&#8221;, avec un \u00e9l\u00e9gant gilet \u00e9cossais et des accessoires parfaitement assortis. <\/p>\n<p>Entrez dans le monde d&#8217;Immediate, o\u00f9 un costume de mariage n&#8217;est pas seulement port\u00e9, mais v\u00e9ritablement v\u00e9cu. Immediate comprend que les v\u00eatements pour hommes sont plus qu&#8217;un simple costume &#8211; c&#8217;est une exp\u00e9rience, un sentiment, une d\u00e9claration. La collection exclusive Immediate, disponible chez Koonings The Wedding Palace, offre une large palette de couleurs surprenantes. De l&#8217;\u00e9l\u00e9gance subtile \u00e0 la tendance et \u00e0 l&#8217;audace. La coupe italienne raffin\u00e9e, associ\u00e9e \u00e0 des tissus luxueux et souples, garantit un mariage parfait. D\u00e9couvrez votre look de mariage ultime chez Koonings The Wedding Palace et faites l&#8217;exp\u00e9rience de la magie d&#8217;Immediate.     <\/p>\n","protected":false},"featured_media":80981,"template":"","meta":{"_acf_changed":false,"ghostkit_customizer_options":"","ghostkit_custom_css":"","ghostkit_custom_js_head":"","ghostkit_custom_js_foot":"","ghostkit_typography":""},"productdetails":[],"productneck":[],"productcolor":[394,501],"maat":[],"productsupplier":[452],"productsleeve":[],"productcategory":[227],"productsilhouette":[],"productstyle":[],"class_list":["post-84958","product","type-product","status-publish","has-post-thumbnail","hentry","productcolor-394","productcolor-501","productsupplier-immediate","productcategory-kostuum"],"acf":[],"yoast_head":"<!-- This site is optimized with the Yoast SEO plugin v27.3 - https:\/\/yoast.com\/product\/yoast-seo-wordpress\/ -->\n<title>Imm\u00e9diate 367 25124A-602 Florence | Koonings<\/title>\n<meta name=\"description\" content=\"COLOREZ VOTRE MARIAGE : R\u00eaver ensemble, briller ensemble - en parfaite harmonie le plus beau jour de votre vie. Le mari\u00e9 brille dans un \u00e9l\u00e9gant costume de mariage en &quot;orange tendre&quot;, avec un \u00e9l\u00e9gant gilet \u00e9cossais et des accessoires parfaitement assortis. Entrez dans le monde d&#039;Immediate, o\u00f9 un costume de mariage n&#039;est pas seulement port\u00e9, mais v\u00e9ritablement v\u00e9cu. Immediate comprend que les v\u00eatements pour hommes sont plus qu&#039;un simple costume - c&#039;est une exp\u00e9rience, un sentiment, une d\u00e9claration. La collection exclusive Immediate, disponible chez Koonings The Wedding Palace, offre une large palette de couleurs surprenantes. De l&#039;\u00e9l\u00e9gance subtile \u00e0 la tendance et \u00e0 l&#039;audace. La coupe italienne raffin\u00e9e, associ\u00e9e \u00e0 des tissus luxueux et souples, garantit un mariage parfait. D\u00e9couvrez votre look de mariage ultime chez Koonings The Wedding Palace et faites l&#039;exp\u00e9rience de la magie d&#039;Immediate.\" \/>\n<meta name=\"robots\" content=\"index, follow, max-snippet:-1, max-image-preview:large, max-video-preview:-1\" \/>\n<link rel=\"canonical\" href=\"https:\/\/www.koonings.com\/fr\/product\/immediate-367-25124a-602-florence\/\" \/>\n<meta property=\"og:locale\" content=\"fr_FR\" \/>\n<meta property=\"og:type\" content=\"article\" \/>\n<meta property=\"og:title\" content=\"Imm\u00e9diate 367 25124A-602 Florence | Koonings\" \/>\n<meta property=\"og:description\" content=\"COLOREZ VOTRE MARIAGE : R\u00eaver ensemble, briller ensemble - en parfaite harmonie le plus beau jour de votre vie. Le mari\u00e9 brille dans un \u00e9l\u00e9gant costume de mariage en &quot;orange tendre&quot;, avec un \u00e9l\u00e9gant gilet \u00e9cossais et des accessoires parfaitement assortis. Entrez dans le monde d&#039;Immediate, o\u00f9 un costume de mariage n&#039;est pas seulement port\u00e9, mais v\u00e9ritablement v\u00e9cu. Immediate comprend que les v\u00eatements pour hommes sont plus qu&#039;un simple costume - c&#039;est une exp\u00e9rience, un sentiment, une d\u00e9claration. La collection exclusive Immediate, disponible chez Koonings The Wedding Palace, offre une large palette de couleurs surprenantes. De l&#039;\u00e9l\u00e9gance subtile \u00e0 la tendance et \u00e0 l&#039;audace. La coupe italienne raffin\u00e9e, associ\u00e9e \u00e0 des tissus luxueux et souples, garantit un mariage parfait. D\u00e9couvrez votre look de mariage ultime chez Koonings The Wedding Palace et faites l&#039;exp\u00e9rience de la magie d&#039;Immediate.\" \/>\n<meta property=\"og:url\" content=\"https:\/\/www.koonings.com\/fr\/product\/immediate-367-25124a-602-florence\/\" \/>\n<meta property=\"og:site_name\" content=\"Koonings\" \/>\n<meta property=\"article:publisher\" content=\"https:\/\/www.facebook.com\/kooningstheweddingpalace\" \/>\n<meta property=\"og:image\" content=\"https:\/\/www.koonings.com\/wp-content\/uploads\/2025\/02\/49530_73ecec51ea352700d6c5d0af15621ec57184ffa6940d50e65bc6f5fcb5b01832ff447f1d-scaled.jpeg\" \/>\n\t<meta property=\"og:image:width\" content=\"1920\" \/>\n\t<meta property=\"og:image:height\" content=\"2560\" \/>\n\t<meta property=\"og:image:type\" content=\"image\/jpeg\" \/>\n<meta name=\"twitter:card\" content=\"summary_large_image\" \/>\n<meta name=\"twitter:label1\" content=\"Dur\u00e9e de lecture estim\u00e9e\" \/>\n\t<meta name=\"twitter:data1\" content=\"1 minute\" \/>\n<script type=\"application\/ld+json\" class=\"yoast-schema-graph\">{\"@context\":\"https:\\\/\\\/schema.org\",\"@graph\":[{\"@type\":\"WebPage\",\"@id\":\"https:\\\/\\\/www.koonings.com\\\/fr\\\/product\\\/immediate-367-25124a-602-florence\\\/\",\"url\":\"https:\\\/\\\/www.koonings.com\\\/fr\\\/product\\\/immediate-367-25124a-602-florence\\\/\",\"name\":\"Imm\u00e9diate 367 25124A-602 Florence | Koonings\",\"isPartOf\":{\"@id\":\"https:\\\/\\\/www.koonings.com\\\/fr\\\/#website\"},\"primaryImageOfPage\":{\"@id\":\"https:\\\/\\\/www.koonings.com\\\/fr\\\/product\\\/immediate-367-25124a-602-florence\\\/#primaryimage\"},\"image\":{\"@id\":\"https:\\\/\\\/www.koonings.com\\\/fr\\\/product\\\/immediate-367-25124a-602-florence\\\/#primaryimage\"},\"thumbnailUrl\":\"https:\\\/\\\/www.koonings.com\\\/wp-content\\\/uploads\\\/2025\\\/02\\\/49530_73ecec51ea352700d6c5d0af15621ec57184ffa6940d50e65bc6f5fcb5b01832ff447f1d-scaled.jpeg\",\"datePublished\":\"2026-04-21T16:31:00+00:00\",\"description\":\"COLOREZ VOTRE MARIAGE : R\u00eaver ensemble, briller ensemble - en parfaite harmonie le plus beau jour de votre vie. Le mari\u00e9 brille dans un \u00e9l\u00e9gant costume de mariage en \\\"orange tendre\\\", avec un \u00e9l\u00e9gant gilet \u00e9cossais et des accessoires parfaitement assortis. Entrez dans le monde d'Immediate, o\u00f9 un costume de mariage n'est pas seulement port\u00e9, mais v\u00e9ritablement v\u00e9cu. Immediate comprend que les v\u00eatements pour hommes sont plus qu'un simple costume - c'est une exp\u00e9rience, un sentiment, une d\u00e9claration. La collection exclusive Immediate, disponible chez Koonings The Wedding Palace, offre une large palette de couleurs surprenantes. De l'\u00e9l\u00e9gance subtile \u00e0 la tendance et \u00e0 l'audace. La coupe italienne raffin\u00e9e, associ\u00e9e \u00e0 des tissus luxueux et souples, garantit un mariage parfait. D\u00e9couvrez votre look de mariage ultime chez Koonings The Wedding Palace et faites l'exp\u00e9rience de la magie d'Immediate.\",\"breadcrumb\":{\"@id\":\"https:\\\/\\\/www.koonings.com\\\/fr\\\/product\\\/immediate-367-25124a-602-florence\\\/#breadcrumb\"},\"inLanguage\":\"fr-FR\",\"potentialAction\":[{\"@type\":\"ReadAction\",\"target\":[\"https:\\\/\\\/www.koonings.com\\\/fr\\\/product\\\/immediate-367-25124a-602-florence\\\/\"]}]},{\"@type\":\"ImageObject\",\"inLanguage\":\"fr-FR\",\"@id\":\"https:\\\/\\\/www.koonings.com\\\/fr\\\/product\\\/immediate-367-25124a-602-florence\\\/#primaryimage\",\"url\":\"https:\\\/\\\/www.koonings.com\\\/wp-content\\\/uploads\\\/2025\\\/02\\\/49530_73ecec51ea352700d6c5d0af15621ec57184ffa6940d50e65bc6f5fcb5b01832ff447f1d-scaled.jpeg\",\"contentUrl\":\"https:\\\/\\\/www.koonings.com\\\/wp-content\\\/uploads\\\/2025\\\/02\\\/49530_73ecec51ea352700d6c5d0af15621ec57184ffa6940d50e65bc6f5fcb5b01832ff447f1d-scaled.jpeg\",\"width\":1920,\"height\":2560},{\"@type\":\"BreadcrumbList\",\"@id\":\"https:\\\/\\\/www.koonings.com\\\/fr\\\/product\\\/immediate-367-25124a-602-florence\\\/#breadcrumb\",\"itemListElement\":[{\"@type\":\"ListItem\",\"position\":1,\"name\":\"Home\",\"item\":\"https:\\\/\\\/www.koonings.com\\\/fr\\\/\"},{\"@type\":\"ListItem\",\"position\":2,\"name\":\"Imm\u00e9diate 367 25124A-602 Florence\"}]},{\"@type\":\"WebSite\",\"@id\":\"https:\\\/\\\/www.koonings.com\\\/fr\\\/#website\",\"url\":\"https:\\\/\\\/www.koonings.com\\\/fr\\\/\",\"name\":\"Koonings\",\"description\":\"De grootste bruidsmodewinkel ter wereld\",\"publisher\":{\"@id\":\"https:\\\/\\\/www.koonings.com\\\/fr\\\/#organization\"},\"potentialAction\":[{\"@type\":\"SearchAction\",\"target\":{\"@type\":\"EntryPoint\",\"urlTemplate\":\"https:\\\/\\\/www.koonings.com\\\/fr\\\/?s={search_term_string}\"},\"query-input\":{\"@type\":\"PropertyValueSpecification\",\"valueRequired\":true,\"valueName\":\"search_term_string\"}}],\"inLanguage\":\"fr-FR\"},{\"@type\":\"Organization\",\"@id\":\"https:\\\/\\\/www.koonings.com\\\/fr\\\/#organization\",\"name\":\"Koonings\",\"url\":\"https:\\\/\\\/www.koonings.com\\\/fr\\\/\",\"logo\":{\"@type\":\"ImageObject\",\"inLanguage\":\"fr-FR\",\"@id\":\"https:\\\/\\\/www.koonings.com\\\/fr\\\/#\\\/schema\\\/logo\\\/image\\\/\",\"url\":\"https:\\\/\\\/www.koonings.com\\\/wp-content\\\/uploads\\\/2024\\\/07\\\/logo.png\",\"contentUrl\":\"https:\\\/\\\/www.koonings.com\\\/wp-content\\\/uploads\\\/2024\\\/07\\\/logo.png\",\"width\":600,\"height\":428,\"caption\":\"Koonings\"},\"image\":{\"@id\":\"https:\\\/\\\/www.koonings.com\\\/fr\\\/#\\\/schema\\\/logo\\\/image\\\/\"},\"sameAs\":[\"https:\\\/\\\/www.facebook.com\\\/kooningstheweddingpalace\",\"https:\\\/\\\/www.instagram.com\\\/kooningstheweddingpalace\",\"https:\\\/\\\/www.pinterest.com\\\/koonings\",\"https:\\\/\\\/www.youtube.com\\\/kooningstheweddingpalace\"]}]}<\/script>\n<!-- \/ Yoast SEO plugin. -->","yoast_head_json":{"title":"Imm\u00e9diate 367 25124A-602 Florence | Koonings","description":"COLOREZ VOTRE MARIAGE : R\u00eaver ensemble, briller ensemble - en parfaite harmonie le plus beau jour de votre vie. Le mari\u00e9 brille dans un \u00e9l\u00e9gant costume de mariage en \"orange tendre\", avec un \u00e9l\u00e9gant gilet \u00e9cossais et des accessoires parfaitement assortis. Entrez dans le monde d'Immediate, o\u00f9 un costume de mariage n'est pas seulement port\u00e9, mais v\u00e9ritablement v\u00e9cu. Immediate comprend que les v\u00eatements pour hommes sont plus qu'un simple costume - c'est une exp\u00e9rience, un sentiment, une d\u00e9claration. La collection exclusive Immediate, disponible chez Koonings The Wedding Palace, offre une large palette de couleurs surprenantes. De l'\u00e9l\u00e9gance subtile \u00e0 la tendance et \u00e0 l'audace. La coupe italienne raffin\u00e9e, associ\u00e9e \u00e0 des tissus luxueux et souples, garantit un mariage parfait. D\u00e9couvrez votre look de mariage ultime chez Koonings The Wedding Palace et faites l'exp\u00e9rience de la magie d'Immediate.","robots":{"index":"index","follow":"follow","max-snippet":"max-snippet:-1","max-image-preview":"max-image-preview:large","max-video-preview":"max-video-preview:-1"},"canonical":"https:\/\/www.koonings.com\/fr\/product\/immediate-367-25124a-602-florence\/","og_locale":"fr_FR","og_type":"article","og_title":"Imm\u00e9diate 367 25124A-602 Florence | Koonings","og_description":"COLOREZ VOTRE MARIAGE : R\u00eaver ensemble, briller ensemble - en parfaite harmonie le plus beau jour de votre vie. Le mari\u00e9 brille dans un \u00e9l\u00e9gant costume de mariage en \"orange tendre\", avec un \u00e9l\u00e9gant gilet \u00e9cossais et des accessoires parfaitement assortis. Entrez dans le monde d'Immediate, o\u00f9 un costume de mariage n'est pas seulement port\u00e9, mais v\u00e9ritablement v\u00e9cu. Immediate comprend que les v\u00eatements pour hommes sont plus qu'un simple costume - c'est une exp\u00e9rience, un sentiment, une d\u00e9claration. La collection exclusive Immediate, disponible chez Koonings The Wedding Palace, offre une large palette de couleurs surprenantes. De l'\u00e9l\u00e9gance subtile \u00e0 la tendance et \u00e0 l'audace. La coupe italienne raffin\u00e9e, associ\u00e9e \u00e0 des tissus luxueux et souples, garantit un mariage parfait. D\u00e9couvrez votre look de mariage ultime chez Koonings The Wedding Palace et faites l'exp\u00e9rience de la magie d'Immediate.","og_url":"https:\/\/www.koonings.com\/fr\/product\/immediate-367-25124a-602-florence\/","og_site_name":"Koonings","article_publisher":"https:\/\/www.facebook.com\/kooningstheweddingpalace","og_image":[{"width":1920,"height":2560,"url":"https:\/\/www.koonings.com\/wp-content\/uploads\/2025\/02\/49530_73ecec51ea352700d6c5d0af15621ec57184ffa6940d50e65bc6f5fcb5b01832ff447f1d-scaled.jpeg","type":"image\/jpeg"}],"twitter_card":"summary_large_image","twitter_misc":{"Dur\u00e9e de lecture estim\u00e9e":"1 minute"},"schema":{"@context":"https:\/\/schema.org","@graph":[{"@type":"WebPage","@id":"https:\/\/www.koonings.com\/fr\/product\/immediate-367-25124a-602-florence\/","url":"https:\/\/www.koonings.com\/fr\/product\/immediate-367-25124a-602-florence\/","name":"Imm\u00e9diate 367 25124A-602 Florence | Koonings","isPartOf":{"@id":"https:\/\/www.koonings.com\/fr\/#website"},"primaryImageOfPage":{"@id":"https:\/\/www.koonings.com\/fr\/product\/immediate-367-25124a-602-florence\/#primaryimage"},"image":{"@id":"https:\/\/www.koonings.com\/fr\/product\/immediate-367-25124a-602-florence\/#primaryimage"},"thumbnailUrl":"https:\/\/www.koonings.com\/wp-content\/uploads\/2025\/02\/49530_73ecec51ea352700d6c5d0af15621ec57184ffa6940d50e65bc6f5fcb5b01832ff447f1d-scaled.jpeg","datePublished":"2026-04-21T16:31:00+00:00","description":"COLOREZ VOTRE MARIAGE : R\u00eaver ensemble, briller ensemble - en parfaite harmonie le plus beau jour de votre vie. Le mari\u00e9 brille dans un \u00e9l\u00e9gant costume de mariage en \"orange tendre\", avec un \u00e9l\u00e9gant gilet \u00e9cossais et des accessoires parfaitement assortis. Entrez dans le monde d'Immediate, o\u00f9 un costume de mariage n'est pas seulement port\u00e9, mais v\u00e9ritablement v\u00e9cu. Immediate comprend que les v\u00eatements pour hommes sont plus qu'un simple costume - c'est une exp\u00e9rience, un sentiment, une d\u00e9claration. La collection exclusive Immediate, disponible chez Koonings The Wedding Palace, offre une large palette de couleurs surprenantes. De l'\u00e9l\u00e9gance subtile \u00e0 la tendance et \u00e0 l'audace. La coupe italienne raffin\u00e9e, associ\u00e9e \u00e0 des tissus luxueux et souples, garantit un mariage parfait. D\u00e9couvrez votre look de mariage ultime chez Koonings The Wedding Palace et faites l'exp\u00e9rience de la magie d'Immediate.","breadcrumb":{"@id":"https:\/\/www.koonings.com\/fr\/product\/immediate-367-25124a-602-florence\/#breadcrumb"},"inLanguage":"fr-FR","potentialAction":[{"@type":"ReadAction","target":["https:\/\/www.koonings.com\/fr\/product\/immediate-367-25124a-602-florence\/"]}]},{"@type":"ImageObject","inLanguage":"fr-FR","@id":"https:\/\/www.koonings.com\/fr\/product\/immediate-367-25124a-602-florence\/#primaryimage","url":"https:\/\/www.koonings.com\/wp-content\/uploads\/2025\/02\/49530_73ecec51ea352700d6c5d0af15621ec57184ffa6940d50e65bc6f5fcb5b01832ff447f1d-scaled.jpeg","contentUrl":"https:\/\/www.koonings.com\/wp-content\/uploads\/2025\/02\/49530_73ecec51ea352700d6c5d0af15621ec57184ffa6940d50e65bc6f5fcb5b01832ff447f1d-scaled.jpeg","width":1920,"height":2560},{"@type":"BreadcrumbList","@id":"https:\/\/www.koonings.com\/fr\/product\/immediate-367-25124a-602-florence\/#breadcrumb","itemListElement":[{"@type":"ListItem","position":1,"name":"Home","item":"https:\/\/www.koonings.com\/fr\/"},{"@type":"ListItem","position":2,"name":"Imm\u00e9diate 367 25124A-602 Florence"}]},{"@type":"WebSite","@id":"https:\/\/www.koonings.com\/fr\/#website","url":"https:\/\/www.koonings.com\/fr\/","name":"Koonings","description":"De grootste bruidsmodewinkel ter wereld","publisher":{"@id":"https:\/\/www.koonings.com\/fr\/#organization"},"potentialAction":[{"@type":"SearchAction","target":{"@type":"EntryPoint","urlTemplate":"https:\/\/www.koonings.com\/fr\/?s={search_term_string}"},"query-input":{"@type":"PropertyValueSpecification","valueRequired":true,"valueName":"search_term_string"}}],"inLanguage":"fr-FR"},{"@type":"Organization","@id":"https:\/\/www.koonings.com\/fr\/#organization","name":"Koonings","url":"https:\/\/www.koonings.com\/fr\/","logo":{"@type":"ImageObject","inLanguage":"fr-FR","@id":"https:\/\/www.koonings.com\/fr\/#\/schema\/logo\/image\/","url":"https:\/\/www.koonings.com\/wp-content\/uploads\/2024\/07\/logo.png","contentUrl":"https:\/\/www.koonings.com\/wp-content\/uploads\/2024\/07\/logo.png","width":600,"height":428,"caption":"Koonings"},"image":{"@id":"https:\/\/www.koonings.com\/fr\/#\/schema\/logo\/image\/"},"sameAs":["https:\/\/www.facebook.com\/kooningstheweddingpalace","https:\/\/www.instagram.com\/kooningstheweddingpalace","https:\/\/www.pinterest.com\/koonings","https:\/\/www.youtube.com\/kooningstheweddingpalace"]}]}},"_links":{"self":[{"href":"https:\/\/www.koonings.com\/fr\/wp-json\/wp\/v2\/product\/84958","targetHints":{"allow":["GET"]}}],"collection":[{"href":"https:\/\/www.koonings.com\/fr\/wp-json\/wp\/v2\/product"}],"about":[{"href":"https:\/\/www.koonings.com\/fr\/wp-json\/wp\/v2\/types\/product"}],"wp:featuredmedia":[{"embeddable":true,"href":"https:\/\/www.koonings.com\/fr\/wp-json\/wp\/v2\/media\/80981"}],"wp:attachment":[{"href":"https:\/\/www.koonings.com\/fr\/wp-json\/wp\/v2\/media?parent=84958"}],"wp:term":[{"taxonomy":"productdetails","embeddable":true,"href":"https:\/\/www.koonings.com\/fr\/wp-json\/wp\/v2\/productdetails?post=84958"},{"taxonomy":"productneck","embeddable":true,"href":"https:\/\/www.koonings.com\/fr\/wp-json\/wp\/v2\/productneck?post=84958"},{"taxonomy":"productcolor","embeddable":true,"href":"https:\/\/www.koonings.com\/fr\/wp-json\/wp\/v2\/productcolor?post=84958"},{"taxonomy":"maat","embeddable":true,"href":"https:\/\/www.koonings.com\/fr\/wp-json\/wp\/v2\/maat?post=84958"},{"taxonomy":"productsupplier","embeddable":true,"href":"https:\/\/www.koonings.com\/fr\/wp-json\/wp\/v2\/productsupplier?post=84958"},{"taxonomy":"productsleeve","embeddable":true,"href":"https:\/\/www.koonings.com\/fr\/wp-json\/wp\/v2\/productsleeve?post=84958"},{"taxonomy":"productcategory","embeddable":true,"href":"https:\/\/www.koonings.com\/fr\/wp-json\/wp\/v2\/productcategory?post=84958"},{"taxonomy":"productsilhouette","embeddable":true,"href":"https:\/\/www.koonings.com\/fr\/wp-json\/wp\/v2\/productsilhouette?post=84958"},{"taxonomy":"productstyle","embeddable":true,"href":"https:\/\/www.koonings.com\/fr\/wp-json\/wp\/v2\/productstyle?post=84958"}],"curies":[{"name":"wp","href":"https:\/\/api.w.org\/{rel}","templated":true}]}}