{"id":84951,"date":"2026-03-27T16:09:00","date_gmt":"2026-03-27T15:09:00","guid":{"rendered":"https:\/\/www.koonings.com\/product\/immediate-361-22107a-501\/"},"modified":"2026-02-16T15:06:21","modified_gmt":"2026-02-16T14:06:21","slug":"immediate-361-22107a-501","status":"publish","type":"product","link":"https:\/\/www.koonings.com\/fr\/product\/immediate-361-22107a-501\/","title":{"rendered":"Imm\u00e9diatement 361-22107A-501"},"content":{"rendered":"<p>Ce costume bleu cobalt de la collection Koonings The Wedding Palace attirera tous les regards le jour de votre mariage ! La couleur audacieuse et vibrante fera une entr\u00e9e inoubliable, tandis que le gilet \u00e0 la coupe unique ajoutera un d\u00e9tail sophistiqu\u00e9 et \u00e9l\u00e9gant. Un choix parfait pour le mari\u00e9 moderne qui veut briller !  <\/p>\n","protected":false},"featured_media":81050,"template":"","meta":{"_acf_changed":false,"ghostkit_customizer_options":"","ghostkit_custom_css":"","ghostkit_custom_js_head":"","ghostkit_custom_js_foot":"","ghostkit_typography":""},"productdetails":[],"productneck":[],"productcolor":[450],"maat":[],"productsupplier":[452],"productsleeve":[],"productcategory":[227],"productsilhouette":[],"productstyle":[],"class_list":["post-84951","product","type-product","status-publish","has-post-thumbnail","hentry","productcolor-450","productsupplier-immediate","productcategory-kostuum"],"acf":[],"yoast_head":"<!-- This site is optimized with the Yoast SEO plugin v26.8 - https:\/\/yoast.com\/product\/yoast-seo-wordpress\/ -->\n<title>Imm\u00e9diatement 361-22107A-501 | Koonings<\/title>\n<meta name=\"description\" content=\"Ce costume bleu cobalt de la collection Koonings The Wedding Palace attirera tous les regards le jour de votre mariage ! La couleur audacieuse et vibrante fera une entr\u00e9e inoubliable, tandis que le gilet \u00e0 la coupe unique ajoutera un d\u00e9tail sophistiqu\u00e9 et \u00e9l\u00e9gant. Un choix parfait pour le mari\u00e9 moderne qui veut briller !\" \/>\n<meta name=\"robots\" content=\"index, follow, max-snippet:-1, max-image-preview:large, max-video-preview:-1\" \/>\n<link rel=\"canonical\" href=\"https:\/\/www.koonings.com\/fr\/product\/immediate-361-22107a-501\/\" \/>\n<meta property=\"og:locale\" content=\"fr_FR\" \/>\n<meta property=\"og:type\" content=\"article\" \/>\n<meta property=\"og:title\" content=\"Imm\u00e9diatement 361-22107A-501 | Koonings\" \/>\n<meta property=\"og:description\" content=\"Ce costume bleu cobalt de la collection Koonings The Wedding Palace attirera tous les regards le jour de votre mariage ! La couleur audacieuse et vibrante fera une entr\u00e9e inoubliable, tandis que le gilet \u00e0 la coupe unique ajoutera un d\u00e9tail sophistiqu\u00e9 et \u00e9l\u00e9gant. Un choix parfait pour le mari\u00e9 moderne qui veut briller !\" \/>\n<meta property=\"og:url\" content=\"https:\/\/www.koonings.com\/fr\/product\/immediate-361-22107a-501\/\" \/>\n<meta property=\"og:site_name\" content=\"Koonings\" \/>\n<meta property=\"article:publisher\" content=\"https:\/\/www.facebook.com\/kooningstheweddingpalace\" \/>\n<meta property=\"og:image\" content=\"https:\/\/www.koonings.com\/wp-content\/uploads\/2025\/02\/38312_a80e1efb047ca8a6e3ed5f14d83a87f89f9f5aebd83b6bb20f750b8a654c132e8d17896b-scaled.jpeg\" \/>\n\t<meta property=\"og:image:width\" content=\"1810\" \/>\n\t<meta property=\"og:image:height\" content=\"2560\" \/>\n\t<meta property=\"og:image:type\" content=\"image\/jpeg\" \/>\n<meta name=\"twitter:card\" content=\"summary_large_image\" \/>\n<script type=\"application\/ld+json\" class=\"yoast-schema-graph\">{\"@context\":\"https:\/\/schema.org\",\"@graph\":[{\"@type\":\"WebPage\",\"@id\":\"https:\/\/www.koonings.com\/fr\/product\/immediate-361-22107a-501\/\",\"url\":\"https:\/\/www.koonings.com\/fr\/product\/immediate-361-22107a-501\/\",\"name\":\"Imm\u00e9diatement 361-22107A-501 | Koonings\",\"isPartOf\":{\"@id\":\"https:\/\/www.koonings.com\/fr\/#website\"},\"primaryImageOfPage\":{\"@id\":\"https:\/\/www.koonings.com\/fr\/product\/immediate-361-22107a-501\/#primaryimage\"},\"image\":{\"@id\":\"https:\/\/www.koonings.com\/fr\/product\/immediate-361-22107a-501\/#primaryimage\"},\"thumbnailUrl\":\"https:\/\/www.koonings.com\/wp-content\/uploads\/2025\/02\/38312_a80e1efb047ca8a6e3ed5f14d83a87f89f9f5aebd83b6bb20f750b8a654c132e8d17896b-scaled.jpeg\",\"datePublished\":\"2026-03-27T15:09:00+00:00\",\"description\":\"Ce costume bleu cobalt de la collection Koonings The Wedding Palace attirera tous les regards le jour de votre mariage ! La couleur audacieuse et vibrante fera une entr\u00e9e inoubliable, tandis que le gilet \u00e0 la coupe unique ajoutera un d\u00e9tail sophistiqu\u00e9 et \u00e9l\u00e9gant. Un choix parfait pour le mari\u00e9 moderne qui veut briller !\",\"breadcrumb\":{\"@id\":\"https:\/\/www.koonings.com\/fr\/product\/immediate-361-22107a-501\/#breadcrumb\"},\"inLanguage\":\"fr-FR\",\"potentialAction\":[{\"@type\":\"ReadAction\",\"target\":[\"https:\/\/www.koonings.com\/fr\/product\/immediate-361-22107a-501\/\"]}]},{\"@type\":\"ImageObject\",\"inLanguage\":\"fr-FR\",\"@id\":\"https:\/\/www.koonings.com\/fr\/product\/immediate-361-22107a-501\/#primaryimage\",\"url\":\"https:\/\/www.koonings.com\/wp-content\/uploads\/2025\/02\/38312_a80e1efb047ca8a6e3ed5f14d83a87f89f9f5aebd83b6bb20f750b8a654c132e8d17896b-scaled.jpeg\",\"contentUrl\":\"https:\/\/www.koonings.com\/wp-content\/uploads\/2025\/02\/38312_a80e1efb047ca8a6e3ed5f14d83a87f89f9f5aebd83b6bb20f750b8a654c132e8d17896b-scaled.jpeg\",\"width\":1810,\"height\":2560},{\"@type\":\"BreadcrumbList\",\"@id\":\"https:\/\/www.koonings.com\/fr\/product\/immediate-361-22107a-501\/#breadcrumb\",\"itemListElement\":[{\"@type\":\"ListItem\",\"position\":1,\"name\":\"Home\",\"item\":\"https:\/\/www.koonings.com\/fr\/\"},{\"@type\":\"ListItem\",\"position\":2,\"name\":\"Imm\u00e9diatement 361-22107A-501\"}]},{\"@type\":\"WebSite\",\"@id\":\"https:\/\/www.koonings.com\/fr\/#website\",\"url\":\"https:\/\/www.koonings.com\/fr\/\",\"name\":\"Koonings\",\"description\":\"De grootste bruidsmodewinkel ter wereld\",\"publisher\":{\"@id\":\"https:\/\/www.koonings.com\/fr\/#organization\"},\"potentialAction\":[{\"@type\":\"SearchAction\",\"target\":{\"@type\":\"EntryPoint\",\"urlTemplate\":\"https:\/\/www.koonings.com\/fr\/?s={search_term_string}\"},\"query-input\":{\"@type\":\"PropertyValueSpecification\",\"valueRequired\":true,\"valueName\":\"search_term_string\"}}],\"inLanguage\":\"fr-FR\"},{\"@type\":\"Organization\",\"@id\":\"https:\/\/www.koonings.com\/fr\/#organization\",\"name\":\"Koonings\",\"url\":\"https:\/\/www.koonings.com\/fr\/\",\"logo\":{\"@type\":\"ImageObject\",\"inLanguage\":\"fr-FR\",\"@id\":\"https:\/\/www.koonings.com\/fr\/#\/schema\/logo\/image\/\",\"url\":\"https:\/\/www.koonings.com\/wp-content\/uploads\/2024\/07\/logo.png\",\"contentUrl\":\"https:\/\/www.koonings.com\/wp-content\/uploads\/2024\/07\/logo.png\",\"width\":600,\"height\":428,\"caption\":\"Koonings\"},\"image\":{\"@id\":\"https:\/\/www.koonings.com\/fr\/#\/schema\/logo\/image\/\"},\"sameAs\":[\"https:\/\/www.facebook.com\/kooningstheweddingpalace\",\"https:\/\/www.instagram.com\/kooningstheweddingpalace\",\"https:\/\/www.pinterest.com\/koonings\",\"https:\/\/www.youtube.com\/kooningstheweddingpalace\"]}]}<\/script>\n<!-- \/ Yoast SEO plugin. -->","yoast_head_json":{"title":"Imm\u00e9diatement 361-22107A-501 | Koonings","description":"Ce costume bleu cobalt de la collection Koonings The Wedding Palace attirera tous les regards le jour de votre mariage ! La couleur audacieuse et vibrante fera une entr\u00e9e inoubliable, tandis que le gilet \u00e0 la coupe unique ajoutera un d\u00e9tail sophistiqu\u00e9 et \u00e9l\u00e9gant. Un choix parfait pour le mari\u00e9 moderne qui veut briller !","robots":{"index":"index","follow":"follow","max-snippet":"max-snippet:-1","max-image-preview":"max-image-preview:large","max-video-preview":"max-video-preview:-1"},"canonical":"https:\/\/www.koonings.com\/fr\/product\/immediate-361-22107a-501\/","og_locale":"fr_FR","og_type":"article","og_title":"Imm\u00e9diatement 361-22107A-501 | Koonings","og_description":"Ce costume bleu cobalt de la collection Koonings The Wedding Palace attirera tous les regards le jour de votre mariage ! La couleur audacieuse et vibrante fera une entr\u00e9e inoubliable, tandis que le gilet \u00e0 la coupe unique ajoutera un d\u00e9tail sophistiqu\u00e9 et \u00e9l\u00e9gant. Un choix parfait pour le mari\u00e9 moderne qui veut briller !","og_url":"https:\/\/www.koonings.com\/fr\/product\/immediate-361-22107a-501\/","og_site_name":"Koonings","article_publisher":"https:\/\/www.facebook.com\/kooningstheweddingpalace","og_image":[{"width":1810,"height":2560,"url":"https:\/\/www.koonings.com\/wp-content\/uploads\/2025\/02\/38312_a80e1efb047ca8a6e3ed5f14d83a87f89f9f5aebd83b6bb20f750b8a654c132e8d17896b-scaled.jpeg","type":"image\/jpeg"}],"twitter_card":"summary_large_image","schema":{"@context":"https:\/\/schema.org","@graph":[{"@type":"WebPage","@id":"https:\/\/www.koonings.com\/fr\/product\/immediate-361-22107a-501\/","url":"https:\/\/www.koonings.com\/fr\/product\/immediate-361-22107a-501\/","name":"Imm\u00e9diatement 361-22107A-501 | Koonings","isPartOf":{"@id":"https:\/\/www.koonings.com\/fr\/#website"},"primaryImageOfPage":{"@id":"https:\/\/www.koonings.com\/fr\/product\/immediate-361-22107a-501\/#primaryimage"},"image":{"@id":"https:\/\/www.koonings.com\/fr\/product\/immediate-361-22107a-501\/#primaryimage"},"thumbnailUrl":"https:\/\/www.koonings.com\/wp-content\/uploads\/2025\/02\/38312_a80e1efb047ca8a6e3ed5f14d83a87f89f9f5aebd83b6bb20f750b8a654c132e8d17896b-scaled.jpeg","datePublished":"2026-03-27T15:09:00+00:00","description":"Ce costume bleu cobalt de la collection Koonings The Wedding Palace attirera tous les regards le jour de votre mariage ! La couleur audacieuse et vibrante fera une entr\u00e9e inoubliable, tandis que le gilet \u00e0 la coupe unique ajoutera un d\u00e9tail sophistiqu\u00e9 et \u00e9l\u00e9gant. Un choix parfait pour le mari\u00e9 moderne qui veut briller !","breadcrumb":{"@id":"https:\/\/www.koonings.com\/fr\/product\/immediate-361-22107a-501\/#breadcrumb"},"inLanguage":"fr-FR","potentialAction":[{"@type":"ReadAction","target":["https:\/\/www.koonings.com\/fr\/product\/immediate-361-22107a-501\/"]}]},{"@type":"ImageObject","inLanguage":"fr-FR","@id":"https:\/\/www.koonings.com\/fr\/product\/immediate-361-22107a-501\/#primaryimage","url":"https:\/\/www.koonings.com\/wp-content\/uploads\/2025\/02\/38312_a80e1efb047ca8a6e3ed5f14d83a87f89f9f5aebd83b6bb20f750b8a654c132e8d17896b-scaled.jpeg","contentUrl":"https:\/\/www.koonings.com\/wp-content\/uploads\/2025\/02\/38312_a80e1efb047ca8a6e3ed5f14d83a87f89f9f5aebd83b6bb20f750b8a654c132e8d17896b-scaled.jpeg","width":1810,"height":2560},{"@type":"BreadcrumbList","@id":"https:\/\/www.koonings.com\/fr\/product\/immediate-361-22107a-501\/#breadcrumb","itemListElement":[{"@type":"ListItem","position":1,"name":"Home","item":"https:\/\/www.koonings.com\/fr\/"},{"@type":"ListItem","position":2,"name":"Imm\u00e9diatement 361-22107A-501"}]},{"@type":"WebSite","@id":"https:\/\/www.koonings.com\/fr\/#website","url":"https:\/\/www.koonings.com\/fr\/","name":"Koonings","description":"De grootste bruidsmodewinkel ter wereld","publisher":{"@id":"https:\/\/www.koonings.com\/fr\/#organization"},"potentialAction":[{"@type":"SearchAction","target":{"@type":"EntryPoint","urlTemplate":"https:\/\/www.koonings.com\/fr\/?s={search_term_string}"},"query-input":{"@type":"PropertyValueSpecification","valueRequired":true,"valueName":"search_term_string"}}],"inLanguage":"fr-FR"},{"@type":"Organization","@id":"https:\/\/www.koonings.com\/fr\/#organization","name":"Koonings","url":"https:\/\/www.koonings.com\/fr\/","logo":{"@type":"ImageObject","inLanguage":"fr-FR","@id":"https:\/\/www.koonings.com\/fr\/#\/schema\/logo\/image\/","url":"https:\/\/www.koonings.com\/wp-content\/uploads\/2024\/07\/logo.png","contentUrl":"https:\/\/www.koonings.com\/wp-content\/uploads\/2024\/07\/logo.png","width":600,"height":428,"caption":"Koonings"},"image":{"@id":"https:\/\/www.koonings.com\/fr\/#\/schema\/logo\/image\/"},"sameAs":["https:\/\/www.facebook.com\/kooningstheweddingpalace","https:\/\/www.instagram.com\/kooningstheweddingpalace","https:\/\/www.pinterest.com\/koonings","https:\/\/www.youtube.com\/kooningstheweddingpalace"]}]}},"_links":{"self":[{"href":"https:\/\/www.koonings.com\/fr\/wp-json\/wp\/v2\/product\/84951","targetHints":{"allow":["GET"]}}],"collection":[{"href":"https:\/\/www.koonings.com\/fr\/wp-json\/wp\/v2\/product"}],"about":[{"href":"https:\/\/www.koonings.com\/fr\/wp-json\/wp\/v2\/types\/product"}],"wp:featuredmedia":[{"embeddable":true,"href":"https:\/\/www.koonings.com\/fr\/wp-json\/wp\/v2\/media\/81050"}],"wp:attachment":[{"href":"https:\/\/www.koonings.com\/fr\/wp-json\/wp\/v2\/media?parent=84951"}],"wp:term":[{"taxonomy":"productdetails","embeddable":true,"href":"https:\/\/www.koonings.com\/fr\/wp-json\/wp\/v2\/productdetails?post=84951"},{"taxonomy":"productneck","embeddable":true,"href":"https:\/\/www.koonings.com\/fr\/wp-json\/wp\/v2\/productneck?post=84951"},{"taxonomy":"productcolor","embeddable":true,"href":"https:\/\/www.koonings.com\/fr\/wp-json\/wp\/v2\/productcolor?post=84951"},{"taxonomy":"maat","embeddable":true,"href":"https:\/\/www.koonings.com\/fr\/wp-json\/wp\/v2\/maat?post=84951"},{"taxonomy":"productsupplier","embeddable":true,"href":"https:\/\/www.koonings.com\/fr\/wp-json\/wp\/v2\/productsupplier?post=84951"},{"taxonomy":"productsleeve","embeddable":true,"href":"https:\/\/www.koonings.com\/fr\/wp-json\/wp\/v2\/productsleeve?post=84951"},{"taxonomy":"productcategory","embeddable":true,"href":"https:\/\/www.koonings.com\/fr\/wp-json\/wp\/v2\/productcategory?post=84951"},{"taxonomy":"productsilhouette","embeddable":true,"href":"https:\/\/www.koonings.com\/fr\/wp-json\/wp\/v2\/productsilhouette?post=84951"},{"taxonomy":"productstyle","embeddable":true,"href":"https:\/\/www.koonings.com\/fr\/wp-json\/wp\/v2\/productstyle?post=84951"}],"curies":[{"name":"wp","href":"https:\/\/api.w.org\/{rel}","templated":true}]}}