{"id":84948,"date":"2026-04-14T16:18:11","date_gmt":"2026-04-14T14:18:11","guid":{"rendered":"https:\/\/www.koonings.com\/product\/immediate-361-23110a-66-florence\/"},"modified":"2026-02-16T15:06:24","modified_gmt":"2026-02-16T14:06:24","slug":"immediate-361-23110a-66-florence","status":"publish","type":"product","link":"https:\/\/www.koonings.com\/fr\/product\/immediate-361-23110a-66-florence\/","title":{"rendered":"Imm\u00e9diate 361-23110A-66 Florence"},"content":{"rendered":"<p>Vous \u00eates \u00e0 la recherche d&#8217;un \u00e9l\u00e9gant costume &#8216;rouge corail&#8217; ? D\u00e9couvrez celui d&#8217;Immediate, de la collection Koonings The Wedding Palace ! Avec une coupe moderne et des mat\u00e9riaux de haute qualit\u00e9 tels que la laine, le coton et la soie, ce costume respire le luxe \u00e0 l&#8217;\u00e9tat pur, tout en garantissant un confort optimal. Gr\u00e2ce \u00e0 son tissu l\u00e9ger, ce costume est id\u00e9al pour les mariages de printemps et d&#8217;\u00e9t\u00e9. La veste pr\u00e9sente un design intemporel avec un revers crochet\u00e9, des fentes lat\u00e9rales et une extensibilit\u00e9 subtile pour un ajustement parfait. La fermeture \u00e0 deux boutons ajoute une touche classique. Ce costume polyvalent convient non seulement pour le jour de votre mariage, mais aussi pour d&#8217;autres occasions sp\u00e9ciales. Faites-vous remarquer et rayonnez d&#8217;assurance avec ce superbe costume rouge corail d&#8217;Immediate, disponible exclusivement chez Koonings The Wedding Palace !       <\/p>\n","protected":false},"featured_media":81059,"template":"","meta":{"_acf_changed":false,"ghostkit_customizer_options":"","ghostkit_custom_css":"","ghostkit_custom_js_head":"","ghostkit_custom_js_foot":"","ghostkit_typography":""},"productdetails":[],"productneck":[],"productcolor":[393,501],"maat":[],"productsupplier":[452],"productsleeve":[],"productcategory":[227],"productsilhouette":[],"productstyle":[],"class_list":["post-84948","product","type-product","status-publish","has-post-thumbnail","hentry","productcolor-393","productcolor-501","productsupplier-immediate","productcategory-kostuum"],"acf":[],"yoast_head":"<!-- This site is optimized with the Yoast SEO plugin v27.3 - https:\/\/yoast.com\/product\/yoast-seo-wordpress\/ -->\n<title>Imm\u00e9diate 361-23110A-66 Florence | Koonings<\/title>\n<meta name=\"description\" content=\"Vous \u00eates \u00e0 la recherche d&#039;un \u00e9l\u00e9gant costume &#039;rouge corail&#039; ? D\u00e9couvrez celui d&#039;Immediate, de la collection Koonings The Wedding Palace ! Avec une coupe moderne et des mat\u00e9riaux de haute qualit\u00e9 tels que la laine, le coton et la soie, ce costume respire le luxe \u00e0 l&#039;\u00e9tat pur, tout en garantissant un confort optimal. Gr\u00e2ce \u00e0 son tissu l\u00e9ger, ce costume est id\u00e9al pour les mariages de printemps et d&#039;\u00e9t\u00e9. La veste pr\u00e9sente un design intemporel avec un revers crochet\u00e9, des fentes lat\u00e9rales et une extensibilit\u00e9 subtile pour un ajustement parfait. La fermeture \u00e0 deux boutons ajoute une touche classique. Ce costume polyvalent convient non seulement pour le jour de votre mariage, mais aussi pour d&#039;autres occasions sp\u00e9ciales. Faites-vous remarquer et rayonnez d&#039;assurance avec ce superbe costume rouge corail d&#039;Immediate, disponible exclusivement chez Koonings The Wedding Palace !\" \/>\n<meta name=\"robots\" content=\"index, follow, max-snippet:-1, max-image-preview:large, max-video-preview:-1\" \/>\n<link rel=\"canonical\" href=\"https:\/\/www.koonings.com\/fr\/product\/immediate-361-23110a-66-florence\/\" \/>\n<meta property=\"og:locale\" content=\"fr_FR\" \/>\n<meta property=\"og:type\" content=\"article\" \/>\n<meta property=\"og:title\" content=\"Imm\u00e9diate 361-23110A-66 Florence | Koonings\" \/>\n<meta property=\"og:description\" content=\"Vous \u00eates \u00e0 la recherche d&#039;un \u00e9l\u00e9gant costume &#039;rouge corail&#039; ? D\u00e9couvrez celui d&#039;Immediate, de la collection Koonings The Wedding Palace ! Avec une coupe moderne et des mat\u00e9riaux de haute qualit\u00e9 tels que la laine, le coton et la soie, ce costume respire le luxe \u00e0 l&#039;\u00e9tat pur, tout en garantissant un confort optimal. Gr\u00e2ce \u00e0 son tissu l\u00e9ger, ce costume est id\u00e9al pour les mariages de printemps et d&#039;\u00e9t\u00e9. La veste pr\u00e9sente un design intemporel avec un revers crochet\u00e9, des fentes lat\u00e9rales et une extensibilit\u00e9 subtile pour un ajustement parfait. La fermeture \u00e0 deux boutons ajoute une touche classique. Ce costume polyvalent convient non seulement pour le jour de votre mariage, mais aussi pour d&#039;autres occasions sp\u00e9ciales. Faites-vous remarquer et rayonnez d&#039;assurance avec ce superbe costume rouge corail d&#039;Immediate, disponible exclusivement chez Koonings The Wedding Palace !\" \/>\n<meta property=\"og:url\" content=\"https:\/\/www.koonings.com\/fr\/product\/immediate-361-23110a-66-florence\/\" \/>\n<meta property=\"og:site_name\" content=\"Koonings\" \/>\n<meta property=\"article:publisher\" content=\"https:\/\/www.facebook.com\/kooningstheweddingpalace\" \/>\n<meta property=\"og:image\" content=\"https:\/\/www.koonings.com\/wp-content\/uploads\/2025\/02\/40101_a310f38826f921fe6257632bc6b287699979b16724a9d49561a0b5050ae4e9924afd360a-scaled.jpeg\" \/>\n\t<meta property=\"og:image:width\" content=\"1811\" \/>\n\t<meta property=\"og:image:height\" content=\"2560\" \/>\n\t<meta property=\"og:image:type\" content=\"image\/jpeg\" \/>\n<meta name=\"twitter:card\" content=\"summary_large_image\" \/>\n<meta name=\"twitter:label1\" content=\"Dur\u00e9e de lecture estim\u00e9e\" \/>\n\t<meta name=\"twitter:data1\" content=\"1 minute\" \/>\n<script type=\"application\/ld+json\" class=\"yoast-schema-graph\">{\"@context\":\"https:\\\/\\\/schema.org\",\"@graph\":[{\"@type\":\"WebPage\",\"@id\":\"https:\\\/\\\/www.koonings.com\\\/fr\\\/product\\\/immediate-361-23110a-66-florence\\\/\",\"url\":\"https:\\\/\\\/www.koonings.com\\\/fr\\\/product\\\/immediate-361-23110a-66-florence\\\/\",\"name\":\"Imm\u00e9diate 361-23110A-66 Florence | Koonings\",\"isPartOf\":{\"@id\":\"https:\\\/\\\/www.koonings.com\\\/fr\\\/#website\"},\"primaryImageOfPage\":{\"@id\":\"https:\\\/\\\/www.koonings.com\\\/fr\\\/product\\\/immediate-361-23110a-66-florence\\\/#primaryimage\"},\"image\":{\"@id\":\"https:\\\/\\\/www.koonings.com\\\/fr\\\/product\\\/immediate-361-23110a-66-florence\\\/#primaryimage\"},\"thumbnailUrl\":\"https:\\\/\\\/www.koonings.com\\\/wp-content\\\/uploads\\\/2025\\\/02\\\/40101_a310f38826f921fe6257632bc6b287699979b16724a9d49561a0b5050ae4e9924afd360a-scaled.jpeg\",\"datePublished\":\"2026-04-14T14:18:11+00:00\",\"description\":\"Vous \u00eates \u00e0 la recherche d'un \u00e9l\u00e9gant costume 'rouge corail' ? D\u00e9couvrez celui d'Immediate, de la collection Koonings The Wedding Palace ! Avec une coupe moderne et des mat\u00e9riaux de haute qualit\u00e9 tels que la laine, le coton et la soie, ce costume respire le luxe \u00e0 l'\u00e9tat pur, tout en garantissant un confort optimal. Gr\u00e2ce \u00e0 son tissu l\u00e9ger, ce costume est id\u00e9al pour les mariages de printemps et d'\u00e9t\u00e9. La veste pr\u00e9sente un design intemporel avec un revers crochet\u00e9, des fentes lat\u00e9rales et une extensibilit\u00e9 subtile pour un ajustement parfait. La fermeture \u00e0 deux boutons ajoute une touche classique. Ce costume polyvalent convient non seulement pour le jour de votre mariage, mais aussi pour d'autres occasions sp\u00e9ciales. Faites-vous remarquer et rayonnez d'assurance avec ce superbe costume rouge corail d'Immediate, disponible exclusivement chez Koonings The Wedding Palace !\",\"breadcrumb\":{\"@id\":\"https:\\\/\\\/www.koonings.com\\\/fr\\\/product\\\/immediate-361-23110a-66-florence\\\/#breadcrumb\"},\"inLanguage\":\"fr-FR\",\"potentialAction\":[{\"@type\":\"ReadAction\",\"target\":[\"https:\\\/\\\/www.koonings.com\\\/fr\\\/product\\\/immediate-361-23110a-66-florence\\\/\"]}]},{\"@type\":\"ImageObject\",\"inLanguage\":\"fr-FR\",\"@id\":\"https:\\\/\\\/www.koonings.com\\\/fr\\\/product\\\/immediate-361-23110a-66-florence\\\/#primaryimage\",\"url\":\"https:\\\/\\\/www.koonings.com\\\/wp-content\\\/uploads\\\/2025\\\/02\\\/40101_a310f38826f921fe6257632bc6b287699979b16724a9d49561a0b5050ae4e9924afd360a-scaled.jpeg\",\"contentUrl\":\"https:\\\/\\\/www.koonings.com\\\/wp-content\\\/uploads\\\/2025\\\/02\\\/40101_a310f38826f921fe6257632bc6b287699979b16724a9d49561a0b5050ae4e9924afd360a-scaled.jpeg\",\"width\":1811,\"height\":2560},{\"@type\":\"BreadcrumbList\",\"@id\":\"https:\\\/\\\/www.koonings.com\\\/fr\\\/product\\\/immediate-361-23110a-66-florence\\\/#breadcrumb\",\"itemListElement\":[{\"@type\":\"ListItem\",\"position\":1,\"name\":\"Home\",\"item\":\"https:\\\/\\\/www.koonings.com\\\/fr\\\/\"},{\"@type\":\"ListItem\",\"position\":2,\"name\":\"Imm\u00e9diate 361-23110A-66 Florence\"}]},{\"@type\":\"WebSite\",\"@id\":\"https:\\\/\\\/www.koonings.com\\\/fr\\\/#website\",\"url\":\"https:\\\/\\\/www.koonings.com\\\/fr\\\/\",\"name\":\"Koonings\",\"description\":\"De grootste bruidsmodewinkel ter wereld\",\"publisher\":{\"@id\":\"https:\\\/\\\/www.koonings.com\\\/fr\\\/#organization\"},\"potentialAction\":[{\"@type\":\"SearchAction\",\"target\":{\"@type\":\"EntryPoint\",\"urlTemplate\":\"https:\\\/\\\/www.koonings.com\\\/fr\\\/?s={search_term_string}\"},\"query-input\":{\"@type\":\"PropertyValueSpecification\",\"valueRequired\":true,\"valueName\":\"search_term_string\"}}],\"inLanguage\":\"fr-FR\"},{\"@type\":\"Organization\",\"@id\":\"https:\\\/\\\/www.koonings.com\\\/fr\\\/#organization\",\"name\":\"Koonings\",\"url\":\"https:\\\/\\\/www.koonings.com\\\/fr\\\/\",\"logo\":{\"@type\":\"ImageObject\",\"inLanguage\":\"fr-FR\",\"@id\":\"https:\\\/\\\/www.koonings.com\\\/fr\\\/#\\\/schema\\\/logo\\\/image\\\/\",\"url\":\"https:\\\/\\\/www.koonings.com\\\/wp-content\\\/uploads\\\/2024\\\/07\\\/logo.png\",\"contentUrl\":\"https:\\\/\\\/www.koonings.com\\\/wp-content\\\/uploads\\\/2024\\\/07\\\/logo.png\",\"width\":600,\"height\":428,\"caption\":\"Koonings\"},\"image\":{\"@id\":\"https:\\\/\\\/www.koonings.com\\\/fr\\\/#\\\/schema\\\/logo\\\/image\\\/\"},\"sameAs\":[\"https:\\\/\\\/www.facebook.com\\\/kooningstheweddingpalace\",\"https:\\\/\\\/www.instagram.com\\\/kooningstheweddingpalace\",\"https:\\\/\\\/www.pinterest.com\\\/koonings\",\"https:\\\/\\\/www.youtube.com\\\/kooningstheweddingpalace\"]}]}<\/script>\n<!-- \/ Yoast SEO plugin. -->","yoast_head_json":{"title":"Imm\u00e9diate 361-23110A-66 Florence | Koonings","description":"Vous \u00eates \u00e0 la recherche d'un \u00e9l\u00e9gant costume 'rouge corail' ? D\u00e9couvrez celui d'Immediate, de la collection Koonings The Wedding Palace ! Avec une coupe moderne et des mat\u00e9riaux de haute qualit\u00e9 tels que la laine, le coton et la soie, ce costume respire le luxe \u00e0 l'\u00e9tat pur, tout en garantissant un confort optimal. Gr\u00e2ce \u00e0 son tissu l\u00e9ger, ce costume est id\u00e9al pour les mariages de printemps et d'\u00e9t\u00e9. La veste pr\u00e9sente un design intemporel avec un revers crochet\u00e9, des fentes lat\u00e9rales et une extensibilit\u00e9 subtile pour un ajustement parfait. La fermeture \u00e0 deux boutons ajoute une touche classique. Ce costume polyvalent convient non seulement pour le jour de votre mariage, mais aussi pour d'autres occasions sp\u00e9ciales. Faites-vous remarquer et rayonnez d'assurance avec ce superbe costume rouge corail d'Immediate, disponible exclusivement chez Koonings The Wedding Palace !","robots":{"index":"index","follow":"follow","max-snippet":"max-snippet:-1","max-image-preview":"max-image-preview:large","max-video-preview":"max-video-preview:-1"},"canonical":"https:\/\/www.koonings.com\/fr\/product\/immediate-361-23110a-66-florence\/","og_locale":"fr_FR","og_type":"article","og_title":"Imm\u00e9diate 361-23110A-66 Florence | Koonings","og_description":"Vous \u00eates \u00e0 la recherche d'un \u00e9l\u00e9gant costume 'rouge corail' ? D\u00e9couvrez celui d'Immediate, de la collection Koonings The Wedding Palace ! Avec une coupe moderne et des mat\u00e9riaux de haute qualit\u00e9 tels que la laine, le coton et la soie, ce costume respire le luxe \u00e0 l'\u00e9tat pur, tout en garantissant un confort optimal. Gr\u00e2ce \u00e0 son tissu l\u00e9ger, ce costume est id\u00e9al pour les mariages de printemps et d'\u00e9t\u00e9. La veste pr\u00e9sente un design intemporel avec un revers crochet\u00e9, des fentes lat\u00e9rales et une extensibilit\u00e9 subtile pour un ajustement parfait. La fermeture \u00e0 deux boutons ajoute une touche classique. Ce costume polyvalent convient non seulement pour le jour de votre mariage, mais aussi pour d'autres occasions sp\u00e9ciales. Faites-vous remarquer et rayonnez d'assurance avec ce superbe costume rouge corail d'Immediate, disponible exclusivement chez Koonings The Wedding Palace !","og_url":"https:\/\/www.koonings.com\/fr\/product\/immediate-361-23110a-66-florence\/","og_site_name":"Koonings","article_publisher":"https:\/\/www.facebook.com\/kooningstheweddingpalace","og_image":[{"width":1811,"height":2560,"url":"https:\/\/www.koonings.com\/wp-content\/uploads\/2025\/02\/40101_a310f38826f921fe6257632bc6b287699979b16724a9d49561a0b5050ae4e9924afd360a-scaled.jpeg","type":"image\/jpeg"}],"twitter_card":"summary_large_image","twitter_misc":{"Dur\u00e9e de lecture estim\u00e9e":"1 minute"},"schema":{"@context":"https:\/\/schema.org","@graph":[{"@type":"WebPage","@id":"https:\/\/www.koonings.com\/fr\/product\/immediate-361-23110a-66-florence\/","url":"https:\/\/www.koonings.com\/fr\/product\/immediate-361-23110a-66-florence\/","name":"Imm\u00e9diate 361-23110A-66 Florence | Koonings","isPartOf":{"@id":"https:\/\/www.koonings.com\/fr\/#website"},"primaryImageOfPage":{"@id":"https:\/\/www.koonings.com\/fr\/product\/immediate-361-23110a-66-florence\/#primaryimage"},"image":{"@id":"https:\/\/www.koonings.com\/fr\/product\/immediate-361-23110a-66-florence\/#primaryimage"},"thumbnailUrl":"https:\/\/www.koonings.com\/wp-content\/uploads\/2025\/02\/40101_a310f38826f921fe6257632bc6b287699979b16724a9d49561a0b5050ae4e9924afd360a-scaled.jpeg","datePublished":"2026-04-14T14:18:11+00:00","description":"Vous \u00eates \u00e0 la recherche d'un \u00e9l\u00e9gant costume 'rouge corail' ? D\u00e9couvrez celui d'Immediate, de la collection Koonings The Wedding Palace ! Avec une coupe moderne et des mat\u00e9riaux de haute qualit\u00e9 tels que la laine, le coton et la soie, ce costume respire le luxe \u00e0 l'\u00e9tat pur, tout en garantissant un confort optimal. Gr\u00e2ce \u00e0 son tissu l\u00e9ger, ce costume est id\u00e9al pour les mariages de printemps et d'\u00e9t\u00e9. La veste pr\u00e9sente un design intemporel avec un revers crochet\u00e9, des fentes lat\u00e9rales et une extensibilit\u00e9 subtile pour un ajustement parfait. La fermeture \u00e0 deux boutons ajoute une touche classique. Ce costume polyvalent convient non seulement pour le jour de votre mariage, mais aussi pour d'autres occasions sp\u00e9ciales. Faites-vous remarquer et rayonnez d'assurance avec ce superbe costume rouge corail d'Immediate, disponible exclusivement chez Koonings The Wedding Palace !","breadcrumb":{"@id":"https:\/\/www.koonings.com\/fr\/product\/immediate-361-23110a-66-florence\/#breadcrumb"},"inLanguage":"fr-FR","potentialAction":[{"@type":"ReadAction","target":["https:\/\/www.koonings.com\/fr\/product\/immediate-361-23110a-66-florence\/"]}]},{"@type":"ImageObject","inLanguage":"fr-FR","@id":"https:\/\/www.koonings.com\/fr\/product\/immediate-361-23110a-66-florence\/#primaryimage","url":"https:\/\/www.koonings.com\/wp-content\/uploads\/2025\/02\/40101_a310f38826f921fe6257632bc6b287699979b16724a9d49561a0b5050ae4e9924afd360a-scaled.jpeg","contentUrl":"https:\/\/www.koonings.com\/wp-content\/uploads\/2025\/02\/40101_a310f38826f921fe6257632bc6b287699979b16724a9d49561a0b5050ae4e9924afd360a-scaled.jpeg","width":1811,"height":2560},{"@type":"BreadcrumbList","@id":"https:\/\/www.koonings.com\/fr\/product\/immediate-361-23110a-66-florence\/#breadcrumb","itemListElement":[{"@type":"ListItem","position":1,"name":"Home","item":"https:\/\/www.koonings.com\/fr\/"},{"@type":"ListItem","position":2,"name":"Imm\u00e9diate 361-23110A-66 Florence"}]},{"@type":"WebSite","@id":"https:\/\/www.koonings.com\/fr\/#website","url":"https:\/\/www.koonings.com\/fr\/","name":"Koonings","description":"De grootste bruidsmodewinkel ter wereld","publisher":{"@id":"https:\/\/www.koonings.com\/fr\/#organization"},"potentialAction":[{"@type":"SearchAction","target":{"@type":"EntryPoint","urlTemplate":"https:\/\/www.koonings.com\/fr\/?s={search_term_string}"},"query-input":{"@type":"PropertyValueSpecification","valueRequired":true,"valueName":"search_term_string"}}],"inLanguage":"fr-FR"},{"@type":"Organization","@id":"https:\/\/www.koonings.com\/fr\/#organization","name":"Koonings","url":"https:\/\/www.koonings.com\/fr\/","logo":{"@type":"ImageObject","inLanguage":"fr-FR","@id":"https:\/\/www.koonings.com\/fr\/#\/schema\/logo\/image\/","url":"https:\/\/www.koonings.com\/wp-content\/uploads\/2024\/07\/logo.png","contentUrl":"https:\/\/www.koonings.com\/wp-content\/uploads\/2024\/07\/logo.png","width":600,"height":428,"caption":"Koonings"},"image":{"@id":"https:\/\/www.koonings.com\/fr\/#\/schema\/logo\/image\/"},"sameAs":["https:\/\/www.facebook.com\/kooningstheweddingpalace","https:\/\/www.instagram.com\/kooningstheweddingpalace","https:\/\/www.pinterest.com\/koonings","https:\/\/www.youtube.com\/kooningstheweddingpalace"]}]}},"_links":{"self":[{"href":"https:\/\/www.koonings.com\/fr\/wp-json\/wp\/v2\/product\/84948","targetHints":{"allow":["GET"]}}],"collection":[{"href":"https:\/\/www.koonings.com\/fr\/wp-json\/wp\/v2\/product"}],"about":[{"href":"https:\/\/www.koonings.com\/fr\/wp-json\/wp\/v2\/types\/product"}],"wp:featuredmedia":[{"embeddable":true,"href":"https:\/\/www.koonings.com\/fr\/wp-json\/wp\/v2\/media\/81059"}],"wp:attachment":[{"href":"https:\/\/www.koonings.com\/fr\/wp-json\/wp\/v2\/media?parent=84948"}],"wp:term":[{"taxonomy":"productdetails","embeddable":true,"href":"https:\/\/www.koonings.com\/fr\/wp-json\/wp\/v2\/productdetails?post=84948"},{"taxonomy":"productneck","embeddable":true,"href":"https:\/\/www.koonings.com\/fr\/wp-json\/wp\/v2\/productneck?post=84948"},{"taxonomy":"productcolor","embeddable":true,"href":"https:\/\/www.koonings.com\/fr\/wp-json\/wp\/v2\/productcolor?post=84948"},{"taxonomy":"maat","embeddable":true,"href":"https:\/\/www.koonings.com\/fr\/wp-json\/wp\/v2\/maat?post=84948"},{"taxonomy":"productsupplier","embeddable":true,"href":"https:\/\/www.koonings.com\/fr\/wp-json\/wp\/v2\/productsupplier?post=84948"},{"taxonomy":"productsleeve","embeddable":true,"href":"https:\/\/www.koonings.com\/fr\/wp-json\/wp\/v2\/productsleeve?post=84948"},{"taxonomy":"productcategory","embeddable":true,"href":"https:\/\/www.koonings.com\/fr\/wp-json\/wp\/v2\/productcategory?post=84948"},{"taxonomy":"productsilhouette","embeddable":true,"href":"https:\/\/www.koonings.com\/fr\/wp-json\/wp\/v2\/productsilhouette?post=84948"},{"taxonomy":"productstyle","embeddable":true,"href":"https:\/\/www.koonings.com\/fr\/wp-json\/wp\/v2\/productstyle?post=84948"}],"curies":[{"name":"wp","href":"https:\/\/api.w.org\/{rel}","templated":true}]}}