{"id":84945,"date":"2026-04-14T16:10:41","date_gmt":"2026-04-14T14:10:41","guid":{"rendered":"https:\/\/www.koonings.com\/product\/roberto-vicentti-sarezo-cor16-19-320\/"},"modified":"2026-02-16T15:06:35","modified_gmt":"2026-02-16T14:06:35","slug":"roberto-vicentti-sarezo-cor16-19-320","status":"publish","type":"product","link":"https:\/\/www.koonings.com\/fr\/product\/roberto-vicentti-sarezo-cor16-19-320\/","title":{"rendered":"Roberto Vicentti Sarezo Cor16.19.320"},"content":{"rendered":"<p>Un superbe costume de mariage de la collection exclusive de Roberto Vicentti. \u00c9l\u00e9gant costume de mariage bleu au design micro, confectionn\u00e9 dans un m\u00e9lange raffin\u00e9 de polyester et de laine. La veste \u00e0 cr\u00eate renvers\u00e9e avec un seul bouton offre un contraste \u00e9l\u00e9gant avec le gilet \u00e0 double rang\u00e9e de boutons 4&#215;4, compl\u00e9t\u00e9 par un cravate et un carr\u00e9 de poche assortis.  <\/p>\n","protected":false},"featured_media":81108,"template":"","meta":{"_acf_changed":false,"ghostkit_customizer_options":"","ghostkit_custom_css":"","ghostkit_custom_js_head":"","ghostkit_custom_js_foot":"","ghostkit_typography":""},"productdetails":[],"productneck":[],"productcolor":[450],"maat":[],"productsupplier":[449],"productsleeve":[],"productcategory":[227],"productsilhouette":[],"productstyle":[],"class_list":["post-84945","product","type-product","status-publish","has-post-thumbnail","hentry","productcolor-450","productsupplier-roberto-vicentti","productcategory-kostuum"],"acf":[],"yoast_head":"<!-- This site is optimized with the Yoast SEO plugin v27.3 - https:\/\/yoast.com\/product\/yoast-seo-wordpress\/ -->\n<title>Roberto Vicentti Sarezo Cor16.19.320 | Koonings<\/title>\n<meta name=\"description\" content=\"Un superbe costume de mariage de la collection exclusive de Roberto Vicentti. \u00c9l\u00e9gant costume de mariage bleu au design micro, confectionn\u00e9 dans un m\u00e9lange raffin\u00e9 de polyester et de laine. La veste \u00e0 cr\u00eate renvers\u00e9e avec un seul bouton offre un contraste \u00e9l\u00e9gant avec le gilet \u00e0 double rang\u00e9e de boutons 4x4, compl\u00e9t\u00e9 par un cravate et un carr\u00e9 de poche assortis.\" \/>\n<meta name=\"robots\" content=\"index, follow, max-snippet:-1, max-image-preview:large, max-video-preview:-1\" \/>\n<link rel=\"canonical\" href=\"https:\/\/www.koonings.com\/fr\/product\/roberto-vicentti-sarezo-cor16-19-320\/\" \/>\n<meta property=\"og:locale\" content=\"fr_FR\" \/>\n<meta property=\"og:type\" content=\"article\" \/>\n<meta property=\"og:title\" content=\"Roberto Vicentti Sarezo Cor16.19.320 | Koonings\" \/>\n<meta property=\"og:description\" content=\"Un superbe costume de mariage de la collection exclusive de Roberto Vicentti. \u00c9l\u00e9gant costume de mariage bleu au design micro, confectionn\u00e9 dans un m\u00e9lange raffin\u00e9 de polyester et de laine. La veste \u00e0 cr\u00eate renvers\u00e9e avec un seul bouton offre un contraste \u00e9l\u00e9gant avec le gilet \u00e0 double rang\u00e9e de boutons 4x4, compl\u00e9t\u00e9 par un cravate et un carr\u00e9 de poche assortis.\" \/>\n<meta property=\"og:url\" content=\"https:\/\/www.koonings.com\/fr\/product\/roberto-vicentti-sarezo-cor16-19-320\/\" \/>\n<meta property=\"og:site_name\" content=\"Koonings\" \/>\n<meta property=\"article:publisher\" content=\"https:\/\/www.facebook.com\/kooningstheweddingpalace\" \/>\n<meta property=\"og:image\" content=\"https:\/\/www.koonings.com\/wp-content\/uploads\/2025\/02\/38359_2d6c07ea8657b17544ab81d38fa341303bdfa8e9631bd4eb3231e1ce7867fe3bc48839f8-scaled.jpeg\" \/>\n\t<meta property=\"og:image:width\" content=\"1580\" \/>\n\t<meta property=\"og:image:height\" content=\"2560\" \/>\n\t<meta property=\"og:image:type\" content=\"image\/jpeg\" \/>\n<meta name=\"twitter:card\" content=\"summary_large_image\" \/>\n<script type=\"application\/ld+json\" class=\"yoast-schema-graph\">{\"@context\":\"https:\\\/\\\/schema.org\",\"@graph\":[{\"@type\":\"WebPage\",\"@id\":\"https:\\\/\\\/www.koonings.com\\\/fr\\\/product\\\/roberto-vicentti-sarezo-cor16-19-320\\\/\",\"url\":\"https:\\\/\\\/www.koonings.com\\\/fr\\\/product\\\/roberto-vicentti-sarezo-cor16-19-320\\\/\",\"name\":\"Roberto Vicentti Sarezo Cor16.19.320 | Koonings\",\"isPartOf\":{\"@id\":\"https:\\\/\\\/www.koonings.com\\\/fr\\\/#website\"},\"primaryImageOfPage\":{\"@id\":\"https:\\\/\\\/www.koonings.com\\\/fr\\\/product\\\/roberto-vicentti-sarezo-cor16-19-320\\\/#primaryimage\"},\"image\":{\"@id\":\"https:\\\/\\\/www.koonings.com\\\/fr\\\/product\\\/roberto-vicentti-sarezo-cor16-19-320\\\/#primaryimage\"},\"thumbnailUrl\":\"https:\\\/\\\/www.koonings.com\\\/wp-content\\\/uploads\\\/2025\\\/02\\\/38359_2d6c07ea8657b17544ab81d38fa341303bdfa8e9631bd4eb3231e1ce7867fe3bc48839f8-scaled.jpeg\",\"datePublished\":\"2026-04-14T14:10:41+00:00\",\"description\":\"Un superbe costume de mariage de la collection exclusive de Roberto Vicentti. \u00c9l\u00e9gant costume de mariage bleu au design micro, confectionn\u00e9 dans un m\u00e9lange raffin\u00e9 de polyester et de laine. La veste \u00e0 cr\u00eate renvers\u00e9e avec un seul bouton offre un contraste \u00e9l\u00e9gant avec le gilet \u00e0 double rang\u00e9e de boutons 4x4, compl\u00e9t\u00e9 par un cravate et un carr\u00e9 de poche assortis.\",\"breadcrumb\":{\"@id\":\"https:\\\/\\\/www.koonings.com\\\/fr\\\/product\\\/roberto-vicentti-sarezo-cor16-19-320\\\/#breadcrumb\"},\"inLanguage\":\"fr-FR\",\"potentialAction\":[{\"@type\":\"ReadAction\",\"target\":[\"https:\\\/\\\/www.koonings.com\\\/fr\\\/product\\\/roberto-vicentti-sarezo-cor16-19-320\\\/\"]}]},{\"@type\":\"ImageObject\",\"inLanguage\":\"fr-FR\",\"@id\":\"https:\\\/\\\/www.koonings.com\\\/fr\\\/product\\\/roberto-vicentti-sarezo-cor16-19-320\\\/#primaryimage\",\"url\":\"https:\\\/\\\/www.koonings.com\\\/wp-content\\\/uploads\\\/2025\\\/02\\\/38359_2d6c07ea8657b17544ab81d38fa341303bdfa8e9631bd4eb3231e1ce7867fe3bc48839f8-scaled.jpeg\",\"contentUrl\":\"https:\\\/\\\/www.koonings.com\\\/wp-content\\\/uploads\\\/2025\\\/02\\\/38359_2d6c07ea8657b17544ab81d38fa341303bdfa8e9631bd4eb3231e1ce7867fe3bc48839f8-scaled.jpeg\",\"width\":1580,\"height\":2560},{\"@type\":\"BreadcrumbList\",\"@id\":\"https:\\\/\\\/www.koonings.com\\\/fr\\\/product\\\/roberto-vicentti-sarezo-cor16-19-320\\\/#breadcrumb\",\"itemListElement\":[{\"@type\":\"ListItem\",\"position\":1,\"name\":\"Home\",\"item\":\"https:\\\/\\\/www.koonings.com\\\/fr\\\/\"},{\"@type\":\"ListItem\",\"position\":2,\"name\":\"Roberto Vicentti Sarezo Cor16.19.320\"}]},{\"@type\":\"WebSite\",\"@id\":\"https:\\\/\\\/www.koonings.com\\\/fr\\\/#website\",\"url\":\"https:\\\/\\\/www.koonings.com\\\/fr\\\/\",\"name\":\"Koonings\",\"description\":\"De grootste bruidsmodewinkel ter wereld\",\"publisher\":{\"@id\":\"https:\\\/\\\/www.koonings.com\\\/fr\\\/#organization\"},\"potentialAction\":[{\"@type\":\"SearchAction\",\"target\":{\"@type\":\"EntryPoint\",\"urlTemplate\":\"https:\\\/\\\/www.koonings.com\\\/fr\\\/?s={search_term_string}\"},\"query-input\":{\"@type\":\"PropertyValueSpecification\",\"valueRequired\":true,\"valueName\":\"search_term_string\"}}],\"inLanguage\":\"fr-FR\"},{\"@type\":\"Organization\",\"@id\":\"https:\\\/\\\/www.koonings.com\\\/fr\\\/#organization\",\"name\":\"Koonings\",\"url\":\"https:\\\/\\\/www.koonings.com\\\/fr\\\/\",\"logo\":{\"@type\":\"ImageObject\",\"inLanguage\":\"fr-FR\",\"@id\":\"https:\\\/\\\/www.koonings.com\\\/fr\\\/#\\\/schema\\\/logo\\\/image\\\/\",\"url\":\"https:\\\/\\\/www.koonings.com\\\/wp-content\\\/uploads\\\/2024\\\/07\\\/logo.png\",\"contentUrl\":\"https:\\\/\\\/www.koonings.com\\\/wp-content\\\/uploads\\\/2024\\\/07\\\/logo.png\",\"width\":600,\"height\":428,\"caption\":\"Koonings\"},\"image\":{\"@id\":\"https:\\\/\\\/www.koonings.com\\\/fr\\\/#\\\/schema\\\/logo\\\/image\\\/\"},\"sameAs\":[\"https:\\\/\\\/www.facebook.com\\\/kooningstheweddingpalace\",\"https:\\\/\\\/www.instagram.com\\\/kooningstheweddingpalace\",\"https:\\\/\\\/www.pinterest.com\\\/koonings\",\"https:\\\/\\\/www.youtube.com\\\/kooningstheweddingpalace\"]}]}<\/script>\n<!-- \/ Yoast SEO plugin. -->","yoast_head_json":{"title":"Roberto Vicentti Sarezo Cor16.19.320 | Koonings","description":"Un superbe costume de mariage de la collection exclusive de Roberto Vicentti. \u00c9l\u00e9gant costume de mariage bleu au design micro, confectionn\u00e9 dans un m\u00e9lange raffin\u00e9 de polyester et de laine. La veste \u00e0 cr\u00eate renvers\u00e9e avec un seul bouton offre un contraste \u00e9l\u00e9gant avec le gilet \u00e0 double rang\u00e9e de boutons 4x4, compl\u00e9t\u00e9 par un cravate et un carr\u00e9 de poche assortis.","robots":{"index":"index","follow":"follow","max-snippet":"max-snippet:-1","max-image-preview":"max-image-preview:large","max-video-preview":"max-video-preview:-1"},"canonical":"https:\/\/www.koonings.com\/fr\/product\/roberto-vicentti-sarezo-cor16-19-320\/","og_locale":"fr_FR","og_type":"article","og_title":"Roberto Vicentti Sarezo Cor16.19.320 | Koonings","og_description":"Un superbe costume de mariage de la collection exclusive de Roberto Vicentti. \u00c9l\u00e9gant costume de mariage bleu au design micro, confectionn\u00e9 dans un m\u00e9lange raffin\u00e9 de polyester et de laine. La veste \u00e0 cr\u00eate renvers\u00e9e avec un seul bouton offre un contraste \u00e9l\u00e9gant avec le gilet \u00e0 double rang\u00e9e de boutons 4x4, compl\u00e9t\u00e9 par un cravate et un carr\u00e9 de poche assortis.","og_url":"https:\/\/www.koonings.com\/fr\/product\/roberto-vicentti-sarezo-cor16-19-320\/","og_site_name":"Koonings","article_publisher":"https:\/\/www.facebook.com\/kooningstheweddingpalace","og_image":[{"width":1580,"height":2560,"url":"https:\/\/www.koonings.com\/wp-content\/uploads\/2025\/02\/38359_2d6c07ea8657b17544ab81d38fa341303bdfa8e9631bd4eb3231e1ce7867fe3bc48839f8-scaled.jpeg","type":"image\/jpeg"}],"twitter_card":"summary_large_image","schema":{"@context":"https:\/\/schema.org","@graph":[{"@type":"WebPage","@id":"https:\/\/www.koonings.com\/fr\/product\/roberto-vicentti-sarezo-cor16-19-320\/","url":"https:\/\/www.koonings.com\/fr\/product\/roberto-vicentti-sarezo-cor16-19-320\/","name":"Roberto Vicentti Sarezo Cor16.19.320 | Koonings","isPartOf":{"@id":"https:\/\/www.koonings.com\/fr\/#website"},"primaryImageOfPage":{"@id":"https:\/\/www.koonings.com\/fr\/product\/roberto-vicentti-sarezo-cor16-19-320\/#primaryimage"},"image":{"@id":"https:\/\/www.koonings.com\/fr\/product\/roberto-vicentti-sarezo-cor16-19-320\/#primaryimage"},"thumbnailUrl":"https:\/\/www.koonings.com\/wp-content\/uploads\/2025\/02\/38359_2d6c07ea8657b17544ab81d38fa341303bdfa8e9631bd4eb3231e1ce7867fe3bc48839f8-scaled.jpeg","datePublished":"2026-04-14T14:10:41+00:00","description":"Un superbe costume de mariage de la collection exclusive de Roberto Vicentti. \u00c9l\u00e9gant costume de mariage bleu au design micro, confectionn\u00e9 dans un m\u00e9lange raffin\u00e9 de polyester et de laine. La veste \u00e0 cr\u00eate renvers\u00e9e avec un seul bouton offre un contraste \u00e9l\u00e9gant avec le gilet \u00e0 double rang\u00e9e de boutons 4x4, compl\u00e9t\u00e9 par un cravate et un carr\u00e9 de poche assortis.","breadcrumb":{"@id":"https:\/\/www.koonings.com\/fr\/product\/roberto-vicentti-sarezo-cor16-19-320\/#breadcrumb"},"inLanguage":"fr-FR","potentialAction":[{"@type":"ReadAction","target":["https:\/\/www.koonings.com\/fr\/product\/roberto-vicentti-sarezo-cor16-19-320\/"]}]},{"@type":"ImageObject","inLanguage":"fr-FR","@id":"https:\/\/www.koonings.com\/fr\/product\/roberto-vicentti-sarezo-cor16-19-320\/#primaryimage","url":"https:\/\/www.koonings.com\/wp-content\/uploads\/2025\/02\/38359_2d6c07ea8657b17544ab81d38fa341303bdfa8e9631bd4eb3231e1ce7867fe3bc48839f8-scaled.jpeg","contentUrl":"https:\/\/www.koonings.com\/wp-content\/uploads\/2025\/02\/38359_2d6c07ea8657b17544ab81d38fa341303bdfa8e9631bd4eb3231e1ce7867fe3bc48839f8-scaled.jpeg","width":1580,"height":2560},{"@type":"BreadcrumbList","@id":"https:\/\/www.koonings.com\/fr\/product\/roberto-vicentti-sarezo-cor16-19-320\/#breadcrumb","itemListElement":[{"@type":"ListItem","position":1,"name":"Home","item":"https:\/\/www.koonings.com\/fr\/"},{"@type":"ListItem","position":2,"name":"Roberto Vicentti Sarezo Cor16.19.320"}]},{"@type":"WebSite","@id":"https:\/\/www.koonings.com\/fr\/#website","url":"https:\/\/www.koonings.com\/fr\/","name":"Koonings","description":"De grootste bruidsmodewinkel ter wereld","publisher":{"@id":"https:\/\/www.koonings.com\/fr\/#organization"},"potentialAction":[{"@type":"SearchAction","target":{"@type":"EntryPoint","urlTemplate":"https:\/\/www.koonings.com\/fr\/?s={search_term_string}"},"query-input":{"@type":"PropertyValueSpecification","valueRequired":true,"valueName":"search_term_string"}}],"inLanguage":"fr-FR"},{"@type":"Organization","@id":"https:\/\/www.koonings.com\/fr\/#organization","name":"Koonings","url":"https:\/\/www.koonings.com\/fr\/","logo":{"@type":"ImageObject","inLanguage":"fr-FR","@id":"https:\/\/www.koonings.com\/fr\/#\/schema\/logo\/image\/","url":"https:\/\/www.koonings.com\/wp-content\/uploads\/2024\/07\/logo.png","contentUrl":"https:\/\/www.koonings.com\/wp-content\/uploads\/2024\/07\/logo.png","width":600,"height":428,"caption":"Koonings"},"image":{"@id":"https:\/\/www.koonings.com\/fr\/#\/schema\/logo\/image\/"},"sameAs":["https:\/\/www.facebook.com\/kooningstheweddingpalace","https:\/\/www.instagram.com\/kooningstheweddingpalace","https:\/\/www.pinterest.com\/koonings","https:\/\/www.youtube.com\/kooningstheweddingpalace"]}]}},"_links":{"self":[{"href":"https:\/\/www.koonings.com\/fr\/wp-json\/wp\/v2\/product\/84945","targetHints":{"allow":["GET"]}}],"collection":[{"href":"https:\/\/www.koonings.com\/fr\/wp-json\/wp\/v2\/product"}],"about":[{"href":"https:\/\/www.koonings.com\/fr\/wp-json\/wp\/v2\/types\/product"}],"wp:featuredmedia":[{"embeddable":true,"href":"https:\/\/www.koonings.com\/fr\/wp-json\/wp\/v2\/media\/81108"}],"wp:attachment":[{"href":"https:\/\/www.koonings.com\/fr\/wp-json\/wp\/v2\/media?parent=84945"}],"wp:term":[{"taxonomy":"productdetails","embeddable":true,"href":"https:\/\/www.koonings.com\/fr\/wp-json\/wp\/v2\/productdetails?post=84945"},{"taxonomy":"productneck","embeddable":true,"href":"https:\/\/www.koonings.com\/fr\/wp-json\/wp\/v2\/productneck?post=84945"},{"taxonomy":"productcolor","embeddable":true,"href":"https:\/\/www.koonings.com\/fr\/wp-json\/wp\/v2\/productcolor?post=84945"},{"taxonomy":"maat","embeddable":true,"href":"https:\/\/www.koonings.com\/fr\/wp-json\/wp\/v2\/maat?post=84945"},{"taxonomy":"productsupplier","embeddable":true,"href":"https:\/\/www.koonings.com\/fr\/wp-json\/wp\/v2\/productsupplier?post=84945"},{"taxonomy":"productsleeve","embeddable":true,"href":"https:\/\/www.koonings.com\/fr\/wp-json\/wp\/v2\/productsleeve?post=84945"},{"taxonomy":"productcategory","embeddable":true,"href":"https:\/\/www.koonings.com\/fr\/wp-json\/wp\/v2\/productcategory?post=84945"},{"taxonomy":"productsilhouette","embeddable":true,"href":"https:\/\/www.koonings.com\/fr\/wp-json\/wp\/v2\/productsilhouette?post=84945"},{"taxonomy":"productstyle","embeddable":true,"href":"https:\/\/www.koonings.com\/fr\/wp-json\/wp\/v2\/productstyle?post=84945"}],"curies":[{"name":"wp","href":"https:\/\/api.w.org\/{rel}","templated":true}]}}