{"id":84942,"date":"2026-05-06T15:30:09","date_gmt":"2026-05-06T13:30:09","guid":{"rendered":"https:\/\/www.koonings.com\/product\/immediate-369-22200-01a-10\/"},"modified":"2025-06-05T13:55:35","modified_gmt":"2025-06-05T11:55:35","slug":"immediate-369-22200-01a-10","status":"publish","type":"product","link":"https:\/\/www.koonings.com\/fr\/product\/immediate-369-22200-01a-10\/","title":{"rendered":"Immediate 369-22200-01A-10"},"content":{"rendered":"<p>Vous \u00eates \u00e0 la recherche d&#8217;un costume de mariage tendance ? Cet \u00e9l\u00e9gant costume de mariage beige d&#8217;Immediate, issu de la collection Koonings The Wedding Palace, est le choix id\u00e9al ! Sa coupe \u00e9l\u00e9gante et son tissu m\u00e9lang\u00e9 lui conf\u00e8rent une allure douce et sophistiqu\u00e9e. Le motif \u00e0 carreaux de la veste et du n\u0153ud papillon ajoute une subtile touche vintage, id\u00e9ale pour un mari\u00e9 moderne qui a du caract\u00e8re !   <\/p>\n","protected":false},"featured_media":81072,"template":"","meta":{"_acf_changed":false,"ghostkit_customizer_options":"","ghostkit_custom_css":"","ghostkit_custom_js_head":"","ghostkit_custom_js_foot":"","ghostkit_typography":""},"productdetails":[],"productneck":[],"productcolor":[454],"maat":[],"productsupplier":[452],"productsleeve":[],"productcategory":[227],"productsilhouette":[],"productstyle":[],"class_list":["post-84942","product","type-product","status-publish","has-post-thumbnail","hentry","productcolor-454","productsupplier-immediate","productcategory-kostuum"],"acf":[],"yoast_head":"<!-- This site is optimized with the Yoast SEO plugin v27.3 - https:\/\/yoast.com\/product\/yoast-seo-wordpress\/ -->\n<title>Immediate 369-22200-01A-10 | Koonings<\/title>\n<meta name=\"description\" content=\"Vous \u00eates \u00e0 la recherche d&#039;un costume de mariage tendance ? Cet \u00e9l\u00e9gant costume de mariage beige d&#039;Immediate, issu de la collection Koonings The Wedding Palace, est le choix id\u00e9al ! Sa coupe \u00e9l\u00e9gante et son tissu m\u00e9lang\u00e9 lui conf\u00e8rent une allure douce et sophistiqu\u00e9e. Le motif \u00e0 carreaux de la veste et du n\u0153ud papillon ajoute une subtile touche vintage, id\u00e9ale pour un mari\u00e9 moderne qui a du caract\u00e8re !\" \/>\n<meta name=\"robots\" content=\"index, follow, max-snippet:-1, max-image-preview:large, max-video-preview:-1\" \/>\n<link rel=\"canonical\" href=\"https:\/\/www.koonings.com\/fr\/product\/immediate-369-22200-01a-10\/\" \/>\n<meta property=\"og:locale\" content=\"fr_FR\" \/>\n<meta property=\"og:type\" content=\"article\" \/>\n<meta property=\"og:title\" content=\"Immediate 369-22200-01A-10 | Koonings\" \/>\n<meta property=\"og:description\" content=\"Vous \u00eates \u00e0 la recherche d&#039;un costume de mariage tendance ? Cet \u00e9l\u00e9gant costume de mariage beige d&#039;Immediate, issu de la collection Koonings The Wedding Palace, est le choix id\u00e9al ! Sa coupe \u00e9l\u00e9gante et son tissu m\u00e9lang\u00e9 lui conf\u00e8rent une allure douce et sophistiqu\u00e9e. Le motif \u00e0 carreaux de la veste et du n\u0153ud papillon ajoute une subtile touche vintage, id\u00e9ale pour un mari\u00e9 moderne qui a du caract\u00e8re !\" \/>\n<meta property=\"og:url\" content=\"https:\/\/www.koonings.com\/fr\/product\/immediate-369-22200-01a-10\/\" \/>\n<meta property=\"og:site_name\" content=\"Koonings\" \/>\n<meta property=\"article:publisher\" content=\"https:\/\/www.facebook.com\/kooningstheweddingpalace\" \/>\n<meta property=\"og:image\" content=\"https:\/\/www.koonings.com\/wp-content\/uploads\/2025\/02\/49268_32d2acef1af9b291727cd98a9e9b59819d7840a3c752c48080a92fa002cf29b4d57257e6-scaled.jpeg\" \/>\n\t<meta property=\"og:image:width\" content=\"1809\" \/>\n\t<meta property=\"og:image:height\" content=\"2560\" \/>\n\t<meta property=\"og:image:type\" content=\"image\/jpeg\" \/>\n<meta name=\"twitter:card\" content=\"summary_large_image\" \/>\n<script type=\"application\/ld+json\" class=\"yoast-schema-graph\">{\"@context\":\"https:\\\/\\\/schema.org\",\"@graph\":[{\"@type\":\"WebPage\",\"@id\":\"https:\\\/\\\/www.koonings.com\\\/fr\\\/product\\\/immediate-369-22200-01a-10\\\/\",\"url\":\"https:\\\/\\\/www.koonings.com\\\/fr\\\/product\\\/immediate-369-22200-01a-10\\\/\",\"name\":\"Immediate 369-22200-01A-10 | Koonings\",\"isPartOf\":{\"@id\":\"https:\\\/\\\/www.koonings.com\\\/fr\\\/#website\"},\"primaryImageOfPage\":{\"@id\":\"https:\\\/\\\/www.koonings.com\\\/fr\\\/product\\\/immediate-369-22200-01a-10\\\/#primaryimage\"},\"image\":{\"@id\":\"https:\\\/\\\/www.koonings.com\\\/fr\\\/product\\\/immediate-369-22200-01a-10\\\/#primaryimage\"},\"thumbnailUrl\":\"https:\\\/\\\/www.koonings.com\\\/wp-content\\\/uploads\\\/2025\\\/02\\\/49268_32d2acef1af9b291727cd98a9e9b59819d7840a3c752c48080a92fa002cf29b4d57257e6-scaled.jpeg\",\"datePublished\":\"2026-05-06T13:30:09+00:00\",\"description\":\"Vous \u00eates \u00e0 la recherche d'un costume de mariage tendance ? Cet \u00e9l\u00e9gant costume de mariage beige d'Immediate, issu de la collection Koonings The Wedding Palace, est le choix id\u00e9al ! Sa coupe \u00e9l\u00e9gante et son tissu m\u00e9lang\u00e9 lui conf\u00e8rent une allure douce et sophistiqu\u00e9e. Le motif \u00e0 carreaux de la veste et du n\u0153ud papillon ajoute une subtile touche vintage, id\u00e9ale pour un mari\u00e9 moderne qui a du caract\u00e8re !\",\"breadcrumb\":{\"@id\":\"https:\\\/\\\/www.koonings.com\\\/fr\\\/product\\\/immediate-369-22200-01a-10\\\/#breadcrumb\"},\"inLanguage\":\"fr-FR\",\"potentialAction\":[{\"@type\":\"ReadAction\",\"target\":[\"https:\\\/\\\/www.koonings.com\\\/fr\\\/product\\\/immediate-369-22200-01a-10\\\/\"]}]},{\"@type\":\"ImageObject\",\"inLanguage\":\"fr-FR\",\"@id\":\"https:\\\/\\\/www.koonings.com\\\/fr\\\/product\\\/immediate-369-22200-01a-10\\\/#primaryimage\",\"url\":\"https:\\\/\\\/www.koonings.com\\\/wp-content\\\/uploads\\\/2025\\\/02\\\/49268_32d2acef1af9b291727cd98a9e9b59819d7840a3c752c48080a92fa002cf29b4d57257e6-scaled.jpeg\",\"contentUrl\":\"https:\\\/\\\/www.koonings.com\\\/wp-content\\\/uploads\\\/2025\\\/02\\\/49268_32d2acef1af9b291727cd98a9e9b59819d7840a3c752c48080a92fa002cf29b4d57257e6-scaled.jpeg\",\"width\":1809,\"height\":2560},{\"@type\":\"BreadcrumbList\",\"@id\":\"https:\\\/\\\/www.koonings.com\\\/fr\\\/product\\\/immediate-369-22200-01a-10\\\/#breadcrumb\",\"itemListElement\":[{\"@type\":\"ListItem\",\"position\":1,\"name\":\"Home\",\"item\":\"https:\\\/\\\/www.koonings.com\\\/fr\\\/\"},{\"@type\":\"ListItem\",\"position\":2,\"name\":\"Immediate 369-22200-01A-10\"}]},{\"@type\":\"WebSite\",\"@id\":\"https:\\\/\\\/www.koonings.com\\\/fr\\\/#website\",\"url\":\"https:\\\/\\\/www.koonings.com\\\/fr\\\/\",\"name\":\"Koonings\",\"description\":\"De grootste bruidsmodewinkel ter wereld\",\"publisher\":{\"@id\":\"https:\\\/\\\/www.koonings.com\\\/fr\\\/#organization\"},\"potentialAction\":[{\"@type\":\"SearchAction\",\"target\":{\"@type\":\"EntryPoint\",\"urlTemplate\":\"https:\\\/\\\/www.koonings.com\\\/fr\\\/?s={search_term_string}\"},\"query-input\":{\"@type\":\"PropertyValueSpecification\",\"valueRequired\":true,\"valueName\":\"search_term_string\"}}],\"inLanguage\":\"fr-FR\"},{\"@type\":\"Organization\",\"@id\":\"https:\\\/\\\/www.koonings.com\\\/fr\\\/#organization\",\"name\":\"Koonings\",\"url\":\"https:\\\/\\\/www.koonings.com\\\/fr\\\/\",\"logo\":{\"@type\":\"ImageObject\",\"inLanguage\":\"fr-FR\",\"@id\":\"https:\\\/\\\/www.koonings.com\\\/fr\\\/#\\\/schema\\\/logo\\\/image\\\/\",\"url\":\"https:\\\/\\\/www.koonings.com\\\/wp-content\\\/uploads\\\/2024\\\/07\\\/logo.png\",\"contentUrl\":\"https:\\\/\\\/www.koonings.com\\\/wp-content\\\/uploads\\\/2024\\\/07\\\/logo.png\",\"width\":600,\"height\":428,\"caption\":\"Koonings\"},\"image\":{\"@id\":\"https:\\\/\\\/www.koonings.com\\\/fr\\\/#\\\/schema\\\/logo\\\/image\\\/\"},\"sameAs\":[\"https:\\\/\\\/www.facebook.com\\\/kooningstheweddingpalace\",\"https:\\\/\\\/www.instagram.com\\\/kooningstheweddingpalace\",\"https:\\\/\\\/www.pinterest.com\\\/koonings\",\"https:\\\/\\\/www.youtube.com\\\/kooningstheweddingpalace\"]}]}<\/script>\n<!-- \/ Yoast SEO plugin. -->","yoast_head_json":{"title":"Immediate 369-22200-01A-10 | Koonings","description":"Vous \u00eates \u00e0 la recherche d'un costume de mariage tendance ? Cet \u00e9l\u00e9gant costume de mariage beige d'Immediate, issu de la collection Koonings The Wedding Palace, est le choix id\u00e9al ! Sa coupe \u00e9l\u00e9gante et son tissu m\u00e9lang\u00e9 lui conf\u00e8rent une allure douce et sophistiqu\u00e9e. Le motif \u00e0 carreaux de la veste et du n\u0153ud papillon ajoute une subtile touche vintage, id\u00e9ale pour un mari\u00e9 moderne qui a du caract\u00e8re !","robots":{"index":"index","follow":"follow","max-snippet":"max-snippet:-1","max-image-preview":"max-image-preview:large","max-video-preview":"max-video-preview:-1"},"canonical":"https:\/\/www.koonings.com\/fr\/product\/immediate-369-22200-01a-10\/","og_locale":"fr_FR","og_type":"article","og_title":"Immediate 369-22200-01A-10 | Koonings","og_description":"Vous \u00eates \u00e0 la recherche d'un costume de mariage tendance ? Cet \u00e9l\u00e9gant costume de mariage beige d'Immediate, issu de la collection Koonings The Wedding Palace, est le choix id\u00e9al ! Sa coupe \u00e9l\u00e9gante et son tissu m\u00e9lang\u00e9 lui conf\u00e8rent une allure douce et sophistiqu\u00e9e. Le motif \u00e0 carreaux de la veste et du n\u0153ud papillon ajoute une subtile touche vintage, id\u00e9ale pour un mari\u00e9 moderne qui a du caract\u00e8re !","og_url":"https:\/\/www.koonings.com\/fr\/product\/immediate-369-22200-01a-10\/","og_site_name":"Koonings","article_publisher":"https:\/\/www.facebook.com\/kooningstheweddingpalace","og_image":[{"width":1809,"height":2560,"url":"https:\/\/www.koonings.com\/wp-content\/uploads\/2025\/02\/49268_32d2acef1af9b291727cd98a9e9b59819d7840a3c752c48080a92fa002cf29b4d57257e6-scaled.jpeg","type":"image\/jpeg"}],"twitter_card":"summary_large_image","schema":{"@context":"https:\/\/schema.org","@graph":[{"@type":"WebPage","@id":"https:\/\/www.koonings.com\/fr\/product\/immediate-369-22200-01a-10\/","url":"https:\/\/www.koonings.com\/fr\/product\/immediate-369-22200-01a-10\/","name":"Immediate 369-22200-01A-10 | Koonings","isPartOf":{"@id":"https:\/\/www.koonings.com\/fr\/#website"},"primaryImageOfPage":{"@id":"https:\/\/www.koonings.com\/fr\/product\/immediate-369-22200-01a-10\/#primaryimage"},"image":{"@id":"https:\/\/www.koonings.com\/fr\/product\/immediate-369-22200-01a-10\/#primaryimage"},"thumbnailUrl":"https:\/\/www.koonings.com\/wp-content\/uploads\/2025\/02\/49268_32d2acef1af9b291727cd98a9e9b59819d7840a3c752c48080a92fa002cf29b4d57257e6-scaled.jpeg","datePublished":"2026-05-06T13:30:09+00:00","description":"Vous \u00eates \u00e0 la recherche d'un costume de mariage tendance ? Cet \u00e9l\u00e9gant costume de mariage beige d'Immediate, issu de la collection Koonings The Wedding Palace, est le choix id\u00e9al ! Sa coupe \u00e9l\u00e9gante et son tissu m\u00e9lang\u00e9 lui conf\u00e8rent une allure douce et sophistiqu\u00e9e. Le motif \u00e0 carreaux de la veste et du n\u0153ud papillon ajoute une subtile touche vintage, id\u00e9ale pour un mari\u00e9 moderne qui a du caract\u00e8re !","breadcrumb":{"@id":"https:\/\/www.koonings.com\/fr\/product\/immediate-369-22200-01a-10\/#breadcrumb"},"inLanguage":"fr-FR","potentialAction":[{"@type":"ReadAction","target":["https:\/\/www.koonings.com\/fr\/product\/immediate-369-22200-01a-10\/"]}]},{"@type":"ImageObject","inLanguage":"fr-FR","@id":"https:\/\/www.koonings.com\/fr\/product\/immediate-369-22200-01a-10\/#primaryimage","url":"https:\/\/www.koonings.com\/wp-content\/uploads\/2025\/02\/49268_32d2acef1af9b291727cd98a9e9b59819d7840a3c752c48080a92fa002cf29b4d57257e6-scaled.jpeg","contentUrl":"https:\/\/www.koonings.com\/wp-content\/uploads\/2025\/02\/49268_32d2acef1af9b291727cd98a9e9b59819d7840a3c752c48080a92fa002cf29b4d57257e6-scaled.jpeg","width":1809,"height":2560},{"@type":"BreadcrumbList","@id":"https:\/\/www.koonings.com\/fr\/product\/immediate-369-22200-01a-10\/#breadcrumb","itemListElement":[{"@type":"ListItem","position":1,"name":"Home","item":"https:\/\/www.koonings.com\/fr\/"},{"@type":"ListItem","position":2,"name":"Immediate 369-22200-01A-10"}]},{"@type":"WebSite","@id":"https:\/\/www.koonings.com\/fr\/#website","url":"https:\/\/www.koonings.com\/fr\/","name":"Koonings","description":"De grootste bruidsmodewinkel ter wereld","publisher":{"@id":"https:\/\/www.koonings.com\/fr\/#organization"},"potentialAction":[{"@type":"SearchAction","target":{"@type":"EntryPoint","urlTemplate":"https:\/\/www.koonings.com\/fr\/?s={search_term_string}"},"query-input":{"@type":"PropertyValueSpecification","valueRequired":true,"valueName":"search_term_string"}}],"inLanguage":"fr-FR"},{"@type":"Organization","@id":"https:\/\/www.koonings.com\/fr\/#organization","name":"Koonings","url":"https:\/\/www.koonings.com\/fr\/","logo":{"@type":"ImageObject","inLanguage":"fr-FR","@id":"https:\/\/www.koonings.com\/fr\/#\/schema\/logo\/image\/","url":"https:\/\/www.koonings.com\/wp-content\/uploads\/2024\/07\/logo.png","contentUrl":"https:\/\/www.koonings.com\/wp-content\/uploads\/2024\/07\/logo.png","width":600,"height":428,"caption":"Koonings"},"image":{"@id":"https:\/\/www.koonings.com\/fr\/#\/schema\/logo\/image\/"},"sameAs":["https:\/\/www.facebook.com\/kooningstheweddingpalace","https:\/\/www.instagram.com\/kooningstheweddingpalace","https:\/\/www.pinterest.com\/koonings","https:\/\/www.youtube.com\/kooningstheweddingpalace"]}]}},"_links":{"self":[{"href":"https:\/\/www.koonings.com\/fr\/wp-json\/wp\/v2\/product\/84942","targetHints":{"allow":["GET"]}}],"collection":[{"href":"https:\/\/www.koonings.com\/fr\/wp-json\/wp\/v2\/product"}],"about":[{"href":"https:\/\/www.koonings.com\/fr\/wp-json\/wp\/v2\/types\/product"}],"wp:featuredmedia":[{"embeddable":true,"href":"https:\/\/www.koonings.com\/fr\/wp-json\/wp\/v2\/media\/81072"}],"wp:attachment":[{"href":"https:\/\/www.koonings.com\/fr\/wp-json\/wp\/v2\/media?parent=84942"}],"wp:term":[{"taxonomy":"productdetails","embeddable":true,"href":"https:\/\/www.koonings.com\/fr\/wp-json\/wp\/v2\/productdetails?post=84942"},{"taxonomy":"productneck","embeddable":true,"href":"https:\/\/www.koonings.com\/fr\/wp-json\/wp\/v2\/productneck?post=84942"},{"taxonomy":"productcolor","embeddable":true,"href":"https:\/\/www.koonings.com\/fr\/wp-json\/wp\/v2\/productcolor?post=84942"},{"taxonomy":"maat","embeddable":true,"href":"https:\/\/www.koonings.com\/fr\/wp-json\/wp\/v2\/maat?post=84942"},{"taxonomy":"productsupplier","embeddable":true,"href":"https:\/\/www.koonings.com\/fr\/wp-json\/wp\/v2\/productsupplier?post=84942"},{"taxonomy":"productsleeve","embeddable":true,"href":"https:\/\/www.koonings.com\/fr\/wp-json\/wp\/v2\/productsleeve?post=84942"},{"taxonomy":"productcategory","embeddable":true,"href":"https:\/\/www.koonings.com\/fr\/wp-json\/wp\/v2\/productcategory?post=84942"},{"taxonomy":"productsilhouette","embeddable":true,"href":"https:\/\/www.koonings.com\/fr\/wp-json\/wp\/v2\/productsilhouette?post=84942"},{"taxonomy":"productstyle","embeddable":true,"href":"https:\/\/www.koonings.com\/fr\/wp-json\/wp\/v2\/productstyle?post=84942"}],"curies":[{"name":"wp","href":"https:\/\/api.w.org\/{rel}","templated":true}]}}