{"id":84933,"date":"2026-04-14T16:32:20","date_gmt":"2026-04-14T14:32:20","guid":{"rendered":"https:\/\/www.koonings.com\/product\/roberto-vicentti-cor-76-24-780-schon\/"},"modified":"2025-06-05T13:55:47","modified_gmt":"2025-06-05T11:55:47","slug":"roberto-vicentti-cor-76-24-780-schon","status":"publish","type":"product","link":"https:\/\/www.koonings.com\/fr\/product\/roberto-vicentti-cor-76-24-780-schon\/","title":{"rendered":"Roberto Vicentti Cor 76.24.780 Schon"},"content":{"rendered":"<p>De la collection The Wedding Palace de Koonings : un costume de mariage uni de couleur cogna\u00e7aise en laine, viscose, coton et \u00e9lasthanne. La veste \u00e0 revers avec deux boutons est associ\u00e9e \u00e0 un gilet \u00e0 double rang\u00e9e avec dos en tissu et boutons torsad\u00e9s 3&#215;3, compl\u00e9t\u00e9 par un n\u0153ud papillon et un carr\u00e9 de poche pour une allure \u00e9l\u00e9gante. ROBERTO VICENTTI est le choix du mari\u00e9 moderne qui veut se d\u00e9marquer lors de son mariage. Avec sa fianc\u00e9e, il brille au centre de cette journ\u00e9e sp\u00e9ciale. Avec une coupe parfaite et des d\u00e9tails de style raffin\u00e9s, un costume Roberto Vicentti offre la combinaison ultime de l&#8217;\u00e9l\u00e9gance et de l&#8217;exclusivit\u00e9.    <\/p>\n","protected":false},"featured_media":81252,"template":"","meta":{"_acf_changed":false,"ghostkit_customizer_options":"","ghostkit_custom_css":"","ghostkit_custom_js_head":"","ghostkit_custom_js_foot":"","ghostkit_typography":""},"productdetails":[],"productneck":[],"productcolor":[501],"maat":[],"productsupplier":[449],"productsleeve":[],"productcategory":[227],"productsilhouette":[],"productstyle":[],"class_list":["post-84933","product","type-product","status-publish","has-post-thumbnail","hentry","productcolor-501","productsupplier-roberto-vicentti","productcategory-kostuum"],"acf":[],"yoast_head":"<!-- This site is optimized with the Yoast SEO plugin v27.3 - https:\/\/yoast.com\/product\/yoast-seo-wordpress\/ -->\n<title>Roberto Vicentti Cor 76.24.780 Schon | Koonings<\/title>\n<meta name=\"description\" content=\"De la collection The Wedding Palace de Koonings : un costume de mariage uni de couleur cogna\u00e7aise en laine, viscose, coton et \u00e9lasthanne. La veste \u00e0 revers avec deux boutons est associ\u00e9e \u00e0 un gilet \u00e0 double rang\u00e9e avec dos en tissu et boutons torsad\u00e9s 3x3, compl\u00e9t\u00e9 par un n\u0153ud papillon et un carr\u00e9 de poche pour une allure \u00e9l\u00e9gante. ROBERTO VICENTTI est le choix du mari\u00e9 moderne qui veut se d\u00e9marquer lors de son mariage. Avec sa fianc\u00e9e, il brille au centre de cette journ\u00e9e sp\u00e9ciale. Avec une coupe parfaite et des d\u00e9tails de style raffin\u00e9s, un costume Roberto Vicentti offre la combinaison ultime de l&#039;\u00e9l\u00e9gance et de l&#039;exclusivit\u00e9.\" \/>\n<meta name=\"robots\" content=\"index, follow, max-snippet:-1, max-image-preview:large, max-video-preview:-1\" \/>\n<link rel=\"canonical\" href=\"https:\/\/www.koonings.com\/fr\/product\/roberto-vicentti-cor-76-24-780-schon\/\" \/>\n<meta property=\"og:locale\" content=\"fr_FR\" \/>\n<meta property=\"og:type\" content=\"article\" \/>\n<meta property=\"og:title\" content=\"Roberto Vicentti Cor 76.24.780 Schon | Koonings\" \/>\n<meta property=\"og:description\" content=\"De la collection The Wedding Palace de Koonings : un costume de mariage uni de couleur cogna\u00e7aise en laine, viscose, coton et \u00e9lasthanne. La veste \u00e0 revers avec deux boutons est associ\u00e9e \u00e0 un gilet \u00e0 double rang\u00e9e avec dos en tissu et boutons torsad\u00e9s 3x3, compl\u00e9t\u00e9 par un n\u0153ud papillon et un carr\u00e9 de poche pour une allure \u00e9l\u00e9gante. ROBERTO VICENTTI est le choix du mari\u00e9 moderne qui veut se d\u00e9marquer lors de son mariage. Avec sa fianc\u00e9e, il brille au centre de cette journ\u00e9e sp\u00e9ciale. Avec une coupe parfaite et des d\u00e9tails de style raffin\u00e9s, un costume Roberto Vicentti offre la combinaison ultime de l&#039;\u00e9l\u00e9gance et de l&#039;exclusivit\u00e9.\" \/>\n<meta property=\"og:url\" content=\"https:\/\/www.koonings.com\/fr\/product\/roberto-vicentti-cor-76-24-780-schon\/\" \/>\n<meta property=\"og:site_name\" content=\"Koonings\" \/>\n<meta property=\"article:publisher\" content=\"https:\/\/www.facebook.com\/kooningstheweddingpalace\" \/>\n<meta property=\"og:image\" content=\"https:\/\/www.koonings.com\/wp-content\/uploads\/2025\/02\/49832_b041b00ed7ceed94ee2697a82b869993b7b9a001b04aab105b5cc5fe9cd070d760ea06d8-scaled.jpeg\" \/>\n\t<meta property=\"og:image:width\" content=\"1580\" \/>\n\t<meta property=\"og:image:height\" content=\"2560\" \/>\n\t<meta property=\"og:image:type\" content=\"image\/jpeg\" \/>\n<meta name=\"twitter:card\" content=\"summary_large_image\" \/>\n<meta name=\"twitter:label1\" content=\"Dur\u00e9e de lecture estim\u00e9e\" \/>\n\t<meta name=\"twitter:data1\" content=\"1 minute\" \/>\n<script type=\"application\/ld+json\" class=\"yoast-schema-graph\">{\"@context\":\"https:\\\/\\\/schema.org\",\"@graph\":[{\"@type\":\"WebPage\",\"@id\":\"https:\\\/\\\/www.koonings.com\\\/fr\\\/product\\\/roberto-vicentti-cor-76-24-780-schon\\\/\",\"url\":\"https:\\\/\\\/www.koonings.com\\\/fr\\\/product\\\/roberto-vicentti-cor-76-24-780-schon\\\/\",\"name\":\"Roberto Vicentti Cor 76.24.780 Schon | Koonings\",\"isPartOf\":{\"@id\":\"https:\\\/\\\/www.koonings.com\\\/fr\\\/#website\"},\"primaryImageOfPage\":{\"@id\":\"https:\\\/\\\/www.koonings.com\\\/fr\\\/product\\\/roberto-vicentti-cor-76-24-780-schon\\\/#primaryimage\"},\"image\":{\"@id\":\"https:\\\/\\\/www.koonings.com\\\/fr\\\/product\\\/roberto-vicentti-cor-76-24-780-schon\\\/#primaryimage\"},\"thumbnailUrl\":\"https:\\\/\\\/www.koonings.com\\\/wp-content\\\/uploads\\\/2025\\\/02\\\/49832_b041b00ed7ceed94ee2697a82b869993b7b9a001b04aab105b5cc5fe9cd070d760ea06d8-scaled.jpeg\",\"datePublished\":\"2026-04-14T14:32:20+00:00\",\"description\":\"De la collection The Wedding Palace de Koonings : un costume de mariage uni de couleur cogna\u00e7aise en laine, viscose, coton et \u00e9lasthanne. La veste \u00e0 revers avec deux boutons est associ\u00e9e \u00e0 un gilet \u00e0 double rang\u00e9e avec dos en tissu et boutons torsad\u00e9s 3x3, compl\u00e9t\u00e9 par un n\u0153ud papillon et un carr\u00e9 de poche pour une allure \u00e9l\u00e9gante. ROBERTO VICENTTI est le choix du mari\u00e9 moderne qui veut se d\u00e9marquer lors de son mariage. Avec sa fianc\u00e9e, il brille au centre de cette journ\u00e9e sp\u00e9ciale. Avec une coupe parfaite et des d\u00e9tails de style raffin\u00e9s, un costume Roberto Vicentti offre la combinaison ultime de l'\u00e9l\u00e9gance et de l'exclusivit\u00e9.\",\"breadcrumb\":{\"@id\":\"https:\\\/\\\/www.koonings.com\\\/fr\\\/product\\\/roberto-vicentti-cor-76-24-780-schon\\\/#breadcrumb\"},\"inLanguage\":\"fr-FR\",\"potentialAction\":[{\"@type\":\"ReadAction\",\"target\":[\"https:\\\/\\\/www.koonings.com\\\/fr\\\/product\\\/roberto-vicentti-cor-76-24-780-schon\\\/\"]}]},{\"@type\":\"ImageObject\",\"inLanguage\":\"fr-FR\",\"@id\":\"https:\\\/\\\/www.koonings.com\\\/fr\\\/product\\\/roberto-vicentti-cor-76-24-780-schon\\\/#primaryimage\",\"url\":\"https:\\\/\\\/www.koonings.com\\\/wp-content\\\/uploads\\\/2025\\\/02\\\/49832_b041b00ed7ceed94ee2697a82b869993b7b9a001b04aab105b5cc5fe9cd070d760ea06d8-scaled.jpeg\",\"contentUrl\":\"https:\\\/\\\/www.koonings.com\\\/wp-content\\\/uploads\\\/2025\\\/02\\\/49832_b041b00ed7ceed94ee2697a82b869993b7b9a001b04aab105b5cc5fe9cd070d760ea06d8-scaled.jpeg\",\"width\":1580,\"height\":2560},{\"@type\":\"BreadcrumbList\",\"@id\":\"https:\\\/\\\/www.koonings.com\\\/fr\\\/product\\\/roberto-vicentti-cor-76-24-780-schon\\\/#breadcrumb\",\"itemListElement\":[{\"@type\":\"ListItem\",\"position\":1,\"name\":\"Home\",\"item\":\"https:\\\/\\\/www.koonings.com\\\/fr\\\/\"},{\"@type\":\"ListItem\",\"position\":2,\"name\":\"Roberto Vicentti Cor 76.24.780 Schon\"}]},{\"@type\":\"WebSite\",\"@id\":\"https:\\\/\\\/www.koonings.com\\\/fr\\\/#website\",\"url\":\"https:\\\/\\\/www.koonings.com\\\/fr\\\/\",\"name\":\"Koonings\",\"description\":\"De grootste bruidsmodewinkel ter wereld\",\"publisher\":{\"@id\":\"https:\\\/\\\/www.koonings.com\\\/fr\\\/#organization\"},\"potentialAction\":[{\"@type\":\"SearchAction\",\"target\":{\"@type\":\"EntryPoint\",\"urlTemplate\":\"https:\\\/\\\/www.koonings.com\\\/fr\\\/?s={search_term_string}\"},\"query-input\":{\"@type\":\"PropertyValueSpecification\",\"valueRequired\":true,\"valueName\":\"search_term_string\"}}],\"inLanguage\":\"fr-FR\"},{\"@type\":\"Organization\",\"@id\":\"https:\\\/\\\/www.koonings.com\\\/fr\\\/#organization\",\"name\":\"Koonings\",\"url\":\"https:\\\/\\\/www.koonings.com\\\/fr\\\/\",\"logo\":{\"@type\":\"ImageObject\",\"inLanguage\":\"fr-FR\",\"@id\":\"https:\\\/\\\/www.koonings.com\\\/fr\\\/#\\\/schema\\\/logo\\\/image\\\/\",\"url\":\"https:\\\/\\\/www.koonings.com\\\/wp-content\\\/uploads\\\/2024\\\/07\\\/logo.png\",\"contentUrl\":\"https:\\\/\\\/www.koonings.com\\\/wp-content\\\/uploads\\\/2024\\\/07\\\/logo.png\",\"width\":600,\"height\":428,\"caption\":\"Koonings\"},\"image\":{\"@id\":\"https:\\\/\\\/www.koonings.com\\\/fr\\\/#\\\/schema\\\/logo\\\/image\\\/\"},\"sameAs\":[\"https:\\\/\\\/www.facebook.com\\\/kooningstheweddingpalace\",\"https:\\\/\\\/www.instagram.com\\\/kooningstheweddingpalace\",\"https:\\\/\\\/www.pinterest.com\\\/koonings\",\"https:\\\/\\\/www.youtube.com\\\/kooningstheweddingpalace\"]}]}<\/script>\n<!-- \/ Yoast SEO plugin. -->","yoast_head_json":{"title":"Roberto Vicentti Cor 76.24.780 Schon | Koonings","description":"De la collection The Wedding Palace de Koonings : un costume de mariage uni de couleur cogna\u00e7aise en laine, viscose, coton et \u00e9lasthanne. La veste \u00e0 revers avec deux boutons est associ\u00e9e \u00e0 un gilet \u00e0 double rang\u00e9e avec dos en tissu et boutons torsad\u00e9s 3x3, compl\u00e9t\u00e9 par un n\u0153ud papillon et un carr\u00e9 de poche pour une allure \u00e9l\u00e9gante. ROBERTO VICENTTI est le choix du mari\u00e9 moderne qui veut se d\u00e9marquer lors de son mariage. Avec sa fianc\u00e9e, il brille au centre de cette journ\u00e9e sp\u00e9ciale. Avec une coupe parfaite et des d\u00e9tails de style raffin\u00e9s, un costume Roberto Vicentti offre la combinaison ultime de l'\u00e9l\u00e9gance et de l'exclusivit\u00e9.","robots":{"index":"index","follow":"follow","max-snippet":"max-snippet:-1","max-image-preview":"max-image-preview:large","max-video-preview":"max-video-preview:-1"},"canonical":"https:\/\/www.koonings.com\/fr\/product\/roberto-vicentti-cor-76-24-780-schon\/","og_locale":"fr_FR","og_type":"article","og_title":"Roberto Vicentti Cor 76.24.780 Schon | Koonings","og_description":"De la collection The Wedding Palace de Koonings : un costume de mariage uni de couleur cogna\u00e7aise en laine, viscose, coton et \u00e9lasthanne. La veste \u00e0 revers avec deux boutons est associ\u00e9e \u00e0 un gilet \u00e0 double rang\u00e9e avec dos en tissu et boutons torsad\u00e9s 3x3, compl\u00e9t\u00e9 par un n\u0153ud papillon et un carr\u00e9 de poche pour une allure \u00e9l\u00e9gante. ROBERTO VICENTTI est le choix du mari\u00e9 moderne qui veut se d\u00e9marquer lors de son mariage. Avec sa fianc\u00e9e, il brille au centre de cette journ\u00e9e sp\u00e9ciale. Avec une coupe parfaite et des d\u00e9tails de style raffin\u00e9s, un costume Roberto Vicentti offre la combinaison ultime de l'\u00e9l\u00e9gance et de l'exclusivit\u00e9.","og_url":"https:\/\/www.koonings.com\/fr\/product\/roberto-vicentti-cor-76-24-780-schon\/","og_site_name":"Koonings","article_publisher":"https:\/\/www.facebook.com\/kooningstheweddingpalace","og_image":[{"width":1580,"height":2560,"url":"https:\/\/www.koonings.com\/wp-content\/uploads\/2025\/02\/49832_b041b00ed7ceed94ee2697a82b869993b7b9a001b04aab105b5cc5fe9cd070d760ea06d8-scaled.jpeg","type":"image\/jpeg"}],"twitter_card":"summary_large_image","twitter_misc":{"Dur\u00e9e de lecture estim\u00e9e":"1 minute"},"schema":{"@context":"https:\/\/schema.org","@graph":[{"@type":"WebPage","@id":"https:\/\/www.koonings.com\/fr\/product\/roberto-vicentti-cor-76-24-780-schon\/","url":"https:\/\/www.koonings.com\/fr\/product\/roberto-vicentti-cor-76-24-780-schon\/","name":"Roberto Vicentti Cor 76.24.780 Schon | Koonings","isPartOf":{"@id":"https:\/\/www.koonings.com\/fr\/#website"},"primaryImageOfPage":{"@id":"https:\/\/www.koonings.com\/fr\/product\/roberto-vicentti-cor-76-24-780-schon\/#primaryimage"},"image":{"@id":"https:\/\/www.koonings.com\/fr\/product\/roberto-vicentti-cor-76-24-780-schon\/#primaryimage"},"thumbnailUrl":"https:\/\/www.koonings.com\/wp-content\/uploads\/2025\/02\/49832_b041b00ed7ceed94ee2697a82b869993b7b9a001b04aab105b5cc5fe9cd070d760ea06d8-scaled.jpeg","datePublished":"2026-04-14T14:32:20+00:00","description":"De la collection The Wedding Palace de Koonings : un costume de mariage uni de couleur cogna\u00e7aise en laine, viscose, coton et \u00e9lasthanne. La veste \u00e0 revers avec deux boutons est associ\u00e9e \u00e0 un gilet \u00e0 double rang\u00e9e avec dos en tissu et boutons torsad\u00e9s 3x3, compl\u00e9t\u00e9 par un n\u0153ud papillon et un carr\u00e9 de poche pour une allure \u00e9l\u00e9gante. ROBERTO VICENTTI est le choix du mari\u00e9 moderne qui veut se d\u00e9marquer lors de son mariage. Avec sa fianc\u00e9e, il brille au centre de cette journ\u00e9e sp\u00e9ciale. Avec une coupe parfaite et des d\u00e9tails de style raffin\u00e9s, un costume Roberto Vicentti offre la combinaison ultime de l'\u00e9l\u00e9gance et de l'exclusivit\u00e9.","breadcrumb":{"@id":"https:\/\/www.koonings.com\/fr\/product\/roberto-vicentti-cor-76-24-780-schon\/#breadcrumb"},"inLanguage":"fr-FR","potentialAction":[{"@type":"ReadAction","target":["https:\/\/www.koonings.com\/fr\/product\/roberto-vicentti-cor-76-24-780-schon\/"]}]},{"@type":"ImageObject","inLanguage":"fr-FR","@id":"https:\/\/www.koonings.com\/fr\/product\/roberto-vicentti-cor-76-24-780-schon\/#primaryimage","url":"https:\/\/www.koonings.com\/wp-content\/uploads\/2025\/02\/49832_b041b00ed7ceed94ee2697a82b869993b7b9a001b04aab105b5cc5fe9cd070d760ea06d8-scaled.jpeg","contentUrl":"https:\/\/www.koonings.com\/wp-content\/uploads\/2025\/02\/49832_b041b00ed7ceed94ee2697a82b869993b7b9a001b04aab105b5cc5fe9cd070d760ea06d8-scaled.jpeg","width":1580,"height":2560},{"@type":"BreadcrumbList","@id":"https:\/\/www.koonings.com\/fr\/product\/roberto-vicentti-cor-76-24-780-schon\/#breadcrumb","itemListElement":[{"@type":"ListItem","position":1,"name":"Home","item":"https:\/\/www.koonings.com\/fr\/"},{"@type":"ListItem","position":2,"name":"Roberto Vicentti Cor 76.24.780 Schon"}]},{"@type":"WebSite","@id":"https:\/\/www.koonings.com\/fr\/#website","url":"https:\/\/www.koonings.com\/fr\/","name":"Koonings","description":"De grootste bruidsmodewinkel ter wereld","publisher":{"@id":"https:\/\/www.koonings.com\/fr\/#organization"},"potentialAction":[{"@type":"SearchAction","target":{"@type":"EntryPoint","urlTemplate":"https:\/\/www.koonings.com\/fr\/?s={search_term_string}"},"query-input":{"@type":"PropertyValueSpecification","valueRequired":true,"valueName":"search_term_string"}}],"inLanguage":"fr-FR"},{"@type":"Organization","@id":"https:\/\/www.koonings.com\/fr\/#organization","name":"Koonings","url":"https:\/\/www.koonings.com\/fr\/","logo":{"@type":"ImageObject","inLanguage":"fr-FR","@id":"https:\/\/www.koonings.com\/fr\/#\/schema\/logo\/image\/","url":"https:\/\/www.koonings.com\/wp-content\/uploads\/2024\/07\/logo.png","contentUrl":"https:\/\/www.koonings.com\/wp-content\/uploads\/2024\/07\/logo.png","width":600,"height":428,"caption":"Koonings"},"image":{"@id":"https:\/\/www.koonings.com\/fr\/#\/schema\/logo\/image\/"},"sameAs":["https:\/\/www.facebook.com\/kooningstheweddingpalace","https:\/\/www.instagram.com\/kooningstheweddingpalace","https:\/\/www.pinterest.com\/koonings","https:\/\/www.youtube.com\/kooningstheweddingpalace"]}]}},"_links":{"self":[{"href":"https:\/\/www.koonings.com\/fr\/wp-json\/wp\/v2\/product\/84933","targetHints":{"allow":["GET"]}}],"collection":[{"href":"https:\/\/www.koonings.com\/fr\/wp-json\/wp\/v2\/product"}],"about":[{"href":"https:\/\/www.koonings.com\/fr\/wp-json\/wp\/v2\/types\/product"}],"wp:featuredmedia":[{"embeddable":true,"href":"https:\/\/www.koonings.com\/fr\/wp-json\/wp\/v2\/media\/81252"}],"wp:attachment":[{"href":"https:\/\/www.koonings.com\/fr\/wp-json\/wp\/v2\/media?parent=84933"}],"wp:term":[{"taxonomy":"productdetails","embeddable":true,"href":"https:\/\/www.koonings.com\/fr\/wp-json\/wp\/v2\/productdetails?post=84933"},{"taxonomy":"productneck","embeddable":true,"href":"https:\/\/www.koonings.com\/fr\/wp-json\/wp\/v2\/productneck?post=84933"},{"taxonomy":"productcolor","embeddable":true,"href":"https:\/\/www.koonings.com\/fr\/wp-json\/wp\/v2\/productcolor?post=84933"},{"taxonomy":"maat","embeddable":true,"href":"https:\/\/www.koonings.com\/fr\/wp-json\/wp\/v2\/maat?post=84933"},{"taxonomy":"productsupplier","embeddable":true,"href":"https:\/\/www.koonings.com\/fr\/wp-json\/wp\/v2\/productsupplier?post=84933"},{"taxonomy":"productsleeve","embeddable":true,"href":"https:\/\/www.koonings.com\/fr\/wp-json\/wp\/v2\/productsleeve?post=84933"},{"taxonomy":"productcategory","embeddable":true,"href":"https:\/\/www.koonings.com\/fr\/wp-json\/wp\/v2\/productcategory?post=84933"},{"taxonomy":"productsilhouette","embeddable":true,"href":"https:\/\/www.koonings.com\/fr\/wp-json\/wp\/v2\/productsilhouette?post=84933"},{"taxonomy":"productstyle","embeddable":true,"href":"https:\/\/www.koonings.com\/fr\/wp-json\/wp\/v2\/productstyle?post=84933"}],"curies":[{"name":"wp","href":"https:\/\/api.w.org\/{rel}","templated":true}]}}