{"id":84930,"date":"2026-04-14T16:10:39","date_gmt":"2026-04-14T14:10:39","guid":{"rendered":"https:\/\/www.koonings.com\/product\/immediate-263-22200a-10\/"},"modified":"2026-02-16T15:06:54","modified_gmt":"2026-02-16T14:06:54","slug":"immediate-263-22200a-10","status":"publish","type":"product","link":"https:\/\/www.koonings.com\/fr\/product\/immediate-263-22200a-10\/","title":{"rendered":"Imm\u00e9diate 263-22200A-10"},"content":{"rendered":"<p>Vous cherchez un costume de mariage tendance dans la collection de Koonings The Wedding Palace ? Ce costume de mariage Immediate beige est le choix id\u00e9al ! Sa coupe \u00e9l\u00e9gante et son tissu m\u00e9lang\u00e9 lui conf\u00e8rent une allure douce et \u00e9l\u00e9gante. Le gilet et le n\u0153ud papillon \u00e0 carreaux ajoutent une subtile touche vintage, id\u00e9ale pour le mari\u00e9 moderne qui a le sens du d\u00e9tail.   <\/p>\n","protected":false},"featured_media":81297,"template":"","meta":{"_acf_changed":false,"ghostkit_customizer_options":"","ghostkit_custom_css":"","ghostkit_custom_js_head":"","ghostkit_custom_js_foot":"","ghostkit_typography":""},"productdetails":[],"productneck":[],"productcolor":[454],"maat":[],"productsupplier":[452],"productsleeve":[],"productcategory":[227],"productsilhouette":[],"productstyle":[],"class_list":["post-84930","product","type-product","status-publish","has-post-thumbnail","hentry","productcolor-454","productsupplier-immediate","productcategory-kostuum"],"acf":[],"yoast_head":"<!-- This site is optimized with the Yoast SEO plugin v27.3 - https:\/\/yoast.com\/product\/yoast-seo-wordpress\/ -->\n<title>Imm\u00e9diate 263-22200A-10 | Koonings<\/title>\n<meta name=\"description\" content=\"Vous cherchez un costume de mariage tendance dans la collection de Koonings The Wedding Palace ? Ce costume de mariage Immediate beige est le choix id\u00e9al ! Sa coupe \u00e9l\u00e9gante et son tissu m\u00e9lang\u00e9 lui conf\u00e8rent une allure douce et \u00e9l\u00e9gante. Le gilet et le n\u0153ud papillon \u00e0 carreaux ajoutent une subtile touche vintage, id\u00e9ale pour le mari\u00e9 moderne qui a le sens du d\u00e9tail.\" \/>\n<meta name=\"robots\" content=\"index, follow, max-snippet:-1, max-image-preview:large, max-video-preview:-1\" \/>\n<link rel=\"canonical\" href=\"https:\/\/www.koonings.com\/fr\/product\/immediate-263-22200a-10\/\" \/>\n<meta property=\"og:locale\" content=\"fr_FR\" \/>\n<meta property=\"og:type\" content=\"article\" \/>\n<meta property=\"og:title\" content=\"Imm\u00e9diate 263-22200A-10 | Koonings\" \/>\n<meta property=\"og:description\" content=\"Vous cherchez un costume de mariage tendance dans la collection de Koonings The Wedding Palace ? Ce costume de mariage Immediate beige est le choix id\u00e9al ! Sa coupe \u00e9l\u00e9gante et son tissu m\u00e9lang\u00e9 lui conf\u00e8rent une allure douce et \u00e9l\u00e9gante. Le gilet et le n\u0153ud papillon \u00e0 carreaux ajoutent une subtile touche vintage, id\u00e9ale pour le mari\u00e9 moderne qui a le sens du d\u00e9tail.\" \/>\n<meta property=\"og:url\" content=\"https:\/\/www.koonings.com\/fr\/product\/immediate-263-22200a-10\/\" \/>\n<meta property=\"og:site_name\" content=\"Koonings\" \/>\n<meta property=\"article:publisher\" content=\"https:\/\/www.facebook.com\/kooningstheweddingpalace\" \/>\n<meta property=\"og:image\" content=\"https:\/\/www.koonings.com\/wp-content\/uploads\/2025\/02\/38311_e6acedecc65c164f741504978a0d4f8ca51d40765194671930ac75f51a2ae57d1127202a-scaled.jpeg\" \/>\n\t<meta property=\"og:image:width\" content=\"1809\" \/>\n\t<meta property=\"og:image:height\" content=\"2560\" \/>\n\t<meta property=\"og:image:type\" content=\"image\/jpeg\" \/>\n<meta name=\"twitter:card\" content=\"summary_large_image\" \/>\n<script type=\"application\/ld+json\" class=\"yoast-schema-graph\">{\"@context\":\"https:\\\/\\\/schema.org\",\"@graph\":[{\"@type\":\"WebPage\",\"@id\":\"https:\\\/\\\/www.koonings.com\\\/fr\\\/product\\\/immediate-263-22200a-10\\\/\",\"url\":\"https:\\\/\\\/www.koonings.com\\\/fr\\\/product\\\/immediate-263-22200a-10\\\/\",\"name\":\"Imm\u00e9diate 263-22200A-10 | Koonings\",\"isPartOf\":{\"@id\":\"https:\\\/\\\/www.koonings.com\\\/fr\\\/#website\"},\"primaryImageOfPage\":{\"@id\":\"https:\\\/\\\/www.koonings.com\\\/fr\\\/product\\\/immediate-263-22200a-10\\\/#primaryimage\"},\"image\":{\"@id\":\"https:\\\/\\\/www.koonings.com\\\/fr\\\/product\\\/immediate-263-22200a-10\\\/#primaryimage\"},\"thumbnailUrl\":\"https:\\\/\\\/www.koonings.com\\\/wp-content\\\/uploads\\\/2025\\\/02\\\/38311_e6acedecc65c164f741504978a0d4f8ca51d40765194671930ac75f51a2ae57d1127202a-scaled.jpeg\",\"datePublished\":\"2026-04-14T14:10:39+00:00\",\"description\":\"Vous cherchez un costume de mariage tendance dans la collection de Koonings The Wedding Palace ? Ce costume de mariage Immediate beige est le choix id\u00e9al ! Sa coupe \u00e9l\u00e9gante et son tissu m\u00e9lang\u00e9 lui conf\u00e8rent une allure douce et \u00e9l\u00e9gante. Le gilet et le n\u0153ud papillon \u00e0 carreaux ajoutent une subtile touche vintage, id\u00e9ale pour le mari\u00e9 moderne qui a le sens du d\u00e9tail.\",\"breadcrumb\":{\"@id\":\"https:\\\/\\\/www.koonings.com\\\/fr\\\/product\\\/immediate-263-22200a-10\\\/#breadcrumb\"},\"inLanguage\":\"fr-FR\",\"potentialAction\":[{\"@type\":\"ReadAction\",\"target\":[\"https:\\\/\\\/www.koonings.com\\\/fr\\\/product\\\/immediate-263-22200a-10\\\/\"]}]},{\"@type\":\"ImageObject\",\"inLanguage\":\"fr-FR\",\"@id\":\"https:\\\/\\\/www.koonings.com\\\/fr\\\/product\\\/immediate-263-22200a-10\\\/#primaryimage\",\"url\":\"https:\\\/\\\/www.koonings.com\\\/wp-content\\\/uploads\\\/2025\\\/02\\\/38311_e6acedecc65c164f741504978a0d4f8ca51d40765194671930ac75f51a2ae57d1127202a-scaled.jpeg\",\"contentUrl\":\"https:\\\/\\\/www.koonings.com\\\/wp-content\\\/uploads\\\/2025\\\/02\\\/38311_e6acedecc65c164f741504978a0d4f8ca51d40765194671930ac75f51a2ae57d1127202a-scaled.jpeg\",\"width\":1809,\"height\":2560},{\"@type\":\"BreadcrumbList\",\"@id\":\"https:\\\/\\\/www.koonings.com\\\/fr\\\/product\\\/immediate-263-22200a-10\\\/#breadcrumb\",\"itemListElement\":[{\"@type\":\"ListItem\",\"position\":1,\"name\":\"Home\",\"item\":\"https:\\\/\\\/www.koonings.com\\\/fr\\\/\"},{\"@type\":\"ListItem\",\"position\":2,\"name\":\"Imm\u00e9diate 263-22200A-10\"}]},{\"@type\":\"WebSite\",\"@id\":\"https:\\\/\\\/www.koonings.com\\\/fr\\\/#website\",\"url\":\"https:\\\/\\\/www.koonings.com\\\/fr\\\/\",\"name\":\"Koonings\",\"description\":\"De grootste bruidsmodewinkel ter wereld\",\"publisher\":{\"@id\":\"https:\\\/\\\/www.koonings.com\\\/fr\\\/#organization\"},\"potentialAction\":[{\"@type\":\"SearchAction\",\"target\":{\"@type\":\"EntryPoint\",\"urlTemplate\":\"https:\\\/\\\/www.koonings.com\\\/fr\\\/?s={search_term_string}\"},\"query-input\":{\"@type\":\"PropertyValueSpecification\",\"valueRequired\":true,\"valueName\":\"search_term_string\"}}],\"inLanguage\":\"fr-FR\"},{\"@type\":\"Organization\",\"@id\":\"https:\\\/\\\/www.koonings.com\\\/fr\\\/#organization\",\"name\":\"Koonings\",\"url\":\"https:\\\/\\\/www.koonings.com\\\/fr\\\/\",\"logo\":{\"@type\":\"ImageObject\",\"inLanguage\":\"fr-FR\",\"@id\":\"https:\\\/\\\/www.koonings.com\\\/fr\\\/#\\\/schema\\\/logo\\\/image\\\/\",\"url\":\"https:\\\/\\\/www.koonings.com\\\/wp-content\\\/uploads\\\/2024\\\/07\\\/logo.png\",\"contentUrl\":\"https:\\\/\\\/www.koonings.com\\\/wp-content\\\/uploads\\\/2024\\\/07\\\/logo.png\",\"width\":600,\"height\":428,\"caption\":\"Koonings\"},\"image\":{\"@id\":\"https:\\\/\\\/www.koonings.com\\\/fr\\\/#\\\/schema\\\/logo\\\/image\\\/\"},\"sameAs\":[\"https:\\\/\\\/www.facebook.com\\\/kooningstheweddingpalace\",\"https:\\\/\\\/www.instagram.com\\\/kooningstheweddingpalace\",\"https:\\\/\\\/www.pinterest.com\\\/koonings\",\"https:\\\/\\\/www.youtube.com\\\/kooningstheweddingpalace\"]}]}<\/script>\n<!-- \/ Yoast SEO plugin. -->","yoast_head_json":{"title":"Imm\u00e9diate 263-22200A-10 | Koonings","description":"Vous cherchez un costume de mariage tendance dans la collection de Koonings The Wedding Palace ? Ce costume de mariage Immediate beige est le choix id\u00e9al ! Sa coupe \u00e9l\u00e9gante et son tissu m\u00e9lang\u00e9 lui conf\u00e8rent une allure douce et \u00e9l\u00e9gante. Le gilet et le n\u0153ud papillon \u00e0 carreaux ajoutent une subtile touche vintage, id\u00e9ale pour le mari\u00e9 moderne qui a le sens du d\u00e9tail.","robots":{"index":"index","follow":"follow","max-snippet":"max-snippet:-1","max-image-preview":"max-image-preview:large","max-video-preview":"max-video-preview:-1"},"canonical":"https:\/\/www.koonings.com\/fr\/product\/immediate-263-22200a-10\/","og_locale":"fr_FR","og_type":"article","og_title":"Imm\u00e9diate 263-22200A-10 | Koonings","og_description":"Vous cherchez un costume de mariage tendance dans la collection de Koonings The Wedding Palace ? Ce costume de mariage Immediate beige est le choix id\u00e9al ! Sa coupe \u00e9l\u00e9gante et son tissu m\u00e9lang\u00e9 lui conf\u00e8rent une allure douce et \u00e9l\u00e9gante. Le gilet et le n\u0153ud papillon \u00e0 carreaux ajoutent une subtile touche vintage, id\u00e9ale pour le mari\u00e9 moderne qui a le sens du d\u00e9tail.","og_url":"https:\/\/www.koonings.com\/fr\/product\/immediate-263-22200a-10\/","og_site_name":"Koonings","article_publisher":"https:\/\/www.facebook.com\/kooningstheweddingpalace","og_image":[{"width":1809,"height":2560,"url":"https:\/\/www.koonings.com\/wp-content\/uploads\/2025\/02\/38311_e6acedecc65c164f741504978a0d4f8ca51d40765194671930ac75f51a2ae57d1127202a-scaled.jpeg","type":"image\/jpeg"}],"twitter_card":"summary_large_image","schema":{"@context":"https:\/\/schema.org","@graph":[{"@type":"WebPage","@id":"https:\/\/www.koonings.com\/fr\/product\/immediate-263-22200a-10\/","url":"https:\/\/www.koonings.com\/fr\/product\/immediate-263-22200a-10\/","name":"Imm\u00e9diate 263-22200A-10 | Koonings","isPartOf":{"@id":"https:\/\/www.koonings.com\/fr\/#website"},"primaryImageOfPage":{"@id":"https:\/\/www.koonings.com\/fr\/product\/immediate-263-22200a-10\/#primaryimage"},"image":{"@id":"https:\/\/www.koonings.com\/fr\/product\/immediate-263-22200a-10\/#primaryimage"},"thumbnailUrl":"https:\/\/www.koonings.com\/wp-content\/uploads\/2025\/02\/38311_e6acedecc65c164f741504978a0d4f8ca51d40765194671930ac75f51a2ae57d1127202a-scaled.jpeg","datePublished":"2026-04-14T14:10:39+00:00","description":"Vous cherchez un costume de mariage tendance dans la collection de Koonings The Wedding Palace ? Ce costume de mariage Immediate beige est le choix id\u00e9al ! Sa coupe \u00e9l\u00e9gante et son tissu m\u00e9lang\u00e9 lui conf\u00e8rent une allure douce et \u00e9l\u00e9gante. Le gilet et le n\u0153ud papillon \u00e0 carreaux ajoutent une subtile touche vintage, id\u00e9ale pour le mari\u00e9 moderne qui a le sens du d\u00e9tail.","breadcrumb":{"@id":"https:\/\/www.koonings.com\/fr\/product\/immediate-263-22200a-10\/#breadcrumb"},"inLanguage":"fr-FR","potentialAction":[{"@type":"ReadAction","target":["https:\/\/www.koonings.com\/fr\/product\/immediate-263-22200a-10\/"]}]},{"@type":"ImageObject","inLanguage":"fr-FR","@id":"https:\/\/www.koonings.com\/fr\/product\/immediate-263-22200a-10\/#primaryimage","url":"https:\/\/www.koonings.com\/wp-content\/uploads\/2025\/02\/38311_e6acedecc65c164f741504978a0d4f8ca51d40765194671930ac75f51a2ae57d1127202a-scaled.jpeg","contentUrl":"https:\/\/www.koonings.com\/wp-content\/uploads\/2025\/02\/38311_e6acedecc65c164f741504978a0d4f8ca51d40765194671930ac75f51a2ae57d1127202a-scaled.jpeg","width":1809,"height":2560},{"@type":"BreadcrumbList","@id":"https:\/\/www.koonings.com\/fr\/product\/immediate-263-22200a-10\/#breadcrumb","itemListElement":[{"@type":"ListItem","position":1,"name":"Home","item":"https:\/\/www.koonings.com\/fr\/"},{"@type":"ListItem","position":2,"name":"Imm\u00e9diate 263-22200A-10"}]},{"@type":"WebSite","@id":"https:\/\/www.koonings.com\/fr\/#website","url":"https:\/\/www.koonings.com\/fr\/","name":"Koonings","description":"De grootste bruidsmodewinkel ter wereld","publisher":{"@id":"https:\/\/www.koonings.com\/fr\/#organization"},"potentialAction":[{"@type":"SearchAction","target":{"@type":"EntryPoint","urlTemplate":"https:\/\/www.koonings.com\/fr\/?s={search_term_string}"},"query-input":{"@type":"PropertyValueSpecification","valueRequired":true,"valueName":"search_term_string"}}],"inLanguage":"fr-FR"},{"@type":"Organization","@id":"https:\/\/www.koonings.com\/fr\/#organization","name":"Koonings","url":"https:\/\/www.koonings.com\/fr\/","logo":{"@type":"ImageObject","inLanguage":"fr-FR","@id":"https:\/\/www.koonings.com\/fr\/#\/schema\/logo\/image\/","url":"https:\/\/www.koonings.com\/wp-content\/uploads\/2024\/07\/logo.png","contentUrl":"https:\/\/www.koonings.com\/wp-content\/uploads\/2024\/07\/logo.png","width":600,"height":428,"caption":"Koonings"},"image":{"@id":"https:\/\/www.koonings.com\/fr\/#\/schema\/logo\/image\/"},"sameAs":["https:\/\/www.facebook.com\/kooningstheweddingpalace","https:\/\/www.instagram.com\/kooningstheweddingpalace","https:\/\/www.pinterest.com\/koonings","https:\/\/www.youtube.com\/kooningstheweddingpalace"]}]}},"_links":{"self":[{"href":"https:\/\/www.koonings.com\/fr\/wp-json\/wp\/v2\/product\/84930","targetHints":{"allow":["GET"]}}],"collection":[{"href":"https:\/\/www.koonings.com\/fr\/wp-json\/wp\/v2\/product"}],"about":[{"href":"https:\/\/www.koonings.com\/fr\/wp-json\/wp\/v2\/types\/product"}],"wp:featuredmedia":[{"embeddable":true,"href":"https:\/\/www.koonings.com\/fr\/wp-json\/wp\/v2\/media\/81297"}],"wp:attachment":[{"href":"https:\/\/www.koonings.com\/fr\/wp-json\/wp\/v2\/media?parent=84930"}],"wp:term":[{"taxonomy":"productdetails","embeddable":true,"href":"https:\/\/www.koonings.com\/fr\/wp-json\/wp\/v2\/productdetails?post=84930"},{"taxonomy":"productneck","embeddable":true,"href":"https:\/\/www.koonings.com\/fr\/wp-json\/wp\/v2\/productneck?post=84930"},{"taxonomy":"productcolor","embeddable":true,"href":"https:\/\/www.koonings.com\/fr\/wp-json\/wp\/v2\/productcolor?post=84930"},{"taxonomy":"maat","embeddable":true,"href":"https:\/\/www.koonings.com\/fr\/wp-json\/wp\/v2\/maat?post=84930"},{"taxonomy":"productsupplier","embeddable":true,"href":"https:\/\/www.koonings.com\/fr\/wp-json\/wp\/v2\/productsupplier?post=84930"},{"taxonomy":"productsleeve","embeddable":true,"href":"https:\/\/www.koonings.com\/fr\/wp-json\/wp\/v2\/productsleeve?post=84930"},{"taxonomy":"productcategory","embeddable":true,"href":"https:\/\/www.koonings.com\/fr\/wp-json\/wp\/v2\/productcategory?post=84930"},{"taxonomy":"productsilhouette","embeddable":true,"href":"https:\/\/www.koonings.com\/fr\/wp-json\/wp\/v2\/productsilhouette?post=84930"},{"taxonomy":"productstyle","embeddable":true,"href":"https:\/\/www.koonings.com\/fr\/wp-json\/wp\/v2\/productstyle?post=84930"}],"curies":[{"name":"wp","href":"https:\/\/api.w.org\/{rel}","templated":true}]}}