{"id":84925,"date":"2025-12-15T00:28:02","date_gmt":"2025-12-14T23:28:02","guid":{"rendered":"https:\/\/www.koonings.com\/product\/immediate-261-24100a-florence\/"},"modified":"2026-02-03T20:19:41","modified_gmt":"2026-02-03T19:19:41","slug":"immediate-261-24100a-florence","status":"publish","type":"product","link":"https:\/\/www.koonings.com\/fr\/product\/immediate-261-24100a-florence\/","title":{"rendered":"Imm\u00e9diate 261-24100A Florence"},"content":{"rendered":"<p>Ce costume de la collection The Wedding Palace de Koonings respire la sophistication avec sa teinte bleu vif et sa coupe sophistiqu\u00e9e, parfaite pour les f\u00eates de mariage et les \u00e9v\u00e9nements professionnels formels. Le design est un parfait \u00e9quilibre entre les tendances modernes et la classe intemporelle, rehauss\u00e9 par le subtil motif \u00e0 carreaux de la veste int\u00e9rieure, qui ajoute une dimension visuelle suppl\u00e9mentaire. Id\u00e9al pour l&#8217;homme qui veut faire une impression durable le jour de son mariage ou lors d&#8217;un \u00e9v\u00e9nement important.  <\/p>\n","protected":false},"featured_media":81314,"template":"","meta":{"_acf_changed":false,"ghostkit_customizer_options":"","ghostkit_custom_css":"","ghostkit_custom_js_head":"","ghostkit_custom_js_foot":"","ghostkit_typography":""},"productdetails":[],"productneck":[],"productcolor":[450],"maat":[],"productsupplier":[452],"productsleeve":[],"productcategory":[227],"productsilhouette":[],"productstyle":[],"class_list":["post-84925","product","type-product","status-publish","has-post-thumbnail","hentry","productcolor-450","productsupplier-immediate","productcategory-kostuum"],"acf":[],"yoast_head":"<!-- This site is optimized with the Yoast SEO plugin v27.3 - https:\/\/yoast.com\/product\/yoast-seo-wordpress\/ -->\n<title>Imm\u00e9diate 261-24100A Florence | Koonings<\/title>\n<meta name=\"description\" content=\"Ce costume de la collection The Wedding Palace de Koonings respire la sophistication avec sa teinte bleu vif et sa coupe sophistiqu\u00e9e, parfaite pour les f\u00eates de mariage et les \u00e9v\u00e9nements professionnels formels. Le design est un parfait \u00e9quilibre entre les tendances modernes et la classe intemporelle, rehauss\u00e9 par le subtil motif \u00e0 carreaux de la veste int\u00e9rieure, qui ajoute une dimension visuelle suppl\u00e9mentaire. Id\u00e9al pour l&#039;homme qui veut faire une impression durable le jour de son mariage ou lors d&#039;un \u00e9v\u00e9nement important.\" \/>\n<meta name=\"robots\" content=\"index, follow, max-snippet:-1, max-image-preview:large, max-video-preview:-1\" \/>\n<link rel=\"canonical\" href=\"https:\/\/www.koonings.com\/fr\/product\/immediate-261-24100a-florence\/\" \/>\n<meta property=\"og:locale\" content=\"fr_FR\" \/>\n<meta property=\"og:type\" content=\"article\" \/>\n<meta property=\"og:title\" content=\"Imm\u00e9diate 261-24100A Florence | Koonings\" \/>\n<meta property=\"og:description\" content=\"Ce costume de la collection The Wedding Palace de Koonings respire la sophistication avec sa teinte bleu vif et sa coupe sophistiqu\u00e9e, parfaite pour les f\u00eates de mariage et les \u00e9v\u00e9nements professionnels formels. Le design est un parfait \u00e9quilibre entre les tendances modernes et la classe intemporelle, rehauss\u00e9 par le subtil motif \u00e0 carreaux de la veste int\u00e9rieure, qui ajoute une dimension visuelle suppl\u00e9mentaire. Id\u00e9al pour l&#039;homme qui veut faire une impression durable le jour de son mariage ou lors d&#039;un \u00e9v\u00e9nement important.\" \/>\n<meta property=\"og:url\" content=\"https:\/\/www.koonings.com\/fr\/product\/immediate-261-24100a-florence\/\" \/>\n<meta property=\"og:site_name\" content=\"Koonings\" \/>\n<meta property=\"article:publisher\" content=\"https:\/\/www.facebook.com\/kooningstheweddingpalace\" \/>\n<meta property=\"article:modified_time\" content=\"2026-02-03T19:19:41+00:00\" \/>\n<meta property=\"og:image\" content=\"https:\/\/www.koonings.com\/wp-content\/uploads\/2025\/02\/39949_f489d1db96d5c5d2a86e8ac694516c92a99f019aeae9591ca47664c6fe77faa073dba3a1-scaled.jpeg\" \/>\n\t<meta property=\"og:image:width\" content=\"1810\" \/>\n\t<meta property=\"og:image:height\" content=\"2560\" \/>\n\t<meta property=\"og:image:type\" content=\"image\/jpeg\" \/>\n<meta name=\"twitter:card\" content=\"summary_large_image\" \/>\n<script type=\"application\/ld+json\" class=\"yoast-schema-graph\">{\"@context\":\"https:\\\/\\\/schema.org\",\"@graph\":[{\"@type\":\"WebPage\",\"@id\":\"https:\\\/\\\/www.koonings.com\\\/fr\\\/product\\\/immediate-261-24100a-florence\\\/\",\"url\":\"https:\\\/\\\/www.koonings.com\\\/fr\\\/product\\\/immediate-261-24100a-florence\\\/\",\"name\":\"Imm\u00e9diate 261-24100A Florence | Koonings\",\"isPartOf\":{\"@id\":\"https:\\\/\\\/www.koonings.com\\\/fr\\\/#website\"},\"primaryImageOfPage\":{\"@id\":\"https:\\\/\\\/www.koonings.com\\\/fr\\\/product\\\/immediate-261-24100a-florence\\\/#primaryimage\"},\"image\":{\"@id\":\"https:\\\/\\\/www.koonings.com\\\/fr\\\/product\\\/immediate-261-24100a-florence\\\/#primaryimage\"},\"thumbnailUrl\":\"https:\\\/\\\/www.koonings.com\\\/wp-content\\\/uploads\\\/2025\\\/02\\\/39949_f489d1db96d5c5d2a86e8ac694516c92a99f019aeae9591ca47664c6fe77faa073dba3a1-scaled.jpeg\",\"datePublished\":\"2025-12-14T23:28:02+00:00\",\"dateModified\":\"2026-02-03T19:19:41+00:00\",\"description\":\"Ce costume de la collection The Wedding Palace de Koonings respire la sophistication avec sa teinte bleu vif et sa coupe sophistiqu\u00e9e, parfaite pour les f\u00eates de mariage et les \u00e9v\u00e9nements professionnels formels. Le design est un parfait \u00e9quilibre entre les tendances modernes et la classe intemporelle, rehauss\u00e9 par le subtil motif \u00e0 carreaux de la veste int\u00e9rieure, qui ajoute une dimension visuelle suppl\u00e9mentaire. Id\u00e9al pour l'homme qui veut faire une impression durable le jour de son mariage ou lors d'un \u00e9v\u00e9nement important.\",\"breadcrumb\":{\"@id\":\"https:\\\/\\\/www.koonings.com\\\/fr\\\/product\\\/immediate-261-24100a-florence\\\/#breadcrumb\"},\"inLanguage\":\"fr-FR\",\"potentialAction\":[{\"@type\":\"ReadAction\",\"target\":[\"https:\\\/\\\/www.koonings.com\\\/fr\\\/product\\\/immediate-261-24100a-florence\\\/\"]}]},{\"@type\":\"ImageObject\",\"inLanguage\":\"fr-FR\",\"@id\":\"https:\\\/\\\/www.koonings.com\\\/fr\\\/product\\\/immediate-261-24100a-florence\\\/#primaryimage\",\"url\":\"https:\\\/\\\/www.koonings.com\\\/wp-content\\\/uploads\\\/2025\\\/02\\\/39949_f489d1db96d5c5d2a86e8ac694516c92a99f019aeae9591ca47664c6fe77faa073dba3a1-scaled.jpeg\",\"contentUrl\":\"https:\\\/\\\/www.koonings.com\\\/wp-content\\\/uploads\\\/2025\\\/02\\\/39949_f489d1db96d5c5d2a86e8ac694516c92a99f019aeae9591ca47664c6fe77faa073dba3a1-scaled.jpeg\",\"width\":1810,\"height\":2560},{\"@type\":\"BreadcrumbList\",\"@id\":\"https:\\\/\\\/www.koonings.com\\\/fr\\\/product\\\/immediate-261-24100a-florence\\\/#breadcrumb\",\"itemListElement\":[{\"@type\":\"ListItem\",\"position\":1,\"name\":\"Home\",\"item\":\"https:\\\/\\\/www.koonings.com\\\/fr\\\/\"},{\"@type\":\"ListItem\",\"position\":2,\"name\":\"Imm\u00e9diate 261-24100A Florence\"}]},{\"@type\":\"WebSite\",\"@id\":\"https:\\\/\\\/www.koonings.com\\\/fr\\\/#website\",\"url\":\"https:\\\/\\\/www.koonings.com\\\/fr\\\/\",\"name\":\"Koonings\",\"description\":\"De grootste bruidsmodewinkel ter wereld\",\"publisher\":{\"@id\":\"https:\\\/\\\/www.koonings.com\\\/fr\\\/#organization\"},\"potentialAction\":[{\"@type\":\"SearchAction\",\"target\":{\"@type\":\"EntryPoint\",\"urlTemplate\":\"https:\\\/\\\/www.koonings.com\\\/fr\\\/?s={search_term_string}\"},\"query-input\":{\"@type\":\"PropertyValueSpecification\",\"valueRequired\":true,\"valueName\":\"search_term_string\"}}],\"inLanguage\":\"fr-FR\"},{\"@type\":\"Organization\",\"@id\":\"https:\\\/\\\/www.koonings.com\\\/fr\\\/#organization\",\"name\":\"Koonings\",\"url\":\"https:\\\/\\\/www.koonings.com\\\/fr\\\/\",\"logo\":{\"@type\":\"ImageObject\",\"inLanguage\":\"fr-FR\",\"@id\":\"https:\\\/\\\/www.koonings.com\\\/fr\\\/#\\\/schema\\\/logo\\\/image\\\/\",\"url\":\"https:\\\/\\\/www.koonings.com\\\/wp-content\\\/uploads\\\/2024\\\/07\\\/logo.png\",\"contentUrl\":\"https:\\\/\\\/www.koonings.com\\\/wp-content\\\/uploads\\\/2024\\\/07\\\/logo.png\",\"width\":600,\"height\":428,\"caption\":\"Koonings\"},\"image\":{\"@id\":\"https:\\\/\\\/www.koonings.com\\\/fr\\\/#\\\/schema\\\/logo\\\/image\\\/\"},\"sameAs\":[\"https:\\\/\\\/www.facebook.com\\\/kooningstheweddingpalace\",\"https:\\\/\\\/www.instagram.com\\\/kooningstheweddingpalace\",\"https:\\\/\\\/www.pinterest.com\\\/koonings\",\"https:\\\/\\\/www.youtube.com\\\/kooningstheweddingpalace\"]}]}<\/script>\n<!-- \/ Yoast SEO plugin. -->","yoast_head_json":{"title":"Imm\u00e9diate 261-24100A Florence | Koonings","description":"Ce costume de la collection The Wedding Palace de Koonings respire la sophistication avec sa teinte bleu vif et sa coupe sophistiqu\u00e9e, parfaite pour les f\u00eates de mariage et les \u00e9v\u00e9nements professionnels formels. Le design est un parfait \u00e9quilibre entre les tendances modernes et la classe intemporelle, rehauss\u00e9 par le subtil motif \u00e0 carreaux de la veste int\u00e9rieure, qui ajoute une dimension visuelle suppl\u00e9mentaire. Id\u00e9al pour l'homme qui veut faire une impression durable le jour de son mariage ou lors d'un \u00e9v\u00e9nement important.","robots":{"index":"index","follow":"follow","max-snippet":"max-snippet:-1","max-image-preview":"max-image-preview:large","max-video-preview":"max-video-preview:-1"},"canonical":"https:\/\/www.koonings.com\/fr\/product\/immediate-261-24100a-florence\/","og_locale":"fr_FR","og_type":"article","og_title":"Imm\u00e9diate 261-24100A Florence | Koonings","og_description":"Ce costume de la collection The Wedding Palace de Koonings respire la sophistication avec sa teinte bleu vif et sa coupe sophistiqu\u00e9e, parfaite pour les f\u00eates de mariage et les \u00e9v\u00e9nements professionnels formels. Le design est un parfait \u00e9quilibre entre les tendances modernes et la classe intemporelle, rehauss\u00e9 par le subtil motif \u00e0 carreaux de la veste int\u00e9rieure, qui ajoute une dimension visuelle suppl\u00e9mentaire. Id\u00e9al pour l'homme qui veut faire une impression durable le jour de son mariage ou lors d'un \u00e9v\u00e9nement important.","og_url":"https:\/\/www.koonings.com\/fr\/product\/immediate-261-24100a-florence\/","og_site_name":"Koonings","article_publisher":"https:\/\/www.facebook.com\/kooningstheweddingpalace","article_modified_time":"2026-02-03T19:19:41+00:00","og_image":[{"width":1810,"height":2560,"url":"https:\/\/www.koonings.com\/wp-content\/uploads\/2025\/02\/39949_f489d1db96d5c5d2a86e8ac694516c92a99f019aeae9591ca47664c6fe77faa073dba3a1-scaled.jpeg","type":"image\/jpeg"}],"twitter_card":"summary_large_image","schema":{"@context":"https:\/\/schema.org","@graph":[{"@type":"WebPage","@id":"https:\/\/www.koonings.com\/fr\/product\/immediate-261-24100a-florence\/","url":"https:\/\/www.koonings.com\/fr\/product\/immediate-261-24100a-florence\/","name":"Imm\u00e9diate 261-24100A Florence | Koonings","isPartOf":{"@id":"https:\/\/www.koonings.com\/fr\/#website"},"primaryImageOfPage":{"@id":"https:\/\/www.koonings.com\/fr\/product\/immediate-261-24100a-florence\/#primaryimage"},"image":{"@id":"https:\/\/www.koonings.com\/fr\/product\/immediate-261-24100a-florence\/#primaryimage"},"thumbnailUrl":"https:\/\/www.koonings.com\/wp-content\/uploads\/2025\/02\/39949_f489d1db96d5c5d2a86e8ac694516c92a99f019aeae9591ca47664c6fe77faa073dba3a1-scaled.jpeg","datePublished":"2025-12-14T23:28:02+00:00","dateModified":"2026-02-03T19:19:41+00:00","description":"Ce costume de la collection The Wedding Palace de Koonings respire la sophistication avec sa teinte bleu vif et sa coupe sophistiqu\u00e9e, parfaite pour les f\u00eates de mariage et les \u00e9v\u00e9nements professionnels formels. Le design est un parfait \u00e9quilibre entre les tendances modernes et la classe intemporelle, rehauss\u00e9 par le subtil motif \u00e0 carreaux de la veste int\u00e9rieure, qui ajoute une dimension visuelle suppl\u00e9mentaire. Id\u00e9al pour l'homme qui veut faire une impression durable le jour de son mariage ou lors d'un \u00e9v\u00e9nement important.","breadcrumb":{"@id":"https:\/\/www.koonings.com\/fr\/product\/immediate-261-24100a-florence\/#breadcrumb"},"inLanguage":"fr-FR","potentialAction":[{"@type":"ReadAction","target":["https:\/\/www.koonings.com\/fr\/product\/immediate-261-24100a-florence\/"]}]},{"@type":"ImageObject","inLanguage":"fr-FR","@id":"https:\/\/www.koonings.com\/fr\/product\/immediate-261-24100a-florence\/#primaryimage","url":"https:\/\/www.koonings.com\/wp-content\/uploads\/2025\/02\/39949_f489d1db96d5c5d2a86e8ac694516c92a99f019aeae9591ca47664c6fe77faa073dba3a1-scaled.jpeg","contentUrl":"https:\/\/www.koonings.com\/wp-content\/uploads\/2025\/02\/39949_f489d1db96d5c5d2a86e8ac694516c92a99f019aeae9591ca47664c6fe77faa073dba3a1-scaled.jpeg","width":1810,"height":2560},{"@type":"BreadcrumbList","@id":"https:\/\/www.koonings.com\/fr\/product\/immediate-261-24100a-florence\/#breadcrumb","itemListElement":[{"@type":"ListItem","position":1,"name":"Home","item":"https:\/\/www.koonings.com\/fr\/"},{"@type":"ListItem","position":2,"name":"Imm\u00e9diate 261-24100A Florence"}]},{"@type":"WebSite","@id":"https:\/\/www.koonings.com\/fr\/#website","url":"https:\/\/www.koonings.com\/fr\/","name":"Koonings","description":"De grootste bruidsmodewinkel ter wereld","publisher":{"@id":"https:\/\/www.koonings.com\/fr\/#organization"},"potentialAction":[{"@type":"SearchAction","target":{"@type":"EntryPoint","urlTemplate":"https:\/\/www.koonings.com\/fr\/?s={search_term_string}"},"query-input":{"@type":"PropertyValueSpecification","valueRequired":true,"valueName":"search_term_string"}}],"inLanguage":"fr-FR"},{"@type":"Organization","@id":"https:\/\/www.koonings.com\/fr\/#organization","name":"Koonings","url":"https:\/\/www.koonings.com\/fr\/","logo":{"@type":"ImageObject","inLanguage":"fr-FR","@id":"https:\/\/www.koonings.com\/fr\/#\/schema\/logo\/image\/","url":"https:\/\/www.koonings.com\/wp-content\/uploads\/2024\/07\/logo.png","contentUrl":"https:\/\/www.koonings.com\/wp-content\/uploads\/2024\/07\/logo.png","width":600,"height":428,"caption":"Koonings"},"image":{"@id":"https:\/\/www.koonings.com\/fr\/#\/schema\/logo\/image\/"},"sameAs":["https:\/\/www.facebook.com\/kooningstheweddingpalace","https:\/\/www.instagram.com\/kooningstheweddingpalace","https:\/\/www.pinterest.com\/koonings","https:\/\/www.youtube.com\/kooningstheweddingpalace"]}]}},"_links":{"self":[{"href":"https:\/\/www.koonings.com\/fr\/wp-json\/wp\/v2\/product\/84925","targetHints":{"allow":["GET"]}}],"collection":[{"href":"https:\/\/www.koonings.com\/fr\/wp-json\/wp\/v2\/product"}],"about":[{"href":"https:\/\/www.koonings.com\/fr\/wp-json\/wp\/v2\/types\/product"}],"wp:featuredmedia":[{"embeddable":true,"href":"https:\/\/www.koonings.com\/fr\/wp-json\/wp\/v2\/media\/81314"}],"wp:attachment":[{"href":"https:\/\/www.koonings.com\/fr\/wp-json\/wp\/v2\/media?parent=84925"}],"wp:term":[{"taxonomy":"productdetails","embeddable":true,"href":"https:\/\/www.koonings.com\/fr\/wp-json\/wp\/v2\/productdetails?post=84925"},{"taxonomy":"productneck","embeddable":true,"href":"https:\/\/www.koonings.com\/fr\/wp-json\/wp\/v2\/productneck?post=84925"},{"taxonomy":"productcolor","embeddable":true,"href":"https:\/\/www.koonings.com\/fr\/wp-json\/wp\/v2\/productcolor?post=84925"},{"taxonomy":"maat","embeddable":true,"href":"https:\/\/www.koonings.com\/fr\/wp-json\/wp\/v2\/maat?post=84925"},{"taxonomy":"productsupplier","embeddable":true,"href":"https:\/\/www.koonings.com\/fr\/wp-json\/wp\/v2\/productsupplier?post=84925"},{"taxonomy":"productsleeve","embeddable":true,"href":"https:\/\/www.koonings.com\/fr\/wp-json\/wp\/v2\/productsleeve?post=84925"},{"taxonomy":"productcategory","embeddable":true,"href":"https:\/\/www.koonings.com\/fr\/wp-json\/wp\/v2\/productcategory?post=84925"},{"taxonomy":"productsilhouette","embeddable":true,"href":"https:\/\/www.koonings.com\/fr\/wp-json\/wp\/v2\/productsilhouette?post=84925"},{"taxonomy":"productstyle","embeddable":true,"href":"https:\/\/www.koonings.com\/fr\/wp-json\/wp\/v2\/productstyle?post=84925"}],"curies":[{"name":"wp","href":"https:\/\/api.w.org\/{rel}","templated":true}]}}