{"id":84924,"date":"2026-04-14T16:18:12","date_gmt":"2026-04-14T14:18:12","guid":{"rendered":"https:\/\/www.koonings.com\/product\/immediate-261-24112a-63-florence138-puglia-waistcoat\/"},"modified":"2025-06-05T13:56:36","modified_gmt":"2025-06-05T11:56:36","slug":"immediate-261-24112a-63-florence138-puglia-waistcoat","status":"publish","type":"product","link":"https:\/\/www.koonings.com\/fr\/product\/immediate-261-24112a-63-florence138-puglia-waistcoat\/","title":{"rendered":"Immediate 261-24112A-63 Florence+138 Puglia Waistcoat"},"content":{"rendered":"<p>Les costumes de mariage \u00e0 la mode imm\u00e9diate de la collection Koonings The Wedding Palace allient style moderne et \u00e9l\u00e9gance sophistiqu\u00e9e. Ces costumes de mariage sont con\u00e7us pour les mari\u00e9s soucieux de la mode et \u00e0 la recherche d&#8217;un look \u00e0 la fois tendance et intemporel. Gr\u00e2ce \u00e0 des coupes ajust\u00e9es et \u00e0 l&#8217;utilisation de mat\u00e9riaux de haute qualit\u00e9, ces costumes offrent un \u00e9quilibre parfait entre confort et luxe. Qu&#8217;il s&#8217;agisse d&#8217;un mod\u00e8le classique ou d&#8217;une coupe plus audacieuse, Immediate Fashion propose diff\u00e9rents styles qui conviendront \u00e0 tous les mariages. Chaque costume respire la qualit\u00e9 et permet au mari\u00e9 de se sentir confiant et \u00e9l\u00e9gant le jour de son mariage.    <\/p>\n","protected":false},"featured_media":81349,"template":"","meta":{"_acf_changed":false,"ghostkit_customizer_options":"","ghostkit_custom_css":"","ghostkit_custom_js_head":"","ghostkit_custom_js_foot":"","ghostkit_typography":""},"productdetails":[],"productneck":[],"productcolor":[501],"maat":[],"productsupplier":[452],"productsleeve":[],"productcategory":[227],"productsilhouette":[],"productstyle":[],"class_list":["post-84924","product","type-product","status-publish","has-post-thumbnail","hentry","productcolor-501","productsupplier-immediate","productcategory-kostuum"],"acf":[],"yoast_head":"<!-- This site is optimized with the Yoast SEO plugin v27.3 - https:\/\/yoast.com\/product\/yoast-seo-wordpress\/ -->\n<title>Immediate 261-24112A-63 Florence+138 Puglia Waistcoat | Koonings<\/title>\n<meta name=\"description\" content=\"Les costumes de mariage \u00e0 la mode imm\u00e9diate de la collection Koonings The Wedding Palace allient style moderne et \u00e9l\u00e9gance sophistiqu\u00e9e. Ces costumes de mariage sont con\u00e7us pour les mari\u00e9s soucieux de la mode et \u00e0 la recherche d&#039;un look \u00e0 la fois tendance et intemporel. Gr\u00e2ce \u00e0 des coupes ajust\u00e9es et \u00e0 l&#039;utilisation de mat\u00e9riaux de haute qualit\u00e9, ces costumes offrent un \u00e9quilibre parfait entre confort et luxe. Qu&#039;il s&#039;agisse d&#039;un mod\u00e8le classique ou d&#039;une coupe plus audacieuse, Immediate Fashion propose diff\u00e9rents styles qui conviendront \u00e0 tous les mariages. Chaque costume respire la qualit\u00e9 et permet au mari\u00e9 de se sentir confiant et \u00e9l\u00e9gant le jour de son mariage.\" \/>\n<meta name=\"robots\" content=\"index, follow, max-snippet:-1, max-image-preview:large, max-video-preview:-1\" \/>\n<link rel=\"canonical\" href=\"https:\/\/www.koonings.com\/fr\/product\/immediate-261-24112a-63-florence138-puglia-waistcoat\/\" \/>\n<meta property=\"og:locale\" content=\"fr_FR\" \/>\n<meta property=\"og:type\" content=\"article\" \/>\n<meta property=\"og:title\" content=\"Immediate 261-24112A-63 Florence+138 Puglia Waistcoat | Koonings\" \/>\n<meta property=\"og:description\" content=\"Les costumes de mariage \u00e0 la mode imm\u00e9diate de la collection Koonings The Wedding Palace allient style moderne et \u00e9l\u00e9gance sophistiqu\u00e9e. Ces costumes de mariage sont con\u00e7us pour les mari\u00e9s soucieux de la mode et \u00e0 la recherche d&#039;un look \u00e0 la fois tendance et intemporel. Gr\u00e2ce \u00e0 des coupes ajust\u00e9es et \u00e0 l&#039;utilisation de mat\u00e9riaux de haute qualit\u00e9, ces costumes offrent un \u00e9quilibre parfait entre confort et luxe. Qu&#039;il s&#039;agisse d&#039;un mod\u00e8le classique ou d&#039;une coupe plus audacieuse, Immediate Fashion propose diff\u00e9rents styles qui conviendront \u00e0 tous les mariages. Chaque costume respire la qualit\u00e9 et permet au mari\u00e9 de se sentir confiant et \u00e9l\u00e9gant le jour de son mariage.\" \/>\n<meta property=\"og:url\" content=\"https:\/\/www.koonings.com\/fr\/product\/immediate-261-24112a-63-florence138-puglia-waistcoat\/\" \/>\n<meta property=\"og:site_name\" content=\"Koonings\" \/>\n<meta property=\"article:publisher\" content=\"https:\/\/www.facebook.com\/kooningstheweddingpalace\" \/>\n<meta property=\"og:image\" content=\"https:\/\/www.koonings.com\/wp-content\/uploads\/2025\/02\/40105_c2208bd897d8219663e6fbcff50f9564e674c64490c64ad9e5b2ea9ea6abf319d54067cc-scaled.jpeg\" \/>\n\t<meta property=\"og:image:width\" content=\"1808\" \/>\n\t<meta property=\"og:image:height\" content=\"2560\" \/>\n\t<meta property=\"og:image:type\" content=\"image\/jpeg\" \/>\n<meta name=\"twitter:card\" content=\"summary_large_image\" \/>\n<meta name=\"twitter:label1\" content=\"Dur\u00e9e de lecture estim\u00e9e\" \/>\n\t<meta name=\"twitter:data1\" content=\"1 minute\" \/>\n<script type=\"application\/ld+json\" class=\"yoast-schema-graph\">{\"@context\":\"https:\\\/\\\/schema.org\",\"@graph\":[{\"@type\":\"WebPage\",\"@id\":\"https:\\\/\\\/www.koonings.com\\\/fr\\\/product\\\/immediate-261-24112a-63-florence138-puglia-waistcoat\\\/\",\"url\":\"https:\\\/\\\/www.koonings.com\\\/fr\\\/product\\\/immediate-261-24112a-63-florence138-puglia-waistcoat\\\/\",\"name\":\"Immediate 261-24112A-63 Florence+138 Puglia Waistcoat | Koonings\",\"isPartOf\":{\"@id\":\"https:\\\/\\\/www.koonings.com\\\/fr\\\/#website\"},\"primaryImageOfPage\":{\"@id\":\"https:\\\/\\\/www.koonings.com\\\/fr\\\/product\\\/immediate-261-24112a-63-florence138-puglia-waistcoat\\\/#primaryimage\"},\"image\":{\"@id\":\"https:\\\/\\\/www.koonings.com\\\/fr\\\/product\\\/immediate-261-24112a-63-florence138-puglia-waistcoat\\\/#primaryimage\"},\"thumbnailUrl\":\"https:\\\/\\\/www.koonings.com\\\/wp-content\\\/uploads\\\/2025\\\/02\\\/40105_c2208bd897d8219663e6fbcff50f9564e674c64490c64ad9e5b2ea9ea6abf319d54067cc-scaled.jpeg\",\"datePublished\":\"2026-04-14T14:18:12+00:00\",\"description\":\"Les costumes de mariage \u00e0 la mode imm\u00e9diate de la collection Koonings The Wedding Palace allient style moderne et \u00e9l\u00e9gance sophistiqu\u00e9e. Ces costumes de mariage sont con\u00e7us pour les mari\u00e9s soucieux de la mode et \u00e0 la recherche d'un look \u00e0 la fois tendance et intemporel. Gr\u00e2ce \u00e0 des coupes ajust\u00e9es et \u00e0 l'utilisation de mat\u00e9riaux de haute qualit\u00e9, ces costumes offrent un \u00e9quilibre parfait entre confort et luxe. Qu'il s'agisse d'un mod\u00e8le classique ou d'une coupe plus audacieuse, Immediate Fashion propose diff\u00e9rents styles qui conviendront \u00e0 tous les mariages. Chaque costume respire la qualit\u00e9 et permet au mari\u00e9 de se sentir confiant et \u00e9l\u00e9gant le jour de son mariage.\",\"breadcrumb\":{\"@id\":\"https:\\\/\\\/www.koonings.com\\\/fr\\\/product\\\/immediate-261-24112a-63-florence138-puglia-waistcoat\\\/#breadcrumb\"},\"inLanguage\":\"fr-FR\",\"potentialAction\":[{\"@type\":\"ReadAction\",\"target\":[\"https:\\\/\\\/www.koonings.com\\\/fr\\\/product\\\/immediate-261-24112a-63-florence138-puglia-waistcoat\\\/\"]}]},{\"@type\":\"ImageObject\",\"inLanguage\":\"fr-FR\",\"@id\":\"https:\\\/\\\/www.koonings.com\\\/fr\\\/product\\\/immediate-261-24112a-63-florence138-puglia-waistcoat\\\/#primaryimage\",\"url\":\"https:\\\/\\\/www.koonings.com\\\/wp-content\\\/uploads\\\/2025\\\/02\\\/40105_c2208bd897d8219663e6fbcff50f9564e674c64490c64ad9e5b2ea9ea6abf319d54067cc-scaled.jpeg\",\"contentUrl\":\"https:\\\/\\\/www.koonings.com\\\/wp-content\\\/uploads\\\/2025\\\/02\\\/40105_c2208bd897d8219663e6fbcff50f9564e674c64490c64ad9e5b2ea9ea6abf319d54067cc-scaled.jpeg\",\"width\":1808,\"height\":2560},{\"@type\":\"BreadcrumbList\",\"@id\":\"https:\\\/\\\/www.koonings.com\\\/fr\\\/product\\\/immediate-261-24112a-63-florence138-puglia-waistcoat\\\/#breadcrumb\",\"itemListElement\":[{\"@type\":\"ListItem\",\"position\":1,\"name\":\"Home\",\"item\":\"https:\\\/\\\/www.koonings.com\\\/fr\\\/\"},{\"@type\":\"ListItem\",\"position\":2,\"name\":\"Immediate 261-24112A-63 Florence+138 Puglia Waistcoat\"}]},{\"@type\":\"WebSite\",\"@id\":\"https:\\\/\\\/www.koonings.com\\\/fr\\\/#website\",\"url\":\"https:\\\/\\\/www.koonings.com\\\/fr\\\/\",\"name\":\"Koonings\",\"description\":\"De grootste bruidsmodewinkel ter wereld\",\"publisher\":{\"@id\":\"https:\\\/\\\/www.koonings.com\\\/fr\\\/#organization\"},\"potentialAction\":[{\"@type\":\"SearchAction\",\"target\":{\"@type\":\"EntryPoint\",\"urlTemplate\":\"https:\\\/\\\/www.koonings.com\\\/fr\\\/?s={search_term_string}\"},\"query-input\":{\"@type\":\"PropertyValueSpecification\",\"valueRequired\":true,\"valueName\":\"search_term_string\"}}],\"inLanguage\":\"fr-FR\"},{\"@type\":\"Organization\",\"@id\":\"https:\\\/\\\/www.koonings.com\\\/fr\\\/#organization\",\"name\":\"Koonings\",\"url\":\"https:\\\/\\\/www.koonings.com\\\/fr\\\/\",\"logo\":{\"@type\":\"ImageObject\",\"inLanguage\":\"fr-FR\",\"@id\":\"https:\\\/\\\/www.koonings.com\\\/fr\\\/#\\\/schema\\\/logo\\\/image\\\/\",\"url\":\"https:\\\/\\\/www.koonings.com\\\/wp-content\\\/uploads\\\/2024\\\/07\\\/logo.png\",\"contentUrl\":\"https:\\\/\\\/www.koonings.com\\\/wp-content\\\/uploads\\\/2024\\\/07\\\/logo.png\",\"width\":600,\"height\":428,\"caption\":\"Koonings\"},\"image\":{\"@id\":\"https:\\\/\\\/www.koonings.com\\\/fr\\\/#\\\/schema\\\/logo\\\/image\\\/\"},\"sameAs\":[\"https:\\\/\\\/www.facebook.com\\\/kooningstheweddingpalace\",\"https:\\\/\\\/www.instagram.com\\\/kooningstheweddingpalace\",\"https:\\\/\\\/www.pinterest.com\\\/koonings\",\"https:\\\/\\\/www.youtube.com\\\/kooningstheweddingpalace\"]}]}<\/script>\n<!-- \/ Yoast SEO plugin. -->","yoast_head_json":{"title":"Immediate 261-24112A-63 Florence+138 Puglia Waistcoat | Koonings","description":"Les costumes de mariage \u00e0 la mode imm\u00e9diate de la collection Koonings The Wedding Palace allient style moderne et \u00e9l\u00e9gance sophistiqu\u00e9e. Ces costumes de mariage sont con\u00e7us pour les mari\u00e9s soucieux de la mode et \u00e0 la recherche d'un look \u00e0 la fois tendance et intemporel. Gr\u00e2ce \u00e0 des coupes ajust\u00e9es et \u00e0 l'utilisation de mat\u00e9riaux de haute qualit\u00e9, ces costumes offrent un \u00e9quilibre parfait entre confort et luxe. Qu'il s'agisse d'un mod\u00e8le classique ou d'une coupe plus audacieuse, Immediate Fashion propose diff\u00e9rents styles qui conviendront \u00e0 tous les mariages. Chaque costume respire la qualit\u00e9 et permet au mari\u00e9 de se sentir confiant et \u00e9l\u00e9gant le jour de son mariage.","robots":{"index":"index","follow":"follow","max-snippet":"max-snippet:-1","max-image-preview":"max-image-preview:large","max-video-preview":"max-video-preview:-1"},"canonical":"https:\/\/www.koonings.com\/fr\/product\/immediate-261-24112a-63-florence138-puglia-waistcoat\/","og_locale":"fr_FR","og_type":"article","og_title":"Immediate 261-24112A-63 Florence+138 Puglia Waistcoat | Koonings","og_description":"Les costumes de mariage \u00e0 la mode imm\u00e9diate de la collection Koonings The Wedding Palace allient style moderne et \u00e9l\u00e9gance sophistiqu\u00e9e. Ces costumes de mariage sont con\u00e7us pour les mari\u00e9s soucieux de la mode et \u00e0 la recherche d'un look \u00e0 la fois tendance et intemporel. Gr\u00e2ce \u00e0 des coupes ajust\u00e9es et \u00e0 l'utilisation de mat\u00e9riaux de haute qualit\u00e9, ces costumes offrent un \u00e9quilibre parfait entre confort et luxe. Qu'il s'agisse d'un mod\u00e8le classique ou d'une coupe plus audacieuse, Immediate Fashion propose diff\u00e9rents styles qui conviendront \u00e0 tous les mariages. Chaque costume respire la qualit\u00e9 et permet au mari\u00e9 de se sentir confiant et \u00e9l\u00e9gant le jour de son mariage.","og_url":"https:\/\/www.koonings.com\/fr\/product\/immediate-261-24112a-63-florence138-puglia-waistcoat\/","og_site_name":"Koonings","article_publisher":"https:\/\/www.facebook.com\/kooningstheweddingpalace","og_image":[{"width":1808,"height":2560,"url":"https:\/\/www.koonings.com\/wp-content\/uploads\/2025\/02\/40105_c2208bd897d8219663e6fbcff50f9564e674c64490c64ad9e5b2ea9ea6abf319d54067cc-scaled.jpeg","type":"image\/jpeg"}],"twitter_card":"summary_large_image","twitter_misc":{"Dur\u00e9e de lecture estim\u00e9e":"1 minute"},"schema":{"@context":"https:\/\/schema.org","@graph":[{"@type":"WebPage","@id":"https:\/\/www.koonings.com\/fr\/product\/immediate-261-24112a-63-florence138-puglia-waistcoat\/","url":"https:\/\/www.koonings.com\/fr\/product\/immediate-261-24112a-63-florence138-puglia-waistcoat\/","name":"Immediate 261-24112A-63 Florence+138 Puglia Waistcoat | Koonings","isPartOf":{"@id":"https:\/\/www.koonings.com\/fr\/#website"},"primaryImageOfPage":{"@id":"https:\/\/www.koonings.com\/fr\/product\/immediate-261-24112a-63-florence138-puglia-waistcoat\/#primaryimage"},"image":{"@id":"https:\/\/www.koonings.com\/fr\/product\/immediate-261-24112a-63-florence138-puglia-waistcoat\/#primaryimage"},"thumbnailUrl":"https:\/\/www.koonings.com\/wp-content\/uploads\/2025\/02\/40105_c2208bd897d8219663e6fbcff50f9564e674c64490c64ad9e5b2ea9ea6abf319d54067cc-scaled.jpeg","datePublished":"2026-04-14T14:18:12+00:00","description":"Les costumes de mariage \u00e0 la mode imm\u00e9diate de la collection Koonings The Wedding Palace allient style moderne et \u00e9l\u00e9gance sophistiqu\u00e9e. Ces costumes de mariage sont con\u00e7us pour les mari\u00e9s soucieux de la mode et \u00e0 la recherche d'un look \u00e0 la fois tendance et intemporel. Gr\u00e2ce \u00e0 des coupes ajust\u00e9es et \u00e0 l'utilisation de mat\u00e9riaux de haute qualit\u00e9, ces costumes offrent un \u00e9quilibre parfait entre confort et luxe. Qu'il s'agisse d'un mod\u00e8le classique ou d'une coupe plus audacieuse, Immediate Fashion propose diff\u00e9rents styles qui conviendront \u00e0 tous les mariages. Chaque costume respire la qualit\u00e9 et permet au mari\u00e9 de se sentir confiant et \u00e9l\u00e9gant le jour de son mariage.","breadcrumb":{"@id":"https:\/\/www.koonings.com\/fr\/product\/immediate-261-24112a-63-florence138-puglia-waistcoat\/#breadcrumb"},"inLanguage":"fr-FR","potentialAction":[{"@type":"ReadAction","target":["https:\/\/www.koonings.com\/fr\/product\/immediate-261-24112a-63-florence138-puglia-waistcoat\/"]}]},{"@type":"ImageObject","inLanguage":"fr-FR","@id":"https:\/\/www.koonings.com\/fr\/product\/immediate-261-24112a-63-florence138-puglia-waistcoat\/#primaryimage","url":"https:\/\/www.koonings.com\/wp-content\/uploads\/2025\/02\/40105_c2208bd897d8219663e6fbcff50f9564e674c64490c64ad9e5b2ea9ea6abf319d54067cc-scaled.jpeg","contentUrl":"https:\/\/www.koonings.com\/wp-content\/uploads\/2025\/02\/40105_c2208bd897d8219663e6fbcff50f9564e674c64490c64ad9e5b2ea9ea6abf319d54067cc-scaled.jpeg","width":1808,"height":2560},{"@type":"BreadcrumbList","@id":"https:\/\/www.koonings.com\/fr\/product\/immediate-261-24112a-63-florence138-puglia-waistcoat\/#breadcrumb","itemListElement":[{"@type":"ListItem","position":1,"name":"Home","item":"https:\/\/www.koonings.com\/fr\/"},{"@type":"ListItem","position":2,"name":"Immediate 261-24112A-63 Florence+138 Puglia Waistcoat"}]},{"@type":"WebSite","@id":"https:\/\/www.koonings.com\/fr\/#website","url":"https:\/\/www.koonings.com\/fr\/","name":"Koonings","description":"De grootste bruidsmodewinkel ter wereld","publisher":{"@id":"https:\/\/www.koonings.com\/fr\/#organization"},"potentialAction":[{"@type":"SearchAction","target":{"@type":"EntryPoint","urlTemplate":"https:\/\/www.koonings.com\/fr\/?s={search_term_string}"},"query-input":{"@type":"PropertyValueSpecification","valueRequired":true,"valueName":"search_term_string"}}],"inLanguage":"fr-FR"},{"@type":"Organization","@id":"https:\/\/www.koonings.com\/fr\/#organization","name":"Koonings","url":"https:\/\/www.koonings.com\/fr\/","logo":{"@type":"ImageObject","inLanguage":"fr-FR","@id":"https:\/\/www.koonings.com\/fr\/#\/schema\/logo\/image\/","url":"https:\/\/www.koonings.com\/wp-content\/uploads\/2024\/07\/logo.png","contentUrl":"https:\/\/www.koonings.com\/wp-content\/uploads\/2024\/07\/logo.png","width":600,"height":428,"caption":"Koonings"},"image":{"@id":"https:\/\/www.koonings.com\/fr\/#\/schema\/logo\/image\/"},"sameAs":["https:\/\/www.facebook.com\/kooningstheweddingpalace","https:\/\/www.instagram.com\/kooningstheweddingpalace","https:\/\/www.pinterest.com\/koonings","https:\/\/www.youtube.com\/kooningstheweddingpalace"]}]}},"_links":{"self":[{"href":"https:\/\/www.koonings.com\/fr\/wp-json\/wp\/v2\/product\/84924","targetHints":{"allow":["GET"]}}],"collection":[{"href":"https:\/\/www.koonings.com\/fr\/wp-json\/wp\/v2\/product"}],"about":[{"href":"https:\/\/www.koonings.com\/fr\/wp-json\/wp\/v2\/types\/product"}],"wp:featuredmedia":[{"embeddable":true,"href":"https:\/\/www.koonings.com\/fr\/wp-json\/wp\/v2\/media\/81349"}],"wp:attachment":[{"href":"https:\/\/www.koonings.com\/fr\/wp-json\/wp\/v2\/media?parent=84924"}],"wp:term":[{"taxonomy":"productdetails","embeddable":true,"href":"https:\/\/www.koonings.com\/fr\/wp-json\/wp\/v2\/productdetails?post=84924"},{"taxonomy":"productneck","embeddable":true,"href":"https:\/\/www.koonings.com\/fr\/wp-json\/wp\/v2\/productneck?post=84924"},{"taxonomy":"productcolor","embeddable":true,"href":"https:\/\/www.koonings.com\/fr\/wp-json\/wp\/v2\/productcolor?post=84924"},{"taxonomy":"maat","embeddable":true,"href":"https:\/\/www.koonings.com\/fr\/wp-json\/wp\/v2\/maat?post=84924"},{"taxonomy":"productsupplier","embeddable":true,"href":"https:\/\/www.koonings.com\/fr\/wp-json\/wp\/v2\/productsupplier?post=84924"},{"taxonomy":"productsleeve","embeddable":true,"href":"https:\/\/www.koonings.com\/fr\/wp-json\/wp\/v2\/productsleeve?post=84924"},{"taxonomy":"productcategory","embeddable":true,"href":"https:\/\/www.koonings.com\/fr\/wp-json\/wp\/v2\/productcategory?post=84924"},{"taxonomy":"productsilhouette","embeddable":true,"href":"https:\/\/www.koonings.com\/fr\/wp-json\/wp\/v2\/productsilhouette?post=84924"},{"taxonomy":"productstyle","embeddable":true,"href":"https:\/\/www.koonings.com\/fr\/wp-json\/wp\/v2\/productstyle?post=84924"}],"curies":[{"name":"wp","href":"https:\/\/api.w.org\/{rel}","templated":true}]}}