{"id":84921,"date":"2026-04-14T16:18:11","date_gmt":"2026-04-14T14:18:11","guid":{"rendered":"https:\/\/www.koonings.com\/product\/immediate-361-24117a-21-florence\/"},"modified":"2025-06-05T13:55:51","modified_gmt":"2025-06-05T11:55:51","slug":"immediate-361-24117a-21-florence","status":"publish","type":"product","link":"https:\/\/www.koonings.com\/fr\/product\/immediate-361-24117a-21-florence\/","title":{"rendered":"Immediate 361-24117A-21 Florence"},"content":{"rendered":"<p>Ce costume de mariage de la collection Immediate Fashion de Koonings The Wedding Palace est disponible dans la couleur sable tr\u00e8s tendance. Le gilet \u00e0 coupe \u00e9troite est associ\u00e9 \u00e0 une \u00e9l\u00e9gante cravate ivoire et \u00e0 un carr\u00e9 de poche assorti. Coup\u00e9 selon les derni\u00e8res tendances, ce costume offre \u00e0 la fois un look sophistiqu\u00e9 et une coupe confortable, avec des mat\u00e9riaux subtils et une laine raffin\u00e9e.  <\/p>\n","protected":false},"featured_media":81327,"template":"","meta":{"_acf_changed":false,"ghostkit_customizer_options":"","ghostkit_custom_css":"","ghostkit_custom_js_head":"","ghostkit_custom_js_foot":"","ghostkit_typography":""},"productdetails":[],"productneck":[],"productcolor":[454],"maat":[],"productsupplier":[452],"productsleeve":[],"productcategory":[227],"productsilhouette":[],"productstyle":[],"class_list":["post-84921","product","type-product","status-publish","has-post-thumbnail","hentry","productcolor-454","productsupplier-immediate","productcategory-kostuum"],"acf":[],"yoast_head":"<!-- This site is optimized with the Yoast SEO plugin v27.3 - https:\/\/yoast.com\/product\/yoast-seo-wordpress\/ -->\n<title>Immediate 361-24117A-21 Florence | Koonings<\/title>\n<meta name=\"description\" content=\"Ce costume de mariage de la collection Immediate Fashion de Koonings The Wedding Palace est disponible dans la couleur sable tr\u00e8s tendance. Le gilet \u00e0 coupe \u00e9troite est associ\u00e9 \u00e0 une \u00e9l\u00e9gante cravate ivoire et \u00e0 un carr\u00e9 de poche assorti. Coup\u00e9 selon les derni\u00e8res tendances, ce costume offre \u00e0 la fois un look sophistiqu\u00e9 et une coupe confortable, avec des mat\u00e9riaux subtils et une laine raffin\u00e9e.\" \/>\n<meta name=\"robots\" content=\"index, follow, max-snippet:-1, max-image-preview:large, max-video-preview:-1\" \/>\n<link rel=\"canonical\" href=\"https:\/\/www.koonings.com\/fr\/product\/immediate-361-24117a-21-florence\/\" \/>\n<meta property=\"og:locale\" content=\"fr_FR\" \/>\n<meta property=\"og:type\" content=\"article\" \/>\n<meta property=\"og:title\" content=\"Immediate 361-24117A-21 Florence | Koonings\" \/>\n<meta property=\"og:description\" content=\"Ce costume de mariage de la collection Immediate Fashion de Koonings The Wedding Palace est disponible dans la couleur sable tr\u00e8s tendance. Le gilet \u00e0 coupe \u00e9troite est associ\u00e9 \u00e0 une \u00e9l\u00e9gante cravate ivoire et \u00e0 un carr\u00e9 de poche assorti. Coup\u00e9 selon les derni\u00e8res tendances, ce costume offre \u00e0 la fois un look sophistiqu\u00e9 et une coupe confortable, avec des mat\u00e9riaux subtils et une laine raffin\u00e9e.\" \/>\n<meta property=\"og:url\" content=\"https:\/\/www.koonings.com\/fr\/product\/immediate-361-24117a-21-florence\/\" \/>\n<meta property=\"og:site_name\" content=\"Koonings\" \/>\n<meta property=\"article:publisher\" content=\"https:\/\/www.facebook.com\/kooningstheweddingpalace\" \/>\n<meta property=\"og:image\" content=\"https:\/\/www.koonings.com\/wp-content\/uploads\/2025\/02\/40100_db411e3c8138c83547f93a3d331917ea0216a647ae1002562d2b0053becb1bef19f3de33-scaled.jpeg\" \/>\n\t<meta property=\"og:image:width\" content=\"1811\" \/>\n\t<meta property=\"og:image:height\" content=\"2560\" \/>\n\t<meta property=\"og:image:type\" content=\"image\/jpeg\" \/>\n<meta name=\"twitter:card\" content=\"summary_large_image\" \/>\n<script type=\"application\/ld+json\" class=\"yoast-schema-graph\">{\"@context\":\"https:\\\/\\\/schema.org\",\"@graph\":[{\"@type\":\"WebPage\",\"@id\":\"https:\\\/\\\/www.koonings.com\\\/fr\\\/product\\\/immediate-361-24117a-21-florence\\\/\",\"url\":\"https:\\\/\\\/www.koonings.com\\\/fr\\\/product\\\/immediate-361-24117a-21-florence\\\/\",\"name\":\"Immediate 361-24117A-21 Florence | Koonings\",\"isPartOf\":{\"@id\":\"https:\\\/\\\/www.koonings.com\\\/fr\\\/#website\"},\"primaryImageOfPage\":{\"@id\":\"https:\\\/\\\/www.koonings.com\\\/fr\\\/product\\\/immediate-361-24117a-21-florence\\\/#primaryimage\"},\"image\":{\"@id\":\"https:\\\/\\\/www.koonings.com\\\/fr\\\/product\\\/immediate-361-24117a-21-florence\\\/#primaryimage\"},\"thumbnailUrl\":\"https:\\\/\\\/www.koonings.com\\\/wp-content\\\/uploads\\\/2025\\\/02\\\/40100_db411e3c8138c83547f93a3d331917ea0216a647ae1002562d2b0053becb1bef19f3de33-scaled.jpeg\",\"datePublished\":\"2026-04-14T14:18:11+00:00\",\"description\":\"Ce costume de mariage de la collection Immediate Fashion de Koonings The Wedding Palace est disponible dans la couleur sable tr\u00e8s tendance. Le gilet \u00e0 coupe \u00e9troite est associ\u00e9 \u00e0 une \u00e9l\u00e9gante cravate ivoire et \u00e0 un carr\u00e9 de poche assorti. Coup\u00e9 selon les derni\u00e8res tendances, ce costume offre \u00e0 la fois un look sophistiqu\u00e9 et une coupe confortable, avec des mat\u00e9riaux subtils et une laine raffin\u00e9e.\",\"breadcrumb\":{\"@id\":\"https:\\\/\\\/www.koonings.com\\\/fr\\\/product\\\/immediate-361-24117a-21-florence\\\/#breadcrumb\"},\"inLanguage\":\"fr-FR\",\"potentialAction\":[{\"@type\":\"ReadAction\",\"target\":[\"https:\\\/\\\/www.koonings.com\\\/fr\\\/product\\\/immediate-361-24117a-21-florence\\\/\"]}]},{\"@type\":\"ImageObject\",\"inLanguage\":\"fr-FR\",\"@id\":\"https:\\\/\\\/www.koonings.com\\\/fr\\\/product\\\/immediate-361-24117a-21-florence\\\/#primaryimage\",\"url\":\"https:\\\/\\\/www.koonings.com\\\/wp-content\\\/uploads\\\/2025\\\/02\\\/40100_db411e3c8138c83547f93a3d331917ea0216a647ae1002562d2b0053becb1bef19f3de33-scaled.jpeg\",\"contentUrl\":\"https:\\\/\\\/www.koonings.com\\\/wp-content\\\/uploads\\\/2025\\\/02\\\/40100_db411e3c8138c83547f93a3d331917ea0216a647ae1002562d2b0053becb1bef19f3de33-scaled.jpeg\",\"width\":1811,\"height\":2560},{\"@type\":\"BreadcrumbList\",\"@id\":\"https:\\\/\\\/www.koonings.com\\\/fr\\\/product\\\/immediate-361-24117a-21-florence\\\/#breadcrumb\",\"itemListElement\":[{\"@type\":\"ListItem\",\"position\":1,\"name\":\"Home\",\"item\":\"https:\\\/\\\/www.koonings.com\\\/fr\\\/\"},{\"@type\":\"ListItem\",\"position\":2,\"name\":\"Immediate 361-24117A-21 Florence\"}]},{\"@type\":\"WebSite\",\"@id\":\"https:\\\/\\\/www.koonings.com\\\/fr\\\/#website\",\"url\":\"https:\\\/\\\/www.koonings.com\\\/fr\\\/\",\"name\":\"Koonings\",\"description\":\"De grootste bruidsmodewinkel ter wereld\",\"publisher\":{\"@id\":\"https:\\\/\\\/www.koonings.com\\\/fr\\\/#organization\"},\"potentialAction\":[{\"@type\":\"SearchAction\",\"target\":{\"@type\":\"EntryPoint\",\"urlTemplate\":\"https:\\\/\\\/www.koonings.com\\\/fr\\\/?s={search_term_string}\"},\"query-input\":{\"@type\":\"PropertyValueSpecification\",\"valueRequired\":true,\"valueName\":\"search_term_string\"}}],\"inLanguage\":\"fr-FR\"},{\"@type\":\"Organization\",\"@id\":\"https:\\\/\\\/www.koonings.com\\\/fr\\\/#organization\",\"name\":\"Koonings\",\"url\":\"https:\\\/\\\/www.koonings.com\\\/fr\\\/\",\"logo\":{\"@type\":\"ImageObject\",\"inLanguage\":\"fr-FR\",\"@id\":\"https:\\\/\\\/www.koonings.com\\\/fr\\\/#\\\/schema\\\/logo\\\/image\\\/\",\"url\":\"https:\\\/\\\/www.koonings.com\\\/wp-content\\\/uploads\\\/2024\\\/07\\\/logo.png\",\"contentUrl\":\"https:\\\/\\\/www.koonings.com\\\/wp-content\\\/uploads\\\/2024\\\/07\\\/logo.png\",\"width\":600,\"height\":428,\"caption\":\"Koonings\"},\"image\":{\"@id\":\"https:\\\/\\\/www.koonings.com\\\/fr\\\/#\\\/schema\\\/logo\\\/image\\\/\"},\"sameAs\":[\"https:\\\/\\\/www.facebook.com\\\/kooningstheweddingpalace\",\"https:\\\/\\\/www.instagram.com\\\/kooningstheweddingpalace\",\"https:\\\/\\\/www.pinterest.com\\\/koonings\",\"https:\\\/\\\/www.youtube.com\\\/kooningstheweddingpalace\"]}]}<\/script>\n<!-- \/ Yoast SEO plugin. -->","yoast_head_json":{"title":"Immediate 361-24117A-21 Florence | Koonings","description":"Ce costume de mariage de la collection Immediate Fashion de Koonings The Wedding Palace est disponible dans la couleur sable tr\u00e8s tendance. Le gilet \u00e0 coupe \u00e9troite est associ\u00e9 \u00e0 une \u00e9l\u00e9gante cravate ivoire et \u00e0 un carr\u00e9 de poche assorti. Coup\u00e9 selon les derni\u00e8res tendances, ce costume offre \u00e0 la fois un look sophistiqu\u00e9 et une coupe confortable, avec des mat\u00e9riaux subtils et une laine raffin\u00e9e.","robots":{"index":"index","follow":"follow","max-snippet":"max-snippet:-1","max-image-preview":"max-image-preview:large","max-video-preview":"max-video-preview:-1"},"canonical":"https:\/\/www.koonings.com\/fr\/product\/immediate-361-24117a-21-florence\/","og_locale":"fr_FR","og_type":"article","og_title":"Immediate 361-24117A-21 Florence | Koonings","og_description":"Ce costume de mariage de la collection Immediate Fashion de Koonings The Wedding Palace est disponible dans la couleur sable tr\u00e8s tendance. Le gilet \u00e0 coupe \u00e9troite est associ\u00e9 \u00e0 une \u00e9l\u00e9gante cravate ivoire et \u00e0 un carr\u00e9 de poche assorti. Coup\u00e9 selon les derni\u00e8res tendances, ce costume offre \u00e0 la fois un look sophistiqu\u00e9 et une coupe confortable, avec des mat\u00e9riaux subtils et une laine raffin\u00e9e.","og_url":"https:\/\/www.koonings.com\/fr\/product\/immediate-361-24117a-21-florence\/","og_site_name":"Koonings","article_publisher":"https:\/\/www.facebook.com\/kooningstheweddingpalace","og_image":[{"width":1811,"height":2560,"url":"https:\/\/www.koonings.com\/wp-content\/uploads\/2025\/02\/40100_db411e3c8138c83547f93a3d331917ea0216a647ae1002562d2b0053becb1bef19f3de33-scaled.jpeg","type":"image\/jpeg"}],"twitter_card":"summary_large_image","schema":{"@context":"https:\/\/schema.org","@graph":[{"@type":"WebPage","@id":"https:\/\/www.koonings.com\/fr\/product\/immediate-361-24117a-21-florence\/","url":"https:\/\/www.koonings.com\/fr\/product\/immediate-361-24117a-21-florence\/","name":"Immediate 361-24117A-21 Florence | Koonings","isPartOf":{"@id":"https:\/\/www.koonings.com\/fr\/#website"},"primaryImageOfPage":{"@id":"https:\/\/www.koonings.com\/fr\/product\/immediate-361-24117a-21-florence\/#primaryimage"},"image":{"@id":"https:\/\/www.koonings.com\/fr\/product\/immediate-361-24117a-21-florence\/#primaryimage"},"thumbnailUrl":"https:\/\/www.koonings.com\/wp-content\/uploads\/2025\/02\/40100_db411e3c8138c83547f93a3d331917ea0216a647ae1002562d2b0053becb1bef19f3de33-scaled.jpeg","datePublished":"2026-04-14T14:18:11+00:00","description":"Ce costume de mariage de la collection Immediate Fashion de Koonings The Wedding Palace est disponible dans la couleur sable tr\u00e8s tendance. Le gilet \u00e0 coupe \u00e9troite est associ\u00e9 \u00e0 une \u00e9l\u00e9gante cravate ivoire et \u00e0 un carr\u00e9 de poche assorti. Coup\u00e9 selon les derni\u00e8res tendances, ce costume offre \u00e0 la fois un look sophistiqu\u00e9 et une coupe confortable, avec des mat\u00e9riaux subtils et une laine raffin\u00e9e.","breadcrumb":{"@id":"https:\/\/www.koonings.com\/fr\/product\/immediate-361-24117a-21-florence\/#breadcrumb"},"inLanguage":"fr-FR","potentialAction":[{"@type":"ReadAction","target":["https:\/\/www.koonings.com\/fr\/product\/immediate-361-24117a-21-florence\/"]}]},{"@type":"ImageObject","inLanguage":"fr-FR","@id":"https:\/\/www.koonings.com\/fr\/product\/immediate-361-24117a-21-florence\/#primaryimage","url":"https:\/\/www.koonings.com\/wp-content\/uploads\/2025\/02\/40100_db411e3c8138c83547f93a3d331917ea0216a647ae1002562d2b0053becb1bef19f3de33-scaled.jpeg","contentUrl":"https:\/\/www.koonings.com\/wp-content\/uploads\/2025\/02\/40100_db411e3c8138c83547f93a3d331917ea0216a647ae1002562d2b0053becb1bef19f3de33-scaled.jpeg","width":1811,"height":2560},{"@type":"BreadcrumbList","@id":"https:\/\/www.koonings.com\/fr\/product\/immediate-361-24117a-21-florence\/#breadcrumb","itemListElement":[{"@type":"ListItem","position":1,"name":"Home","item":"https:\/\/www.koonings.com\/fr\/"},{"@type":"ListItem","position":2,"name":"Immediate 361-24117A-21 Florence"}]},{"@type":"WebSite","@id":"https:\/\/www.koonings.com\/fr\/#website","url":"https:\/\/www.koonings.com\/fr\/","name":"Koonings","description":"De grootste bruidsmodewinkel ter wereld","publisher":{"@id":"https:\/\/www.koonings.com\/fr\/#organization"},"potentialAction":[{"@type":"SearchAction","target":{"@type":"EntryPoint","urlTemplate":"https:\/\/www.koonings.com\/fr\/?s={search_term_string}"},"query-input":{"@type":"PropertyValueSpecification","valueRequired":true,"valueName":"search_term_string"}}],"inLanguage":"fr-FR"},{"@type":"Organization","@id":"https:\/\/www.koonings.com\/fr\/#organization","name":"Koonings","url":"https:\/\/www.koonings.com\/fr\/","logo":{"@type":"ImageObject","inLanguage":"fr-FR","@id":"https:\/\/www.koonings.com\/fr\/#\/schema\/logo\/image\/","url":"https:\/\/www.koonings.com\/wp-content\/uploads\/2024\/07\/logo.png","contentUrl":"https:\/\/www.koonings.com\/wp-content\/uploads\/2024\/07\/logo.png","width":600,"height":428,"caption":"Koonings"},"image":{"@id":"https:\/\/www.koonings.com\/fr\/#\/schema\/logo\/image\/"},"sameAs":["https:\/\/www.facebook.com\/kooningstheweddingpalace","https:\/\/www.instagram.com\/kooningstheweddingpalace","https:\/\/www.pinterest.com\/koonings","https:\/\/www.youtube.com\/kooningstheweddingpalace"]}]}},"_links":{"self":[{"href":"https:\/\/www.koonings.com\/fr\/wp-json\/wp\/v2\/product\/84921","targetHints":{"allow":["GET"]}}],"collection":[{"href":"https:\/\/www.koonings.com\/fr\/wp-json\/wp\/v2\/product"}],"about":[{"href":"https:\/\/www.koonings.com\/fr\/wp-json\/wp\/v2\/types\/product"}],"wp:featuredmedia":[{"embeddable":true,"href":"https:\/\/www.koonings.com\/fr\/wp-json\/wp\/v2\/media\/81327"}],"wp:attachment":[{"href":"https:\/\/www.koonings.com\/fr\/wp-json\/wp\/v2\/media?parent=84921"}],"wp:term":[{"taxonomy":"productdetails","embeddable":true,"href":"https:\/\/www.koonings.com\/fr\/wp-json\/wp\/v2\/productdetails?post=84921"},{"taxonomy":"productneck","embeddable":true,"href":"https:\/\/www.koonings.com\/fr\/wp-json\/wp\/v2\/productneck?post=84921"},{"taxonomy":"productcolor","embeddable":true,"href":"https:\/\/www.koonings.com\/fr\/wp-json\/wp\/v2\/productcolor?post=84921"},{"taxonomy":"maat","embeddable":true,"href":"https:\/\/www.koonings.com\/fr\/wp-json\/wp\/v2\/maat?post=84921"},{"taxonomy":"productsupplier","embeddable":true,"href":"https:\/\/www.koonings.com\/fr\/wp-json\/wp\/v2\/productsupplier?post=84921"},{"taxonomy":"productsleeve","embeddable":true,"href":"https:\/\/www.koonings.com\/fr\/wp-json\/wp\/v2\/productsleeve?post=84921"},{"taxonomy":"productcategory","embeddable":true,"href":"https:\/\/www.koonings.com\/fr\/wp-json\/wp\/v2\/productcategory?post=84921"},{"taxonomy":"productsilhouette","embeddable":true,"href":"https:\/\/www.koonings.com\/fr\/wp-json\/wp\/v2\/productsilhouette?post=84921"},{"taxonomy":"productstyle","embeddable":true,"href":"https:\/\/www.koonings.com\/fr\/wp-json\/wp\/v2\/productstyle?post=84921"}],"curies":[{"name":"wp","href":"https:\/\/api.w.org\/{rel}","templated":true}]}}