{"id":84916,"date":"2026-05-06T15:30:40","date_gmt":"2026-05-06T13:30:40","guid":{"rendered":"https:\/\/www.koonings.com\/product\/berta-bridal-25-07\/"},"modified":"2025-06-05T13:56:30","modified_gmt":"2025-06-05T11:56:30","slug":"berta-bridal-25-07","status":"publish","type":"product","link":"https:\/\/www.koonings.com\/fr\/product\/berta-bridal-25-07\/","title":{"rendered":"Berta Bridal 25-07"},"content":{"rendered":"<p>La robe de mari\u00e9e Berta Bridal mod\u00e8le 25-07 est une cr\u00e9ation \u00e9tonnante de la derni\u00e8re collection, parfaite pour la mari\u00e9e qui souhaite combiner luxe et \u00e9l\u00e9gance. Avec ses d\u00e9tails raffin\u00e9s, sa coupe sensuelle et son design intemporel, cette robe respire la classe pure. La finition exclusive et les mat\u00e9riaux de haute qualit\u00e9 en font un v\u00e9ritable objet de convoitise. Cette magnifique robe de mari\u00e9e est disponible exclusivement chez Koonings The Wedding Palace, le sp\u00e9cialiste de la mode nuptiale o\u00f9 les r\u00eaves deviennent r\u00e9alit\u00e9.   <\/p>\n","protected":false},"featured_media":81400,"template":"","meta":{"_acf_changed":false,"ghostkit_customizer_options":"","ghostkit_custom_css":"","ghostkit_custom_js_head":"","ghostkit_custom_js_foot":"","ghostkit_typography":""},"productdetails":[379,376],"productneck":[354],"productcolor":[392],"maat":[],"productsupplier":[463],"productsleeve":[362],"productcategory":[18],"productsilhouette":[388],"productstyle":[372,366],"class_list":["post-84916","product","type-product","status-publish","has-post-thumbnail","hentry","productdetails-379","productdetails-376","productneck-354","productcolor-392","productsupplier-berta-bridal","productsleeve-362","productcategory-trouwjurken","productsilhouette-388","productstyle-372","productstyle-366"],"acf":[],"yoast_head":"<!-- This site is optimized with the Yoast SEO plugin v27.3 - https:\/\/yoast.com\/product\/yoast-seo-wordpress\/ -->\n<title>Berta Bridal 25-07 | Koonings<\/title>\n<meta name=\"description\" content=\"La robe de mari\u00e9e Berta Bridal mod\u00e8le 25-07 est une cr\u00e9ation \u00e9tonnante de la derni\u00e8re collection, parfaite pour la mari\u00e9e qui souhaite combiner luxe et \u00e9l\u00e9gance. Avec ses d\u00e9tails raffin\u00e9s, sa coupe sensuelle et son design intemporel, cette robe respire la classe pure. La finition exclusive et les mat\u00e9riaux de haute qualit\u00e9 en font un v\u00e9ritable objet de convoitise. Cette magnifique robe de mari\u00e9e est disponible exclusivement chez Koonings The Wedding Palace, le sp\u00e9cialiste de la mode nuptiale o\u00f9 les r\u00eaves deviennent r\u00e9alit\u00e9.\" \/>\n<meta name=\"robots\" content=\"index, follow, max-snippet:-1, max-image-preview:large, max-video-preview:-1\" \/>\n<link rel=\"canonical\" href=\"https:\/\/www.koonings.com\/fr\/product\/berta-bridal-25-07\/\" \/>\n<meta property=\"og:locale\" content=\"fr_FR\" \/>\n<meta property=\"og:type\" content=\"article\" \/>\n<meta property=\"og:title\" content=\"Berta Bridal 25-07 | Koonings\" \/>\n<meta property=\"og:description\" content=\"La robe de mari\u00e9e Berta Bridal mod\u00e8le 25-07 est une cr\u00e9ation \u00e9tonnante de la derni\u00e8re collection, parfaite pour la mari\u00e9e qui souhaite combiner luxe et \u00e9l\u00e9gance. Avec ses d\u00e9tails raffin\u00e9s, sa coupe sensuelle et son design intemporel, cette robe respire la classe pure. La finition exclusive et les mat\u00e9riaux de haute qualit\u00e9 en font un v\u00e9ritable objet de convoitise. Cette magnifique robe de mari\u00e9e est disponible exclusivement chez Koonings The Wedding Palace, le sp\u00e9cialiste de la mode nuptiale o\u00f9 les r\u00eaves deviennent r\u00e9alit\u00e9.\" \/>\n<meta property=\"og:url\" content=\"https:\/\/www.koonings.com\/fr\/product\/berta-bridal-25-07\/\" \/>\n<meta property=\"og:site_name\" content=\"Koonings\" \/>\n<meta property=\"article:publisher\" content=\"https:\/\/www.facebook.com\/kooningstheweddingpalace\" \/>\n<meta property=\"og:image\" content=\"https:\/\/www.koonings.com\/wp-content\/uploads\/2025\/02\/49816_076fcacb2deb8105e16bb9aad0bc698c792ff1e182242dbfe40d92a7dfd9495c79ba8296-scaled.jpeg\" \/>\n\t<meta property=\"og:image:width\" content=\"1813\" \/>\n\t<meta property=\"og:image:height\" content=\"2560\" \/>\n\t<meta property=\"og:image:type\" content=\"image\/jpeg\" \/>\n<meta name=\"twitter:card\" content=\"summary_large_image\" \/>\n<script type=\"application\/ld+json\" class=\"yoast-schema-graph\">{\"@context\":\"https:\\\/\\\/schema.org\",\"@graph\":[{\"@type\":\"WebPage\",\"@id\":\"https:\\\/\\\/www.koonings.com\\\/fr\\\/product\\\/berta-bridal-25-07\\\/\",\"url\":\"https:\\\/\\\/www.koonings.com\\\/fr\\\/product\\\/berta-bridal-25-07\\\/\",\"name\":\"Berta Bridal 25-07 | Koonings\",\"isPartOf\":{\"@id\":\"https:\\\/\\\/www.koonings.com\\\/fr\\\/#website\"},\"primaryImageOfPage\":{\"@id\":\"https:\\\/\\\/www.koonings.com\\\/fr\\\/product\\\/berta-bridal-25-07\\\/#primaryimage\"},\"image\":{\"@id\":\"https:\\\/\\\/www.koonings.com\\\/fr\\\/product\\\/berta-bridal-25-07\\\/#primaryimage\"},\"thumbnailUrl\":\"https:\\\/\\\/www.koonings.com\\\/wp-content\\\/uploads\\\/2025\\\/02\\\/49816_076fcacb2deb8105e16bb9aad0bc698c792ff1e182242dbfe40d92a7dfd9495c79ba8296-scaled.jpeg\",\"datePublished\":\"2026-05-06T13:30:40+00:00\",\"description\":\"La robe de mari\u00e9e Berta Bridal mod\u00e8le 25-07 est une cr\u00e9ation \u00e9tonnante de la derni\u00e8re collection, parfaite pour la mari\u00e9e qui souhaite combiner luxe et \u00e9l\u00e9gance. Avec ses d\u00e9tails raffin\u00e9s, sa coupe sensuelle et son design intemporel, cette robe respire la classe pure. La finition exclusive et les mat\u00e9riaux de haute qualit\u00e9 en font un v\u00e9ritable objet de convoitise. Cette magnifique robe de mari\u00e9e est disponible exclusivement chez Koonings The Wedding Palace, le sp\u00e9cialiste de la mode nuptiale o\u00f9 les r\u00eaves deviennent r\u00e9alit\u00e9.\",\"breadcrumb\":{\"@id\":\"https:\\\/\\\/www.koonings.com\\\/fr\\\/product\\\/berta-bridal-25-07\\\/#breadcrumb\"},\"inLanguage\":\"fr-FR\",\"potentialAction\":[{\"@type\":\"ReadAction\",\"target\":[\"https:\\\/\\\/www.koonings.com\\\/fr\\\/product\\\/berta-bridal-25-07\\\/\"]}]},{\"@type\":\"ImageObject\",\"inLanguage\":\"fr-FR\",\"@id\":\"https:\\\/\\\/www.koonings.com\\\/fr\\\/product\\\/berta-bridal-25-07\\\/#primaryimage\",\"url\":\"https:\\\/\\\/www.koonings.com\\\/wp-content\\\/uploads\\\/2025\\\/02\\\/49816_076fcacb2deb8105e16bb9aad0bc698c792ff1e182242dbfe40d92a7dfd9495c79ba8296-scaled.jpeg\",\"contentUrl\":\"https:\\\/\\\/www.koonings.com\\\/wp-content\\\/uploads\\\/2025\\\/02\\\/49816_076fcacb2deb8105e16bb9aad0bc698c792ff1e182242dbfe40d92a7dfd9495c79ba8296-scaled.jpeg\",\"width\":1813,\"height\":2560},{\"@type\":\"BreadcrumbList\",\"@id\":\"https:\\\/\\\/www.koonings.com\\\/fr\\\/product\\\/berta-bridal-25-07\\\/#breadcrumb\",\"itemListElement\":[{\"@type\":\"ListItem\",\"position\":1,\"name\":\"Home\",\"item\":\"https:\\\/\\\/www.koonings.com\\\/fr\\\/\"},{\"@type\":\"ListItem\",\"position\":2,\"name\":\"Berta Bridal 25-07\"}]},{\"@type\":\"WebSite\",\"@id\":\"https:\\\/\\\/www.koonings.com\\\/fr\\\/#website\",\"url\":\"https:\\\/\\\/www.koonings.com\\\/fr\\\/\",\"name\":\"Koonings\",\"description\":\"De grootste bruidsmodewinkel ter wereld\",\"publisher\":{\"@id\":\"https:\\\/\\\/www.koonings.com\\\/fr\\\/#organization\"},\"potentialAction\":[{\"@type\":\"SearchAction\",\"target\":{\"@type\":\"EntryPoint\",\"urlTemplate\":\"https:\\\/\\\/www.koonings.com\\\/fr\\\/?s={search_term_string}\"},\"query-input\":{\"@type\":\"PropertyValueSpecification\",\"valueRequired\":true,\"valueName\":\"search_term_string\"}}],\"inLanguage\":\"fr-FR\"},{\"@type\":\"Organization\",\"@id\":\"https:\\\/\\\/www.koonings.com\\\/fr\\\/#organization\",\"name\":\"Koonings\",\"url\":\"https:\\\/\\\/www.koonings.com\\\/fr\\\/\",\"logo\":{\"@type\":\"ImageObject\",\"inLanguage\":\"fr-FR\",\"@id\":\"https:\\\/\\\/www.koonings.com\\\/fr\\\/#\\\/schema\\\/logo\\\/image\\\/\",\"url\":\"https:\\\/\\\/www.koonings.com\\\/wp-content\\\/uploads\\\/2024\\\/07\\\/logo.png\",\"contentUrl\":\"https:\\\/\\\/www.koonings.com\\\/wp-content\\\/uploads\\\/2024\\\/07\\\/logo.png\",\"width\":600,\"height\":428,\"caption\":\"Koonings\"},\"image\":{\"@id\":\"https:\\\/\\\/www.koonings.com\\\/fr\\\/#\\\/schema\\\/logo\\\/image\\\/\"},\"sameAs\":[\"https:\\\/\\\/www.facebook.com\\\/kooningstheweddingpalace\",\"https:\\\/\\\/www.instagram.com\\\/kooningstheweddingpalace\",\"https:\\\/\\\/www.pinterest.com\\\/koonings\",\"https:\\\/\\\/www.youtube.com\\\/kooningstheweddingpalace\"]}]}<\/script>\n<!-- \/ Yoast SEO plugin. -->","yoast_head_json":{"title":"Berta Bridal 25-07 | Koonings","description":"La robe de mari\u00e9e Berta Bridal mod\u00e8le 25-07 est une cr\u00e9ation \u00e9tonnante de la derni\u00e8re collection, parfaite pour la mari\u00e9e qui souhaite combiner luxe et \u00e9l\u00e9gance. Avec ses d\u00e9tails raffin\u00e9s, sa coupe sensuelle et son design intemporel, cette robe respire la classe pure. La finition exclusive et les mat\u00e9riaux de haute qualit\u00e9 en font un v\u00e9ritable objet de convoitise. Cette magnifique robe de mari\u00e9e est disponible exclusivement chez Koonings The Wedding Palace, le sp\u00e9cialiste de la mode nuptiale o\u00f9 les r\u00eaves deviennent r\u00e9alit\u00e9.","robots":{"index":"index","follow":"follow","max-snippet":"max-snippet:-1","max-image-preview":"max-image-preview:large","max-video-preview":"max-video-preview:-1"},"canonical":"https:\/\/www.koonings.com\/fr\/product\/berta-bridal-25-07\/","og_locale":"fr_FR","og_type":"article","og_title":"Berta Bridal 25-07 | Koonings","og_description":"La robe de mari\u00e9e Berta Bridal mod\u00e8le 25-07 est une cr\u00e9ation \u00e9tonnante de la derni\u00e8re collection, parfaite pour la mari\u00e9e qui souhaite combiner luxe et \u00e9l\u00e9gance. Avec ses d\u00e9tails raffin\u00e9s, sa coupe sensuelle et son design intemporel, cette robe respire la classe pure. La finition exclusive et les mat\u00e9riaux de haute qualit\u00e9 en font un v\u00e9ritable objet de convoitise. Cette magnifique robe de mari\u00e9e est disponible exclusivement chez Koonings The Wedding Palace, le sp\u00e9cialiste de la mode nuptiale o\u00f9 les r\u00eaves deviennent r\u00e9alit\u00e9.","og_url":"https:\/\/www.koonings.com\/fr\/product\/berta-bridal-25-07\/","og_site_name":"Koonings","article_publisher":"https:\/\/www.facebook.com\/kooningstheweddingpalace","og_image":[{"width":1813,"height":2560,"url":"https:\/\/www.koonings.com\/wp-content\/uploads\/2025\/02\/49816_076fcacb2deb8105e16bb9aad0bc698c792ff1e182242dbfe40d92a7dfd9495c79ba8296-scaled.jpeg","type":"image\/jpeg"}],"twitter_card":"summary_large_image","schema":{"@context":"https:\/\/schema.org","@graph":[{"@type":"WebPage","@id":"https:\/\/www.koonings.com\/fr\/product\/berta-bridal-25-07\/","url":"https:\/\/www.koonings.com\/fr\/product\/berta-bridal-25-07\/","name":"Berta Bridal 25-07 | Koonings","isPartOf":{"@id":"https:\/\/www.koonings.com\/fr\/#website"},"primaryImageOfPage":{"@id":"https:\/\/www.koonings.com\/fr\/product\/berta-bridal-25-07\/#primaryimage"},"image":{"@id":"https:\/\/www.koonings.com\/fr\/product\/berta-bridal-25-07\/#primaryimage"},"thumbnailUrl":"https:\/\/www.koonings.com\/wp-content\/uploads\/2025\/02\/49816_076fcacb2deb8105e16bb9aad0bc698c792ff1e182242dbfe40d92a7dfd9495c79ba8296-scaled.jpeg","datePublished":"2026-05-06T13:30:40+00:00","description":"La robe de mari\u00e9e Berta Bridal mod\u00e8le 25-07 est une cr\u00e9ation \u00e9tonnante de la derni\u00e8re collection, parfaite pour la mari\u00e9e qui souhaite combiner luxe et \u00e9l\u00e9gance. Avec ses d\u00e9tails raffin\u00e9s, sa coupe sensuelle et son design intemporel, cette robe respire la classe pure. La finition exclusive et les mat\u00e9riaux de haute qualit\u00e9 en font un v\u00e9ritable objet de convoitise. Cette magnifique robe de mari\u00e9e est disponible exclusivement chez Koonings The Wedding Palace, le sp\u00e9cialiste de la mode nuptiale o\u00f9 les r\u00eaves deviennent r\u00e9alit\u00e9.","breadcrumb":{"@id":"https:\/\/www.koonings.com\/fr\/product\/berta-bridal-25-07\/#breadcrumb"},"inLanguage":"fr-FR","potentialAction":[{"@type":"ReadAction","target":["https:\/\/www.koonings.com\/fr\/product\/berta-bridal-25-07\/"]}]},{"@type":"ImageObject","inLanguage":"fr-FR","@id":"https:\/\/www.koonings.com\/fr\/product\/berta-bridal-25-07\/#primaryimage","url":"https:\/\/www.koonings.com\/wp-content\/uploads\/2025\/02\/49816_076fcacb2deb8105e16bb9aad0bc698c792ff1e182242dbfe40d92a7dfd9495c79ba8296-scaled.jpeg","contentUrl":"https:\/\/www.koonings.com\/wp-content\/uploads\/2025\/02\/49816_076fcacb2deb8105e16bb9aad0bc698c792ff1e182242dbfe40d92a7dfd9495c79ba8296-scaled.jpeg","width":1813,"height":2560},{"@type":"BreadcrumbList","@id":"https:\/\/www.koonings.com\/fr\/product\/berta-bridal-25-07\/#breadcrumb","itemListElement":[{"@type":"ListItem","position":1,"name":"Home","item":"https:\/\/www.koonings.com\/fr\/"},{"@type":"ListItem","position":2,"name":"Berta Bridal 25-07"}]},{"@type":"WebSite","@id":"https:\/\/www.koonings.com\/fr\/#website","url":"https:\/\/www.koonings.com\/fr\/","name":"Koonings","description":"De grootste bruidsmodewinkel ter wereld","publisher":{"@id":"https:\/\/www.koonings.com\/fr\/#organization"},"potentialAction":[{"@type":"SearchAction","target":{"@type":"EntryPoint","urlTemplate":"https:\/\/www.koonings.com\/fr\/?s={search_term_string}"},"query-input":{"@type":"PropertyValueSpecification","valueRequired":true,"valueName":"search_term_string"}}],"inLanguage":"fr-FR"},{"@type":"Organization","@id":"https:\/\/www.koonings.com\/fr\/#organization","name":"Koonings","url":"https:\/\/www.koonings.com\/fr\/","logo":{"@type":"ImageObject","inLanguage":"fr-FR","@id":"https:\/\/www.koonings.com\/fr\/#\/schema\/logo\/image\/","url":"https:\/\/www.koonings.com\/wp-content\/uploads\/2024\/07\/logo.png","contentUrl":"https:\/\/www.koonings.com\/wp-content\/uploads\/2024\/07\/logo.png","width":600,"height":428,"caption":"Koonings"},"image":{"@id":"https:\/\/www.koonings.com\/fr\/#\/schema\/logo\/image\/"},"sameAs":["https:\/\/www.facebook.com\/kooningstheweddingpalace","https:\/\/www.instagram.com\/kooningstheweddingpalace","https:\/\/www.pinterest.com\/koonings","https:\/\/www.youtube.com\/kooningstheweddingpalace"]}]}},"_links":{"self":[{"href":"https:\/\/www.koonings.com\/fr\/wp-json\/wp\/v2\/product\/84916","targetHints":{"allow":["GET"]}}],"collection":[{"href":"https:\/\/www.koonings.com\/fr\/wp-json\/wp\/v2\/product"}],"about":[{"href":"https:\/\/www.koonings.com\/fr\/wp-json\/wp\/v2\/types\/product"}],"wp:featuredmedia":[{"embeddable":true,"href":"https:\/\/www.koonings.com\/fr\/wp-json\/wp\/v2\/media\/81400"}],"wp:attachment":[{"href":"https:\/\/www.koonings.com\/fr\/wp-json\/wp\/v2\/media?parent=84916"}],"wp:term":[{"taxonomy":"productdetails","embeddable":true,"href":"https:\/\/www.koonings.com\/fr\/wp-json\/wp\/v2\/productdetails?post=84916"},{"taxonomy":"productneck","embeddable":true,"href":"https:\/\/www.koonings.com\/fr\/wp-json\/wp\/v2\/productneck?post=84916"},{"taxonomy":"productcolor","embeddable":true,"href":"https:\/\/www.koonings.com\/fr\/wp-json\/wp\/v2\/productcolor?post=84916"},{"taxonomy":"maat","embeddable":true,"href":"https:\/\/www.koonings.com\/fr\/wp-json\/wp\/v2\/maat?post=84916"},{"taxonomy":"productsupplier","embeddable":true,"href":"https:\/\/www.koonings.com\/fr\/wp-json\/wp\/v2\/productsupplier?post=84916"},{"taxonomy":"productsleeve","embeddable":true,"href":"https:\/\/www.koonings.com\/fr\/wp-json\/wp\/v2\/productsleeve?post=84916"},{"taxonomy":"productcategory","embeddable":true,"href":"https:\/\/www.koonings.com\/fr\/wp-json\/wp\/v2\/productcategory?post=84916"},{"taxonomy":"productsilhouette","embeddable":true,"href":"https:\/\/www.koonings.com\/fr\/wp-json\/wp\/v2\/productsilhouette?post=84916"},{"taxonomy":"productstyle","embeddable":true,"href":"https:\/\/www.koonings.com\/fr\/wp-json\/wp\/v2\/productstyle?post=84916"}],"curies":[{"name":"wp","href":"https:\/\/api.w.org\/{rel}","templated":true}]}}