{"id":84907,"date":"2026-03-27T16:28:22","date_gmt":"2026-03-27T15:28:22","guid":{"rendered":"https:\/\/www.koonings.com\/product\/berta-bridal-25-p05\/"},"modified":"2025-06-05T13:56:32","modified_gmt":"2025-06-05T11:56:32","slug":"berta-bridal-25-p05","status":"publish","type":"product","link":"https:\/\/www.koonings.com\/fr\/product\/berta-bridal-25-p05\/","title":{"rendered":"Berta Bridal 25-P05"},"content":{"rendered":"<p>Berta Bridal est connue pour ses robes de mari\u00e9e luxueuses et audacieuses, con\u00e7ues par Berta Balilti, qui a fond\u00e9 la maison de couture en 2004. Ses cr\u00e9ations associent souvent des mat\u00e9riaux anciens \u00e0 des styles modernes, ce qui donne des robes de mari\u00e9e audacieuses, sexy et modernes.<br \/>\nLe mod\u00e8le 25-P05 de la collection Berta Privee est un bel exemple de cette philosophie de conception. Cette robe pr\u00e9sente une silhouette Berta classique, f\u00e9minine et sensuelle, combin\u00e9e \u00e0 des mat\u00e9riaux vintage et intemporels, ce qui en fait un chef-d&#8217;\u0153uvre qui fera briller n&#8217;importe quelle mari\u00e9e le jour de son anniversaire.<br \/>\nAux Pays-Bas, cette robe exclusive est disponible chez Koonings The Wedding Palace, le plus grand magasin de robes de mari\u00e9e au monde. Avec une vaste collection de robes de mari\u00e9e, dont les derni\u00e8res cr\u00e9ations de Berta Bridal, Koonings offre une exp\u00e9rience unique \u00e0 toutes les mari\u00e9es \u00e0 la recherche de la robe parfaite. <\/p>\n","protected":false},"featured_media":81434,"template":"","meta":{"_acf_changed":false,"ghostkit_customizer_options":"","ghostkit_custom_css":"","ghostkit_custom_js_head":"","ghostkit_custom_js_foot":"","ghostkit_typography":""},"productdetails":[],"productneck":[354],"productcolor":[392],"maat":[],"productsupplier":[463],"productsleeve":[359],"productcategory":[18],"productsilhouette":[387],"productstyle":[367,369,370],"class_list":["post-84907","product","type-product","status-publish","has-post-thumbnail","hentry","productneck-354","productcolor-392","productsupplier-berta-bridal","productsleeve-359","productcategory-trouwjurken","productsilhouette-387","productstyle-367","productstyle-369","productstyle-370"],"acf":[],"yoast_head":"<!-- This site is optimized with the Yoast SEO plugin v26.8 - https:\/\/yoast.com\/product\/yoast-seo-wordpress\/ -->\n<title>Berta Bridal 25-P05 | Koonings<\/title>\n<meta name=\"description\" content=\"Berta Bridal est connue pour ses robes de mari\u00e9e luxueuses et audacieuses, con\u00e7ues par Berta Balilti, qui a fond\u00e9 la maison de couture en 2004. Ses cr\u00e9ations associent souvent des mat\u00e9riaux anciens \u00e0 des styles modernes, ce qui donne des robes de mari\u00e9e audacieuses, sexy et modernes. Le mod\u00e8le 25-P05 de la collection Berta Privee est un bel exemple de cette philosophie de conception. Cette robe pr\u00e9sente une silhouette Berta classique, f\u00e9minine et sensuelle, combin\u00e9e \u00e0 des mat\u00e9riaux vintage et intemporels, ce qui en fait un chef-d&#039;\u0153uvre qui fera briller n&#039;importe quelle mari\u00e9e le jour de son anniversaire. Aux Pays-Bas, cette robe exclusive est disponible chez Koonings The Wedding Palace, le plus grand magasin de robes de mari\u00e9e au monde. Avec une vaste collection de robes de mari\u00e9e, dont les derni\u00e8res cr\u00e9ations de Berta Bridal, Koonings offre une exp\u00e9rience unique \u00e0 toutes les mari\u00e9es \u00e0 la recherche de la robe parfaite.\" \/>\n<meta name=\"robots\" content=\"index, follow, max-snippet:-1, max-image-preview:large, max-video-preview:-1\" \/>\n<link rel=\"canonical\" href=\"https:\/\/www.koonings.com\/fr\/product\/berta-bridal-25-p05\/\" \/>\n<meta property=\"og:locale\" content=\"fr_FR\" \/>\n<meta property=\"og:type\" content=\"article\" \/>\n<meta property=\"og:title\" content=\"Berta Bridal 25-P05 | Koonings\" \/>\n<meta property=\"og:description\" content=\"Berta Bridal est connue pour ses robes de mari\u00e9e luxueuses et audacieuses, con\u00e7ues par Berta Balilti, qui a fond\u00e9 la maison de couture en 2004. Ses cr\u00e9ations associent souvent des mat\u00e9riaux anciens \u00e0 des styles modernes, ce qui donne des robes de mari\u00e9e audacieuses, sexy et modernes. Le mod\u00e8le 25-P05 de la collection Berta Privee est un bel exemple de cette philosophie de conception. Cette robe pr\u00e9sente une silhouette Berta classique, f\u00e9minine et sensuelle, combin\u00e9e \u00e0 des mat\u00e9riaux vintage et intemporels, ce qui en fait un chef-d&#039;\u0153uvre qui fera briller n&#039;importe quelle mari\u00e9e le jour de son anniversaire. Aux Pays-Bas, cette robe exclusive est disponible chez Koonings The Wedding Palace, le plus grand magasin de robes de mari\u00e9e au monde. Avec une vaste collection de robes de mari\u00e9e, dont les derni\u00e8res cr\u00e9ations de Berta Bridal, Koonings offre une exp\u00e9rience unique \u00e0 toutes les mari\u00e9es \u00e0 la recherche de la robe parfaite.\" \/>\n<meta property=\"og:url\" content=\"https:\/\/www.koonings.com\/fr\/product\/berta-bridal-25-p05\/\" \/>\n<meta property=\"og:site_name\" content=\"Koonings\" \/>\n<meta property=\"article:publisher\" content=\"https:\/\/www.facebook.com\/kooningstheweddingpalace\" \/>\n<meta property=\"og:image\" content=\"https:\/\/www.koonings.com\/wp-content\/uploads\/2025\/02\/49818_33596862741bd6f6ba5bf1a7cafc597c54e2662b4255db6a38e58c142aade5acd5d00ace-scaled.jpeg\" \/>\n\t<meta property=\"og:image:width\" content=\"1809\" \/>\n\t<meta property=\"og:image:height\" content=\"2560\" \/>\n\t<meta property=\"og:image:type\" content=\"image\/jpeg\" \/>\n<meta name=\"twitter:card\" content=\"summary_large_image\" \/>\n<meta name=\"twitter:label1\" content=\"Dur\u00e9e de lecture estim\u00e9e\" \/>\n\t<meta name=\"twitter:data1\" content=\"1 minute\" \/>\n<script type=\"application\/ld+json\" class=\"yoast-schema-graph\">{\"@context\":\"https:\/\/schema.org\",\"@graph\":[{\"@type\":\"WebPage\",\"@id\":\"https:\/\/www.koonings.com\/fr\/product\/berta-bridal-25-p05\/\",\"url\":\"https:\/\/www.koonings.com\/fr\/product\/berta-bridal-25-p05\/\",\"name\":\"Berta Bridal 25-P05 | Koonings\",\"isPartOf\":{\"@id\":\"https:\/\/www.koonings.com\/fr\/#website\"},\"primaryImageOfPage\":{\"@id\":\"https:\/\/www.koonings.com\/fr\/product\/berta-bridal-25-p05\/#primaryimage\"},\"image\":{\"@id\":\"https:\/\/www.koonings.com\/fr\/product\/berta-bridal-25-p05\/#primaryimage\"},\"thumbnailUrl\":\"https:\/\/www.koonings.com\/wp-content\/uploads\/2025\/02\/49818_33596862741bd6f6ba5bf1a7cafc597c54e2662b4255db6a38e58c142aade5acd5d00ace-scaled.jpeg\",\"datePublished\":\"2026-03-27T15:28:22+00:00\",\"description\":\"Berta Bridal est connue pour ses robes de mari\u00e9e luxueuses et audacieuses, con\u00e7ues par Berta Balilti, qui a fond\u00e9 la maison de couture en 2004. Ses cr\u00e9ations associent souvent des mat\u00e9riaux anciens \u00e0 des styles modernes, ce qui donne des robes de mari\u00e9e audacieuses, sexy et modernes. Le mod\u00e8le 25-P05 de la collection Berta Privee est un bel exemple de cette philosophie de conception. Cette robe pr\u00e9sente une silhouette Berta classique, f\u00e9minine et sensuelle, combin\u00e9e \u00e0 des mat\u00e9riaux vintage et intemporels, ce qui en fait un chef-d'\u0153uvre qui fera briller n'importe quelle mari\u00e9e le jour de son anniversaire. Aux Pays-Bas, cette robe exclusive est disponible chez Koonings The Wedding Palace, le plus grand magasin de robes de mari\u00e9e au monde. Avec une vaste collection de robes de mari\u00e9e, dont les derni\u00e8res cr\u00e9ations de Berta Bridal, Koonings offre une exp\u00e9rience unique \u00e0 toutes les mari\u00e9es \u00e0 la recherche de la robe parfaite.\",\"breadcrumb\":{\"@id\":\"https:\/\/www.koonings.com\/fr\/product\/berta-bridal-25-p05\/#breadcrumb\"},\"inLanguage\":\"fr-FR\",\"potentialAction\":[{\"@type\":\"ReadAction\",\"target\":[\"https:\/\/www.koonings.com\/fr\/product\/berta-bridal-25-p05\/\"]}]},{\"@type\":\"ImageObject\",\"inLanguage\":\"fr-FR\",\"@id\":\"https:\/\/www.koonings.com\/fr\/product\/berta-bridal-25-p05\/#primaryimage\",\"url\":\"https:\/\/www.koonings.com\/wp-content\/uploads\/2025\/02\/49818_33596862741bd6f6ba5bf1a7cafc597c54e2662b4255db6a38e58c142aade5acd5d00ace-scaled.jpeg\",\"contentUrl\":\"https:\/\/www.koonings.com\/wp-content\/uploads\/2025\/02\/49818_33596862741bd6f6ba5bf1a7cafc597c54e2662b4255db6a38e58c142aade5acd5d00ace-scaled.jpeg\",\"width\":1809,\"height\":2560},{\"@type\":\"BreadcrumbList\",\"@id\":\"https:\/\/www.koonings.com\/fr\/product\/berta-bridal-25-p05\/#breadcrumb\",\"itemListElement\":[{\"@type\":\"ListItem\",\"position\":1,\"name\":\"Home\",\"item\":\"https:\/\/www.koonings.com\/fr\/\"},{\"@type\":\"ListItem\",\"position\":2,\"name\":\"Berta Bridal 25-P05\"}]},{\"@type\":\"WebSite\",\"@id\":\"https:\/\/www.koonings.com\/fr\/#website\",\"url\":\"https:\/\/www.koonings.com\/fr\/\",\"name\":\"Koonings\",\"description\":\"De grootste bruidsmodewinkel ter wereld\",\"publisher\":{\"@id\":\"https:\/\/www.koonings.com\/fr\/#organization\"},\"potentialAction\":[{\"@type\":\"SearchAction\",\"target\":{\"@type\":\"EntryPoint\",\"urlTemplate\":\"https:\/\/www.koonings.com\/fr\/?s={search_term_string}\"},\"query-input\":{\"@type\":\"PropertyValueSpecification\",\"valueRequired\":true,\"valueName\":\"search_term_string\"}}],\"inLanguage\":\"fr-FR\"},{\"@type\":\"Organization\",\"@id\":\"https:\/\/www.koonings.com\/fr\/#organization\",\"name\":\"Koonings\",\"url\":\"https:\/\/www.koonings.com\/fr\/\",\"logo\":{\"@type\":\"ImageObject\",\"inLanguage\":\"fr-FR\",\"@id\":\"https:\/\/www.koonings.com\/fr\/#\/schema\/logo\/image\/\",\"url\":\"https:\/\/www.koonings.com\/wp-content\/uploads\/2024\/07\/logo.png\",\"contentUrl\":\"https:\/\/www.koonings.com\/wp-content\/uploads\/2024\/07\/logo.png\",\"width\":600,\"height\":428,\"caption\":\"Koonings\"},\"image\":{\"@id\":\"https:\/\/www.koonings.com\/fr\/#\/schema\/logo\/image\/\"},\"sameAs\":[\"https:\/\/www.facebook.com\/kooningstheweddingpalace\",\"https:\/\/www.instagram.com\/kooningstheweddingpalace\",\"https:\/\/www.pinterest.com\/koonings\",\"https:\/\/www.youtube.com\/kooningstheweddingpalace\"]}]}<\/script>\n<!-- \/ Yoast SEO plugin. -->","yoast_head_json":{"title":"Berta Bridal 25-P05 | Koonings","description":"Berta Bridal est connue pour ses robes de mari\u00e9e luxueuses et audacieuses, con\u00e7ues par Berta Balilti, qui a fond\u00e9 la maison de couture en 2004. Ses cr\u00e9ations associent souvent des mat\u00e9riaux anciens \u00e0 des styles modernes, ce qui donne des robes de mari\u00e9e audacieuses, sexy et modernes. Le mod\u00e8le 25-P05 de la collection Berta Privee est un bel exemple de cette philosophie de conception. Cette robe pr\u00e9sente une silhouette Berta classique, f\u00e9minine et sensuelle, combin\u00e9e \u00e0 des mat\u00e9riaux vintage et intemporels, ce qui en fait un chef-d'\u0153uvre qui fera briller n'importe quelle mari\u00e9e le jour de son anniversaire. Aux Pays-Bas, cette robe exclusive est disponible chez Koonings The Wedding Palace, le plus grand magasin de robes de mari\u00e9e au monde. Avec une vaste collection de robes de mari\u00e9e, dont les derni\u00e8res cr\u00e9ations de Berta Bridal, Koonings offre une exp\u00e9rience unique \u00e0 toutes les mari\u00e9es \u00e0 la recherche de la robe parfaite.","robots":{"index":"index","follow":"follow","max-snippet":"max-snippet:-1","max-image-preview":"max-image-preview:large","max-video-preview":"max-video-preview:-1"},"canonical":"https:\/\/www.koonings.com\/fr\/product\/berta-bridal-25-p05\/","og_locale":"fr_FR","og_type":"article","og_title":"Berta Bridal 25-P05 | Koonings","og_description":"Berta Bridal est connue pour ses robes de mari\u00e9e luxueuses et audacieuses, con\u00e7ues par Berta Balilti, qui a fond\u00e9 la maison de couture en 2004. Ses cr\u00e9ations associent souvent des mat\u00e9riaux anciens \u00e0 des styles modernes, ce qui donne des robes de mari\u00e9e audacieuses, sexy et modernes. Le mod\u00e8le 25-P05 de la collection Berta Privee est un bel exemple de cette philosophie de conception. Cette robe pr\u00e9sente une silhouette Berta classique, f\u00e9minine et sensuelle, combin\u00e9e \u00e0 des mat\u00e9riaux vintage et intemporels, ce qui en fait un chef-d'\u0153uvre qui fera briller n'importe quelle mari\u00e9e le jour de son anniversaire. Aux Pays-Bas, cette robe exclusive est disponible chez Koonings The Wedding Palace, le plus grand magasin de robes de mari\u00e9e au monde. Avec une vaste collection de robes de mari\u00e9e, dont les derni\u00e8res cr\u00e9ations de Berta Bridal, Koonings offre une exp\u00e9rience unique \u00e0 toutes les mari\u00e9es \u00e0 la recherche de la robe parfaite.","og_url":"https:\/\/www.koonings.com\/fr\/product\/berta-bridal-25-p05\/","og_site_name":"Koonings","article_publisher":"https:\/\/www.facebook.com\/kooningstheweddingpalace","og_image":[{"width":1809,"height":2560,"url":"https:\/\/www.koonings.com\/wp-content\/uploads\/2025\/02\/49818_33596862741bd6f6ba5bf1a7cafc597c54e2662b4255db6a38e58c142aade5acd5d00ace-scaled.jpeg","type":"image\/jpeg"}],"twitter_card":"summary_large_image","twitter_misc":{"Dur\u00e9e de lecture estim\u00e9e":"1 minute"},"schema":{"@context":"https:\/\/schema.org","@graph":[{"@type":"WebPage","@id":"https:\/\/www.koonings.com\/fr\/product\/berta-bridal-25-p05\/","url":"https:\/\/www.koonings.com\/fr\/product\/berta-bridal-25-p05\/","name":"Berta Bridal 25-P05 | Koonings","isPartOf":{"@id":"https:\/\/www.koonings.com\/fr\/#website"},"primaryImageOfPage":{"@id":"https:\/\/www.koonings.com\/fr\/product\/berta-bridal-25-p05\/#primaryimage"},"image":{"@id":"https:\/\/www.koonings.com\/fr\/product\/berta-bridal-25-p05\/#primaryimage"},"thumbnailUrl":"https:\/\/www.koonings.com\/wp-content\/uploads\/2025\/02\/49818_33596862741bd6f6ba5bf1a7cafc597c54e2662b4255db6a38e58c142aade5acd5d00ace-scaled.jpeg","datePublished":"2026-03-27T15:28:22+00:00","description":"Berta Bridal est connue pour ses robes de mari\u00e9e luxueuses et audacieuses, con\u00e7ues par Berta Balilti, qui a fond\u00e9 la maison de couture en 2004. Ses cr\u00e9ations associent souvent des mat\u00e9riaux anciens \u00e0 des styles modernes, ce qui donne des robes de mari\u00e9e audacieuses, sexy et modernes. Le mod\u00e8le 25-P05 de la collection Berta Privee est un bel exemple de cette philosophie de conception. Cette robe pr\u00e9sente une silhouette Berta classique, f\u00e9minine et sensuelle, combin\u00e9e \u00e0 des mat\u00e9riaux vintage et intemporels, ce qui en fait un chef-d'\u0153uvre qui fera briller n'importe quelle mari\u00e9e le jour de son anniversaire. Aux Pays-Bas, cette robe exclusive est disponible chez Koonings The Wedding Palace, le plus grand magasin de robes de mari\u00e9e au monde. Avec une vaste collection de robes de mari\u00e9e, dont les derni\u00e8res cr\u00e9ations de Berta Bridal, Koonings offre une exp\u00e9rience unique \u00e0 toutes les mari\u00e9es \u00e0 la recherche de la robe parfaite.","breadcrumb":{"@id":"https:\/\/www.koonings.com\/fr\/product\/berta-bridal-25-p05\/#breadcrumb"},"inLanguage":"fr-FR","potentialAction":[{"@type":"ReadAction","target":["https:\/\/www.koonings.com\/fr\/product\/berta-bridal-25-p05\/"]}]},{"@type":"ImageObject","inLanguage":"fr-FR","@id":"https:\/\/www.koonings.com\/fr\/product\/berta-bridal-25-p05\/#primaryimage","url":"https:\/\/www.koonings.com\/wp-content\/uploads\/2025\/02\/49818_33596862741bd6f6ba5bf1a7cafc597c54e2662b4255db6a38e58c142aade5acd5d00ace-scaled.jpeg","contentUrl":"https:\/\/www.koonings.com\/wp-content\/uploads\/2025\/02\/49818_33596862741bd6f6ba5bf1a7cafc597c54e2662b4255db6a38e58c142aade5acd5d00ace-scaled.jpeg","width":1809,"height":2560},{"@type":"BreadcrumbList","@id":"https:\/\/www.koonings.com\/fr\/product\/berta-bridal-25-p05\/#breadcrumb","itemListElement":[{"@type":"ListItem","position":1,"name":"Home","item":"https:\/\/www.koonings.com\/fr\/"},{"@type":"ListItem","position":2,"name":"Berta Bridal 25-P05"}]},{"@type":"WebSite","@id":"https:\/\/www.koonings.com\/fr\/#website","url":"https:\/\/www.koonings.com\/fr\/","name":"Koonings","description":"De grootste bruidsmodewinkel ter wereld","publisher":{"@id":"https:\/\/www.koonings.com\/fr\/#organization"},"potentialAction":[{"@type":"SearchAction","target":{"@type":"EntryPoint","urlTemplate":"https:\/\/www.koonings.com\/fr\/?s={search_term_string}"},"query-input":{"@type":"PropertyValueSpecification","valueRequired":true,"valueName":"search_term_string"}}],"inLanguage":"fr-FR"},{"@type":"Organization","@id":"https:\/\/www.koonings.com\/fr\/#organization","name":"Koonings","url":"https:\/\/www.koonings.com\/fr\/","logo":{"@type":"ImageObject","inLanguage":"fr-FR","@id":"https:\/\/www.koonings.com\/fr\/#\/schema\/logo\/image\/","url":"https:\/\/www.koonings.com\/wp-content\/uploads\/2024\/07\/logo.png","contentUrl":"https:\/\/www.koonings.com\/wp-content\/uploads\/2024\/07\/logo.png","width":600,"height":428,"caption":"Koonings"},"image":{"@id":"https:\/\/www.koonings.com\/fr\/#\/schema\/logo\/image\/"},"sameAs":["https:\/\/www.facebook.com\/kooningstheweddingpalace","https:\/\/www.instagram.com\/kooningstheweddingpalace","https:\/\/www.pinterest.com\/koonings","https:\/\/www.youtube.com\/kooningstheweddingpalace"]}]}},"_links":{"self":[{"href":"https:\/\/www.koonings.com\/fr\/wp-json\/wp\/v2\/product\/84907","targetHints":{"allow":["GET"]}}],"collection":[{"href":"https:\/\/www.koonings.com\/fr\/wp-json\/wp\/v2\/product"}],"about":[{"href":"https:\/\/www.koonings.com\/fr\/wp-json\/wp\/v2\/types\/product"}],"wp:featuredmedia":[{"embeddable":true,"href":"https:\/\/www.koonings.com\/fr\/wp-json\/wp\/v2\/media\/81434"}],"wp:attachment":[{"href":"https:\/\/www.koonings.com\/fr\/wp-json\/wp\/v2\/media?parent=84907"}],"wp:term":[{"taxonomy":"productdetails","embeddable":true,"href":"https:\/\/www.koonings.com\/fr\/wp-json\/wp\/v2\/productdetails?post=84907"},{"taxonomy":"productneck","embeddable":true,"href":"https:\/\/www.koonings.com\/fr\/wp-json\/wp\/v2\/productneck?post=84907"},{"taxonomy":"productcolor","embeddable":true,"href":"https:\/\/www.koonings.com\/fr\/wp-json\/wp\/v2\/productcolor?post=84907"},{"taxonomy":"maat","embeddable":true,"href":"https:\/\/www.koonings.com\/fr\/wp-json\/wp\/v2\/maat?post=84907"},{"taxonomy":"productsupplier","embeddable":true,"href":"https:\/\/www.koonings.com\/fr\/wp-json\/wp\/v2\/productsupplier?post=84907"},{"taxonomy":"productsleeve","embeddable":true,"href":"https:\/\/www.koonings.com\/fr\/wp-json\/wp\/v2\/productsleeve?post=84907"},{"taxonomy":"productcategory","embeddable":true,"href":"https:\/\/www.koonings.com\/fr\/wp-json\/wp\/v2\/productcategory?post=84907"},{"taxonomy":"productsilhouette","embeddable":true,"href":"https:\/\/www.koonings.com\/fr\/wp-json\/wp\/v2\/productsilhouette?post=84907"},{"taxonomy":"productstyle","embeddable":true,"href":"https:\/\/www.koonings.com\/fr\/wp-json\/wp\/v2\/productstyle?post=84907"}],"curies":[{"name":"wp","href":"https:\/\/api.w.org\/{rel}","templated":true}]}}