{"id":84860,"date":"2026-04-14T16:30:20","date_gmt":"2026-04-14T14:30:20","guid":{"rendered":"https:\/\/www.koonings.com\/product\/wilvorst-l38852-851104-68\/"},"modified":"2025-06-05T13:57:22","modified_gmt":"2025-06-05T11:57:22","slug":"wilvorst-l38852-851104-68","status":"publish","type":"product","link":"https:\/\/www.koonings.com\/fr\/product\/wilvorst-l38852-851104-68\/","title":{"rendered":"Wilvorst L38852\/851104\/68"},"content":{"rendered":"<p>Collection : Atelier Torino :<br \/>\nLa collection de costumes de mariage de l&#8217;Atelier Torino est synonyme de style, de confort et de qualit\u00e9. Avec des designs modernes et classiques, des coupes sophistiqu\u00e9es et des mat\u00e9riaux luxueux, cette collection offre le look parfait pour tous les mari\u00e9s. Que vous optiez pour un costume bleu fonc\u00e9 intemporel ou pour une teinte plus tendance, l&#8217;Atelier Torino allie \u00e9l\u00e9gance et confort.  <\/p>\n<p>Cette collection exclusive est disponible chez Koonings The Wedding Palace.<\/p>\n<p>Veuillez noter que notre site web ne pr\u00e9sente qu&#8217;une s\u00e9lection de la collection et que nous ne pouvons pas garantir que tous les mod\u00e8les sont en stock. Pour des mod\u00e8les sp\u00e9cifiques, nous vous recommandons de nous contacter \u00e0 l&#8217;avance. <\/p>\n","protected":false},"featured_media":82015,"template":"","meta":{"_acf_changed":false,"ghostkit_customizer_options":"","ghostkit_custom_css":"","ghostkit_custom_js_head":"","ghostkit_custom_js_foot":"","ghostkit_typography":""},"productdetails":[],"productneck":[],"productcolor":[501],"maat":[],"productsupplier":[495],"productsleeve":[],"productcategory":[227],"productsilhouette":[],"productstyle":[],"class_list":["post-84860","product","type-product","status-publish","has-post-thumbnail","hentry","productcolor-501","productsupplier-wilvorst","productcategory-kostuum"],"acf":[],"yoast_head":"<!-- This site is optimized with the Yoast SEO plugin v27.3 - https:\/\/yoast.com\/product\/yoast-seo-wordpress\/ -->\n<title>Wilvorst L38852\/851104\/68 | Koonings<\/title>\n<meta name=\"description\" content=\"Collection : Atelier Torino : La collection de costumes de mariage de l&#039;Atelier Torino est synonyme de style, de confort et de qualit\u00e9. Avec des designs modernes et classiques, des coupes sophistiqu\u00e9es et des mat\u00e9riaux luxueux, cette collection offre le look parfait pour tous les mari\u00e9s. Que vous optiez pour un costume bleu fonc\u00e9 intemporel ou pour une teinte plus tendance, l&#039;Atelier Torino allie \u00e9l\u00e9gance et confort. Cette collection exclusive est disponible chez Koonings The Wedding Palace. Veuillez noter que notre site web ne pr\u00e9sente qu&#039;une s\u00e9lection de la collection et que nous ne pouvons pas garantir que tous les mod\u00e8les sont en stock. Pour des mod\u00e8les sp\u00e9cifiques, nous vous recommandons de nous contacter \u00e0 l&#039;avance.\" \/>\n<meta name=\"robots\" content=\"index, follow, max-snippet:-1, max-image-preview:large, max-video-preview:-1\" \/>\n<link rel=\"canonical\" href=\"https:\/\/www.koonings.com\/fr\/product\/wilvorst-l38852-851104-68\/\" \/>\n<meta property=\"og:locale\" content=\"fr_FR\" \/>\n<meta property=\"og:type\" content=\"article\" \/>\n<meta property=\"og:title\" content=\"Wilvorst L38852\/851104\/68 | Koonings\" \/>\n<meta property=\"og:description\" content=\"Collection : Atelier Torino : La collection de costumes de mariage de l&#039;Atelier Torino est synonyme de style, de confort et de qualit\u00e9. Avec des designs modernes et classiques, des coupes sophistiqu\u00e9es et des mat\u00e9riaux luxueux, cette collection offre le look parfait pour tous les mari\u00e9s. Que vous optiez pour un costume bleu fonc\u00e9 intemporel ou pour une teinte plus tendance, l&#039;Atelier Torino allie \u00e9l\u00e9gance et confort. Cette collection exclusive est disponible chez Koonings The Wedding Palace. Veuillez noter que notre site web ne pr\u00e9sente qu&#039;une s\u00e9lection de la collection et que nous ne pouvons pas garantir que tous les mod\u00e8les sont en stock. Pour des mod\u00e8les sp\u00e9cifiques, nous vous recommandons de nous contacter \u00e0 l&#039;avance.\" \/>\n<meta property=\"og:url\" content=\"https:\/\/www.koonings.com\/fr\/product\/wilvorst-l38852-851104-68\/\" \/>\n<meta property=\"og:site_name\" content=\"Koonings\" \/>\n<meta property=\"article:publisher\" content=\"https:\/\/www.facebook.com\/kooningstheweddingpalace\" \/>\n<meta property=\"og:image\" content=\"https:\/\/www.koonings.com\/wp-content\/uploads\/2025\/03\/49159_02f6fd7a9a714b350e4ba6cc4b7860afe76f00059c4b07a0d8db90c581cf5e18fbe73968-scaled.jpeg\" \/>\n\t<meta property=\"og:image:width\" content=\"1809\" \/>\n\t<meta property=\"og:image:height\" content=\"2560\" \/>\n\t<meta property=\"og:image:type\" content=\"image\/jpeg\" \/>\n<meta name=\"twitter:card\" content=\"summary_large_image\" \/>\n<meta name=\"twitter:label1\" content=\"Dur\u00e9e de lecture estim\u00e9e\" \/>\n\t<meta name=\"twitter:data1\" content=\"1 minute\" \/>\n<script type=\"application\/ld+json\" class=\"yoast-schema-graph\">{\"@context\":\"https:\\\/\\\/schema.org\",\"@graph\":[{\"@type\":\"WebPage\",\"@id\":\"https:\\\/\\\/www.koonings.com\\\/fr\\\/product\\\/wilvorst-l38852-851104-68\\\/\",\"url\":\"https:\\\/\\\/www.koonings.com\\\/fr\\\/product\\\/wilvorst-l38852-851104-68\\\/\",\"name\":\"Wilvorst L38852\\\/851104\\\/68 | Koonings\",\"isPartOf\":{\"@id\":\"https:\\\/\\\/www.koonings.com\\\/fr\\\/#website\"},\"primaryImageOfPage\":{\"@id\":\"https:\\\/\\\/www.koonings.com\\\/fr\\\/product\\\/wilvorst-l38852-851104-68\\\/#primaryimage\"},\"image\":{\"@id\":\"https:\\\/\\\/www.koonings.com\\\/fr\\\/product\\\/wilvorst-l38852-851104-68\\\/#primaryimage\"},\"thumbnailUrl\":\"https:\\\/\\\/www.koonings.com\\\/wp-content\\\/uploads\\\/2025\\\/03\\\/49159_02f6fd7a9a714b350e4ba6cc4b7860afe76f00059c4b07a0d8db90c581cf5e18fbe73968-scaled.jpeg\",\"datePublished\":\"2026-04-14T14:30:20+00:00\",\"description\":\"Collection : Atelier Torino : La collection de costumes de mariage de l'Atelier Torino est synonyme de style, de confort et de qualit\u00e9. Avec des designs modernes et classiques, des coupes sophistiqu\u00e9es et des mat\u00e9riaux luxueux, cette collection offre le look parfait pour tous les mari\u00e9s. Que vous optiez pour un costume bleu fonc\u00e9 intemporel ou pour une teinte plus tendance, l'Atelier Torino allie \u00e9l\u00e9gance et confort. Cette collection exclusive est disponible chez Koonings The Wedding Palace. Veuillez noter que notre site web ne pr\u00e9sente qu'une s\u00e9lection de la collection et que nous ne pouvons pas garantir que tous les mod\u00e8les sont en stock. Pour des mod\u00e8les sp\u00e9cifiques, nous vous recommandons de nous contacter \u00e0 l'avance.\",\"breadcrumb\":{\"@id\":\"https:\\\/\\\/www.koonings.com\\\/fr\\\/product\\\/wilvorst-l38852-851104-68\\\/#breadcrumb\"},\"inLanguage\":\"fr-FR\",\"potentialAction\":[{\"@type\":\"ReadAction\",\"target\":[\"https:\\\/\\\/www.koonings.com\\\/fr\\\/product\\\/wilvorst-l38852-851104-68\\\/\"]}]},{\"@type\":\"ImageObject\",\"inLanguage\":\"fr-FR\",\"@id\":\"https:\\\/\\\/www.koonings.com\\\/fr\\\/product\\\/wilvorst-l38852-851104-68\\\/#primaryimage\",\"url\":\"https:\\\/\\\/www.koonings.com\\\/wp-content\\\/uploads\\\/2025\\\/03\\\/49159_02f6fd7a9a714b350e4ba6cc4b7860afe76f00059c4b07a0d8db90c581cf5e18fbe73968-scaled.jpeg\",\"contentUrl\":\"https:\\\/\\\/www.koonings.com\\\/wp-content\\\/uploads\\\/2025\\\/03\\\/49159_02f6fd7a9a714b350e4ba6cc4b7860afe76f00059c4b07a0d8db90c581cf5e18fbe73968-scaled.jpeg\",\"width\":1809,\"height\":2560},{\"@type\":\"BreadcrumbList\",\"@id\":\"https:\\\/\\\/www.koonings.com\\\/fr\\\/product\\\/wilvorst-l38852-851104-68\\\/#breadcrumb\",\"itemListElement\":[{\"@type\":\"ListItem\",\"position\":1,\"name\":\"Home\",\"item\":\"https:\\\/\\\/www.koonings.com\\\/fr\\\/\"},{\"@type\":\"ListItem\",\"position\":2,\"name\":\"Wilvorst L38852\\\/851104\\\/68\"}]},{\"@type\":\"WebSite\",\"@id\":\"https:\\\/\\\/www.koonings.com\\\/fr\\\/#website\",\"url\":\"https:\\\/\\\/www.koonings.com\\\/fr\\\/\",\"name\":\"Koonings\",\"description\":\"De grootste bruidsmodewinkel ter wereld\",\"publisher\":{\"@id\":\"https:\\\/\\\/www.koonings.com\\\/fr\\\/#organization\"},\"potentialAction\":[{\"@type\":\"SearchAction\",\"target\":{\"@type\":\"EntryPoint\",\"urlTemplate\":\"https:\\\/\\\/www.koonings.com\\\/fr\\\/?s={search_term_string}\"},\"query-input\":{\"@type\":\"PropertyValueSpecification\",\"valueRequired\":true,\"valueName\":\"search_term_string\"}}],\"inLanguage\":\"fr-FR\"},{\"@type\":\"Organization\",\"@id\":\"https:\\\/\\\/www.koonings.com\\\/fr\\\/#organization\",\"name\":\"Koonings\",\"url\":\"https:\\\/\\\/www.koonings.com\\\/fr\\\/\",\"logo\":{\"@type\":\"ImageObject\",\"inLanguage\":\"fr-FR\",\"@id\":\"https:\\\/\\\/www.koonings.com\\\/fr\\\/#\\\/schema\\\/logo\\\/image\\\/\",\"url\":\"https:\\\/\\\/www.koonings.com\\\/wp-content\\\/uploads\\\/2024\\\/07\\\/logo.png\",\"contentUrl\":\"https:\\\/\\\/www.koonings.com\\\/wp-content\\\/uploads\\\/2024\\\/07\\\/logo.png\",\"width\":600,\"height\":428,\"caption\":\"Koonings\"},\"image\":{\"@id\":\"https:\\\/\\\/www.koonings.com\\\/fr\\\/#\\\/schema\\\/logo\\\/image\\\/\"},\"sameAs\":[\"https:\\\/\\\/www.facebook.com\\\/kooningstheweddingpalace\",\"https:\\\/\\\/www.instagram.com\\\/kooningstheweddingpalace\",\"https:\\\/\\\/www.pinterest.com\\\/koonings\",\"https:\\\/\\\/www.youtube.com\\\/kooningstheweddingpalace\"]}]}<\/script>\n<!-- \/ Yoast SEO plugin. -->","yoast_head_json":{"title":"Wilvorst L38852\/851104\/68 | Koonings","description":"Collection : Atelier Torino : La collection de costumes de mariage de l'Atelier Torino est synonyme de style, de confort et de qualit\u00e9. Avec des designs modernes et classiques, des coupes sophistiqu\u00e9es et des mat\u00e9riaux luxueux, cette collection offre le look parfait pour tous les mari\u00e9s. Que vous optiez pour un costume bleu fonc\u00e9 intemporel ou pour une teinte plus tendance, l'Atelier Torino allie \u00e9l\u00e9gance et confort. Cette collection exclusive est disponible chez Koonings The Wedding Palace. Veuillez noter que notre site web ne pr\u00e9sente qu'une s\u00e9lection de la collection et que nous ne pouvons pas garantir que tous les mod\u00e8les sont en stock. Pour des mod\u00e8les sp\u00e9cifiques, nous vous recommandons de nous contacter \u00e0 l'avance.","robots":{"index":"index","follow":"follow","max-snippet":"max-snippet:-1","max-image-preview":"max-image-preview:large","max-video-preview":"max-video-preview:-1"},"canonical":"https:\/\/www.koonings.com\/fr\/product\/wilvorst-l38852-851104-68\/","og_locale":"fr_FR","og_type":"article","og_title":"Wilvorst L38852\/851104\/68 | Koonings","og_description":"Collection : Atelier Torino : La collection de costumes de mariage de l'Atelier Torino est synonyme de style, de confort et de qualit\u00e9. Avec des designs modernes et classiques, des coupes sophistiqu\u00e9es et des mat\u00e9riaux luxueux, cette collection offre le look parfait pour tous les mari\u00e9s. Que vous optiez pour un costume bleu fonc\u00e9 intemporel ou pour une teinte plus tendance, l'Atelier Torino allie \u00e9l\u00e9gance et confort. Cette collection exclusive est disponible chez Koonings The Wedding Palace. Veuillez noter que notre site web ne pr\u00e9sente qu'une s\u00e9lection de la collection et que nous ne pouvons pas garantir que tous les mod\u00e8les sont en stock. Pour des mod\u00e8les sp\u00e9cifiques, nous vous recommandons de nous contacter \u00e0 l'avance.","og_url":"https:\/\/www.koonings.com\/fr\/product\/wilvorst-l38852-851104-68\/","og_site_name":"Koonings","article_publisher":"https:\/\/www.facebook.com\/kooningstheweddingpalace","og_image":[{"width":1809,"height":2560,"url":"https:\/\/www.koonings.com\/wp-content\/uploads\/2025\/03\/49159_02f6fd7a9a714b350e4ba6cc4b7860afe76f00059c4b07a0d8db90c581cf5e18fbe73968-scaled.jpeg","type":"image\/jpeg"}],"twitter_card":"summary_large_image","twitter_misc":{"Dur\u00e9e de lecture estim\u00e9e":"1 minute"},"schema":{"@context":"https:\/\/schema.org","@graph":[{"@type":"WebPage","@id":"https:\/\/www.koonings.com\/fr\/product\/wilvorst-l38852-851104-68\/","url":"https:\/\/www.koonings.com\/fr\/product\/wilvorst-l38852-851104-68\/","name":"Wilvorst L38852\/851104\/68 | Koonings","isPartOf":{"@id":"https:\/\/www.koonings.com\/fr\/#website"},"primaryImageOfPage":{"@id":"https:\/\/www.koonings.com\/fr\/product\/wilvorst-l38852-851104-68\/#primaryimage"},"image":{"@id":"https:\/\/www.koonings.com\/fr\/product\/wilvorst-l38852-851104-68\/#primaryimage"},"thumbnailUrl":"https:\/\/www.koonings.com\/wp-content\/uploads\/2025\/03\/49159_02f6fd7a9a714b350e4ba6cc4b7860afe76f00059c4b07a0d8db90c581cf5e18fbe73968-scaled.jpeg","datePublished":"2026-04-14T14:30:20+00:00","description":"Collection : Atelier Torino : La collection de costumes de mariage de l'Atelier Torino est synonyme de style, de confort et de qualit\u00e9. Avec des designs modernes et classiques, des coupes sophistiqu\u00e9es et des mat\u00e9riaux luxueux, cette collection offre le look parfait pour tous les mari\u00e9s. Que vous optiez pour un costume bleu fonc\u00e9 intemporel ou pour une teinte plus tendance, l'Atelier Torino allie \u00e9l\u00e9gance et confort. Cette collection exclusive est disponible chez Koonings The Wedding Palace. Veuillez noter que notre site web ne pr\u00e9sente qu'une s\u00e9lection de la collection et que nous ne pouvons pas garantir que tous les mod\u00e8les sont en stock. Pour des mod\u00e8les sp\u00e9cifiques, nous vous recommandons de nous contacter \u00e0 l'avance.","breadcrumb":{"@id":"https:\/\/www.koonings.com\/fr\/product\/wilvorst-l38852-851104-68\/#breadcrumb"},"inLanguage":"fr-FR","potentialAction":[{"@type":"ReadAction","target":["https:\/\/www.koonings.com\/fr\/product\/wilvorst-l38852-851104-68\/"]}]},{"@type":"ImageObject","inLanguage":"fr-FR","@id":"https:\/\/www.koonings.com\/fr\/product\/wilvorst-l38852-851104-68\/#primaryimage","url":"https:\/\/www.koonings.com\/wp-content\/uploads\/2025\/03\/49159_02f6fd7a9a714b350e4ba6cc4b7860afe76f00059c4b07a0d8db90c581cf5e18fbe73968-scaled.jpeg","contentUrl":"https:\/\/www.koonings.com\/wp-content\/uploads\/2025\/03\/49159_02f6fd7a9a714b350e4ba6cc4b7860afe76f00059c4b07a0d8db90c581cf5e18fbe73968-scaled.jpeg","width":1809,"height":2560},{"@type":"BreadcrumbList","@id":"https:\/\/www.koonings.com\/fr\/product\/wilvorst-l38852-851104-68\/#breadcrumb","itemListElement":[{"@type":"ListItem","position":1,"name":"Home","item":"https:\/\/www.koonings.com\/fr\/"},{"@type":"ListItem","position":2,"name":"Wilvorst L38852\/851104\/68"}]},{"@type":"WebSite","@id":"https:\/\/www.koonings.com\/fr\/#website","url":"https:\/\/www.koonings.com\/fr\/","name":"Koonings","description":"De grootste bruidsmodewinkel ter wereld","publisher":{"@id":"https:\/\/www.koonings.com\/fr\/#organization"},"potentialAction":[{"@type":"SearchAction","target":{"@type":"EntryPoint","urlTemplate":"https:\/\/www.koonings.com\/fr\/?s={search_term_string}"},"query-input":{"@type":"PropertyValueSpecification","valueRequired":true,"valueName":"search_term_string"}}],"inLanguage":"fr-FR"},{"@type":"Organization","@id":"https:\/\/www.koonings.com\/fr\/#organization","name":"Koonings","url":"https:\/\/www.koonings.com\/fr\/","logo":{"@type":"ImageObject","inLanguage":"fr-FR","@id":"https:\/\/www.koonings.com\/fr\/#\/schema\/logo\/image\/","url":"https:\/\/www.koonings.com\/wp-content\/uploads\/2024\/07\/logo.png","contentUrl":"https:\/\/www.koonings.com\/wp-content\/uploads\/2024\/07\/logo.png","width":600,"height":428,"caption":"Koonings"},"image":{"@id":"https:\/\/www.koonings.com\/fr\/#\/schema\/logo\/image\/"},"sameAs":["https:\/\/www.facebook.com\/kooningstheweddingpalace","https:\/\/www.instagram.com\/kooningstheweddingpalace","https:\/\/www.pinterest.com\/koonings","https:\/\/www.youtube.com\/kooningstheweddingpalace"]}]}},"_links":{"self":[{"href":"https:\/\/www.koonings.com\/fr\/wp-json\/wp\/v2\/product\/84860","targetHints":{"allow":["GET"]}}],"collection":[{"href":"https:\/\/www.koonings.com\/fr\/wp-json\/wp\/v2\/product"}],"about":[{"href":"https:\/\/www.koonings.com\/fr\/wp-json\/wp\/v2\/types\/product"}],"wp:featuredmedia":[{"embeddable":true,"href":"https:\/\/www.koonings.com\/fr\/wp-json\/wp\/v2\/media\/82015"}],"wp:attachment":[{"href":"https:\/\/www.koonings.com\/fr\/wp-json\/wp\/v2\/media?parent=84860"}],"wp:term":[{"taxonomy":"productdetails","embeddable":true,"href":"https:\/\/www.koonings.com\/fr\/wp-json\/wp\/v2\/productdetails?post=84860"},{"taxonomy":"productneck","embeddable":true,"href":"https:\/\/www.koonings.com\/fr\/wp-json\/wp\/v2\/productneck?post=84860"},{"taxonomy":"productcolor","embeddable":true,"href":"https:\/\/www.koonings.com\/fr\/wp-json\/wp\/v2\/productcolor?post=84860"},{"taxonomy":"maat","embeddable":true,"href":"https:\/\/www.koonings.com\/fr\/wp-json\/wp\/v2\/maat?post=84860"},{"taxonomy":"productsupplier","embeddable":true,"href":"https:\/\/www.koonings.com\/fr\/wp-json\/wp\/v2\/productsupplier?post=84860"},{"taxonomy":"productsleeve","embeddable":true,"href":"https:\/\/www.koonings.com\/fr\/wp-json\/wp\/v2\/productsleeve?post=84860"},{"taxonomy":"productcategory","embeddable":true,"href":"https:\/\/www.koonings.com\/fr\/wp-json\/wp\/v2\/productcategory?post=84860"},{"taxonomy":"productsilhouette","embeddable":true,"href":"https:\/\/www.koonings.com\/fr\/wp-json\/wp\/v2\/productsilhouette?post=84860"},{"taxonomy":"productstyle","embeddable":true,"href":"https:\/\/www.koonings.com\/fr\/wp-json\/wp\/v2\/productstyle?post=84860"}],"curies":[{"name":"wp","href":"https:\/\/api.w.org\/{rel}","templated":true}]}}