{"id":84856,"date":"2026-03-27T16:08:58","date_gmt":"2026-03-27T15:08:58","guid":{"rendered":"https:\/\/www.koonings.com\/product\/immediate-361-23100a-70\/"},"modified":"2026-02-16T15:09:27","modified_gmt":"2026-02-16T14:09:27","slug":"immediate-361-23100a-70","status":"publish","type":"product","link":"https:\/\/www.koonings.com\/fr\/product\/immediate-361-23100a-70\/","title":{"rendered":"Imm\u00e9diatement 361-23100A-70"},"content":{"rendered":"<p>Le costume de mariage &#8220;Immediate 361 Florence&#8221; est un mod\u00e8le d&#8217;\u00e9l\u00e9gance moderne et de sophistication, con\u00e7u pour le mari\u00e9 qui souhaite faire une impression durable le jour de son mariage. Ce costume trois pi\u00e8ces se caract\u00e9rise par une coupe italienne ajust\u00e9e, r\u00e9alis\u00e9e dans des tissus souples et de grande qualit\u00e9 qui offrent \u00e0 la fois confort et luxe. La collection propose une gamme de couleurs surprenantes, allant du chic discret aux teintes tendance, permettant \u00e0 chaque mari\u00e9 d&#8217;exprimer son style personnel.  <\/p>\n<p>Ce mod\u00e8le particulier est disponible chez Koonings The Wedding Palace. Il est important de noter que les costumes de mariage pr\u00e9sent\u00e9s sur notre site web sont une indication de la collection disponible. Bien que nous ayons un grand nombre de costumes en stock, nous vous recommandons de nous contacter \u00e0 l&#8217;avance si vous \u00eates int\u00e9ress\u00e9 par un mod\u00e8le sp\u00e9cifique afin que nous puissions confirmer la disponibilit\u00e9 et vous fournir le meilleur service possible.  <\/p>\n","protected":false},"featured_media":0,"template":"","meta":{"_acf_changed":false,"ghostkit_customizer_options":"","ghostkit_custom_css":"","ghostkit_custom_js_head":"","ghostkit_custom_js_foot":"","ghostkit_typography":""},"productdetails":[],"productneck":[],"productcolor":[501],"maat":[],"productsupplier":[452],"productsleeve":[],"productcategory":[227],"productsilhouette":[],"productstyle":[],"class_list":["post-84856","product","type-product","status-publish","hentry","productcolor-501","productsupplier-immediate","productcategory-kostuum"],"acf":[],"yoast_head":"<!-- This site is optimized with the Yoast SEO plugin v26.8 - https:\/\/yoast.com\/product\/yoast-seo-wordpress\/ -->\n<title>Imm\u00e9diatement 361-23100A-70 | Koonings<\/title>\n<meta name=\"description\" content=\"Le costume de mariage &quot;Immediate 361 Florence&quot; est un mod\u00e8le d&#039;\u00e9l\u00e9gance moderne et de sophistication, con\u00e7u pour le mari\u00e9 qui souhaite faire une impression durable le jour de son mariage. Ce costume trois pi\u00e8ces se caract\u00e9rise par une coupe italienne ajust\u00e9e, r\u00e9alis\u00e9e dans des tissus souples et de grande qualit\u00e9 qui offrent \u00e0 la fois confort et luxe. La collection propose une gamme de couleurs surprenantes, allant du chic discret aux teintes tendance, permettant \u00e0 chaque mari\u00e9 d&#039;exprimer son style personnel. Ce mod\u00e8le particulier est disponible chez Koonings The Wedding Palace. Il est important de noter que les costumes de mariage pr\u00e9sent\u00e9s sur notre site web sont une indication de la collection disponible. Bien que nous ayons un grand nombre de costumes en stock, nous vous recommandons de nous contacter \u00e0 l&#039;avance si vous \u00eates int\u00e9ress\u00e9 par un mod\u00e8le sp\u00e9cifique afin que nous puissions confirmer la disponibilit\u00e9 et vous fournir le meilleur service possible.\" \/>\n<meta name=\"robots\" content=\"index, follow, max-snippet:-1, max-image-preview:large, max-video-preview:-1\" \/>\n<link rel=\"canonical\" href=\"https:\/\/www.koonings.com\/fr\/product\/immediate-361-23100a-70\/\" \/>\n<meta property=\"og:locale\" content=\"fr_FR\" \/>\n<meta property=\"og:type\" content=\"article\" \/>\n<meta property=\"og:title\" content=\"Imm\u00e9diatement 361-23100A-70 | Koonings\" \/>\n<meta property=\"og:description\" content=\"Le costume de mariage &quot;Immediate 361 Florence&quot; est un mod\u00e8le d&#039;\u00e9l\u00e9gance moderne et de sophistication, con\u00e7u pour le mari\u00e9 qui souhaite faire une impression durable le jour de son mariage. Ce costume trois pi\u00e8ces se caract\u00e9rise par une coupe italienne ajust\u00e9e, r\u00e9alis\u00e9e dans des tissus souples et de grande qualit\u00e9 qui offrent \u00e0 la fois confort et luxe. La collection propose une gamme de couleurs surprenantes, allant du chic discret aux teintes tendance, permettant \u00e0 chaque mari\u00e9 d&#039;exprimer son style personnel. Ce mod\u00e8le particulier est disponible chez Koonings The Wedding Palace. Il est important de noter que les costumes de mariage pr\u00e9sent\u00e9s sur notre site web sont une indication de la collection disponible. Bien que nous ayons un grand nombre de costumes en stock, nous vous recommandons de nous contacter \u00e0 l&#039;avance si vous \u00eates int\u00e9ress\u00e9 par un mod\u00e8le sp\u00e9cifique afin que nous puissions confirmer la disponibilit\u00e9 et vous fournir le meilleur service possible.\" \/>\n<meta property=\"og:url\" content=\"https:\/\/www.koonings.com\/fr\/product\/immediate-361-23100a-70\/\" \/>\n<meta property=\"og:site_name\" content=\"Koonings\" \/>\n<meta property=\"article:publisher\" content=\"https:\/\/www.facebook.com\/kooningstheweddingpalace\" \/>\n<meta property=\"og:image\" content=\"https:\/\/www.koonings.com\/wp-content\/uploads\/2024\/06\/palace-hero-screenshot-1024x575.png\" \/>\n\t<meta property=\"og:image:width\" content=\"1024\" \/>\n\t<meta property=\"og:image:height\" content=\"575\" \/>\n\t<meta property=\"og:image:type\" content=\"image\/png\" \/>\n<meta name=\"twitter:card\" content=\"summary_large_image\" \/>\n<meta name=\"twitter:label1\" content=\"Dur\u00e9e de lecture estim\u00e9e\" \/>\n\t<meta name=\"twitter:data1\" content=\"1 minute\" \/>\n<script type=\"application\/ld+json\" class=\"yoast-schema-graph\">{\"@context\":\"https:\/\/schema.org\",\"@graph\":[{\"@type\":\"WebPage\",\"@id\":\"https:\/\/www.koonings.com\/fr\/product\/immediate-361-23100a-70\/\",\"url\":\"https:\/\/www.koonings.com\/fr\/product\/immediate-361-23100a-70\/\",\"name\":\"Imm\u00e9diatement 361-23100A-70 | Koonings\",\"isPartOf\":{\"@id\":\"https:\/\/www.koonings.com\/fr\/#website\"},\"datePublished\":\"2026-03-27T15:08:58+00:00\",\"description\":\"Le costume de mariage \\\"Immediate 361 Florence\\\" est un mod\u00e8le d'\u00e9l\u00e9gance moderne et de sophistication, con\u00e7u pour le mari\u00e9 qui souhaite faire une impression durable le jour de son mariage. Ce costume trois pi\u00e8ces se caract\u00e9rise par une coupe italienne ajust\u00e9e, r\u00e9alis\u00e9e dans des tissus souples et de grande qualit\u00e9 qui offrent \u00e0 la fois confort et luxe. La collection propose une gamme de couleurs surprenantes, allant du chic discret aux teintes tendance, permettant \u00e0 chaque mari\u00e9 d'exprimer son style personnel. Ce mod\u00e8le particulier est disponible chez Koonings The Wedding Palace. Il est important de noter que les costumes de mariage pr\u00e9sent\u00e9s sur notre site web sont une indication de la collection disponible. Bien que nous ayons un grand nombre de costumes en stock, nous vous recommandons de nous contacter \u00e0 l'avance si vous \u00eates int\u00e9ress\u00e9 par un mod\u00e8le sp\u00e9cifique afin que nous puissions confirmer la disponibilit\u00e9 et vous fournir le meilleur service possible.\",\"breadcrumb\":{\"@id\":\"https:\/\/www.koonings.com\/fr\/product\/immediate-361-23100a-70\/#breadcrumb\"},\"inLanguage\":\"fr-FR\",\"potentialAction\":[{\"@type\":\"ReadAction\",\"target\":[\"https:\/\/www.koonings.com\/fr\/product\/immediate-361-23100a-70\/\"]}]},{\"@type\":\"BreadcrumbList\",\"@id\":\"https:\/\/www.koonings.com\/fr\/product\/immediate-361-23100a-70\/#breadcrumb\",\"itemListElement\":[{\"@type\":\"ListItem\",\"position\":1,\"name\":\"Home\",\"item\":\"https:\/\/www.koonings.com\/fr\/\"},{\"@type\":\"ListItem\",\"position\":2,\"name\":\"Imm\u00e9diatement 361-23100A-70\"}]},{\"@type\":\"WebSite\",\"@id\":\"https:\/\/www.koonings.com\/fr\/#website\",\"url\":\"https:\/\/www.koonings.com\/fr\/\",\"name\":\"Koonings\",\"description\":\"De grootste bruidsmodewinkel ter wereld\",\"publisher\":{\"@id\":\"https:\/\/www.koonings.com\/fr\/#organization\"},\"potentialAction\":[{\"@type\":\"SearchAction\",\"target\":{\"@type\":\"EntryPoint\",\"urlTemplate\":\"https:\/\/www.koonings.com\/fr\/?s={search_term_string}\"},\"query-input\":{\"@type\":\"PropertyValueSpecification\",\"valueRequired\":true,\"valueName\":\"search_term_string\"}}],\"inLanguage\":\"fr-FR\"},{\"@type\":\"Organization\",\"@id\":\"https:\/\/www.koonings.com\/fr\/#organization\",\"name\":\"Koonings\",\"url\":\"https:\/\/www.koonings.com\/fr\/\",\"logo\":{\"@type\":\"ImageObject\",\"inLanguage\":\"fr-FR\",\"@id\":\"https:\/\/www.koonings.com\/fr\/#\/schema\/logo\/image\/\",\"url\":\"https:\/\/www.koonings.com\/wp-content\/uploads\/2024\/07\/logo.png\",\"contentUrl\":\"https:\/\/www.koonings.com\/wp-content\/uploads\/2024\/07\/logo.png\",\"width\":600,\"height\":428,\"caption\":\"Koonings\"},\"image\":{\"@id\":\"https:\/\/www.koonings.com\/fr\/#\/schema\/logo\/image\/\"},\"sameAs\":[\"https:\/\/www.facebook.com\/kooningstheweddingpalace\",\"https:\/\/www.instagram.com\/kooningstheweddingpalace\",\"https:\/\/www.pinterest.com\/koonings\",\"https:\/\/www.youtube.com\/kooningstheweddingpalace\"]}]}<\/script>\n<!-- \/ Yoast SEO plugin. -->","yoast_head_json":{"title":"Imm\u00e9diatement 361-23100A-70 | Koonings","description":"Le costume de mariage \"Immediate 361 Florence\" est un mod\u00e8le d'\u00e9l\u00e9gance moderne et de sophistication, con\u00e7u pour le mari\u00e9 qui souhaite faire une impression durable le jour de son mariage. Ce costume trois pi\u00e8ces se caract\u00e9rise par une coupe italienne ajust\u00e9e, r\u00e9alis\u00e9e dans des tissus souples et de grande qualit\u00e9 qui offrent \u00e0 la fois confort et luxe. La collection propose une gamme de couleurs surprenantes, allant du chic discret aux teintes tendance, permettant \u00e0 chaque mari\u00e9 d'exprimer son style personnel. Ce mod\u00e8le particulier est disponible chez Koonings The Wedding Palace. Il est important de noter que les costumes de mariage pr\u00e9sent\u00e9s sur notre site web sont une indication de la collection disponible. Bien que nous ayons un grand nombre de costumes en stock, nous vous recommandons de nous contacter \u00e0 l'avance si vous \u00eates int\u00e9ress\u00e9 par un mod\u00e8le sp\u00e9cifique afin que nous puissions confirmer la disponibilit\u00e9 et vous fournir le meilleur service possible.","robots":{"index":"index","follow":"follow","max-snippet":"max-snippet:-1","max-image-preview":"max-image-preview:large","max-video-preview":"max-video-preview:-1"},"canonical":"https:\/\/www.koonings.com\/fr\/product\/immediate-361-23100a-70\/","og_locale":"fr_FR","og_type":"article","og_title":"Imm\u00e9diatement 361-23100A-70 | Koonings","og_description":"Le costume de mariage \"Immediate 361 Florence\" est un mod\u00e8le d'\u00e9l\u00e9gance moderne et de sophistication, con\u00e7u pour le mari\u00e9 qui souhaite faire une impression durable le jour de son mariage. Ce costume trois pi\u00e8ces se caract\u00e9rise par une coupe italienne ajust\u00e9e, r\u00e9alis\u00e9e dans des tissus souples et de grande qualit\u00e9 qui offrent \u00e0 la fois confort et luxe. La collection propose une gamme de couleurs surprenantes, allant du chic discret aux teintes tendance, permettant \u00e0 chaque mari\u00e9 d'exprimer son style personnel. Ce mod\u00e8le particulier est disponible chez Koonings The Wedding Palace. Il est important de noter que les costumes de mariage pr\u00e9sent\u00e9s sur notre site web sont une indication de la collection disponible. Bien que nous ayons un grand nombre de costumes en stock, nous vous recommandons de nous contacter \u00e0 l'avance si vous \u00eates int\u00e9ress\u00e9 par un mod\u00e8le sp\u00e9cifique afin que nous puissions confirmer la disponibilit\u00e9 et vous fournir le meilleur service possible.","og_url":"https:\/\/www.koonings.com\/fr\/product\/immediate-361-23100a-70\/","og_site_name":"Koonings","article_publisher":"https:\/\/www.facebook.com\/kooningstheweddingpalace","og_image":[{"width":1024,"height":575,"url":"https:\/\/www.koonings.com\/wp-content\/uploads\/2024\/06\/palace-hero-screenshot-1024x575.png","type":"image\/png"}],"twitter_card":"summary_large_image","twitter_misc":{"Dur\u00e9e de lecture estim\u00e9e":"1 minute"},"schema":{"@context":"https:\/\/schema.org","@graph":[{"@type":"WebPage","@id":"https:\/\/www.koonings.com\/fr\/product\/immediate-361-23100a-70\/","url":"https:\/\/www.koonings.com\/fr\/product\/immediate-361-23100a-70\/","name":"Imm\u00e9diatement 361-23100A-70 | Koonings","isPartOf":{"@id":"https:\/\/www.koonings.com\/fr\/#website"},"datePublished":"2026-03-27T15:08:58+00:00","description":"Le costume de mariage \"Immediate 361 Florence\" est un mod\u00e8le d'\u00e9l\u00e9gance moderne et de sophistication, con\u00e7u pour le mari\u00e9 qui souhaite faire une impression durable le jour de son mariage. Ce costume trois pi\u00e8ces se caract\u00e9rise par une coupe italienne ajust\u00e9e, r\u00e9alis\u00e9e dans des tissus souples et de grande qualit\u00e9 qui offrent \u00e0 la fois confort et luxe. La collection propose une gamme de couleurs surprenantes, allant du chic discret aux teintes tendance, permettant \u00e0 chaque mari\u00e9 d'exprimer son style personnel. Ce mod\u00e8le particulier est disponible chez Koonings The Wedding Palace. Il est important de noter que les costumes de mariage pr\u00e9sent\u00e9s sur notre site web sont une indication de la collection disponible. Bien que nous ayons un grand nombre de costumes en stock, nous vous recommandons de nous contacter \u00e0 l'avance si vous \u00eates int\u00e9ress\u00e9 par un mod\u00e8le sp\u00e9cifique afin que nous puissions confirmer la disponibilit\u00e9 et vous fournir le meilleur service possible.","breadcrumb":{"@id":"https:\/\/www.koonings.com\/fr\/product\/immediate-361-23100a-70\/#breadcrumb"},"inLanguage":"fr-FR","potentialAction":[{"@type":"ReadAction","target":["https:\/\/www.koonings.com\/fr\/product\/immediate-361-23100a-70\/"]}]},{"@type":"BreadcrumbList","@id":"https:\/\/www.koonings.com\/fr\/product\/immediate-361-23100a-70\/#breadcrumb","itemListElement":[{"@type":"ListItem","position":1,"name":"Home","item":"https:\/\/www.koonings.com\/fr\/"},{"@type":"ListItem","position":2,"name":"Imm\u00e9diatement 361-23100A-70"}]},{"@type":"WebSite","@id":"https:\/\/www.koonings.com\/fr\/#website","url":"https:\/\/www.koonings.com\/fr\/","name":"Koonings","description":"De grootste bruidsmodewinkel ter wereld","publisher":{"@id":"https:\/\/www.koonings.com\/fr\/#organization"},"potentialAction":[{"@type":"SearchAction","target":{"@type":"EntryPoint","urlTemplate":"https:\/\/www.koonings.com\/fr\/?s={search_term_string}"},"query-input":{"@type":"PropertyValueSpecification","valueRequired":true,"valueName":"search_term_string"}}],"inLanguage":"fr-FR"},{"@type":"Organization","@id":"https:\/\/www.koonings.com\/fr\/#organization","name":"Koonings","url":"https:\/\/www.koonings.com\/fr\/","logo":{"@type":"ImageObject","inLanguage":"fr-FR","@id":"https:\/\/www.koonings.com\/fr\/#\/schema\/logo\/image\/","url":"https:\/\/www.koonings.com\/wp-content\/uploads\/2024\/07\/logo.png","contentUrl":"https:\/\/www.koonings.com\/wp-content\/uploads\/2024\/07\/logo.png","width":600,"height":428,"caption":"Koonings"},"image":{"@id":"https:\/\/www.koonings.com\/fr\/#\/schema\/logo\/image\/"},"sameAs":["https:\/\/www.facebook.com\/kooningstheweddingpalace","https:\/\/www.instagram.com\/kooningstheweddingpalace","https:\/\/www.pinterest.com\/koonings","https:\/\/www.youtube.com\/kooningstheweddingpalace"]}]}},"_links":{"self":[{"href":"https:\/\/www.koonings.com\/fr\/wp-json\/wp\/v2\/product\/84856","targetHints":{"allow":["GET"]}}],"collection":[{"href":"https:\/\/www.koonings.com\/fr\/wp-json\/wp\/v2\/product"}],"about":[{"href":"https:\/\/www.koonings.com\/fr\/wp-json\/wp\/v2\/types\/product"}],"wp:attachment":[{"href":"https:\/\/www.koonings.com\/fr\/wp-json\/wp\/v2\/media?parent=84856"}],"wp:term":[{"taxonomy":"productdetails","embeddable":true,"href":"https:\/\/www.koonings.com\/fr\/wp-json\/wp\/v2\/productdetails?post=84856"},{"taxonomy":"productneck","embeddable":true,"href":"https:\/\/www.koonings.com\/fr\/wp-json\/wp\/v2\/productneck?post=84856"},{"taxonomy":"productcolor","embeddable":true,"href":"https:\/\/www.koonings.com\/fr\/wp-json\/wp\/v2\/productcolor?post=84856"},{"taxonomy":"maat","embeddable":true,"href":"https:\/\/www.koonings.com\/fr\/wp-json\/wp\/v2\/maat?post=84856"},{"taxonomy":"productsupplier","embeddable":true,"href":"https:\/\/www.koonings.com\/fr\/wp-json\/wp\/v2\/productsupplier?post=84856"},{"taxonomy":"productsleeve","embeddable":true,"href":"https:\/\/www.koonings.com\/fr\/wp-json\/wp\/v2\/productsleeve?post=84856"},{"taxonomy":"productcategory","embeddable":true,"href":"https:\/\/www.koonings.com\/fr\/wp-json\/wp\/v2\/productcategory?post=84856"},{"taxonomy":"productsilhouette","embeddable":true,"href":"https:\/\/www.koonings.com\/fr\/wp-json\/wp\/v2\/productsilhouette?post=84856"},{"taxonomy":"productstyle","embeddable":true,"href":"https:\/\/www.koonings.com\/fr\/wp-json\/wp\/v2\/productstyle?post=84856"}],"curies":[{"name":"wp","href":"https:\/\/api.w.org\/{rel}","templated":true}]}}